{"id":1132,"date":"2021-08-12T09:11:45","date_gmt":"2021-08-12T09:11:45","guid":{"rendered":"https:\/\/www.novotek.com\/dk\/?page_id=1132"},"modified":"2025-09-22T12:34:03","modified_gmt":"2025-09-22T12:34:03","slug":"industrial-data-provider","status":"publish","type":"page","link":"https:\/\/www.novotek.com\/dk\/digitalisering\/dataopsamling-og-rapportering\/industrial-data-provider\/","title":{"rendered":"Industrial Data Provider"},"content":{"rendered":"  <div class=\"hero\">\n    <div class=\"carousel hero-slider large\" data-flickity data-flickity-options='{\"prevNextButtons\": false}'>\n              <div class=\"carousel-cell\">\n          <div class=\"container\">\n            <div class=\"hero-content\">\n                              <h1>Industrial Data Provider<\/h1>\n<p><a>G\u00f8r din produktions-, maskine- og sensordata tilg\u00e6ngelig for Business Intelligence, Big Data og Data Mining.<\/a><\/p>\n              \n                          <\/div>\n          <\/div>\n\n          <img decoding=\"async\" width=\"1024\" height=\"427\" src=\"https:\/\/www.novotek.com\/dk\/wp-content\/uploads\/sites\/4\/Novotek_IndustrialDataProvider_duotone_1920x800-1-min-1024x427.jpg\" class=\"hero-bg\" alt=\"Hero Img\" fetchpriority=\"high\" srcset=\"https:\/\/www.novotek.com\/dk\/wp-content\/uploads\/sites\/4\/Novotek_IndustrialDataProvider_duotone_1920x800-1-min-1024x427.jpg 1024w, https:\/\/www.novotek.com\/dk\/wp-content\/uploads\/sites\/4\/Novotek_IndustrialDataProvider_duotone_1920x800-1-min-300x125.jpg 300w, https:\/\/www.novotek.com\/dk\/wp-content\/uploads\/sites\/4\/Novotek_IndustrialDataProvider_duotone_1920x800-1-min-768x320.jpg 768w, https:\/\/www.novotek.com\/dk\/wp-content\/uploads\/sites\/4\/Novotek_IndustrialDataProvider_duotone_1920x800-1-min-1536x640.jpg 1536w, https:\/\/www.novotek.com\/dk\/wp-content\/uploads\/sites\/4\/Novotek_IndustrialDataProvider_duotone_1920x800-1-min.jpg 1920w\" sizes=\"(max-width: 1024px) 100vw, 1024px\" \/>                  <\/div>\n          <\/div>\n\n      <\/div>\n\n   <div class=\"floating-breadcrumb\"><div class=\"container\"><span><span><a href=\"https:\/\/www.novotek.com\/dk\/\" class=\"breadcrumb-frontpage\">Home<\/a><\/span><\/span><\/div><\/div>\n\n\n\n\n<div class=\"container-md paragraph  \">\n<p>Industrial Data Provider er en l\u00f8sning, der indsamler og behandler industrielle data og derefter videresender oplysningerne til brug i v\u00e6rkt\u00f8jer til Business Intelligence, Big Data og Data Mining. Med l\u00f8sningen f\u00e5r du en innovativ, hurtig og nem m\u00e5de at g\u00f8re data tilg\u00e6ngelige: Helt fra sensoren til dit v\u00e6rkt\u00f8j.<\/p>\n<\/div>\n\n<div class=\"container-md image  \">\n<figure class=\"wp-block-image size-full\"><img loading=\"lazy\" decoding=\"async\" width=\"709\" height=\"347\" src=\"https:\/\/www.novotek.com\/dk\/wp-content\/uploads\/sites\/4\/digitalisering\/IndustrialDataProvider_rapporter.png\" alt=\"Industrial Data Provider rapporter\" class=\"wp-image-4681\" srcset=\"https:\/\/www.novotek.com\/dk\/wp-content\/uploads\/sites\/4\/digitalisering\/IndustrialDataProvider_rapporter.png 709w, https:\/\/www.novotek.com\/dk\/wp-content\/uploads\/sites\/4\/digitalisering\/IndustrialDataProvider_rapporter-300x147.png 300w\" sizes=\"auto, (max-width: 709px) 100vw, 709px\" \/><\/figure>\n<\/div>\n\n<div class=\"container-md heading  \">\n<h2 class=\"wp-block-heading\" id=\"h-brug-alle-dine-data-med-industrial-data-provider\">Brug alle dine data med Industrial Data Provider<\/h2>\n<\/div>\n\n<div class=\"container-md paragraph  \">\n<p>Mange virksomheder har gode v\u00e6rkt\u00f8jer til Business Intelligence, Big Data og Data Mining. Udfordringen er at f\u00e5 branchedata ind i disse v\u00e6rkt\u00f8jer. Ved hj\u00e6lp af drivere i automatiseringslaget har Industrial Data Provider over tusind m\u00e5der at hente data p\u00e5. Data behandles derefter, f\u00f8r de videregives til dit v\u00e6rkt\u00f8j.<\/p>\n<\/div>\n\n<div class=\"container media-text  align\">\n<div class=\"wp-block-media-text has-media-on-the-right is-stacked-on-mobile\"><div class=\"wp-block-media-text__content\"><div class=\"container-md heading  \">\n<h4 class=\"wp-block-heading\" id=\"h-dataindsamling\">Dataindsamling<\/h4>\n<\/div>\n\n<div class=\"container-md paragraph  \">\n<p>Data indsamles ved hj\u00e6lp af OPC-kommunikationsplatformen KEPServerEX fra Kepware. KEPServerEX kan tilsluttes tusindvis af enheder &#8211; fra simple elm\u00e5lere til komplekse produktionssystemer. Systemet har et h\u00f8jt sikkerhedsniveau og er beskyttet mod tab af data ved hj\u00e6lp af &#8220;store &amp; forward&#8221;-teknologi.<\/p>\n<\/div>\n\n<div class=\"container-md spacer  \">\n<div style=\"height:10px\" aria-hidden=\"true\" class=\"wp-block-spacer\"><\/div>\n<\/div>\n\n<div class=\"container-md heading  \">\n<h4 class=\"wp-block-heading\" id=\"h-lagring\">Lagring<\/h4>\n<\/div>\n\n<div class=\"container-md paragraph  \">\n<p>Med Industrial Data Provider kan millioner af tags gemmes p\u00e5 sekunder, mens data hentes. Data gemmes i Proficy Historian-databasen fra GE Vernova, som sikrer indsamling og lagring p\u00e5 en hurtig, sikker og sikker m\u00e5de. L\u00f8sningen er yderst skalerbar og passer til virksomheder i alle st\u00f8rrelser. Til senere brug kan data hentes fra databasen.\u00a0<\/p>\n<\/div>\n\n<div class=\"container-md spacer  \">\n<div style=\"height:10px\" aria-hidden=\"true\" class=\"wp-block-spacer\"><\/div>\n<\/div>\n\n<div class=\"container-md heading  \">\n<h4 class=\"wp-block-heading\" id=\"h-behandling-og-distribution-af-data\">Behandling og distribution af data<\/h4>\n<\/div>\n\n<div class=\"container-md paragraph  \">\n<p>Data skal behandles, f\u00f8r de er klar til brug. Med Industrial Data Provider kan enheder standardiseres, summeres og sammenlignes. Problemer med ikke-standardiserede og d\u00e5rlige data er l\u00f8st. For nem distribution leveres l\u00f8sningen med en standard SQL -gr\u00e6nseflade, s\u00e5 alle med grundl\u00e6ggende SQL -viden let kan hente data.<\/p>\n<\/div><\/div><figure class=\"wp-block-media-text__media\"><img loading=\"lazy\" decoding=\"async\" width=\"1024\" height=\"673\" src=\"https:\/\/www.novotek.com\/dk\/wp-content\/uploads\/sites\/4\/digitalisering\/IndustrielDataProvider_grafikk_ny-1024x673-1.png\" alt=\"Industriel Data Provider grafik\" class=\"wp-image-4680 size-full\" srcset=\"https:\/\/www.novotek.com\/dk\/wp-content\/uploads\/sites\/4\/digitalisering\/IndustrielDataProvider_grafikk_ny-1024x673-1.png 1024w, https:\/\/www.novotek.com\/dk\/wp-content\/uploads\/sites\/4\/digitalisering\/IndustrielDataProvider_grafikk_ny-1024x673-1-300x197.png 300w, https:\/\/www.novotek.com\/dk\/wp-content\/uploads\/sites\/4\/digitalisering\/IndustrielDataProvider_grafikk_ny-1024x673-1-768x505.png 768w\" sizes=\"auto, (max-width: 1024px) 100vw, 1024px\" \/><\/figure><\/div>\n<\/div>\n\n<div class=\"container-md paragraph  \">\n<p>N\u00e5r data er indsamlet og behandlet, kan de bruges i dine Business Intelligence, Big Data og Data Mining v\u00e6rkt\u00f8jer. Du f\u00e5r adgang til vigtige industrielle oplysninger om din produktion og kan udnytte data til en mere optimal og effektiv drift. Oplysningerne kan ogs\u00e5 videregives og gemmes i dit ERP-system, s\u00e5 du har adgang til produktionsdata \u00e9t sted. Brugervenlig gr\u00e6nseflade giver ERP-konsulenter mulighed for at g\u00f8re dette selv.<\/p>\n<\/div>\n\n<div class=\"container-md spacer  \">\n<div style=\"height:10px\" aria-hidden=\"true\" class=\"wp-block-spacer\"><\/div>\n<\/div>\n\n<div class=\"container-md heading  \">\n<h4 class=\"wp-block-heading\" id=\"h-funktioner\">Funktioner<\/h4>\n<\/div>\n\n<div class=\"container-md list  \">\n<ul class=\"wp-block-list\"><div class=\"container-md list-item  \">\n<li>Indsaml og behandl data til brug i Business Intelligence, Big Data og Data Mining v\u00e6rkt\u00f8jer.&nbsp;<\/li>\n<\/div>\n\n<div class=\"container-md list-item  \">\n<li>Data indsamles ved hj\u00e6lp af OPC -kommunikationsplatformen <a href=\"https:\/\/www.novotek.com\/dk\/automation\/opc\/kepserverex\/\">KEPServerEX<\/a> fra <a href=\"https:\/\/www.kepware.com\/en-us\/products\/kepserverex\/\">Kepware<\/a>. <\/li>\n<\/div>\n\n<div class=\"container-md list-item  \">\n<li>L\u00f8sningen er udviklet i samarbejde med GE Vernova, og gemmer data i <a href=\"https:\/\/www.novotek.com\/dk\/digitalisering\/dataopsamling-og-rapportering\/proficy-historian\/\">Proficy Historian<\/a>-databasen.\u00a0<\/li>\n<\/div>\n\n<div class=\"container-md list-item  \">\n<li>Data behandles og forberedes til videre brug.<\/li>\n<\/div>\n\n<div class=\"container-md list-item  \">\n<li>Alle data leveres i standard SQL -interface.&nbsp;<\/li>\n<\/div>\n\n<div class=\"container-md list-item  \">\n<li>Data kan videresendes til dit ERP -system.<\/li>\n<\/div>\n\n<div class=\"container-md list-item  \">\n<li>Brugervenlig gr\u00e6nseflade.<\/li>\n<\/div><\/ul>\n<\/div>\n\n<div class=\"container-md spacer  \">\n<div style=\"height:10px\" aria-hidden=\"true\" class=\"wp-block-spacer\"><\/div>\n<\/div>\n\n<div class=\"container-md heading  \">\n<h2 class=\"wp-block-heading\" id=\"h-deltag-i-industry-4-0\">Deltag i Industri 4.0<\/h2>\n<\/div>\n\n<div class=\"container-md paragraph  \">\n<p>Novotek samarbejder med verdens f\u00f8rende akt\u00f8rer inden for industriel automatisering og digitalisering i udviklingen af \u200b\u200bIIoT. Indsaml, behandl og distribuer vigtige produktionsdata: Med Industrial Data Provider kan din virksomhed deltage i <a href=\"https:\/\/www.novotek.com\/dk\/insight\/industri-4-0\/\">Industri 4.0<\/a>.<\/p>\n<\/div>\n\n<div class=\"container-md paragraph  \">\n<p>Industrial Data Provider er et produkt udviklet af Novotek. Vores konsulenter hj\u00e6lper dig med at finde den rigtige m\u00e5de at implementere l\u00f8sningen p\u00e5 i din virksomhed.<\/p>\n<\/div>\n\n<div class=\"container-md spacer  \">\n<div style=\"height:50px\" aria-hidden=\"true\" class=\"wp-block-spacer\"><\/div>\n<\/div>\n\n  <div class=\"slider-column-parent\">\n    <div class=\"container\">\n      <div class=\"slider-column-title\">Brug Industrial Data Provider med<\/div>\n\n      <div class=\"row\">\n        <div class=\"col-12 col-md-4\"><div class=\"column-box\">\n  \n      <div class=\"title\">\n      KEPServerEX    <\/div>\n  \n      <div class=\"text\">\n      <p>Industrial Data Provider indsamler data ved hj\u00e6lp af KEPServerEX.<\/p>\n    <\/div>\n  \n      <a class=\"link\"  href=\"https:\/\/www.novotek.com\/dk\/automation\/opc\/kepserverex\/\" target=\"\">\n      l\u00e6s mere    <\/a>\n  \n  <\/div>\n\n<\/div><div class=\"col-12 col-md-4\"><div class=\"column-box\">\n  \n      <div class=\"title\">\n      Proficy Historian    <\/div>\n  \n      <div class=\"text\">\n      <p>Data fra Industrial Data Provider gemmes i processdatabasen Proficy Historian.<\/p>\n    <\/div>\n  \n      <a class=\"link\"  href=\"https:\/\/www.novotek.com\/dk\/digitalisering\/dataopsamling-og-rapportering\/proficy-historian\/\" target=\"\">\n      L\u00e6s mere     <\/a>\n  \n  <\/div>\n\n<\/div>      <\/div>\n    <\/div>\n  <\/div>\n","protected":false},"excerpt":{"rendered":"<p>Industrial Data Provider er en l\u00f8sning, der indsamler og behandler industrielle data og derefter videresender oplysningerne til brug i v\u00e6rkt\u00f8jer til Business Intelligence, Big Data og Data Mining. Med l\u00f8sningen f\u00e5r du en innovativ, hurtig og nem m\u00e5de at g\u00f8re data tilg\u00e6ngelige: Helt fra sensoren til dit v\u00e6rkt\u00f8j. Brug alle dine data med Industrial Data [&hellip;]<\/p>\n","protected":false},"author":6,"featured_media":0,"parent":1114,"menu_order":0,"comment_status":"closed","ping_status":"closed","template":"","meta":{"_acf_changed":false,"_relevanssi_hide_post":"","_relevanssi_pin_for_all":"","_relevanssi_pin_keywords":"","_relevanssi_unpin_keywords":"","_relevanssi_related_keywords":"","_relevanssi_related_include_ids":"","_relevanssi_related_exclude_ids":"","_relevanssi_related_no_append":"","_relevanssi_related_not_related":"","_relevanssi_related_posts":"1","_relevanssi_noindex_reason":"","footnotes":""},"class_list":["post-1132","page","type-page","status-publish","hentry"],"acf":[],"yoast_head":"<!-- This site is optimized with the Yoast SEO plugin v27.3 - https:\/\/yoast.com\/product\/yoast-seo-wordpress\/ -->\n<title>Industrial Data Provider | Novotek<\/title>\n<meta name=\"description\" content=\"Med Industrial Data Provider er dine produktions-, maskine- og sensordata tilg\u00e6ngelig for Business Intelligence, Big Data og Data Mining.\" \/>\n<meta name=\"robots\" content=\"index, follow, max-snippet:-1, max-image-preview:large, max-video-preview:-1\" \/>\n<link rel=\"canonical\" href=\"https:\/\/www.novotek.com\/dk\/digitalisering\/dataopsamling-og-rapportering\/industrial-data-provider\/\" \/>\n<meta property=\"og:locale\" content=\"da_DK\" \/>\n<meta property=\"og:type\" content=\"article\" \/>\n<meta property=\"og:title\" content=\"Industrial Data Provider | Novotek\" \/>\n<meta property=\"og:description\" content=\"Med Industrial Data Provider er dine produktions-, maskine- og sensordata tilg\u00e6ngelig for Business Intelligence, Big Data og Data Mining.\" \/>\n<meta property=\"og:url\" content=\"https:\/\/www.novotek.com\/dk\/digitalisering\/dataopsamling-og-rapportering\/industrial-data-provider\/\" \/>\n<meta property=\"og:site_name\" content=\"Novotek Danmark\" \/>\n<meta property=\"article:modified_time\" content=\"2025-09-22T12:34:03+00:00\" \/>\n<meta property=\"og:image\" content=\"https:\/\/www.novotek.com\/dk\/wp-content\/uploads\/sites\/4\/digitalisering\/IndustrialDataProvider_rapporter.png\" \/>\n<meta name=\"twitter:card\" content=\"summary_large_image\" \/>\n<meta name=\"twitter:label1\" content=\"Estimeret l\u00e6setid\" \/>\n\t<meta name=\"twitter:data1\" content=\"3 minutter\" \/>\n<script type=\"application\/ld+json\" class=\"yoast-schema-graph\">{\"@context\":\"https:\\\/\\\/schema.org\",\"@graph\":[{\"@type\":\"WebPage\",\"@id\":\"https:\\\/\\\/www.novotek.com\\\/dk\\\/digitalisering\\\/dataopsamling-og-rapportering\\\/industrial-data-provider\\\/\",\"url\":\"https:\\\/\\\/www.novotek.com\\\/dk\\\/digitalisering\\\/dataopsamling-og-rapportering\\\/industrial-data-provider\\\/\",\"name\":\"Industrial Data Provider | Novotek\",\"isPartOf\":{\"@id\":\"https:\\\/\\\/www.novotek.com\\\/dk\\\/#website\"},\"primaryImageOfPage\":{\"@id\":\"https:\\\/\\\/www.novotek.com\\\/dk\\\/digitalisering\\\/dataopsamling-og-rapportering\\\/industrial-data-provider\\\/#primaryimage\"},\"image\":{\"@id\":\"https:\\\/\\\/www.novotek.com\\\/dk\\\/digitalisering\\\/dataopsamling-og-rapportering\\\/industrial-data-provider\\\/#primaryimage\"},\"thumbnailUrl\":\"https:\\\/\\\/www.novotek.com\\\/dk\\\/wp-content\\\/uploads\\\/sites\\\/4\\\/digitalisering\\\/IndustrialDataProvider_rapporter.png\",\"datePublished\":\"2021-08-12T09:11:45+00:00\",\"dateModified\":\"2025-09-22T12:34:03+00:00\",\"description\":\"Med Industrial Data Provider er dine produktions-, maskine- og sensordata tilg\u00e6ngelig for Business Intelligence, Big Data og Data Mining.\",\"breadcrumb\":{\"@id\":\"https:\\\/\\\/www.novotek.com\\\/dk\\\/digitalisering\\\/dataopsamling-og-rapportering\\\/industrial-data-provider\\\/#breadcrumb\"},\"inLanguage\":\"da-DK\",\"potentialAction\":[{\"@type\":\"ReadAction\",\"target\":[\"https:\\\/\\\/www.novotek.com\\\/dk\\\/digitalisering\\\/dataopsamling-og-rapportering\\\/industrial-data-provider\\\/\"]}]},{\"@type\":\"ImageObject\",\"inLanguage\":\"da-DK\",\"@id\":\"https:\\\/\\\/www.novotek.com\\\/dk\\\/digitalisering\\\/dataopsamling-og-rapportering\\\/industrial-data-provider\\\/#primaryimage\",\"url\":\"https:\\\/\\\/www.novotek.com\\\/dk\\\/wp-content\\\/uploads\\\/sites\\\/4\\\/digitalisering\\\/IndustrialDataProvider_rapporter.png\",\"contentUrl\":\"https:\\\/\\\/www.novotek.com\\\/dk\\\/wp-content\\\/uploads\\\/sites\\\/4\\\/digitalisering\\\/IndustrialDataProvider_rapporter.png\",\"width\":709,\"height\":347,\"caption\":\"Industrial Data Provider rapporter\"},{\"@type\":\"BreadcrumbList\",\"@id\":\"https:\\\/\\\/www.novotek.com\\\/dk\\\/digitalisering\\\/dataopsamling-og-rapportering\\\/industrial-data-provider\\\/#breadcrumb\",\"itemListElement\":[{\"@type\":\"ListItem\",\"position\":1,\"name\":\"Home\",\"item\":\"https:\\\/\\\/www.novotek.com\\\/dk\\\/\"},{\"@type\":\"ListItem\",\"position\":2,\"name\":\"Digitalisering\",\"item\":\"https:\\\/\\\/www.novotek.com\\\/dk\\\/digitalisering\\\/\"},{\"@type\":\"ListItem\",\"position\":3,\"name\":\"Dataopsamling og rapportering\",\"item\":\"https:\\\/\\\/www.novotek.com\\\/dk\\\/digitalisering\\\/dataopsamling-og-rapportering\\\/\"},{\"@type\":\"ListItem\",\"position\":4,\"name\":\"Industrial Data Provider\"}]},{\"@type\":\"WebSite\",\"@id\":\"https:\\\/\\\/www.novotek.com\\\/dk\\\/#website\",\"url\":\"https:\\\/\\\/www.novotek.com\\\/dk\\\/\",\"name\":\"Novotek Danmark\",\"description\":\"Automation, digitalisering og analyse\",\"publisher\":{\"@id\":\"https:\\\/\\\/www.novotek.com\\\/dk\\\/#organization\"},\"potentialAction\":[{\"@type\":\"SearchAction\",\"target\":{\"@type\":\"EntryPoint\",\"urlTemplate\":\"https:\\\/\\\/www.novotek.com\\\/dk\\\/?s={search_term_string}\"},\"query-input\":{\"@type\":\"PropertyValueSpecification\",\"valueRequired\":true,\"valueName\":\"search_term_string\"}}],\"inLanguage\":\"da-DK\"},{\"@type\":\"Organization\",\"@id\":\"https:\\\/\\\/www.novotek.com\\\/dk\\\/#organization\",\"name\":\"Novotek Danmark\",\"url\":\"https:\\\/\\\/www.novotek.com\\\/dk\\\/\",\"logo\":{\"@type\":\"ImageObject\",\"inLanguage\":\"da-DK\",\"@id\":\"https:\\\/\\\/www.novotek.com\\\/dk\\\/#\\\/schema\\\/logo\\\/image\\\/\",\"url\":\"https:\\\/\\\/www.novotek.com\\\/dk\\\/wp-content\\\/uploads\\\/sites\\\/4\\\/Denmark_files\\\/novotek-logotyp-rgb-pos.png\",\"contentUrl\":\"https:\\\/\\\/www.novotek.com\\\/dk\\\/wp-content\\\/uploads\\\/sites\\\/4\\\/Denmark_files\\\/novotek-logotyp-rgb-pos.png\",\"width\":1794,\"height\":520,\"caption\":\"Novotek Danmark\"},\"image\":{\"@id\":\"https:\\\/\\\/www.novotek.com\\\/dk\\\/#\\\/schema\\\/logo\\\/image\\\/\"},\"sameAs\":[\"https:\\\/\\\/www.linkedin.com\\\/company\\\/novotek-denmark\",\"https:\\\/\\\/www.youtube.com\\\/user\\\/NovotekCorp\"]}]}<\/script>\n<!-- \/ Yoast SEO plugin. -->","yoast_head_json":{"title":"Industrial Data Provider | Novotek","description":"Med Industrial Data Provider er dine produktions-, maskine- og sensordata tilg\u00e6ngelig for Business Intelligence, Big Data og Data Mining.","robots":{"index":"index","follow":"follow","max-snippet":"max-snippet:-1","max-image-preview":"max-image-preview:large","max-video-preview":"max-video-preview:-1"},"canonical":"https:\/\/www.novotek.com\/dk\/digitalisering\/dataopsamling-og-rapportering\/industrial-data-provider\/","og_locale":"da_DK","og_type":"article","og_title":"Industrial Data Provider | Novotek","og_description":"Med Industrial Data Provider er dine produktions-, maskine- og sensordata tilg\u00e6ngelig for Business Intelligence, Big Data og Data Mining.","og_url":"https:\/\/www.novotek.com\/dk\/digitalisering\/dataopsamling-og-rapportering\/industrial-data-provider\/","og_site_name":"Novotek Danmark","article_modified_time":"2025-09-22T12:34:03+00:00","og_image":[{"url":"https:\/\/www.novotek.com\/dk\/wp-content\/uploads\/sites\/4\/digitalisering\/IndustrialDataProvider_rapporter.png","type":"","width":"","height":""}],"twitter_card":"summary_large_image","twitter_misc":{"Estimeret l\u00e6setid":"3 minutter"},"schema":{"@context":"https:\/\/schema.org","@graph":[{"@type":"WebPage","@id":"https:\/\/www.novotek.com\/dk\/digitalisering\/dataopsamling-og-rapportering\/industrial-data-provider\/","url":"https:\/\/www.novotek.com\/dk\/digitalisering\/dataopsamling-og-rapportering\/industrial-data-provider\/","name":"Industrial Data Provider | Novotek","isPartOf":{"@id":"https:\/\/www.novotek.com\/dk\/#website"},"primaryImageOfPage":{"@id":"https:\/\/www.novotek.com\/dk\/digitalisering\/dataopsamling-og-rapportering\/industrial-data-provider\/#primaryimage"},"image":{"@id":"https:\/\/www.novotek.com\/dk\/digitalisering\/dataopsamling-og-rapportering\/industrial-data-provider\/#primaryimage"},"thumbnailUrl":"https:\/\/www.novotek.com\/dk\/wp-content\/uploads\/sites\/4\/digitalisering\/IndustrialDataProvider_rapporter.png","datePublished":"2021-08-12T09:11:45+00:00","dateModified":"2025-09-22T12:34:03+00:00","description":"Med Industrial Data Provider er dine produktions-, maskine- og sensordata tilg\u00e6ngelig for Business Intelligence, Big Data og Data Mining.","breadcrumb":{"@id":"https:\/\/www.novotek.com\/dk\/digitalisering\/dataopsamling-og-rapportering\/industrial-data-provider\/#breadcrumb"},"inLanguage":"da-DK","potentialAction":[{"@type":"ReadAction","target":["https:\/\/www.novotek.com\/dk\/digitalisering\/dataopsamling-og-rapportering\/industrial-data-provider\/"]}]},{"@type":"ImageObject","inLanguage":"da-DK","@id":"https:\/\/www.novotek.com\/dk\/digitalisering\/dataopsamling-og-rapportering\/industrial-data-provider\/#primaryimage","url":"https:\/\/www.novotek.com\/dk\/wp-content\/uploads\/sites\/4\/digitalisering\/IndustrialDataProvider_rapporter.png","contentUrl":"https:\/\/www.novotek.com\/dk\/wp-content\/uploads\/sites\/4\/digitalisering\/IndustrialDataProvider_rapporter.png","width":709,"height":347,"caption":"Industrial Data Provider rapporter"},{"@type":"BreadcrumbList","@id":"https:\/\/www.novotek.com\/dk\/digitalisering\/dataopsamling-og-rapportering\/industrial-data-provider\/#breadcrumb","itemListElement":[{"@type":"ListItem","position":1,"name":"Home","item":"https:\/\/www.novotek.com\/dk\/"},{"@type":"ListItem","position":2,"name":"Digitalisering","item":"https:\/\/www.novotek.com\/dk\/digitalisering\/"},{"@type":"ListItem","position":3,"name":"Dataopsamling og rapportering","item":"https:\/\/www.novotek.com\/dk\/digitalisering\/dataopsamling-og-rapportering\/"},{"@type":"ListItem","position":4,"name":"Industrial Data Provider"}]},{"@type":"WebSite","@id":"https:\/\/www.novotek.com\/dk\/#website","url":"https:\/\/www.novotek.com\/dk\/","name":"Novotek Danmark","description":"Automation, digitalisering og analyse","publisher":{"@id":"https:\/\/www.novotek.com\/dk\/#organization"},"potentialAction":[{"@type":"SearchAction","target":{"@type":"EntryPoint","urlTemplate":"https:\/\/www.novotek.com\/dk\/?s={search_term_string}"},"query-input":{"@type":"PropertyValueSpecification","valueRequired":true,"valueName":"search_term_string"}}],"inLanguage":"da-DK"},{"@type":"Organization","@id":"https:\/\/www.novotek.com\/dk\/#organization","name":"Novotek Danmark","url":"https:\/\/www.novotek.com\/dk\/","logo":{"@type":"ImageObject","inLanguage":"da-DK","@id":"https:\/\/www.novotek.com\/dk\/#\/schema\/logo\/image\/","url":"https:\/\/www.novotek.com\/dk\/wp-content\/uploads\/sites\/4\/Denmark_files\/novotek-logotyp-rgb-pos.png","contentUrl":"https:\/\/www.novotek.com\/dk\/wp-content\/uploads\/sites\/4\/Denmark_files\/novotek-logotyp-rgb-pos.png","width":1794,"height":520,"caption":"Novotek Danmark"},"image":{"@id":"https:\/\/www.novotek.com\/dk\/#\/schema\/logo\/image\/"},"sameAs":["https:\/\/www.linkedin.com\/company\/novotek-denmark","https:\/\/www.youtube.com\/user\/NovotekCorp"]}]}},"_links":{"self":[{"href":"https:\/\/www.novotek.com\/dk\/wp-json\/wp\/v2\/pages\/1132","targetHints":{"allow":["GET"]}}],"collection":[{"href":"https:\/\/www.novotek.com\/dk\/wp-json\/wp\/v2\/pages"}],"about":[{"href":"https:\/\/www.novotek.com\/dk\/wp-json\/wp\/v2\/types\/page"}],"author":[{"embeddable":true,"href":"https:\/\/www.novotek.com\/dk\/wp-json\/wp\/v2\/users\/6"}],"replies":[{"embeddable":true,"href":"https:\/\/www.novotek.com\/dk\/wp-json\/wp\/v2\/comments?post=1132"}],"version-history":[{"count":19,"href":"https:\/\/www.novotek.com\/dk\/wp-json\/wp\/v2\/pages\/1132\/revisions"}],"predecessor-version":[{"id":11085,"href":"https:\/\/www.novotek.com\/dk\/wp-json\/wp\/v2\/pages\/1132\/revisions\/11085"}],"up":[{"embeddable":true,"href":"https:\/\/www.novotek.com\/dk\/wp-json\/wp\/v2\/pages\/1114"}],"wp:attachment":[{"href":"https:\/\/www.novotek.com\/dk\/wp-json\/wp\/v2\/media?parent=1132"}],"curies":[{"name":"wp","href":"https:\/\/api.w.org\/{rel}","templated":true}]}}