{"id":1159,"date":"2021-08-12T12:05:00","date_gmt":"2021-08-12T12:05:00","guid":{"rendered":"https:\/\/www.novotek.com\/dk\/?page_id=1159"},"modified":"2025-04-23T12:39:45","modified_gmt":"2025-04-23T12:39:45","slug":"versionsstyring","status":"publish","type":"page","link":"https:\/\/www.novotek.com\/dk\/automation\/versionsstyring\/","title":{"rendered":"Versionsstyring"},"content":{"rendered":"  <div class=\"hero\">\n    <div class=\"carousel hero-slider large\" data-flickity data-flickity-options='{\"prevNextButtons\": false}'>\n              <div class=\"carousel-cell\">\n          <div class=\"container\">\n            <div class=\"hero-content\">\n                              <h1>Versionsstyring<\/h1>\n<p>F\u00e5 automatisk backup af dine <a href=\"https:\/\/www.novotek.com\/dk\/automation\/\">automatiseringsl\u00f8sning<\/a><a href=\"https:\/\/www.novotek.com\/dk\/automation\/\">er<\/a> med versionsstyring.<\/p>\n              \n                              <a class=\"btn btn-primary\" href=\"https:\/\/www.novotek.com\/dk\/automation\/versionsstyring#vores-loesninger\">\n                  L\u00f8sninger til versionsstyring                <\/a>\n                          <\/div>\n          <\/div>\n\n          <img decoding=\"async\" width=\"1024\" height=\"427\" src=\"https:\/\/www.novotek.com\/dk\/wp-content\/uploads\/sites\/4\/Versionsstyring\/Novotek_versjonskontroll_harddisker_duotone_1920x800-1-min-1024x427.jpg\" class=\"hero-bg\" alt=\"Hero Img\" fetchpriority=\"high\" srcset=\"https:\/\/www.novotek.com\/dk\/wp-content\/uploads\/sites\/4\/Versionsstyring\/Novotek_versjonskontroll_harddisker_duotone_1920x800-1-min-1024x427.jpg 1024w, https:\/\/www.novotek.com\/dk\/wp-content\/uploads\/sites\/4\/Versionsstyring\/Novotek_versjonskontroll_harddisker_duotone_1920x800-1-min-300x125.jpg 300w, https:\/\/www.novotek.com\/dk\/wp-content\/uploads\/sites\/4\/Versionsstyring\/Novotek_versjonskontroll_harddisker_duotone_1920x800-1-min-768x320.jpg 768w, https:\/\/www.novotek.com\/dk\/wp-content\/uploads\/sites\/4\/Versionsstyring\/Novotek_versjonskontroll_harddisker_duotone_1920x800-1-min-1536x640.jpg 1536w, https:\/\/www.novotek.com\/dk\/wp-content\/uploads\/sites\/4\/Versionsstyring\/Novotek_versjonskontroll_harddisker_duotone_1920x800-1-min.jpg 1920w\" sizes=\"(max-width: 1024px) 100vw, 1024px\" \/>                  <\/div>\n          <\/div>\n\n      <\/div>\n\n   <div class=\"floating-breadcrumb\"><div class=\"container\"><span><span><a href=\"https:\/\/www.novotek.com\/dk\/\" class=\"breadcrumb-frontpage\">Home<\/a><\/span><\/span><\/div><\/div>\n\n\n\n\n<div class=\"container-md paragraph  \">\n<p>Versionsstyring s\u00f8rger for at du altid har backup af dine l\u00f8sninger.<br>Skal du nogensinde lede efter den nyeste version af et PLC -program eller en systemkonfiguration? Mange mennesker befinder sig i denne situation i tilf\u00e6lde af et systemnedbrud, n\u00e5r noget er blevet slettet eller i tilf\u00e6lde af udokumenterede \u00e6ndringer i parametre og standardv\u00e6rdier.<\/p>\n<\/div>\n\n<div class=\"container-md paragraph  \">\n<p>At have et manuelt overblik og kontrol over alle dele af et industrielt kontrolsystem er en vanskelig opgave. Systemerne vokser og \u00e6ndrer sig konstant, s\u00e5 justeringer g\u00e5r ubem\u00e6rket hen. B\u00e5de udokumenterede opdateringer og tilsyneladende sm\u00e5 \u00e6ndringer kan have store konsekvenser for, hvordan operativsystemer fungerer. Versionsstyring l\u00f8ser disse udfordringer med automatisk backup.<\/p>\n<\/div>\n\n<div class=\"container-md spacer  \">\n<div style=\"height:25px\" aria-hidden=\"true\" class=\"wp-block-spacer\"><\/div>\n<\/div>\n\n<div class=\"container media-text  align\">\n<div class=\"wp-block-media-text is-stacked-on-mobile\" style=\"grid-template-columns:56% auto\"><figure class=\"wp-block-media-text__media\"><img loading=\"lazy\" decoding=\"async\" width=\"870\" height=\"563\" src=\"https:\/\/www.novotek.com\/dk\/wp-content\/uploads\/sites\/4\/Versionsstyring\/Automasjon_versjonskontroll_duotone-min.jpg\" alt=\"versionsstyring\" class=\"wp-image-4061 size-full\" srcset=\"https:\/\/www.novotek.com\/dk\/wp-content\/uploads\/sites\/4\/Versionsstyring\/Automasjon_versjonskontroll_duotone-min.jpg 870w, https:\/\/www.novotek.com\/dk\/wp-content\/uploads\/sites\/4\/Versionsstyring\/Automasjon_versjonskontroll_duotone-min-300x194.jpg 300w, https:\/\/www.novotek.com\/dk\/wp-content\/uploads\/sites\/4\/Versionsstyring\/Automasjon_versjonskontroll_duotone-min-768x497.jpg 768w\" sizes=\"auto, (max-width: 870px) 100vw, 870px\" \/><\/figure><div class=\"wp-block-media-text__content\"><div class=\"container-md heading  \">\n<h2 class=\"wp-block-heading\" id=\"h-hvordan-fungerer-versionsstyring\">Hvordan fungerer versionsstyring?<\/h2>\n<\/div>\n\n<div class=\"container-md paragraph  \">\n<p>Med Versionsstyring f\u00e5r du et system, der automatisk sikkerhedskopierer dine automationsl\u00f8sninger og giver dig besked om u\u00f8nskede \u00e6ndringer. L\u00f8sningen er fuldst\u00e6ndig sporbar og dokumenterer alle h\u00e6ndelser og \u00e6ndringer med et tidsstempel og en operat\u00f8r. De forskellige versioner kan derefter sammenlignes, og du kan nemt g\u00e5 tilbage til tidligere versioner. I tilf\u00e6lde af systemfejl eller andre problemer sikrer versionsstyring, at dit operativsystem hurtigt kan gendannes med de korrekte indstillinger.<\/p>\n<\/div>\n\n<div class=\"container-md paragraph  \">\n<p>Fuld sporbarhed g\u00f8r versionsstyring s\u00e6rlig vigtig for virksomheder, der er underlagt regeringens krav &#8211; f.eks. levnedsmiddelindustrien, medicobranchen og vand- og spildevandsforsyninger. Versionsstyring er en skalerbar l\u00f8sning, fungerer lige s\u00e5 godt for mindre virksomheder, der overv\u00e5ger f\u00e5 systemer, for store grupper med flere fabriksfaciliteter.<\/p>\n<\/div>\n\n<div class=\"container-md paragraph  \">\n<p><strong>L\u00e6s ogs\u00e5<\/strong>: <strong><a href=\"https:\/\/www.novotek.com\/dk\/insight\/versionskontrol-indenfor-automation\/\">7 myter om versionskontrol<\/a><\/strong><\/p>\n<\/div><\/div><\/div>\n<\/div>\n\n<div class=\"container-md spacer  \">\n<div style=\"height:50px\" aria-hidden=\"true\" class=\"wp-block-spacer\"><\/div>\n<\/div>\n\n<div class=\"container-md heading  \">\n<h2 class=\"wp-block-heading\" id=\"h-producer-mere-sikkert-og-mere-effektivt\">Producer mere sikkert og mere effektivt<\/h2>\n<\/div>\n\n<div class=\"container-md paragraph  \">\n<p>Med versionsstyring har du altid adgang til tidligere versioner af dine operativsystemer. Dette giver dig mulighed for let at sammenligne, vende tilbage til tidligere versioner eller hurtigt gendanne systemer i tilf\u00e6lde af fejl &#8211; alt sammen uden hj\u00e6lp fra leverand\u00f8rer eller systemintegratorer. Dette sikrer en mere optimal og omkostningseffektiv drift med reduceret tid brugt p\u00e5 nedetid og fejlfinding.<\/p>\n<\/div>\n\n<div class=\"container-md paragraph  \">\n<p class=\"has-black-color has-text-color\">Novotek er leverand\u00f8r af <a href=\"https:\/\/auvesy-mdt.com\/en\/octoplant\"><strong>octoplant<\/strong><\/a> fra <a href=\"https:\/\/auvesy-mdt.com\/en\/\">AMDT<\/a>. <br>AMDT er markedsledende indenfor Versionsstyring til automatisering med tusinder af kunder over hele verden.<\/p>\n<\/div>\n\n<div class=\"container-md paragraph  \">\n<p class=\"has-black-color has-text-color\" id=\"vores-loesninger\">Vores konsulenter hj\u00e6lper dig med at finde den rigtige l\u00f8sning til din virksomhed.<\/p>\n<\/div>\n\n<div class=\"container-md paragraph  \">\n<p><\/p>\n<\/div>\n\n  <div class=\"slider-column-parent\">\n    <div class=\"container\">\n      <div class=\"slider-column-title\">Vores l\u00f8sninger til Versionsstyring <\/div>\n\n      <div class=\"row\">\n        <div class=\"col-12 col-md-4\"><div class=\"column-box\">\n  \n      <div class=\"title\">\n      octoplant    <\/div>\n  \n      <div class=\"text\">\n      <p>Fuldautomatisk backup og versionsstyring af dine industrielle automationssystemer, og styr p\u00e5 cybersikkerheden igennem hele produktionsanl\u00e6gget.<\/p>\n    <\/div>\n  \n      <a class=\"link\"  href=\"https:\/\/www.novotek.com\/dk\/automation\/versionsstyring\/octoplant\/\" target=\"\">\n      octoplant    <\/a>\n  \n  <\/div>\n\n<\/div><div class=\"col-12 col-md-4\"><div class=\"column-box\">\n  \n      <div class=\"title\">\n      Versiondog     <\/div>\n  \n      <div class=\"text\">\n      <p>Versiondog giver optimal versionskontrol tilpasset industriel automatisering.<\/p>\n    <\/div>\n  \n      <a class=\"link\"  href=\"https:\/\/www.novotek.com\/dk\/automation\/versionsstyring\/versiondog\/\" target=\"\">\n      L\u00e6s mere     <\/a>\n  \n  <\/div>\n\n<\/div>      <\/div>\n    <\/div>\n  <\/div>\n","protected":false},"excerpt":{"rendered":"<p>Versionsstyring s\u00f8rger for at du altid har backup af dine l\u00f8sninger.Skal du nogensinde lede efter den nyeste version af et PLC -program eller en systemkonfiguration? Mange mennesker befinder sig i denne situation i tilf\u00e6lde af et systemnedbrud, n\u00e5r noget er blevet slettet eller i tilf\u00e6lde af udokumenterede \u00e6ndringer i parametre og standardv\u00e6rdier. At have et [&hellip;]<\/p>\n","protected":false},"author":6,"featured_media":0,"parent":977,"menu_order":3,"comment_status":"closed","ping_status":"closed","template":"","meta":{"_acf_changed":false,"_relevanssi_hide_post":"","_relevanssi_pin_for_all":"","_relevanssi_pin_keywords":"","_relevanssi_unpin_keywords":"","_relevanssi_related_keywords":"","_relevanssi_related_include_ids":"","_relevanssi_related_exclude_ids":"","_relevanssi_related_no_append":"","_relevanssi_related_not_related":"","_relevanssi_related_posts":"1","_relevanssi_noindex_reason":"","footnotes":""},"class_list":["post-1159","page","type-page","status-publish","hentry"],"acf":[],"yoast_head":"<!-- This site is optimized with the Yoast SEO plugin v27.3 - https:\/\/yoast.com\/product\/yoast-seo-wordpress\/ -->\n<title>Versionsstyring - Kvalitetskontrol i produktionen<\/title>\n<meta name=\"description\" content=\"Versionsstyring giver dig styr p\u00e5 din versionshistorik og besked om u\u00f8nskede \u00e6ndringer. Det sikrer kvalitetskontrol i produktionen.\" \/>\n<meta name=\"robots\" content=\"index, follow, max-snippet:-1, max-image-preview:large, max-video-preview:-1\" \/>\n<link rel=\"canonical\" href=\"https:\/\/www.novotek.com\/dk\/automation\/versionsstyring\/\" \/>\n<meta property=\"og:locale\" content=\"da_DK\" \/>\n<meta property=\"og:type\" content=\"article\" \/>\n<meta property=\"og:title\" content=\"Versionsstyring - Kvalitetskontrol i produktionen\" \/>\n<meta property=\"og:description\" content=\"Versionsstyring giver dig styr p\u00e5 din versionshistorik og besked om u\u00f8nskede \u00e6ndringer. Det sikrer kvalitetskontrol i produktionen.\" \/>\n<meta property=\"og:url\" content=\"https:\/\/www.novotek.com\/dk\/automation\/versionsstyring\/\" \/>\n<meta property=\"og:site_name\" content=\"Novotek Danmark\" \/>\n<meta property=\"article:modified_time\" content=\"2025-04-23T12:39:45+00:00\" \/>\n<meta property=\"og:image\" content=\"https:\/\/www.novotek.com\/dk\/wp-content\/uploads\/sites\/4\/Versionsstyring\/Automasjon_versjonskontroll_duotone-min.jpg\" \/>\n<meta name=\"twitter:card\" content=\"summary_large_image\" \/>\n<meta name=\"twitter:label1\" content=\"Estimeret l\u00e6setid\" \/>\n\t<meta name=\"twitter:data1\" content=\"2 minutter\" \/>\n<script type=\"application\/ld+json\" class=\"yoast-schema-graph\">{\"@context\":\"https:\\\/\\\/schema.org\",\"@graph\":[{\"@type\":\"WebPage\",\"@id\":\"https:\\\/\\\/www.novotek.com\\\/dk\\\/automation\\\/versionsstyring\\\/\",\"url\":\"https:\\\/\\\/www.novotek.com\\\/dk\\\/automation\\\/versionsstyring\\\/\",\"name\":\"Versionsstyring - Kvalitetskontrol i produktionen\",\"isPartOf\":{\"@id\":\"https:\\\/\\\/www.novotek.com\\\/dk\\\/#website\"},\"primaryImageOfPage\":{\"@id\":\"https:\\\/\\\/www.novotek.com\\\/dk\\\/automation\\\/versionsstyring\\\/#primaryimage\"},\"image\":{\"@id\":\"https:\\\/\\\/www.novotek.com\\\/dk\\\/automation\\\/versionsstyring\\\/#primaryimage\"},\"thumbnailUrl\":\"https:\\\/\\\/www.novotek.com\\\/dk\\\/wp-content\\\/uploads\\\/sites\\\/4\\\/Versionsstyring\\\/Automasjon_versjonskontroll_duotone-min.jpg\",\"datePublished\":\"2021-08-12T12:05:00+00:00\",\"dateModified\":\"2025-04-23T12:39:45+00:00\",\"description\":\"Versionsstyring giver dig styr p\u00e5 din versionshistorik og besked om u\u00f8nskede \u00e6ndringer. Det sikrer kvalitetskontrol i produktionen.\",\"breadcrumb\":{\"@id\":\"https:\\\/\\\/www.novotek.com\\\/dk\\\/automation\\\/versionsstyring\\\/#breadcrumb\"},\"inLanguage\":\"da-DK\",\"potentialAction\":[{\"@type\":\"ReadAction\",\"target\":[\"https:\\\/\\\/www.novotek.com\\\/dk\\\/automation\\\/versionsstyring\\\/\"]}]},{\"@type\":\"ImageObject\",\"inLanguage\":\"da-DK\",\"@id\":\"https:\\\/\\\/www.novotek.com\\\/dk\\\/automation\\\/versionsstyring\\\/#primaryimage\",\"url\":\"https:\\\/\\\/www.novotek.com\\\/dk\\\/wp-content\\\/uploads\\\/sites\\\/4\\\/Versionsstyring\\\/Automasjon_versjonskontroll_duotone-min.jpg\",\"contentUrl\":\"https:\\\/\\\/www.novotek.com\\\/dk\\\/wp-content\\\/uploads\\\/sites\\\/4\\\/Versionsstyring\\\/Automasjon_versjonskontroll_duotone-min.jpg\",\"width\":870,\"height\":563,\"caption\":\"versionsstyring\"},{\"@type\":\"BreadcrumbList\",\"@id\":\"https:\\\/\\\/www.novotek.com\\\/dk\\\/automation\\\/versionsstyring\\\/#breadcrumb\",\"itemListElement\":[{\"@type\":\"ListItem\",\"position\":1,\"name\":\"Home\",\"item\":\"https:\\\/\\\/www.novotek.com\\\/dk\\\/\"},{\"@type\":\"ListItem\",\"position\":2,\"name\":\"Automation\",\"item\":\"https:\\\/\\\/www.novotek.com\\\/dk\\\/automation\\\/\"},{\"@type\":\"ListItem\",\"position\":3,\"name\":\"Versionsstyring\"}]},{\"@type\":\"WebSite\",\"@id\":\"https:\\\/\\\/www.novotek.com\\\/dk\\\/#website\",\"url\":\"https:\\\/\\\/www.novotek.com\\\/dk\\\/\",\"name\":\"Novotek Danmark\",\"description\":\"Automation, digitalisering og analyse\",\"publisher\":{\"@id\":\"https:\\\/\\\/www.novotek.com\\\/dk\\\/#organization\"},\"potentialAction\":[{\"@type\":\"SearchAction\",\"target\":{\"@type\":\"EntryPoint\",\"urlTemplate\":\"https:\\\/\\\/www.novotek.com\\\/dk\\\/?s={search_term_string}\"},\"query-input\":{\"@type\":\"PropertyValueSpecification\",\"valueRequired\":true,\"valueName\":\"search_term_string\"}}],\"inLanguage\":\"da-DK\"},{\"@type\":\"Organization\",\"@id\":\"https:\\\/\\\/www.novotek.com\\\/dk\\\/#organization\",\"name\":\"Novotek Danmark\",\"url\":\"https:\\\/\\\/www.novotek.com\\\/dk\\\/\",\"logo\":{\"@type\":\"ImageObject\",\"inLanguage\":\"da-DK\",\"@id\":\"https:\\\/\\\/www.novotek.com\\\/dk\\\/#\\\/schema\\\/logo\\\/image\\\/\",\"url\":\"https:\\\/\\\/www.novotek.com\\\/dk\\\/wp-content\\\/uploads\\\/sites\\\/4\\\/Denmark_files\\\/novotek-logotyp-rgb-pos.png\",\"contentUrl\":\"https:\\\/\\\/www.novotek.com\\\/dk\\\/wp-content\\\/uploads\\\/sites\\\/4\\\/Denmark_files\\\/novotek-logotyp-rgb-pos.png\",\"width\":1794,\"height\":520,\"caption\":\"Novotek Danmark\"},\"image\":{\"@id\":\"https:\\\/\\\/www.novotek.com\\\/dk\\\/#\\\/schema\\\/logo\\\/image\\\/\"},\"sameAs\":[\"https:\\\/\\\/www.linkedin.com\\\/company\\\/novotek-denmark\",\"https:\\\/\\\/www.youtube.com\\\/user\\\/NovotekCorp\"]}]}<\/script>\n<!-- \/ Yoast SEO plugin. -->","yoast_head_json":{"title":"Versionsstyring - Kvalitetskontrol i produktionen","description":"Versionsstyring giver dig styr p\u00e5 din versionshistorik og besked om u\u00f8nskede \u00e6ndringer. Det sikrer kvalitetskontrol i produktionen.","robots":{"index":"index","follow":"follow","max-snippet":"max-snippet:-1","max-image-preview":"max-image-preview:large","max-video-preview":"max-video-preview:-1"},"canonical":"https:\/\/www.novotek.com\/dk\/automation\/versionsstyring\/","og_locale":"da_DK","og_type":"article","og_title":"Versionsstyring - Kvalitetskontrol i produktionen","og_description":"Versionsstyring giver dig styr p\u00e5 din versionshistorik og besked om u\u00f8nskede \u00e6ndringer. Det sikrer kvalitetskontrol i produktionen.","og_url":"https:\/\/www.novotek.com\/dk\/automation\/versionsstyring\/","og_site_name":"Novotek Danmark","article_modified_time":"2025-04-23T12:39:45+00:00","og_image":[{"url":"https:\/\/www.novotek.com\/dk\/wp-content\/uploads\/sites\/4\/Versionsstyring\/Automasjon_versjonskontroll_duotone-min.jpg","type":"","width":"","height":""}],"twitter_card":"summary_large_image","twitter_misc":{"Estimeret l\u00e6setid":"2 minutter"},"schema":{"@context":"https:\/\/schema.org","@graph":[{"@type":"WebPage","@id":"https:\/\/www.novotek.com\/dk\/automation\/versionsstyring\/","url":"https:\/\/www.novotek.com\/dk\/automation\/versionsstyring\/","name":"Versionsstyring - Kvalitetskontrol i produktionen","isPartOf":{"@id":"https:\/\/www.novotek.com\/dk\/#website"},"primaryImageOfPage":{"@id":"https:\/\/www.novotek.com\/dk\/automation\/versionsstyring\/#primaryimage"},"image":{"@id":"https:\/\/www.novotek.com\/dk\/automation\/versionsstyring\/#primaryimage"},"thumbnailUrl":"https:\/\/www.novotek.com\/dk\/wp-content\/uploads\/sites\/4\/Versionsstyring\/Automasjon_versjonskontroll_duotone-min.jpg","datePublished":"2021-08-12T12:05:00+00:00","dateModified":"2025-04-23T12:39:45+00:00","description":"Versionsstyring giver dig styr p\u00e5 din versionshistorik og besked om u\u00f8nskede \u00e6ndringer. Det sikrer kvalitetskontrol i produktionen.","breadcrumb":{"@id":"https:\/\/www.novotek.com\/dk\/automation\/versionsstyring\/#breadcrumb"},"inLanguage":"da-DK","potentialAction":[{"@type":"ReadAction","target":["https:\/\/www.novotek.com\/dk\/automation\/versionsstyring\/"]}]},{"@type":"ImageObject","inLanguage":"da-DK","@id":"https:\/\/www.novotek.com\/dk\/automation\/versionsstyring\/#primaryimage","url":"https:\/\/www.novotek.com\/dk\/wp-content\/uploads\/sites\/4\/Versionsstyring\/Automasjon_versjonskontroll_duotone-min.jpg","contentUrl":"https:\/\/www.novotek.com\/dk\/wp-content\/uploads\/sites\/4\/Versionsstyring\/Automasjon_versjonskontroll_duotone-min.jpg","width":870,"height":563,"caption":"versionsstyring"},{"@type":"BreadcrumbList","@id":"https:\/\/www.novotek.com\/dk\/automation\/versionsstyring\/#breadcrumb","itemListElement":[{"@type":"ListItem","position":1,"name":"Home","item":"https:\/\/www.novotek.com\/dk\/"},{"@type":"ListItem","position":2,"name":"Automation","item":"https:\/\/www.novotek.com\/dk\/automation\/"},{"@type":"ListItem","position":3,"name":"Versionsstyring"}]},{"@type":"WebSite","@id":"https:\/\/www.novotek.com\/dk\/#website","url":"https:\/\/www.novotek.com\/dk\/","name":"Novotek Danmark","description":"Automation, digitalisering og analyse","publisher":{"@id":"https:\/\/www.novotek.com\/dk\/#organization"},"potentialAction":[{"@type":"SearchAction","target":{"@type":"EntryPoint","urlTemplate":"https:\/\/www.novotek.com\/dk\/?s={search_term_string}"},"query-input":{"@type":"PropertyValueSpecification","valueRequired":true,"valueName":"search_term_string"}}],"inLanguage":"da-DK"},{"@type":"Organization","@id":"https:\/\/www.novotek.com\/dk\/#organization","name":"Novotek Danmark","url":"https:\/\/www.novotek.com\/dk\/","logo":{"@type":"ImageObject","inLanguage":"da-DK","@id":"https:\/\/www.novotek.com\/dk\/#\/schema\/logo\/image\/","url":"https:\/\/www.novotek.com\/dk\/wp-content\/uploads\/sites\/4\/Denmark_files\/novotek-logotyp-rgb-pos.png","contentUrl":"https:\/\/www.novotek.com\/dk\/wp-content\/uploads\/sites\/4\/Denmark_files\/novotek-logotyp-rgb-pos.png","width":1794,"height":520,"caption":"Novotek Danmark"},"image":{"@id":"https:\/\/www.novotek.com\/dk\/#\/schema\/logo\/image\/"},"sameAs":["https:\/\/www.linkedin.com\/company\/novotek-denmark","https:\/\/www.youtube.com\/user\/NovotekCorp"]}]}},"_links":{"self":[{"href":"https:\/\/www.novotek.com\/dk\/wp-json\/wp\/v2\/pages\/1159","targetHints":{"allow":["GET"]}}],"collection":[{"href":"https:\/\/www.novotek.com\/dk\/wp-json\/wp\/v2\/pages"}],"about":[{"href":"https:\/\/www.novotek.com\/dk\/wp-json\/wp\/v2\/types\/page"}],"author":[{"embeddable":true,"href":"https:\/\/www.novotek.com\/dk\/wp-json\/wp\/v2\/users\/6"}],"replies":[{"embeddable":true,"href":"https:\/\/www.novotek.com\/dk\/wp-json\/wp\/v2\/comments?post=1159"}],"version-history":[{"count":43,"href":"https:\/\/www.novotek.com\/dk\/wp-json\/wp\/v2\/pages\/1159\/revisions"}],"predecessor-version":[{"id":10839,"href":"https:\/\/www.novotek.com\/dk\/wp-json\/wp\/v2\/pages\/1159\/revisions\/10839"}],"up":[{"embeddable":true,"href":"https:\/\/www.novotek.com\/dk\/wp-json\/wp\/v2\/pages\/977"}],"wp:attachment":[{"href":"https:\/\/www.novotek.com\/dk\/wp-json\/wp\/v2\/media?parent=1159"}],"curies":[{"name":"wp","href":"https:\/\/api.w.org\/{rel}","templated":true}]}}