{"id":1255,"date":"2021-08-13T13:06:35","date_gmt":"2021-08-13T13:06:35","guid":{"rendered":"https:\/\/www.novotek.com\/dk\/?page_id=1255"},"modified":"2026-02-23T10:09:14","modified_gmt":"2026-02-23T10:09:14","slug":"proficy-efficiency","status":"publish","type":"page","link":"https:\/\/www.novotek.com\/dk\/digitalisering\/mes\/proficy-efficiency\/","title":{"rendered":"Proficy Efficiency"},"content":{"rendered":"  <div class=\"hero\">\n    <div class=\"carousel hero-slider large\" data-flickity data-flickity-options='{\"prevNextButtons\": false}'>\n              <div class=\"carousel-cell\">\n          <div class=\"container\">\n            <div class=\"hero-content\">\n                              <h1>Proficy Efficiency<\/h1>\n<p><a>F\u00e5 den indsigt, du har brug for for at producere mere optimalt og omkostningseffektivt med en komplet OEE-l\u00f8sning.<\/a><\/p>\n              \n                          <\/div>\n          <\/div>\n\n          <img decoding=\"async\" width=\"1024\" height=\"427\" src=\"https:\/\/www.novotek.com\/dk\/wp-content\/uploads\/sites\/4\/crystal-jo-t1q06vFOOmo-unsplash_duplex_cyan-3-min-1024x427.png\" class=\"hero-bg\" alt=\"Hero Img\" fetchpriority=\"high\" srcset=\"https:\/\/www.novotek.com\/dk\/wp-content\/uploads\/sites\/4\/crystal-jo-t1q06vFOOmo-unsplash_duplex_cyan-3-min-1024x427.png 1024w, https:\/\/www.novotek.com\/dk\/wp-content\/uploads\/sites\/4\/crystal-jo-t1q06vFOOmo-unsplash_duplex_cyan-3-min-300x125.png 300w, https:\/\/www.novotek.com\/dk\/wp-content\/uploads\/sites\/4\/crystal-jo-t1q06vFOOmo-unsplash_duplex_cyan-3-min-768x320.png 768w, https:\/\/www.novotek.com\/dk\/wp-content\/uploads\/sites\/4\/crystal-jo-t1q06vFOOmo-unsplash_duplex_cyan-3-min-1536x640.png 1536w, https:\/\/www.novotek.com\/dk\/wp-content\/uploads\/sites\/4\/crystal-jo-t1q06vFOOmo-unsplash_duplex_cyan-3-min.png 1920w\" sizes=\"(max-width: 1024px) 100vw, 1024px\" \/>                  <\/div>\n          <\/div>\n\n      <\/div>\n\n   <div class=\"floating-breadcrumb\"><div class=\"container\"><span><span><a href=\"https:\/\/www.novotek.com\/dk\/\" class=\"breadcrumb-frontpage\">Home<\/a><\/span><\/span><\/div><\/div>\n\n\n\n\n<div class=\"container-md paragraph  \">\n<p>Proficy Efficiency fra GE Vernova er en komplet <strong><a href=\"https:\/\/www.novotek.com\/dk\/digitalisering\/oee\/\">OEE-l\u00f8sning<\/a><\/strong> (Overall Equipment Effectiveness). Med en fuld real-time oversigt og drilldown-analyse kan du hurtigt identificere problemer og foretage \u00e6ndringer, der optimerer din produktion. Systemet er installeret med hundredvis af kunder med gode resultater og er en af \u200b\u200bmarkedets f\u00f8rende OEE-l\u00f8sninger.<\/p>\n<\/div>\n\n<div class=\"container media-text  align\">\n<div class=\"wp-block-media-text is-stacked-on-mobile\"><figure class=\"wp-block-media-text__media\"><img loading=\"lazy\" decoding=\"async\" width=\"600\" height=\"429\" src=\"https:\/\/www.novotek.com\/dk\/wp-content\/uploads\/sites\/4\/proficy-screen\/GEDigital_Proficy_Efficiency_OEE.png\" alt=\"Proficy Efficiency OEE\" class=\"wp-image-4561 size-full\" srcset=\"https:\/\/www.novotek.com\/dk\/wp-content\/uploads\/sites\/4\/proficy-screen\/GEDigital_Proficy_Efficiency_OEE.png 600w, https:\/\/www.novotek.com\/dk\/wp-content\/uploads\/sites\/4\/proficy-screen\/GEDigital_Proficy_Efficiency_OEE-300x215.png 300w\" sizes=\"auto, (max-width: 600px) 100vw, 600px\" \/><\/figure><div class=\"wp-block-media-text__content\"><div class=\"container-md heading  \">\n<h2 class=\"wp-block-heading\" id=\"h-optimer-produktionen-med-proficy-efficiency\">Optimer produktionen med Proficy Efficiency<\/h2>\n<\/div>\n\n<div class=\"container-md paragraph  \">\n<p>Med Proficy Efficiency f\u00e5r du automatisk beregnet OEE for din virksomhed, beregnet p\u00e5 registreret produktionsydelse. Med et overblik over produktionen i realtid har du adgang til status for alle maskiner, linjer eller hele anl\u00e6g. Du kan let opdage produktionsudfordringer som flaskehalse, nedetid og vrag og f\u00e5 den indsigt og v\u00e6rkt\u00f8jer, du har brug for for at \u00f8ge udstyrets effektivitet og optimere produktionen. Feedback fra vores kunder viser et fald i omkostninger, kvalitetsproblemer og spild, \u00f8get produktionshastighed og h\u00f8jere overskud.<\/p>\n<\/div><\/div><\/div>\n<\/div>\n\n<div class=\"container-md heading  \">\n<h4 class=\"wp-block-heading\" id=\"h-analyse-og-rapportering\">Analyse og rapportering<\/h4>\n<\/div>\n\n<div class=\"container-md paragraph  \">\n<p>Ud over realtidsv\u00e6rdier for alle KPI&#8217;er kommer Proficy Efficiency med drilldown-analyse, der giver dig mulighed for at analysere historik. Dette g\u00f8r det let at opdage hoved\u00e5rsagerne til stop og kortl\u00e6gge ordrer, der har skabt problemer i produktionen. L\u00f8sningen leveres med et s\u00e6t standardrapporter samt mulighed for at oprette dine egne dashboards, der passer til dine forretningsbehov.<\/p>\n<\/div>\n\n<div class=\"container-md image  \">\n<figure class=\"wp-block-image size-full\"><img loading=\"lazy\" decoding=\"async\" width=\"1024\" height=\"453\" src=\"https:\/\/www.novotek.com\/dk\/wp-content\/uploads\/sites\/4\/proficy-screen\/Proficy_Efficiency_Analyse_Rapportering-1024x453-1.jpg\" alt=\"Proficy Efficiency Analyse Rapportering\" class=\"wp-image-4563\" srcset=\"https:\/\/www.novotek.com\/dk\/wp-content\/uploads\/sites\/4\/proficy-screen\/Proficy_Efficiency_Analyse_Rapportering-1024x453-1.jpg 1024w, https:\/\/www.novotek.com\/dk\/wp-content\/uploads\/sites\/4\/proficy-screen\/Proficy_Efficiency_Analyse_Rapportering-1024x453-1-300x133.jpg 300w, https:\/\/www.novotek.com\/dk\/wp-content\/uploads\/sites\/4\/proficy-screen\/Proficy_Efficiency_Analyse_Rapportering-1024x453-1-768x340.jpg 768w\" sizes=\"auto, (max-width: 1024px) 100vw, 1024px\" \/><\/figure>\n<\/div>\n\n<div class=\"container-md spacer  \">\n<div style=\"height:10px\" aria-hidden=\"true\" class=\"wp-block-spacer\"><\/div>\n<\/div>\n\n<div class=\"container-md heading  \">\n<h4 class=\"wp-block-heading\" id=\"h-brugervenlig-brugergraenseflade\">Brugervenlig brugergr\u00e6nseflade<\/h4>\n<\/div>\n\n<div class=\"container-md paragraph  \">\n<p>Med grafisk brugergr\u00e6nseflade og navigation er Proficy Efficiency meget let at bruge. Operat\u00f8ren kan starte og f\u00f8lge produktionsordren, angive \u00e5rsagen til stop eller vrag og f\u00e5 et overblik over OEE i realtid. KPI&#8217;er kan tilpasses og farves afh\u00e6ngigt af dine m\u00e5l. Proficy Efficiency er baseret p\u00e5 en HTML-5-baseret webklient. Operat\u00f8rer har adgang via pc, mobil og tablet.<\/p>\n<\/div>\n\n<div class=\"container-md image  \">\n<figure class=\"wp-block-image size-full\"><img loading=\"lazy\" decoding=\"async\" width=\"1024\" height=\"453\" src=\"https:\/\/www.novotek.com\/dk\/wp-content\/uploads\/sites\/4\/proficy-screen\/Proficy_Efficiency_Operatorgrensesnitt-1024x453-1.jpg\" alt=\"Proficy Efficiency Brugergr\u00e6nseflade\" class=\"wp-image-4564\" srcset=\"https:\/\/www.novotek.com\/dk\/wp-content\/uploads\/sites\/4\/proficy-screen\/Proficy_Efficiency_Operatorgrensesnitt-1024x453-1.jpg 1024w, https:\/\/www.novotek.com\/dk\/wp-content\/uploads\/sites\/4\/proficy-screen\/Proficy_Efficiency_Operatorgrensesnitt-1024x453-1-300x133.jpg 300w, https:\/\/www.novotek.com\/dk\/wp-content\/uploads\/sites\/4\/proficy-screen\/Proficy_Efficiency_Operatorgrensesnitt-1024x453-1-768x340.jpg 768w\" sizes=\"auto, (max-width: 1024px) 100vw, 1024px\" \/><\/figure>\n<\/div>\n\n<div class=\"container-md heading  \">\n<h4 class=\"wp-block-heading\" id=\"h-funktioner\">Funktioner<\/h4>\n<\/div>\n\n<div class=\"container-md list  \">\n<ul style=\"background-color:#f8f8f8\" class=\"wp-block-list has-background\"><div class=\"container-md list-item  \">\n<li>Fuldt overblik over produktionen i realtid. Alle brugere har adgang til status for graden af \u200b\u200budnyttelse af maskiner, linjer eller hele faciliteter.<\/li>\n<\/div>\n\n<div class=\"container-md list-item  \">\n<li>V\u00e6lg mellem manuel, halvautomatisk eller fuldautomatisk registrering.<\/li>\n<\/div>\n\n<div class=\"container-md list-item  \">\n<li>F\u00e5 automatisk beregnet OEE (Overall Equipment Effectiveness) ved at registrere produktionsydelsen.<\/li>\n<\/div>\n\n<div class=\"container-md list-item  \">\n<li>Mulighed for at registrere nedetid, vrag og \u00e5rsagssammenh\u00e6nge.<\/li>\n<\/div>\n\n<div class=\"container-md list-item  \">\n<li>Interaktive webrapporter for overblik og hurtig identifikation af flaskehalse i produktionen.<\/li>\n<\/div>\n\n<div class=\"container-md list-item  \">\n<li>Adgang til historiske data til analyse.<\/li>\n<\/div>\n\n<div class=\"container-md list-item  \">\n<li>Grafisk brugergr\u00e6nseflade og navigation.&nbsp;<\/li>\n<\/div>\n\n<div class=\"container-md list-item  \">\n<li>Adgang fra PC, mobil og tablet.<\/li>\n<\/div>\n\n<div class=\"container-md list-item  \">\n<li>En modul\u00e6r del af Proficy Plant Applications. Andre moduler kan integreres efter \u00f8nske.<\/li>\n<\/div><\/ul>\n<\/div>\n\n<div class=\"container media-text  align\">\n<div class=\"wp-block-media-text has-media-on-the-right is-stacked-on-mobile\"><div class=\"wp-block-media-text__content\"><div class=\"container-md heading  \">\n<h2 class=\"wp-block-heading\" id=\"h-en-modulaer-del-af-proficy-plant-applications\">En modul\u00e6r del af Proficy Plant Applications<\/h2>\n<\/div>\n\n<div class=\"container-md paragraph  \">\n<p>Proficy Efficiency er en del af GE Vernovas MES-system Proficy Plant Applications. OEE -l\u00f8sningen kan bruges alene eller let integreres med kvalitetsstyring eller andre moduler. Dette g\u00f8r Proficy Efficiency til en kraftfuld og fleksibel OEE -l\u00f8sning.<\/p>\n<\/div>\n\n<div class=\"container-md paragraph  \">\n<p>Novotek har v\u00e6ret leverand\u00f8r af OEE -l\u00f8sninger i over 15 \u00e5r. Vores konsulenter hj\u00e6lper dig med at finde den rigtige m\u00e5de at implementere Proficy Efficiency i din virksomhed.<\/p>\n<\/div><\/div><figure class=\"wp-block-media-text__media\"><img loading=\"lazy\" decoding=\"async\" width=\"600\" height=\"407\" src=\"https:\/\/www.novotek.com\/dk\/wp-content\/uploads\/sites\/4\/proficy-screen\/GEdigital_Proficy_Plant_Applications_tablet.jpg\" alt=\"Proficy Plant Applications\" class=\"wp-image-4562 size-full\" srcset=\"https:\/\/www.novotek.com\/dk\/wp-content\/uploads\/sites\/4\/proficy-screen\/GEdigital_Proficy_Plant_Applications_tablet.jpg 600w, https:\/\/www.novotek.com\/dk\/wp-content\/uploads\/sites\/4\/proficy-screen\/GEdigital_Proficy_Plant_Applications_tablet-300x204.jpg 300w\" sizes=\"auto, (max-width: 600px) 100vw, 600px\" \/><\/figure><\/div>\n<\/div>\n\n<div class=\"container-md spacer  \">\n<div style=\"height:50px\" aria-hidden=\"true\" class=\"wp-block-spacer\"><\/div>\n<\/div>\n\n  <div class=\"slider-column-parent\">\n    <div class=\"container\">\n      <div class=\"slider-column-title\">Brug Proficy Efficiency med<\/div>\n\n      <div class=\"row\">\n        <div class=\"col-12 col-md-4\"><div class=\"column-box\">\n  \n      <div class=\"title\">\n      Proficy Plant Applications    <\/div>\n  \n      <div class=\"text\">\n      <p>En komplet modul basseret MES-l\u00f8sning.<\/p>\n    <\/div>\n  \n      <a class=\"link\"  href=\"https:\/\/www.novotek.com\/dk\/digitalisering\/mes\/proficy-plant-applications\/\" target=\"\">\n      L\u00e6s mere    <\/a>\n  \n  <\/div>\n\n<\/div>      <\/div>\n    <\/div>\n  <\/div>\n","protected":false},"excerpt":{"rendered":"<p>Proficy Efficiency fra GE Vernova er en komplet OEE-l\u00f8sning (Overall Equipment Effectiveness). Med en fuld real-time oversigt og drilldown-analyse kan du hurtigt identificere problemer og foretage \u00e6ndringer, der optimerer din produktion. Systemet er installeret med hundredvis af kunder med gode resultater og er en af \u200b\u200bmarkedets f\u00f8rende OEE-l\u00f8sninger. Optimer produktionen med Proficy Efficiency Med Proficy [&hellip;]<\/p>\n","protected":false},"author":6,"featured_media":0,"parent":1251,"menu_order":0,"comment_status":"closed","ping_status":"closed","template":"","meta":{"_acf_changed":false,"_relevanssi_hide_post":"","_relevanssi_pin_for_all":"","_relevanssi_pin_keywords":"","_relevanssi_unpin_keywords":"","_relevanssi_related_keywords":"","_relevanssi_related_include_ids":"","_relevanssi_related_exclude_ids":"","_relevanssi_related_no_append":"","_relevanssi_related_not_related":"","_relevanssi_related_posts":"1","_relevanssi_noindex_reason":"","footnotes":""},"class_list":["post-1255","page","type-page","status-publish","hentry"],"acf":[],"yoast_head":"<!-- This site is optimized with the Yoast SEO plugin v27.3 - https:\/\/yoast.com\/product\/yoast-seo-wordpress\/ -->\n<title>Proficy Efficiency - komplet OEE software<\/title>\n<meta name=\"description\" content=\"Proficy Efficiency er en komplet OEE software l\u00f8sning som giver dig indsigt til at producere mere optimalt og omkostningseffektivt.\" \/>\n<meta name=\"robots\" content=\"index, follow, max-snippet:-1, max-image-preview:large, max-video-preview:-1\" \/>\n<link rel=\"canonical\" href=\"https:\/\/www.novotek.com\/dk\/digitalisering\/mes\/proficy-efficiency\/\" \/>\n<meta property=\"og:locale\" content=\"da_DK\" \/>\n<meta property=\"og:type\" content=\"article\" \/>\n<meta property=\"og:title\" content=\"Proficy Efficiency - komplet OEE software\" \/>\n<meta property=\"og:description\" content=\"Proficy Efficiency er en komplet OEE software l\u00f8sning som giver dig indsigt til at producere mere optimalt og omkostningseffektivt.\" \/>\n<meta property=\"og:url\" content=\"https:\/\/www.novotek.com\/dk\/digitalisering\/mes\/proficy-efficiency\/\" \/>\n<meta property=\"og:site_name\" content=\"Novotek Danmark\" \/>\n<meta property=\"article:modified_time\" content=\"2026-02-23T10:09:14+00:00\" \/>\n<meta property=\"og:image\" content=\"https:\/\/www.novotek.com\/dk\/wp-content\/uploads\/sites\/4\/proficy-screen\/GEDigital_Proficy_Efficiency_OEE.png\" \/>\n<meta name=\"twitter:card\" content=\"summary_large_image\" \/>\n<meta name=\"twitter:label1\" content=\"Estimeret l\u00e6setid\" \/>\n\t<meta name=\"twitter:data1\" content=\"4 minutter\" \/>\n<script type=\"application\/ld+json\" class=\"yoast-schema-graph\">{\"@context\":\"https:\\\/\\\/schema.org\",\"@graph\":[{\"@type\":\"WebPage\",\"@id\":\"https:\\\/\\\/www.novotek.com\\\/dk\\\/digitalisering\\\/mes\\\/proficy-efficiency\\\/\",\"url\":\"https:\\\/\\\/www.novotek.com\\\/dk\\\/digitalisering\\\/mes\\\/proficy-efficiency\\\/\",\"name\":\"Proficy Efficiency - komplet OEE software\",\"isPartOf\":{\"@id\":\"https:\\\/\\\/www.novotek.com\\\/dk\\\/#website\"},\"primaryImageOfPage\":{\"@id\":\"https:\\\/\\\/www.novotek.com\\\/dk\\\/digitalisering\\\/mes\\\/proficy-efficiency\\\/#primaryimage\"},\"image\":{\"@id\":\"https:\\\/\\\/www.novotek.com\\\/dk\\\/digitalisering\\\/mes\\\/proficy-efficiency\\\/#primaryimage\"},\"thumbnailUrl\":\"https:\\\/\\\/www.novotek.com\\\/dk\\\/wp-content\\\/uploads\\\/sites\\\/4\\\/proficy-screen\\\/GEDigital_Proficy_Efficiency_OEE.png\",\"datePublished\":\"2021-08-13T13:06:35+00:00\",\"dateModified\":\"2026-02-23T10:09:14+00:00\",\"description\":\"Proficy Efficiency er en komplet OEE software l\u00f8sning som giver dig indsigt til at producere mere optimalt og omkostningseffektivt.\",\"breadcrumb\":{\"@id\":\"https:\\\/\\\/www.novotek.com\\\/dk\\\/digitalisering\\\/mes\\\/proficy-efficiency\\\/#breadcrumb\"},\"inLanguage\":\"da-DK\",\"potentialAction\":[{\"@type\":\"ReadAction\",\"target\":[\"https:\\\/\\\/www.novotek.com\\\/dk\\\/digitalisering\\\/mes\\\/proficy-efficiency\\\/\"]}]},{\"@type\":\"ImageObject\",\"inLanguage\":\"da-DK\",\"@id\":\"https:\\\/\\\/www.novotek.com\\\/dk\\\/digitalisering\\\/mes\\\/proficy-efficiency\\\/#primaryimage\",\"url\":\"https:\\\/\\\/www.novotek.com\\\/dk\\\/wp-content\\\/uploads\\\/sites\\\/4\\\/proficy-screen\\\/GEDigital_Proficy_Efficiency_OEE.png\",\"contentUrl\":\"https:\\\/\\\/www.novotek.com\\\/dk\\\/wp-content\\\/uploads\\\/sites\\\/4\\\/proficy-screen\\\/GEDigital_Proficy_Efficiency_OEE.png\",\"width\":600,\"height\":429,\"caption\":\"Proficy Efficiency OEE\"},{\"@type\":\"BreadcrumbList\",\"@id\":\"https:\\\/\\\/www.novotek.com\\\/dk\\\/digitalisering\\\/mes\\\/proficy-efficiency\\\/#breadcrumb\",\"itemListElement\":[{\"@type\":\"ListItem\",\"position\":1,\"name\":\"Home\",\"item\":\"https:\\\/\\\/www.novotek.com\\\/dk\\\/\"},{\"@type\":\"ListItem\",\"position\":2,\"name\":\"Digitalisering\",\"item\":\"https:\\\/\\\/www.novotek.com\\\/dk\\\/digitalisering\\\/\"},{\"@type\":\"ListItem\",\"position\":3,\"name\":\"MES\",\"item\":\"https:\\\/\\\/www.novotek.com\\\/dk\\\/digitalisering\\\/mes\\\/\"},{\"@type\":\"ListItem\",\"position\":4,\"name\":\"Proficy Efficiency\"}]},{\"@type\":\"WebSite\",\"@id\":\"https:\\\/\\\/www.novotek.com\\\/dk\\\/#website\",\"url\":\"https:\\\/\\\/www.novotek.com\\\/dk\\\/\",\"name\":\"Novotek Danmark\",\"description\":\"Automation, digitalisering og analyse\",\"publisher\":{\"@id\":\"https:\\\/\\\/www.novotek.com\\\/dk\\\/#organization\"},\"potentialAction\":[{\"@type\":\"SearchAction\",\"target\":{\"@type\":\"EntryPoint\",\"urlTemplate\":\"https:\\\/\\\/www.novotek.com\\\/dk\\\/?s={search_term_string}\"},\"query-input\":{\"@type\":\"PropertyValueSpecification\",\"valueRequired\":true,\"valueName\":\"search_term_string\"}}],\"inLanguage\":\"da-DK\"},{\"@type\":\"Organization\",\"@id\":\"https:\\\/\\\/www.novotek.com\\\/dk\\\/#organization\",\"name\":\"Novotek Danmark\",\"url\":\"https:\\\/\\\/www.novotek.com\\\/dk\\\/\",\"logo\":{\"@type\":\"ImageObject\",\"inLanguage\":\"da-DK\",\"@id\":\"https:\\\/\\\/www.novotek.com\\\/dk\\\/#\\\/schema\\\/logo\\\/image\\\/\",\"url\":\"https:\\\/\\\/www.novotek.com\\\/dk\\\/wp-content\\\/uploads\\\/sites\\\/4\\\/Denmark_files\\\/novotek-logotyp-rgb-pos.png\",\"contentUrl\":\"https:\\\/\\\/www.novotek.com\\\/dk\\\/wp-content\\\/uploads\\\/sites\\\/4\\\/Denmark_files\\\/novotek-logotyp-rgb-pos.png\",\"width\":1794,\"height\":520,\"caption\":\"Novotek Danmark\"},\"image\":{\"@id\":\"https:\\\/\\\/www.novotek.com\\\/dk\\\/#\\\/schema\\\/logo\\\/image\\\/\"},\"sameAs\":[\"https:\\\/\\\/www.linkedin.com\\\/company\\\/novotek-denmark\",\"https:\\\/\\\/www.youtube.com\\\/user\\\/NovotekCorp\"]}]}<\/script>\n<!-- \/ Yoast SEO plugin. -->","yoast_head_json":{"title":"Proficy Efficiency - komplet OEE software","description":"Proficy Efficiency er en komplet OEE software l\u00f8sning som giver dig indsigt til at producere mere optimalt og omkostningseffektivt.","robots":{"index":"index","follow":"follow","max-snippet":"max-snippet:-1","max-image-preview":"max-image-preview:large","max-video-preview":"max-video-preview:-1"},"canonical":"https:\/\/www.novotek.com\/dk\/digitalisering\/mes\/proficy-efficiency\/","og_locale":"da_DK","og_type":"article","og_title":"Proficy Efficiency - komplet OEE software","og_description":"Proficy Efficiency er en komplet OEE software l\u00f8sning som giver dig indsigt til at producere mere optimalt og omkostningseffektivt.","og_url":"https:\/\/www.novotek.com\/dk\/digitalisering\/mes\/proficy-efficiency\/","og_site_name":"Novotek Danmark","article_modified_time":"2026-02-23T10:09:14+00:00","og_image":[{"url":"https:\/\/www.novotek.com\/dk\/wp-content\/uploads\/sites\/4\/proficy-screen\/GEDigital_Proficy_Efficiency_OEE.png","type":"","width":"","height":""}],"twitter_card":"summary_large_image","twitter_misc":{"Estimeret l\u00e6setid":"4 minutter"},"schema":{"@context":"https:\/\/schema.org","@graph":[{"@type":"WebPage","@id":"https:\/\/www.novotek.com\/dk\/digitalisering\/mes\/proficy-efficiency\/","url":"https:\/\/www.novotek.com\/dk\/digitalisering\/mes\/proficy-efficiency\/","name":"Proficy Efficiency - komplet OEE software","isPartOf":{"@id":"https:\/\/www.novotek.com\/dk\/#website"},"primaryImageOfPage":{"@id":"https:\/\/www.novotek.com\/dk\/digitalisering\/mes\/proficy-efficiency\/#primaryimage"},"image":{"@id":"https:\/\/www.novotek.com\/dk\/digitalisering\/mes\/proficy-efficiency\/#primaryimage"},"thumbnailUrl":"https:\/\/www.novotek.com\/dk\/wp-content\/uploads\/sites\/4\/proficy-screen\/GEDigital_Proficy_Efficiency_OEE.png","datePublished":"2021-08-13T13:06:35+00:00","dateModified":"2026-02-23T10:09:14+00:00","description":"Proficy Efficiency er en komplet OEE software l\u00f8sning som giver dig indsigt til at producere mere optimalt og omkostningseffektivt.","breadcrumb":{"@id":"https:\/\/www.novotek.com\/dk\/digitalisering\/mes\/proficy-efficiency\/#breadcrumb"},"inLanguage":"da-DK","potentialAction":[{"@type":"ReadAction","target":["https:\/\/www.novotek.com\/dk\/digitalisering\/mes\/proficy-efficiency\/"]}]},{"@type":"ImageObject","inLanguage":"da-DK","@id":"https:\/\/www.novotek.com\/dk\/digitalisering\/mes\/proficy-efficiency\/#primaryimage","url":"https:\/\/www.novotek.com\/dk\/wp-content\/uploads\/sites\/4\/proficy-screen\/GEDigital_Proficy_Efficiency_OEE.png","contentUrl":"https:\/\/www.novotek.com\/dk\/wp-content\/uploads\/sites\/4\/proficy-screen\/GEDigital_Proficy_Efficiency_OEE.png","width":600,"height":429,"caption":"Proficy Efficiency OEE"},{"@type":"BreadcrumbList","@id":"https:\/\/www.novotek.com\/dk\/digitalisering\/mes\/proficy-efficiency\/#breadcrumb","itemListElement":[{"@type":"ListItem","position":1,"name":"Home","item":"https:\/\/www.novotek.com\/dk\/"},{"@type":"ListItem","position":2,"name":"Digitalisering","item":"https:\/\/www.novotek.com\/dk\/digitalisering\/"},{"@type":"ListItem","position":3,"name":"MES","item":"https:\/\/www.novotek.com\/dk\/digitalisering\/mes\/"},{"@type":"ListItem","position":4,"name":"Proficy Efficiency"}]},{"@type":"WebSite","@id":"https:\/\/www.novotek.com\/dk\/#website","url":"https:\/\/www.novotek.com\/dk\/","name":"Novotek Danmark","description":"Automation, digitalisering og analyse","publisher":{"@id":"https:\/\/www.novotek.com\/dk\/#organization"},"potentialAction":[{"@type":"SearchAction","target":{"@type":"EntryPoint","urlTemplate":"https:\/\/www.novotek.com\/dk\/?s={search_term_string}"},"query-input":{"@type":"PropertyValueSpecification","valueRequired":true,"valueName":"search_term_string"}}],"inLanguage":"da-DK"},{"@type":"Organization","@id":"https:\/\/www.novotek.com\/dk\/#organization","name":"Novotek Danmark","url":"https:\/\/www.novotek.com\/dk\/","logo":{"@type":"ImageObject","inLanguage":"da-DK","@id":"https:\/\/www.novotek.com\/dk\/#\/schema\/logo\/image\/","url":"https:\/\/www.novotek.com\/dk\/wp-content\/uploads\/sites\/4\/Denmark_files\/novotek-logotyp-rgb-pos.png","contentUrl":"https:\/\/www.novotek.com\/dk\/wp-content\/uploads\/sites\/4\/Denmark_files\/novotek-logotyp-rgb-pos.png","width":1794,"height":520,"caption":"Novotek Danmark"},"image":{"@id":"https:\/\/www.novotek.com\/dk\/#\/schema\/logo\/image\/"},"sameAs":["https:\/\/www.linkedin.com\/company\/novotek-denmark","https:\/\/www.youtube.com\/user\/NovotekCorp"]}]}},"_links":{"self":[{"href":"https:\/\/www.novotek.com\/dk\/wp-json\/wp\/v2\/pages\/1255","targetHints":{"allow":["GET"]}}],"collection":[{"href":"https:\/\/www.novotek.com\/dk\/wp-json\/wp\/v2\/pages"}],"about":[{"href":"https:\/\/www.novotek.com\/dk\/wp-json\/wp\/v2\/types\/page"}],"author":[{"embeddable":true,"href":"https:\/\/www.novotek.com\/dk\/wp-json\/wp\/v2\/users\/6"}],"replies":[{"embeddable":true,"href":"https:\/\/www.novotek.com\/dk\/wp-json\/wp\/v2\/comments?post=1255"}],"version-history":[{"count":13,"href":"https:\/\/www.novotek.com\/dk\/wp-json\/wp\/v2\/pages\/1255\/revisions"}],"predecessor-version":[{"id":11090,"href":"https:\/\/www.novotek.com\/dk\/wp-json\/wp\/v2\/pages\/1255\/revisions\/11090"}],"up":[{"embeddable":true,"href":"https:\/\/www.novotek.com\/dk\/wp-json\/wp\/v2\/pages\/1251"}],"wp:attachment":[{"href":"https:\/\/www.novotek.com\/dk\/wp-json\/wp\/v2\/media?parent=1255"}],"curies":[{"name":"wp","href":"https:\/\/api.w.org\/{rel}","templated":true}]}}