{"id":1256,"date":"2021-08-13T13:15:59","date_gmt":"2021-08-13T13:15:59","guid":{"rendered":"https:\/\/www.novotek.com\/dk\/?page_id=1256"},"modified":"2025-11-19T11:51:05","modified_gmt":"2025-11-19T11:51:05","slug":"proficy-workflow","status":"publish","type":"page","link":"https:\/\/www.novotek.com\/dk\/digitalisering\/mes\/proficy-workflow\/","title":{"rendered":"Proficy Workflow"},"content":{"rendered":"  <div class=\"hero\">\n    <div class=\"carousel hero-slider large\" data-flickity data-flickity-options='{\"prevNextButtons\": false}'>\n              <div class=\"carousel-cell\">\n          <div class=\"container\">\n            <div class=\"hero-content\">\n                              <h1>Proficy Workflow<\/h1>\n<p>Digitalis\u00e9r manuelle arbejdsopgaver og f\u00e5 bedre konsistens og forudsigelighed i produktionen.<\/p>\n              \n                          <\/div>\n          <\/div>\n\n          <img decoding=\"async\" width=\"1024\" height=\"427\" src=\"https:\/\/www.novotek.com\/dk\/wp-content\/uploads\/sites\/4\/Proficy_workflow_header_1920x800px.png-min-1024x427.jpg\" class=\"hero-bg\" alt=\"Hero Img\" fetchpriority=\"high\" srcset=\"https:\/\/www.novotek.com\/dk\/wp-content\/uploads\/sites\/4\/Proficy_workflow_header_1920x800px.png-min-1024x427.jpg 1024w, https:\/\/www.novotek.com\/dk\/wp-content\/uploads\/sites\/4\/Proficy_workflow_header_1920x800px.png-min-300x125.jpg 300w, https:\/\/www.novotek.com\/dk\/wp-content\/uploads\/sites\/4\/Proficy_workflow_header_1920x800px.png-min-768x320.jpg 768w, https:\/\/www.novotek.com\/dk\/wp-content\/uploads\/sites\/4\/Proficy_workflow_header_1920x800px.png-min-1536x640.jpg 1536w, https:\/\/www.novotek.com\/dk\/wp-content\/uploads\/sites\/4\/Proficy_workflow_header_1920x800px.png-min.jpg 1920w\" sizes=\"(max-width: 1024px) 100vw, 1024px\" \/>                  <\/div>\n          <\/div>\n\n      <\/div>\n\n   <div class=\"floating-breadcrumb\"><div class=\"container\"><span><span><a href=\"https:\/\/www.novotek.com\/dk\/\" class=\"breadcrumb-frontpage\">Home<\/a><\/span><\/span><\/div><\/div>\n\n\n\n\n<div class=\"container-md paragraph  \">\n<p>GE Vernovas Proficy Workflow giver operat\u00f8rer interaktive trin-for-trin instruktioner til at guide de rigtige handlinger p\u00e5 det rigtige tidspunkt. Du f\u00e5r et v\u00e6rkt\u00f8j, der kan <a href=\"https:\/\/www.novotek.com\/dk\/digitalisering\/\">digitalisere manuelle, semi-manuelle og automatiserede processer<\/a> p\u00e5 tv\u00e6rs af hele virksomheden, fra fabriksoperat\u00f8rer til ledere.<\/p>\n<\/div>\n\n<div class=\"container-md paragraph  \">\n<p>Proficy Workflow fungerer med PLC-, HMI\/SCADA- og MES-systemer. Med klar vejledning kan personalet reagere hurtigere p\u00e5 h\u00e6ndelser og alarmer og undg\u00e5 at operationer glemmes. Resultatet er mere effektiv drift.<\/p>\n<\/div>\n\n<div class=\"container-md spacer  \">\n<div style=\"height:10px\" aria-hidden=\"true\" class=\"wp-block-spacer\"><\/div>\n<\/div>\n\n<div class=\"container-md heading  \">\n<h2 class=\"wp-block-heading\" id=\"h-fa-bedre-rutiner-med-proficy-workflow\">F\u00e5 bedre rutiner med Proficy Workflow<\/h2>\n<\/div>\n\n<div class=\"container-md paragraph  \">\n<p>Tydelige instruktioner for arbejdsopgaver f\u00f8rer til bedre konsistens og forudsigelighed i produktionen. Det umiddelbare resultat er f\u00e6rre fejl. Derudover reducerer lignende instruktioner behovet for uddannelse, og det bliver lettere at introducere nye rutiner og processer. Se, hvordan Proficy Workflow kan bruges i videoen herunder.<\/p>\n<\/div>\n\n<div class=\"container-md spacer  \">\n<div style=\"height:25px\" aria-hidden=\"true\" class=\"wp-block-spacer\"><\/div>\n<\/div>\n\n<div class=\"container media-text  align\">\n<div class=\"wp-block-media-text is-stacked-on-mobile\"><figure class=\"wp-block-media-text__media\"><img loading=\"lazy\" decoding=\"async\" width=\"600\" height=\"429\" src=\"https:\/\/www.novotek.com\/dk\/wp-content\/uploads\/sites\/4\/mes\/GEdigital_Proficy_Workflow_instructions.png\" alt=\"Proficy Workflow instruktioner\" class=\"wp-image-4665 size-full\" srcset=\"https:\/\/www.novotek.com\/dk\/wp-content\/uploads\/sites\/4\/mes\/GEdigital_Proficy_Workflow_instructions.png 600w, https:\/\/www.novotek.com\/dk\/wp-content\/uploads\/sites\/4\/mes\/GEdigital_Proficy_Workflow_instructions-300x215.png 300w\" sizes=\"auto, (max-width: 600px) 100vw, 600px\" \/><\/figure><div class=\"wp-block-media-text__content\"><div class=\"container-md heading  \">\n<h4 class=\"wp-block-heading\" id=\"h-opret-workflows\">Opret Workflows<\/h4>\n<\/div>\n\n<div class=\"container-md paragraph  \">\n<p>I dagens komplekse produktioner er det vigtigt, at det rigtige personale modtager den rigtige information, og kun disse kan foretage \u00e6ndringer. Med Proficy Workflow kan opgaver og begivenheder let delegeres. Objekter, arbejdsgange eller billeder kan kontrolleres, s\u00e5 kun bestemt personale har adgang, og du k\u00f8rer de korrekte operat\u00f8rhandlinger, &#8211; hver gang.&nbsp;<\/p>\n<\/div><\/div><\/div>\n<\/div>\n\n<div class=\"container media-text  align\">\n<div class=\"wp-block-media-text has-media-on-the-right is-stacked-on-mobile\"><div class=\"wp-block-media-text__content\"><div class=\"container-md heading  \">\n<h4 class=\"wp-block-heading\" id=\"h-handter-alarmer\">H\u00e5ndter alarmer<\/h4>\n<\/div>\n\n<div class=\"container-md paragraph  \">\n<p>Proficy Workflow kan integreres med b\u00e5de HMI\/SCADA og MES, og giver dig adgang til let alarmh\u00e5ndtering. Guidet h\u00e6ndelsesrespons reducerer tid brugt fejlfinding. <\/p>\n<\/div><\/div><figure class=\"wp-block-media-text__media\"><img loading=\"lazy\" decoding=\"async\" width=\"600\" height=\"429\" src=\"https:\/\/www.novotek.com\/dk\/wp-content\/uploads\/sites\/4\/mes\/GEDigital_Proficy_Workflow_Alarm.jpg\" alt=\"Proficy Workflow Alarm\" class=\"wp-image-4667 size-full\" srcset=\"https:\/\/www.novotek.com\/dk\/wp-content\/uploads\/sites\/4\/mes\/GEDigital_Proficy_Workflow_Alarm.jpg 600w, https:\/\/www.novotek.com\/dk\/wp-content\/uploads\/sites\/4\/mes\/GEDigital_Proficy_Workflow_Alarm-300x215.jpg 300w\" sizes=\"auto, (max-width: 600px) 100vw, 600px\" \/><\/figure><\/div>\n<\/div>\n\n<div class=\"container media-text  align\">\n<div class=\"wp-block-media-text is-stacked-on-mobile\"><figure class=\"wp-block-media-text__media\"><img loading=\"lazy\" decoding=\"async\" width=\"593\" height=\"346\" src=\"https:\/\/www.novotek.com\/dk\/wp-content\/uploads\/sites\/4\/mes\/GEdigital_Proficy_Workflow_documentation.png\" alt=\"Proficy Workflow dokumentation\" class=\"wp-image-4668 size-full\" srcset=\"https:\/\/www.novotek.com\/dk\/wp-content\/uploads\/sites\/4\/mes\/GEdigital_Proficy_Workflow_documentation.png 593w, https:\/\/www.novotek.com\/dk\/wp-content\/uploads\/sites\/4\/mes\/GEdigital_Proficy_Workflow_documentation-300x175.png 300w\" sizes=\"auto, (max-width: 593px) 100vw, 593px\" \/><\/figure><div class=\"wp-block-media-text__content\"><div class=\"container-md heading  \">\n<h4 class=\"wp-block-heading\" id=\"h-dokumenter-arbejdsprocessen\">Dokumenter arbejdsprocessen<\/h4>\n<\/div>\n\n<div class=\"container-md paragraph  \">\n<p>Opret og dokumenter hundredvis af arbejdsgange til <a href=\"https:\/\/www.novotek.com\/dk\/digitalisering\/\">digitalisering <\/a>af din virksomhed. Med detaljerede arbejdsgange bliver b\u00e5de sm\u00e5 og komplekse arbejdsopgaver hurtigere og lettere at gennemf\u00f8re &#8211; p\u00e5 den rigtige m\u00e5de.<\/p>\n<\/div><\/div><\/div>\n<\/div>\n\n<div class=\"container media-text  align\">\n<div class=\"wp-block-media-text has-media-on-the-right is-stacked-on-mobile\"><div class=\"wp-block-media-text__content\"><div class=\"container-md heading  \">\n<h4 class=\"wp-block-heading\" id=\"h-lav-rapporter\">Lav rapporter<\/h4>\n<\/div>\n\n<div class=\"container-md paragraph  \">\n<p>Analyser og optimer ydelsen af \u200b\u200bb\u00e5de arbejdsprocesser og personale. Gem opgaverelaterede oplysninger ved hj\u00e6lp af revisionssporet, og brug data til at generere rapporter. Proficy Workflow indeholder et udvalg af rapportskabeloner samt muligheden for at oprette dine egne.<\/p>\n<\/div><\/div><figure class=\"wp-block-media-text__media\"><img loading=\"lazy\" decoding=\"async\" width=\"600\" height=\"429\" src=\"https:\/\/www.novotek.com\/dk\/wp-content\/uploads\/sites\/4\/mes\/GEdigital_Proficy_Workflow_reports.png\" alt=\"Proficy Workflow rapporter\" class=\"wp-image-4666 size-full\" srcset=\"https:\/\/www.novotek.com\/dk\/wp-content\/uploads\/sites\/4\/mes\/GEdigital_Proficy_Workflow_reports.png 600w, https:\/\/www.novotek.com\/dk\/wp-content\/uploads\/sites\/4\/mes\/GEdigital_Proficy_Workflow_reports-300x215.png 300w\" sizes=\"auto, (max-width: 600px) 100vw, 600px\" \/><\/figure><\/div>\n<\/div>\n\n<div class=\"container-md heading  \">\n<h4 class=\"wp-block-heading\" id=\"h-operatorgraenseflade\">Operat\u00f8rgr\u00e6nseflade<\/h4>\n<\/div>\n\n<div class=\"container-md paragraph  \">\n<p>Proficy Workflow leveres med en grafisk brugergr\u00e6nseflade. Hver operation beskrives ved en eller flere arbejdsgange, der kan forbindes, k\u00f8res parallelt eller byttes. For let at bygge arbejdsgange f\u00e5r du en model af fabrikken, der viser, hvordan maskiner og udstyr er forbundet og p\u00e5virker hinanden. Brugere kan let interagere med hinanden, s\u00e5vel som med PLC&#8217;er og signaler fra andre systemer. Dette g\u00f8r det muligt at indsamle b\u00e5de manuelle og automatiske data. Brugere har adgang fra pc, mobil og tablet. Se Proficy Workflow i brug i videoen herunder.<\/p>\n<\/div>\n\n<div class=\"container-md spacer  \">\n<div style=\"height:25px\" aria-hidden=\"true\" class=\"wp-block-spacer\"><\/div>\n<\/div>\n\n<div class=\"container-md heading  \">\n<h4 class=\"wp-block-heading\" id=\"h-funktioner\">Funktioner<\/h4>\n<\/div>\n\n<div class=\"container-md list  \">\n<ul class=\"wp-block-list\"><div class=\"container-md list-item  \">\n<li>Interaktiv, trin-for-trin, arbejdsinstruktioner.<\/li>\n<\/div>\n\n<div class=\"container-md list-item  \">\n<li>Fungerer med dit PLC, HMI\/SCADA og MES system.<\/li>\n<\/div>\n\n<div class=\"container-md list-item  \">\n<li>G\u00f8r personalet i stand til at reagere hurtigere med f\u00e6rre fejl.<\/li>\n<\/div>\n\n<div class=\"container-md list-item  \">\n<li>Lige arbejdsinstruktioner reducerer uddannelsesomkostninger.<\/li>\n<\/div>\n\n<div class=\"container-md list-item  \">\n<li>Delegere opgaver og begivenheder til det rigtige personale.<\/li>\n<\/div>\n\n<div class=\"container-md list-item  \">\n<li>Fleksible workflows: Tilslut, k\u00f8r parallelt eller skift..&nbsp;<\/li>\n<\/div>\n\n<div class=\"container-md list-item  \">\n<li>Grafisk brugergr\u00e6nseflade med model over fabrikken, maskiner og udstyr.&nbsp;<\/li>\n<\/div>\n\n<div class=\"container-md list-item  \">\n<li>Digitale logfiler: Bedre sporbarhed og ingen mistede oplysninger.<\/li>\n<\/div>\n\n<div class=\"container-md list-item  \">\n<li>Digitale logger: Bedre sporbarhet og ingen tapt informasjon.<\/li>\n<\/div>\n\n<div class=\"container-md list-item  \">\n<li>Standardiserede og tilpassede rapportskabeloner.<\/li>\n<\/div>\n\n<div class=\"container-md list-item  \">\n<li>Adgang via PC, mobil og tablet.<\/li>\n<\/div><\/ul>\n<\/div>\n\n<div class=\"container-md spacer  \">\n<div style=\"height:10px\" aria-hidden=\"true\" class=\"wp-block-spacer\"><\/div>\n<\/div>\n\n<div class=\"container-md heading  \">\n<h2 class=\"wp-block-heading\" id=\"h-mere-konsekvent-produktion\">Mere konsekvent produktion<\/h2>\n<\/div>\n\n<div class=\"container-md paragraph  \">\n<p>Med Proficy Workflow kan du indsamle og bevare den viden, dine eksperter besidder, og bruge dette som en standard p\u00e5 tv\u00e6rs af virksomheden. Konsekvent, optimeret produktion giver h\u00f8jere kvalitet, f\u00e6rre fejl og bedre sikkerhed.<\/p>\n<\/div>\n\n<div class=\"container-md paragraph  \">\n<p>L\u00f8sningen leveres af GE Vernova, en verdensf\u00f8rende spiller inden for systemer tilpasset industriel automatisering og <a href=\"https:\/\/www.novotek.com\/dk\/digitalisering\/\">digitalisering<\/a>.<\/p>\n<\/div>\n\n<div class=\"container-md paragraph  \">\n<p>Vores konsulenter hj\u00e6lper dig med at finde den rigtige m\u00e5de at implementere l\u00f8sningen p\u00e5 i din virksomhed.<\/p>\n<\/div>\n\n<div class=\"container-md spacer  \">\n<div style=\"height:50px\" aria-hidden=\"true\" class=\"wp-block-spacer\"><\/div>\n<\/div>\n\n  <div class=\"slider-column-parent\">\n    <div class=\"container\">\n      <div class=\"slider-column-title\">Brug Proficy Workflow med<\/div>\n\n      <div class=\"row\">\n        <div class=\"col-12 col-md-4\"><div class=\"column-box\">\n  \n      <div class=\"title\">\n      HMI\/SCADA    <\/div>\n  \n      <div class=\"text\">\n      <p>F\u00e5 oversigt og kontrol over din produktion.<\/p>\n    <\/div>\n  \n      <a class=\"link\"  href=\"https:\/\/www.novotek.com\/dk\/automation\/hmi-scada\/\" target=\"\">\n      L\u00e6s mere om SCADA    <\/a>\n  \n  <\/div>\n\n<\/div><div class=\"col-12 col-md-4\"><div class=\"column-box\">\n  \n      <div class=\"title\">\n      MES    <\/div>\n  \n      <div class=\"text\">\n      <p>En samling af l\u00f8sninger til omfattende performance management af hele virksomheden.<\/p>\n    <\/div>\n  \n      <a class=\"link\"  href=\"https:\/\/www.novotek.com\/dk\/digitalisering\/mes\/\" target=\"\">\n      L\u00e6s mere om MES    <\/a>\n  \n  <\/div>\n\n<\/div>      <\/div>\n    <\/div>\n  <\/div>\n","protected":false},"excerpt":{"rendered":"<p>Digitaliser manuelle arbejdsopgaver og f\u00e5 bedre konsistens og forudsigelighed i produktionen.<\/p>\n","protected":false},"author":6,"featured_media":0,"parent":1251,"menu_order":0,"comment_status":"closed","ping_status":"closed","template":"","meta":{"_acf_changed":false,"_relevanssi_hide_post":"","_relevanssi_pin_for_all":"","_relevanssi_pin_keywords":"","_relevanssi_unpin_keywords":"","_relevanssi_related_keywords":"","_relevanssi_related_include_ids":"","_relevanssi_related_exclude_ids":"","_relevanssi_related_no_append":"","_relevanssi_related_not_related":"","_relevanssi_related_posts":"1","_relevanssi_noindex_reason":"","footnotes":""},"class_list":["post-1256","page","type-page","status-publish","hentry"],"acf":[],"yoast_head":"<!-- This site is optimized with the Yoast SEO plugin v27.4 - https:\/\/yoast.com\/product\/yoast-seo-wordpress\/ -->\n<title>Proficy Workflow - produc\u00e9r mere effektivt | Novotek<\/title>\n<meta name=\"description\" content=\"Digitalis\u00e9r manuelle arbejdsopgaver og f\u00e5 bedre konsistens og forudsigelighed i produktionen. Proficy Workflow. Kontakt os i dag!\" \/>\n<meta name=\"robots\" content=\"index, follow, max-snippet:-1, max-image-preview:large, max-video-preview:-1\" \/>\n<link rel=\"canonical\" href=\"https:\/\/www.novotek.com\/dk\/digitalisering\/mes\/proficy-workflow\/\" \/>\n<meta property=\"og:locale\" content=\"da_DK\" \/>\n<meta property=\"og:type\" content=\"article\" \/>\n<meta property=\"og:title\" content=\"Proficy Workflow - produc\u00e9r mere effektivt | Novotek\" \/>\n<meta property=\"og:description\" content=\"Digitalis\u00e9r manuelle arbejdsopgaver og f\u00e5 bedre konsistens og forudsigelighed i produktionen. Proficy Workflow. Kontakt os i dag!\" \/>\n<meta property=\"og:url\" content=\"https:\/\/www.novotek.com\/dk\/digitalisering\/mes\/proficy-workflow\/\" \/>\n<meta property=\"og:site_name\" content=\"Novotek Danmark\" \/>\n<meta property=\"article:modified_time\" content=\"2025-11-19T11:51:05+00:00\" \/>\n<meta property=\"og:image\" content=\"https:\/\/www.novotek.com\/dk\/wp-content\/uploads\/sites\/4\/mes\/GEdigital_Proficy_Workflow_instructions.png\" \/>\n<meta name=\"twitter:card\" content=\"summary_large_image\" \/>\n<meta name=\"twitter:label1\" content=\"Estimeret l\u00e6setid\" \/>\n\t<meta name=\"twitter:data1\" content=\"4 minutter\" \/>\n<script type=\"application\/ld+json\" class=\"yoast-schema-graph\">{\"@context\":\"https:\\\/\\\/schema.org\",\"@graph\":[{\"@type\":\"WebPage\",\"@id\":\"https:\\\/\\\/www.novotek.com\\\/dk\\\/digitalisering\\\/mes\\\/proficy-workflow\\\/\",\"url\":\"https:\\\/\\\/www.novotek.com\\\/dk\\\/digitalisering\\\/mes\\\/proficy-workflow\\\/\",\"name\":\"Proficy Workflow - produc\u00e9r mere effektivt | Novotek\",\"isPartOf\":{\"@id\":\"https:\\\/\\\/www.novotek.com\\\/dk\\\/#website\"},\"primaryImageOfPage\":{\"@id\":\"https:\\\/\\\/www.novotek.com\\\/dk\\\/digitalisering\\\/mes\\\/proficy-workflow\\\/#primaryimage\"},\"image\":{\"@id\":\"https:\\\/\\\/www.novotek.com\\\/dk\\\/digitalisering\\\/mes\\\/proficy-workflow\\\/#primaryimage\"},\"thumbnailUrl\":\"https:\\\/\\\/www.novotek.com\\\/dk\\\/wp-content\\\/uploads\\\/sites\\\/4\\\/mes\\\/GEdigital_Proficy_Workflow_instructions.png\",\"datePublished\":\"2021-08-13T13:15:59+00:00\",\"dateModified\":\"2025-11-19T11:51:05+00:00\",\"description\":\"Digitalis\u00e9r manuelle arbejdsopgaver og f\u00e5 bedre konsistens og forudsigelighed i produktionen. Proficy Workflow. Kontakt os i dag!\",\"breadcrumb\":{\"@id\":\"https:\\\/\\\/www.novotek.com\\\/dk\\\/digitalisering\\\/mes\\\/proficy-workflow\\\/#breadcrumb\"},\"inLanguage\":\"da-DK\",\"potentialAction\":[{\"@type\":\"ReadAction\",\"target\":[\"https:\\\/\\\/www.novotek.com\\\/dk\\\/digitalisering\\\/mes\\\/proficy-workflow\\\/\"]}]},{\"@type\":\"ImageObject\",\"inLanguage\":\"da-DK\",\"@id\":\"https:\\\/\\\/www.novotek.com\\\/dk\\\/digitalisering\\\/mes\\\/proficy-workflow\\\/#primaryimage\",\"url\":\"https:\\\/\\\/www.novotek.com\\\/dk\\\/wp-content\\\/uploads\\\/sites\\\/4\\\/mes\\\/GEdigital_Proficy_Workflow_instructions.png\",\"contentUrl\":\"https:\\\/\\\/www.novotek.com\\\/dk\\\/wp-content\\\/uploads\\\/sites\\\/4\\\/mes\\\/GEdigital_Proficy_Workflow_instructions.png\",\"width\":600,\"height\":429,\"caption\":\"Proficy Workflow instruktioner\"},{\"@type\":\"BreadcrumbList\",\"@id\":\"https:\\\/\\\/www.novotek.com\\\/dk\\\/digitalisering\\\/mes\\\/proficy-workflow\\\/#breadcrumb\",\"itemListElement\":[{\"@type\":\"ListItem\",\"position\":1,\"name\":\"Home\",\"item\":\"https:\\\/\\\/www.novotek.com\\\/dk\\\/\"},{\"@type\":\"ListItem\",\"position\":2,\"name\":\"Digitalisering\",\"item\":\"https:\\\/\\\/www.novotek.com\\\/dk\\\/digitalisering\\\/\"},{\"@type\":\"ListItem\",\"position\":3,\"name\":\"MES\",\"item\":\"https:\\\/\\\/www.novotek.com\\\/dk\\\/digitalisering\\\/mes\\\/\"},{\"@type\":\"ListItem\",\"position\":4,\"name\":\"Proficy Workflow\"}]},{\"@type\":\"WebSite\",\"@id\":\"https:\\\/\\\/www.novotek.com\\\/dk\\\/#website\",\"url\":\"https:\\\/\\\/www.novotek.com\\\/dk\\\/\",\"name\":\"Novotek Danmark\",\"description\":\"Automation, digitalisering og analyse\",\"publisher\":{\"@id\":\"https:\\\/\\\/www.novotek.com\\\/dk\\\/#organization\"},\"potentialAction\":[{\"@type\":\"SearchAction\",\"target\":{\"@type\":\"EntryPoint\",\"urlTemplate\":\"https:\\\/\\\/www.novotek.com\\\/dk\\\/?s={search_term_string}\"},\"query-input\":{\"@type\":\"PropertyValueSpecification\",\"valueRequired\":true,\"valueName\":\"search_term_string\"}}],\"inLanguage\":\"da-DK\"},{\"@type\":\"Organization\",\"@id\":\"https:\\\/\\\/www.novotek.com\\\/dk\\\/#organization\",\"name\":\"Novotek Danmark\",\"url\":\"https:\\\/\\\/www.novotek.com\\\/dk\\\/\",\"logo\":{\"@type\":\"ImageObject\",\"inLanguage\":\"da-DK\",\"@id\":\"https:\\\/\\\/www.novotek.com\\\/dk\\\/#\\\/schema\\\/logo\\\/image\\\/\",\"url\":\"https:\\\/\\\/www.novotek.com\\\/dk\\\/wp-content\\\/uploads\\\/sites\\\/4\\\/Denmark_files\\\/novotek-logotyp-rgb-pos.png\",\"contentUrl\":\"https:\\\/\\\/www.novotek.com\\\/dk\\\/wp-content\\\/uploads\\\/sites\\\/4\\\/Denmark_files\\\/novotek-logotyp-rgb-pos.png\",\"width\":1794,\"height\":520,\"caption\":\"Novotek Danmark\"},\"image\":{\"@id\":\"https:\\\/\\\/www.novotek.com\\\/dk\\\/#\\\/schema\\\/logo\\\/image\\\/\"},\"sameAs\":[\"https:\\\/\\\/www.linkedin.com\\\/company\\\/novotek-denmark\",\"https:\\\/\\\/www.youtube.com\\\/user\\\/NovotekCorp\"]}]}<\/script>\n<!-- \/ Yoast SEO plugin. -->","yoast_head_json":{"title":"Proficy Workflow - produc\u00e9r mere effektivt | Novotek","description":"Digitalis\u00e9r manuelle arbejdsopgaver og f\u00e5 bedre konsistens og forudsigelighed i produktionen. Proficy Workflow. Kontakt os i dag!","robots":{"index":"index","follow":"follow","max-snippet":"max-snippet:-1","max-image-preview":"max-image-preview:large","max-video-preview":"max-video-preview:-1"},"canonical":"https:\/\/www.novotek.com\/dk\/digitalisering\/mes\/proficy-workflow\/","og_locale":"da_DK","og_type":"article","og_title":"Proficy Workflow - produc\u00e9r mere effektivt | Novotek","og_description":"Digitalis\u00e9r manuelle arbejdsopgaver og f\u00e5 bedre konsistens og forudsigelighed i produktionen. Proficy Workflow. Kontakt os i dag!","og_url":"https:\/\/www.novotek.com\/dk\/digitalisering\/mes\/proficy-workflow\/","og_site_name":"Novotek Danmark","article_modified_time":"2025-11-19T11:51:05+00:00","og_image":[{"url":"https:\/\/www.novotek.com\/dk\/wp-content\/uploads\/sites\/4\/mes\/GEdigital_Proficy_Workflow_instructions.png","type":"","width":"","height":""}],"twitter_card":"summary_large_image","twitter_misc":{"Estimeret l\u00e6setid":"4 minutter"},"schema":{"@context":"https:\/\/schema.org","@graph":[{"@type":"WebPage","@id":"https:\/\/www.novotek.com\/dk\/digitalisering\/mes\/proficy-workflow\/","url":"https:\/\/www.novotek.com\/dk\/digitalisering\/mes\/proficy-workflow\/","name":"Proficy Workflow - produc\u00e9r mere effektivt | Novotek","isPartOf":{"@id":"https:\/\/www.novotek.com\/dk\/#website"},"primaryImageOfPage":{"@id":"https:\/\/www.novotek.com\/dk\/digitalisering\/mes\/proficy-workflow\/#primaryimage"},"image":{"@id":"https:\/\/www.novotek.com\/dk\/digitalisering\/mes\/proficy-workflow\/#primaryimage"},"thumbnailUrl":"https:\/\/www.novotek.com\/dk\/wp-content\/uploads\/sites\/4\/mes\/GEdigital_Proficy_Workflow_instructions.png","datePublished":"2021-08-13T13:15:59+00:00","dateModified":"2025-11-19T11:51:05+00:00","description":"Digitalis\u00e9r manuelle arbejdsopgaver og f\u00e5 bedre konsistens og forudsigelighed i produktionen. Proficy Workflow. Kontakt os i dag!","breadcrumb":{"@id":"https:\/\/www.novotek.com\/dk\/digitalisering\/mes\/proficy-workflow\/#breadcrumb"},"inLanguage":"da-DK","potentialAction":[{"@type":"ReadAction","target":["https:\/\/www.novotek.com\/dk\/digitalisering\/mes\/proficy-workflow\/"]}]},{"@type":"ImageObject","inLanguage":"da-DK","@id":"https:\/\/www.novotek.com\/dk\/digitalisering\/mes\/proficy-workflow\/#primaryimage","url":"https:\/\/www.novotek.com\/dk\/wp-content\/uploads\/sites\/4\/mes\/GEdigital_Proficy_Workflow_instructions.png","contentUrl":"https:\/\/www.novotek.com\/dk\/wp-content\/uploads\/sites\/4\/mes\/GEdigital_Proficy_Workflow_instructions.png","width":600,"height":429,"caption":"Proficy Workflow instruktioner"},{"@type":"BreadcrumbList","@id":"https:\/\/www.novotek.com\/dk\/digitalisering\/mes\/proficy-workflow\/#breadcrumb","itemListElement":[{"@type":"ListItem","position":1,"name":"Home","item":"https:\/\/www.novotek.com\/dk\/"},{"@type":"ListItem","position":2,"name":"Digitalisering","item":"https:\/\/www.novotek.com\/dk\/digitalisering\/"},{"@type":"ListItem","position":3,"name":"MES","item":"https:\/\/www.novotek.com\/dk\/digitalisering\/mes\/"},{"@type":"ListItem","position":4,"name":"Proficy Workflow"}]},{"@type":"WebSite","@id":"https:\/\/www.novotek.com\/dk\/#website","url":"https:\/\/www.novotek.com\/dk\/","name":"Novotek Danmark","description":"Automation, digitalisering og analyse","publisher":{"@id":"https:\/\/www.novotek.com\/dk\/#organization"},"potentialAction":[{"@type":"SearchAction","target":{"@type":"EntryPoint","urlTemplate":"https:\/\/www.novotek.com\/dk\/?s={search_term_string}"},"query-input":{"@type":"PropertyValueSpecification","valueRequired":true,"valueName":"search_term_string"}}],"inLanguage":"da-DK"},{"@type":"Organization","@id":"https:\/\/www.novotek.com\/dk\/#organization","name":"Novotek Danmark","url":"https:\/\/www.novotek.com\/dk\/","logo":{"@type":"ImageObject","inLanguage":"da-DK","@id":"https:\/\/www.novotek.com\/dk\/#\/schema\/logo\/image\/","url":"https:\/\/www.novotek.com\/dk\/wp-content\/uploads\/sites\/4\/Denmark_files\/novotek-logotyp-rgb-pos.png","contentUrl":"https:\/\/www.novotek.com\/dk\/wp-content\/uploads\/sites\/4\/Denmark_files\/novotek-logotyp-rgb-pos.png","width":1794,"height":520,"caption":"Novotek Danmark"},"image":{"@id":"https:\/\/www.novotek.com\/dk\/#\/schema\/logo\/image\/"},"sameAs":["https:\/\/www.linkedin.com\/company\/novotek-denmark","https:\/\/www.youtube.com\/user\/NovotekCorp"]}]}},"_links":{"self":[{"href":"https:\/\/www.novotek.com\/dk\/wp-json\/wp\/v2\/pages\/1256","targetHints":{"allow":["GET"]}}],"collection":[{"href":"https:\/\/www.novotek.com\/dk\/wp-json\/wp\/v2\/pages"}],"about":[{"href":"https:\/\/www.novotek.com\/dk\/wp-json\/wp\/v2\/types\/page"}],"author":[{"embeddable":true,"href":"https:\/\/www.novotek.com\/dk\/wp-json\/wp\/v2\/users\/6"}],"replies":[{"embeddable":true,"href":"https:\/\/www.novotek.com\/dk\/wp-json\/wp\/v2\/comments?post=1256"}],"version-history":[{"count":20,"href":"https:\/\/www.novotek.com\/dk\/wp-json\/wp\/v2\/pages\/1256\/revisions"}],"predecessor-version":[{"id":11756,"href":"https:\/\/www.novotek.com\/dk\/wp-json\/wp\/v2\/pages\/1256\/revisions\/11756"}],"up":[{"embeddable":true,"href":"https:\/\/www.novotek.com\/dk\/wp-json\/wp\/v2\/pages\/1251"}],"wp:attachment":[{"href":"https:\/\/www.novotek.com\/dk\/wp-json\/wp\/v2\/media?parent=1256"}],"curies":[{"name":"wp","href":"https:\/\/api.w.org\/{rel}","templated":true}]}}