{"id":1386,"date":"2021-08-18T10:29:36","date_gmt":"2021-08-18T10:29:36","guid":{"rendered":"https:\/\/www.novotek.com\/dk\/?page_id=1386"},"modified":"2026-02-26T08:02:10","modified_gmt":"2026-02-26T08:02:10","slug":"teknisk-support","status":"publish","type":"page","link":"https:\/\/www.novotek.com\/dk\/ydelser\/teknisk-support\/","title":{"rendered":"Teknisk support"},"content":{"rendered":"  <div class=\"hero\">\n    <div class=\"carousel hero-slider large\" data-flickity data-flickity-options='{\"prevNextButtons\": false}'>\n              <div class=\"carousel-cell\">\n          <div class=\"container\">\n            <div class=\"hero-content\">\n                              <h1>Teknisk support<\/h1>\n<p><a>Har du brug for hj\u00e6lp til dine l\u00f8sninger eller produkter? Vi er tilg\u00e6ngelige for teknisk support.<\/a><\/p>\n              \n                          <\/div>\n          <\/div>\n\n          <img decoding=\"async\" width=\"1024\" height=\"427\" src=\"https:\/\/www.novotek.com\/dk\/wp-content\/uploads\/sites\/4\/Novotek_teknisksupport_duotone_1920x800-1-min-1024x427.jpg\" class=\"hero-bg\" alt=\"Hero Img\" fetchpriority=\"high\" srcset=\"https:\/\/www.novotek.com\/dk\/wp-content\/uploads\/sites\/4\/Novotek_teknisksupport_duotone_1920x800-1-min-1024x427.jpg 1024w, https:\/\/www.novotek.com\/dk\/wp-content\/uploads\/sites\/4\/Novotek_teknisksupport_duotone_1920x800-1-min-300x125.jpg 300w, https:\/\/www.novotek.com\/dk\/wp-content\/uploads\/sites\/4\/Novotek_teknisksupport_duotone_1920x800-1-min-768x320.jpg 768w, https:\/\/www.novotek.com\/dk\/wp-content\/uploads\/sites\/4\/Novotek_teknisksupport_duotone_1920x800-1-min-1536x640.jpg 1536w, https:\/\/www.novotek.com\/dk\/wp-content\/uploads\/sites\/4\/Novotek_teknisksupport_duotone_1920x800-1-min.jpg 1920w\" sizes=\"(max-width: 1024px) 100vw, 1024px\" \/>                  <\/div>\n          <\/div>\n\n      <\/div>\n\n   <div class=\"floating-breadcrumb\"><div class=\"container\"><span><span><a href=\"https:\/\/www.novotek.com\/dk\/\" class=\"breadcrumb-frontpage\">Home<\/a><\/span><\/span><\/div><\/div>\n\n\n\n\n<div class=\"container-md paragraph  \">\n<p>At yde god teknisk support er en af \u200b\u200bvores vigtigste opgaver. Vores supportafdeling er tilg\u00e6ngelig via e-mail og telefon hver hverdag.<\/p>\n<\/div>\n\n<div class=\"container-md paragraph  \">\n<p>Telefon: <a href=\"tel:43433717\"><strong>+45 43 43 37 17<\/strong><\/a> &#8211; <strong>SP\u00d8RG EFTER SUPPORT<\/strong><br>Mail: <a href=\"mailto:suppport.denmark@novotek.com\" target=\"_blank\" rel=\"noreferrer noopener\"><\/a><a href=\"mailto:support.denmark@novotek.com\" target=\"_blank\" rel=\"noreferrer noopener\">support.denmark@novotek.com<\/a><\/p>\n<\/div>\n\n<div class=\"container-md paragraph  \">\n<p>\u00c5bningstider: Mandag &#8211; fredag \u200b\u200b08.00-16.00.<\/p>\n<\/div>\n\n<div class=\"container-md paragraph  \">\n<p><\/p>\n<\/div>\n\n<div class=\"container-md paragraph  \">\n<p><strong><a href=\"https:\/\/get.teamviewer.com\/64ekjhp\" target=\"_blank\" rel=\"noreferrer noopener\">Download Novotek Quicksupport her<\/a><\/strong><\/p>\n<\/div>\n\n<div class=\"container-md spacer  \">\n<div style=\"height:50px\" aria-hidden=\"true\" class=\"wp-block-spacer\"><\/div>\n<\/div>\n\n  <div class=\"slider-column-parent\">\n    <div class=\"container\">\n      <div class=\"slider-column-title\">Flere ydelser<\/div>\n\n      <div class=\"row\">\n        <div class=\"col-12 col-md-4\"><div class=\"column-box\">\n  \n      <div class=\"title\">\n      Service- og supportaftaler    <\/div>\n  \n      <div class=\"text\">\n      <p>Vi tilbyder forskellige service- og supportaftaler.<\/p>\n    <\/div>\n  \n      <a class=\"link\"  href=\"https:\/\/www.novotek.com\/dk\/ydelser\/service-og-supportaftaler\/\" target=\"\">\n      L\u00e6s mere    <\/a>\n  \n  <\/div>\n\n<\/div><div class=\"col-12 col-md-4\"><div class=\"column-box\">\n  \n      <div class=\"title\">\n      Kursus    <\/div>\n  \n      <div class=\"text\">\n      <p>Vi tilbyder b\u00e5de grundl\u00e6ggende produkttr\u00e6ning og kurser i mere avancerede funktioner.<\/p>\n    <\/div>\n  \n      <a class=\"link\"  href=\"https:\/\/www.novotek.com\/dk\/kurser-hos-novotek\/\" target=\"\">\n      L\u00e6s mere     <\/a>\n  \n  <\/div>\n\n<\/div>      <\/div>\n    <\/div>\n  <\/div>\n","protected":false},"excerpt":{"rendered":"<p>Vi er tilg\u00e6ngelige for teknisk support. Kontakt vores supportafdeling p\u00e5 support.denmark@novotek.com. \u00c5bningstider: Mandag &#8211; fredag \u200b\u200b08.00-16.00.<\/p>\n","protected":false},"author":6,"featured_media":1389,"parent":1385,"menu_order":1,"comment_status":"closed","ping_status":"closed","template":"","meta":{"_acf_changed":false,"_relevanssi_hide_post":"","_relevanssi_pin_for_all":"","_relevanssi_pin_keywords":"","_relevanssi_unpin_keywords":"","_relevanssi_related_keywords":"","_relevanssi_related_include_ids":"","_relevanssi_related_exclude_ids":"","_relevanssi_related_no_append":"","_relevanssi_related_not_related":"","_relevanssi_related_posts":"1","_relevanssi_noindex_reason":"","footnotes":""},"class_list":["post-1386","page","type-page","status-publish","has-post-thumbnail","hentry"],"acf":[],"yoast_head":"<!-- This site is optimized with the Yoast SEO plugin v27.3 - https:\/\/yoast.com\/product\/yoast-seo-wordpress\/ -->\n<title>Teknisk support - Vi kan hj\u00e6lpe dig | Novotek<\/title>\n<meta name=\"description\" content=\"Vi er tilg\u00e6ngelige for teknisk support. Kontakt vores supportafdeling p\u00e5 support@novotek.dk. \u00c5bningstider: Mandag - fredag \u200b\u200b08.00-16.00.\" \/>\n<meta name=\"robots\" content=\"index, follow, max-snippet:-1, max-image-preview:large, max-video-preview:-1\" \/>\n<link rel=\"canonical\" href=\"https:\/\/www.novotek.com\/dk\/ydelser\/teknisk-support\/\" \/>\n<meta property=\"og:locale\" content=\"da_DK\" \/>\n<meta property=\"og:type\" content=\"article\" \/>\n<meta property=\"og:title\" content=\"Teknisk support - Vi kan hj\u00e6lpe dig | Novotek\" \/>\n<meta property=\"og:description\" content=\"Vi er tilg\u00e6ngelige for teknisk support. Kontakt vores supportafdeling p\u00e5 support@novotek.dk. \u00c5bningstider: Mandag - fredag \u200b\u200b08.00-16.00.\" \/>\n<meta property=\"og:url\" content=\"https:\/\/www.novotek.com\/dk\/ydelser\/teknisk-support\/\" \/>\n<meta property=\"og:site_name\" content=\"Novotek Danmark\" \/>\n<meta property=\"article:modified_time\" content=\"2026-02-26T08:02:10+00:00\" \/>\n<meta property=\"og:image\" content=\"https:\/\/www.novotek.com\/dk\/wp-content\/uploads\/sites\/4\/Novotek_teknisksupport_duotone_1920x800-1.jpg\" \/>\n\t<meta property=\"og:image:width\" content=\"1920\" \/>\n\t<meta property=\"og:image:height\" content=\"800\" \/>\n\t<meta property=\"og:image:type\" content=\"image\/jpeg\" \/>\n<meta name=\"twitter:card\" content=\"summary_large_image\" \/>\n<meta name=\"twitter:label1\" content=\"Estimeret l\u00e6setid\" \/>\n\t<meta name=\"twitter:data1\" content=\"1 minut\" \/>\n<script type=\"application\/ld+json\" class=\"yoast-schema-graph\">{\"@context\":\"https:\\\/\\\/schema.org\",\"@graph\":[{\"@type\":\"WebPage\",\"@id\":\"https:\\\/\\\/www.novotek.com\\\/dk\\\/ydelser\\\/teknisk-support\\\/\",\"url\":\"https:\\\/\\\/www.novotek.com\\\/dk\\\/ydelser\\\/teknisk-support\\\/\",\"name\":\"Teknisk support - Vi kan hj\u00e6lpe dig | Novotek\",\"isPartOf\":{\"@id\":\"https:\\\/\\\/www.novotek.com\\\/dk\\\/#website\"},\"primaryImageOfPage\":{\"@id\":\"https:\\\/\\\/www.novotek.com\\\/dk\\\/ydelser\\\/teknisk-support\\\/#primaryimage\"},\"image\":{\"@id\":\"https:\\\/\\\/www.novotek.com\\\/dk\\\/ydelser\\\/teknisk-support\\\/#primaryimage\"},\"thumbnailUrl\":\"https:\\\/\\\/www.novotek.com\\\/dk\\\/wp-content\\\/uploads\\\/sites\\\/4\\\/Novotek_teknisksupport_duotone_1920x800-1.jpg\",\"datePublished\":\"2021-08-18T10:29:36+00:00\",\"dateModified\":\"2026-02-26T08:02:10+00:00\",\"description\":\"Vi er tilg\u00e6ngelige for teknisk support. Kontakt vores supportafdeling p\u00e5 support@novotek.dk. \u00c5bningstider: Mandag - fredag \u200b\u200b08.00-16.00.\",\"breadcrumb\":{\"@id\":\"https:\\\/\\\/www.novotek.com\\\/dk\\\/ydelser\\\/teknisk-support\\\/#breadcrumb\"},\"inLanguage\":\"da-DK\",\"potentialAction\":[{\"@type\":\"ReadAction\",\"target\":[\"https:\\\/\\\/www.novotek.com\\\/dk\\\/ydelser\\\/teknisk-support\\\/\"]}]},{\"@type\":\"ImageObject\",\"inLanguage\":\"da-DK\",\"@id\":\"https:\\\/\\\/www.novotek.com\\\/dk\\\/ydelser\\\/teknisk-support\\\/#primaryimage\",\"url\":\"https:\\\/\\\/www.novotek.com\\\/dk\\\/wp-content\\\/uploads\\\/sites\\\/4\\\/Novotek_teknisksupport_duotone_1920x800-1.jpg\",\"contentUrl\":\"https:\\\/\\\/www.novotek.com\\\/dk\\\/wp-content\\\/uploads\\\/sites\\\/4\\\/Novotek_teknisksupport_duotone_1920x800-1.jpg\",\"width\":1920,\"height\":800},{\"@type\":\"BreadcrumbList\",\"@id\":\"https:\\\/\\\/www.novotek.com\\\/dk\\\/ydelser\\\/teknisk-support\\\/#breadcrumb\",\"itemListElement\":[{\"@type\":\"ListItem\",\"position\":1,\"name\":\"Home\",\"item\":\"https:\\\/\\\/www.novotek.com\\\/dk\\\/\"},{\"@type\":\"ListItem\",\"position\":2,\"name\":\"Support\",\"item\":\"https:\\\/\\\/www.novotek.com\\\/dk\\\/ydelser\\\/\"},{\"@type\":\"ListItem\",\"position\":3,\"name\":\"Teknisk support\"}]},{\"@type\":\"WebSite\",\"@id\":\"https:\\\/\\\/www.novotek.com\\\/dk\\\/#website\",\"url\":\"https:\\\/\\\/www.novotek.com\\\/dk\\\/\",\"name\":\"Novotek Danmark\",\"description\":\"Automation, digitalisering og analyse\",\"publisher\":{\"@id\":\"https:\\\/\\\/www.novotek.com\\\/dk\\\/#organization\"},\"potentialAction\":[{\"@type\":\"SearchAction\",\"target\":{\"@type\":\"EntryPoint\",\"urlTemplate\":\"https:\\\/\\\/www.novotek.com\\\/dk\\\/?s={search_term_string}\"},\"query-input\":{\"@type\":\"PropertyValueSpecification\",\"valueRequired\":true,\"valueName\":\"search_term_string\"}}],\"inLanguage\":\"da-DK\"},{\"@type\":\"Organization\",\"@id\":\"https:\\\/\\\/www.novotek.com\\\/dk\\\/#organization\",\"name\":\"Novotek Danmark\",\"url\":\"https:\\\/\\\/www.novotek.com\\\/dk\\\/\",\"logo\":{\"@type\":\"ImageObject\",\"inLanguage\":\"da-DK\",\"@id\":\"https:\\\/\\\/www.novotek.com\\\/dk\\\/#\\\/schema\\\/logo\\\/image\\\/\",\"url\":\"https:\\\/\\\/www.novotek.com\\\/dk\\\/wp-content\\\/uploads\\\/sites\\\/4\\\/Denmark_files\\\/novotek-logotyp-rgb-pos.png\",\"contentUrl\":\"https:\\\/\\\/www.novotek.com\\\/dk\\\/wp-content\\\/uploads\\\/sites\\\/4\\\/Denmark_files\\\/novotek-logotyp-rgb-pos.png\",\"width\":1794,\"height\":520,\"caption\":\"Novotek Danmark\"},\"image\":{\"@id\":\"https:\\\/\\\/www.novotek.com\\\/dk\\\/#\\\/schema\\\/logo\\\/image\\\/\"},\"sameAs\":[\"https:\\\/\\\/www.linkedin.com\\\/company\\\/novotek-denmark\",\"https:\\\/\\\/www.youtube.com\\\/user\\\/NovotekCorp\"]}]}<\/script>\n<!-- \/ Yoast SEO plugin. -->","yoast_head_json":{"title":"Teknisk support - Vi kan hj\u00e6lpe dig | Novotek","description":"Vi er tilg\u00e6ngelige for teknisk support. Kontakt vores supportafdeling p\u00e5 support@novotek.dk. \u00c5bningstider: Mandag - fredag \u200b\u200b08.00-16.00.","robots":{"index":"index","follow":"follow","max-snippet":"max-snippet:-1","max-image-preview":"max-image-preview:large","max-video-preview":"max-video-preview:-1"},"canonical":"https:\/\/www.novotek.com\/dk\/ydelser\/teknisk-support\/","og_locale":"da_DK","og_type":"article","og_title":"Teknisk support - Vi kan hj\u00e6lpe dig | Novotek","og_description":"Vi er tilg\u00e6ngelige for teknisk support. Kontakt vores supportafdeling p\u00e5 support@novotek.dk. \u00c5bningstider: Mandag - fredag \u200b\u200b08.00-16.00.","og_url":"https:\/\/www.novotek.com\/dk\/ydelser\/teknisk-support\/","og_site_name":"Novotek Danmark","article_modified_time":"2026-02-26T08:02:10+00:00","og_image":[{"width":1920,"height":800,"url":"https:\/\/www.novotek.com\/dk\/wp-content\/uploads\/sites\/4\/Novotek_teknisksupport_duotone_1920x800-1.jpg","type":"image\/jpeg"}],"twitter_card":"summary_large_image","twitter_misc":{"Estimeret l\u00e6setid":"1 minut"},"schema":{"@context":"https:\/\/schema.org","@graph":[{"@type":"WebPage","@id":"https:\/\/www.novotek.com\/dk\/ydelser\/teknisk-support\/","url":"https:\/\/www.novotek.com\/dk\/ydelser\/teknisk-support\/","name":"Teknisk support - Vi kan hj\u00e6lpe dig | Novotek","isPartOf":{"@id":"https:\/\/www.novotek.com\/dk\/#website"},"primaryImageOfPage":{"@id":"https:\/\/www.novotek.com\/dk\/ydelser\/teknisk-support\/#primaryimage"},"image":{"@id":"https:\/\/www.novotek.com\/dk\/ydelser\/teknisk-support\/#primaryimage"},"thumbnailUrl":"https:\/\/www.novotek.com\/dk\/wp-content\/uploads\/sites\/4\/Novotek_teknisksupport_duotone_1920x800-1.jpg","datePublished":"2021-08-18T10:29:36+00:00","dateModified":"2026-02-26T08:02:10+00:00","description":"Vi er tilg\u00e6ngelige for teknisk support. Kontakt vores supportafdeling p\u00e5 support@novotek.dk. \u00c5bningstider: Mandag - fredag \u200b\u200b08.00-16.00.","breadcrumb":{"@id":"https:\/\/www.novotek.com\/dk\/ydelser\/teknisk-support\/#breadcrumb"},"inLanguage":"da-DK","potentialAction":[{"@type":"ReadAction","target":["https:\/\/www.novotek.com\/dk\/ydelser\/teknisk-support\/"]}]},{"@type":"ImageObject","inLanguage":"da-DK","@id":"https:\/\/www.novotek.com\/dk\/ydelser\/teknisk-support\/#primaryimage","url":"https:\/\/www.novotek.com\/dk\/wp-content\/uploads\/sites\/4\/Novotek_teknisksupport_duotone_1920x800-1.jpg","contentUrl":"https:\/\/www.novotek.com\/dk\/wp-content\/uploads\/sites\/4\/Novotek_teknisksupport_duotone_1920x800-1.jpg","width":1920,"height":800},{"@type":"BreadcrumbList","@id":"https:\/\/www.novotek.com\/dk\/ydelser\/teknisk-support\/#breadcrumb","itemListElement":[{"@type":"ListItem","position":1,"name":"Home","item":"https:\/\/www.novotek.com\/dk\/"},{"@type":"ListItem","position":2,"name":"Support","item":"https:\/\/www.novotek.com\/dk\/ydelser\/"},{"@type":"ListItem","position":3,"name":"Teknisk support"}]},{"@type":"WebSite","@id":"https:\/\/www.novotek.com\/dk\/#website","url":"https:\/\/www.novotek.com\/dk\/","name":"Novotek Danmark","description":"Automation, digitalisering og analyse","publisher":{"@id":"https:\/\/www.novotek.com\/dk\/#organization"},"potentialAction":[{"@type":"SearchAction","target":{"@type":"EntryPoint","urlTemplate":"https:\/\/www.novotek.com\/dk\/?s={search_term_string}"},"query-input":{"@type":"PropertyValueSpecification","valueRequired":true,"valueName":"search_term_string"}}],"inLanguage":"da-DK"},{"@type":"Organization","@id":"https:\/\/www.novotek.com\/dk\/#organization","name":"Novotek Danmark","url":"https:\/\/www.novotek.com\/dk\/","logo":{"@type":"ImageObject","inLanguage":"da-DK","@id":"https:\/\/www.novotek.com\/dk\/#\/schema\/logo\/image\/","url":"https:\/\/www.novotek.com\/dk\/wp-content\/uploads\/sites\/4\/Denmark_files\/novotek-logotyp-rgb-pos.png","contentUrl":"https:\/\/www.novotek.com\/dk\/wp-content\/uploads\/sites\/4\/Denmark_files\/novotek-logotyp-rgb-pos.png","width":1794,"height":520,"caption":"Novotek Danmark"},"image":{"@id":"https:\/\/www.novotek.com\/dk\/#\/schema\/logo\/image\/"},"sameAs":["https:\/\/www.linkedin.com\/company\/novotek-denmark","https:\/\/www.youtube.com\/user\/NovotekCorp"]}]}},"_links":{"self":[{"href":"https:\/\/www.novotek.com\/dk\/wp-json\/wp\/v2\/pages\/1386","targetHints":{"allow":["GET"]}}],"collection":[{"href":"https:\/\/www.novotek.com\/dk\/wp-json\/wp\/v2\/pages"}],"about":[{"href":"https:\/\/www.novotek.com\/dk\/wp-json\/wp\/v2\/types\/page"}],"author":[{"embeddable":true,"href":"https:\/\/www.novotek.com\/dk\/wp-json\/wp\/v2\/users\/6"}],"replies":[{"embeddable":true,"href":"https:\/\/www.novotek.com\/dk\/wp-json\/wp\/v2\/comments?post=1386"}],"version-history":[{"count":17,"href":"https:\/\/www.novotek.com\/dk\/wp-json\/wp\/v2\/pages\/1386\/revisions"}],"predecessor-version":[{"id":13129,"href":"https:\/\/www.novotek.com\/dk\/wp-json\/wp\/v2\/pages\/1386\/revisions\/13129"}],"up":[{"embeddable":true,"href":"https:\/\/www.novotek.com\/dk\/wp-json\/wp\/v2\/pages\/1385"}],"wp:featuredmedia":[{"embeddable":true,"href":"https:\/\/www.novotek.com\/dk\/wp-json\/wp\/v2\/media\/1389"}],"wp:attachment":[{"href":"https:\/\/www.novotek.com\/dk\/wp-json\/wp\/v2\/media?parent=1386"}],"curies":[{"name":"wp","href":"https:\/\/api.w.org\/{rel}","templated":true}]}}