{"id":1387,"date":"2021-08-18T10:38:42","date_gmt":"2021-08-18T10:38:42","guid":{"rendered":"https:\/\/www.novotek.com\/dk\/?page_id=1387"},"modified":"2023-05-24T08:17:45","modified_gmt":"2023-05-24T08:17:45","slug":"service-og-supportaftaler","status":"publish","type":"page","link":"https:\/\/www.novotek.com\/dk\/ydelser\/service-og-supportaftaler\/","title":{"rendered":"Service- og supportaftaler"},"content":{"rendered":"  <div class=\"hero\">\n    <div class=\"carousel hero-slider large\" data-flickity data-flickity-options='{\"prevNextButtons\": false}'>\n              <div class=\"carousel-cell\">\n          <div class=\"container\">\n            <div class=\"hero-content\">\n                              <h1>Service- og supportaftaler<\/h1>\n<p><a>Vi tilbyder forskellige service- og supportaftaler, der kan tilpasses din virksomhed.<\/a><\/p>\n              \n                          <\/div>\n          <\/div>\n\n          <img decoding=\"async\" width=\"1024\" height=\"426\" src=\"https:\/\/www.novotek.com\/dk\/wp-content\/uploads\/sites\/4\/Novotek_service_og_supportavtaler_duotone_1920x800_-1-min-1024x426.jpg\" class=\"hero-bg\" alt=\"Hero Img\" fetchpriority=\"high\" srcset=\"https:\/\/www.novotek.com\/dk\/wp-content\/uploads\/sites\/4\/Novotek_service_og_supportavtaler_duotone_1920x800_-1-min-1024x426.jpg 1024w, https:\/\/www.novotek.com\/dk\/wp-content\/uploads\/sites\/4\/Novotek_service_og_supportavtaler_duotone_1920x800_-1-min-300x125.jpg 300w, https:\/\/www.novotek.com\/dk\/wp-content\/uploads\/sites\/4\/Novotek_service_og_supportavtaler_duotone_1920x800_-1-min-768x320.jpg 768w, https:\/\/www.novotek.com\/dk\/wp-content\/uploads\/sites\/4\/Novotek_service_og_supportavtaler_duotone_1920x800_-1-min-1536x639.jpg 1536w, https:\/\/www.novotek.com\/dk\/wp-content\/uploads\/sites\/4\/Novotek_service_og_supportavtaler_duotone_1920x800_-1-min.jpg 1920w\" sizes=\"(max-width: 1024px) 100vw, 1024px\" \/>                  <\/div>\n          <\/div>\n\n      <\/div>\n\n   \n\n\n\n\n<div class=\"container-md paragraph  \">\n<p>Komplekse anl\u00e6g og produktionsmilj\u00f8er har ofte lignende komplekse supportbehov. Derfor tilbyder vi forskellige service- og supportaftaler, s\u00e5 du kan v\u00e6re sikker p\u00e5, at du f\u00e5r den hj\u00e6lp og vejledning, du har brug for &#8211; n\u00e5r du har brug for det.<\/p>\n<\/div>\n\n<div class=\"container-md paragraph  \">\n<p>Vi \u00f8nsker at levere et kontinuerligt h\u00f8jt serviceniveau til alle vores kunder. Vores supportmodel betyder, at vi giver dig hurtige og effektive l\u00f8sninger p\u00e5 dine udfordringer i hele produktets levetid. Forskellige service- og supportaftaler kan tilpasses, s\u00e5 du f\u00e5r en supportl\u00f8sning, der passer til dig og din virksomhed.<\/p>\n<\/div>\n\n<div class=\"container-md paragraph  \">\n<p>Vil du have en service- og supportaftale? Se vores forskellige aftaler herunder, og kontakt os p\u00e5 info@novotek.dk eller via vores kontaktformular.<\/p>\n<\/div>\n\n<div class=\"container-md spacer  \">\n<div style=\"height:10px\" aria-hidden=\"true\" class=\"wp-block-spacer\"><\/div>\n<\/div>\n\n<div class=\"container-md heading  \">\n<h2 class=\"wp-block-heading\" id=\"h-vores-service-og-supportaftaler\">Vores service- og supportaftaler<\/h2>\n<\/div>\n\n<div class=\"container-md heading  \">\n<h4 class=\"wp-block-heading\" id=\"h-service-abonnementer\"><strong>Service abonnementer<\/strong><\/h4>\n<\/div>\n\n<div class=\"container-md paragraph  \">\n<p>Alle brugere har behov for support og det er&nbsp;Novoteks fornemste opgave at s\u00f8rge for at alle kunder og brugere har en f\u00f8rste klasses oplevelse af og med de produkter og l\u00f8sninger som Novotek leverer.<\/p>\n<\/div>\n\n<div class=\"container-md paragraph  \">\n<p>Derfor har vi udviklet de 2 abonnementer <strong>Novotek Support Subscription &#8211; NSS<\/strong> og <strong>Product Upgrade Subscription &#8211; PUS<\/strong>, som er kompliment\u00e6re&nbsp;ydelser, der kan tilfredsstille selv meget komplicerede supportbehov.<\/p>\n<\/div>\n\n<div class=\"container-md paragraph  \">\n<p>Vi tilbyder hele tiden et h\u00f8jt serviceniveau for din produktionsproces efter behov.<\/p>\n<\/div>\n\n<div class=\"container-md heading  \">\n<h4 class=\"wp-block-heading\" id=\"h-novotek-support-subscription-nss\">Novotek Support Subscription &#8211; NSS<\/h4>\n<\/div>\n\n<div class=\"container-md paragraph  \">\n<p>Er et abonnement der&nbsp;garanterer, at Novotek Support frit (uden yderligere omkostninger for dig), kan kontaktes p\u00e5 telefonen indenfor vores normale \u00e5bningstid. Supporten er altid bemandet i vores \u00e5bningstid og vores supportere har lang erfaring og dyb viden omkring de produkter og l\u00f8sninger, som vi s\u00e6lger.<\/p>\n<\/div>\n\n<div class=\"container-md paragraph  \">\n<p>Novotek Support hj\u00e6lper med alle problemer indenfor&nbsp;vores leverance&nbsp;for derigennem at give kunden den bedste oplevelse. Vi tilbyder fejlrettelser til allerede fundne fejl, hj\u00e6lp til fejlfinding &#8211; dog ikke hj\u00e6lp til egentlig applikationsudvikling i st\u00f8rre omfang.<\/p>\n<\/div>\n\n<div class=\"container-md paragraph  \">\n<p>&nbsp;<\/p>\n<\/div>\n\n<div class=\"container-md heading  \">\n<h4 class=\"wp-block-heading\" id=\"h-product-upgrade-subscription-pus\"><strong>Product Upgrade Subscription<\/strong> &#8211; PUS<\/h4>\n<\/div>\n\n<div class=\"container-md paragraph  \">\n<p>Er et abonnement der sikrer at de k\u00f8bte produkter altid er up-to-date, idet alle nye versioner og revisioner af produkterne kan bestilles frit uden yderligere omkostninger, s\u00e5ledes at du som kunde altid har maksimal gl\u00e6de af produkterne. Da produkterne hele tiden udvikles med nye faciliteter og muligheder, support for nyeste version af operativsystem o.s.v er det et abonnement, som i de fleste tilf\u00e6lde er uundv\u00e6rligt og meget&nbsp;\u00f8konomisk fordelagtig.<\/p>\n<\/div>\n\n<div class=\"container-md paragraph  \">\n<p>Herudover er alle ydelser n\u00e6vnt under NSS inkluderet.<\/p>\n<\/div>\n\n<div class=\"container-md paragraph  \">\n<p>Afslutningsvis giver&nbsp;PUS yderligere ret til at kunne kontakte GE&nbsp;Intelligent Platforms&nbsp;support direkte via telefon hele d\u00f8gnet rundt 365 dage om \u00e5ret eller via web med adgang til GE&nbsp;Intelligent Platforms&nbsp;Case Management System, online Knowledge Center med bruger forum, manualer, eksempler for download og meget mere.<\/p>\n<\/div>\n\n<div class=\"container-md spacer  \">\n<div style=\"height:50px\" aria-hidden=\"true\" class=\"wp-block-spacer\"><\/div>\n<\/div>\n\n  <div class=\"slider-column-parent\">\n    <div class=\"container\">\n      <div class=\"slider-column-title\">Flere tjenester<\/div>\n\n      <div class=\"row\">\n        <div class=\"col-12 col-md-4\"><div class=\"column-box\">\n  \n      <div class=\"title\">\n      Teknisk support    <\/div>\n  \n      <div class=\"text\">\n      <p>Har du brug for hj\u00e6lp til dine l\u00f8sninger eller produkter? Vi er tilg\u00e6ngelige for teknisk support.<\/p>\n    <\/div>\n  \n      <a class=\"link\"  href=\"https:\/\/www.novotek.com\/dk\/ydelser\/teknisk-support\/\" target=\"\">\n      L\u00e6s mere    <\/a>\n  \n  <\/div>\n\n<\/div><div class=\"col-12 col-md-4\"><div class=\"column-box\">\n  \n      <div class=\"title\">\n      Kursus    <\/div>\n  \n      <div class=\"text\">\n      <p>Vi tilbyder b\u00e5de grundl\u00e6ggende produkttr\u00e6ning og kurser i mere avancerede funktioner.<\/p>\n    <\/div>\n  \n      <a class=\"link\"  href=\"https:\/\/www.novotek.com\/dk\/kurser-hos-novotek\/\" target=\"\">\n      L\u00e6s mere    <\/a>\n  \n  <\/div>\n\n<\/div>      <\/div>\n    <\/div>\n  <\/div>\n","protected":false},"excerpt":{"rendered":"<p>V\u00e6lg mellem forskellige service- og supportaftaler, der sikrer, at vi altid har teknikere med uddannelse i dine produkter og l\u00f8sninger fra Novotek.<\/p>\n","protected":false},"author":6,"featured_media":1393,"parent":1385,"menu_order":2,"comment_status":"closed","ping_status":"closed","template":"","meta":{"_acf_changed":false,"_relevanssi_hide_post":"","_relevanssi_pin_for_all":"","_relevanssi_pin_keywords":"","_relevanssi_unpin_keywords":"","_relevanssi_related_keywords":"","_relevanssi_related_include_ids":"","_relevanssi_related_exclude_ids":"","_relevanssi_related_no_append":"","_relevanssi_related_not_related":"","_relevanssi_related_posts":"1","_relevanssi_noindex_reason":"","footnotes":""},"class_list":["post-1387","page","type-page","status-publish","has-post-thumbnail","hentry"],"acf":[],"yoast_head":"<!-- This site is optimized with the Yoast SEO plugin v27.3 - https:\/\/yoast.com\/product\/yoast-seo-wordpress\/ -->\n<title>Novotek service og support<\/title>\n<meta name=\"description\" content=\"Alle brugere har behov for support og vi \u00f8nsker at give alle kunder en f\u00f8rste klasses oplevelse af og med alle vores produkter og l\u00f8sninger\" \/>\n<meta name=\"robots\" content=\"index, follow, max-snippet:-1, max-image-preview:large, max-video-preview:-1\" \/>\n<link rel=\"canonical\" href=\"https:\/\/www.novotek.com\/dk\/ydelser\/service-og-supportaftaler\/\" \/>\n<meta property=\"og:locale\" content=\"da_DK\" \/>\n<meta property=\"og:type\" content=\"article\" \/>\n<meta property=\"og:title\" content=\"Novotek service og support\" \/>\n<meta property=\"og:description\" content=\"Alle brugere har behov for support og vi \u00f8nsker at give alle kunder en f\u00f8rste klasses oplevelse af og med alle vores produkter og l\u00f8sninger\" \/>\n<meta property=\"og:url\" content=\"https:\/\/www.novotek.com\/dk\/ydelser\/service-og-supportaftaler\/\" \/>\n<meta property=\"og:site_name\" content=\"Novotek Danmark\" \/>\n<meta property=\"article:modified_time\" content=\"2023-05-24T08:17:45+00:00\" \/>\n<meta property=\"og:image\" content=\"https:\/\/www.novotek.com\/dk\/wp-content\/uploads\/sites\/4\/Novotek_service_og_supportavtaler_duotone_1920x800_-1.jpg\" \/>\n\t<meta property=\"og:image:width\" content=\"1920\" \/>\n\t<meta property=\"og:image:height\" content=\"799\" \/>\n\t<meta property=\"og:image:type\" content=\"image\/jpeg\" \/>\n<meta name=\"twitter:card\" content=\"summary_large_image\" \/>\n<meta name=\"twitter:label1\" content=\"Estimeret l\u00e6setid\" \/>\n\t<meta name=\"twitter:data1\" content=\"3 minutter\" \/>\n<script type=\"application\/ld+json\" class=\"yoast-schema-graph\">{\"@context\":\"https:\\\/\\\/schema.org\",\"@graph\":[{\"@type\":\"WebPage\",\"@id\":\"https:\\\/\\\/www.novotek.com\\\/dk\\\/ydelser\\\/service-og-supportaftaler\\\/\",\"url\":\"https:\\\/\\\/www.novotek.com\\\/dk\\\/ydelser\\\/service-og-supportaftaler\\\/\",\"name\":\"Novotek service og support\",\"isPartOf\":{\"@id\":\"https:\\\/\\\/www.novotek.com\\\/dk\\\/#website\"},\"primaryImageOfPage\":{\"@id\":\"https:\\\/\\\/www.novotek.com\\\/dk\\\/ydelser\\\/service-og-supportaftaler\\\/#primaryimage\"},\"image\":{\"@id\":\"https:\\\/\\\/www.novotek.com\\\/dk\\\/ydelser\\\/service-og-supportaftaler\\\/#primaryimage\"},\"thumbnailUrl\":\"https:\\\/\\\/www.novotek.com\\\/dk\\\/wp-content\\\/uploads\\\/sites\\\/4\\\/Novotek_service_og_supportavtaler_duotone_1920x800_-1.jpg\",\"datePublished\":\"2021-08-18T10:38:42+00:00\",\"dateModified\":\"2023-05-24T08:17:45+00:00\",\"description\":\"Alle brugere har behov for support og vi \u00f8nsker at give alle kunder en f\u00f8rste klasses oplevelse af og med alle vores produkter og l\u00f8sninger\",\"breadcrumb\":{\"@id\":\"https:\\\/\\\/www.novotek.com\\\/dk\\\/ydelser\\\/service-og-supportaftaler\\\/#breadcrumb\"},\"inLanguage\":\"da-DK\",\"potentialAction\":[{\"@type\":\"ReadAction\",\"target\":[\"https:\\\/\\\/www.novotek.com\\\/dk\\\/ydelser\\\/service-og-supportaftaler\\\/\"]}]},{\"@type\":\"ImageObject\",\"inLanguage\":\"da-DK\",\"@id\":\"https:\\\/\\\/www.novotek.com\\\/dk\\\/ydelser\\\/service-og-supportaftaler\\\/#primaryimage\",\"url\":\"https:\\\/\\\/www.novotek.com\\\/dk\\\/wp-content\\\/uploads\\\/sites\\\/4\\\/Novotek_service_og_supportavtaler_duotone_1920x800_-1.jpg\",\"contentUrl\":\"https:\\\/\\\/www.novotek.com\\\/dk\\\/wp-content\\\/uploads\\\/sites\\\/4\\\/Novotek_service_og_supportavtaler_duotone_1920x800_-1.jpg\",\"width\":1920,\"height\":799},{\"@type\":\"BreadcrumbList\",\"@id\":\"https:\\\/\\\/www.novotek.com\\\/dk\\\/ydelser\\\/service-og-supportaftaler\\\/#breadcrumb\",\"itemListElement\":[{\"@type\":\"ListItem\",\"position\":1,\"name\":\"Home\",\"item\":\"https:\\\/\\\/www.novotek.com\\\/dk\\\/\"},{\"@type\":\"ListItem\",\"position\":2,\"name\":\"Support\",\"item\":\"https:\\\/\\\/www.novotek.com\\\/dk\\\/ydelser\\\/\"},{\"@type\":\"ListItem\",\"position\":3,\"name\":\"Service- og supportaftaler\"}]},{\"@type\":\"WebSite\",\"@id\":\"https:\\\/\\\/www.novotek.com\\\/dk\\\/#website\",\"url\":\"https:\\\/\\\/www.novotek.com\\\/dk\\\/\",\"name\":\"Novotek Danmark\",\"description\":\"Automation, digitalisering og analyse\",\"publisher\":{\"@id\":\"https:\\\/\\\/www.novotek.com\\\/dk\\\/#organization\"},\"potentialAction\":[{\"@type\":\"SearchAction\",\"target\":{\"@type\":\"EntryPoint\",\"urlTemplate\":\"https:\\\/\\\/www.novotek.com\\\/dk\\\/?s={search_term_string}\"},\"query-input\":{\"@type\":\"PropertyValueSpecification\",\"valueRequired\":true,\"valueName\":\"search_term_string\"}}],\"inLanguage\":\"da-DK\"},{\"@type\":\"Organization\",\"@id\":\"https:\\\/\\\/www.novotek.com\\\/dk\\\/#organization\",\"name\":\"Novotek Danmark\",\"url\":\"https:\\\/\\\/www.novotek.com\\\/dk\\\/\",\"logo\":{\"@type\":\"ImageObject\",\"inLanguage\":\"da-DK\",\"@id\":\"https:\\\/\\\/www.novotek.com\\\/dk\\\/#\\\/schema\\\/logo\\\/image\\\/\",\"url\":\"https:\\\/\\\/www.novotek.com\\\/dk\\\/wp-content\\\/uploads\\\/sites\\\/4\\\/Denmark_files\\\/novotek-logotyp-rgb-pos.png\",\"contentUrl\":\"https:\\\/\\\/www.novotek.com\\\/dk\\\/wp-content\\\/uploads\\\/sites\\\/4\\\/Denmark_files\\\/novotek-logotyp-rgb-pos.png\",\"width\":1794,\"height\":520,\"caption\":\"Novotek Danmark\"},\"image\":{\"@id\":\"https:\\\/\\\/www.novotek.com\\\/dk\\\/#\\\/schema\\\/logo\\\/image\\\/\"},\"sameAs\":[\"https:\\\/\\\/www.linkedin.com\\\/company\\\/novotek-denmark\",\"https:\\\/\\\/www.youtube.com\\\/user\\\/NovotekCorp\"]}]}<\/script>\n<!-- \/ Yoast SEO plugin. -->","yoast_head_json":{"title":"Novotek service og support","description":"Alle brugere har behov for support og vi \u00f8nsker at give alle kunder en f\u00f8rste klasses oplevelse af og med alle vores produkter og l\u00f8sninger","robots":{"index":"index","follow":"follow","max-snippet":"max-snippet:-1","max-image-preview":"max-image-preview:large","max-video-preview":"max-video-preview:-1"},"canonical":"https:\/\/www.novotek.com\/dk\/ydelser\/service-og-supportaftaler\/","og_locale":"da_DK","og_type":"article","og_title":"Novotek service og support","og_description":"Alle brugere har behov for support og vi \u00f8nsker at give alle kunder en f\u00f8rste klasses oplevelse af og med alle vores produkter og l\u00f8sninger","og_url":"https:\/\/www.novotek.com\/dk\/ydelser\/service-og-supportaftaler\/","og_site_name":"Novotek Danmark","article_modified_time":"2023-05-24T08:17:45+00:00","og_image":[{"width":1920,"height":799,"url":"https:\/\/www.novotek.com\/dk\/wp-content\/uploads\/sites\/4\/Novotek_service_og_supportavtaler_duotone_1920x800_-1.jpg","type":"image\/jpeg"}],"twitter_card":"summary_large_image","twitter_misc":{"Estimeret l\u00e6setid":"3 minutter"},"schema":{"@context":"https:\/\/schema.org","@graph":[{"@type":"WebPage","@id":"https:\/\/www.novotek.com\/dk\/ydelser\/service-og-supportaftaler\/","url":"https:\/\/www.novotek.com\/dk\/ydelser\/service-og-supportaftaler\/","name":"Novotek service og support","isPartOf":{"@id":"https:\/\/www.novotek.com\/dk\/#website"},"primaryImageOfPage":{"@id":"https:\/\/www.novotek.com\/dk\/ydelser\/service-og-supportaftaler\/#primaryimage"},"image":{"@id":"https:\/\/www.novotek.com\/dk\/ydelser\/service-og-supportaftaler\/#primaryimage"},"thumbnailUrl":"https:\/\/www.novotek.com\/dk\/wp-content\/uploads\/sites\/4\/Novotek_service_og_supportavtaler_duotone_1920x800_-1.jpg","datePublished":"2021-08-18T10:38:42+00:00","dateModified":"2023-05-24T08:17:45+00:00","description":"Alle brugere har behov for support og vi \u00f8nsker at give alle kunder en f\u00f8rste klasses oplevelse af og med alle vores produkter og l\u00f8sninger","breadcrumb":{"@id":"https:\/\/www.novotek.com\/dk\/ydelser\/service-og-supportaftaler\/#breadcrumb"},"inLanguage":"da-DK","potentialAction":[{"@type":"ReadAction","target":["https:\/\/www.novotek.com\/dk\/ydelser\/service-og-supportaftaler\/"]}]},{"@type":"ImageObject","inLanguage":"da-DK","@id":"https:\/\/www.novotek.com\/dk\/ydelser\/service-og-supportaftaler\/#primaryimage","url":"https:\/\/www.novotek.com\/dk\/wp-content\/uploads\/sites\/4\/Novotek_service_og_supportavtaler_duotone_1920x800_-1.jpg","contentUrl":"https:\/\/www.novotek.com\/dk\/wp-content\/uploads\/sites\/4\/Novotek_service_og_supportavtaler_duotone_1920x800_-1.jpg","width":1920,"height":799},{"@type":"BreadcrumbList","@id":"https:\/\/www.novotek.com\/dk\/ydelser\/service-og-supportaftaler\/#breadcrumb","itemListElement":[{"@type":"ListItem","position":1,"name":"Home","item":"https:\/\/www.novotek.com\/dk\/"},{"@type":"ListItem","position":2,"name":"Support","item":"https:\/\/www.novotek.com\/dk\/ydelser\/"},{"@type":"ListItem","position":3,"name":"Service- og supportaftaler"}]},{"@type":"WebSite","@id":"https:\/\/www.novotek.com\/dk\/#website","url":"https:\/\/www.novotek.com\/dk\/","name":"Novotek Danmark","description":"Automation, digitalisering og analyse","publisher":{"@id":"https:\/\/www.novotek.com\/dk\/#organization"},"potentialAction":[{"@type":"SearchAction","target":{"@type":"EntryPoint","urlTemplate":"https:\/\/www.novotek.com\/dk\/?s={search_term_string}"},"query-input":{"@type":"PropertyValueSpecification","valueRequired":true,"valueName":"search_term_string"}}],"inLanguage":"da-DK"},{"@type":"Organization","@id":"https:\/\/www.novotek.com\/dk\/#organization","name":"Novotek Danmark","url":"https:\/\/www.novotek.com\/dk\/","logo":{"@type":"ImageObject","inLanguage":"da-DK","@id":"https:\/\/www.novotek.com\/dk\/#\/schema\/logo\/image\/","url":"https:\/\/www.novotek.com\/dk\/wp-content\/uploads\/sites\/4\/Denmark_files\/novotek-logotyp-rgb-pos.png","contentUrl":"https:\/\/www.novotek.com\/dk\/wp-content\/uploads\/sites\/4\/Denmark_files\/novotek-logotyp-rgb-pos.png","width":1794,"height":520,"caption":"Novotek Danmark"},"image":{"@id":"https:\/\/www.novotek.com\/dk\/#\/schema\/logo\/image\/"},"sameAs":["https:\/\/www.linkedin.com\/company\/novotek-denmark","https:\/\/www.youtube.com\/user\/NovotekCorp"]}]}},"_links":{"self":[{"href":"https:\/\/www.novotek.com\/dk\/wp-json\/wp\/v2\/pages\/1387","targetHints":{"allow":["GET"]}}],"collection":[{"href":"https:\/\/www.novotek.com\/dk\/wp-json\/wp\/v2\/pages"}],"about":[{"href":"https:\/\/www.novotek.com\/dk\/wp-json\/wp\/v2\/types\/page"}],"author":[{"embeddable":true,"href":"https:\/\/www.novotek.com\/dk\/wp-json\/wp\/v2\/users\/6"}],"replies":[{"embeddable":true,"href":"https:\/\/www.novotek.com\/dk\/wp-json\/wp\/v2\/comments?post=1387"}],"version-history":[{"count":9,"href":"https:\/\/www.novotek.com\/dk\/wp-json\/wp\/v2\/pages\/1387\/revisions"}],"predecessor-version":[{"id":5851,"href":"https:\/\/www.novotek.com\/dk\/wp-json\/wp\/v2\/pages\/1387\/revisions\/5851"}],"up":[{"embeddable":true,"href":"https:\/\/www.novotek.com\/dk\/wp-json\/wp\/v2\/pages\/1385"}],"wp:featuredmedia":[{"embeddable":true,"href":"https:\/\/www.novotek.com\/dk\/wp-json\/wp\/v2\/media\/1393"}],"wp:attachment":[{"href":"https:\/\/www.novotek.com\/dk\/wp-json\/wp\/v2\/media?parent=1387"}],"curies":[{"name":"wp","href":"https:\/\/api.w.org\/{rel}","templated":true}]}}