{"id":1418,"date":"2021-08-19T12:16:19","date_gmt":"2021-08-19T12:16:19","guid":{"rendered":"https:\/\/www.novotek.com\/dk\/?page_id=1418"},"modified":"2025-12-03T07:15:29","modified_gmt":"2025-12-03T07:15:29","slug":"customer-story-coloplast-a-s","status":"publish","type":"page","link":"https:\/\/www.novotek.com\/dk\/brancher\/medicin\/customer-story-coloplast-a-s\/","title":{"rendered":"Customer Story &#8211; Coloplast A\/S"},"content":{"rendered":"  <div class=\"hero\">\n    <div class=\"carousel hero-slider large\" data-flickity data-flickity-options='{\"prevNextButtons\": false}'>\n              <div class=\"carousel-cell\">\n          <div class=\"container\">\n            <div class=\"hero-content\">\n                              <p>Reference<\/p>\n<h1>Coloplast A\/S<\/h1>\n<p><a>Ved at installere MES-l\u00f8sningen Proficy Plant Applications fra GE Vernova p\u00e5 deres pakkemaskiner har Coloplast reduceret nedetid og sparet vigtige ressourcer. Samtidig har de f\u00e5et mere viden om, hvilke tiltag der skal iv\u00e6rks\u00e6ttes for at holde produktionen i gang.<\/a><\/p>\n              \n                          <\/div>\n          <\/div>\n\n          <img decoding=\"async\" width=\"1024\" height=\"427\" src=\"https:\/\/www.novotek.com\/dk\/wp-content\/uploads\/sites\/4\/coloplast1-min-1024x427.jpg\" class=\"hero-bg\" alt=\"Hero Img\" fetchpriority=\"high\" srcset=\"https:\/\/www.novotek.com\/dk\/wp-content\/uploads\/sites\/4\/coloplast1-min-1024x427.jpg 1024w, https:\/\/www.novotek.com\/dk\/wp-content\/uploads\/sites\/4\/coloplast1-min-300x125.jpg 300w, https:\/\/www.novotek.com\/dk\/wp-content\/uploads\/sites\/4\/coloplast1-min-768x320.jpg 768w, https:\/\/www.novotek.com\/dk\/wp-content\/uploads\/sites\/4\/coloplast1-min-1536x640.jpg 1536w, https:\/\/www.novotek.com\/dk\/wp-content\/uploads\/sites\/4\/coloplast1-min.jpg 1920w\" sizes=\"(max-width: 1024px) 100vw, 1024px\" \/>                  <\/div>\n          <\/div>\n\n      <\/div>\n\n   \n\n\n<div class=\"container-md quote  \">\n<blockquote class=\"wp-block-quote has-large-font-size is-layout-flow wp-block-quote-is-layout-flow\"><div class=\"container-md paragraph  \">\n<p><strong>Testet teknologi fra Novotek har givet os den fleksibilitet og synlighed, vi har brug for<\/strong><\/p>\n<\/div>\n\n<div class=\"container-md paragraph  \">\n<p><em>Citat fra projektleder, Coloplast, Danmark<\/em><\/p>\n<\/div><\/blockquote>\n<\/div>\n\n<div class=\"container-md columns  \">\n<div class=\"wp-block-columns is-layout-flex wp-container-core-columns-is-layout-9d6595d7 wp-block-columns-is-layout-flex\"><div class=\"container-md column  \">\n<div class=\"wp-block-column is-layout-flow wp-block-column-is-layout-flow\"><div class=\"container-md heading  \">\n<h4 class=\"wp-block-heading\" id=\"h-losning\">L\u00f8sning<\/h4>\n<\/div>\n\n<div class=\"container-md paragraph  \">\n<p>Produktionsstyring<\/p>\n<\/div>\n\n<div class=\"container-md list  \">\n<ul class=\"wp-block-list\"><div class=\"container-md list-item  \">\n<li>Nedetids analyse<\/li>\n<\/div>\n\n<div class=\"container-md list-item  \">\n<li>Fabriks information<\/li>\n<\/div><\/ul>\n<\/div>\n\n<div class=\"container-md spacer  \">\n<div style=\"height:15px\" aria-hidden=\"true\" class=\"wp-block-spacer\"><\/div>\n<\/div>\n\n<div class=\"container-md heading  \">\n<h4 class=\"wp-block-heading\" id=\"h-produkter\">Produkter<\/h4>\n<\/div>\n\n<div class=\"container-md list  \">\n<ul class=\"wp-block-list\"><div class=\"container-md list-item  \">\n<li><a href=\"https:\/\/www.novotek.com\/dk\/digitalisering\/dataopsamling-og-rapportering\/proficy-historian\/\">Proficy Historian<\/a><\/li>\n<\/div>\n\n<div class=\"container-md list-item  \">\n<li><a href=\"https:\/\/www.novotek.com\/dk\/automation\/hmi-scada\/proficy-hmi-scada-ifix\/\">Proficy iFIX<\/a><\/li>\n<\/div>\n\n<div class=\"container-md list-item  \">\n<li><a href=\"https:\/\/www.novotek.com\/dk\/digitalisering\/mes\/proficy-plant-applications\/\">Proficy Plant Applications<\/a><\/li>\n<\/div><\/ul>\n<\/div>\n\n<div class=\"container-md spacer  \">\n<div style=\"height:15px\" aria-hidden=\"true\" class=\"wp-block-spacer\"><\/div>\n<\/div>\n\n<div class=\"container-md heading  \">\n<h4 class=\"wp-block-heading\" id=\"h-fordele\">Fordele<\/h4>\n<\/div>\n\n<div class=\"container-md list  \">\n<ul class=\"wp-block-list\"><div class=\"container-md list-item  \">\n<li>\u00d8get produktionslinje og maskineeffektivitet<\/li>\n<\/div>\n\n<div class=\"container-md list-item  \">\n<li>Hurtige svartider<\/li>\n<\/div>\n\n<div class=\"container-md list-item  \">\n<li>God sigtbarhed<\/li>\n<\/div>\n\n<div class=\"container-md list-item  \">\n<li>Realistiske prognoser<\/li>\n<\/div>\n\n<div class=\"container-md list-item  \">\n<li>Relevant rapportering<\/li>\n<\/div><\/ul>\n<\/div>\n\n<\/div>\n<\/div>\n\n<div class=\"container-md column  \">\n<div class=\"wp-block-column is-layout-flow wp-block-column-is-layout-flow\"><div class=\"wp-block-image\"><div class=\"container-md image  alignright\">\n<figure class=\"alignright size-medium is-resized\"><img loading=\"lazy\" decoding=\"async\" width=\"300\" height=\"300\" src=\"https:\/\/www.novotek.com\/dk\/wp-content\/uploads\/sites\/4\/icons\/novotek-check-box_rgb-1024x1024-1-300x300.png\" alt=\"pictogram checkbox\" class=\"wp-image-4632\" style=\"width:210px;height:210px\" srcset=\"https:\/\/www.novotek.com\/dk\/wp-content\/uploads\/sites\/4\/icons\/novotek-check-box_rgb-1024x1024-1-300x300.png 300w, https:\/\/www.novotek.com\/dk\/wp-content\/uploads\/sites\/4\/icons\/novotek-check-box_rgb-1024x1024-1.png 1024w, https:\/\/www.novotek.com\/dk\/wp-content\/uploads\/sites\/4\/icons\/novotek-check-box_rgb-1024x1024-1-150x150.png 150w, https:\/\/www.novotek.com\/dk\/wp-content\/uploads\/sites\/4\/icons\/novotek-check-box_rgb-1024x1024-1-768x768.png 768w\" sizes=\"auto, (max-width: 300px) 100vw, 300px\" \/><\/figure>\n<\/div><\/div><\/div>\n<\/div><\/div>\n<\/div>\n\n  <div class=\"hero\">\n    <div class=\"carousel hero-slider large\" data-flickity data-flickity-options='{\"prevNextButtons\": false}'>\n              <div class=\"carousel-cell\">\n          <div class=\"container\">\n            <div class=\"hero-content\">\n                              <h2>Hurtig responstid<\/h2>\n<p><a>Coloplast A\/S er en innovativ og verdenskendt leverand\u00f8r af sundhedsprodukter og tjenester. De oplevede et \u00f8get behov for effektiv emballage til deres brede produktsortiment.<\/a><\/p>\n<p>Da emballering af produkter finder sted i slutningen af \u200b\u200bproduktionsprocessen, er fleksibilitet afg\u00f8rende for, at Coloplast kan fungere med et j\u00e6vnt produktionsflow. I tilf\u00e6lde af uplanlagte produktionsstop i emballagen skal operat\u00f8rer handle \u00f8jeblikkeligt. Med Proficy-softwaren, der automatisk kortl\u00e6gger hvert emballagetrin p\u00e5 hver maskine, kan problemer identificeres og l\u00f8ses med det samme, n\u00e5r de opst\u00e5r &#8211; et v\u00e6rkt\u00f8j, der reducerer svartiden til et minimum.<\/p>\n              \n                          <\/div>\n          <\/div>\n\n          <img decoding=\"async\" width=\"1024\" height=\"427\" src=\"https:\/\/www.novotek.com\/dk\/wp-content\/uploads\/sites\/4\/coloplast2-min-1024x427.jpg\" class=\"hero-bg\" alt=\"Hero Img\" fetchpriority=\"high\" srcset=\"https:\/\/www.novotek.com\/dk\/wp-content\/uploads\/sites\/4\/coloplast2-min-1024x427.jpg 1024w, https:\/\/www.novotek.com\/dk\/wp-content\/uploads\/sites\/4\/coloplast2-min-300x125.jpg 300w, https:\/\/www.novotek.com\/dk\/wp-content\/uploads\/sites\/4\/coloplast2-min-768x320.jpg 768w, https:\/\/www.novotek.com\/dk\/wp-content\/uploads\/sites\/4\/coloplast2-min-1536x640.jpg 1536w, https:\/\/www.novotek.com\/dk\/wp-content\/uploads\/sites\/4\/coloplast2-min.jpg 1920w\" sizes=\"(max-width: 1024px) 100vw, 1024px\" \/>                  <\/div>\n          <\/div>\n\n      <\/div>\n\n   <div class=\"floating-breadcrumb\"><div class=\"container\"><span><span><a href=\"https:\/\/www.novotek.com\/dk\/\" class=\"breadcrumb-frontpage\">Home<\/a><\/span><\/span><\/div><\/div>\n\n\n\n\n<div class=\"container media-text  alignwide\">\n<div class=\"wp-block-media-text alignwide is-stacked-on-mobile\"><figure class=\"wp-block-media-text__media\"><img loading=\"lazy\" decoding=\"async\" width=\"800\" height=\"800\" src=\"https:\/\/www.novotek.com\/dk\/wp-content\/uploads\/sites\/4\/Novotek_reference_Coloplast_duplex_cyan_800x800px-min.png\" alt=\"coloplast-4\" class=\"wp-image-3448 size-full\" srcset=\"https:\/\/www.novotek.com\/dk\/wp-content\/uploads\/sites\/4\/Novotek_reference_Coloplast_duplex_cyan_800x800px-min.png 800w, https:\/\/www.novotek.com\/dk\/wp-content\/uploads\/sites\/4\/Novotek_reference_Coloplast_duplex_cyan_800x800px-min-300x300.png 300w, https:\/\/www.novotek.com\/dk\/wp-content\/uploads\/sites\/4\/Novotek_reference_Coloplast_duplex_cyan_800x800px-min-150x150.png 150w, https:\/\/www.novotek.com\/dk\/wp-content\/uploads\/sites\/4\/Novotek_reference_Coloplast_duplex_cyan_800x800px-min-768x768.png 768w\" sizes=\"auto, (max-width: 800px) 100vw, 800px\" \/><\/figure><div class=\"wp-block-media-text__content\"><div class=\"container-md heading  \">\n<h2 class=\"wp-block-heading\" id=\"h-god-sigtbarhed\">God sigtbarhed<\/h2>\n<\/div>\n\n<div class=\"container-md paragraph  \">\n<p>Med en detaljeret oversigt over flere hundrede \u00e5rsager til produktionsstop f\u00e5r Coloplast en fuldst\u00e6ndig gennemsigtig emballageproces. B\u00e5de planlagte og ikke -planlagte stop registreres og analyseres, f\u00f8r flere analysealternativer pr\u00e6senteres. Ledelsen kan derefter hurtigt opdage og identificere m\u00f8nstre i, hvorfor produktionen er stillest\u00e5ende, og oprette detaljerede produktionsprofiler for hver maskine og emballagetrin.<\/p>\n<\/div>\n\n<div class=\"container-md spacer  \">\n<div style=\"height:21px\" aria-hidden=\"true\" class=\"wp-block-spacer\"><\/div>\n<\/div>\n\n<div class=\"container-md heading  \">\n<h3 class=\"wp-block-heading\" id=\"h-realistisk-prognose\">Realistisk prognose<\/h3>\n<\/div>\n\n<div class=\"container-md paragraph  \">\n<p>Med detaljerede historiske data fra hver maskine kombineret med indg\u00e5ende kendskab til produktionsstop kan produktionsledelsen ogs\u00e5 forudsige fremtidige emballagemuligheder mere pr\u00e6cist. Prognosens beregninger af data er s\u00e5 pr\u00e6cise, at man kan se antallet af enheder dagligt, hver time og hvert minut. Det betyder, at arbejdskraft kan fordeles mere effektivt.<\/p>\n<\/div><\/div><\/div>\n<\/div>\n\n<div class=\"container-md heading  \">\n<h2 class=\"wp-block-heading\" id=\"h-faelles-standard\">F\u00e6lles standard<\/h2>\n<\/div>\n\n<div class=\"container-md paragraph  \">\n<p>Ved at introducere OEE-modulet Proficy Efficency i maskinens nedetids analyse i flere emballageprocesser har Coloplast opn\u00e5et et enkelt videns grundlag. Sammenligning af emballagekvalitet mellem produktlinjer og divisioner afsl\u00f8rer \u00e5rsagssammenh\u00e6nge, \u200b\u200bder er n\u00f8dvendige for at optimere hvert trin og komponent i emballageprocessen, p\u00e5 individuelle maskiner, p\u00e5 produkttypeniveau og p\u00e5 tv\u00e6rs af virksomheden.<\/p>\n<\/div>\n\n<div class=\"container-md spacer  \">\n<div style=\"height:30px\" aria-hidden=\"true\" class=\"wp-block-spacer\"><\/div>\n<\/div>\n\n<div class=\"container-md heading  \">\n<h3 class=\"wp-block-heading\" id=\"h-oget-brugervenlighed\">\u00d8get brugervenlighed<\/h3>\n<\/div>\n\n<div class=\"container-md paragraph  \">\n<p>Coloplast \u00f8nskede at give operat\u00f8rer enkel funktionalitet, s\u00e5 en tilpasset front-end brugergr\u00e6nseflade blev integreret i operativsystemet med HMI\/SCADA-l\u00f8sningen Proficy iFIX fra GE Vernova. Gennem et logisk og intuitivt kontrolmilj\u00f8 ved operat\u00f8rerne pr\u00e6cis, hvor og hvorfor produktionen er stoppet. Enkel og velkendt brugergr\u00e6nseflade p\u00e5 ber\u00f8ringssk\u00e6rmen g\u00f8r det muligt for operat\u00f8rer at rapportere og rette OEE-problemer med det samme.<\/p>\n<\/div>\n\n  <div class=\"hero\">\n    <div class=\"carousel hero-slider large\" data-flickity data-flickity-options='{\"prevNextButtons\": false}'>\n              <div class=\"carousel-cell\">\n          <div class=\"container\">\n            <div class=\"hero-content\">\n                              <p>&#8220;Teknologi fra Novotek har givet os den fleksibilitet og det overblik, vi har brug for for at opretholde overlegen kvalitet i den dynamiske emballageproces.<\/p>\n<p>Inden vi installerede softwaren, kan det tage to uger at manuelt identificere produktionsstop. I dag har vi klar viden om 200 mulige \u00e5rsager og kan hurtigt l\u00f8se problemet.&#8221;<\/p>\n<p>Citat fra projektleder, Coloplast, Danmark.<\/p>\n              \n                          <\/div>\n          <\/div>\n\n          <img decoding=\"async\" width=\"1024\" height=\"427\" src=\"https:\/\/www.novotek.com\/dk\/wp-content\/uploads\/sites\/4\/coloplast3-min-1024x427.jpg\" class=\"hero-bg\" alt=\"Hero Img\" fetchpriority=\"high\" srcset=\"https:\/\/www.novotek.com\/dk\/wp-content\/uploads\/sites\/4\/coloplast3-min-1024x427.jpg 1024w, https:\/\/www.novotek.com\/dk\/wp-content\/uploads\/sites\/4\/coloplast3-min-300x125.jpg 300w, https:\/\/www.novotek.com\/dk\/wp-content\/uploads\/sites\/4\/coloplast3-min-768x320.jpg 768w, https:\/\/www.novotek.com\/dk\/wp-content\/uploads\/sites\/4\/coloplast3-min-1536x640.jpg 1536w, https:\/\/www.novotek.com\/dk\/wp-content\/uploads\/sites\/4\/coloplast3-min.jpg 1920w\" sizes=\"(max-width: 1024px) 100vw, 1024px\" \/>                  <\/div>\n          <\/div>\n\n      <\/div>\n\n   <div class=\"floating-breadcrumb\"><div class=\"container\"><span><span><a href=\"https:\/\/www.novotek.com\/dk\/\" class=\"breadcrumb-frontpage\">Home<\/a><\/span><\/span><\/div><\/div>\n\n\n\n\n  <div class=\"slider-column-parent\">\n    <div class=\"container\">\n      <div class=\"slider-column-title\">L\u00e6s mere om l\u00f8sningerne<\/div>\n\n      <div class=\"row\">\n        <div class=\"col-12 col-md-4\"><div class=\"column-box\">\n  \n      <div class=\"title\">\n      Proficy iFIX    <\/div>\n  \n      <div class=\"text\">\n      <p>Den mest komplette HMI\/SCADA l\u00f8sning p\u00e5 markedet.<\/p>\n    <\/div>\n  \n      <a class=\"link\"  href=\"https:\/\/www.novotek.com\/dk\/automation\/hmi-scada\/proficy-hmi-scada-ifix\/\" target=\"\">\n      L\u00e6s mere    <\/a>\n  \n  <\/div>\n\n<\/div><div class=\"col-12 col-md-4\"><div class=\"column-box\">\n  \n      <div class=\"title\">\n      Proficy Historian    <\/div>\n  \n      <div class=\"text\">\n      <p>Markedets mest kraftfulde procesdatabase udviklet til produktionsdata.<\/p>\n    <\/div>\n  \n      <a class=\"link\"  href=\"https:\/\/www.novotek.com\/dk\/digitalisering\/dataopsamling-og-rapportering\/proficy-historian\/\" target=\"\">\n      L\u00e6s mere    <\/a>\n  \n  <\/div>\n\n<\/div><div class=\"col-12 col-md-4\"><div class=\"column-box\">\n  \n      <div class=\"title\">\n      Proficy Plant Applications    <\/div>\n  \n      <div class=\"text\">\n      <p>En komplet modulbasseret MES-l\u00f8sning.<\/p>\n    <\/div>\n  \n      <a class=\"link\"  href=\"https:\/\/www.novotek.com\/dk\/digitalisering\/mes\/proficy-plant-applications\/\" target=\"\">\n      L\u00e6s mere     <\/a>\n  \n  <\/div>\n\n<\/div>      <\/div>\n    <\/div>\n  <\/div>\n\n\n<div class=\"container-md paragraph  \">\n<p><\/p>\n<\/div>","protected":false},"excerpt":{"rendered":"<p>Amet minim mollit non deserunt ullamco est sit aliqua dolor do amet sint elit officia consequat duis<\/p>\n","protected":false},"author":6,"featured_media":0,"parent":1219,"menu_order":0,"comment_status":"closed","ping_status":"closed","template":"","meta":{"_acf_changed":false,"_relevanssi_hide_post":"","_relevanssi_pin_for_all":"","_relevanssi_pin_keywords":"","_relevanssi_unpin_keywords":"","_relevanssi_related_keywords":"","_relevanssi_related_include_ids":"","_relevanssi_related_exclude_ids":"","_relevanssi_related_no_append":"","_relevanssi_related_not_related":"","_relevanssi_related_posts":"1","_relevanssi_noindex_reason":"","footnotes":""},"class_list":["post-1418","page","type-page","status-publish","hentry"],"acf":[],"yoast_head":"<!-- This site is optimized with the Yoast SEO plugin v27.5 - https:\/\/yoast.com\/product\/yoast-seo-wordpress\/ -->\n<title>Customer Story - Coloplast A\/S<\/title>\n<meta name=\"description\" content=\"Ved at installere MES Proficy Plant Applications fra GE Vernova p\u00e5 deres pakkemaskiner har Coloplast reduceret nedetid og sparet ressourcer.\" \/>\n<meta name=\"robots\" content=\"index, follow, max-snippet:-1, max-image-preview:large, max-video-preview:-1\" \/>\n<link rel=\"canonical\" href=\"https:\/\/www.novotek.com\/dk\/brancher\/medicin\/customer-story-coloplast-a-s\/\" \/>\n<meta property=\"og:locale\" content=\"da_DK\" \/>\n<meta property=\"og:type\" content=\"article\" \/>\n<meta property=\"og:title\" content=\"Customer Story - Coloplast A\/S\" \/>\n<meta property=\"og:description\" content=\"Ved at installere MES Proficy Plant Applications fra GE Vernova p\u00e5 deres pakkemaskiner har Coloplast reduceret nedetid og sparet ressourcer.\" \/>\n<meta property=\"og:url\" content=\"https:\/\/www.novotek.com\/dk\/brancher\/medicin\/customer-story-coloplast-a-s\/\" \/>\n<meta property=\"og:site_name\" content=\"Novotek Danmark\" \/>\n<meta property=\"article:modified_time\" content=\"2025-12-03T07:15:29+00:00\" \/>\n<meta property=\"og:image\" content=\"https:\/\/www.novotek.com\/dk\/wp-content\/uploads\/sites\/4\/icons\/novotek-check-box_rgb-1024x1024-1-300x300.png\" \/>\n<meta name=\"twitter:card\" content=\"summary_large_image\" \/>\n<meta name=\"twitter:label1\" content=\"Estimeret l\u00e6setid\" \/>\n\t<meta name=\"twitter:data1\" content=\"2 minutter\" \/>\n<script type=\"application\/ld+json\" class=\"yoast-schema-graph\">{\"@context\":\"https:\\\/\\\/schema.org\",\"@graph\":[{\"@type\":\"WebPage\",\"@id\":\"https:\\\/\\\/www.novotek.com\\\/dk\\\/brancher\\\/medicin\\\/customer-story-coloplast-a-s\\\/\",\"url\":\"https:\\\/\\\/www.novotek.com\\\/dk\\\/brancher\\\/medicin\\\/customer-story-coloplast-a-s\\\/\",\"name\":\"Customer Story - Coloplast A\\\/S\",\"isPartOf\":{\"@id\":\"https:\\\/\\\/www.novotek.com\\\/dk\\\/#website\"},\"primaryImageOfPage\":{\"@id\":\"https:\\\/\\\/www.novotek.com\\\/dk\\\/brancher\\\/medicin\\\/customer-story-coloplast-a-s\\\/#primaryimage\"},\"image\":{\"@id\":\"https:\\\/\\\/www.novotek.com\\\/dk\\\/brancher\\\/medicin\\\/customer-story-coloplast-a-s\\\/#primaryimage\"},\"thumbnailUrl\":\"https:\\\/\\\/www.novotek.com\\\/dk\\\/wp-content\\\/uploads\\\/sites\\\/4\\\/icons\\\/novotek-check-box_rgb-1024x1024-1-300x300.png\",\"datePublished\":\"2021-08-19T12:16:19+00:00\",\"dateModified\":\"2025-12-03T07:15:29+00:00\",\"description\":\"Ved at installere MES Proficy Plant Applications fra GE Vernova p\u00e5 deres pakkemaskiner har Coloplast reduceret nedetid og sparet ressourcer.\",\"breadcrumb\":{\"@id\":\"https:\\\/\\\/www.novotek.com\\\/dk\\\/brancher\\\/medicin\\\/customer-story-coloplast-a-s\\\/#breadcrumb\"},\"inLanguage\":\"da-DK\",\"potentialAction\":[{\"@type\":\"ReadAction\",\"target\":[\"https:\\\/\\\/www.novotek.com\\\/dk\\\/brancher\\\/medicin\\\/customer-story-coloplast-a-s\\\/\"]}]},{\"@type\":\"ImageObject\",\"inLanguage\":\"da-DK\",\"@id\":\"https:\\\/\\\/www.novotek.com\\\/dk\\\/brancher\\\/medicin\\\/customer-story-coloplast-a-s\\\/#primaryimage\",\"url\":\"https:\\\/\\\/www.novotek.com\\\/dk\\\/wp-content\\\/uploads\\\/sites\\\/4\\\/icons\\\/novotek-check-box_rgb-1024x1024-1.png\",\"contentUrl\":\"https:\\\/\\\/www.novotek.com\\\/dk\\\/wp-content\\\/uploads\\\/sites\\\/4\\\/icons\\\/novotek-check-box_rgb-1024x1024-1.png\",\"width\":1024,\"height\":1024,\"caption\":\"pictogram checkbox\"},{\"@type\":\"BreadcrumbList\",\"@id\":\"https:\\\/\\\/www.novotek.com\\\/dk\\\/brancher\\\/medicin\\\/customer-story-coloplast-a-s\\\/#breadcrumb\",\"itemListElement\":[{\"@type\":\"ListItem\",\"position\":1,\"name\":\"Home\",\"item\":\"https:\\\/\\\/www.novotek.com\\\/dk\\\/\"},{\"@type\":\"ListItem\",\"position\":2,\"name\":\"Brancher\",\"item\":\"https:\\\/\\\/www.novotek.com\\\/dk\\\/brancher\\\/\"},{\"@type\":\"ListItem\",\"position\":3,\"name\":\"Pharma\",\"item\":\"https:\\\/\\\/www.novotek.com\\\/dk\\\/brancher\\\/medicin\\\/\"},{\"@type\":\"ListItem\",\"position\":4,\"name\":\"Customer Story &#8211; Coloplast A\\\/S\"}]},{\"@type\":\"WebSite\",\"@id\":\"https:\\\/\\\/www.novotek.com\\\/dk\\\/#website\",\"url\":\"https:\\\/\\\/www.novotek.com\\\/dk\\\/\",\"name\":\"Novotek Danmark\",\"description\":\"Automation, digitalisering og analyse\",\"publisher\":{\"@id\":\"https:\\\/\\\/www.novotek.com\\\/dk\\\/#organization\"},\"potentialAction\":[{\"@type\":\"SearchAction\",\"target\":{\"@type\":\"EntryPoint\",\"urlTemplate\":\"https:\\\/\\\/www.novotek.com\\\/dk\\\/?s={search_term_string}\"},\"query-input\":{\"@type\":\"PropertyValueSpecification\",\"valueRequired\":true,\"valueName\":\"search_term_string\"}}],\"inLanguage\":\"da-DK\"},{\"@type\":\"Organization\",\"@id\":\"https:\\\/\\\/www.novotek.com\\\/dk\\\/#organization\",\"name\":\"Novotek Danmark\",\"url\":\"https:\\\/\\\/www.novotek.com\\\/dk\\\/\",\"logo\":{\"@type\":\"ImageObject\",\"inLanguage\":\"da-DK\",\"@id\":\"https:\\\/\\\/www.novotek.com\\\/dk\\\/#\\\/schema\\\/logo\\\/image\\\/\",\"url\":\"https:\\\/\\\/www.novotek.com\\\/dk\\\/wp-content\\\/uploads\\\/sites\\\/4\\\/Denmark_files\\\/novotek-logotyp-rgb-pos.png\",\"contentUrl\":\"https:\\\/\\\/www.novotek.com\\\/dk\\\/wp-content\\\/uploads\\\/sites\\\/4\\\/Denmark_files\\\/novotek-logotyp-rgb-pos.png\",\"width\":1794,\"height\":520,\"caption\":\"Novotek Danmark\"},\"image\":{\"@id\":\"https:\\\/\\\/www.novotek.com\\\/dk\\\/#\\\/schema\\\/logo\\\/image\\\/\"},\"sameAs\":[\"https:\\\/\\\/www.linkedin.com\\\/company\\\/novotek-denmark\",\"https:\\\/\\\/www.youtube.com\\\/user\\\/NovotekCorp\"]}]}<\/script>\n<!-- \/ Yoast SEO plugin. -->","yoast_head_json":{"title":"Customer Story - Coloplast A\/S","description":"Ved at installere MES Proficy Plant Applications fra GE Vernova p\u00e5 deres pakkemaskiner har Coloplast reduceret nedetid og sparet ressourcer.","robots":{"index":"index","follow":"follow","max-snippet":"max-snippet:-1","max-image-preview":"max-image-preview:large","max-video-preview":"max-video-preview:-1"},"canonical":"https:\/\/www.novotek.com\/dk\/brancher\/medicin\/customer-story-coloplast-a-s\/","og_locale":"da_DK","og_type":"article","og_title":"Customer Story - Coloplast A\/S","og_description":"Ved at installere MES Proficy Plant Applications fra GE Vernova p\u00e5 deres pakkemaskiner har Coloplast reduceret nedetid og sparet ressourcer.","og_url":"https:\/\/www.novotek.com\/dk\/brancher\/medicin\/customer-story-coloplast-a-s\/","og_site_name":"Novotek Danmark","article_modified_time":"2025-12-03T07:15:29+00:00","og_image":[{"url":"https:\/\/www.novotek.com\/dk\/wp-content\/uploads\/sites\/4\/icons\/novotek-check-box_rgb-1024x1024-1-300x300.png","type":"","width":"","height":""}],"twitter_card":"summary_large_image","twitter_misc":{"Estimeret l\u00e6setid":"2 minutter"},"schema":{"@context":"https:\/\/schema.org","@graph":[{"@type":"WebPage","@id":"https:\/\/www.novotek.com\/dk\/brancher\/medicin\/customer-story-coloplast-a-s\/","url":"https:\/\/www.novotek.com\/dk\/brancher\/medicin\/customer-story-coloplast-a-s\/","name":"Customer Story - Coloplast A\/S","isPartOf":{"@id":"https:\/\/www.novotek.com\/dk\/#website"},"primaryImageOfPage":{"@id":"https:\/\/www.novotek.com\/dk\/brancher\/medicin\/customer-story-coloplast-a-s\/#primaryimage"},"image":{"@id":"https:\/\/www.novotek.com\/dk\/brancher\/medicin\/customer-story-coloplast-a-s\/#primaryimage"},"thumbnailUrl":"https:\/\/www.novotek.com\/dk\/wp-content\/uploads\/sites\/4\/icons\/novotek-check-box_rgb-1024x1024-1-300x300.png","datePublished":"2021-08-19T12:16:19+00:00","dateModified":"2025-12-03T07:15:29+00:00","description":"Ved at installere MES Proficy Plant Applications fra GE Vernova p\u00e5 deres pakkemaskiner har Coloplast reduceret nedetid og sparet ressourcer.","breadcrumb":{"@id":"https:\/\/www.novotek.com\/dk\/brancher\/medicin\/customer-story-coloplast-a-s\/#breadcrumb"},"inLanguage":"da-DK","potentialAction":[{"@type":"ReadAction","target":["https:\/\/www.novotek.com\/dk\/brancher\/medicin\/customer-story-coloplast-a-s\/"]}]},{"@type":"ImageObject","inLanguage":"da-DK","@id":"https:\/\/www.novotek.com\/dk\/brancher\/medicin\/customer-story-coloplast-a-s\/#primaryimage","url":"https:\/\/www.novotek.com\/dk\/wp-content\/uploads\/sites\/4\/icons\/novotek-check-box_rgb-1024x1024-1.png","contentUrl":"https:\/\/www.novotek.com\/dk\/wp-content\/uploads\/sites\/4\/icons\/novotek-check-box_rgb-1024x1024-1.png","width":1024,"height":1024,"caption":"pictogram checkbox"},{"@type":"BreadcrumbList","@id":"https:\/\/www.novotek.com\/dk\/brancher\/medicin\/customer-story-coloplast-a-s\/#breadcrumb","itemListElement":[{"@type":"ListItem","position":1,"name":"Home","item":"https:\/\/www.novotek.com\/dk\/"},{"@type":"ListItem","position":2,"name":"Brancher","item":"https:\/\/www.novotek.com\/dk\/brancher\/"},{"@type":"ListItem","position":3,"name":"Pharma","item":"https:\/\/www.novotek.com\/dk\/brancher\/medicin\/"},{"@type":"ListItem","position":4,"name":"Customer Story &#8211; Coloplast A\/S"}]},{"@type":"WebSite","@id":"https:\/\/www.novotek.com\/dk\/#website","url":"https:\/\/www.novotek.com\/dk\/","name":"Novotek Danmark","description":"Automation, digitalisering og analyse","publisher":{"@id":"https:\/\/www.novotek.com\/dk\/#organization"},"potentialAction":[{"@type":"SearchAction","target":{"@type":"EntryPoint","urlTemplate":"https:\/\/www.novotek.com\/dk\/?s={search_term_string}"},"query-input":{"@type":"PropertyValueSpecification","valueRequired":true,"valueName":"search_term_string"}}],"inLanguage":"da-DK"},{"@type":"Organization","@id":"https:\/\/www.novotek.com\/dk\/#organization","name":"Novotek Danmark","url":"https:\/\/www.novotek.com\/dk\/","logo":{"@type":"ImageObject","inLanguage":"da-DK","@id":"https:\/\/www.novotek.com\/dk\/#\/schema\/logo\/image\/","url":"https:\/\/www.novotek.com\/dk\/wp-content\/uploads\/sites\/4\/Denmark_files\/novotek-logotyp-rgb-pos.png","contentUrl":"https:\/\/www.novotek.com\/dk\/wp-content\/uploads\/sites\/4\/Denmark_files\/novotek-logotyp-rgb-pos.png","width":1794,"height":520,"caption":"Novotek Danmark"},"image":{"@id":"https:\/\/www.novotek.com\/dk\/#\/schema\/logo\/image\/"},"sameAs":["https:\/\/www.linkedin.com\/company\/novotek-denmark","https:\/\/www.youtube.com\/user\/NovotekCorp"]}]}},"_links":{"self":[{"href":"https:\/\/www.novotek.com\/dk\/wp-json\/wp\/v2\/pages\/1418","targetHints":{"allow":["GET"]}}],"collection":[{"href":"https:\/\/www.novotek.com\/dk\/wp-json\/wp\/v2\/pages"}],"about":[{"href":"https:\/\/www.novotek.com\/dk\/wp-json\/wp\/v2\/types\/page"}],"author":[{"embeddable":true,"href":"https:\/\/www.novotek.com\/dk\/wp-json\/wp\/v2\/users\/6"}],"replies":[{"embeddable":true,"href":"https:\/\/www.novotek.com\/dk\/wp-json\/wp\/v2\/comments?post=1418"}],"version-history":[{"count":35,"href":"https:\/\/www.novotek.com\/dk\/wp-json\/wp\/v2\/pages\/1418\/revisions"}],"predecessor-version":[{"id":12017,"href":"https:\/\/www.novotek.com\/dk\/wp-json\/wp\/v2\/pages\/1418\/revisions\/12017"}],"up":[{"embeddable":true,"href":"https:\/\/www.novotek.com\/dk\/wp-json\/wp\/v2\/pages\/1219"}],"wp:attachment":[{"href":"https:\/\/www.novotek.com\/dk\/wp-json\/wp\/v2\/media?parent=1418"}],"curies":[{"name":"wp","href":"https:\/\/api.w.org\/{rel}","templated":true}]}}