{"id":1420,"date":"2021-08-19T08:44:34","date_gmt":"2021-08-19T08:44:34","guid":{"rendered":"https:\/\/www.novotek.com\/dk\/?page_id=1420"},"modified":"2025-09-22T12:56:57","modified_gmt":"2025-09-22T12:56:57","slug":"customer-story-inbev","status":"publish","type":"page","link":"https:\/\/www.novotek.com\/dk\/brancher\/levnedsmiddel\/customer-story-inbev\/","title":{"rendered":"Customer story InBev"},"content":{"rendered":"  <div class=\"hero\">\n    <div class=\"carousel hero-slider large\" data-flickity data-flickity-options='{\"prevNextButtons\": false}'>\n              <div class=\"carousel-cell\">\n          <div class=\"container\">\n            <div class=\"hero-content\">\n                              <p>Reference<\/p>\n<h1>InBev<\/h1>\n<p>InBev har, med hj\u00e6lp fra Novotek, installeret Proficy iFIX-operat\u00f8rsystemet til at overv\u00e5ge og kontrollere vigtige parametre i produktionsprocessen. De bruger ogs\u00e5 Proficy Historian til at analysere produktionsomkostninger og gemme de vigtigste procesparametre for energiforbrug.<\/p>\n              \n                          <\/div>\n          <\/div>\n\n          <img decoding=\"async\" width=\"1024\" height=\"427\" src=\"https:\/\/www.novotek.com\/dk\/wp-content\/uploads\/sites\/4\/Novotek_Website_Food_and_Beverage_image_Graphic_arrow2-4-min-1024x427.jpg\" class=\"hero-bg\" alt=\"Hero Img\" fetchpriority=\"high\" srcset=\"https:\/\/www.novotek.com\/dk\/wp-content\/uploads\/sites\/4\/Novotek_Website_Food_and_Beverage_image_Graphic_arrow2-4-min-1024x427.jpg 1024w, https:\/\/www.novotek.com\/dk\/wp-content\/uploads\/sites\/4\/Novotek_Website_Food_and_Beverage_image_Graphic_arrow2-4-min-300x125.jpg 300w, https:\/\/www.novotek.com\/dk\/wp-content\/uploads\/sites\/4\/Novotek_Website_Food_and_Beverage_image_Graphic_arrow2-4-min-768x320.jpg 768w, https:\/\/www.novotek.com\/dk\/wp-content\/uploads\/sites\/4\/Novotek_Website_Food_and_Beverage_image_Graphic_arrow2-4-min-1536x640.jpg 1536w, https:\/\/www.novotek.com\/dk\/wp-content\/uploads\/sites\/4\/Novotek_Website_Food_and_Beverage_image_Graphic_arrow2-4-min.jpg 1920w\" sizes=\"(max-width: 1024px) 100vw, 1024px\" \/>                  <\/div>\n          <\/div>\n\n      <\/div>\n\n   <div class=\"floating-breadcrumb\"><div class=\"container\"><span><span><a href=\"https:\/\/www.novotek.com\/dk\/\" class=\"breadcrumb-frontpage\">Home<\/a><\/span><\/span><\/div><\/div>\n\n\n\n\n<div class=\"container-md heading  \">\n<h2 class=\"wp-block-heading has-text-align-center\" id=\"h-med-excel-pluginet-fra-proficy-historian-kan-jeg-nemt-oprette-mine-egne-energiforbrugsrapporter\"><strong>&#8220;Med Excel -pluginet fra Proficy Historian kan jeg nemt oprette mine egne energiforbrugsrapporter.&#8221;<\/strong><\/h2>\n<\/div>\n\n<div class=\"container-md paragraph  aligncenter\">\n<p class=\"has-text-align-center\">Citat fra projektleder hos InBev, Holland.<\/p>\n<\/div>\n\n<div class=\"container-md columns  \">\n<div class=\"wp-block-columns is-layout-flex wp-container-core-columns-is-layout-9d6595d7 wp-block-columns-is-layout-flex\"><div class=\"container-md column  \">\n<div class=\"wp-block-column is-layout-flow wp-block-column-is-layout-flow\"><div class=\"container-md heading  \">\n<h4 class=\"wp-block-heading\" id=\"h-losning\">L\u00f8sning<\/h4>\n<\/div>\n\n<div class=\"container-md list  \">\n<ul class=\"wp-block-list\"><div class=\"container-md list-item  \">\n<li>Procesvisualisering<\/li>\n<\/div>\n\n<div class=\"container-md list-item  \">\n<li>Energioverv\u00e5gning<\/li>\n<\/div><\/ul>\n<\/div>\n\n<div class=\"container-md spacer  \">\n<div style=\"height:15px\" aria-hidden=\"true\" class=\"wp-block-spacer\"><\/div>\n<\/div>\n\n<div class=\"container-md heading  \">\n<h4 class=\"wp-block-heading\" id=\"h-produkter\">Produkter<\/h4>\n<\/div>\n\n<div class=\"container-md list  \">\n<ul class=\"wp-block-list\"><div class=\"container-md list-item  \">\n<li><a href=\"https:\/\/www.novotek.com\/dk\/automation\/hmi-scada\/proficy-hmi-scada-ifix\/\">Proficy iFIX<\/a><\/li>\n<\/div>\n\n<div class=\"container-md list-item  \">\n<li><a href=\"https:\/\/www.novotek.com\/dk\/digitalisering\/dataopsamling-og-rapportering\/proficy-historian\/\">Proficy Historian<\/a><\/li>\n<\/div><\/ul>\n<\/div>\n\n<div class=\"container-md spacer  \">\n<div style=\"height:15px\" aria-hidden=\"true\" class=\"wp-block-spacer\"><\/div>\n<\/div>\n\n<div class=\"container-md heading  \">\n<h4 class=\"wp-block-heading\" id=\"h-fordele\">Fordele<\/h4>\n<\/div>\n\n<div class=\"container-md list  \">\n<ul class=\"wp-block-list\"><div class=\"container-md list-item  \">\n<li>Centraliseret procesoverv\u00e5gning og -kontrol<\/li>\n<\/div>\n\n<div class=\"container-md list-item  \">\n<li>Omkostningsoptimering<\/li>\n<\/div>\n\n<div class=\"container-md list-item  \">\n<li>Historisk analysev\u00e6rkt\u00f8j<\/li>\n<\/div>\n\n<div class=\"container-md list-item  \">\n<li>Grundlag for rapportering<\/li>\n<\/div><\/ul>\n<\/div><\/div>\n<\/div>\n\n<div class=\"container-md column  \">\n<div class=\"wp-block-column is-layout-flow wp-block-column-is-layout-flow\"><div class=\"wp-block-image\"><div class=\"container-md image  alignright\">\n<figure class=\"alignright size-medium is-resized\"><img loading=\"lazy\" decoding=\"async\" width=\"300\" height=\"300\" src=\"https:\/\/www.novotek.com\/dk\/wp-content\/uploads\/sites\/4\/icons\/novotek-check-box_rgb-1024x1024-1-300x300.png\" alt=\"pictogram checkbox\" class=\"wp-image-4632\" style=\"width:210px;height:210px\" srcset=\"https:\/\/www.novotek.com\/dk\/wp-content\/uploads\/sites\/4\/icons\/novotek-check-box_rgb-1024x1024-1-300x300.png 300w, https:\/\/www.novotek.com\/dk\/wp-content\/uploads\/sites\/4\/icons\/novotek-check-box_rgb-1024x1024-1.png 1024w, https:\/\/www.novotek.com\/dk\/wp-content\/uploads\/sites\/4\/icons\/novotek-check-box_rgb-1024x1024-1-150x150.png 150w, https:\/\/www.novotek.com\/dk\/wp-content\/uploads\/sites\/4\/icons\/novotek-check-box_rgb-1024x1024-1-768x768.png 768w\" sizes=\"auto, (max-width: 300px) 100vw, 300px\" \/><\/figure>\n<\/div><\/div><\/div>\n<\/div><\/div>\n<\/div>\n\n<div class=\"container-md heading  \">\n<h2 class=\"wp-block-heading\" id=\"h-kontrollerer-produktionen-og-overvager-energiforbruget\">Kontrollerer produktionen og overv\u00e5ger energiforbruget<\/h2>\n<\/div>\n\n<div class=\"container-md paragraph  \">\n<p><a href=\"https:\/\/www.ab-inbev.com\/\" target=\"_blank\" rel=\"noreferrer noopener\">InBev<\/a> er en af \u200b\u200bde st\u00f8rste \u00f8lproducenter i verden. Med strategien for The World&#8217;s Local Brewer opererer InBev i tyve lande i Nordamerika og Vesteuropa. I Dommelen, Holland, producerer det lokale m\u00e6rke Dommelsch med et volumen p\u00e5 900.000 hektoliter om \u00e5ret.<\/p>\n<\/div>\n\n<div class=\"container-md spacer  \">\n<div style=\"height:100px\" aria-hidden=\"true\" class=\"wp-block-spacer\"><\/div>\n<\/div>\n\n  <div class=\"hero\">\n    <div class=\"carousel hero-slider large\" data-flickity data-flickity-options='{\"prevNextButtons\": false}'>\n              <div class=\"carousel-cell\">\n          <div class=\"container\">\n            <div class=\"hero-content\">\n                              <h2><strong>Produktions proces<\/strong><\/h2>\n<p><a>For at lave \u00f8l bruger bryggerierne vand og korn til at lave en s\u00f8d v\u00e6ske. Dette tils\u00e6ttes humle, f\u00f8r det derefter g\u00e6res. Den grundl\u00e6ggende proces kan v\u00e6re enkel, men afh\u00e6nger af den n\u00f8jagtige udf\u00f8relse. De vigtigste trin er maltning, brygning og g\u00e6ring &#8211; efterfulgt af modning, filtrering og aftapning. I Dommelen kombineres alle aspekter af processen til en enkelt proces.<\/a><\/p>\n              \n                          <\/div>\n          <\/div>\n\n          <img decoding=\"async\" width=\"1024\" height=\"427\" src=\"https:\/\/www.novotek.com\/dk\/wp-content\/uploads\/sites\/4\/inbev-mini-1024x427.jpg\" class=\"hero-bg\" alt=\"Hero Img\" fetchpriority=\"high\" srcset=\"https:\/\/www.novotek.com\/dk\/wp-content\/uploads\/sites\/4\/inbev-mini-1024x427.jpg 1024w, https:\/\/www.novotek.com\/dk\/wp-content\/uploads\/sites\/4\/inbev-mini-300x125.jpg 300w, https:\/\/www.novotek.com\/dk\/wp-content\/uploads\/sites\/4\/inbev-mini-768x320.jpg 768w, https:\/\/www.novotek.com\/dk\/wp-content\/uploads\/sites\/4\/inbev-mini.jpg 1536w\" sizes=\"(max-width: 1024px) 100vw, 1024px\" \/>                  <\/div>\n          <\/div>\n\n      <\/div>\n\n   <div class=\"floating-breadcrumb\"><div class=\"container\"><span><span><a href=\"https:\/\/www.novotek.com\/dk\/\" class=\"breadcrumb-frontpage\">Home<\/a><\/span><\/span><\/div><\/div>\n\n\n\n\n<div class=\"container-md heading  \">\n<h2 class=\"wp-block-heading\" id=\"h-centraliseret-processtyring\">Centraliseret processtyring<\/h2>\n<\/div>\n\n<div class=\"container-md paragraph  \">\n<p>Overv\u00e5gning af kritiske procesparametre er vigtig for at garantere h\u00f8j kvalitet af slutproduktet. Det er ogs\u00e5 vigtigt, at brygningsprocessen finder sted i realtid med fuld kontrol fra kontrolrummet. Selve processen k\u00f8res ved hj\u00e6lp af en PLC, der regulerer ventiler og hardware aktuatorer. HMI \/ SCADA-softwaren Proficy iFIX fra GE Vernova scanner status for 2000 procesparametre i PLC&#8217;en og returnerer oplysninger i realtid til operat\u00f8ren i en grafisk gr\u00e6nseflade. I tilf\u00e6lde af alarmer f\u00e5r operat\u00f8ren besked fra systemet og kan tage passende handlinger med blot et par museklik. Med denne indstilling kan processen overv\u00e5ges l\u00f8bende og h\u00e5ndteres af kun \u00e9n person.<\/p>\n<\/div>\n\n<div class=\"container-md spacer  \">\n<div style=\"height:100px\" aria-hidden=\"true\" class=\"wp-block-spacer\"><\/div>\n<\/div>\n\n<div class=\"container media-text  alignwide\">\n<div class=\"wp-block-media-text alignwide is-stacked-on-mobile\"><figure class=\"wp-block-media-text__media\"><img loading=\"lazy\" decoding=\"async\" width=\"600\" height=\"407\" src=\"https:\/\/www.novotek.com\/dk\/wp-content\/uploads\/sites\/4\/GEDigital_Proficy_Historian_tablet.jpg\" alt=\"\" class=\"wp-image-1436 size-full\" srcset=\"https:\/\/www.novotek.com\/dk\/wp-content\/uploads\/sites\/4\/GEDigital_Proficy_Historian_tablet.jpg 600w, https:\/\/www.novotek.com\/dk\/wp-content\/uploads\/sites\/4\/GEDigital_Proficy_Historian_tablet-300x204.jpg 300w\" sizes=\"auto, (max-width: 600px) 100vw, 600px\" \/><\/figure><div class=\"wp-block-media-text__content\"><div class=\"container-md heading  \">\n<h2 class=\"wp-block-heading\" id=\"h-overvagning-af-energiforbrug\">Overv\u00e5gning af energiforbrug<\/h2>\n<\/div>\n\n<div class=\"container-md paragraph  \">\n<p>Energiforbrug er en betydelig omkostningsfaktor for den samlede brygningsproces. Vandforbrug, k\u00f8ling, elforbrug og CO2 -tils\u00e6tningsstoffer st\u00e5r for det dyreste energiforbrug i processen.<\/p>\n<\/div>\n\n<div class=\"container-md paragraph  \">\n<p>Ved at installere procesdatabasen Proficy Historian kan InBev nu registrere v\u00e6rdien og analysere hvert batch. Proficy Historian -dataserveren er betydeligt hurtigere end tidligere trendmekanismer og giver flere v\u00e6rkt\u00f8jer til at sammenligne og integrere historiske data i standardrapporter. Ved hj\u00e6lp af Excel -pluginet kan automatiseringsafdelingen let gennemse procesdata fra Excel og oprette rapporter.<\/p>\n<\/div><\/div><\/div>\n<\/div>\n\n<div class=\"container-md spacer  \">\n<div style=\"height:100px\" aria-hidden=\"true\" class=\"wp-block-spacer\"><\/div>\n<\/div>\n\n<div class=\"container-md heading  \">\n<h2 class=\"wp-block-heading\" id=\"h-rapporter-baseret-pa-dataanalyse\">Rapporter baseret p\u00e5 dataanalyse<\/h2>\n<\/div>\n\n<div class=\"container-md paragraph  \">\n<p>Datahistorikeren fungerer som grundlag for yderligere dataanalyser. Det viser resultaterne af operat\u00f8rernes foranstaltninger for bestemte partier og giver en bedre forst\u00e5else af, hvordan procesparametre p\u00e5virker hinanden.<\/p>\n<\/div>\n\n<div class=\"container-md paragraph  \">\n<p>Med standardrapporter kan denne feedback genereres automatisk eller efter anmodning. Du kan ogs\u00e5 sammenligne procesparametre for et parti med det s\u00e5kaldte &#8220;gyldne parti&#8221; og give feedback om driftsydelsen i realtid.<\/p>\n<\/div>\n\n<div class=\"container media-text  alignwide\">\n<div class=\"wp-block-media-text alignwide has-media-on-the-right is-stacked-on-mobile\"><div class=\"wp-block-media-text__content\"><div class=\"container-md heading  \">\n<h2 class=\"wp-block-heading\" id=\"h-opnaet-resultat\">Opn\u00e5et resultat<\/h2>\n<\/div>\n\n<div class=\"container-md paragraph  \">\n<p>Standardisering af procesoverv\u00e5gning med Proficy iFix har givet et centralt adgangspunkt og minimeret den indsats, der kr\u00e6ves for at kontrollere hele processen. Ved at gemme de kritiske procesparametre i Proficy Historian kan automatiseringsteamet udf\u00f8re en omkostningsanalyse af effekten af \u200b\u200bvisse proces\u00e6ndringer. Systemet giver en fremragende infrastruktur til batchkvalitet og analyse.<\/p>\n<\/div><\/div><figure class=\"wp-block-media-text__media\"><img loading=\"lazy\" decoding=\"async\" width=\"800\" height=\"800\" src=\"https:\/\/www.novotek.com\/dk\/wp-content\/uploads\/sites\/4\/kundecase\/wil-stewart-UErWoQEoMrc-unsplash_Duplex_cyan-min.png\" alt=\"InBev kundecase Levnedsmiddel\" class=\"wp-image-4155 size-full\" srcset=\"https:\/\/www.novotek.com\/dk\/wp-content\/uploads\/sites\/4\/kundecase\/wil-stewart-UErWoQEoMrc-unsplash_Duplex_cyan-min.png 800w, https:\/\/www.novotek.com\/dk\/wp-content\/uploads\/sites\/4\/kundecase\/wil-stewart-UErWoQEoMrc-unsplash_Duplex_cyan-min-300x300.png 300w, https:\/\/www.novotek.com\/dk\/wp-content\/uploads\/sites\/4\/kundecase\/wil-stewart-UErWoQEoMrc-unsplash_Duplex_cyan-min-150x150.png 150w, https:\/\/www.novotek.com\/dk\/wp-content\/uploads\/sites\/4\/kundecase\/wil-stewart-UErWoQEoMrc-unsplash_Duplex_cyan-min-768x768.png 768w\" sizes=\"auto, (max-width: 800px) 100vw, 800px\" \/><\/figure><\/div>\n<\/div>\n\n  <div class=\"slider-column-parent\">\n    <div class=\"container\">\n      <div class=\"slider-column-title\">L\u00e6s mere om l\u00f8sningerne <\/div>\n\n      <div class=\"row\">\n        <div class=\"col-12 col-md-4\"><div class=\"column-box\">\n  \n      <div class=\"title\">\n      Proficy iFIX    <\/div>\n  \n      <div class=\"text\">\n      <p>Den mest komplette HMI\/SCADA-l\u00f8sning p\u00e5 markedet.<\/p>\n    <\/div>\n  \n      <a class=\"link\"  href=\"https:\/\/www.novotek.com\/dk\/automation\/hmi-scada\/proficy-hmi-scada-ifix\/\" target=\"\">\n      L\u00e6s mere    <\/a>\n  \n  <\/div>\n\n<\/div><div class=\"col-12 col-md-4\"><div class=\"column-box\">\n  \n      <div class=\"title\">\n      Proficy Historian     <\/div>\n  \n      <div class=\"text\">\n      <p>Markedets mest kraftfulde procesdatabase udviklet til produktionsdata.<\/p>\n    <\/div>\n  \n      <a class=\"link\"  href=\"https:\/\/www.novotek.com\/dk\/digitalisering\/dataopsamling-og-rapportering\/proficy-historian\/\" target=\"\">\n      L\u00e6s mere     <\/a>\n  \n  <\/div>\n\n<\/div>      <\/div>\n    <\/div>\n  <\/div>\n","protected":false},"excerpt":{"rendered":"<p>InBev har, med hj\u00e6lp fra Novotek, installeret Proficy iFIX-operat\u00f8rsystemet til at overv\u00e5ge og kontrollere vigtige parametre i produktionsprocessen. <\/p>\n","protected":false},"author":6,"featured_media":0,"parent":1227,"menu_order":0,"comment_status":"closed","ping_status":"closed","template":"","meta":{"_acf_changed":false,"_relevanssi_hide_post":"","_relevanssi_pin_for_all":"","_relevanssi_pin_keywords":"","_relevanssi_unpin_keywords":"","_relevanssi_related_keywords":"","_relevanssi_related_include_ids":"","_relevanssi_related_exclude_ids":"","_relevanssi_related_no_append":"","_relevanssi_related_not_related":"","_relevanssi_related_posts":"1","_relevanssi_noindex_reason":"","footnotes":""},"class_list":["post-1420","page","type-page","status-publish","hentry"],"acf":[],"yoast_head":"<!-- This site is optimized with the Yoast SEO plugin v27.3 - https:\/\/yoast.com\/product\/yoast-seo-wordpress\/ -->\n<title>InBev - kundecase | Novotek<\/title>\n<meta name=\"description\" content=\"InBev har installeret Proficy iFIX-operat\u00f8rsystemet til at overv\u00e5ge og kontrollere vigtige parametre i produktionsprocessen.\" \/>\n<meta name=\"robots\" content=\"index, follow, max-snippet:-1, max-image-preview:large, max-video-preview:-1\" \/>\n<link rel=\"canonical\" href=\"https:\/\/www.novotek.com\/dk\/brancher\/levnedsmiddel\/customer-story-inbev\/\" \/>\n<meta property=\"og:locale\" content=\"da_DK\" \/>\n<meta property=\"og:type\" content=\"article\" \/>\n<meta property=\"og:title\" content=\"InBev - kundecase | Novotek\" \/>\n<meta property=\"og:description\" content=\"InBev har installeret Proficy iFIX-operat\u00f8rsystemet til at overv\u00e5ge og kontrollere vigtige parametre i produktionsprocessen.\" \/>\n<meta property=\"og:url\" content=\"https:\/\/www.novotek.com\/dk\/brancher\/levnedsmiddel\/customer-story-inbev\/\" \/>\n<meta property=\"og:site_name\" content=\"Novotek Danmark\" \/>\n<meta property=\"article:modified_time\" content=\"2025-09-22T12:56:57+00:00\" \/>\n<meta property=\"og:image\" content=\"https:\/\/www.novotek.com\/dk\/wp-content\/uploads\/sites\/4\/icons\/novotek-check-box_rgb-1024x1024-1-300x300.png\" \/>\n<meta name=\"twitter:card\" content=\"summary_large_image\" \/>\n<meta name=\"twitter:label1\" content=\"Estimeret l\u00e6setid\" \/>\n\t<meta name=\"twitter:data1\" content=\"3 minutter\" \/>\n<script type=\"application\/ld+json\" class=\"yoast-schema-graph\">{\"@context\":\"https:\\\/\\\/schema.org\",\"@graph\":[{\"@type\":\"WebPage\",\"@id\":\"https:\\\/\\\/www.novotek.com\\\/dk\\\/brancher\\\/levnedsmiddel\\\/customer-story-inbev\\\/\",\"url\":\"https:\\\/\\\/www.novotek.com\\\/dk\\\/brancher\\\/levnedsmiddel\\\/customer-story-inbev\\\/\",\"name\":\"InBev - kundecase | Novotek\",\"isPartOf\":{\"@id\":\"https:\\\/\\\/www.novotek.com\\\/dk\\\/#website\"},\"primaryImageOfPage\":{\"@id\":\"https:\\\/\\\/www.novotek.com\\\/dk\\\/brancher\\\/levnedsmiddel\\\/customer-story-inbev\\\/#primaryimage\"},\"image\":{\"@id\":\"https:\\\/\\\/www.novotek.com\\\/dk\\\/brancher\\\/levnedsmiddel\\\/customer-story-inbev\\\/#primaryimage\"},\"thumbnailUrl\":\"https:\\\/\\\/www.novotek.com\\\/dk\\\/wp-content\\\/uploads\\\/sites\\\/4\\\/icons\\\/novotek-check-box_rgb-1024x1024-1-300x300.png\",\"datePublished\":\"2021-08-19T08:44:34+00:00\",\"dateModified\":\"2025-09-22T12:56:57+00:00\",\"description\":\"InBev har installeret Proficy iFIX-operat\u00f8rsystemet til at overv\u00e5ge og kontrollere vigtige parametre i produktionsprocessen.\",\"breadcrumb\":{\"@id\":\"https:\\\/\\\/www.novotek.com\\\/dk\\\/brancher\\\/levnedsmiddel\\\/customer-story-inbev\\\/#breadcrumb\"},\"inLanguage\":\"da-DK\",\"potentialAction\":[{\"@type\":\"ReadAction\",\"target\":[\"https:\\\/\\\/www.novotek.com\\\/dk\\\/brancher\\\/levnedsmiddel\\\/customer-story-inbev\\\/\"]}]},{\"@type\":\"ImageObject\",\"inLanguage\":\"da-DK\",\"@id\":\"https:\\\/\\\/www.novotek.com\\\/dk\\\/brancher\\\/levnedsmiddel\\\/customer-story-inbev\\\/#primaryimage\",\"url\":\"https:\\\/\\\/www.novotek.com\\\/dk\\\/wp-content\\\/uploads\\\/sites\\\/4\\\/icons\\\/novotek-check-box_rgb-1024x1024-1.png\",\"contentUrl\":\"https:\\\/\\\/www.novotek.com\\\/dk\\\/wp-content\\\/uploads\\\/sites\\\/4\\\/icons\\\/novotek-check-box_rgb-1024x1024-1.png\",\"width\":1024,\"height\":1024,\"caption\":\"pictogram checkbox\"},{\"@type\":\"BreadcrumbList\",\"@id\":\"https:\\\/\\\/www.novotek.com\\\/dk\\\/brancher\\\/levnedsmiddel\\\/customer-story-inbev\\\/#breadcrumb\",\"itemListElement\":[{\"@type\":\"ListItem\",\"position\":1,\"name\":\"Home\",\"item\":\"https:\\\/\\\/www.novotek.com\\\/dk\\\/\"},{\"@type\":\"ListItem\",\"position\":2,\"name\":\"Brancher\",\"item\":\"https:\\\/\\\/www.novotek.com\\\/dk\\\/brancher\\\/\"},{\"@type\":\"ListItem\",\"position\":3,\"name\":\"F\u00f8devareindustri\",\"item\":\"https:\\\/\\\/www.novotek.com\\\/dk\\\/brancher\\\/levnedsmiddel\\\/\"},{\"@type\":\"ListItem\",\"position\":4,\"name\":\"Customer story InBev\"}]},{\"@type\":\"WebSite\",\"@id\":\"https:\\\/\\\/www.novotek.com\\\/dk\\\/#website\",\"url\":\"https:\\\/\\\/www.novotek.com\\\/dk\\\/\",\"name\":\"Novotek Danmark\",\"description\":\"Automation, digitalisering og analyse\",\"publisher\":{\"@id\":\"https:\\\/\\\/www.novotek.com\\\/dk\\\/#organization\"},\"potentialAction\":[{\"@type\":\"SearchAction\",\"target\":{\"@type\":\"EntryPoint\",\"urlTemplate\":\"https:\\\/\\\/www.novotek.com\\\/dk\\\/?s={search_term_string}\"},\"query-input\":{\"@type\":\"PropertyValueSpecification\",\"valueRequired\":true,\"valueName\":\"search_term_string\"}}],\"inLanguage\":\"da-DK\"},{\"@type\":\"Organization\",\"@id\":\"https:\\\/\\\/www.novotek.com\\\/dk\\\/#organization\",\"name\":\"Novotek Danmark\",\"url\":\"https:\\\/\\\/www.novotek.com\\\/dk\\\/\",\"logo\":{\"@type\":\"ImageObject\",\"inLanguage\":\"da-DK\",\"@id\":\"https:\\\/\\\/www.novotek.com\\\/dk\\\/#\\\/schema\\\/logo\\\/image\\\/\",\"url\":\"https:\\\/\\\/www.novotek.com\\\/dk\\\/wp-content\\\/uploads\\\/sites\\\/4\\\/Denmark_files\\\/novotek-logotyp-rgb-pos.png\",\"contentUrl\":\"https:\\\/\\\/www.novotek.com\\\/dk\\\/wp-content\\\/uploads\\\/sites\\\/4\\\/Denmark_files\\\/novotek-logotyp-rgb-pos.png\",\"width\":1794,\"height\":520,\"caption\":\"Novotek Danmark\"},\"image\":{\"@id\":\"https:\\\/\\\/www.novotek.com\\\/dk\\\/#\\\/schema\\\/logo\\\/image\\\/\"},\"sameAs\":[\"https:\\\/\\\/www.linkedin.com\\\/company\\\/novotek-denmark\",\"https:\\\/\\\/www.youtube.com\\\/user\\\/NovotekCorp\"]}]}<\/script>\n<!-- \/ Yoast SEO plugin. -->","yoast_head_json":{"title":"InBev - kundecase | Novotek","description":"InBev har installeret Proficy iFIX-operat\u00f8rsystemet til at overv\u00e5ge og kontrollere vigtige parametre i produktionsprocessen.","robots":{"index":"index","follow":"follow","max-snippet":"max-snippet:-1","max-image-preview":"max-image-preview:large","max-video-preview":"max-video-preview:-1"},"canonical":"https:\/\/www.novotek.com\/dk\/brancher\/levnedsmiddel\/customer-story-inbev\/","og_locale":"da_DK","og_type":"article","og_title":"InBev - kundecase | Novotek","og_description":"InBev har installeret Proficy iFIX-operat\u00f8rsystemet til at overv\u00e5ge og kontrollere vigtige parametre i produktionsprocessen.","og_url":"https:\/\/www.novotek.com\/dk\/brancher\/levnedsmiddel\/customer-story-inbev\/","og_site_name":"Novotek Danmark","article_modified_time":"2025-09-22T12:56:57+00:00","og_image":[{"url":"https:\/\/www.novotek.com\/dk\/wp-content\/uploads\/sites\/4\/icons\/novotek-check-box_rgb-1024x1024-1-300x300.png","type":"","width":"","height":""}],"twitter_card":"summary_large_image","twitter_misc":{"Estimeret l\u00e6setid":"3 minutter"},"schema":{"@context":"https:\/\/schema.org","@graph":[{"@type":"WebPage","@id":"https:\/\/www.novotek.com\/dk\/brancher\/levnedsmiddel\/customer-story-inbev\/","url":"https:\/\/www.novotek.com\/dk\/brancher\/levnedsmiddel\/customer-story-inbev\/","name":"InBev - kundecase | Novotek","isPartOf":{"@id":"https:\/\/www.novotek.com\/dk\/#website"},"primaryImageOfPage":{"@id":"https:\/\/www.novotek.com\/dk\/brancher\/levnedsmiddel\/customer-story-inbev\/#primaryimage"},"image":{"@id":"https:\/\/www.novotek.com\/dk\/brancher\/levnedsmiddel\/customer-story-inbev\/#primaryimage"},"thumbnailUrl":"https:\/\/www.novotek.com\/dk\/wp-content\/uploads\/sites\/4\/icons\/novotek-check-box_rgb-1024x1024-1-300x300.png","datePublished":"2021-08-19T08:44:34+00:00","dateModified":"2025-09-22T12:56:57+00:00","description":"InBev har installeret Proficy iFIX-operat\u00f8rsystemet til at overv\u00e5ge og kontrollere vigtige parametre i produktionsprocessen.","breadcrumb":{"@id":"https:\/\/www.novotek.com\/dk\/brancher\/levnedsmiddel\/customer-story-inbev\/#breadcrumb"},"inLanguage":"da-DK","potentialAction":[{"@type":"ReadAction","target":["https:\/\/www.novotek.com\/dk\/brancher\/levnedsmiddel\/customer-story-inbev\/"]}]},{"@type":"ImageObject","inLanguage":"da-DK","@id":"https:\/\/www.novotek.com\/dk\/brancher\/levnedsmiddel\/customer-story-inbev\/#primaryimage","url":"https:\/\/www.novotek.com\/dk\/wp-content\/uploads\/sites\/4\/icons\/novotek-check-box_rgb-1024x1024-1.png","contentUrl":"https:\/\/www.novotek.com\/dk\/wp-content\/uploads\/sites\/4\/icons\/novotek-check-box_rgb-1024x1024-1.png","width":1024,"height":1024,"caption":"pictogram checkbox"},{"@type":"BreadcrumbList","@id":"https:\/\/www.novotek.com\/dk\/brancher\/levnedsmiddel\/customer-story-inbev\/#breadcrumb","itemListElement":[{"@type":"ListItem","position":1,"name":"Home","item":"https:\/\/www.novotek.com\/dk\/"},{"@type":"ListItem","position":2,"name":"Brancher","item":"https:\/\/www.novotek.com\/dk\/brancher\/"},{"@type":"ListItem","position":3,"name":"F\u00f8devareindustri","item":"https:\/\/www.novotek.com\/dk\/brancher\/levnedsmiddel\/"},{"@type":"ListItem","position":4,"name":"Customer story InBev"}]},{"@type":"WebSite","@id":"https:\/\/www.novotek.com\/dk\/#website","url":"https:\/\/www.novotek.com\/dk\/","name":"Novotek Danmark","description":"Automation, digitalisering og analyse","publisher":{"@id":"https:\/\/www.novotek.com\/dk\/#organization"},"potentialAction":[{"@type":"SearchAction","target":{"@type":"EntryPoint","urlTemplate":"https:\/\/www.novotek.com\/dk\/?s={search_term_string}"},"query-input":{"@type":"PropertyValueSpecification","valueRequired":true,"valueName":"search_term_string"}}],"inLanguage":"da-DK"},{"@type":"Organization","@id":"https:\/\/www.novotek.com\/dk\/#organization","name":"Novotek Danmark","url":"https:\/\/www.novotek.com\/dk\/","logo":{"@type":"ImageObject","inLanguage":"da-DK","@id":"https:\/\/www.novotek.com\/dk\/#\/schema\/logo\/image\/","url":"https:\/\/www.novotek.com\/dk\/wp-content\/uploads\/sites\/4\/Denmark_files\/novotek-logotyp-rgb-pos.png","contentUrl":"https:\/\/www.novotek.com\/dk\/wp-content\/uploads\/sites\/4\/Denmark_files\/novotek-logotyp-rgb-pos.png","width":1794,"height":520,"caption":"Novotek Danmark"},"image":{"@id":"https:\/\/www.novotek.com\/dk\/#\/schema\/logo\/image\/"},"sameAs":["https:\/\/www.linkedin.com\/company\/novotek-denmark","https:\/\/www.youtube.com\/user\/NovotekCorp"]}]}},"_links":{"self":[{"href":"https:\/\/www.novotek.com\/dk\/wp-json\/wp\/v2\/pages\/1420","targetHints":{"allow":["GET"]}}],"collection":[{"href":"https:\/\/www.novotek.com\/dk\/wp-json\/wp\/v2\/pages"}],"about":[{"href":"https:\/\/www.novotek.com\/dk\/wp-json\/wp\/v2\/types\/page"}],"author":[{"embeddable":true,"href":"https:\/\/www.novotek.com\/dk\/wp-json\/wp\/v2\/users\/6"}],"replies":[{"embeddable":true,"href":"https:\/\/www.novotek.com\/dk\/wp-json\/wp\/v2\/comments?post=1420"}],"version-history":[{"count":34,"href":"https:\/\/www.novotek.com\/dk\/wp-json\/wp\/v2\/pages\/1420\/revisions"}],"predecessor-version":[{"id":11103,"href":"https:\/\/www.novotek.com\/dk\/wp-json\/wp\/v2\/pages\/1420\/revisions\/11103"}],"up":[{"embeddable":true,"href":"https:\/\/www.novotek.com\/dk\/wp-json\/wp\/v2\/pages\/1227"}],"wp:attachment":[{"href":"https:\/\/www.novotek.com\/dk\/wp-json\/wp\/v2\/media?parent=1420"}],"curies":[{"name":"wp","href":"https:\/\/api.w.org\/{rel}","templated":true}]}}