{"id":20,"date":"2021-04-06T11:56:03","date_gmt":"2021-04-06T11:56:03","guid":{"rendered":"https:\/\/www.novotek.com\/dk\/?page_id=20"},"modified":"2026-03-05T08:29:56","modified_gmt":"2026-03-05T08:29:56","slug":"insights","status":"publish","type":"page","link":"https:\/\/www.novotek.com\/dk\/insights\/","title":{"rendered":"Artikler"},"content":{"rendered":"<div class=\"container-md heading  \">\n<h1 class=\"wp-block-heading\" id=\"h-artikler\">Artikler <\/h1>\n<\/div>\n\n<div class=\"container-md paragraph  \">\n<p>Industri, teknik, data og mennesker: F\u00e5 st\u00f8rre indsigt i industriel digitalisering og l\u00e6r om de forskellige l\u00f8sninger.<\/p>\n<\/div>","protected":false},"excerpt":{"rendered":"<p>F\u00e5 st\u00f8rre indsigt i industriel digitalisering og l\u00e6r om de forskellige l\u00f8sninger.<\/p>\n","protected":false},"author":1,"featured_media":2490,"parent":0,"menu_order":8,"comment_status":"closed","ping_status":"closed","template":"","meta":{"_acf_changed":false,"_relevanssi_hide_post":"","_relevanssi_pin_for_all":"","_relevanssi_pin_keywords":"","_relevanssi_unpin_keywords":"","_relevanssi_related_keywords":"","_relevanssi_related_include_ids":"","_relevanssi_related_exclude_ids":"","_relevanssi_related_no_append":"","_relevanssi_related_not_related":"","_relevanssi_related_posts":"1","_relevanssi_noindex_reason":"","footnotes":""},"class_list":["post-20","page","type-page","status-publish","has-post-thumbnail","hentry"],"acf":[],"yoast_head":"<!-- This site is optimized with the Yoast SEO plugin v27.3 - https:\/\/yoast.com\/product\/yoast-seo-wordpress\/ -->\n<title>Artikler om digital transformation i produktion<\/title>\n<meta name=\"description\" content=\"Her f\u00e5r du viden og indsigt om automation og industriel digitalisering. Bliver klogere og h\u00f8r om de forskellige l\u00f8sninger.\" \/>\n<meta name=\"robots\" content=\"index, follow, max-snippet:-1, max-image-preview:large, max-video-preview:-1\" \/>\n<link rel=\"canonical\" href=\"https:\/\/www.novotek.com\/dk\/insights\/\" \/>\n<meta property=\"og:locale\" content=\"da_DK\" \/>\n<meta property=\"og:type\" content=\"article\" \/>\n<meta property=\"og:title\" content=\"Artikler om digital transformation i produktion\" \/>\n<meta property=\"og:description\" content=\"Her f\u00e5r du viden og indsigt om automation og industriel digitalisering. Bliver klogere og h\u00f8r om de forskellige l\u00f8sninger.\" \/>\n<meta property=\"og:url\" content=\"https:\/\/www.novotek.com\/dk\/insights\/\" \/>\n<meta property=\"og:site_name\" content=\"Novotek Danmark\" \/>\n<meta property=\"article:modified_time\" content=\"2026-03-05T08:29:56+00:00\" \/>\n<meta property=\"og:image\" content=\"https:\/\/www.novotek.com\/dk\/wp-content\/uploads\/sites\/4\/Novotek_Insights_header_1920x9800px.jpg\" \/>\n\t<meta property=\"og:image:width\" content=\"1920\" \/>\n\t<meta property=\"og:image:height\" content=\"800\" \/>\n\t<meta property=\"og:image:type\" content=\"image\/jpeg\" \/>\n<meta name=\"twitter:card\" content=\"summary_large_image\" \/>\n<meta name=\"twitter:label1\" content=\"Estimeret l\u00e6setid\" \/>\n\t<meta name=\"twitter:data1\" content=\"1 minut\" \/>\n<script type=\"application\/ld+json\" class=\"yoast-schema-graph\">{\"@context\":\"https:\\\/\\\/schema.org\",\"@graph\":[{\"@type\":\"WebPage\",\"@id\":\"https:\\\/\\\/www.novotek.com\\\/dk\\\/insights\\\/\",\"url\":\"https:\\\/\\\/www.novotek.com\\\/dk\\\/insights\\\/\",\"name\":\"Artikler om digital transformation i produktion\",\"isPartOf\":{\"@id\":\"https:\\\/\\\/www.novotek.com\\\/dk\\\/#website\"},\"primaryImageOfPage\":{\"@id\":\"https:\\\/\\\/www.novotek.com\\\/dk\\\/insights\\\/#primaryimage\"},\"image\":{\"@id\":\"https:\\\/\\\/www.novotek.com\\\/dk\\\/insights\\\/#primaryimage\"},\"thumbnailUrl\":\"https:\\\/\\\/www.novotek.com\\\/dk\\\/wp-content\\\/uploads\\\/sites\\\/4\\\/Novotek_Insights_header_1920x9800px.jpg\",\"datePublished\":\"2021-04-06T11:56:03+00:00\",\"dateModified\":\"2026-03-05T08:29:56+00:00\",\"description\":\"Her f\u00e5r du viden og indsigt om automation og industriel digitalisering. Bliver klogere og h\u00f8r om de forskellige l\u00f8sninger.\",\"breadcrumb\":{\"@id\":\"https:\\\/\\\/www.novotek.com\\\/dk\\\/insights\\\/#breadcrumb\"},\"inLanguage\":\"da-DK\",\"potentialAction\":[{\"@type\":\"ReadAction\",\"target\":[\"https:\\\/\\\/www.novotek.com\\\/dk\\\/insights\\\/\"]}]},{\"@type\":\"ImageObject\",\"inLanguage\":\"da-DK\",\"@id\":\"https:\\\/\\\/www.novotek.com\\\/dk\\\/insights\\\/#primaryimage\",\"url\":\"https:\\\/\\\/www.novotek.com\\\/dk\\\/wp-content\\\/uploads\\\/sites\\\/4\\\/Novotek_Insights_header_1920x9800px.jpg\",\"contentUrl\":\"https:\\\/\\\/www.novotek.com\\\/dk\\\/wp-content\\\/uploads\\\/sites\\\/4\\\/Novotek_Insights_header_1920x9800px.jpg\",\"width\":1920,\"height\":800,\"caption\":\"Artikler\"},{\"@type\":\"BreadcrumbList\",\"@id\":\"https:\\\/\\\/www.novotek.com\\\/dk\\\/insights\\\/#breadcrumb\",\"itemListElement\":[{\"@type\":\"ListItem\",\"position\":1,\"name\":\"Home\",\"item\":\"https:\\\/\\\/www.novotek.com\\\/dk\\\/\"},{\"@type\":\"ListItem\",\"position\":2,\"name\":\"Artikler\"}]},{\"@type\":\"WebSite\",\"@id\":\"https:\\\/\\\/www.novotek.com\\\/dk\\\/#website\",\"url\":\"https:\\\/\\\/www.novotek.com\\\/dk\\\/\",\"name\":\"Novotek Danmark\",\"description\":\"Automation, digitalisering og analyse\",\"publisher\":{\"@id\":\"https:\\\/\\\/www.novotek.com\\\/dk\\\/#organization\"},\"potentialAction\":[{\"@type\":\"SearchAction\",\"target\":{\"@type\":\"EntryPoint\",\"urlTemplate\":\"https:\\\/\\\/www.novotek.com\\\/dk\\\/?s={search_term_string}\"},\"query-input\":{\"@type\":\"PropertyValueSpecification\",\"valueRequired\":true,\"valueName\":\"search_term_string\"}}],\"inLanguage\":\"da-DK\"},{\"@type\":\"Organization\",\"@id\":\"https:\\\/\\\/www.novotek.com\\\/dk\\\/#organization\",\"name\":\"Novotek Danmark\",\"url\":\"https:\\\/\\\/www.novotek.com\\\/dk\\\/\",\"logo\":{\"@type\":\"ImageObject\",\"inLanguage\":\"da-DK\",\"@id\":\"https:\\\/\\\/www.novotek.com\\\/dk\\\/#\\\/schema\\\/logo\\\/image\\\/\",\"url\":\"https:\\\/\\\/www.novotek.com\\\/dk\\\/wp-content\\\/uploads\\\/sites\\\/4\\\/Denmark_files\\\/novotek-logotyp-rgb-pos.png\",\"contentUrl\":\"https:\\\/\\\/www.novotek.com\\\/dk\\\/wp-content\\\/uploads\\\/sites\\\/4\\\/Denmark_files\\\/novotek-logotyp-rgb-pos.png\",\"width\":1794,\"height\":520,\"caption\":\"Novotek Danmark\"},\"image\":{\"@id\":\"https:\\\/\\\/www.novotek.com\\\/dk\\\/#\\\/schema\\\/logo\\\/image\\\/\"},\"sameAs\":[\"https:\\\/\\\/www.linkedin.com\\\/company\\\/novotek-denmark\",\"https:\\\/\\\/www.youtube.com\\\/user\\\/NovotekCorp\"]}]}<\/script>\n<!-- \/ Yoast SEO plugin. -->","yoast_head_json":{"title":"Artikler om digital transformation i produktion","description":"Her f\u00e5r du viden og indsigt om automation og industriel digitalisering. Bliver klogere og h\u00f8r om de forskellige l\u00f8sninger.","robots":{"index":"index","follow":"follow","max-snippet":"max-snippet:-1","max-image-preview":"max-image-preview:large","max-video-preview":"max-video-preview:-1"},"canonical":"https:\/\/www.novotek.com\/dk\/insights\/","og_locale":"da_DK","og_type":"article","og_title":"Artikler om digital transformation i produktion","og_description":"Her f\u00e5r du viden og indsigt om automation og industriel digitalisering. Bliver klogere og h\u00f8r om de forskellige l\u00f8sninger.","og_url":"https:\/\/www.novotek.com\/dk\/insights\/","og_site_name":"Novotek Danmark","article_modified_time":"2026-03-05T08:29:56+00:00","og_image":[{"width":1920,"height":800,"url":"https:\/\/www.novotek.com\/dk\/wp-content\/uploads\/sites\/4\/Novotek_Insights_header_1920x9800px.jpg","type":"image\/jpeg"}],"twitter_card":"summary_large_image","twitter_misc":{"Estimeret l\u00e6setid":"1 minut"},"schema":{"@context":"https:\/\/schema.org","@graph":[{"@type":"WebPage","@id":"https:\/\/www.novotek.com\/dk\/insights\/","url":"https:\/\/www.novotek.com\/dk\/insights\/","name":"Artikler om digital transformation i produktion","isPartOf":{"@id":"https:\/\/www.novotek.com\/dk\/#website"},"primaryImageOfPage":{"@id":"https:\/\/www.novotek.com\/dk\/insights\/#primaryimage"},"image":{"@id":"https:\/\/www.novotek.com\/dk\/insights\/#primaryimage"},"thumbnailUrl":"https:\/\/www.novotek.com\/dk\/wp-content\/uploads\/sites\/4\/Novotek_Insights_header_1920x9800px.jpg","datePublished":"2021-04-06T11:56:03+00:00","dateModified":"2026-03-05T08:29:56+00:00","description":"Her f\u00e5r du viden og indsigt om automation og industriel digitalisering. Bliver klogere og h\u00f8r om de forskellige l\u00f8sninger.","breadcrumb":{"@id":"https:\/\/www.novotek.com\/dk\/insights\/#breadcrumb"},"inLanguage":"da-DK","potentialAction":[{"@type":"ReadAction","target":["https:\/\/www.novotek.com\/dk\/insights\/"]}]},{"@type":"ImageObject","inLanguage":"da-DK","@id":"https:\/\/www.novotek.com\/dk\/insights\/#primaryimage","url":"https:\/\/www.novotek.com\/dk\/wp-content\/uploads\/sites\/4\/Novotek_Insights_header_1920x9800px.jpg","contentUrl":"https:\/\/www.novotek.com\/dk\/wp-content\/uploads\/sites\/4\/Novotek_Insights_header_1920x9800px.jpg","width":1920,"height":800,"caption":"Artikler"},{"@type":"BreadcrumbList","@id":"https:\/\/www.novotek.com\/dk\/insights\/#breadcrumb","itemListElement":[{"@type":"ListItem","position":1,"name":"Home","item":"https:\/\/www.novotek.com\/dk\/"},{"@type":"ListItem","position":2,"name":"Artikler"}]},{"@type":"WebSite","@id":"https:\/\/www.novotek.com\/dk\/#website","url":"https:\/\/www.novotek.com\/dk\/","name":"Novotek Danmark","description":"Automation, digitalisering og analyse","publisher":{"@id":"https:\/\/www.novotek.com\/dk\/#organization"},"potentialAction":[{"@type":"SearchAction","target":{"@type":"EntryPoint","urlTemplate":"https:\/\/www.novotek.com\/dk\/?s={search_term_string}"},"query-input":{"@type":"PropertyValueSpecification","valueRequired":true,"valueName":"search_term_string"}}],"inLanguage":"da-DK"},{"@type":"Organization","@id":"https:\/\/www.novotek.com\/dk\/#organization","name":"Novotek Danmark","url":"https:\/\/www.novotek.com\/dk\/","logo":{"@type":"ImageObject","inLanguage":"da-DK","@id":"https:\/\/www.novotek.com\/dk\/#\/schema\/logo\/image\/","url":"https:\/\/www.novotek.com\/dk\/wp-content\/uploads\/sites\/4\/Denmark_files\/novotek-logotyp-rgb-pos.png","contentUrl":"https:\/\/www.novotek.com\/dk\/wp-content\/uploads\/sites\/4\/Denmark_files\/novotek-logotyp-rgb-pos.png","width":1794,"height":520,"caption":"Novotek Danmark"},"image":{"@id":"https:\/\/www.novotek.com\/dk\/#\/schema\/logo\/image\/"},"sameAs":["https:\/\/www.linkedin.com\/company\/novotek-denmark","https:\/\/www.youtube.com\/user\/NovotekCorp"]}]}},"_links":{"self":[{"href":"https:\/\/www.novotek.com\/dk\/wp-json\/wp\/v2\/pages\/20","targetHints":{"allow":["GET"]}}],"collection":[{"href":"https:\/\/www.novotek.com\/dk\/wp-json\/wp\/v2\/pages"}],"about":[{"href":"https:\/\/www.novotek.com\/dk\/wp-json\/wp\/v2\/types\/page"}],"author":[{"embeddable":true,"href":"https:\/\/www.novotek.com\/dk\/wp-json\/wp\/v2\/users\/1"}],"replies":[{"embeddable":true,"href":"https:\/\/www.novotek.com\/dk\/wp-json\/wp\/v2\/comments?post=20"}],"version-history":[{"count":13,"href":"https:\/\/www.novotek.com\/dk\/wp-json\/wp\/v2\/pages\/20\/revisions"}],"predecessor-version":[{"id":8205,"href":"https:\/\/www.novotek.com\/dk\/wp-json\/wp\/v2\/pages\/20\/revisions\/8205"}],"wp:featuredmedia":[{"embeddable":true,"href":"https:\/\/www.novotek.com\/dk\/wp-json\/wp\/v2\/media\/2490"}],"wp:attachment":[{"href":"https:\/\/www.novotek.com\/dk\/wp-json\/wp\/v2\/media?parent=20"}],"curies":[{"name":"wp","href":"https:\/\/api.w.org\/{rel}","templated":true}]}}