{"id":2324,"date":"2021-10-20T13:44:27","date_gmt":"2021-10-20T13:44:27","guid":{"rendered":"https:\/\/www.novotek.com\/dk\/?page_id=2324"},"modified":"2025-11-18T12:48:06","modified_gmt":"2025-11-18T12:48:06","slug":"customer-story-arendal-kommune","status":"publish","type":"page","link":"https:\/\/www.novotek.com\/dk\/brancher\/vand-og-spildevand\/customer-story-arendal-kommune\/","title":{"rendered":"Customer story Arendal Kommune"},"content":{"rendered":"  <div class=\"hero\">\n    <div class=\"carousel hero-slider large\" data-flickity data-flickity-options='{\"prevNextButtons\": false}'>\n              <div class=\"carousel-cell\">\n          <div class=\"container\">\n            <div class=\"hero-content\">\n                              <p>Reference<\/p>\n<h1>Arendal Kommune<\/h1>\n<p>Arendal kommune (NO) bruger l\u00f8sningerne Proficy iFIX, Proficy Historian og IDUS til driftskontrol og oversigt over vedligeholdelse.<\/p>\n              \n                          <\/div>\n          <\/div>\n\n          <img decoding=\"async\" width=\"1024\" height=\"426\" src=\"https:\/\/www.novotek.com\/dk\/wp-content\/uploads\/sites\/4\/Reference_Water_and_wastewater_Arendal_kommun-min-1024x426.png\" class=\"hero-bg\" alt=\"Hero Img\" fetchpriority=\"high\" srcset=\"https:\/\/www.novotek.com\/dk\/wp-content\/uploads\/sites\/4\/Reference_Water_and_wastewater_Arendal_kommun-min-1024x426.png 1024w, https:\/\/www.novotek.com\/dk\/wp-content\/uploads\/sites\/4\/Reference_Water_and_wastewater_Arendal_kommun-min-300x125.png 300w, https:\/\/www.novotek.com\/dk\/wp-content\/uploads\/sites\/4\/Reference_Water_and_wastewater_Arendal_kommun-min-768x320.png 768w, https:\/\/www.novotek.com\/dk\/wp-content\/uploads\/sites\/4\/Reference_Water_and_wastewater_Arendal_kommun-min.png 1280w\" sizes=\"(max-width: 1024px) 100vw, 1024px\" \/>                  <\/div>\n          <\/div>\n\n      <\/div>\n\n   \n\n\n\n\n<div class=\"container-md quote  \">\n<blockquote class=\"wp-block-quote has-text-align-center is-style-large is-layout-flow wp-block-quote-is-layout-flow\"><div class=\"container-md paragraph  \">\n<p><strong>&#8220;Med Proficy iFIX, Proficy Historian og IDUS har vi nu en komplet og moderne l\u00f8sning til b\u00e5de drift og vedligeholdelse.&#8221;<\/strong><\/p>\n<\/div><\/blockquote>\n<\/div>\n\n<div class=\"container-md columns  \">\n<div class=\"wp-block-columns is-layout-flex wp-container-core-columns-is-layout-9d6595d7 wp-block-columns-is-layout-flex\"><div class=\"container-md column  \">\n<div class=\"wp-block-column is-layout-flow wp-block-column-is-layout-flow\"><div class=\"container-md heading  \">\n<h4 class=\"wp-block-heading\" id=\"h-losning\">L\u00f8sning<\/h4>\n<\/div>\n\n<div class=\"container-md list  \">\n<ul class=\"wp-block-list\"><div class=\"container-md list-item  \">\n<li>Operationelt kontrolsystem baseret p\u00e5 HMI\/SCADA<\/li>\n<\/div>\n\n<div class=\"container-md list-item  \">\n<li>Historiske databaser<\/li>\n<\/div>\n\n<div class=\"container-md list-item  \">\n<li>Vedligeholdelsessystem<\/li>\n<\/div><\/ul>\n<\/div>\n\n<div class=\"container-md spacer  \">\n<div style=\"height:15px\" aria-hidden=\"true\" class=\"wp-block-spacer\"><\/div>\n<\/div>\n\n<div class=\"container-md heading  \">\n<h4 class=\"wp-block-heading\" id=\"h-produkter\">Produkter<\/h4>\n<\/div>\n\n<div class=\"container-md list  \">\n<ul class=\"wp-block-list\"><div class=\"container-md list-item  \">\n<li>Proficy iFIX<\/li>\n<\/div>\n\n<div class=\"container-md list-item  \">\n<li>Proficy Historian<\/li>\n<\/div>\n\n<div class=\"container-md list-item  \">\n<li>Idus<\/li>\n<\/div><\/ul>\n<\/div>\n\n<div class=\"container-md spacer  \">\n<div style=\"height:15px\" aria-hidden=\"true\" class=\"wp-block-spacer\"><\/div>\n<\/div>\n\n<div class=\"container-md heading  \">\n<h4 class=\"wp-block-heading\" id=\"h-fordele\">Fordele<\/h4>\n<\/div>\n\n<div class=\"container-md list  \">\n<ul class=\"wp-block-list\"><div class=\"container-md list-item  \">\n<li>Bedre kontrol og overblik<\/li>\n<\/div>\n\n<div class=\"container-md list-item  \">\n<li>Mere optimal og omkostningseffektiv drift<\/li>\n<\/div><\/ul>\n<\/div><\/div>\n<\/div>\n\n<div class=\"container-md column  \">\n<div class=\"wp-block-column is-layout-flow wp-block-column-is-layout-flow\"><div class=\"wp-block-image\"><div class=\"container-md image  alignright\">\n<figure class=\"alignright size-medium is-resized\"><img loading=\"lazy\" decoding=\"async\" width=\"300\" height=\"300\" src=\"https:\/\/www.novotek.com\/dk\/wp-content\/uploads\/sites\/4\/icons\/novotek-check-box_rgb-1024x1024-1-300x300.png\" alt=\"pictogram checkbox\" class=\"wp-image-4632\" style=\"width:210px;height:210px\" srcset=\"https:\/\/www.novotek.com\/dk\/wp-content\/uploads\/sites\/4\/icons\/novotek-check-box_rgb-1024x1024-1-300x300.png 300w, https:\/\/www.novotek.com\/dk\/wp-content\/uploads\/sites\/4\/icons\/novotek-check-box_rgb-1024x1024-1.png 1024w, https:\/\/www.novotek.com\/dk\/wp-content\/uploads\/sites\/4\/icons\/novotek-check-box_rgb-1024x1024-1-150x150.png 150w, https:\/\/www.novotek.com\/dk\/wp-content\/uploads\/sites\/4\/icons\/novotek-check-box_rgb-1024x1024-1-768x768.png 768w\" sizes=\"auto, (max-width: 300px) 100vw, 300px\" \/><\/figure>\n<\/div><\/div><\/div>\n<\/div><\/div>\n<\/div>\n\n<div class=\"container-md paragraph  \">\n<p>Arendal kommune investerede i en moderne l\u00f8sning til drift og vedligeholdelse for at f\u00e5 fuldt overblik og kontrol over vand- og kloaksystemerne. I l\u00f8sningen finder vi HMI\/SCADA-systemet Proficy iFIX problemfrit integreret med historiedatabasen Proficy Historian og vedligeholdelsessystemet Idus.<\/p>\n<\/div>\n\n  <div class=\"hero\">\n    <div class=\"carousel hero-slider large\" data-flickity data-flickity-options='{\"prevNextButtons\": false}'>\n              <div class=\"carousel-cell\">\n          <div class=\"container\">\n            <div class=\"hero-content\">\n                              <h2><strong>Vand til indbyggerne<\/strong><\/h2>\n<p><a>Arendal kommune ligger i Aust-Agder og har godt 43.000 indbyggere. Med et omfattende \u00f8hav er overfladearealet i kommunen lille og byder p\u00e5 s\u00e6rlige udfordringer for vand- og spildevandsindustrien. At kunne tilbyde indbyggerne, industrien og turister en sikker og god vandkvalitet kr\u00e6ver et stort vand- og spildevandssystem.<\/a><\/p>\n              \n                          <\/div>\n          <\/div>\n\n          <img decoding=\"async\" width=\"1024\" height=\"731\" src=\"https:\/\/www.novotek.com\/dk\/wp-content\/uploads\/sites\/4\/water-1024x731.jpeg\" class=\"hero-bg\" alt=\"Hero Img\" fetchpriority=\"high\" srcset=\"https:\/\/www.novotek.com\/dk\/wp-content\/uploads\/sites\/4\/water-1024x731.jpeg 1024w, https:\/\/www.novotek.com\/dk\/wp-content\/uploads\/sites\/4\/water-300x214.jpeg 300w, https:\/\/www.novotek.com\/dk\/wp-content\/uploads\/sites\/4\/water-768x549.jpeg 768w, https:\/\/www.novotek.com\/dk\/wp-content\/uploads\/sites\/4\/water-1536x1097.jpeg 1536w, https:\/\/www.novotek.com\/dk\/wp-content\/uploads\/sites\/4\/water.jpeg 1820w\" sizes=\"(max-width: 1024px) 100vw, 1024px\" \/>                  <\/div>\n          <\/div>\n\n      <\/div>\n\n   \n\n\n<div class=\"container-md heading  \">\n<h2 class=\"wp-block-heading\" id=\"h-handtering-af-store-maengder-data\">H\u00e5ndtering af store m\u00e6ngder data<\/h2>\n<\/div>\n\n<div class=\"container-md paragraph  \">\n<p>Arendal kommune har mere end 240 pumpestationer. 187 af disse, samt kommunens vand- og spildevandsrensningsanl\u00e6g, er forbundet med det operationelle kontrolsystem Proficy iFIX. Det betyder over 20.000 datapunkter fordelt p\u00e5 fem servere<br><br>&#8211; Vi stiller selvf\u00f8lgelig strenge krav til systemer, der skal h\u00e5ndtere s\u00e5 stor en m\u00e6ngde data. Der er ikke mange systemer, der kan klare dette, men vi har nu en meget god l\u00f8sning, siger Preben Karlsen, systemchef i Arendal kommune.<\/p>\n<\/div>\n\n<div class=\"container-md paragraph  \">\n<p>Med et s\u00e5dant signalomr\u00e5de er udfordringerne s\u00e6rligt store til h\u00e5ndtering af historie. Proficy Historian fra GE Vernova er designet til at h\u00e5ndtere store datam\u00e6ngder uden at p\u00e5virke ydelsen. Dette giver driftspersonale og andre medarbejdere hurtig adgang til data til rapportering, trend og analyse. For at sikre let adgang fra nettet til systemerne bruges en Proficy iFIX-terminalserver.<\/p>\n<\/div>\n\n<div class=\"container media-text  alignwide\">\n<div class=\"wp-block-media-text alignwide is-stacked-on-mobile\"><figure class=\"wp-block-media-text__media\"><img loading=\"lazy\" decoding=\"async\" width=\"763\" height=\"1024\" src=\"https:\/\/www.novotek.com\/dk\/wp-content\/uploads\/sites\/4\/Vann_kjokken-763x1024-1.jpg\" alt=\"\" class=\"wp-image-2327 size-full\" srcset=\"https:\/\/www.novotek.com\/dk\/wp-content\/uploads\/sites\/4\/Vann_kjokken-763x1024-1.jpg 763w, https:\/\/www.novotek.com\/dk\/wp-content\/uploads\/sites\/4\/Vann_kjokken-763x1024-1-224x300.jpg 224w\" sizes=\"auto, (max-width: 763px) 100vw, 763px\" \/><\/figure><div class=\"wp-block-media-text__content\"><div class=\"container-md heading  \">\n<h2 class=\"wp-block-heading\">T\u00e6t integration<\/h2>\n<\/div>\n\n<div class=\"container-md paragraph  \">\n<p>Problemfri integration af drifts- og vedligeholdelsessystemet betyder, at oplysninger som antal start og stop, nedetid og driftstider automatisk sendes til vedligeholdelsessystemet. Idus er \u00e5ben og fleksibel med mulighed for at implementere b\u00e5de periodisk og tilstandsbaseret vedligeholdelse. Den stramme integration sikrer effektiv og hurtig adgang til vedligeholdelsesrelaterede oplysninger, funktioner og opgaver. Registreringer og andre opgaver udf\u00f8res direkte i Proficy iFIX.<\/p>\n<\/div>\n\n<div class=\"container-md paragraph  \">\n<p>Med teknisk ekspertise var Preben Karlsen selv hovedarkitekten bag systemarkitekturen og integrationen mellem systemerne. Han og teamet har udf\u00f8rt store dele af konfigurationsarbejdet i b\u00e5de operationscentret og vedligeholdelsessystemet<br><br>&#8211; Den t\u00e6tte integration mellem systemerne giver os en r\u00e6kke fordele, og bidrager utvivlsomt til optimal og omkostningseffektiv drift. Derudover g\u00f8r vores tekniske ekspertise os mere uafh\u00e6ngige og giver os et unikt ejerskab af l\u00f8sningerne, forts\u00e6tter Karlsen.<\/p>\n<\/div>\n\n<div class=\"container-md paragraph  \">\n<p>Drifts- og vedligeholdelsespersonale er udstyret med PDA&#8217;er for \u00f8get fleksibilitet. Her registreres b\u00e5de arbejdsordrer og rapportering af gennemf\u00f8rte opgaver.<br><br>&#8211; Informationerne kan synkroniseres tr\u00e5dl\u00f8st og automatisk i Idus, men indtil videre har vi valgt, at synkroniseringen udf\u00f8res, n\u00e5r PDA\u2019en placeres i en dockingstation, der er forbundet til systemet, slutter Karlsen.<\/p>\n<\/div><\/div><\/div>\n<\/div>\n\n<div class=\"container-md paragraph  \">\n<p><\/p>\n<\/div>\n\n<div class=\"container-md paragraph  \">\n<p><\/p>\n<\/div>\n\n<div class=\"container-md paragraph  \">\n<p><\/p>\n<\/div>\n\n  <div class=\"slider-column-parent\">\n    <div class=\"container\">\n      <div class=\"slider-column-title\">L\u00e6s mere om l\u00f8sningerne<\/div>\n\n      <div class=\"row\">\n        <div class=\"col-12 col-md-4\"><div class=\"column-box\">\n  \n      <div class=\"title\">\n      Proficy iFIX    <\/div>\n  \n      <div class=\"text\">\n      <p>Den mest komplette HMI\/SCADA-l\u00f8sning p\u00e5 markedet.<\/p>\n    <\/div>\n  \n      <a class=\"link\"  href=\"https:\/\/www.novotek.com\/dk\/automation\/hmi-scada\/proficy-hmi-scada-ifix\/\" target=\"\">\n      L\u00e6s mere    <\/a>\n  \n  <\/div>\n\n<\/div><div class=\"col-12 col-md-4\"><div class=\"column-box\">\n  \n      <div class=\"title\">\n      Proficy Historian     <\/div>\n  \n      <div class=\"text\">\n      <p>Markedets mest kraftfulde procesdatabase udviklet til produktionsdata.<\/p>\n    <\/div>\n  \n      <a class=\"link\"  href=\"https:\/\/www.novotek.com\/dk\/digitalisering\/dataopsamling-og-rapportering\/proficy-historian\/\" target=\"\">\n      L\u00e6s mere    <\/a>\n  \n  <\/div>\n\n<\/div><div class=\"col-12 col-md-4\"><div class=\"column-box\">\n  \n      <div class=\"title\">\n      Idus    <\/div>\n  \n      <div class=\"text\">\n      <p>Skab overblik og kontrol med et vedligeholdelsessytem.<\/p>\n    <\/div>\n  \n      <a class=\"link\"  href=\"https:\/\/www.novotek.com\/dk\/digitalisering\/vedligeholdelsessystem\/idus\/\" target=\"\">\n      L\u00e6s mere     <\/a>\n  \n  <\/div>\n\n<\/div>      <\/div>\n    <\/div>\n  <\/div>\n\n\n<div class=\"container-md paragraph  \">\n<p><\/p>\n<\/div>","protected":false},"excerpt":{"rendered":"<p>Amet minim mollit non deserunt ullamco est sit aliqua dolor do amet sint elit officia consequat duis<\/p>\n","protected":false},"author":6,"featured_media":0,"parent":1192,"menu_order":0,"comment_status":"closed","ping_status":"closed","template":"","meta":{"_acf_changed":false,"_relevanssi_hide_post":"","_relevanssi_pin_for_all":"","_relevanssi_pin_keywords":"","_relevanssi_unpin_keywords":"","_relevanssi_related_keywords":"","_relevanssi_related_include_ids":"","_relevanssi_related_exclude_ids":"","_relevanssi_related_no_append":"","_relevanssi_related_not_related":"","_relevanssi_related_posts":"1631,2010,1645,1663,1684,1637","_relevanssi_noindex_reason":"","footnotes":""},"class_list":["post-2324","page","type-page","status-publish","hentry"],"acf":[],"yoast_head":"<!-- This site is optimized with the Yoast SEO plugin v27.3 - https:\/\/yoast.com\/product\/yoast-seo-wordpress\/ -->\n<title>Customer story Arendal Kommune<\/title>\n<meta name=\"robots\" content=\"index, follow, max-snippet:-1, max-image-preview:large, max-video-preview:-1\" \/>\n<link rel=\"canonical\" href=\"https:\/\/www.novotek.com\/dk\/brancher\/vand-og-spildevand\/customer-story-arendal-kommune\/\" \/>\n<meta property=\"og:locale\" content=\"da_DK\" \/>\n<meta property=\"og:type\" content=\"article\" \/>\n<meta property=\"og:title\" content=\"Customer story Arendal Kommune\" \/>\n<meta property=\"og:description\" content=\"Amet minim mollit non deserunt ullamco est sit aliqua dolor do amet sint elit officia consequat duis\" \/>\n<meta property=\"og:url\" content=\"https:\/\/www.novotek.com\/dk\/brancher\/vand-og-spildevand\/customer-story-arendal-kommune\/\" \/>\n<meta property=\"og:site_name\" content=\"Novotek Danmark\" \/>\n<meta property=\"article:modified_time\" content=\"2025-11-18T12:48:06+00:00\" \/>\n<meta property=\"og:image\" content=\"https:\/\/www.novotek.com\/dk\/wp-content\/uploads\/sites\/4\/icons\/novotek-check-box_rgb-1024x1024-1-300x300.png\" \/>\n<meta name=\"twitter:card\" content=\"summary_large_image\" \/>\n<meta name=\"twitter:label1\" content=\"Estimeret l\u00e6setid\" \/>\n\t<meta name=\"twitter:data1\" content=\"3 minutter\" \/>\n<script type=\"application\/ld+json\" class=\"yoast-schema-graph\">{\"@context\":\"https:\\\/\\\/schema.org\",\"@graph\":[{\"@type\":\"WebPage\",\"@id\":\"https:\\\/\\\/www.novotek.com\\\/dk\\\/brancher\\\/vand-og-spildevand\\\/customer-story-arendal-kommune\\\/\",\"url\":\"https:\\\/\\\/www.novotek.com\\\/dk\\\/brancher\\\/vand-og-spildevand\\\/customer-story-arendal-kommune\\\/\",\"name\":\"Customer story Arendal Kommune\",\"isPartOf\":{\"@id\":\"https:\\\/\\\/www.novotek.com\\\/dk\\\/#website\"},\"primaryImageOfPage\":{\"@id\":\"https:\\\/\\\/www.novotek.com\\\/dk\\\/brancher\\\/vand-og-spildevand\\\/customer-story-arendal-kommune\\\/#primaryimage\"},\"image\":{\"@id\":\"https:\\\/\\\/www.novotek.com\\\/dk\\\/brancher\\\/vand-og-spildevand\\\/customer-story-arendal-kommune\\\/#primaryimage\"},\"thumbnailUrl\":\"https:\\\/\\\/www.novotek.com\\\/dk\\\/wp-content\\\/uploads\\\/sites\\\/4\\\/icons\\\/novotek-check-box_rgb-1024x1024-1-300x300.png\",\"datePublished\":\"2021-10-20T13:44:27+00:00\",\"dateModified\":\"2025-11-18T12:48:06+00:00\",\"breadcrumb\":{\"@id\":\"https:\\\/\\\/www.novotek.com\\\/dk\\\/brancher\\\/vand-og-spildevand\\\/customer-story-arendal-kommune\\\/#breadcrumb\"},\"inLanguage\":\"da-DK\",\"potentialAction\":[{\"@type\":\"ReadAction\",\"target\":[\"https:\\\/\\\/www.novotek.com\\\/dk\\\/brancher\\\/vand-og-spildevand\\\/customer-story-arendal-kommune\\\/\"]}]},{\"@type\":\"ImageObject\",\"inLanguage\":\"da-DK\",\"@id\":\"https:\\\/\\\/www.novotek.com\\\/dk\\\/brancher\\\/vand-og-spildevand\\\/customer-story-arendal-kommune\\\/#primaryimage\",\"url\":\"https:\\\/\\\/www.novotek.com\\\/dk\\\/wp-content\\\/uploads\\\/sites\\\/4\\\/icons\\\/novotek-check-box_rgb-1024x1024-1.png\",\"contentUrl\":\"https:\\\/\\\/www.novotek.com\\\/dk\\\/wp-content\\\/uploads\\\/sites\\\/4\\\/icons\\\/novotek-check-box_rgb-1024x1024-1.png\",\"width\":1024,\"height\":1024,\"caption\":\"pictogram checkbox\"},{\"@type\":\"BreadcrumbList\",\"@id\":\"https:\\\/\\\/www.novotek.com\\\/dk\\\/brancher\\\/vand-og-spildevand\\\/customer-story-arendal-kommune\\\/#breadcrumb\",\"itemListElement\":[{\"@type\":\"ListItem\",\"position\":1,\"name\":\"Home\",\"item\":\"https:\\\/\\\/www.novotek.com\\\/dk\\\/\"},{\"@type\":\"ListItem\",\"position\":2,\"name\":\"Brancher\",\"item\":\"https:\\\/\\\/www.novotek.com\\\/dk\\\/brancher\\\/\"},{\"@type\":\"ListItem\",\"position\":3,\"name\":\"Vand og Spildevand\",\"item\":\"https:\\\/\\\/www.novotek.com\\\/dk\\\/brancher\\\/vand-og-spildevand\\\/\"},{\"@type\":\"ListItem\",\"position\":4,\"name\":\"Customer story Arendal Kommune\"}]},{\"@type\":\"WebSite\",\"@id\":\"https:\\\/\\\/www.novotek.com\\\/dk\\\/#website\",\"url\":\"https:\\\/\\\/www.novotek.com\\\/dk\\\/\",\"name\":\"Novotek Danmark\",\"description\":\"Automation, digitalisering og analyse\",\"publisher\":{\"@id\":\"https:\\\/\\\/www.novotek.com\\\/dk\\\/#organization\"},\"potentialAction\":[{\"@type\":\"SearchAction\",\"target\":{\"@type\":\"EntryPoint\",\"urlTemplate\":\"https:\\\/\\\/www.novotek.com\\\/dk\\\/?s={search_term_string}\"},\"query-input\":{\"@type\":\"PropertyValueSpecification\",\"valueRequired\":true,\"valueName\":\"search_term_string\"}}],\"inLanguage\":\"da-DK\"},{\"@type\":\"Organization\",\"@id\":\"https:\\\/\\\/www.novotek.com\\\/dk\\\/#organization\",\"name\":\"Novotek Danmark\",\"url\":\"https:\\\/\\\/www.novotek.com\\\/dk\\\/\",\"logo\":{\"@type\":\"ImageObject\",\"inLanguage\":\"da-DK\",\"@id\":\"https:\\\/\\\/www.novotek.com\\\/dk\\\/#\\\/schema\\\/logo\\\/image\\\/\",\"url\":\"https:\\\/\\\/www.novotek.com\\\/dk\\\/wp-content\\\/uploads\\\/sites\\\/4\\\/Denmark_files\\\/novotek-logotyp-rgb-pos.png\",\"contentUrl\":\"https:\\\/\\\/www.novotek.com\\\/dk\\\/wp-content\\\/uploads\\\/sites\\\/4\\\/Denmark_files\\\/novotek-logotyp-rgb-pos.png\",\"width\":1794,\"height\":520,\"caption\":\"Novotek Danmark\"},\"image\":{\"@id\":\"https:\\\/\\\/www.novotek.com\\\/dk\\\/#\\\/schema\\\/logo\\\/image\\\/\"},\"sameAs\":[\"https:\\\/\\\/www.linkedin.com\\\/company\\\/novotek-denmark\",\"https:\\\/\\\/www.youtube.com\\\/user\\\/NovotekCorp\"]}]}<\/script>\n<!-- \/ Yoast SEO plugin. -->","yoast_head_json":{"title":"Customer story Arendal Kommune","robots":{"index":"index","follow":"follow","max-snippet":"max-snippet:-1","max-image-preview":"max-image-preview:large","max-video-preview":"max-video-preview:-1"},"canonical":"https:\/\/www.novotek.com\/dk\/brancher\/vand-og-spildevand\/customer-story-arendal-kommune\/","og_locale":"da_DK","og_type":"article","og_title":"Customer story Arendal Kommune","og_description":"Amet minim mollit non deserunt ullamco est sit aliqua dolor do amet sint elit officia consequat duis","og_url":"https:\/\/www.novotek.com\/dk\/brancher\/vand-og-spildevand\/customer-story-arendal-kommune\/","og_site_name":"Novotek Danmark","article_modified_time":"2025-11-18T12:48:06+00:00","og_image":[{"url":"https:\/\/www.novotek.com\/dk\/wp-content\/uploads\/sites\/4\/icons\/novotek-check-box_rgb-1024x1024-1-300x300.png","type":"","width":"","height":""}],"twitter_card":"summary_large_image","twitter_misc":{"Estimeret l\u00e6setid":"3 minutter"},"schema":{"@context":"https:\/\/schema.org","@graph":[{"@type":"WebPage","@id":"https:\/\/www.novotek.com\/dk\/brancher\/vand-og-spildevand\/customer-story-arendal-kommune\/","url":"https:\/\/www.novotek.com\/dk\/brancher\/vand-og-spildevand\/customer-story-arendal-kommune\/","name":"Customer story Arendal Kommune","isPartOf":{"@id":"https:\/\/www.novotek.com\/dk\/#website"},"primaryImageOfPage":{"@id":"https:\/\/www.novotek.com\/dk\/brancher\/vand-og-spildevand\/customer-story-arendal-kommune\/#primaryimage"},"image":{"@id":"https:\/\/www.novotek.com\/dk\/brancher\/vand-og-spildevand\/customer-story-arendal-kommune\/#primaryimage"},"thumbnailUrl":"https:\/\/www.novotek.com\/dk\/wp-content\/uploads\/sites\/4\/icons\/novotek-check-box_rgb-1024x1024-1-300x300.png","datePublished":"2021-10-20T13:44:27+00:00","dateModified":"2025-11-18T12:48:06+00:00","breadcrumb":{"@id":"https:\/\/www.novotek.com\/dk\/brancher\/vand-og-spildevand\/customer-story-arendal-kommune\/#breadcrumb"},"inLanguage":"da-DK","potentialAction":[{"@type":"ReadAction","target":["https:\/\/www.novotek.com\/dk\/brancher\/vand-og-spildevand\/customer-story-arendal-kommune\/"]}]},{"@type":"ImageObject","inLanguage":"da-DK","@id":"https:\/\/www.novotek.com\/dk\/brancher\/vand-og-spildevand\/customer-story-arendal-kommune\/#primaryimage","url":"https:\/\/www.novotek.com\/dk\/wp-content\/uploads\/sites\/4\/icons\/novotek-check-box_rgb-1024x1024-1.png","contentUrl":"https:\/\/www.novotek.com\/dk\/wp-content\/uploads\/sites\/4\/icons\/novotek-check-box_rgb-1024x1024-1.png","width":1024,"height":1024,"caption":"pictogram checkbox"},{"@type":"BreadcrumbList","@id":"https:\/\/www.novotek.com\/dk\/brancher\/vand-og-spildevand\/customer-story-arendal-kommune\/#breadcrumb","itemListElement":[{"@type":"ListItem","position":1,"name":"Home","item":"https:\/\/www.novotek.com\/dk\/"},{"@type":"ListItem","position":2,"name":"Brancher","item":"https:\/\/www.novotek.com\/dk\/brancher\/"},{"@type":"ListItem","position":3,"name":"Vand og Spildevand","item":"https:\/\/www.novotek.com\/dk\/brancher\/vand-og-spildevand\/"},{"@type":"ListItem","position":4,"name":"Customer story Arendal Kommune"}]},{"@type":"WebSite","@id":"https:\/\/www.novotek.com\/dk\/#website","url":"https:\/\/www.novotek.com\/dk\/","name":"Novotek Danmark","description":"Automation, digitalisering og analyse","publisher":{"@id":"https:\/\/www.novotek.com\/dk\/#organization"},"potentialAction":[{"@type":"SearchAction","target":{"@type":"EntryPoint","urlTemplate":"https:\/\/www.novotek.com\/dk\/?s={search_term_string}"},"query-input":{"@type":"PropertyValueSpecification","valueRequired":true,"valueName":"search_term_string"}}],"inLanguage":"da-DK"},{"@type":"Organization","@id":"https:\/\/www.novotek.com\/dk\/#organization","name":"Novotek Danmark","url":"https:\/\/www.novotek.com\/dk\/","logo":{"@type":"ImageObject","inLanguage":"da-DK","@id":"https:\/\/www.novotek.com\/dk\/#\/schema\/logo\/image\/","url":"https:\/\/www.novotek.com\/dk\/wp-content\/uploads\/sites\/4\/Denmark_files\/novotek-logotyp-rgb-pos.png","contentUrl":"https:\/\/www.novotek.com\/dk\/wp-content\/uploads\/sites\/4\/Denmark_files\/novotek-logotyp-rgb-pos.png","width":1794,"height":520,"caption":"Novotek Danmark"},"image":{"@id":"https:\/\/www.novotek.com\/dk\/#\/schema\/logo\/image\/"},"sameAs":["https:\/\/www.linkedin.com\/company\/novotek-denmark","https:\/\/www.youtube.com\/user\/NovotekCorp"]}]}},"_links":{"self":[{"href":"https:\/\/www.novotek.com\/dk\/wp-json\/wp\/v2\/pages\/2324","targetHints":{"allow":["GET"]}}],"collection":[{"href":"https:\/\/www.novotek.com\/dk\/wp-json\/wp\/v2\/pages"}],"about":[{"href":"https:\/\/www.novotek.com\/dk\/wp-json\/wp\/v2\/types\/page"}],"author":[{"embeddable":true,"href":"https:\/\/www.novotek.com\/dk\/wp-json\/wp\/v2\/users\/6"}],"replies":[{"embeddable":true,"href":"https:\/\/www.novotek.com\/dk\/wp-json\/wp\/v2\/comments?post=2324"}],"version-history":[{"count":14,"href":"https:\/\/www.novotek.com\/dk\/wp-json\/wp\/v2\/pages\/2324\/revisions"}],"predecessor-version":[{"id":11100,"href":"https:\/\/www.novotek.com\/dk\/wp-json\/wp\/v2\/pages\/2324\/revisions\/11100"}],"up":[{"embeddable":true,"href":"https:\/\/www.novotek.com\/dk\/wp-json\/wp\/v2\/pages\/1192"}],"wp:attachment":[{"href":"https:\/\/www.novotek.com\/dk\/wp-json\/wp\/v2\/media?parent=2324"}],"curies":[{"name":"wp","href":"https:\/\/api.w.org\/{rel}","templated":true}]}}