{"id":4027,"date":"2022-09-21T10:07:47","date_gmt":"2022-09-21T10:07:47","guid":{"rendered":"https:\/\/www.novotek.com\/dk\/?page_id=4027"},"modified":"2025-11-18T12:34:10","modified_gmt":"2025-11-18T12:34:10","slug":"datavisualisering","status":"publish","type":"page","link":"https:\/\/www.novotek.com\/dk\/digitalisering\/datavisualisering\/","title":{"rendered":"Datavisualisering"},"content":{"rendered":"  <div class=\"hero\">\n    <div class=\"carousel hero-slider large\" data-flickity data-flickity-options='{\"prevNextButtons\": false}'>\n              <div class=\"carousel-cell\">\n          <div class=\"container\">\n            <div class=\"hero-content\">\n                              <h1>Software til datavisualisering<\/h1>\n<p>Forst\u00e5 dine data med datavisualisering<\/p>\n              \n                          <\/div>\n          <\/div>\n\n          <img decoding=\"async\" width=\"1024\" height=\"427\" src=\"https:\/\/www.novotek.com\/dk\/wp-content\/uploads\/sites\/4\/Novotek_Datavisualisering_duotone_1920x800_-1024x427.jpg\" class=\"hero-bg\" alt=\"Hero Img\" fetchpriority=\"high\" srcset=\"https:\/\/www.novotek.com\/dk\/wp-content\/uploads\/sites\/4\/Novotek_Datavisualisering_duotone_1920x800_-1024x427.jpg 1024w, https:\/\/www.novotek.com\/dk\/wp-content\/uploads\/sites\/4\/Novotek_Datavisualisering_duotone_1920x800_-300x125.jpg 300w, https:\/\/www.novotek.com\/dk\/wp-content\/uploads\/sites\/4\/Novotek_Datavisualisering_duotone_1920x800_-768x320.jpg 768w, https:\/\/www.novotek.com\/dk\/wp-content\/uploads\/sites\/4\/Novotek_Datavisualisering_duotone_1920x800_-1536x641.jpg 1536w, https:\/\/www.novotek.com\/dk\/wp-content\/uploads\/sites\/4\/Novotek_Datavisualisering_duotone_1920x800_.jpg 1920w\" sizes=\"(max-width: 1024px) 100vw, 1024px\" \/>                  <\/div>\n          <\/div>\n\n      <\/div>\n\n   <div class=\"floating-breadcrumb\"><div class=\"container\"><span><span><a href=\"https:\/\/www.novotek.com\/dk\/\" class=\"breadcrumb-frontpage\">Home<\/a><\/span><\/span><\/div><\/div>\n\n\n<div class=\"container-md paragraph  \">\n<p>Verden bliver mere og mere datadrevet. Derfor er det vigtigere end nogensinde f\u00f8r at kunne se og forst\u00e5 data. Det g\u00f8r datavisualisering til et af de vigtigste v\u00e6rkt\u00f8jer vi har \u2013 og til en del af fundamentet for digital transformation og <a href=\"https:\/\/www.novotek.com\/dk\/insight\/industri-4-0\/\">Industri 4.0<\/a>.<\/p>\n<\/div>\n\n<div class=\"container-md heading  \">\n<h2 class=\"wp-block-heading\" id=\"h-hvad-er-datavisualisering\">Hvad er datavisualisering?<\/h2>\n<\/div>\n\n<div class=\"container-md paragraph  \">\n<p>Datavisualisering indeb\u00e6rer at omdanne data til nyttig information ved at pr\u00e6sentere dem i en visuel kontekst. Industrielle data er ofte komplekse, og en af fordelene ved visualisering af produktionsdata er at data kan pr\u00e6senteres p\u00e5 en m\u00e5de &#8211; som visuelle repr\u00e6sentationer &#8211; der g\u00f8r det lettere for den menneskelige hjerne at forst\u00e5 dem. <\/p>\n<\/div>\n\n<div class=\"container-md paragraph  \">\n<p>Med software kan data visualiseres som blandt andet statistik, kort og simple procesbilleder. N\u00e5r data visualiseres for den rigtige person, p\u00e5 det rigtige tidspunkt, kan datadrevne beslutninger tages umiddelbart, n\u00e5r behovet opst\u00e5r. Datavisualisering g\u00f8r det nemmere at identificere m\u00f8nstre, tendenser og afvigelser i store datas\u00e6t over tid.<\/p>\n<\/div>\n\n<div class=\"container media-text  align\">\n<div class=\"wp-block-media-text is-stacked-on-mobile\"><figure class=\"wp-block-media-text__media\"><img loading=\"lazy\" decoding=\"async\" width=\"1024\" height=\"748\" src=\"https:\/\/www.novotek.com\/dk\/wp-content\/uploads\/sites\/4\/Datavisualisering\/Datavisualisering_grafik-1024x748-1.png\" alt=\"Datavisualisering\" class=\"wp-image-4024 size-full\" srcset=\"https:\/\/www.novotek.com\/dk\/wp-content\/uploads\/sites\/4\/Datavisualisering\/Datavisualisering_grafik-1024x748-1.png 1024w, https:\/\/www.novotek.com\/dk\/wp-content\/uploads\/sites\/4\/Datavisualisering\/Datavisualisering_grafik-1024x748-1-300x219.png 300w, https:\/\/www.novotek.com\/dk\/wp-content\/uploads\/sites\/4\/Datavisualisering\/Datavisualisering_grafik-1024x748-1-768x561.png 768w\" sizes=\"auto, (max-width: 1024px) 100vw, 1024px\" \/><\/figure><div class=\"wp-block-media-text__content\"><div class=\"container-md heading  \">\n<h2 class=\"wp-block-heading\" id=\"h-sadan-fungerer-datavisualisering\">S\u00e5dan fungerer datavisualisering<\/h2>\n<\/div>\n\n<div class=\"container-md paragraph  \">\n<p>Hver dag indsamler produktionsvirksomheder enorme m\u00e6ngder data. Data hentes fra forskellige industrielle systemer, s\u00e5som <a href=\"https:\/\/www.novotek.com\/dk\/digitalisering\/dataopsamling-og-rapportering\/proficy-historian\/\"><strong>procesdatabaser<\/strong><\/a>, <a href=\"https:\/\/www.novotek.com\/dk\/automation\/hmi-scada\/\"><strong>SCADA <\/strong><\/a>og <a href=\"https:\/\/www.novotek.com\/dk\/digitalisering\/mes\/\"><strong>MES<\/strong><\/a>. Data gemmes ofte med et tagnavn og procesv\u00e6rdi. Informationen er indeholdt i procesdatabasen, men med store m\u00e6ngder data indsamlet helt ned p\u00e5 millisekundniveau, er det meget sv\u00e6rt for folk at g\u00f8re brug af disse data.<br><\/p>\n<\/div>\n\n<div class=\"container-md paragraph  \">\n<p>L\u00f8sningen er datavisualisering. Fordi vores \u00f8jne er tiltrukket af farver og m\u00f8nstre, er det lettere for os at se en tendens pr\u00e6senteret som en statistik end i et stort regneark. Ved hj\u00e6lp af software udtr\u00e6kkes data og pr\u00e6senteres visuelt i en grafisk brugergr\u00e6nseflade, kaldet et dashboard. Data kan visualiseres som blandt andet KPI&#8217;er, trends, statistik, simple procesbilleder og kort. Softwaren har funktioner til at oprette dine egne dashboards, s\u00e5 du kan visualisere data pr\u00e6cis, som du vil.<\/p>\n<\/div><\/div><\/div>\n<\/div>\n\n<div class=\"container-md columns  \">\n<div class=\"wp-block-columns is-layout-flex wp-container-core-columns-is-layout-9d6595d7 wp-block-columns-is-layout-flex\"><div class=\"container-md column  \">\n<div class=\"wp-block-column is-layout-flow wp-block-column-is-layout-flow\"><div class=\"container-md heading  \">\n<h2 class=\"wp-block-heading\">Form og funktion<\/h2>\n<\/div>\n\n<div class=\"container-md paragraph  \">\n<p>Med adgang til et stort bibliotek af forskellige infografikker er det nemt at overdrive m\u00e6ngden af \u200b\u200bgrafer og diagrammer. At skabe \u00e6stetisk tiltalende dashboards, der ikke opfylder hovedm\u00e5let &#8211; som er at formidle information &#8211; er et almindeligt problem. Effektiv visualisering af produktionsdata kr\u00e6ver balance mellem form og funktion. Det er derfor vigtigt, at du f\u00f8rst identificerer n\u00f8glebudskabet i datas\u00e6ttet, f\u00f8r du pr\u00e6senterer dem p\u00e5 en interessant m\u00e5de.<\/p>\n<\/div><\/div>\n<\/div>\n\n<div class=\"container-md column  \">\n<div class=\"wp-block-column is-layout-flow wp-block-column-is-layout-flow\"><div class=\"container-md heading  \">\n<h2 class=\"wp-block-heading\">Dataanalyse<\/h2>\n<\/div>\n\n<div class=\"container-md paragraph  \">\n<p>Datavisualisering er t\u00e6t forbundet med dataanalyse og business intelligence. Via dashboards analyserer du proces- og produktionsdata fra forskellige datakilder i realtid, med mulighed for at foretage \u00f8jeblikkelige \u00e6ndringer, hvis der opst\u00e5r en h\u00e6ndelse. De fleste datavisualiseringssoftware indbefatter analysefunktioner, der giver dig mulighed for at oprette rapporter baseret p\u00e5 historiske data, s\u00e5 du kan spotte tendenser, m\u00f8nstre og uregelm\u00e6ssigheder.<\/p>\n<\/div><\/div>\n<\/div><\/div>\n<\/div>\n\n<div class=\"container-md columns  \">\n<div class=\"wp-block-columns is-layout-flex wp-container-core-columns-is-layout-9d6595d7 wp-block-columns-is-layout-flex\"><div class=\"container-md column  \">\n<div class=\"wp-block-column is-layout-flow wp-block-column-is-layout-flow\"><div class=\"container-md heading  \">\n<h2 class=\"wp-block-heading\">Big Data<\/h2>\n<\/div>\n\n<div class=\"container-md paragraph  \">\n<p>I Big Data er datavisualiseringsv\u00e6rkt\u00f8jer og -teknologier afg\u00f8rende for at analysere enorme m\u00e6ngder information og tr\u00e6ffe datadrevne beslutninger.<\/p>\n<\/div><\/div>\n<\/div><\/div>\n<\/div>\n\n  <div class=\"slider-column-parent\">\n    <div class=\"container\">\n      <div class=\"slider-column-title\">Bliv datadrevet<\/div>\n\n      <div class=\"row\">\n        <div class=\"col-12 col-md-4\"><div class=\"column-box\">\n      <div class=\"icon \">\n      <img loading=\"lazy\" decoding=\"async\" width=\"150\" height=\"150\" src=\"https:\/\/www.novotek.com\/dk\/wp-content\/uploads\/sites\/4\/icons\/Tablet_icon-150x150-1.png\" class=\"attachment-thumbnail size-thumbnail\" alt=\"Tablet__icon\" \/>    <\/div>\n  \n      <div class=\"title\">\n      F\u00e5 et hurtigere overblik    <\/div>\n  \n      <div class=\"text\">\n      <p>Via dashboardet f\u00e5r du nemt og hurtigt information om produktionsprocessen, og kan holde dig opdateret om begivenheder og eventuelle \u00e6ndringer.<\/p>\n    <\/div>\n  \n  \n  <\/div>\n\n<\/div><div class=\"col-12 col-md-4\"><div class=\"column-box\">\n      <div class=\"icon \">\n      <img loading=\"lazy\" decoding=\"async\" width=\"150\" height=\"150\" src=\"https:\/\/www.novotek.com\/dk\/wp-content\/uploads\/sites\/4\/icons\/Checkmark_icon_-150x150-1.png\" class=\"attachment-thumbnail size-thumbnail\" alt=\"Checkmark_icon\" \/>    <\/div>\n  \n      <div class=\"title\">\n      Tr\u00e6f de rigtige beslutninger    <\/div>\n  \n      <div class=\"text\">\n      <p>Konkrete tal og h\u00e5ndgribelig indsigt g\u00f8r dig i stand til at tr\u00e6ffe datadrevne beslutninger p\u00e5 det rigtige tidspunkt, optimere produktionen og drive virksomheden fremad.<\/p>\n    <\/div>\n  \n  \n  <\/div>\n\n<\/div><div class=\"col-12 col-md-4\"><div class=\"column-box\">\n      <div class=\"icon \">\n      <img loading=\"lazy\" decoding=\"async\" width=\"150\" height=\"150\" src=\"https:\/\/www.novotek.com\/dk\/wp-content\/uploads\/sites\/4\/icons\/Factory_icon_-150x150-1.png\" class=\"attachment-thumbnail size-thumbnail\" alt=\"Factory_icon\" \/>    <\/div>\n  \n      <div class=\"title\">\n      Til alle brancher    <\/div>\n  \n      <div class=\"text\">\n      <p>Datavisualisering er lige vigtig i alle slags industrivirksomheder. Med funktioner til at lave dine egne dashboards tilpasses datavisualiseringen til dine behov for at skabe overblik.<\/p>\n    <\/div>\n  \n  \n  <\/div>\n\n<\/div>      <\/div>\n    <\/div>\n  <\/div>\n\n\n<div class=\"container-md heading  \">\n<h2 class=\"wp-block-heading\">Datavisualisering i praksis<\/h2>\n<\/div>\n\n<div class=\"container-md paragraph  \">\n<p>I dag ses en stor stigning i industrivirksomheder, der v\u00e6lger at bruge moderne, intuitive dashboards til datavisualisering af produktionsdata. Sammenlignet med traditionelle HMI-sk\u00e6rme giver disse dashboards en brugergr\u00e6nseflade som er lettere at tilpasse. Derudover har de ogs\u00e5 ofte bedre funktioner til dataanalyse.<\/p>\n<\/div>\n\n<div class=\"container-md paragraph  \">\n<p>For virksomheder, der synes at digitalisering er for dyrt, fordi maskiner og udstyr skal udskiftes, kan en dashboard-l\u00f8sning til datavisualisering v\u00e6re l\u00f8sningen. Bedre indsigt i processer betyder, at du kan tage skridt til at optimere produktionen og &#8220;puste liv&#8221; i \u00e6ldre maskiner og udstyr.<\/p>\n<\/div>\n\n<div class=\"container-md paragraph  \">\n<p class=\"has-background\" style=\"background-color:#c6c6c6\"><strong><a href=\"https:\/\/www.novotek.com\/dk\/insight\/ungdommens-kilde-for-den-aldrende-industrielle-infrastruktur\/\">L\u00e6s artiklen: Ungdommens kilde for den aldrende industrielle infrastruktur<\/a><\/strong><\/p>\n<\/div>\n\n<div class=\"container-md heading  \">\n<h2 class=\"wp-block-heading\">Proficy Operations Hub<\/h2>\n<\/div>\n\n<div class=\"container-md paragraph  \">\n<p>Vi leverer dashboard-l\u00f8sningen<strong> <a href=\"https:\/\/www.novotek.com\/dk\/automation\/hmi-scada\/proficy-operations-hub\/\">Proficy Operations Hub<\/a><\/strong> fra <strong>GE Vernova<\/strong>. Med Proficy Operations Hub kan du nemt bygge dine egne dashboards til datavisualisering, trending og analyse \u2013 helt uden kode.<\/p>\n<\/div>\n\n<div class=\"container-md image  \">\n<figure class=\"wp-block-image size-full\"><img loading=\"lazy\" decoding=\"async\" width=\"1024\" height=\"553\" src=\"https:\/\/www.novotek.com\/dk\/wp-content\/uploads\/sites\/4\/OperationsHub_skaerme.png\" alt=\"Proficy Operations Hub\" class=\"wp-image-3507\" srcset=\"https:\/\/www.novotek.com\/dk\/wp-content\/uploads\/sites\/4\/OperationsHub_skaerme.png 1024w, https:\/\/www.novotek.com\/dk\/wp-content\/uploads\/sites\/4\/OperationsHub_skaerme-300x162.png 300w, https:\/\/www.novotek.com\/dk\/wp-content\/uploads\/sites\/4\/OperationsHub_skaerme-768x415.png 768w\" sizes=\"auto, (max-width: 1024px) 100vw, 1024px\" \/><\/figure>\n<\/div>\n\n<div class=\"container-md paragraph  \">\n<p>Dashboards oprettes ved hj\u00e6lp af et stort bibliotek af widgets og &#8220;Drag &amp; Drop&#8221;-funktionalitet, som giver dig mulighed for hurtigt og nemt at f\u00e5 adgang til de oplysninger, du har brug for. Adgang via pc, tablet og mobil giver dig dataindsigt n\u00e5r som helst og hvor som helst.<\/p>\n<\/div>\n\n<div class=\"container-md paragraph  \">\n<p>Proficy Operations Hub er s\u00e6rligt t\u00e6t integreret med procesdatabasen <strong><a href=\"https:\/\/www.novotek.com\/dk\/digitalisering\/dataopsamling-og-rapportering\/proficy-historian\/\">Proficy Historian<\/a><\/strong>, samt adskillige <strong><a href=\"https:\/\/www.novotek.com\/dk\/automation\/hmi-scada\/\">SCADA<\/a><\/strong>-, <strong><a href=\"https:\/\/www.novotek.com\/dk\/digitalisering\/mes\/\">MES<\/a><\/strong>&#8211; og <strong><a href=\"https:\/\/www.novotek.com\/dk\/digitalisering\/analytics-ai-og-machine-learning\/\">AI &amp; Machine Learning<\/a><\/strong>-l\u00f8sninger fra GE Vernova. Softwaren underst\u00f8tter en lang r\u00e6kke protokoller, s\u00e5 andre datakilder og tredjepartssystemer kan ogs\u00e5 tilsluttes.<\/p>\n<\/div>\n\n<div class=\"container-md paragraph  alignleft\">\n<p class=\"has-text-align-left\">Se alle vores dataopsamlings- og rapporteringsl\u00f8sninger herunder.<\/p>\n<\/div>\n\n<div class=\"container-md buttons  \">\n<div class=\"wp-block-buttons is-content-justification-center is-layout-flex wp-container-core-buttons-is-layout-16018d1d wp-block-buttons-is-layout-flex\"><div class=\"container-md button  \">\n<div class=\"wp-block-button is-style-fill\"><a class=\"wp-block-button__link has-vivid-red-background-color has-background wp-element-button\" href=\"https:\/\/www.novotek.com\/dk\/automation\/hmi-scada\/proficy-operations-hub\/\">L\u00e6s mere om Proficy Operations Hub<\/a><\/div>\n<\/div><\/div>\n<\/div>\n\n<div class=\"container-md spacer  \">\n<div style=\"height:30px\" aria-hidden=\"true\" class=\"wp-block-spacer\"><\/div>\n<\/div>\n\n\n\n  <div class=\"slider-column-parent\">\n    <div class=\"container\">\n      <div class=\"slider-column-title\">Vores softwarel\u00f8sning til datavisualisering<\/div>\n\n      <div class=\"row\">\n        <div class=\"col-12 col-md-4\"><div class=\"column-box\">\n  \n      <div class=\"title\">\n      Proficy Operations Hub    <\/div>\n  \n      <div class=\"text\">\n      <p>F\u00e5 bedre visualisering af produktionsdata med Proficy Operations Hub.<\/p>\n    <\/div>\n  \n      <a class=\"link\"  href=\"https:\/\/www.novotek.com\/dk\/automation\/hmi-scada\/proficy-operations-hub\/\" target=\"\">\n      Mere om Operations Hub    <\/a>\n  \n  <\/div>\n\n<\/div>      <\/div>\n    <\/div>\n  <\/div>\n","protected":false},"excerpt":{"rendered":"<p>Amet minim mollit non deserunt ullamco est sit aliqua dolor do amet sint elit officia consequat duis<\/p>\n","protected":false},"author":33,"featured_media":0,"parent":1109,"menu_order":1,"comment_status":"closed","ping_status":"closed","template":"","meta":{"_acf_changed":false,"_relevanssi_hide_post":"","_relevanssi_pin_for_all":"","_relevanssi_pin_keywords":"","_relevanssi_unpin_keywords":"","_relevanssi_related_keywords":"","_relevanssi_related_include_ids":"","_relevanssi_related_exclude_ids":"","_relevanssi_related_no_append":"","_relevanssi_related_not_related":"","_relevanssi_related_posts":"1","_relevanssi_noindex_reason":"","footnotes":""},"class_list":["post-4027","page","type-page","status-publish","hentry"],"acf":[],"yoast_head":"<!-- This site is optimized with the Yoast SEO plugin v27.3 - https:\/\/yoast.com\/product\/yoast-seo-wordpress\/ -->\n<title>Datavisualisering - Software til produktionsdata<\/title>\n<meta name=\"description\" content=\"Forst\u00e5 dine data med et datavisualiseringssoftware. Omdan dine produktionsdata til information ved at pr\u00e6sentere dem i visuel kontekst.\" \/>\n<meta name=\"robots\" content=\"index, follow, max-snippet:-1, max-image-preview:large, max-video-preview:-1\" \/>\n<link rel=\"canonical\" href=\"https:\/\/www.novotek.com\/dk\/digitalisering\/datavisualisering\/\" \/>\n<meta property=\"og:locale\" content=\"da_DK\" \/>\n<meta property=\"og:type\" content=\"article\" \/>\n<meta property=\"og:title\" content=\"Datavisualisering - Software til produktionsdata\" \/>\n<meta property=\"og:description\" content=\"Forst\u00e5 dine data med et datavisualiseringssoftware. Omdan dine produktionsdata til information ved at pr\u00e6sentere dem i visuel kontekst.\" \/>\n<meta property=\"og:url\" content=\"https:\/\/www.novotek.com\/dk\/digitalisering\/datavisualisering\/\" \/>\n<meta property=\"og:site_name\" content=\"Novotek Danmark\" \/>\n<meta property=\"article:modified_time\" content=\"2025-11-18T12:34:10+00:00\" \/>\n<meta property=\"og:image\" content=\"https:\/\/www.novotek.com\/dk\/wp-content\/uploads\/sites\/4\/Datavisualisering\/Datavisualisering_grafik-1024x748-1.png\" \/>\n<meta name=\"twitter:card\" content=\"summary_large_image\" \/>\n<meta name=\"twitter:label1\" content=\"Estimeret l\u00e6setid\" \/>\n\t<meta name=\"twitter:data1\" content=\"4 minutter\" \/>\n<script type=\"application\/ld+json\" class=\"yoast-schema-graph\">{\"@context\":\"https:\\\/\\\/schema.org\",\"@graph\":[{\"@type\":\"WebPage\",\"@id\":\"https:\\\/\\\/www.novotek.com\\\/dk\\\/digitalisering\\\/datavisualisering\\\/\",\"url\":\"https:\\\/\\\/www.novotek.com\\\/dk\\\/digitalisering\\\/datavisualisering\\\/\",\"name\":\"Datavisualisering - Software til produktionsdata\",\"isPartOf\":{\"@id\":\"https:\\\/\\\/www.novotek.com\\\/dk\\\/#website\"},\"primaryImageOfPage\":{\"@id\":\"https:\\\/\\\/www.novotek.com\\\/dk\\\/digitalisering\\\/datavisualisering\\\/#primaryimage\"},\"image\":{\"@id\":\"https:\\\/\\\/www.novotek.com\\\/dk\\\/digitalisering\\\/datavisualisering\\\/#primaryimage\"},\"thumbnailUrl\":\"https:\\\/\\\/www.novotek.com\\\/dk\\\/wp-content\\\/uploads\\\/sites\\\/4\\\/Datavisualisering\\\/Datavisualisering_grafik-1024x748-1.png\",\"datePublished\":\"2022-09-21T10:07:47+00:00\",\"dateModified\":\"2025-11-18T12:34:10+00:00\",\"description\":\"Forst\u00e5 dine data med et datavisualiseringssoftware. Omdan dine produktionsdata til information ved at pr\u00e6sentere dem i visuel kontekst.\",\"breadcrumb\":{\"@id\":\"https:\\\/\\\/www.novotek.com\\\/dk\\\/digitalisering\\\/datavisualisering\\\/#breadcrumb\"},\"inLanguage\":\"da-DK\",\"potentialAction\":[{\"@type\":\"ReadAction\",\"target\":[\"https:\\\/\\\/www.novotek.com\\\/dk\\\/digitalisering\\\/datavisualisering\\\/\"]}]},{\"@type\":\"ImageObject\",\"inLanguage\":\"da-DK\",\"@id\":\"https:\\\/\\\/www.novotek.com\\\/dk\\\/digitalisering\\\/datavisualisering\\\/#primaryimage\",\"url\":\"https:\\\/\\\/www.novotek.com\\\/dk\\\/wp-content\\\/uploads\\\/sites\\\/4\\\/Datavisualisering\\\/Datavisualisering_grafik-1024x748-1.png\",\"contentUrl\":\"https:\\\/\\\/www.novotek.com\\\/dk\\\/wp-content\\\/uploads\\\/sites\\\/4\\\/Datavisualisering\\\/Datavisualisering_grafik-1024x748-1.png\",\"width\":1024,\"height\":748,\"caption\":\"Datavisualisering\"},{\"@type\":\"BreadcrumbList\",\"@id\":\"https:\\\/\\\/www.novotek.com\\\/dk\\\/digitalisering\\\/datavisualisering\\\/#breadcrumb\",\"itemListElement\":[{\"@type\":\"ListItem\",\"position\":1,\"name\":\"Home\",\"item\":\"https:\\\/\\\/www.novotek.com\\\/dk\\\/\"},{\"@type\":\"ListItem\",\"position\":2,\"name\":\"Digitalisering\",\"item\":\"https:\\\/\\\/www.novotek.com\\\/dk\\\/digitalisering\\\/\"},{\"@type\":\"ListItem\",\"position\":3,\"name\":\"Datavisualisering\"}]},{\"@type\":\"WebSite\",\"@id\":\"https:\\\/\\\/www.novotek.com\\\/dk\\\/#website\",\"url\":\"https:\\\/\\\/www.novotek.com\\\/dk\\\/\",\"name\":\"Novotek Danmark\",\"description\":\"Automation, digitalisering og analyse\",\"publisher\":{\"@id\":\"https:\\\/\\\/www.novotek.com\\\/dk\\\/#organization\"},\"potentialAction\":[{\"@type\":\"SearchAction\",\"target\":{\"@type\":\"EntryPoint\",\"urlTemplate\":\"https:\\\/\\\/www.novotek.com\\\/dk\\\/?s={search_term_string}\"},\"query-input\":{\"@type\":\"PropertyValueSpecification\",\"valueRequired\":true,\"valueName\":\"search_term_string\"}}],\"inLanguage\":\"da-DK\"},{\"@type\":\"Organization\",\"@id\":\"https:\\\/\\\/www.novotek.com\\\/dk\\\/#organization\",\"name\":\"Novotek Danmark\",\"url\":\"https:\\\/\\\/www.novotek.com\\\/dk\\\/\",\"logo\":{\"@type\":\"ImageObject\",\"inLanguage\":\"da-DK\",\"@id\":\"https:\\\/\\\/www.novotek.com\\\/dk\\\/#\\\/schema\\\/logo\\\/image\\\/\",\"url\":\"https:\\\/\\\/www.novotek.com\\\/dk\\\/wp-content\\\/uploads\\\/sites\\\/4\\\/Denmark_files\\\/novotek-logotyp-rgb-pos.png\",\"contentUrl\":\"https:\\\/\\\/www.novotek.com\\\/dk\\\/wp-content\\\/uploads\\\/sites\\\/4\\\/Denmark_files\\\/novotek-logotyp-rgb-pos.png\",\"width\":1794,\"height\":520,\"caption\":\"Novotek Danmark\"},\"image\":{\"@id\":\"https:\\\/\\\/www.novotek.com\\\/dk\\\/#\\\/schema\\\/logo\\\/image\\\/\"},\"sameAs\":[\"https:\\\/\\\/www.linkedin.com\\\/company\\\/novotek-denmark\",\"https:\\\/\\\/www.youtube.com\\\/user\\\/NovotekCorp\"]}]}<\/script>\n<!-- \/ Yoast SEO plugin. -->","yoast_head_json":{"title":"Datavisualisering - Software til produktionsdata","description":"Forst\u00e5 dine data med et datavisualiseringssoftware. Omdan dine produktionsdata til information ved at pr\u00e6sentere dem i visuel kontekst.","robots":{"index":"index","follow":"follow","max-snippet":"max-snippet:-1","max-image-preview":"max-image-preview:large","max-video-preview":"max-video-preview:-1"},"canonical":"https:\/\/www.novotek.com\/dk\/digitalisering\/datavisualisering\/","og_locale":"da_DK","og_type":"article","og_title":"Datavisualisering - Software til produktionsdata","og_description":"Forst\u00e5 dine data med et datavisualiseringssoftware. Omdan dine produktionsdata til information ved at pr\u00e6sentere dem i visuel kontekst.","og_url":"https:\/\/www.novotek.com\/dk\/digitalisering\/datavisualisering\/","og_site_name":"Novotek Danmark","article_modified_time":"2025-11-18T12:34:10+00:00","og_image":[{"url":"https:\/\/www.novotek.com\/dk\/wp-content\/uploads\/sites\/4\/Datavisualisering\/Datavisualisering_grafik-1024x748-1.png","type":"","width":"","height":""}],"twitter_card":"summary_large_image","twitter_misc":{"Estimeret l\u00e6setid":"4 minutter"},"schema":{"@context":"https:\/\/schema.org","@graph":[{"@type":"WebPage","@id":"https:\/\/www.novotek.com\/dk\/digitalisering\/datavisualisering\/","url":"https:\/\/www.novotek.com\/dk\/digitalisering\/datavisualisering\/","name":"Datavisualisering - Software til produktionsdata","isPartOf":{"@id":"https:\/\/www.novotek.com\/dk\/#website"},"primaryImageOfPage":{"@id":"https:\/\/www.novotek.com\/dk\/digitalisering\/datavisualisering\/#primaryimage"},"image":{"@id":"https:\/\/www.novotek.com\/dk\/digitalisering\/datavisualisering\/#primaryimage"},"thumbnailUrl":"https:\/\/www.novotek.com\/dk\/wp-content\/uploads\/sites\/4\/Datavisualisering\/Datavisualisering_grafik-1024x748-1.png","datePublished":"2022-09-21T10:07:47+00:00","dateModified":"2025-11-18T12:34:10+00:00","description":"Forst\u00e5 dine data med et datavisualiseringssoftware. Omdan dine produktionsdata til information ved at pr\u00e6sentere dem i visuel kontekst.","breadcrumb":{"@id":"https:\/\/www.novotek.com\/dk\/digitalisering\/datavisualisering\/#breadcrumb"},"inLanguage":"da-DK","potentialAction":[{"@type":"ReadAction","target":["https:\/\/www.novotek.com\/dk\/digitalisering\/datavisualisering\/"]}]},{"@type":"ImageObject","inLanguage":"da-DK","@id":"https:\/\/www.novotek.com\/dk\/digitalisering\/datavisualisering\/#primaryimage","url":"https:\/\/www.novotek.com\/dk\/wp-content\/uploads\/sites\/4\/Datavisualisering\/Datavisualisering_grafik-1024x748-1.png","contentUrl":"https:\/\/www.novotek.com\/dk\/wp-content\/uploads\/sites\/4\/Datavisualisering\/Datavisualisering_grafik-1024x748-1.png","width":1024,"height":748,"caption":"Datavisualisering"},{"@type":"BreadcrumbList","@id":"https:\/\/www.novotek.com\/dk\/digitalisering\/datavisualisering\/#breadcrumb","itemListElement":[{"@type":"ListItem","position":1,"name":"Home","item":"https:\/\/www.novotek.com\/dk\/"},{"@type":"ListItem","position":2,"name":"Digitalisering","item":"https:\/\/www.novotek.com\/dk\/digitalisering\/"},{"@type":"ListItem","position":3,"name":"Datavisualisering"}]},{"@type":"WebSite","@id":"https:\/\/www.novotek.com\/dk\/#website","url":"https:\/\/www.novotek.com\/dk\/","name":"Novotek Danmark","description":"Automation, digitalisering og analyse","publisher":{"@id":"https:\/\/www.novotek.com\/dk\/#organization"},"potentialAction":[{"@type":"SearchAction","target":{"@type":"EntryPoint","urlTemplate":"https:\/\/www.novotek.com\/dk\/?s={search_term_string}"},"query-input":{"@type":"PropertyValueSpecification","valueRequired":true,"valueName":"search_term_string"}}],"inLanguage":"da-DK"},{"@type":"Organization","@id":"https:\/\/www.novotek.com\/dk\/#organization","name":"Novotek Danmark","url":"https:\/\/www.novotek.com\/dk\/","logo":{"@type":"ImageObject","inLanguage":"da-DK","@id":"https:\/\/www.novotek.com\/dk\/#\/schema\/logo\/image\/","url":"https:\/\/www.novotek.com\/dk\/wp-content\/uploads\/sites\/4\/Denmark_files\/novotek-logotyp-rgb-pos.png","contentUrl":"https:\/\/www.novotek.com\/dk\/wp-content\/uploads\/sites\/4\/Denmark_files\/novotek-logotyp-rgb-pos.png","width":1794,"height":520,"caption":"Novotek Danmark"},"image":{"@id":"https:\/\/www.novotek.com\/dk\/#\/schema\/logo\/image\/"},"sameAs":["https:\/\/www.linkedin.com\/company\/novotek-denmark","https:\/\/www.youtube.com\/user\/NovotekCorp"]}]}},"_links":{"self":[{"href":"https:\/\/www.novotek.com\/dk\/wp-json\/wp\/v2\/pages\/4027","targetHints":{"allow":["GET"]}}],"collection":[{"href":"https:\/\/www.novotek.com\/dk\/wp-json\/wp\/v2\/pages"}],"about":[{"href":"https:\/\/www.novotek.com\/dk\/wp-json\/wp\/v2\/types\/page"}],"author":[{"embeddable":true,"href":"https:\/\/www.novotek.com\/dk\/wp-json\/wp\/v2\/users\/33"}],"replies":[{"embeddable":true,"href":"https:\/\/www.novotek.com\/dk\/wp-json\/wp\/v2\/comments?post=4027"}],"version-history":[{"count":38,"href":"https:\/\/www.novotek.com\/dk\/wp-json\/wp\/v2\/pages\/4027\/revisions"}],"predecessor-version":[{"id":11788,"href":"https:\/\/www.novotek.com\/dk\/wp-json\/wp\/v2\/pages\/4027\/revisions\/11788"}],"up":[{"embeddable":true,"href":"https:\/\/www.novotek.com\/dk\/wp-json\/wp\/v2\/pages\/1109"}],"wp:attachment":[{"href":"https:\/\/www.novotek.com\/dk\/wp-json\/wp\/v2\/media?parent=4027"}],"curies":[{"name":"wp","href":"https:\/\/api.w.org\/{rel}","templated":true}]}}