{"id":4470,"date":"2022-11-03T10:09:25","date_gmt":"2022-11-03T10:09:25","guid":{"rendered":"https:\/\/www.novotek.com\/dk\/?page_id=4470"},"modified":"2023-05-31T10:29:05","modified_gmt":"2023-05-31T10:29:05","slug":"nyhedsbreve","status":"publish","type":"page","link":"https:\/\/www.novotek.com\/dk\/nyheder\/nyhedsbreve\/","title":{"rendered":"Nyhedsbreve"},"content":{"rendered":"  <div class=\"hero\">\n    <div class=\"carousel hero-slider large\" data-flickity data-flickity-options='{\"prevNextButtons\": false}'>\n              <div class=\"carousel-cell\">\n          <div class=\"container\">\n            <div class=\"hero-content\">\n                              <h1>Nyhedsbreve<\/h1>\n<p><a>Her kan du se Novotek&#8217;s seneste nyhedsbreve<\/a><\/p>\n              \n                              <a class=\"btn btn-primary\" href=\"https:\/\/www.novotek.com\/dk\/nyhedsbreve\/\">\n                  Nyhedsbreve | Novotek                <\/a>\n                          <\/div>\n          <\/div>\n\n          <img decoding=\"async\" width=\"1024\" height=\"384\" src=\"https:\/\/www.novotek.com\/dk\/wp-content\/uploads\/sites\/4\/novotek-news-header-duplex-cyan-1-1024x384.jpg\" class=\"hero-bg\" alt=\"Hero Img\" fetchpriority=\"high\" srcset=\"https:\/\/www.novotek.com\/dk\/wp-content\/uploads\/sites\/4\/novotek-news-header-duplex-cyan-1-1024x384.jpg 1024w, https:\/\/www.novotek.com\/dk\/wp-content\/uploads\/sites\/4\/novotek-news-header-duplex-cyan-1-300x113.jpg 300w, https:\/\/www.novotek.com\/dk\/wp-content\/uploads\/sites\/4\/novotek-news-header-duplex-cyan-1-768x288.jpg 768w, https:\/\/www.novotek.com\/dk\/wp-content\/uploads\/sites\/4\/novotek-news-header-duplex-cyan-1-1536x576.jpg 1536w, https:\/\/www.novotek.com\/dk\/wp-content\/uploads\/sites\/4\/novotek-news-header-duplex-cyan-1.jpg 1921w\" sizes=\"(max-width: 1024px) 100vw, 1024px\" \/>                  <\/div>\n          <\/div>\n\n      <\/div>\n\n   <div class=\"floating-breadcrumb\"><div class=\"container\"><span><span><a href=\"https:\/\/www.novotek.com\/dk\/\" class=\"breadcrumb-frontpage\">Home<\/a><\/span><\/span><\/div><\/div>\n\n\n<div class=\"container-md paragraph  \">\n<p>Hvis du \u00f8nsker nyhedsbrevet direkte i din mailboks, kan du tilmelde dig i nederste h\u00f8jre hj\u00f8rne her p\u00e5 siden. Vi lover ikke at spamme dig.<\/p>\n<\/div>\n\n<div class=\"container-md paragraph  \">\n<p><\/p>\n<\/div>","protected":false},"excerpt":{"rendered":"<p>Hvis du \u00f8nsker nyhedsbrevet direkte i din mailboks, kan du tilmelde dig i nederste h\u00f8jre hj\u00f8rne her p\u00e5 siden. Vi lover ikke at spamme dig.<\/p>\n","protected":false},"author":33,"featured_media":0,"parent":24,"menu_order":2,"comment_status":"closed","ping_status":"closed","template":"","meta":{"_acf_changed":false,"_relevanssi_hide_post":"","_relevanssi_pin_for_all":"","_relevanssi_pin_keywords":"","_relevanssi_unpin_keywords":"","_relevanssi_related_keywords":"","_relevanssi_related_include_ids":"","_relevanssi_related_exclude_ids":"","_relevanssi_related_no_append":"","_relevanssi_related_not_related":"","_relevanssi_related_posts":"1","_relevanssi_noindex_reason":"","footnotes":""},"class_list":["post-4470","page","type-page","status-publish","hentry"],"acf":[],"yoast_head":"<!-- This site is optimized with the Yoast SEO plugin v27.5 - https:\/\/yoast.com\/product\/yoast-seo-wordpress\/ -->\n<title>Nyhedsbreve - Nyhedsarkiv | Novotek<\/title>\n<meta name=\"robots\" content=\"index, follow, max-snippet:-1, max-image-preview:large, max-video-preview:-1\" \/>\n<link rel=\"canonical\" href=\"https:\/\/www.novotek.com\/dk\/nyheder\/nyhedsbreve\/\" \/>\n<meta property=\"og:locale\" content=\"da_DK\" \/>\n<meta property=\"og:type\" content=\"article\" \/>\n<meta property=\"og:title\" content=\"Nyhedsbreve - Nyhedsarkiv | Novotek\" \/>\n<meta property=\"og:description\" content=\"Hvis du \u00f8nsker nyhedsbrevet direkte i din mailboks, kan du tilmelde dig i nederste h\u00f8jre hj\u00f8rne her p\u00e5 siden. Vi lover ikke at spamme dig.\" \/>\n<meta property=\"og:url\" content=\"https:\/\/www.novotek.com\/dk\/nyheder\/nyhedsbreve\/\" \/>\n<meta property=\"og:site_name\" content=\"Novotek Danmark\" \/>\n<meta property=\"article:modified_time\" content=\"2023-05-31T10:29:05+00:00\" \/>\n<meta name=\"twitter:card\" content=\"summary_large_image\" \/>\n<meta name=\"twitter:label1\" content=\"Estimeret l\u00e6setid\" \/>\n\t<meta name=\"twitter:data1\" content=\"1 minut\" \/>\n<script type=\"application\/ld+json\" class=\"yoast-schema-graph\">{\"@context\":\"https:\\\/\\\/schema.org\",\"@graph\":[{\"@type\":\"WebPage\",\"@id\":\"https:\\\/\\\/www.novotek.com\\\/dk\\\/nyheder\\\/nyhedsbreve\\\/\",\"url\":\"https:\\\/\\\/www.novotek.com\\\/dk\\\/nyheder\\\/nyhedsbreve\\\/\",\"name\":\"Nyhedsbreve - Nyhedsarkiv | Novotek\",\"isPartOf\":{\"@id\":\"https:\\\/\\\/www.novotek.com\\\/dk\\\/#website\"},\"datePublished\":\"2022-11-03T10:09:25+00:00\",\"dateModified\":\"2023-05-31T10:29:05+00:00\",\"breadcrumb\":{\"@id\":\"https:\\\/\\\/www.novotek.com\\\/dk\\\/nyheder\\\/nyhedsbreve\\\/#breadcrumb\"},\"inLanguage\":\"da-DK\",\"potentialAction\":[{\"@type\":\"ReadAction\",\"target\":[\"https:\\\/\\\/www.novotek.com\\\/dk\\\/nyheder\\\/nyhedsbreve\\\/\"]}]},{\"@type\":\"BreadcrumbList\",\"@id\":\"https:\\\/\\\/www.novotek.com\\\/dk\\\/nyheder\\\/nyhedsbreve\\\/#breadcrumb\",\"itemListElement\":[{\"@type\":\"ListItem\",\"position\":1,\"name\":\"Home\",\"item\":\"https:\\\/\\\/www.novotek.com\\\/dk\\\/\"},{\"@type\":\"ListItem\",\"position\":2,\"name\":\"Nyheder\",\"item\":\"https:\\\/\\\/www.novotek.com\\\/dk\\\/?page_id=24\"},{\"@type\":\"ListItem\",\"position\":3,\"name\":\"Nyhedsbreve\"}]},{\"@type\":\"WebSite\",\"@id\":\"https:\\\/\\\/www.novotek.com\\\/dk\\\/#website\",\"url\":\"https:\\\/\\\/www.novotek.com\\\/dk\\\/\",\"name\":\"Novotek Danmark\",\"description\":\"Automation, digitalisering og analyse\",\"publisher\":{\"@id\":\"https:\\\/\\\/www.novotek.com\\\/dk\\\/#organization\"},\"potentialAction\":[{\"@type\":\"SearchAction\",\"target\":{\"@type\":\"EntryPoint\",\"urlTemplate\":\"https:\\\/\\\/www.novotek.com\\\/dk\\\/?s={search_term_string}\"},\"query-input\":{\"@type\":\"PropertyValueSpecification\",\"valueRequired\":true,\"valueName\":\"search_term_string\"}}],\"inLanguage\":\"da-DK\"},{\"@type\":\"Organization\",\"@id\":\"https:\\\/\\\/www.novotek.com\\\/dk\\\/#organization\",\"name\":\"Novotek Danmark\",\"url\":\"https:\\\/\\\/www.novotek.com\\\/dk\\\/\",\"logo\":{\"@type\":\"ImageObject\",\"inLanguage\":\"da-DK\",\"@id\":\"https:\\\/\\\/www.novotek.com\\\/dk\\\/#\\\/schema\\\/logo\\\/image\\\/\",\"url\":\"https:\\\/\\\/www.novotek.com\\\/dk\\\/wp-content\\\/uploads\\\/sites\\\/4\\\/Denmark_files\\\/novotek-logotyp-rgb-pos.png\",\"contentUrl\":\"https:\\\/\\\/www.novotek.com\\\/dk\\\/wp-content\\\/uploads\\\/sites\\\/4\\\/Denmark_files\\\/novotek-logotyp-rgb-pos.png\",\"width\":1794,\"height\":520,\"caption\":\"Novotek Danmark\"},\"image\":{\"@id\":\"https:\\\/\\\/www.novotek.com\\\/dk\\\/#\\\/schema\\\/logo\\\/image\\\/\"},\"sameAs\":[\"https:\\\/\\\/www.linkedin.com\\\/company\\\/novotek-denmark\",\"https:\\\/\\\/www.youtube.com\\\/user\\\/NovotekCorp\"]}]}<\/script>\n<!-- \/ Yoast SEO plugin. -->","yoast_head_json":{"title":"Nyhedsbreve - Nyhedsarkiv | Novotek","robots":{"index":"index","follow":"follow","max-snippet":"max-snippet:-1","max-image-preview":"max-image-preview:large","max-video-preview":"max-video-preview:-1"},"canonical":"https:\/\/www.novotek.com\/dk\/nyheder\/nyhedsbreve\/","og_locale":"da_DK","og_type":"article","og_title":"Nyhedsbreve - Nyhedsarkiv | Novotek","og_description":"Hvis du \u00f8nsker nyhedsbrevet direkte i din mailboks, kan du tilmelde dig i nederste h\u00f8jre hj\u00f8rne her p\u00e5 siden. Vi lover ikke at spamme dig.","og_url":"https:\/\/www.novotek.com\/dk\/nyheder\/nyhedsbreve\/","og_site_name":"Novotek Danmark","article_modified_time":"2023-05-31T10:29:05+00:00","twitter_card":"summary_large_image","twitter_misc":{"Estimeret l\u00e6setid":"1 minut"},"schema":{"@context":"https:\/\/schema.org","@graph":[{"@type":"WebPage","@id":"https:\/\/www.novotek.com\/dk\/nyheder\/nyhedsbreve\/","url":"https:\/\/www.novotek.com\/dk\/nyheder\/nyhedsbreve\/","name":"Nyhedsbreve - Nyhedsarkiv | Novotek","isPartOf":{"@id":"https:\/\/www.novotek.com\/dk\/#website"},"datePublished":"2022-11-03T10:09:25+00:00","dateModified":"2023-05-31T10:29:05+00:00","breadcrumb":{"@id":"https:\/\/www.novotek.com\/dk\/nyheder\/nyhedsbreve\/#breadcrumb"},"inLanguage":"da-DK","potentialAction":[{"@type":"ReadAction","target":["https:\/\/www.novotek.com\/dk\/nyheder\/nyhedsbreve\/"]}]},{"@type":"BreadcrumbList","@id":"https:\/\/www.novotek.com\/dk\/nyheder\/nyhedsbreve\/#breadcrumb","itemListElement":[{"@type":"ListItem","position":1,"name":"Home","item":"https:\/\/www.novotek.com\/dk\/"},{"@type":"ListItem","position":2,"name":"Nyheder","item":"https:\/\/www.novotek.com\/dk\/?page_id=24"},{"@type":"ListItem","position":3,"name":"Nyhedsbreve"}]},{"@type":"WebSite","@id":"https:\/\/www.novotek.com\/dk\/#website","url":"https:\/\/www.novotek.com\/dk\/","name":"Novotek Danmark","description":"Automation, digitalisering og analyse","publisher":{"@id":"https:\/\/www.novotek.com\/dk\/#organization"},"potentialAction":[{"@type":"SearchAction","target":{"@type":"EntryPoint","urlTemplate":"https:\/\/www.novotek.com\/dk\/?s={search_term_string}"},"query-input":{"@type":"PropertyValueSpecification","valueRequired":true,"valueName":"search_term_string"}}],"inLanguage":"da-DK"},{"@type":"Organization","@id":"https:\/\/www.novotek.com\/dk\/#organization","name":"Novotek Danmark","url":"https:\/\/www.novotek.com\/dk\/","logo":{"@type":"ImageObject","inLanguage":"da-DK","@id":"https:\/\/www.novotek.com\/dk\/#\/schema\/logo\/image\/","url":"https:\/\/www.novotek.com\/dk\/wp-content\/uploads\/sites\/4\/Denmark_files\/novotek-logotyp-rgb-pos.png","contentUrl":"https:\/\/www.novotek.com\/dk\/wp-content\/uploads\/sites\/4\/Denmark_files\/novotek-logotyp-rgb-pos.png","width":1794,"height":520,"caption":"Novotek Danmark"},"image":{"@id":"https:\/\/www.novotek.com\/dk\/#\/schema\/logo\/image\/"},"sameAs":["https:\/\/www.linkedin.com\/company\/novotek-denmark","https:\/\/www.youtube.com\/user\/NovotekCorp"]}]}},"_links":{"self":[{"href":"https:\/\/www.novotek.com\/dk\/wp-json\/wp\/v2\/pages\/4470","targetHints":{"allow":["GET"]}}],"collection":[{"href":"https:\/\/www.novotek.com\/dk\/wp-json\/wp\/v2\/pages"}],"about":[{"href":"https:\/\/www.novotek.com\/dk\/wp-json\/wp\/v2\/types\/page"}],"author":[{"embeddable":true,"href":"https:\/\/www.novotek.com\/dk\/wp-json\/wp\/v2\/users\/33"}],"replies":[{"embeddable":true,"href":"https:\/\/www.novotek.com\/dk\/wp-json\/wp\/v2\/comments?post=4470"}],"version-history":[{"count":12,"href":"https:\/\/www.novotek.com\/dk\/wp-json\/wp\/v2\/pages\/4470\/revisions"}],"predecessor-version":[{"id":5934,"href":"https:\/\/www.novotek.com\/dk\/wp-json\/wp\/v2\/pages\/4470\/revisions\/5934"}],"up":[{"embeddable":true,"href":"https:\/\/www.novotek.com\/dk\/wp-json\/wp\/v2\/pages\/24"}],"wp:attachment":[{"href":"https:\/\/www.novotek.com\/dk\/wp-json\/wp\/v2\/media?parent=4470"}],"curies":[{"name":"wp","href":"https:\/\/api.w.org\/{rel}","templated":true}]}}