{"id":590,"date":"2021-08-03T09:18:45","date_gmt":"2021-08-03T09:18:45","guid":{"rendered":"https:\/\/www.novotek.com\/dk\/?page_id=590"},"modified":"2025-09-10T06:38:23","modified_gmt":"2025-09-10T06:38:23","slug":"om-os","status":"publish","type":"page","link":"https:\/\/www.novotek.com\/dk\/om-os\/","title":{"rendered":"Om os"},"content":{"rendered":"  <div class=\"hero\">\n    <div class=\"carousel hero-slider large\" data-flickity data-flickity-options='{\"prevNextButtons\": false}'>\n              <div class=\"carousel-cell\">\n          <div class=\"container\">\n            <div class=\"hero-content\">\n                              <h1>Om os<\/h1>\n<p><a>Novotek leverer fleksible l\u00f8sninger indenfor IT, IIoT og automation.<\/a><\/p>\n              \n                          <\/div>\n          <\/div>\n\n          <img decoding=\"async\" width=\"1024\" height=\"427\" src=\"https:\/\/www.novotek.com\/dk\/wp-content\/uploads\/sites\/4\/jpg-2-Om-os-mini-1024x427.jpg\" class=\"hero-bg\" alt=\"Hero Img\" fetchpriority=\"high\" srcset=\"https:\/\/www.novotek.com\/dk\/wp-content\/uploads\/sites\/4\/jpg-2-Om-os-mini-1024x427.jpg 1024w, https:\/\/www.novotek.com\/dk\/wp-content\/uploads\/sites\/4\/jpg-2-Om-os-mini-300x125.jpg 300w, https:\/\/www.novotek.com\/dk\/wp-content\/uploads\/sites\/4\/jpg-2-Om-os-mini-768x320.jpg 768w, https:\/\/www.novotek.com\/dk\/wp-content\/uploads\/sites\/4\/jpg-2-Om-os-mini.jpg 1536w\" sizes=\"(max-width: 1024px) 100vw, 1024px\" \/>                  <\/div>\n          <\/div>\n\n      <\/div>\n\n   <div class=\"floating-breadcrumb\"><div class=\"container\"><span><span><a href=\"https:\/\/www.novotek.com\/dk\/\" class=\"breadcrumb-frontpage\">Home<\/a><\/span><\/span><\/div><\/div>\n\n\n<div class=\"container-md paragraph  \">\n<p>Novotek er leverand\u00f8r af industrielle IT-, <strong><a href=\"https:\/\/www.novotek.com\/dk\/insight\/hvad-er-iiot\/\" target=\"_blank\" rel=\"noreferrer noopener\">IIoT<\/a><\/strong>&#8211; og <strong><a href=\"https:\/\/www.novotek.com\/dk\/automation\/\">automationsl\u00f8sninger<\/a><\/strong> baseret p\u00e5 standardprodukter og Novoteks specialiserede ekspertise. Vores fokus er p\u00e5 produktion, hvor vi arbejder inden for omr\u00e5der lige fra fremstillingsindustrien, life science, pharma og forsyninger.<\/p>\n<\/div>\n\n<div class=\"container-md paragraph  \">\n<p>Novotek har eksisteret siden 1986 og begyndte som en pioner inden for brug af pc-baserede l\u00f8sninger i produktionen. Vores m\u00e5l er altid at levere den rigtige l\u00f8sning til hver enkelt kunde. Vi designer, implementerer, driver og vedligeholder vores kunders system til <a href=\"https:\/\/www.novotek.com\/dk\/insight\/produktionsstyring\/\">produktionsstyring<\/a> og overv\u00e5gning. Dette giver vores kunder maksimal mulighed for at styre, optimere og f\u00f8lge op p\u00e5 deres produktionsprocesser. Vores m\u00e5l er at levere den RIGTIGE l\u00f8sning til hver enkelt kunde inden for vores fagomr\u00e5de.<\/p>\n<\/div>\n\n<div class=\"container-md paragraph  \">\n<p>For at opn\u00e5 dette arbejder vi kontinuerligt med vores kernev\u00e6rdier, som kan opsummeres i ordet CARE (Competent Agile Reliable Enthusiastic). Med kompetence, tilpasningsevne, p\u00e5lidelighed og engagement findes de vigtigste byggesten til et vellykket samarbejde.<br><br><\/p>\n<\/div>\n\n<div class=\"container-md separator  \">\n<hr class=\"wp-block-separator has-alpha-channel-opacity\" \/>\n<\/div>\n\n<div class=\"container-md heading  \">\n<h2 class=\"wp-block-heading\" id=\"h-vi-stotter-kraeftens-bekaempelse\">Vi st\u00f8tter Kr\u00e6ftens Bek\u00e6mpelse<\/h2>\n<\/div>\n\n<div class=\"container-md columns  \">\n<div class=\"wp-block-columns is-layout-flex wp-container-core-columns-is-layout-9d6595d7 wp-block-columns-is-layout-flex\"><div class=\"container-md column  \">\n<div class=\"wp-block-column is-layout-flow wp-block-column-is-layout-flow\" style=\"flex-basis:33.33%\"><div class=\"container-md image  \">\n<figure class=\"wp-block-image size-full\"><img loading=\"lazy\" decoding=\"async\" width=\"200\" height=\"200\" src=\"https:\/\/www.novotek.com\/dk\/wp-content\/uploads\/sites\/4\/EM_LOGO.png\" alt=\"\" class=\"wp-image-10893\" srcset=\"https:\/\/www.novotek.com\/dk\/wp-content\/uploads\/sites\/4\/EM_LOGO.png 200w, https:\/\/www.novotek.com\/dk\/wp-content\/uploads\/sites\/4\/EM_LOGO-150x150.png 150w, https:\/\/www.novotek.com\/dk\/wp-content\/uploads\/sites\/4\/EM_LOGO-86x86.png 86w\" sizes=\"auto, (max-width: 200px) 100vw, 200px\" \/><\/figure>\n<\/div><\/div>\n<\/div>\n\n<div class=\"container-md column  \">\n<div class=\"wp-block-column is-layout-flow wp-block-column-is-layout-flow\" style=\"flex-basis:66.66%\"><div class=\"container-md spacer  \">\n<div style=\"height:50px\" aria-hidden=\"true\" class=\"wp-block-spacer\"><\/div>\n<\/div>\n\n<div class=\"container-md paragraph  \">\n<p>Novotek Danmark st\u00f8tter Kr\u00e6ftens Bek\u00e6mpelse i deres vigtige arbejde i kampen mod kr\u00e6ft, som desv\u00e6rre ber\u00f8rer mange danske familier hvert \u00e5r.<\/p>\n<\/div><\/div>\n<\/div><\/div>\n<\/div>\n\n  <div class=\"slider-column-parent\">\n    <div class=\"container\">\n      <div class=\"slider-column-title\">Mere om os<\/div>\n\n      <div class=\"row\">\n        <div class=\"col-12 col-md-4\"><div class=\"column-box\">\n  \n      <div class=\"title\">\n      Vores leverand\u00f8rer    <\/div>\n  \n  \n      <a class=\"link\"  href=\"https:\/\/www.novotek.com\/dk\/om-os\/vores-leverandoerer\/\" target=\"_blank\">\n      L\u00e6s mere    <\/a>\n  \n  <\/div>\n\n<\/div><div class=\"col-12 col-md-4\"><div class=\"column-box\">\n  \n      <div class=\"title\">\n      Arbejd hos os     <\/div>\n  \n  \n      <a class=\"link\"  href=\"https:\/\/www.novotek.com\/dk\/om-os\/arbejd-hos-os\/\" target=\"_blank\">\n      L\u00e6s mere    <\/a>\n  \n  <\/div>\n\n<\/div><div class=\"col-12 col-md-4\"><div class=\"column-box\">\n  \n      <div class=\"title\">\n      Bliv Novotek Solution Provider    <\/div>\n  \n  \n      <a class=\"link\"  href=\"https:\/\/www.novotek.com\/dk\/om-os\/information-om-partnerskab\/\" target=\"_blank\">\n      L\u00e6s mere    <\/a>\n  \n  <\/div>\n\n<\/div><div class=\"col-12 col-md-4\"><div class=\"column-box\">\n  \n      <div class=\"title\">\n      Kvalitets- og milj\u00f8politik    <\/div>\n  \n  \n      <a class=\"link\"  href=\"https:\/\/www.novotek.com\/dk\/om-os\/kvalitet-og-miljoe\/\" target=\"_blank\">\n      L\u00e6s mere    <\/a>\n  \n  <\/div>\n\n<\/div><div class=\"col-12 col-md-4\"><div class=\"column-box\">\n  \n      <div class=\"title\">\n      Ordliste    <\/div>\n  \n  \n      <a class=\"link\"  href=\"https:\/\/www.novotek.com\/dk\/insight\/ordliste\/\" target=\"\">\n      Begreber og forkortelser    <\/a>\n  \n  <\/div>\n\n<\/div>      <\/div>\n    <\/div>\n  <\/div>\n","protected":false},"excerpt":{"rendered":"<p>Novotek er leverand\u00f8r af industrielle IT-, IIoT&#8211; og automationsl\u00f8sninger baseret p\u00e5 standardprodukter og Novoteks specialiserede ekspertise. Vores fokus er p\u00e5 produktion, hvor vi arbejder inden for omr\u00e5der lige fra fremstillingsindustrien, life science, pharma og forsyninger. Novotek har eksisteret siden 1986 og begyndte som en pioner inden for brug af pc-baserede l\u00f8sninger i produktionen. Vores m\u00e5l [&hellip;]<\/p>\n","protected":false},"author":6,"featured_media":0,"parent":0,"menu_order":11,"comment_status":"closed","ping_status":"closed","template":"","meta":{"_acf_changed":false,"_relevanssi_hide_post":"","_relevanssi_pin_for_all":"","_relevanssi_pin_keywords":"","_relevanssi_unpin_keywords":"","_relevanssi_related_keywords":"","_relevanssi_related_include_ids":"","_relevanssi_related_exclude_ids":"","_relevanssi_related_no_append":"","_relevanssi_related_not_related":"","_relevanssi_related_posts":"1","_relevanssi_noindex_reason":"","footnotes":""},"class_list":["post-590","page","type-page","status-publish","hentry"],"acf":[],"yoast_head":"<!-- This site is optimized with the Yoast SEO plugin v27.3 - https:\/\/yoast.com\/product\/yoast-seo-wordpress\/ -->\n<title>Om os - Novotek Danmark<\/title>\n<meta name=\"description\" content=\"Novotek leverer fleksible l\u00f8sninger indenfor IT, IIoT og automation.\" \/>\n<meta name=\"robots\" content=\"index, follow, max-snippet:-1, max-image-preview:large, max-video-preview:-1\" \/>\n<link rel=\"canonical\" href=\"https:\/\/www.novotek.com\/dk\/om-os\/\" \/>\n<meta property=\"og:locale\" content=\"da_DK\" \/>\n<meta property=\"og:type\" content=\"article\" \/>\n<meta property=\"og:title\" content=\"Om os - Novotek Danmark\" \/>\n<meta property=\"og:description\" content=\"Novotek leverer fleksible l\u00f8sninger indenfor IT, IIoT og automation.\" \/>\n<meta property=\"og:url\" content=\"https:\/\/www.novotek.com\/dk\/om-os\/\" \/>\n<meta property=\"og:site_name\" content=\"Novotek Danmark\" \/>\n<meta property=\"article:modified_time\" content=\"2025-09-10T06:38:23+00:00\" \/>\n<meta property=\"og:image\" content=\"https:\/\/www.novotek.com\/dk\/wp-content\/uploads\/sites\/4\/EM_LOGO.png\" \/>\n<meta name=\"twitter:card\" content=\"summary_large_image\" \/>\n<meta name=\"twitter:label1\" content=\"Estimeret l\u00e6setid\" \/>\n\t<meta name=\"twitter:data1\" content=\"1 minut\" \/>\n<script type=\"application\/ld+json\" class=\"yoast-schema-graph\">{\"@context\":\"https:\\\/\\\/schema.org\",\"@graph\":[{\"@type\":\"WebPage\",\"@id\":\"https:\\\/\\\/www.novotek.com\\\/dk\\\/om-os\\\/\",\"url\":\"https:\\\/\\\/www.novotek.com\\\/dk\\\/om-os\\\/\",\"name\":\"Om os - Novotek Danmark\",\"isPartOf\":{\"@id\":\"https:\\\/\\\/www.novotek.com\\\/dk\\\/#website\"},\"primaryImageOfPage\":{\"@id\":\"https:\\\/\\\/www.novotek.com\\\/dk\\\/om-os\\\/#primaryimage\"},\"image\":{\"@id\":\"https:\\\/\\\/www.novotek.com\\\/dk\\\/om-os\\\/#primaryimage\"},\"thumbnailUrl\":\"https:\\\/\\\/www.novotek.com\\\/dk\\\/wp-content\\\/uploads\\\/sites\\\/4\\\/EM_LOGO.png\",\"datePublished\":\"2021-08-03T09:18:45+00:00\",\"dateModified\":\"2025-09-10T06:38:23+00:00\",\"description\":\"Novotek leverer fleksible l\u00f8sninger indenfor IT, IIoT og automation.\",\"breadcrumb\":{\"@id\":\"https:\\\/\\\/www.novotek.com\\\/dk\\\/om-os\\\/#breadcrumb\"},\"inLanguage\":\"da-DK\",\"potentialAction\":[{\"@type\":\"ReadAction\",\"target\":[\"https:\\\/\\\/www.novotek.com\\\/dk\\\/om-os\\\/\"]}]},{\"@type\":\"ImageObject\",\"inLanguage\":\"da-DK\",\"@id\":\"https:\\\/\\\/www.novotek.com\\\/dk\\\/om-os\\\/#primaryimage\",\"url\":\"https:\\\/\\\/www.novotek.com\\\/dk\\\/wp-content\\\/uploads\\\/sites\\\/4\\\/EM_LOGO.png\",\"contentUrl\":\"https:\\\/\\\/www.novotek.com\\\/dk\\\/wp-content\\\/uploads\\\/sites\\\/4\\\/EM_LOGO.png\",\"width\":200,\"height\":200},{\"@type\":\"BreadcrumbList\",\"@id\":\"https:\\\/\\\/www.novotek.com\\\/dk\\\/om-os\\\/#breadcrumb\",\"itemListElement\":[{\"@type\":\"ListItem\",\"position\":1,\"name\":\"Home\",\"item\":\"https:\\\/\\\/www.novotek.com\\\/dk\\\/\"},{\"@type\":\"ListItem\",\"position\":2,\"name\":\"Om os\"}]},{\"@type\":\"WebSite\",\"@id\":\"https:\\\/\\\/www.novotek.com\\\/dk\\\/#website\",\"url\":\"https:\\\/\\\/www.novotek.com\\\/dk\\\/\",\"name\":\"Novotek Danmark\",\"description\":\"Automation, digitalisering og analyse\",\"publisher\":{\"@id\":\"https:\\\/\\\/www.novotek.com\\\/dk\\\/#organization\"},\"potentialAction\":[{\"@type\":\"SearchAction\",\"target\":{\"@type\":\"EntryPoint\",\"urlTemplate\":\"https:\\\/\\\/www.novotek.com\\\/dk\\\/?s={search_term_string}\"},\"query-input\":{\"@type\":\"PropertyValueSpecification\",\"valueRequired\":true,\"valueName\":\"search_term_string\"}}],\"inLanguage\":\"da-DK\"},{\"@type\":\"Organization\",\"@id\":\"https:\\\/\\\/www.novotek.com\\\/dk\\\/#organization\",\"name\":\"Novotek Danmark\",\"url\":\"https:\\\/\\\/www.novotek.com\\\/dk\\\/\",\"logo\":{\"@type\":\"ImageObject\",\"inLanguage\":\"da-DK\",\"@id\":\"https:\\\/\\\/www.novotek.com\\\/dk\\\/#\\\/schema\\\/logo\\\/image\\\/\",\"url\":\"https:\\\/\\\/www.novotek.com\\\/dk\\\/wp-content\\\/uploads\\\/sites\\\/4\\\/Denmark_files\\\/novotek-logotyp-rgb-pos.png\",\"contentUrl\":\"https:\\\/\\\/www.novotek.com\\\/dk\\\/wp-content\\\/uploads\\\/sites\\\/4\\\/Denmark_files\\\/novotek-logotyp-rgb-pos.png\",\"width\":1794,\"height\":520,\"caption\":\"Novotek Danmark\"},\"image\":{\"@id\":\"https:\\\/\\\/www.novotek.com\\\/dk\\\/#\\\/schema\\\/logo\\\/image\\\/\"},\"sameAs\":[\"https:\\\/\\\/www.linkedin.com\\\/company\\\/novotek-denmark\",\"https:\\\/\\\/www.youtube.com\\\/user\\\/NovotekCorp\"]}]}<\/script>\n<!-- \/ Yoast SEO plugin. -->","yoast_head_json":{"title":"Om os - Novotek Danmark","description":"Novotek leverer fleksible l\u00f8sninger indenfor IT, IIoT og automation.","robots":{"index":"index","follow":"follow","max-snippet":"max-snippet:-1","max-image-preview":"max-image-preview:large","max-video-preview":"max-video-preview:-1"},"canonical":"https:\/\/www.novotek.com\/dk\/om-os\/","og_locale":"da_DK","og_type":"article","og_title":"Om os - Novotek Danmark","og_description":"Novotek leverer fleksible l\u00f8sninger indenfor IT, IIoT og automation.","og_url":"https:\/\/www.novotek.com\/dk\/om-os\/","og_site_name":"Novotek Danmark","article_modified_time":"2025-09-10T06:38:23+00:00","og_image":[{"url":"https:\/\/www.novotek.com\/dk\/wp-content\/uploads\/sites\/4\/EM_LOGO.png","type":"","width":"","height":""}],"twitter_card":"summary_large_image","twitter_misc":{"Estimeret l\u00e6setid":"1 minut"},"schema":{"@context":"https:\/\/schema.org","@graph":[{"@type":"WebPage","@id":"https:\/\/www.novotek.com\/dk\/om-os\/","url":"https:\/\/www.novotek.com\/dk\/om-os\/","name":"Om os - Novotek Danmark","isPartOf":{"@id":"https:\/\/www.novotek.com\/dk\/#website"},"primaryImageOfPage":{"@id":"https:\/\/www.novotek.com\/dk\/om-os\/#primaryimage"},"image":{"@id":"https:\/\/www.novotek.com\/dk\/om-os\/#primaryimage"},"thumbnailUrl":"https:\/\/www.novotek.com\/dk\/wp-content\/uploads\/sites\/4\/EM_LOGO.png","datePublished":"2021-08-03T09:18:45+00:00","dateModified":"2025-09-10T06:38:23+00:00","description":"Novotek leverer fleksible l\u00f8sninger indenfor IT, IIoT og automation.","breadcrumb":{"@id":"https:\/\/www.novotek.com\/dk\/om-os\/#breadcrumb"},"inLanguage":"da-DK","potentialAction":[{"@type":"ReadAction","target":["https:\/\/www.novotek.com\/dk\/om-os\/"]}]},{"@type":"ImageObject","inLanguage":"da-DK","@id":"https:\/\/www.novotek.com\/dk\/om-os\/#primaryimage","url":"https:\/\/www.novotek.com\/dk\/wp-content\/uploads\/sites\/4\/EM_LOGO.png","contentUrl":"https:\/\/www.novotek.com\/dk\/wp-content\/uploads\/sites\/4\/EM_LOGO.png","width":200,"height":200},{"@type":"BreadcrumbList","@id":"https:\/\/www.novotek.com\/dk\/om-os\/#breadcrumb","itemListElement":[{"@type":"ListItem","position":1,"name":"Home","item":"https:\/\/www.novotek.com\/dk\/"},{"@type":"ListItem","position":2,"name":"Om os"}]},{"@type":"WebSite","@id":"https:\/\/www.novotek.com\/dk\/#website","url":"https:\/\/www.novotek.com\/dk\/","name":"Novotek Danmark","description":"Automation, digitalisering og analyse","publisher":{"@id":"https:\/\/www.novotek.com\/dk\/#organization"},"potentialAction":[{"@type":"SearchAction","target":{"@type":"EntryPoint","urlTemplate":"https:\/\/www.novotek.com\/dk\/?s={search_term_string}"},"query-input":{"@type":"PropertyValueSpecification","valueRequired":true,"valueName":"search_term_string"}}],"inLanguage":"da-DK"},{"@type":"Organization","@id":"https:\/\/www.novotek.com\/dk\/#organization","name":"Novotek Danmark","url":"https:\/\/www.novotek.com\/dk\/","logo":{"@type":"ImageObject","inLanguage":"da-DK","@id":"https:\/\/www.novotek.com\/dk\/#\/schema\/logo\/image\/","url":"https:\/\/www.novotek.com\/dk\/wp-content\/uploads\/sites\/4\/Denmark_files\/novotek-logotyp-rgb-pos.png","contentUrl":"https:\/\/www.novotek.com\/dk\/wp-content\/uploads\/sites\/4\/Denmark_files\/novotek-logotyp-rgb-pos.png","width":1794,"height":520,"caption":"Novotek Danmark"},"image":{"@id":"https:\/\/www.novotek.com\/dk\/#\/schema\/logo\/image\/"},"sameAs":["https:\/\/www.linkedin.com\/company\/novotek-denmark","https:\/\/www.youtube.com\/user\/NovotekCorp"]}]}},"_links":{"self":[{"href":"https:\/\/www.novotek.com\/dk\/wp-json\/wp\/v2\/pages\/590","targetHints":{"allow":["GET"]}}],"collection":[{"href":"https:\/\/www.novotek.com\/dk\/wp-json\/wp\/v2\/pages"}],"about":[{"href":"https:\/\/www.novotek.com\/dk\/wp-json\/wp\/v2\/types\/page"}],"author":[{"embeddable":true,"href":"https:\/\/www.novotek.com\/dk\/wp-json\/wp\/v2\/users\/6"}],"replies":[{"embeddable":true,"href":"https:\/\/www.novotek.com\/dk\/wp-json\/wp\/v2\/comments?post=590"}],"version-history":[{"count":43,"href":"https:\/\/www.novotek.com\/dk\/wp-json\/wp\/v2\/pages\/590\/revisions"}],"predecessor-version":[{"id":10895,"href":"https:\/\/www.novotek.com\/dk\/wp-json\/wp\/v2\/pages\/590\/revisions\/10895"}],"wp:attachment":[{"href":"https:\/\/www.novotek.com\/dk\/wp-json\/wp\/v2\/media?parent=590"}],"curies":[{"name":"wp","href":"https:\/\/api.w.org\/{rel}","templated":true}]}}