{"id":621,"date":"2021-08-03T10:42:12","date_gmt":"2021-08-03T10:42:12","guid":{"rendered":"https:\/\/www.novotek.com\/dk\/?page_id=621"},"modified":"2024-11-11T11:12:33","modified_gmt":"2024-11-11T11:12:33","slug":"arbejd-hos-os","status":"publish","type":"page","link":"https:\/\/www.novotek.com\/dk\/om-os\/arbejd-hos-os\/","title":{"rendered":"Arbejd hos os"},"content":{"rendered":"  <div class=\"hero\">\n    <div class=\"carousel hero-slider large\" data-flickity data-flickity-options='{\"prevNextButtons\": false}'>\n              <div class=\"carousel-cell\">\n          <div class=\"container\">\n            <div class=\"hero-content\">\n                              <h1>Arbejd hos os<\/h1>\n<p>Vores medarbejderes engagement og loyalitet har altid v\u00e6ret centralt for os i Novotek og er en foruds\u00e6tning for vores succes.<\/p>\n              \n                          <\/div>\n          <\/div>\n\n          <img decoding=\"async\" width=\"1024\" height=\"383\" src=\"https:\/\/www.novotek.com\/dk\/wp-content\/uploads\/sites\/4\/jobhosnovotek-mini-1024x383.jpg\" class=\"hero-bg\" alt=\"Hero Img\" fetchpriority=\"high\" srcset=\"https:\/\/www.novotek.com\/dk\/wp-content\/uploads\/sites\/4\/jobhosnovotek-mini-1024x383.jpg 1024w, https:\/\/www.novotek.com\/dk\/wp-content\/uploads\/sites\/4\/jobhosnovotek-mini-300x112.jpg 300w, https:\/\/www.novotek.com\/dk\/wp-content\/uploads\/sites\/4\/jobhosnovotek-mini-768x287.jpg 768w, https:\/\/www.novotek.com\/dk\/wp-content\/uploads\/sites\/4\/jobhosnovotek-mini.jpg 1344w\" sizes=\"(max-width: 1024px) 100vw, 1024px\" \/>                  <\/div>\n          <\/div>\n\n      <\/div>\n\n   <div class=\"floating-breadcrumb\"><div class=\"container\"><span><span><a href=\"https:\/\/www.novotek.com\/dk\/\" class=\"breadcrumb-frontpage\">Home<\/a><\/span><\/span><\/div><\/div>\n\n\n<div class=\"container-md pullquote  \">\n<figure class=\"wp-block-pullquote is-style-default\"><blockquote><p><strong>\u00abHos Novotek tror vi p\u00e5 langsigtede relationer baseret p\u00e5 kompetence, fleksibilitet, p\u00e5lidelighed og entusiasme\u00bb<\/strong><\/p><\/blockquote><\/figure>\n<\/div>\n\n<div class=\"container-md paragraph  \">\n<p>Vil du have et job hos Novotek? Vi vil v\u00e6re et givende sted at arbejde. Virksomhedskulturen kan opsummeres med vores kernev\u00e6rdier: CARE. CARE er et akronym, der st\u00e5r for Competent, Agile, Reliable og Enthusiastic. Ordene beskriver det klima, vi \u00f8nsker at v\u00e6re pr\u00e6get af, b\u00e5de internt og sammen med vores kunder.<\/p>\n<\/div>\n\n<div class=\"container-md heading  \">\n<h4 class=\"wp-block-heading\" id=\"h-competent\">Competent<\/h4>\n<\/div>\n\n<div class=\"container-md paragraph  \">\n<p>Grundlaget for vores virksomhed er, at vi har h\u00f8j kompetence og er specialister i industriel IT og digitalisering for at kunne im\u00f8dekomme vores kunders behov.<\/p>\n<\/div>\n\n<div class=\"container-md heading  \">\n<h4 class=\"wp-block-heading\" id=\"h-agile\">Agile<\/h4>\n<\/div>\n\n<div class=\"container-md paragraph  \">\n<p>Novotek har siden starten opereret inden for omr\u00e5der som industriel IT, digitalisering og automatisering. Vi var pionerer og har siden haft en ledende position p\u00e5 disse omr\u00e5der.<\/p>\n<\/div>\n\n<div class=\"container-md heading  \">\n<h4 class=\"wp-block-heading\" id=\"h-reliable\">Reliable<\/h4>\n<\/div>\n\n<div class=\"container-md paragraph  \">\n<p>Vi lader ingen i stikken, hverken hinanden eller vores kunder. Ansvar, s\u00e5vel kollektivt som individuelt, er en n\u00f8dvendighed. Det giver tillid og skaber arbejdsgl\u00e6de, hvilket \u00f8ger mulighederne for gode resultater, der gavner b\u00e5de os og vores kunder, der ofte l\u00e6gger de vigtigste dele af deres produktion i vores h\u00e6nder.<\/p>\n<\/div>\n\n<div class=\"container-md heading  \">\n<h4 class=\"wp-block-heading\" id=\"h-enthusiastic\">Enthusiastic<\/h4>\n<\/div>\n\n<div class=\"container-md paragraph  \">\n<p>Vi er engagerede i det, vi g\u00f8r &#8211; det giver energi og f\u00f8rer altid til bedre tjenester og l\u00f8sninger.<\/p>\n<\/div>\n\n<div class=\"container-md spacer  \">\n<div style=\"height:21px\" aria-hidden=\"true\" class=\"wp-block-spacer\"><\/div>\n<\/div>\n\n<div class=\"container-md heading  \">\n<h2 class=\"wp-block-heading\" id=\"h-ledige-stillinger\">Ledige stillinger<\/h2>\n<\/div>\n\n<div class=\"container-md paragraph  \">\n<p>Vi er altid p\u00e5 udkig efter st\u00e6rke profiler, s\u00e5 hvis du mener at Novotek er noget for dig er du velkommen til at sende dit CV og en motiveret uopfordret ans\u00f8gning til <a href=\"mailto:info@novotek.dk\" target=\"_blank\" rel=\"noreferrer noopener\">info@novotek.dk<\/a>.<\/p>\n<\/div>\n\n<div class=\"container-md paragraph  \">\n<p><br><\/p>\n<\/div>\n\n<div class=\"container-md spacer  \">\n<div style=\"height:20px\" aria-hidden=\"true\" class=\"wp-block-spacer\"><\/div>\n<\/div>\n\n<div class=\"container-md spacer  \">\n<div style=\"height:11px\" aria-hidden=\"true\" class=\"wp-block-spacer\"><\/div>\n<\/div>\n\n<div class=\"container-md paragraph  \">\n<p><\/p>\n<\/div>","protected":false},"excerpt":{"rendered":"<p>\u00abHos Novotek tror vi p\u00e5 langsigtede relationer baseret p\u00e5 kompetence, fleksibilitet, p\u00e5lidelighed og entusiasme\u00bb Vil du have et job hos Novotek? Vi vil v\u00e6re et givende sted at arbejde. Virksomhedskulturen kan opsummeres med vores kernev\u00e6rdier: CARE. CARE er et akronym, der st\u00e5r for Competent, Agile, Reliable og Enthusiastic. Ordene beskriver det klima, vi \u00f8nsker at [&hellip;]<\/p>\n","protected":false},"author":6,"featured_media":0,"parent":590,"menu_order":0,"comment_status":"closed","ping_status":"closed","template":"","meta":{"_acf_changed":false,"_relevanssi_hide_post":"","_relevanssi_pin_for_all":"","_relevanssi_pin_keywords":"","_relevanssi_unpin_keywords":"","_relevanssi_related_keywords":"","_relevanssi_related_include_ids":"","_relevanssi_related_exclude_ids":"","_relevanssi_related_no_append":"","_relevanssi_related_not_related":"","_relevanssi_related_posts":"1","_relevanssi_noindex_reason":"","footnotes":""},"class_list":["post-621","page","type-page","status-publish","hentry"],"acf":[],"yoast_head":"<!-- This site is optimized with the Yoast SEO plugin v27.3 - https:\/\/yoast.com\/product\/yoast-seo-wordpress\/ -->\n<title>Job hos Novotek - Vi s\u00f8ger altid gode talenter | Novotek<\/title>\n<meta name=\"description\" content=\"Hos os kommer du til at vokse, hos os vil du blive! Vi investerer i nye talenter og form\u00e5r samtidig at fastholde garvede guldklumper.\" \/>\n<meta name=\"robots\" content=\"index, follow, max-snippet:-1, max-image-preview:large, max-video-preview:-1\" \/>\n<link rel=\"canonical\" href=\"https:\/\/www.novotek.com\/dk\/om-os\/arbejd-hos-os\/\" \/>\n<meta property=\"og:locale\" content=\"da_DK\" \/>\n<meta property=\"og:type\" content=\"article\" \/>\n<meta property=\"og:title\" content=\"Job hos Novotek - Vi s\u00f8ger altid gode talenter | Novotek\" \/>\n<meta property=\"og:description\" content=\"Hos os kommer du til at vokse, hos os vil du blive! Vi investerer i nye talenter og form\u00e5r samtidig at fastholde garvede guldklumper.\" \/>\n<meta property=\"og:url\" content=\"https:\/\/www.novotek.com\/dk\/om-os\/arbejd-hos-os\/\" \/>\n<meta property=\"og:site_name\" content=\"Novotek Danmark\" \/>\n<meta property=\"article:modified_time\" content=\"2024-11-11T11:12:33+00:00\" \/>\n<meta name=\"twitter:card\" content=\"summary_large_image\" \/>\n<meta name=\"twitter:label1\" content=\"Estimeret l\u00e6setid\" \/>\n\t<meta name=\"twitter:data1\" content=\"2 minutter\" \/>\n<script type=\"application\/ld+json\" class=\"yoast-schema-graph\">{\"@context\":\"https:\\\/\\\/schema.org\",\"@graph\":[{\"@type\":\"WebPage\",\"@id\":\"https:\\\/\\\/www.novotek.com\\\/dk\\\/om-os\\\/arbejd-hos-os\\\/\",\"url\":\"https:\\\/\\\/www.novotek.com\\\/dk\\\/om-os\\\/arbejd-hos-os\\\/\",\"name\":\"Job hos Novotek - Vi s\u00f8ger altid gode talenter | Novotek\",\"isPartOf\":{\"@id\":\"https:\\\/\\\/www.novotek.com\\\/dk\\\/#website\"},\"datePublished\":\"2021-08-03T10:42:12+00:00\",\"dateModified\":\"2024-11-11T11:12:33+00:00\",\"description\":\"Hos os kommer du til at vokse, hos os vil du blive! Vi investerer i nye talenter og form\u00e5r samtidig at fastholde garvede guldklumper.\",\"breadcrumb\":{\"@id\":\"https:\\\/\\\/www.novotek.com\\\/dk\\\/om-os\\\/arbejd-hos-os\\\/#breadcrumb\"},\"inLanguage\":\"da-DK\",\"potentialAction\":[{\"@type\":\"ReadAction\",\"target\":[\"https:\\\/\\\/www.novotek.com\\\/dk\\\/om-os\\\/arbejd-hos-os\\\/\"]}]},{\"@type\":\"BreadcrumbList\",\"@id\":\"https:\\\/\\\/www.novotek.com\\\/dk\\\/om-os\\\/arbejd-hos-os\\\/#breadcrumb\",\"itemListElement\":[{\"@type\":\"ListItem\",\"position\":1,\"name\":\"Home\",\"item\":\"https:\\\/\\\/www.novotek.com\\\/dk\\\/\"},{\"@type\":\"ListItem\",\"position\":2,\"name\":\"Om os\",\"item\":\"https:\\\/\\\/www.novotek.com\\\/dk\\\/om-os\\\/\"},{\"@type\":\"ListItem\",\"position\":3,\"name\":\"Arbejd hos os\"}]},{\"@type\":\"WebSite\",\"@id\":\"https:\\\/\\\/www.novotek.com\\\/dk\\\/#website\",\"url\":\"https:\\\/\\\/www.novotek.com\\\/dk\\\/\",\"name\":\"Novotek Danmark\",\"description\":\"Automation, digitalisering og analyse\",\"publisher\":{\"@id\":\"https:\\\/\\\/www.novotek.com\\\/dk\\\/#organization\"},\"potentialAction\":[{\"@type\":\"SearchAction\",\"target\":{\"@type\":\"EntryPoint\",\"urlTemplate\":\"https:\\\/\\\/www.novotek.com\\\/dk\\\/?s={search_term_string}\"},\"query-input\":{\"@type\":\"PropertyValueSpecification\",\"valueRequired\":true,\"valueName\":\"search_term_string\"}}],\"inLanguage\":\"da-DK\"},{\"@type\":\"Organization\",\"@id\":\"https:\\\/\\\/www.novotek.com\\\/dk\\\/#organization\",\"name\":\"Novotek Danmark\",\"url\":\"https:\\\/\\\/www.novotek.com\\\/dk\\\/\",\"logo\":{\"@type\":\"ImageObject\",\"inLanguage\":\"da-DK\",\"@id\":\"https:\\\/\\\/www.novotek.com\\\/dk\\\/#\\\/schema\\\/logo\\\/image\\\/\",\"url\":\"https:\\\/\\\/www.novotek.com\\\/dk\\\/wp-content\\\/uploads\\\/sites\\\/4\\\/Denmark_files\\\/novotek-logotyp-rgb-pos.png\",\"contentUrl\":\"https:\\\/\\\/www.novotek.com\\\/dk\\\/wp-content\\\/uploads\\\/sites\\\/4\\\/Denmark_files\\\/novotek-logotyp-rgb-pos.png\",\"width\":1794,\"height\":520,\"caption\":\"Novotek Danmark\"},\"image\":{\"@id\":\"https:\\\/\\\/www.novotek.com\\\/dk\\\/#\\\/schema\\\/logo\\\/image\\\/\"},\"sameAs\":[\"https:\\\/\\\/www.linkedin.com\\\/company\\\/novotek-denmark\",\"https:\\\/\\\/www.youtube.com\\\/user\\\/NovotekCorp\"]}]}<\/script>\n<!-- \/ Yoast SEO plugin. -->","yoast_head_json":{"title":"Job hos Novotek - Vi s\u00f8ger altid gode talenter | Novotek","description":"Hos os kommer du til at vokse, hos os vil du blive! Vi investerer i nye talenter og form\u00e5r samtidig at fastholde garvede guldklumper.","robots":{"index":"index","follow":"follow","max-snippet":"max-snippet:-1","max-image-preview":"max-image-preview:large","max-video-preview":"max-video-preview:-1"},"canonical":"https:\/\/www.novotek.com\/dk\/om-os\/arbejd-hos-os\/","og_locale":"da_DK","og_type":"article","og_title":"Job hos Novotek - Vi s\u00f8ger altid gode talenter | Novotek","og_description":"Hos os kommer du til at vokse, hos os vil du blive! Vi investerer i nye talenter og form\u00e5r samtidig at fastholde garvede guldklumper.","og_url":"https:\/\/www.novotek.com\/dk\/om-os\/arbejd-hos-os\/","og_site_name":"Novotek Danmark","article_modified_time":"2024-11-11T11:12:33+00:00","twitter_card":"summary_large_image","twitter_misc":{"Estimeret l\u00e6setid":"2 minutter"},"schema":{"@context":"https:\/\/schema.org","@graph":[{"@type":"WebPage","@id":"https:\/\/www.novotek.com\/dk\/om-os\/arbejd-hos-os\/","url":"https:\/\/www.novotek.com\/dk\/om-os\/arbejd-hos-os\/","name":"Job hos Novotek - Vi s\u00f8ger altid gode talenter | Novotek","isPartOf":{"@id":"https:\/\/www.novotek.com\/dk\/#website"},"datePublished":"2021-08-03T10:42:12+00:00","dateModified":"2024-11-11T11:12:33+00:00","description":"Hos os kommer du til at vokse, hos os vil du blive! Vi investerer i nye talenter og form\u00e5r samtidig at fastholde garvede guldklumper.","breadcrumb":{"@id":"https:\/\/www.novotek.com\/dk\/om-os\/arbejd-hos-os\/#breadcrumb"},"inLanguage":"da-DK","potentialAction":[{"@type":"ReadAction","target":["https:\/\/www.novotek.com\/dk\/om-os\/arbejd-hos-os\/"]}]},{"@type":"BreadcrumbList","@id":"https:\/\/www.novotek.com\/dk\/om-os\/arbejd-hos-os\/#breadcrumb","itemListElement":[{"@type":"ListItem","position":1,"name":"Home","item":"https:\/\/www.novotek.com\/dk\/"},{"@type":"ListItem","position":2,"name":"Om os","item":"https:\/\/www.novotek.com\/dk\/om-os\/"},{"@type":"ListItem","position":3,"name":"Arbejd hos os"}]},{"@type":"WebSite","@id":"https:\/\/www.novotek.com\/dk\/#website","url":"https:\/\/www.novotek.com\/dk\/","name":"Novotek Danmark","description":"Automation, digitalisering og analyse","publisher":{"@id":"https:\/\/www.novotek.com\/dk\/#organization"},"potentialAction":[{"@type":"SearchAction","target":{"@type":"EntryPoint","urlTemplate":"https:\/\/www.novotek.com\/dk\/?s={search_term_string}"},"query-input":{"@type":"PropertyValueSpecification","valueRequired":true,"valueName":"search_term_string"}}],"inLanguage":"da-DK"},{"@type":"Organization","@id":"https:\/\/www.novotek.com\/dk\/#organization","name":"Novotek Danmark","url":"https:\/\/www.novotek.com\/dk\/","logo":{"@type":"ImageObject","inLanguage":"da-DK","@id":"https:\/\/www.novotek.com\/dk\/#\/schema\/logo\/image\/","url":"https:\/\/www.novotek.com\/dk\/wp-content\/uploads\/sites\/4\/Denmark_files\/novotek-logotyp-rgb-pos.png","contentUrl":"https:\/\/www.novotek.com\/dk\/wp-content\/uploads\/sites\/4\/Denmark_files\/novotek-logotyp-rgb-pos.png","width":1794,"height":520,"caption":"Novotek Danmark"},"image":{"@id":"https:\/\/www.novotek.com\/dk\/#\/schema\/logo\/image\/"},"sameAs":["https:\/\/www.linkedin.com\/company\/novotek-denmark","https:\/\/www.youtube.com\/user\/NovotekCorp"]}]}},"_links":{"self":[{"href":"https:\/\/www.novotek.com\/dk\/wp-json\/wp\/v2\/pages\/621","targetHints":{"allow":["GET"]}}],"collection":[{"href":"https:\/\/www.novotek.com\/dk\/wp-json\/wp\/v2\/pages"}],"about":[{"href":"https:\/\/www.novotek.com\/dk\/wp-json\/wp\/v2\/types\/page"}],"author":[{"embeddable":true,"href":"https:\/\/www.novotek.com\/dk\/wp-json\/wp\/v2\/users\/6"}],"replies":[{"embeddable":true,"href":"https:\/\/www.novotek.com\/dk\/wp-json\/wp\/v2\/comments?post=621"}],"version-history":[{"count":43,"href":"https:\/\/www.novotek.com\/dk\/wp-json\/wp\/v2\/pages\/621\/revisions"}],"predecessor-version":[{"id":8817,"href":"https:\/\/www.novotek.com\/dk\/wp-json\/wp\/v2\/pages\/621\/revisions\/8817"}],"up":[{"embeddable":true,"href":"https:\/\/www.novotek.com\/dk\/wp-json\/wp\/v2\/pages\/590"}],"wp:attachment":[{"href":"https:\/\/www.novotek.com\/dk\/wp-json\/wp\/v2\/media?parent=621"}],"curies":[{"name":"wp","href":"https:\/\/api.w.org\/{rel}","templated":true}]}}