{"id":622,"date":"2021-08-03T10:42:12","date_gmt":"2021-08-03T10:42:12","guid":{"rendered":"https:\/\/www.novotek.com\/dk\/?page_id=622"},"modified":"2022-06-16T13:11:35","modified_gmt":"2022-06-16T13:11:35","slug":"information-om-partnerskab","status":"publish","type":"page","link":"https:\/\/www.novotek.com\/dk\/om-os\/information-om-partnerskab\/","title":{"rendered":"Bliv Novotek Solution Partner"},"content":{"rendered":"  <div class=\"hero\">\n    <div class=\"carousel hero-slider large\" data-flickity data-flickity-options='{\"prevNextButtons\": false}'>\n              <div class=\"carousel-cell\">\n          <div class=\"container\">\n            <div class=\"hero-content\">\n                              <h1>Novotek Solution Provider<\/h1>\n<p><a>Kombiner vores produkter, din ekspertise og skab konkurrencedygtige l\u00f8sninger<\/a><\/p>\n              \n                          <\/div>\n          <\/div>\n\n          <img decoding=\"async\" width=\"1024\" height=\"427\" src=\"https:\/\/www.novotek.com\/dk\/wp-content\/uploads\/sites\/4\/handshake-1024x427.jpg\" class=\"hero-bg\" alt=\"Hero Img\" fetchpriority=\"high\" srcset=\"https:\/\/www.novotek.com\/dk\/wp-content\/uploads\/sites\/4\/handshake-1024x427.jpg 1024w, https:\/\/www.novotek.com\/dk\/wp-content\/uploads\/sites\/4\/handshake-300x125.jpg 300w, https:\/\/www.novotek.com\/dk\/wp-content\/uploads\/sites\/4\/handshake-768x320.jpg 768w, https:\/\/www.novotek.com\/dk\/wp-content\/uploads\/sites\/4\/handshake-1536x640.jpg 1536w, https:\/\/www.novotek.com\/dk\/wp-content\/uploads\/sites\/4\/handshake.jpg 1920w\" sizes=\"(max-width: 1024px) 100vw, 1024px\" \/>                  <\/div>\n          <\/div>\n\n      <\/div>\n\n   <div class=\"floating-breadcrumb\"><div class=\"container\"><span><span><a href=\"https:\/\/www.novotek.com\/dk\/\" class=\"breadcrumb-frontpage\">Home<\/a><\/span><\/span><\/div><\/div>\n\n\n\n\n<div class=\"container-md paragraph  \">\n<p>Novotek har udviklet partnerskaber for at kunne tilbyde systemintegratorer adgang til vores support, produktportef\u00f8lje og vores udviklingsv\u00e6rkt\u00f8jer p\u00e5 en effektiv og konkurrencedygtig m\u00e5de.<\/p>\n<\/div>\n\n<div class=\"container-md paragraph  \">\n<p>Ved at blive partner med os sparer du tid, du undg\u00e5r programmering ved at bruge f\u00e6rdige funktioner, bliver mere effektiv og beh\u00f8ver kun at konfigurere. Sammen skr\u00e6ddersyr vi l\u00f8sninger, som du kan bruge til din kunde.<\/p>\n<\/div>\n\n<div class=\"container media-text  \">\n<div class=\"wp-block-media-text alignwide is-stacked-on-mobile\"><figure class=\"wp-block-media-text__media\"><img loading=\"lazy\" decoding=\"async\" width=\"1024\" height=\"1024\" src=\"https:\/\/www.novotek.com\/dk\/wp-content\/uploads\/sites\/4\/novotek-check-box_rgb-1024x1024.jpg\" alt=\"novotek-check-box_rgb\" class=\"wp-image-849 size-full\" srcset=\"https:\/\/www.novotek.com\/dk\/wp-content\/uploads\/sites\/4\/novotek-check-box_rgb-1024x1024.jpg 1024w, https:\/\/www.novotek.com\/dk\/wp-content\/uploads\/sites\/4\/novotek-check-box_rgb-300x300.jpg 300w, https:\/\/www.novotek.com\/dk\/wp-content\/uploads\/sites\/4\/novotek-check-box_rgb-150x150.jpg 150w, https:\/\/www.novotek.com\/dk\/wp-content\/uploads\/sites\/4\/novotek-check-box_rgb-768x768.jpg 768w, https:\/\/www.novotek.com\/dk\/wp-content\/uploads\/sites\/4\/novotek-check-box_rgb-1536x1536.jpg 1536w, https:\/\/www.novotek.com\/dk\/wp-content\/uploads\/sites\/4\/novotek-check-box_rgb-2048x2048.jpg 2048w\" sizes=\"auto, (max-width: 1024px) 100vw, 1024px\" \/><\/figure><div class=\"wp-block-media-text__content\"><div class=\"container-md paragraph  \">\n<p class=\"has-large-font-size\"><strong><strong>Hvem kan blive Solution Provider?<\/strong><\/strong><\/p>\n<\/div>\n\n<div class=\"container-md paragraph  \">\n<p>Er du systemintegratorer med automatisering- og IT-ekspertise, der har gennemf\u00f8rt projekter med Novoteks produktportef\u00f8lje? S\u00e5 kan du tegne et partnerskab med os.<\/p>\n<\/div>\n\n<div class=\"container-md paragraph  \">\n<p>Vores partnere skal v\u00e6re lokalt aktive, have en etableret kundebase og v\u00e6re villige til at s\u00e6lge Novoteks produkter med tilh\u00f8rende tjenester.<\/p>\n<\/div>\n\n<div class=\"container-md paragraph  \">\n<p>Som godkendt partner bliver du Novotek-l\u00f8sningsudbyder. Inden du bliver godkendt, foretages en analyse af din virksomhed i henhold til en evalueringsrutine med en tilh\u00f8rende tjekliste.<\/p>\n<\/div>\n\n<div class=\"container-md paragraph  \">\n<p><\/p>\n<\/div><\/div><\/div>\n<\/div>\n\n<div class=\"container-md paragraph  \">\n<p><\/p>\n<\/div>\n\n<div class=\"container-md heading  \">\n<h3 class=\"wp-block-heading\">Vores partnerskab<\/h3>\n<\/div>\n\n<div class=\"container-md paragraph  \">\n<p>Afh\u00e6ngigt af din st\u00f8rrelse, evne og f\u00e6rdighedsniveau kan vi tilbyde to forskellige niveauer af partnerskab med forskelligt licensindhold og muligheder:<\/p>\n<\/div>\n\n<div class=\"container-md paragraph  \">\n<p><strong>Selected Solution Provider<\/strong><\/p>\n<\/div>\n\n<div class=\"container-md list  \">\n<ul class=\"wp-block-list\"><li>Nettopriser for demoudstyr<\/li><li>Salg- og teknisk support<\/li><li>Uddannelse af en medarbejder<\/li><li>Rabat p\u00e5 produkter og uddannelse<\/li><li>Forretningsmuligheder fra Novotek<\/li><li>Systemintegratordag(e) med tr\u00e6ning og info<\/li><\/ul>\n<\/div>\n\n<div class=\"container-md paragraph  \">\n<p><strong>Premium Solution Provider<\/strong><\/p>\n<\/div>\n\n<div class=\"container-md list  \">\n<ul class=\"wp-block-list\"><li>Nettopriser for demoudstyr<\/li><li>Modtager salg og teknisk support<\/li><li>Opf\u00f8rt p\u00e5 Novoteks websted<\/li><li>Uddannelse af en person<\/li><li>Rabat p\u00e5 produkter og uddannelse<\/li><li>F\u00e5 forretningsmuligheder fra Novotek<\/li><li>Systemintegratordage (r) med tr\u00e6ning og info<\/li><\/ul>\n<\/div>\n\n<div class=\"container-md heading  \">\n<h3 class=\"wp-block-heading\"><strong>Licensindhold<\/strong><\/h3>\n<\/div>\n\n<div class=\"container-md paragraph  \">\n<p>Som Solution Provider kan du v\u00e6lge to forskellige licenspakker og antallet af samtidige brugere.<\/p>\n<\/div>\n\n<div class=\"container-md columns  \">\n<div class=\"wp-block-columns is-layout-flex wp-container-core-columns-is-layout-9d6595d7 wp-block-columns-is-layout-flex\"><div class=\"container-md column  \">\n<div class=\"wp-block-column is-layout-flow wp-block-column-is-layout-flow\"><div class=\"container-md heading  \">\n<h5 class=\"wp-block-heading\"><strong>Licenspakke 1<\/strong><\/h5>\n<\/div>\n\n<div class=\"container-md paragraph  \">\n<p>Standard ops\u00e6tning af:<\/p>\n<\/div>\n\n<div class=\"container-md paragraph  \">\n<p>Proficy iFIX (Unlimited)<br>CIMPLICITY (Unlimited)<br>Proficy Operations Hub<br>Proficy Historian<br>Proficy Workflow<br>Proficy CSense<br>Proficy Webspace<br>Proficy Batch<\/p>\n<\/div><\/div>\n<\/div>\n\n<div class=\"container-md column  \">\n<div class=\"wp-block-column is-layout-flow wp-block-column-is-layout-flow\"><div class=\"container-md heading  \">\n<h5 class=\"wp-block-heading\"><strong>Licenspakke 2<\/strong><\/h5>\n<\/div>\n\n<div class=\"container-md paragraph  \">\n<p><br><br>Proficy Plant Applications<br>Open Enterprise<br>Tracker<br>ROB-EX Scheduler<\/p>\n<\/div><\/div>\n<\/div><\/div>\n<\/div>\n\n<div class=\"container-md spacer  \">\n<div style=\"height:8px\" aria-hidden=\"true\" class=\"wp-block-spacer\"><\/div>\n<\/div>\n\n<div class=\"container-md heading  \">\n<h3 class=\"wp-block-heading\"><strong><strong>Opf\u00f8lgning og evaluering<\/strong><\/strong><\/h3>\n<\/div>\n\n<div class=\"container-md paragraph  \">\n<p>Hver l\u00f8sningsudbyder underskriver en 1-\u00e5rig kontrakt, der inkluderer aftalte tjenester og rabatter. Rabatter afspejler salgsm\u00e6ngden fra partnerens side. Denne m\u00e6ngde f\u00f8lges \u00e5rligt op i forbindelse med forl\u00e6ngelse af partnerskabet.<\/p>\n<\/div>\n\n<div class=\"container-md spacer  \">\n<div style=\"height:100px\" aria-hidden=\"true\" class=\"wp-block-spacer\"><\/div>\n<\/div>\n\n<div class=\"cta-block\">\n  <div class=\"container\">\n          <h2>Lad os fort\u00e6lle mere!<\/h2>\n    \n    \n          <a class=\"btn btn-primary\" href=\"http:\/\/www.novotek.dk\/kontakt-os\/\">Kontakt os<\/a>\n      <\/div>\n<\/div>\n","protected":false},"excerpt":{"rendered":"<p>Novotek har udviklet partnerskaber for at kunne tilbyde systemintegratorer adgang til vores support, produktportef\u00f8lje og vores udviklingsv\u00e6rkt\u00f8jer p\u00e5 en effektiv og konkurrencedygtig m\u00e5de. Ved at blive partner med os sparer du tid, du undg\u00e5r programmering ved at bruge f\u00e6rdige funktioner, bliver mere effektiv og beh\u00f8ver kun at konfigurere. Sammen skr\u00e6ddersyr vi l\u00f8sninger, som du kan [&hellip;]<\/p>\n","protected":false},"author":6,"featured_media":0,"parent":590,"menu_order":4,"comment_status":"closed","ping_status":"closed","template":"","meta":{"_acf_changed":false,"_relevanssi_hide_post":"","_relevanssi_pin_for_all":"","_relevanssi_pin_keywords":"","_relevanssi_unpin_keywords":"","_relevanssi_related_keywords":"","_relevanssi_related_include_ids":"","_relevanssi_related_exclude_ids":"","_relevanssi_related_no_append":"","_relevanssi_related_not_related":"","_relevanssi_related_posts":"1","_relevanssi_noindex_reason":"","footnotes":""},"class_list":["post-622","page","type-page","status-publish","hentry"],"acf":[],"yoast_head":"<!-- This site is optimized with the Yoast SEO plugin v27.3 - https:\/\/yoast.com\/product\/yoast-seo-wordpress\/ -->\n<title>Bliv Novotek Solution Partner - Novotek Danmark<\/title>\n<meta name=\"robots\" content=\"index, follow, max-snippet:-1, max-image-preview:large, max-video-preview:-1\" \/>\n<link rel=\"canonical\" href=\"https:\/\/www.novotek.com\/dk\/om-os\/information-om-partnerskab\/\" \/>\n<meta property=\"og:locale\" content=\"da_DK\" \/>\n<meta property=\"og:type\" content=\"article\" \/>\n<meta property=\"og:title\" content=\"Bliv Novotek Solution Partner - Novotek Danmark\" \/>\n<meta property=\"og:description\" content=\"Novotek har udviklet partnerskaber for at kunne tilbyde systemintegratorer adgang til vores support, produktportef\u00f8lje og vores udviklingsv\u00e6rkt\u00f8jer p\u00e5 en effektiv og konkurrencedygtig m\u00e5de. Ved at blive partner med os sparer du tid, du undg\u00e5r programmering ved at bruge f\u00e6rdige funktioner, bliver mere effektiv og beh\u00f8ver kun at konfigurere. Sammen skr\u00e6ddersyr vi l\u00f8sninger, som du kan [&hellip;]\" \/>\n<meta property=\"og:url\" content=\"https:\/\/www.novotek.com\/dk\/om-os\/information-om-partnerskab\/\" \/>\n<meta property=\"og:site_name\" content=\"Novotek Danmark\" \/>\n<meta property=\"article:modified_time\" content=\"2022-06-16T13:11:35+00:00\" \/>\n<meta property=\"og:image\" content=\"https:\/\/www.novotek.com\/dk\/wp-content\/uploads\/sites\/4\/novotek-check-box_rgb-1024x1024.jpg\" \/>\n<meta name=\"twitter:card\" content=\"summary_large_image\" \/>\n<meta name=\"twitter:label1\" content=\"Estimeret l\u00e6setid\" \/>\n\t<meta name=\"twitter:data1\" content=\"2 minutter\" \/>\n<script type=\"application\/ld+json\" class=\"yoast-schema-graph\">{\"@context\":\"https:\\\/\\\/schema.org\",\"@graph\":[{\"@type\":\"WebPage\",\"@id\":\"https:\\\/\\\/www.novotek.com\\\/dk\\\/om-os\\\/information-om-partnerskab\\\/\",\"url\":\"https:\\\/\\\/www.novotek.com\\\/dk\\\/om-os\\\/information-om-partnerskab\\\/\",\"name\":\"Bliv Novotek Solution Partner - Novotek Danmark\",\"isPartOf\":{\"@id\":\"https:\\\/\\\/www.novotek.com\\\/dk\\\/#website\"},\"primaryImageOfPage\":{\"@id\":\"https:\\\/\\\/www.novotek.com\\\/dk\\\/om-os\\\/information-om-partnerskab\\\/#primaryimage\"},\"image\":{\"@id\":\"https:\\\/\\\/www.novotek.com\\\/dk\\\/om-os\\\/information-om-partnerskab\\\/#primaryimage\"},\"thumbnailUrl\":\"https:\\\/\\\/www.novotek.com\\\/dk\\\/wp-content\\\/uploads\\\/sites\\\/4\\\/novotek-check-box_rgb-1024x1024.jpg\",\"datePublished\":\"2021-08-03T10:42:12+00:00\",\"dateModified\":\"2022-06-16T13:11:35+00:00\",\"breadcrumb\":{\"@id\":\"https:\\\/\\\/www.novotek.com\\\/dk\\\/om-os\\\/information-om-partnerskab\\\/#breadcrumb\"},\"inLanguage\":\"da-DK\",\"potentialAction\":[{\"@type\":\"ReadAction\",\"target\":[\"https:\\\/\\\/www.novotek.com\\\/dk\\\/om-os\\\/information-om-partnerskab\\\/\"]}]},{\"@type\":\"ImageObject\",\"inLanguage\":\"da-DK\",\"@id\":\"https:\\\/\\\/www.novotek.com\\\/dk\\\/om-os\\\/information-om-partnerskab\\\/#primaryimage\",\"url\":\"https:\\\/\\\/www.novotek.com\\\/dk\\\/wp-content\\\/uploads\\\/sites\\\/4\\\/novotek-check-box_rgb-1024x1024.jpg\",\"contentUrl\":\"https:\\\/\\\/www.novotek.com\\\/dk\\\/wp-content\\\/uploads\\\/sites\\\/4\\\/novotek-check-box_rgb-1024x1024.jpg\"},{\"@type\":\"BreadcrumbList\",\"@id\":\"https:\\\/\\\/www.novotek.com\\\/dk\\\/om-os\\\/information-om-partnerskab\\\/#breadcrumb\",\"itemListElement\":[{\"@type\":\"ListItem\",\"position\":1,\"name\":\"Home\",\"item\":\"https:\\\/\\\/www.novotek.com\\\/dk\\\/\"},{\"@type\":\"ListItem\",\"position\":2,\"name\":\"Om os\",\"item\":\"https:\\\/\\\/www.novotek.com\\\/dk\\\/om-os\\\/\"},{\"@type\":\"ListItem\",\"position\":3,\"name\":\"Bliv Novotek Solution Partner\"}]},{\"@type\":\"WebSite\",\"@id\":\"https:\\\/\\\/www.novotek.com\\\/dk\\\/#website\",\"url\":\"https:\\\/\\\/www.novotek.com\\\/dk\\\/\",\"name\":\"Novotek Danmark\",\"description\":\"Automation, digitalisering og analyse\",\"publisher\":{\"@id\":\"https:\\\/\\\/www.novotek.com\\\/dk\\\/#organization\"},\"potentialAction\":[{\"@type\":\"SearchAction\",\"target\":{\"@type\":\"EntryPoint\",\"urlTemplate\":\"https:\\\/\\\/www.novotek.com\\\/dk\\\/?s={search_term_string}\"},\"query-input\":{\"@type\":\"PropertyValueSpecification\",\"valueRequired\":true,\"valueName\":\"search_term_string\"}}],\"inLanguage\":\"da-DK\"},{\"@type\":\"Organization\",\"@id\":\"https:\\\/\\\/www.novotek.com\\\/dk\\\/#organization\",\"name\":\"Novotek Danmark\",\"url\":\"https:\\\/\\\/www.novotek.com\\\/dk\\\/\",\"logo\":{\"@type\":\"ImageObject\",\"inLanguage\":\"da-DK\",\"@id\":\"https:\\\/\\\/www.novotek.com\\\/dk\\\/#\\\/schema\\\/logo\\\/image\\\/\",\"url\":\"https:\\\/\\\/www.novotek.com\\\/dk\\\/wp-content\\\/uploads\\\/sites\\\/4\\\/Denmark_files\\\/novotek-logotyp-rgb-pos.png\",\"contentUrl\":\"https:\\\/\\\/www.novotek.com\\\/dk\\\/wp-content\\\/uploads\\\/sites\\\/4\\\/Denmark_files\\\/novotek-logotyp-rgb-pos.png\",\"width\":1794,\"height\":520,\"caption\":\"Novotek Danmark\"},\"image\":{\"@id\":\"https:\\\/\\\/www.novotek.com\\\/dk\\\/#\\\/schema\\\/logo\\\/image\\\/\"},\"sameAs\":[\"https:\\\/\\\/www.linkedin.com\\\/company\\\/novotek-denmark\",\"https:\\\/\\\/www.youtube.com\\\/user\\\/NovotekCorp\"]}]}<\/script>\n<!-- \/ Yoast SEO plugin. -->","yoast_head_json":{"title":"Bliv Novotek Solution Partner - Novotek Danmark","robots":{"index":"index","follow":"follow","max-snippet":"max-snippet:-1","max-image-preview":"max-image-preview:large","max-video-preview":"max-video-preview:-1"},"canonical":"https:\/\/www.novotek.com\/dk\/om-os\/information-om-partnerskab\/","og_locale":"da_DK","og_type":"article","og_title":"Bliv Novotek Solution Partner - Novotek Danmark","og_description":"Novotek har udviklet partnerskaber for at kunne tilbyde systemintegratorer adgang til vores support, produktportef\u00f8lje og vores udviklingsv\u00e6rkt\u00f8jer p\u00e5 en effektiv og konkurrencedygtig m\u00e5de. Ved at blive partner med os sparer du tid, du undg\u00e5r programmering ved at bruge f\u00e6rdige funktioner, bliver mere effektiv og beh\u00f8ver kun at konfigurere. Sammen skr\u00e6ddersyr vi l\u00f8sninger, som du kan [&hellip;]","og_url":"https:\/\/www.novotek.com\/dk\/om-os\/information-om-partnerskab\/","og_site_name":"Novotek Danmark","article_modified_time":"2022-06-16T13:11:35+00:00","og_image":[{"url":"https:\/\/www.novotek.com\/dk\/wp-content\/uploads\/sites\/4\/novotek-check-box_rgb-1024x1024.jpg","type":"","width":"","height":""}],"twitter_card":"summary_large_image","twitter_misc":{"Estimeret l\u00e6setid":"2 minutter"},"schema":{"@context":"https:\/\/schema.org","@graph":[{"@type":"WebPage","@id":"https:\/\/www.novotek.com\/dk\/om-os\/information-om-partnerskab\/","url":"https:\/\/www.novotek.com\/dk\/om-os\/information-om-partnerskab\/","name":"Bliv Novotek Solution Partner - Novotek Danmark","isPartOf":{"@id":"https:\/\/www.novotek.com\/dk\/#website"},"primaryImageOfPage":{"@id":"https:\/\/www.novotek.com\/dk\/om-os\/information-om-partnerskab\/#primaryimage"},"image":{"@id":"https:\/\/www.novotek.com\/dk\/om-os\/information-om-partnerskab\/#primaryimage"},"thumbnailUrl":"https:\/\/www.novotek.com\/dk\/wp-content\/uploads\/sites\/4\/novotek-check-box_rgb-1024x1024.jpg","datePublished":"2021-08-03T10:42:12+00:00","dateModified":"2022-06-16T13:11:35+00:00","breadcrumb":{"@id":"https:\/\/www.novotek.com\/dk\/om-os\/information-om-partnerskab\/#breadcrumb"},"inLanguage":"da-DK","potentialAction":[{"@type":"ReadAction","target":["https:\/\/www.novotek.com\/dk\/om-os\/information-om-partnerskab\/"]}]},{"@type":"ImageObject","inLanguage":"da-DK","@id":"https:\/\/www.novotek.com\/dk\/om-os\/information-om-partnerskab\/#primaryimage","url":"https:\/\/www.novotek.com\/dk\/wp-content\/uploads\/sites\/4\/novotek-check-box_rgb-1024x1024.jpg","contentUrl":"https:\/\/www.novotek.com\/dk\/wp-content\/uploads\/sites\/4\/novotek-check-box_rgb-1024x1024.jpg"},{"@type":"BreadcrumbList","@id":"https:\/\/www.novotek.com\/dk\/om-os\/information-om-partnerskab\/#breadcrumb","itemListElement":[{"@type":"ListItem","position":1,"name":"Home","item":"https:\/\/www.novotek.com\/dk\/"},{"@type":"ListItem","position":2,"name":"Om os","item":"https:\/\/www.novotek.com\/dk\/om-os\/"},{"@type":"ListItem","position":3,"name":"Bliv Novotek Solution Partner"}]},{"@type":"WebSite","@id":"https:\/\/www.novotek.com\/dk\/#website","url":"https:\/\/www.novotek.com\/dk\/","name":"Novotek Danmark","description":"Automation, digitalisering og analyse","publisher":{"@id":"https:\/\/www.novotek.com\/dk\/#organization"},"potentialAction":[{"@type":"SearchAction","target":{"@type":"EntryPoint","urlTemplate":"https:\/\/www.novotek.com\/dk\/?s={search_term_string}"},"query-input":{"@type":"PropertyValueSpecification","valueRequired":true,"valueName":"search_term_string"}}],"inLanguage":"da-DK"},{"@type":"Organization","@id":"https:\/\/www.novotek.com\/dk\/#organization","name":"Novotek Danmark","url":"https:\/\/www.novotek.com\/dk\/","logo":{"@type":"ImageObject","inLanguage":"da-DK","@id":"https:\/\/www.novotek.com\/dk\/#\/schema\/logo\/image\/","url":"https:\/\/www.novotek.com\/dk\/wp-content\/uploads\/sites\/4\/Denmark_files\/novotek-logotyp-rgb-pos.png","contentUrl":"https:\/\/www.novotek.com\/dk\/wp-content\/uploads\/sites\/4\/Denmark_files\/novotek-logotyp-rgb-pos.png","width":1794,"height":520,"caption":"Novotek Danmark"},"image":{"@id":"https:\/\/www.novotek.com\/dk\/#\/schema\/logo\/image\/"},"sameAs":["https:\/\/www.linkedin.com\/company\/novotek-denmark","https:\/\/www.youtube.com\/user\/NovotekCorp"]}]}},"_links":{"self":[{"href":"https:\/\/www.novotek.com\/dk\/wp-json\/wp\/v2\/pages\/622","targetHints":{"allow":["GET"]}}],"collection":[{"href":"https:\/\/www.novotek.com\/dk\/wp-json\/wp\/v2\/pages"}],"about":[{"href":"https:\/\/www.novotek.com\/dk\/wp-json\/wp\/v2\/types\/page"}],"author":[{"embeddable":true,"href":"https:\/\/www.novotek.com\/dk\/wp-json\/wp\/v2\/users\/6"}],"replies":[{"embeddable":true,"href":"https:\/\/www.novotek.com\/dk\/wp-json\/wp\/v2\/comments?post=622"}],"version-history":[{"count":10,"href":"https:\/\/www.novotek.com\/dk\/wp-json\/wp\/v2\/pages\/622\/revisions"}],"predecessor-version":[{"id":2718,"href":"https:\/\/www.novotek.com\/dk\/wp-json\/wp\/v2\/pages\/622\/revisions\/2718"}],"up":[{"embeddable":true,"href":"https:\/\/www.novotek.com\/dk\/wp-json\/wp\/v2\/pages\/590"}],"wp:attachment":[{"href":"https:\/\/www.novotek.com\/dk\/wp-json\/wp\/v2\/media?parent=622"}],"curies":[{"name":"wp","href":"https:\/\/api.w.org\/{rel}","templated":true}]}}