{"id":624,"date":"2021-08-03T10:42:42","date_gmt":"2021-08-03T10:42:42","guid":{"rendered":"https:\/\/www.novotek.com\/dk\/?page_id=624"},"modified":"2025-09-22T12:42:18","modified_gmt":"2025-09-22T12:42:18","slug":"vores-leverandoerer","status":"publish","type":"page","link":"https:\/\/www.novotek.com\/dk\/om-os\/vores-leverandoerer\/","title":{"rendered":"Vores leverand\u00f8rer"},"content":{"rendered":"<div class=\"container-md paragraph  \">\n<p><\/p>\n<\/div>\n\n  <div class=\"hero\">\n    <div class=\"carousel hero-slider large\" data-flickity data-flickity-options='{\"prevNextButtons\": false}'>\n              <div class=\"carousel-cell\">\n          <div class=\"container\">\n            <div class=\"hero-content\">\n                              <h1>Vores leverand\u00f8rer<\/h1>\n<p><a>Nedenfor er de leverand\u00f8rer, Novotek har valgt at arbejde med og distribuere.<\/a><\/p>\n              \n                          <\/div>\n          <\/div>\n\n          <img decoding=\"async\" width=\"1024\" height=\"384\" src=\"https:\/\/www.novotek.com\/dk\/wp-content\/uploads\/sites\/4\/novotek-insights-header-duplex-cyan-mini-1024x384.jpg\" class=\"hero-bg\" alt=\"Hero Img\" fetchpriority=\"high\" srcset=\"https:\/\/www.novotek.com\/dk\/wp-content\/uploads\/sites\/4\/novotek-insights-header-duplex-cyan-mini-1024x384.jpg 1024w, https:\/\/www.novotek.com\/dk\/wp-content\/uploads\/sites\/4\/novotek-insights-header-duplex-cyan-mini-300x113.jpg 300w, https:\/\/www.novotek.com\/dk\/wp-content\/uploads\/sites\/4\/novotek-insights-header-duplex-cyan-mini-768x288.jpg 768w, https:\/\/www.novotek.com\/dk\/wp-content\/uploads\/sites\/4\/novotek-insights-header-duplex-cyan-mini.jpg 1344w\" sizes=\"(max-width: 1024px) 100vw, 1024px\" \/>                  <\/div>\n          <\/div>\n\n      <\/div>\n\n   <div class=\"floating-breadcrumb\"><div class=\"container\"><span><span><a href=\"https:\/\/www.novotek.com\/dk\/\" class=\"breadcrumb-frontpage\">Home<\/a><\/span><\/span><\/div><\/div>\n\n\n<div class=\"container-md spacer  \">\n<div style=\"height:20px\" aria-hidden=\"true\" class=\"wp-block-spacer\"><\/div>\n<\/div>\n\n<div class=\"container-md columns  \">\n<div class=\"wp-block-columns is-layout-flex wp-container-core-columns-is-layout-9d6595d7 wp-block-columns-is-layout-flex\"><div class=\"container-md column  \">\n<div class=\"wp-block-column is-layout-flow wp-block-column-is-layout-flow\" style=\"flex-basis:66.66%\"><div class=\"container-md heading  \">\n<h4 class=\"wp-block-heading\" id=\"h-auvesy\">AMDT<\/h4>\n<\/div>\n\n<div class=\"container-md paragraph  \">\n<p>AMDT&#8217;s produkt: octoplant er den komplette OT backup og versionsstyringsl\u00f8sning til automatiseringssystemer som PLC&#8217;er, robotter, frekvensomformere osv. <br>AMDT var f\u00f8r AUVESY-MDT.<\/p>\n<\/div>\n\n<div class=\"container-md paragraph  \">\n<p><\/p>\n<\/div><\/div>\n<\/div>\n\n<div class=\"container-md column  \">\n<div class=\"wp-block-column is-layout-flow wp-block-column-is-layout-flow\" style=\"flex-basis:33.33%\"><div class=\"container-md image  \">\n<figure class=\"wp-block-image size-md\"><img loading=\"lazy\" decoding=\"async\" width=\"636\" height=\"225\" src=\"https:\/\/www.novotek.com\/dk\/wp-content\/uploads\/sites\/4\/octoplant\/AMDT-2024-main-logo-bicolor-636x225.png\" alt=\"AMDT logo\" class=\"wp-image-8357\" srcset=\"https:\/\/www.novotek.com\/dk\/wp-content\/uploads\/sites\/4\/octoplant\/AMDT-2024-main-logo-bicolor-636x225.png 636w, https:\/\/www.novotek.com\/dk\/wp-content\/uploads\/sites\/4\/octoplant\/AMDT-2024-main-logo-bicolor-300x106.png 300w, https:\/\/www.novotek.com\/dk\/wp-content\/uploads\/sites\/4\/octoplant\/AMDT-2024-main-logo-bicolor-1024x363.png 1024w, https:\/\/www.novotek.com\/dk\/wp-content\/uploads\/sites\/4\/octoplant\/AMDT-2024-main-logo-bicolor-768x272.png 768w, https:\/\/www.novotek.com\/dk\/wp-content\/uploads\/sites\/4\/octoplant\/AMDT-2024-main-logo-bicolor-86x30.png 86w, https:\/\/www.novotek.com\/dk\/wp-content\/uploads\/sites\/4\/octoplant\/AMDT-2024-main-logo-bicolor-306x108.png 306w, https:\/\/www.novotek.com\/dk\/wp-content\/uploads\/sites\/4\/octoplant\/AMDT-2024-main-logo-bicolor.png 1124w\" sizes=\"auto, (max-width: 636px) 100vw, 636px\" \/><\/figure>\n<\/div><\/div>\n<\/div><\/div>\n<\/div>\n\n<div class=\"container-md columns  \">\n<div class=\"wp-block-columns is-layout-flex wp-container-core-columns-is-layout-9d6595d7 wp-block-columns-is-layout-flex\"><div class=\"container-md column  \">\n<div class=\"wp-block-column is-layout-flow wp-block-column-is-layout-flow\" style=\"flex-basis:66.66%\"><div class=\"container-md heading  \">\n<h4 class=\"wp-block-heading\" id=\"h-emerson\">Emerson<\/h4>\n<\/div>\n\n<div class=\"container-md paragraph  \">\n<p>Emerson har en bred vifte af PLC-systemer med alt fra sm\u00e5 fieldbus I\/O til store redundante l\u00f8sninger samt computere og sk\u00e6rme til industrien.<\/p>\n<\/div>\n\n<div class=\"container-md paragraph  \">\n<p><\/p>\n<\/div><\/div>\n<\/div>\n\n<div class=\"container-md column  \">\n<div class=\"wp-block-column is-layout-flow wp-block-column-is-layout-flow\" style=\"flex-basis:33.33%\"><\/div>\n<\/div><\/div>\n<\/div>\n\n<div class=\"container-md columns  \">\n<div class=\"wp-block-columns is-layout-flex wp-container-core-columns-is-layout-9d6595d7 wp-block-columns-is-layout-flex\"><div class=\"container-md column  \">\n<div class=\"wp-block-column is-layout-flow wp-block-column-is-layout-flow\" style=\"flex-basis:66.66%\"><div class=\"container-md heading  \">\n<h4 class=\"wp-block-heading\" id=\"h-ge-digital\">GE Vernova<\/h4>\n<\/div>\n\n<div class=\"container-md paragraph  \">\n<p>GE Vernova er en verdensf\u00f8rende leverand\u00f8r af produktionskontrol- og overv\u00e5gningssoftware, der leverer kommunikation, operat\u00f8rsystemer, datalogning, OEE, sporbarhed, kvalitetsoverv\u00e5gning, batchoverv\u00e5gning, MES, arbejdsgang, webportaler, avanceret multivariant analyse osv.<\/p>\n<\/div>\n\n<div class=\"container-md paragraph  \">\n<p><\/p>\n<\/div><\/div>\n<\/div>\n\n<div class=\"container-md column  \">\n<div class=\"wp-block-column is-layout-flow wp-block-column-is-layout-flow\" style=\"flex-basis:33.33%\"><div class=\"container-md image  \">\n<figure class=\"wp-block-image size-large\"><img loading=\"lazy\" decoding=\"async\" width=\"1024\" height=\"451\" src=\"https:\/\/www.novotek.com\/dk\/wp-content\/uploads\/sites\/4\/proficy-screen\/GE-Vernova-Partner-Logo_Distributor-1024x451.png\" alt=\"GE Vernova Partner Distributor\" class=\"wp-image-8362\" srcset=\"https:\/\/www.novotek.com\/dk\/wp-content\/uploads\/sites\/4\/proficy-screen\/GE-Vernova-Partner-Logo_Distributor-1024x451.png 1024w, https:\/\/www.novotek.com\/dk\/wp-content\/uploads\/sites\/4\/proficy-screen\/GE-Vernova-Partner-Logo_Distributor-300x132.png 300w, https:\/\/www.novotek.com\/dk\/wp-content\/uploads\/sites\/4\/proficy-screen\/GE-Vernova-Partner-Logo_Distributor-768x338.png 768w, https:\/\/www.novotek.com\/dk\/wp-content\/uploads\/sites\/4\/proficy-screen\/GE-Vernova-Partner-Logo_Distributor-1536x676.png 1536w, https:\/\/www.novotek.com\/dk\/wp-content\/uploads\/sites\/4\/proficy-screen\/GE-Vernova-Partner-Logo_Distributor-86x38.png 86w, https:\/\/www.novotek.com\/dk\/wp-content\/uploads\/sites\/4\/proficy-screen\/GE-Vernova-Partner-Logo_Distributor-306x135.png 306w, https:\/\/www.novotek.com\/dk\/wp-content\/uploads\/sites\/4\/proficy-screen\/GE-Vernova-Partner-Logo_Distributor-636x280.png 636w, https:\/\/www.novotek.com\/dk\/wp-content\/uploads\/sites\/4\/proficy-screen\/GE-Vernova-Partner-Logo_Distributor-1632x718.png 1632w, https:\/\/www.novotek.com\/dk\/wp-content\/uploads\/sites\/4\/proficy-screen\/GE-Vernova-Partner-Logo_Distributor.png 1943w\" sizes=\"auto, (max-width: 1024px) 100vw, 1024px\" \/><\/figure>\n<\/div><\/div>\n<\/div><\/div>\n<\/div>\n\n<div class=\"container-md columns  \">\n<div class=\"wp-block-columns is-layout-flex wp-container-core-columns-is-layout-9d6595d7 wp-block-columns-is-layout-flex\"><div class=\"container-md column  \">\n<div class=\"wp-block-column is-layout-flow wp-block-column-is-layout-flow\" style=\"flex-basis:66.66%\"><div class=\"container-md heading  \">\n<h4 class=\"wp-block-heading\" id=\"h-highbyte-intelligence-hub\">HighByte <strong>Intelligence Hub<\/strong><\/h4>\n<\/div>\n\n<div class=\"container-md paragraph  \">\n<p>HighByte Intelligence Hub bruges til at forbinde, modellere og distribuere data fra fabriksgulvet til forskellige cloud-l\u00f8sninger.<\/p>\n<\/div>\n\n<div class=\"container-md paragraph  \">\n<p><\/p>\n<\/div><\/div>\n<\/div>\n\n<div class=\"container-md column  \">\n<div class=\"wp-block-column is-layout-flow wp-block-column-is-layout-flow\" style=\"flex-basis:33.33%\"><\/div>\n<\/div><\/div>\n<\/div>\n\n<div class=\"container-md columns  \">\n<div class=\"wp-block-columns is-layout-flex wp-container-core-columns-is-layout-9d6595d7 wp-block-columns-is-layout-flex\"><div class=\"container-md column  \">\n<div class=\"wp-block-column is-layout-flow wp-block-column-is-layout-flow\" style=\"flex-basis:66.66%\"><div class=\"container-md heading  \">\n<h4 class=\"wp-block-heading\" id=\"h-hilscher\"><strong>Hilscher<\/strong><\/h4>\n<\/div>\n\n<div class=\"container-md paragraph  \">\n<p>Hilscher har en komplet portef\u00f8lje af produkter til industriel kommunikation, der inkluderer kommunikationskort og kommunikationsmoduler til Fieldbuses og Real-time Ethernet.<\/p>\n<\/div>\n\n<div class=\"container-md paragraph  \">\n<p><\/p>\n<\/div><\/div>\n<\/div>\n\n<div class=\"container-md column  \">\n<div class=\"wp-block-column is-layout-flow wp-block-column-is-layout-flow\" style=\"flex-basis:33.33%\"><\/div>\n<\/div><\/div>\n<\/div>\n\n<div class=\"container-md columns  \">\n<div class=\"wp-block-columns is-layout-flex wp-container-core-columns-is-layout-9d6595d7 wp-block-columns-is-layout-flex\"><div class=\"container-md column  \">\n<div class=\"wp-block-column is-layout-flow wp-block-column-is-layout-flow\" style=\"flex-basis:66.66%\"><div class=\"container-md heading  \">\n<h4 class=\"wp-block-heading\" id=\"h-idus\"><strong>Idus<\/strong><\/h4>\n<\/div>\n\n<div class=\"container-md paragraph  \">\n<p>Idus er en af \u200b\u200bvores partnere, der udvikler vedligeholdelsessystemer, der passer til alle typer industrier i branchen. Idus er forbundet til Proficy iFIX HMI\/SCADA som et arbejdsv\u00e6rkt\u00f8j, der bruges til at lette arbejdet mellem produktion og vedligeholdelsesafdeling.<\/p>\n<\/div>\n\n<div class=\"container-md paragraph  \">\n<p><\/p>\n<\/div><\/div>\n<\/div>\n\n<div class=\"container-md column  \">\n<div class=\"wp-block-column is-layout-flow wp-block-column-is-layout-flow\" style=\"flex-basis:33.33%\"><\/div>\n<\/div><\/div>\n<\/div>\n\n<div class=\"container-md columns  \">\n<div class=\"wp-block-columns is-layout-flex wp-container-core-columns-is-layout-9d6595d7 wp-block-columns-is-layout-flex\"><div class=\"container-md column  \">\n<div class=\"wp-block-column is-layout-flow wp-block-column-is-layout-flow\" style=\"flex-basis:66.66%\"><div class=\"container-md heading  \">\n<h4 class=\"wp-block-heading\" id=\"h-inray\">Inray<\/h4>\n<\/div>\n\n<div class=\"container-md paragraph  \">\n<p>Inray\u2019s kommunikationsplatform OPC-Router bruges til at forbinde forskellige industrielle systemer s\u00e5som PLC&#8217;er, scannere, etiketprintere, databaser og forretningssystemer.<\/p>\n<\/div>\n\n<div class=\"container-md paragraph  \">\n<p><\/p>\n<\/div><\/div>\n<\/div>\n\n<div class=\"container-md column  \">\n<div class=\"wp-block-column is-layout-flow wp-block-column-is-layout-flow\" style=\"flex-basis:33.33%\"><\/div>\n<\/div><\/div>\n<\/div>\n\n<div class=\"container-md columns  \">\n<div class=\"wp-block-columns is-layout-flex wp-container-core-columns-is-layout-9d6595d7 wp-block-columns-is-layout-flex\"><div class=\"container-md column  \">\n<div class=\"wp-block-column is-layout-flow wp-block-column-is-layout-flow\" style=\"flex-basis:66.66%\"><div class=\"container-md heading  \">\n<h4 class=\"wp-block-heading\" id=\"h-ptc\">PTC<\/h4>\n<\/div>\n\n<div class=\"container-md paragraph  \">\n<p>PTC har den mest komplette Industrial Internet of Things-platform i verden. De kombinerer f\u00f8rende IIoT- og AR-platforme til at drive den digitale transformation.<\/p>\n<\/div>\n\n<div class=\"container-md paragraph  \">\n<p><\/p>\n<\/div><\/div>\n<\/div>\n\n<div class=\"container-md column  \">\n<div class=\"wp-block-column is-layout-flow wp-block-column-is-layout-flow\" style=\"flex-basis:33.33%\"><\/div>\n<\/div><\/div>\n<\/div>\n\n<div class=\"container-md columns  \">\n<div class=\"wp-block-columns is-layout-flex wp-container-core-columns-is-layout-9d6595d7 wp-block-columns-is-layout-flex\"><div class=\"container-md column  \">\n<div class=\"wp-block-column is-layout-flow wp-block-column-is-layout-flow\" style=\"flex-basis:66.66%\"><div class=\"container-md heading  \">\n<h4 class=\"wp-block-heading\" id=\"h-ptc-kepware\">PTC \/ Kepware<\/h4>\n<\/div>\n\n<div class=\"container-md paragraph  \">\n<p>PTC \/ Kepware er verdens f\u00f8rende inden for OPC-kommunikation til automatiseringsindustrier og tilbyder en bred vifte af OPC-produkter.<\/p>\n<\/div>\n\n<div class=\"container-md paragraph  \">\n<p><\/p>\n<\/div><\/div>\n<\/div>\n\n<div class=\"container-md column  \">\n<div class=\"wp-block-column is-layout-flow wp-block-column-is-layout-flow\" style=\"flex-basis:33.33%\"><\/div>\n<\/div><\/div>\n<\/div>","protected":false},"excerpt":{"rendered":"<p>AMDT AMDT&#8217;s produkt: octoplant er den komplette OT backup og versionsstyringsl\u00f8sning til automatiseringssystemer som PLC&#8217;er, robotter, frekvensomformere osv. AMDT var f\u00f8r AUVESY-MDT. Emerson Emerson har en bred vifte af PLC-systemer med alt fra sm\u00e5 fieldbus I\/O til store redundante l\u00f8sninger samt computere og sk\u00e6rme til industrien. GE Vernova GE Vernova er en verdensf\u00f8rende leverand\u00f8r af [&hellip;]<\/p>\n","protected":false},"author":6,"featured_media":0,"parent":590,"menu_order":0,"comment_status":"closed","ping_status":"closed","template":"","meta":{"_acf_changed":false,"_relevanssi_hide_post":"","_relevanssi_pin_for_all":"","_relevanssi_pin_keywords":"","_relevanssi_unpin_keywords":"","_relevanssi_related_keywords":"","_relevanssi_related_include_ids":"","_relevanssi_related_exclude_ids":"","_relevanssi_related_no_append":"","_relevanssi_related_not_related":"","_relevanssi_related_posts":"1","_relevanssi_noindex_reason":"","footnotes":""},"class_list":["post-624","page","type-page","status-publish","hentry"],"acf":[],"yoast_head":"<!-- This site is optimized with the Yoast SEO plugin v27.3 - https:\/\/yoast.com\/product\/yoast-seo-wordpress\/ -->\n<title>Vores leverand\u00f8rer - Novotek Danmark<\/title>\n<meta name=\"robots\" content=\"index, follow, max-snippet:-1, max-image-preview:large, max-video-preview:-1\" \/>\n<link rel=\"canonical\" href=\"https:\/\/www.novotek.com\/dk\/om-os\/vores-leverandoerer\/\" \/>\n<meta property=\"og:locale\" content=\"da_DK\" \/>\n<meta property=\"og:type\" content=\"article\" \/>\n<meta property=\"og:title\" content=\"Vores leverand\u00f8rer - Novotek Danmark\" \/>\n<meta property=\"og:description\" content=\"AMDT AMDT&#8217;s produkt: octoplant er den komplette OT backup og versionsstyringsl\u00f8sning til automatiseringssystemer som PLC&#8217;er, robotter, frekvensomformere osv. AMDT var f\u00f8r AUVESY-MDT. Emerson Emerson har en bred vifte af PLC-systemer med alt fra sm\u00e5 fieldbus I\/O til store redundante l\u00f8sninger samt computere og sk\u00e6rme til industrien. GE Vernova GE Vernova er en verdensf\u00f8rende leverand\u00f8r af [&hellip;]\" \/>\n<meta property=\"og:url\" content=\"https:\/\/www.novotek.com\/dk\/om-os\/vores-leverandoerer\/\" \/>\n<meta property=\"og:site_name\" content=\"Novotek Danmark\" \/>\n<meta property=\"article:modified_time\" content=\"2025-09-22T12:42:18+00:00\" \/>\n<meta property=\"og:image\" content=\"https:\/\/www.novotek.com\/dk\/wp-content\/uploads\/sites\/4\/octoplant\/AMDT-2024-main-logo-bicolor-636x225.png\" \/>\n<meta name=\"twitter:card\" content=\"summary_large_image\" \/>\n<meta name=\"twitter:label1\" content=\"Estimeret l\u00e6setid\" \/>\n\t<meta name=\"twitter:data1\" content=\"2 minutter\" \/>\n<script type=\"application\/ld+json\" class=\"yoast-schema-graph\">{\"@context\":\"https:\\\/\\\/schema.org\",\"@graph\":[{\"@type\":\"WebPage\",\"@id\":\"https:\\\/\\\/www.novotek.com\\\/dk\\\/om-os\\\/vores-leverandoerer\\\/\",\"url\":\"https:\\\/\\\/www.novotek.com\\\/dk\\\/om-os\\\/vores-leverandoerer\\\/\",\"name\":\"Vores leverand\u00f8rer - Novotek Danmark\",\"isPartOf\":{\"@id\":\"https:\\\/\\\/www.novotek.com\\\/dk\\\/#website\"},\"primaryImageOfPage\":{\"@id\":\"https:\\\/\\\/www.novotek.com\\\/dk\\\/om-os\\\/vores-leverandoerer\\\/#primaryimage\"},\"image\":{\"@id\":\"https:\\\/\\\/www.novotek.com\\\/dk\\\/om-os\\\/vores-leverandoerer\\\/#primaryimage\"},\"thumbnailUrl\":\"https:\\\/\\\/www.novotek.com\\\/dk\\\/wp-content\\\/uploads\\\/sites\\\/4\\\/octoplant\\\/AMDT-2024-main-logo-bicolor-636x225.png\",\"datePublished\":\"2021-08-03T10:42:42+00:00\",\"dateModified\":\"2025-09-22T12:42:18+00:00\",\"breadcrumb\":{\"@id\":\"https:\\\/\\\/www.novotek.com\\\/dk\\\/om-os\\\/vores-leverandoerer\\\/#breadcrumb\"},\"inLanguage\":\"da-DK\",\"potentialAction\":[{\"@type\":\"ReadAction\",\"target\":[\"https:\\\/\\\/www.novotek.com\\\/dk\\\/om-os\\\/vores-leverandoerer\\\/\"]}]},{\"@type\":\"ImageObject\",\"inLanguage\":\"da-DK\",\"@id\":\"https:\\\/\\\/www.novotek.com\\\/dk\\\/om-os\\\/vores-leverandoerer\\\/#primaryimage\",\"url\":\"https:\\\/\\\/www.novotek.com\\\/dk\\\/wp-content\\\/uploads\\\/sites\\\/4\\\/octoplant\\\/AMDT-2024-main-logo-bicolor.png\",\"contentUrl\":\"https:\\\/\\\/www.novotek.com\\\/dk\\\/wp-content\\\/uploads\\\/sites\\\/4\\\/octoplant\\\/AMDT-2024-main-logo-bicolor.png\",\"width\":1124,\"height\":398,\"caption\":\"AMDT logo\"},{\"@type\":\"BreadcrumbList\",\"@id\":\"https:\\\/\\\/www.novotek.com\\\/dk\\\/om-os\\\/vores-leverandoerer\\\/#breadcrumb\",\"itemListElement\":[{\"@type\":\"ListItem\",\"position\":1,\"name\":\"Home\",\"item\":\"https:\\\/\\\/www.novotek.com\\\/dk\\\/\"},{\"@type\":\"ListItem\",\"position\":2,\"name\":\"Om os\",\"item\":\"https:\\\/\\\/www.novotek.com\\\/dk\\\/om-os\\\/\"},{\"@type\":\"ListItem\",\"position\":3,\"name\":\"Vores leverand\u00f8rer\"}]},{\"@type\":\"WebSite\",\"@id\":\"https:\\\/\\\/www.novotek.com\\\/dk\\\/#website\",\"url\":\"https:\\\/\\\/www.novotek.com\\\/dk\\\/\",\"name\":\"Novotek Danmark\",\"description\":\"Automation, digitalisering og analyse\",\"publisher\":{\"@id\":\"https:\\\/\\\/www.novotek.com\\\/dk\\\/#organization\"},\"potentialAction\":[{\"@type\":\"SearchAction\",\"target\":{\"@type\":\"EntryPoint\",\"urlTemplate\":\"https:\\\/\\\/www.novotek.com\\\/dk\\\/?s={search_term_string}\"},\"query-input\":{\"@type\":\"PropertyValueSpecification\",\"valueRequired\":true,\"valueName\":\"search_term_string\"}}],\"inLanguage\":\"da-DK\"},{\"@type\":\"Organization\",\"@id\":\"https:\\\/\\\/www.novotek.com\\\/dk\\\/#organization\",\"name\":\"Novotek Danmark\",\"url\":\"https:\\\/\\\/www.novotek.com\\\/dk\\\/\",\"logo\":{\"@type\":\"ImageObject\",\"inLanguage\":\"da-DK\",\"@id\":\"https:\\\/\\\/www.novotek.com\\\/dk\\\/#\\\/schema\\\/logo\\\/image\\\/\",\"url\":\"https:\\\/\\\/www.novotek.com\\\/dk\\\/wp-content\\\/uploads\\\/sites\\\/4\\\/Denmark_files\\\/novotek-logotyp-rgb-pos.png\",\"contentUrl\":\"https:\\\/\\\/www.novotek.com\\\/dk\\\/wp-content\\\/uploads\\\/sites\\\/4\\\/Denmark_files\\\/novotek-logotyp-rgb-pos.png\",\"width\":1794,\"height\":520,\"caption\":\"Novotek Danmark\"},\"image\":{\"@id\":\"https:\\\/\\\/www.novotek.com\\\/dk\\\/#\\\/schema\\\/logo\\\/image\\\/\"},\"sameAs\":[\"https:\\\/\\\/www.linkedin.com\\\/company\\\/novotek-denmark\",\"https:\\\/\\\/www.youtube.com\\\/user\\\/NovotekCorp\"]}]}<\/script>\n<!-- \/ Yoast SEO plugin. -->","yoast_head_json":{"title":"Vores leverand\u00f8rer - Novotek Danmark","robots":{"index":"index","follow":"follow","max-snippet":"max-snippet:-1","max-image-preview":"max-image-preview:large","max-video-preview":"max-video-preview:-1"},"canonical":"https:\/\/www.novotek.com\/dk\/om-os\/vores-leverandoerer\/","og_locale":"da_DK","og_type":"article","og_title":"Vores leverand\u00f8rer - Novotek Danmark","og_description":"AMDT AMDT&#8217;s produkt: octoplant er den komplette OT backup og versionsstyringsl\u00f8sning til automatiseringssystemer som PLC&#8217;er, robotter, frekvensomformere osv. AMDT var f\u00f8r AUVESY-MDT. Emerson Emerson har en bred vifte af PLC-systemer med alt fra sm\u00e5 fieldbus I\/O til store redundante l\u00f8sninger samt computere og sk\u00e6rme til industrien. GE Vernova GE Vernova er en verdensf\u00f8rende leverand\u00f8r af [&hellip;]","og_url":"https:\/\/www.novotek.com\/dk\/om-os\/vores-leverandoerer\/","og_site_name":"Novotek Danmark","article_modified_time":"2025-09-22T12:42:18+00:00","og_image":[{"url":"https:\/\/www.novotek.com\/dk\/wp-content\/uploads\/sites\/4\/octoplant\/AMDT-2024-main-logo-bicolor-636x225.png","type":"","width":"","height":""}],"twitter_card":"summary_large_image","twitter_misc":{"Estimeret l\u00e6setid":"2 minutter"},"schema":{"@context":"https:\/\/schema.org","@graph":[{"@type":"WebPage","@id":"https:\/\/www.novotek.com\/dk\/om-os\/vores-leverandoerer\/","url":"https:\/\/www.novotek.com\/dk\/om-os\/vores-leverandoerer\/","name":"Vores leverand\u00f8rer - Novotek Danmark","isPartOf":{"@id":"https:\/\/www.novotek.com\/dk\/#website"},"primaryImageOfPage":{"@id":"https:\/\/www.novotek.com\/dk\/om-os\/vores-leverandoerer\/#primaryimage"},"image":{"@id":"https:\/\/www.novotek.com\/dk\/om-os\/vores-leverandoerer\/#primaryimage"},"thumbnailUrl":"https:\/\/www.novotek.com\/dk\/wp-content\/uploads\/sites\/4\/octoplant\/AMDT-2024-main-logo-bicolor-636x225.png","datePublished":"2021-08-03T10:42:42+00:00","dateModified":"2025-09-22T12:42:18+00:00","breadcrumb":{"@id":"https:\/\/www.novotek.com\/dk\/om-os\/vores-leverandoerer\/#breadcrumb"},"inLanguage":"da-DK","potentialAction":[{"@type":"ReadAction","target":["https:\/\/www.novotek.com\/dk\/om-os\/vores-leverandoerer\/"]}]},{"@type":"ImageObject","inLanguage":"da-DK","@id":"https:\/\/www.novotek.com\/dk\/om-os\/vores-leverandoerer\/#primaryimage","url":"https:\/\/www.novotek.com\/dk\/wp-content\/uploads\/sites\/4\/octoplant\/AMDT-2024-main-logo-bicolor.png","contentUrl":"https:\/\/www.novotek.com\/dk\/wp-content\/uploads\/sites\/4\/octoplant\/AMDT-2024-main-logo-bicolor.png","width":1124,"height":398,"caption":"AMDT logo"},{"@type":"BreadcrumbList","@id":"https:\/\/www.novotek.com\/dk\/om-os\/vores-leverandoerer\/#breadcrumb","itemListElement":[{"@type":"ListItem","position":1,"name":"Home","item":"https:\/\/www.novotek.com\/dk\/"},{"@type":"ListItem","position":2,"name":"Om os","item":"https:\/\/www.novotek.com\/dk\/om-os\/"},{"@type":"ListItem","position":3,"name":"Vores leverand\u00f8rer"}]},{"@type":"WebSite","@id":"https:\/\/www.novotek.com\/dk\/#website","url":"https:\/\/www.novotek.com\/dk\/","name":"Novotek Danmark","description":"Automation, digitalisering og analyse","publisher":{"@id":"https:\/\/www.novotek.com\/dk\/#organization"},"potentialAction":[{"@type":"SearchAction","target":{"@type":"EntryPoint","urlTemplate":"https:\/\/www.novotek.com\/dk\/?s={search_term_string}"},"query-input":{"@type":"PropertyValueSpecification","valueRequired":true,"valueName":"search_term_string"}}],"inLanguage":"da-DK"},{"@type":"Organization","@id":"https:\/\/www.novotek.com\/dk\/#organization","name":"Novotek Danmark","url":"https:\/\/www.novotek.com\/dk\/","logo":{"@type":"ImageObject","inLanguage":"da-DK","@id":"https:\/\/www.novotek.com\/dk\/#\/schema\/logo\/image\/","url":"https:\/\/www.novotek.com\/dk\/wp-content\/uploads\/sites\/4\/Denmark_files\/novotek-logotyp-rgb-pos.png","contentUrl":"https:\/\/www.novotek.com\/dk\/wp-content\/uploads\/sites\/4\/Denmark_files\/novotek-logotyp-rgb-pos.png","width":1794,"height":520,"caption":"Novotek Danmark"},"image":{"@id":"https:\/\/www.novotek.com\/dk\/#\/schema\/logo\/image\/"},"sameAs":["https:\/\/www.linkedin.com\/company\/novotek-denmark","https:\/\/www.youtube.com\/user\/NovotekCorp"]}]}},"_links":{"self":[{"href":"https:\/\/www.novotek.com\/dk\/wp-json\/wp\/v2\/pages\/624","targetHints":{"allow":["GET"]}}],"collection":[{"href":"https:\/\/www.novotek.com\/dk\/wp-json\/wp\/v2\/pages"}],"about":[{"href":"https:\/\/www.novotek.com\/dk\/wp-json\/wp\/v2\/types\/page"}],"author":[{"embeddable":true,"href":"https:\/\/www.novotek.com\/dk\/wp-json\/wp\/v2\/users\/6"}],"replies":[{"embeddable":true,"href":"https:\/\/www.novotek.com\/dk\/wp-json\/wp\/v2\/comments?post=624"}],"version-history":[{"count":41,"href":"https:\/\/www.novotek.com\/dk\/wp-json\/wp\/v2\/pages\/624\/revisions"}],"predecessor-version":[{"id":11089,"href":"https:\/\/www.novotek.com\/dk\/wp-json\/wp\/v2\/pages\/624\/revisions\/11089"}],"up":[{"embeddable":true,"href":"https:\/\/www.novotek.com\/dk\/wp-json\/wp\/v2\/pages\/590"}],"wp:attachment":[{"href":"https:\/\/www.novotek.com\/dk\/wp-json\/wp\/v2\/media?parent=624"}],"curies":[{"name":"wp","href":"https:\/\/api.w.org\/{rel}","templated":true}]}}