{"id":625,"date":"2021-08-03T10:42:42","date_gmt":"2021-08-03T10:42:42","guid":{"rendered":"https:\/\/www.novotek.com\/dk\/?page_id=625"},"modified":"2021-11-16T12:31:24","modified_gmt":"2021-11-16T12:31:24","slug":"kvalitet-og-miljoe","status":"publish","type":"page","link":"https:\/\/www.novotek.com\/dk\/om-os\/kvalitet-og-miljoe\/","title":{"rendered":"Kvalitet og milj\u00f8"},"content":{"rendered":"  <div class=\"hero\">\n    <div class=\"carousel hero-slider large\" data-flickity data-flickity-options='{\"prevNextButtons\": false}'>\n              <div class=\"carousel-cell\">\n          <div class=\"container\">\n            <div class=\"hero-content\">\n                              <h1>Kvalitet og milj\u00f8<\/h1>\n<p><a>Novotek arbejder med milj\u00f8et i fokus. I vores milj\u00f8arbejde v\u00e6lger vi tydeligt at vise, hvordan vores produkter og l\u00f8sninger kan hj\u00e6lpe virksomheder i deres milj\u00f8arbejde.<\/a><\/p>\n              \n                          <\/div>\n          <\/div>\n\n          <img decoding=\"async\" width=\"1024\" height=\"320\" src=\"https:\/\/www.novotek.com\/dk\/wp-content\/uploads\/sites\/4\/jpg-1024x320.jpg\" class=\"hero-bg\" alt=\"Hero Img\" fetchpriority=\"high\" srcset=\"https:\/\/www.novotek.com\/dk\/wp-content\/uploads\/sites\/4\/jpg-1024x320.jpg 1024w, https:\/\/www.novotek.com\/dk\/wp-content\/uploads\/sites\/4\/jpg-300x94.jpg 300w, https:\/\/www.novotek.com\/dk\/wp-content\/uploads\/sites\/4\/jpg-768x240.jpg 768w, https:\/\/www.novotek.com\/dk\/wp-content\/uploads\/sites\/4\/jpg-1536x480.jpg 1536w, https:\/\/www.novotek.com\/dk\/wp-content\/uploads\/sites\/4\/jpg.jpg 1920w\" sizes=\"(max-width: 1024px) 100vw, 1024px\" \/>                  <\/div>\n          <\/div>\n\n      <\/div>\n\n   <div class=\"floating-breadcrumb\"><div class=\"container\"><span><span><a href=\"https:\/\/www.novotek.com\/dk\/\" class=\"breadcrumb-frontpage\">Home<\/a><\/span><\/span><\/div><\/div>\n\n\n\n\n<div class=\"container-md group  \">\n<div class=\"wp-block-group\"><div class=\"wp-block-group__inner-container is-layout-flow wp-block-group-is-layout-flow\"><div class=\"container-md spacer  \">\n<div style=\"height:20px\" aria-hidden=\"true\" class=\"wp-block-spacer\"><\/div>\n<\/div>\n\n<div class=\"container-md heading  \">\n<h3 class=\"wp-block-heading\"><strong><strong><strong>Novotek leverer tekniske l\u00f8sninger, tjenester og produkter inden for industriel IT og automation<\/strong><\/strong><\/strong><\/h3>\n<\/div>\n\n<div class=\"container-md paragraph  \">\n<p><\/p>\n<\/div>\n\n<div class=\"container-md heading  \">\n<h5 class=\"wp-block-heading\">Fokus p\u00e5 kvalitet:<\/h5>\n<\/div>\n\n<div class=\"container-md list  \">\n<ul class=\"wp-block-list\"><li>Spidskompetence i vores produktportef\u00f8lje<\/li><li>Support og service inden for vores produktportef\u00f8lje<\/li><li>Elegante, innovative og p\u00e5lidelige l\u00f8sninger<\/li><\/ul>\n<\/div>\n\n<div class=\"container-md heading  \">\n<h5 class=\"wp-block-heading\">Fokus p\u00e5 milj\u00f8et:<\/h5>\n<\/div>\n\n<div class=\"container-md list  \">\n<ul class=\"wp-block-list\"><li>Personeltransport<\/li><li>Produkter og l\u00f8sninger, der reducerer kundernes milj\u00f8p\u00e5virkning<\/li><\/ul>\n<\/div>\n\n<div class=\"container-md paragraph  \">\n<p>Vi er forpligtet til at overholde love og krav, forhindre forurening, beskytte milj\u00f8et og forhindre d\u00e5rligt helbred og ulykker og konstant udvikle vores styringssystem.<\/p>\n<\/div><\/div>\n<\/div><\/div>\n\n<div class=\"container-md group  \">\n<div class=\"wp-block-group\"><div class=\"wp-block-group__inner-container is-layout-flow wp-block-group-is-layout-flow\"><\/div>\n<\/div><\/div>\n\n<div class=\"container-md group  \">\n<div class=\"wp-block-group\"><div class=\"wp-block-group__inner-container is-layout-flow wp-block-group-is-layout-flow\"><div class=\"container-md heading  \">\n<h3 class=\"wp-block-heading\"><strong><strong><strong>Nedenfor finder du nogle eksempler p\u00e5, hvordan vores produkter kan hj\u00e6lpe vores kunder med at reducere deres milj\u00f8p\u00e5virkning<\/strong><\/strong><\/strong><\/h3>\n<\/div>\n\n<div class=\"container-md heading  \">\n<h3 class=\"wp-block-heading\"><br><\/h3>\n<\/div>\n\n<div class=\"container-md list  \">\n<ul class=\"wp-block-list\"><li>Ved at lade alle kontrolsystemer forbindes via Kepware OPC-kommunikation, kan du f.eks. undg\u00e5 at k\u00f8re bil til en fjern pumpestation for at f\u00e5 oplysninger om pumpestationens status og dermed ogs\u00e5 undg\u00e5 emissioner fra bilen og spare arbejdstid.<br><br><\/li><li>Med Proficy iFix-operat\u00f8rsystem, der overv\u00e5ger produktionsprocesser, kan du f\u00e5 tidlige alarmer om f.eks. emissionsv\u00e6rdierne fra en dampkedel stiger, og du kan hurtigt komme i gang med fejlfinding og derefter l\u00f8se problemet og som et resultat &#8211; minimere farlige emissioner, der p\u00e5virker milj\u00f8et.<br><br><\/li><li>Hvis du logger dine forskellige procesv\u00e6rdier i en Proficy Historian-database og bruger Proficy Trouble Shooter Multivariate analysev\u00e6rkt\u00f8j til at analysere indsamlede data, kan du let se forbindelser, som i det n\u00e6ste trin kan bruges til f.eks. at optimere sine kontrolparametre, som kan reducere forbruget af medier og r\u00e5varer i produktionen. Resultatet er reduceret milj\u00f8p\u00e5virkning.<br><br><\/li><li>Med Proficy Plant Applications OEE-modulet kan du f\u00f8lge op p\u00e5 \u00e5rsagerne til, at maskinen standser, hastigheden falder og \u00e5rsagerne til, at den kasseres. Ved at analysere \u00e5rsagerne kan man forbedre tilg\u00e6ngeligheden, \u00f8ge hastigheden og minimere skrotning. Ved at implementere disse forskellige dele vil du ogs\u00e5 reducere r\u00e5vareforbrug og medieforbrug samt \u00f8ge kvaliteten af \u200b\u200bdet, du producerer og dermed f\u00e5 b\u00e5de virksomheden og milj\u00f8et fra gennemf\u00f8rte aktiviteter.<br><\/li><\/ul>\n<\/div>\n\n<div class=\"container-md paragraph  \">\n<p><\/p>\n<\/div>\n\n<div class=\"container-md paragraph  \">\n<p>Eksemplerne ovenfor er blot nogle af de milj\u00f8forbedringer, som vores ekspertise og vores produkter kan bidrage med.<\/p>\n<\/div><\/div>\n<\/div><\/div>\n\n<div class=\"container-md\">\n  <div class=\"download-files\">\n    \n    \n      <\/div>\n<\/div>\n\n\n<script>\n    function setCookie(key, value, expiry) {\n        var expires = new Date();\n        expires.setTime(expires.getTime() + (expiry * 24 * 60 * 60 * 1000));\n        document.cookie = key + '=' + value + ';expires=' + expires.toUTCString() + '; path=\/';\n    }\n\n    jQuery(document).ready(function($) {\n      $('.btn-primary').click(function() {\n        console.log('yes');\n        setCookie('firstname', $('input.firstname').val(), '30');\n        setCookie('lastname', $('input.lastname').val(), '30');\n        setCookie('email', $('input.email').val(), '30');\n      });\n    });\n<\/script>\n\n<div class=\"container-md\">\n  <div class=\"download-files\">\n    \n    \n      <\/div>\n<\/div>\n\n\n<script>\n    function setCookie(key, value, expiry) {\n        var expires = new Date();\n        expires.setTime(expires.getTime() + (expiry * 24 * 60 * 60 * 1000));\n        document.cookie = key + '=' + value + ';expires=' + expires.toUTCString() + '; path=\/';\n    }\n\n    jQuery(document).ready(function($) {\n      $('.btn-primary').click(function() {\n        console.log('yes');\n        setCookie('firstname', $('input.firstname').val(), '30');\n        setCookie('lastname', $('input.lastname').val(), '30');\n        setCookie('email', $('input.email').val(), '30');\n      });\n    });\n<\/script>\n\n<div class=\"cta-block\">\n  <div class=\"container\">\n          <h2>Lad os fort\u00e6lle mere!<\/h2>\n    \n    \n          <a class=\"btn btn-primary\" href=\"http:\/\/www.novotek.dk\/kontakt-os\/\">Kontakt os<\/a>\n      <\/div>\n<\/div>\n","protected":false},"excerpt":{"rendered":"<p>Novotek leverer tekniske l\u00f8sninger, tjenester og produkter inden for industriel IT og automation Fokus p\u00e5 kvalitet: Spidskompetence i vores produktportef\u00f8lje Support og service inden for vores produktportef\u00f8lje Elegante, innovative og p\u00e5lidelige l\u00f8sninger Fokus p\u00e5 milj\u00f8et: Personeltransport Produkter og l\u00f8sninger, der reducerer kundernes milj\u00f8p\u00e5virkning Vi er forpligtet til at overholde love og krav, forhindre forurening, beskytte [&hellip;]<\/p>\n","protected":false},"author":6,"featured_media":0,"parent":590,"menu_order":0,"comment_status":"closed","ping_status":"closed","template":"","meta":{"_acf_changed":false,"_relevanssi_hide_post":"","_relevanssi_pin_for_all":"","_relevanssi_pin_keywords":"","_relevanssi_unpin_keywords":"","_relevanssi_related_keywords":"","_relevanssi_related_include_ids":"","_relevanssi_related_exclude_ids":"","_relevanssi_related_no_append":"","_relevanssi_related_not_related":"","_relevanssi_related_posts":"1","_relevanssi_noindex_reason":"","footnotes":""},"class_list":["post-625","page","type-page","status-publish","hentry"],"acf":[],"yoast_head":"<!-- This site is optimized with the Yoast SEO plugin v27.3 - https:\/\/yoast.com\/product\/yoast-seo-wordpress\/ -->\n<title>Kvalitet og milj\u00f8 - Novotek Danmark<\/title>\n<meta name=\"robots\" content=\"index, follow, max-snippet:-1, max-image-preview:large, max-video-preview:-1\" \/>\n<link rel=\"canonical\" href=\"https:\/\/www.novotek.com\/dk\/om-os\/kvalitet-og-miljoe\/\" \/>\n<meta property=\"og:locale\" content=\"da_DK\" \/>\n<meta property=\"og:type\" content=\"article\" \/>\n<meta property=\"og:title\" content=\"Kvalitet og milj\u00f8 - Novotek Danmark\" \/>\n<meta property=\"og:description\" content=\"Novotek leverer tekniske l\u00f8sninger, tjenester og produkter inden for industriel IT og automation Fokus p\u00e5 kvalitet: Spidskompetence i vores produktportef\u00f8lje Support og service inden for vores produktportef\u00f8lje Elegante, innovative og p\u00e5lidelige l\u00f8sninger Fokus p\u00e5 milj\u00f8et: Personeltransport Produkter og l\u00f8sninger, der reducerer kundernes milj\u00f8p\u00e5virkning Vi er forpligtet til at overholde love og krav, forhindre forurening, beskytte [&hellip;]\" \/>\n<meta property=\"og:url\" content=\"https:\/\/www.novotek.com\/dk\/om-os\/kvalitet-og-miljoe\/\" \/>\n<meta property=\"og:site_name\" content=\"Novotek Danmark\" \/>\n<meta property=\"article:modified_time\" content=\"2021-11-16T12:31:24+00:00\" \/>\n<meta name=\"twitter:card\" content=\"summary_large_image\" \/>\n<meta name=\"twitter:label1\" content=\"Estimeret l\u00e6setid\" \/>\n\t<meta name=\"twitter:data1\" content=\"2 minutter\" \/>\n<script type=\"application\/ld+json\" class=\"yoast-schema-graph\">{\"@context\":\"https:\\\/\\\/schema.org\",\"@graph\":[{\"@type\":\"WebPage\",\"@id\":\"https:\\\/\\\/www.novotek.com\\\/dk\\\/om-os\\\/kvalitet-og-miljoe\\\/\",\"url\":\"https:\\\/\\\/www.novotek.com\\\/dk\\\/om-os\\\/kvalitet-og-miljoe\\\/\",\"name\":\"Kvalitet og milj\u00f8 - Novotek Danmark\",\"isPartOf\":{\"@id\":\"https:\\\/\\\/www.novotek.com\\\/dk\\\/#website\"},\"datePublished\":\"2021-08-03T10:42:42+00:00\",\"dateModified\":\"2021-11-16T12:31:24+00:00\",\"breadcrumb\":{\"@id\":\"https:\\\/\\\/www.novotek.com\\\/dk\\\/om-os\\\/kvalitet-og-miljoe\\\/#breadcrumb\"},\"inLanguage\":\"da-DK\",\"potentialAction\":[{\"@type\":\"ReadAction\",\"target\":[\"https:\\\/\\\/www.novotek.com\\\/dk\\\/om-os\\\/kvalitet-og-miljoe\\\/\"]}]},{\"@type\":\"BreadcrumbList\",\"@id\":\"https:\\\/\\\/www.novotek.com\\\/dk\\\/om-os\\\/kvalitet-og-miljoe\\\/#breadcrumb\",\"itemListElement\":[{\"@type\":\"ListItem\",\"position\":1,\"name\":\"Home\",\"item\":\"https:\\\/\\\/www.novotek.com\\\/dk\\\/\"},{\"@type\":\"ListItem\",\"position\":2,\"name\":\"Om os\",\"item\":\"https:\\\/\\\/www.novotek.com\\\/dk\\\/om-os\\\/\"},{\"@type\":\"ListItem\",\"position\":3,\"name\":\"Kvalitet og milj\u00f8\"}]},{\"@type\":\"WebSite\",\"@id\":\"https:\\\/\\\/www.novotek.com\\\/dk\\\/#website\",\"url\":\"https:\\\/\\\/www.novotek.com\\\/dk\\\/\",\"name\":\"Novotek Danmark\",\"description\":\"Automation, digitalisering og analyse\",\"publisher\":{\"@id\":\"https:\\\/\\\/www.novotek.com\\\/dk\\\/#organization\"},\"potentialAction\":[{\"@type\":\"SearchAction\",\"target\":{\"@type\":\"EntryPoint\",\"urlTemplate\":\"https:\\\/\\\/www.novotek.com\\\/dk\\\/?s={search_term_string}\"},\"query-input\":{\"@type\":\"PropertyValueSpecification\",\"valueRequired\":true,\"valueName\":\"search_term_string\"}}],\"inLanguage\":\"da-DK\"},{\"@type\":\"Organization\",\"@id\":\"https:\\\/\\\/www.novotek.com\\\/dk\\\/#organization\",\"name\":\"Novotek Danmark\",\"url\":\"https:\\\/\\\/www.novotek.com\\\/dk\\\/\",\"logo\":{\"@type\":\"ImageObject\",\"inLanguage\":\"da-DK\",\"@id\":\"https:\\\/\\\/www.novotek.com\\\/dk\\\/#\\\/schema\\\/logo\\\/image\\\/\",\"url\":\"https:\\\/\\\/www.novotek.com\\\/dk\\\/wp-content\\\/uploads\\\/sites\\\/4\\\/Denmark_files\\\/novotek-logotyp-rgb-pos.png\",\"contentUrl\":\"https:\\\/\\\/www.novotek.com\\\/dk\\\/wp-content\\\/uploads\\\/sites\\\/4\\\/Denmark_files\\\/novotek-logotyp-rgb-pos.png\",\"width\":1794,\"height\":520,\"caption\":\"Novotek Danmark\"},\"image\":{\"@id\":\"https:\\\/\\\/www.novotek.com\\\/dk\\\/#\\\/schema\\\/logo\\\/image\\\/\"},\"sameAs\":[\"https:\\\/\\\/www.linkedin.com\\\/company\\\/novotek-denmark\",\"https:\\\/\\\/www.youtube.com\\\/user\\\/NovotekCorp\"]}]}<\/script>\n<!-- \/ Yoast SEO plugin. -->","yoast_head_json":{"title":"Kvalitet og milj\u00f8 - Novotek Danmark","robots":{"index":"index","follow":"follow","max-snippet":"max-snippet:-1","max-image-preview":"max-image-preview:large","max-video-preview":"max-video-preview:-1"},"canonical":"https:\/\/www.novotek.com\/dk\/om-os\/kvalitet-og-miljoe\/","og_locale":"da_DK","og_type":"article","og_title":"Kvalitet og milj\u00f8 - Novotek Danmark","og_description":"Novotek leverer tekniske l\u00f8sninger, tjenester og produkter inden for industriel IT og automation Fokus p\u00e5 kvalitet: Spidskompetence i vores produktportef\u00f8lje Support og service inden for vores produktportef\u00f8lje Elegante, innovative og p\u00e5lidelige l\u00f8sninger Fokus p\u00e5 milj\u00f8et: Personeltransport Produkter og l\u00f8sninger, der reducerer kundernes milj\u00f8p\u00e5virkning Vi er forpligtet til at overholde love og krav, forhindre forurening, beskytte [&hellip;]","og_url":"https:\/\/www.novotek.com\/dk\/om-os\/kvalitet-og-miljoe\/","og_site_name":"Novotek Danmark","article_modified_time":"2021-11-16T12:31:24+00:00","twitter_card":"summary_large_image","twitter_misc":{"Estimeret l\u00e6setid":"2 minutter"},"schema":{"@context":"https:\/\/schema.org","@graph":[{"@type":"WebPage","@id":"https:\/\/www.novotek.com\/dk\/om-os\/kvalitet-og-miljoe\/","url":"https:\/\/www.novotek.com\/dk\/om-os\/kvalitet-og-miljoe\/","name":"Kvalitet og milj\u00f8 - Novotek Danmark","isPartOf":{"@id":"https:\/\/www.novotek.com\/dk\/#website"},"datePublished":"2021-08-03T10:42:42+00:00","dateModified":"2021-11-16T12:31:24+00:00","breadcrumb":{"@id":"https:\/\/www.novotek.com\/dk\/om-os\/kvalitet-og-miljoe\/#breadcrumb"},"inLanguage":"da-DK","potentialAction":[{"@type":"ReadAction","target":["https:\/\/www.novotek.com\/dk\/om-os\/kvalitet-og-miljoe\/"]}]},{"@type":"BreadcrumbList","@id":"https:\/\/www.novotek.com\/dk\/om-os\/kvalitet-og-miljoe\/#breadcrumb","itemListElement":[{"@type":"ListItem","position":1,"name":"Home","item":"https:\/\/www.novotek.com\/dk\/"},{"@type":"ListItem","position":2,"name":"Om os","item":"https:\/\/www.novotek.com\/dk\/om-os\/"},{"@type":"ListItem","position":3,"name":"Kvalitet og milj\u00f8"}]},{"@type":"WebSite","@id":"https:\/\/www.novotek.com\/dk\/#website","url":"https:\/\/www.novotek.com\/dk\/","name":"Novotek Danmark","description":"Automation, digitalisering og analyse","publisher":{"@id":"https:\/\/www.novotek.com\/dk\/#organization"},"potentialAction":[{"@type":"SearchAction","target":{"@type":"EntryPoint","urlTemplate":"https:\/\/www.novotek.com\/dk\/?s={search_term_string}"},"query-input":{"@type":"PropertyValueSpecification","valueRequired":true,"valueName":"search_term_string"}}],"inLanguage":"da-DK"},{"@type":"Organization","@id":"https:\/\/www.novotek.com\/dk\/#organization","name":"Novotek Danmark","url":"https:\/\/www.novotek.com\/dk\/","logo":{"@type":"ImageObject","inLanguage":"da-DK","@id":"https:\/\/www.novotek.com\/dk\/#\/schema\/logo\/image\/","url":"https:\/\/www.novotek.com\/dk\/wp-content\/uploads\/sites\/4\/Denmark_files\/novotek-logotyp-rgb-pos.png","contentUrl":"https:\/\/www.novotek.com\/dk\/wp-content\/uploads\/sites\/4\/Denmark_files\/novotek-logotyp-rgb-pos.png","width":1794,"height":520,"caption":"Novotek Danmark"},"image":{"@id":"https:\/\/www.novotek.com\/dk\/#\/schema\/logo\/image\/"},"sameAs":["https:\/\/www.linkedin.com\/company\/novotek-denmark","https:\/\/www.youtube.com\/user\/NovotekCorp"]}]}},"_links":{"self":[{"href":"https:\/\/www.novotek.com\/dk\/wp-json\/wp\/v2\/pages\/625","targetHints":{"allow":["GET"]}}],"collection":[{"href":"https:\/\/www.novotek.com\/dk\/wp-json\/wp\/v2\/pages"}],"about":[{"href":"https:\/\/www.novotek.com\/dk\/wp-json\/wp\/v2\/types\/page"}],"author":[{"embeddable":true,"href":"https:\/\/www.novotek.com\/dk\/wp-json\/wp\/v2\/users\/6"}],"replies":[{"embeddable":true,"href":"https:\/\/www.novotek.com\/dk\/wp-json\/wp\/v2\/comments?post=625"}],"version-history":[{"count":19,"href":"https:\/\/www.novotek.com\/dk\/wp-json\/wp\/v2\/pages\/625\/revisions"}],"predecessor-version":[{"id":2420,"href":"https:\/\/www.novotek.com\/dk\/wp-json\/wp\/v2\/pages\/625\/revisions\/2420"}],"up":[{"embeddable":true,"href":"https:\/\/www.novotek.com\/dk\/wp-json\/wp\/v2\/pages\/590"}],"wp:attachment":[{"href":"https:\/\/www.novotek.com\/dk\/wp-json\/wp\/v2\/media?parent=625"}],"curies":[{"name":"wp","href":"https:\/\/api.w.org\/{rel}","templated":true}]}}