{"id":871,"date":"2021-08-05T12:41:45","date_gmt":"2021-08-05T12:41:45","guid":{"rendered":"https:\/\/www.novotek.com\/dk\/?page_id=871"},"modified":"2026-03-31T07:15:35","modified_gmt":"2026-03-31T07:15:35","slug":"optimize","status":"publish","type":"page","link":"https:\/\/www.novotek.com\/dk\/optimize\/","title":{"rendered":"Optimize"},"content":{"rendered":"  <div class=\"hero\">\n    <div class=\"carousel hero-slider large\" data-flickity data-flickity-options='{\"prevNextButtons\": false}'>\n              <div class=\"carousel-cell\">\n          <div class=\"container\">\n            <div class=\"hero-content\">\n                              <h1>Optimize<\/h1>\n<p>Implementere industriel analyse for at bygge nye forretningsmodeller.<\/p>\n              \n                          <\/div>\n          <\/div>\n\n          <img decoding=\"async\" width=\"1024\" height=\"427\" src=\"https:\/\/www.novotek.com\/dk\/wp-content\/uploads\/sites\/4\/Novotek_optimize_duplex_cyan_1920x800px-1-1024x427.png\" class=\"hero-bg\" alt=\"Hero Img\" fetchpriority=\"high\" srcset=\"https:\/\/www.novotek.com\/dk\/wp-content\/uploads\/sites\/4\/Novotek_optimize_duplex_cyan_1920x800px-1-1024x427.png 1024w, https:\/\/www.novotek.com\/dk\/wp-content\/uploads\/sites\/4\/Novotek_optimize_duplex_cyan_1920x800px-1-300x125.png 300w, https:\/\/www.novotek.com\/dk\/wp-content\/uploads\/sites\/4\/Novotek_optimize_duplex_cyan_1920x800px-1-768x320.png 768w, https:\/\/www.novotek.com\/dk\/wp-content\/uploads\/sites\/4\/Novotek_optimize_duplex_cyan_1920x800px-1-1536x640.png 1536w, https:\/\/www.novotek.com\/dk\/wp-content\/uploads\/sites\/4\/Novotek_optimize_duplex_cyan_1920x800px-1.png 1920w\" sizes=\"(max-width: 1024px) 100vw, 1024px\" \/>                  <\/div>\n          <\/div>\n\n          <div class=\"scroll-down\">\n        <img decoding=\"async\" src=\"https:\/\/www.novotek.com\/dk\/wp-content\/themes\/novotek-multi\/assets\/svg\/arrow-down.svg\">\n      <\/div>\n      <\/div>\n\n   <div class=\"floating-breadcrumb\"><div class=\"container\"><span><span><a href=\"https:\/\/www.novotek.com\/dk\/\" class=\"breadcrumb-frontpage\">Home<\/a><\/span><\/span><\/div><\/div>\n\n\n<div class=\"container media-text  align\">\n<div class=\"wp-block-media-text has-media-on-the-right is-stacked-on-mobile\"><div class=\"wp-block-media-text__content\"><div class=\"container-md paragraph  \">\n<p>Sammenkoblinger mellem systemer, maskiner og udstyr, procesmodeller og korrekte data. Med dette kan du identificere produktionen og f\u00e5 et overblik over produktionsflowet og eventuelle flaskehalse. Brug indsigten til at optimere alle aspekter af virksomhedens drift.<\/p>\n<\/div>\n\n<div class=\"container-md paragraph  \">\n<p>Uanset om det er en maskine i en Machine Learning-applikation eller en komplet materiale str\u00f8m i en planl\u00e6gningsl\u00f8sning, er den grundl\u00e6ggende metode den samme: Analyse af relevante data.<\/p>\n<\/div>\n\n<div class=\"container-md paragraph  \">\n<p>Ved at bruge alle former for analyse, herunder AI og Machine learning, kan du bygge nye strategier. Fra produktionsplanl\u00e6gning og forebyggende vedligeholdelsesmodel til digitale tvillinger &#8211; mulighederne er mange.<\/p>\n<\/div>\n\n<div class=\"container-md paragraph  \">\n<p><a href=\"https:\/\/www.novotek.com\/dk\/digitalize\/\"><strong>L\u00e6s mere om Digitalize her.<\/strong><\/a><\/p>\n<\/div><\/div><figure class=\"wp-block-media-text__media\"><img loading=\"lazy\" decoding=\"async\" width=\"1024\" height=\"733\" src=\"https:\/\/www.novotek.com\/dk\/wp-content\/uploads\/sites\/4\/optimizearrows-1024x733-1.png\" alt=\"\" class=\"wp-image-1805 size-full\" srcset=\"https:\/\/www.novotek.com\/dk\/wp-content\/uploads\/sites\/4\/optimizearrows-1024x733-1.png 1024w, https:\/\/www.novotek.com\/dk\/wp-content\/uploads\/sites\/4\/optimizearrows-1024x733-1-300x215.png 300w, https:\/\/www.novotek.com\/dk\/wp-content\/uploads\/sites\/4\/optimizearrows-1024x733-1-768x550.png 768w\" sizes=\"auto, (max-width: 1024px) 100vw, 1024px\" \/><\/figure><\/div>\n<\/div>\n\n  <div class=\"slider-column-parent\">\n    <div class=\"container\">\n      <div class=\"slider-column-title\">Mere om optimize<\/div>\n\n      <div class=\"row\">\n        <div class=\"col-12 col-md-4\"><div class=\"column-box\">\n  \n      <div class=\"title\">\n      KPI-synlighed og dashboards i realtid for dygtige MES-brugere    <\/div>\n  \n      <div class=\"text\">\n      <p>&nbsp;<\/p>\n<p>L\u00e6r om det f\u00e6rdige indhold for Proficy Plant Applications-brugere i Proficy Operations Hub. P\u00e5 mindre end fem minutter kan du se, hvordan du kan konfigurere en &#8220;OEE&#8221;-side. F\u00e5 den rigtige information, hvor og hvorn\u00e5r du har brug for dem.<\/p>\n    <\/div>\n  \n      <a class=\"link\"  href=\"https:\/\/www.ge.com\/digital\/lp\/ge-digital-plant-applications-real-time-kpi-visibility-and-dashboards-proficy-mes-users\" target=\"_blank\">\n      Se webinaret    <\/a>\n  \n  <\/div>\n\n<\/div><div class=\"col-12 col-md-4\"><div class=\"column-box\">\n  \n      <div class=\"title\">\n      Machine Learning og Predictive Analytics vejledning for ingeni\u00f8rer    <\/div>\n  \n      <div class=\"text\">\n      <p>&nbsp;<\/p>\n<p>I dag betyder det at forblive konkurrencedygtig at komme videre p\u00e5 en digital transformationsrejse, herunder maskinl\u00e6ring og forudsigelig analyse. Ikke alene kan industrielle organisationer udnytte IoT-muligheden, optimere driften og skabe st\u00f8rre rentabilitet, men at engagere sig i de nyeste teknologier hj\u00e6lper ogs\u00e5 med at tiltr\u00e6kke og fastholde de bedste talenter.<\/p>\n    <\/div>\n  \n      <a class=\"link\"  href=\"https:\/\/www.ge.com\/digital\/lp\/machine-learning-and-predictive-analytics-guidebook-engineers\" target=\"_blank\">\n      Download vejledning    <\/a>\n  \n  <\/div>\n\n<\/div>      <\/div>\n    <\/div>\n  <\/div>\n","protected":false},"excerpt":{"rendered":"<p>Kontinuerlig indsigtsdrevet forbedring for hele v\u00e6rdik\u00e6den<\/p>\n","protected":false},"author":6,"featured_media":1905,"parent":0,"menu_order":6,"comment_status":"closed","ping_status":"closed","template":"","meta":{"_acf_changed":false,"_relevanssi_hide_post":"","_relevanssi_pin_for_all":"","_relevanssi_pin_keywords":"","_relevanssi_unpin_keywords":"","_relevanssi_related_keywords":"","_relevanssi_related_include_ids":"","_relevanssi_related_exclude_ids":"","_relevanssi_related_no_append":"","_relevanssi_related_not_related":"","_relevanssi_related_posts":"1","_relevanssi_noindex_reason":"","footnotes":""},"class_list":["post-871","page","type-page","status-publish","has-post-thumbnail","hentry"],"acf":[],"yoast_head":"<!-- This site is optimized with the Yoast SEO plugin v27.3 - https:\/\/yoast.com\/product\/yoast-seo-wordpress\/ -->\n<title>Optimize - Novotek Denmark<\/title>\n<meta name=\"description\" content=\"Optimer produktionen med vores l\u00f8sninger. Kontinuerlig indsigtsdrevet forbedring for hele v\u00e6rdik\u00e6den. L\u00e6s mere her.\" \/>\n<meta name=\"robots\" content=\"index, follow, max-snippet:-1, max-image-preview:large, max-video-preview:-1\" \/>\n<link rel=\"canonical\" href=\"https:\/\/www.novotek.com\/dk\/optimize\/\" \/>\n<meta property=\"og:locale\" content=\"da_DK\" \/>\n<meta property=\"og:type\" content=\"article\" \/>\n<meta property=\"og:title\" content=\"Optimize - Novotek Denmark\" \/>\n<meta property=\"og:description\" content=\"Optimer produktionen med vores l\u00f8sninger. Kontinuerlig indsigtsdrevet forbedring for hele v\u00e6rdik\u00e6den. L\u00e6s mere her.\" \/>\n<meta property=\"og:url\" content=\"https:\/\/www.novotek.com\/dk\/optimize\/\" \/>\n<meta property=\"og:site_name\" content=\"Novotek Danmark\" \/>\n<meta property=\"article:modified_time\" content=\"2026-03-31T07:15:35+00:00\" \/>\n<meta property=\"og:image\" content=\"https:\/\/www.novotek.com\/dk\/wp-content\/uploads\/sites\/4\/Novotek_optimize_duplex_cyan_392x300px.png\" \/>\n\t<meta property=\"og:image:width\" content=\"392\" \/>\n\t<meta property=\"og:image:height\" content=\"300\" \/>\n\t<meta property=\"og:image:type\" content=\"image\/png\" \/>\n<meta name=\"twitter:card\" content=\"summary_large_image\" \/>\n<meta name=\"twitter:label1\" content=\"Estimeret l\u00e6setid\" \/>\n\t<meta name=\"twitter:data1\" content=\"1 minut\" \/>\n<script type=\"application\/ld+json\" class=\"yoast-schema-graph\">{\"@context\":\"https:\\\/\\\/schema.org\",\"@graph\":[{\"@type\":\"WebPage\",\"@id\":\"https:\\\/\\\/www.novotek.com\\\/dk\\\/optimize\\\/\",\"url\":\"https:\\\/\\\/www.novotek.com\\\/dk\\\/optimize\\\/\",\"name\":\"Optimize - Novotek Denmark\",\"isPartOf\":{\"@id\":\"https:\\\/\\\/www.novotek.com\\\/dk\\\/#website\"},\"primaryImageOfPage\":{\"@id\":\"https:\\\/\\\/www.novotek.com\\\/dk\\\/optimize\\\/#primaryimage\"},\"image\":{\"@id\":\"https:\\\/\\\/www.novotek.com\\\/dk\\\/optimize\\\/#primaryimage\"},\"thumbnailUrl\":\"https:\\\/\\\/www.novotek.com\\\/dk\\\/wp-content\\\/uploads\\\/sites\\\/4\\\/Novotek_optimize_duplex_cyan_392x300px.png\",\"datePublished\":\"2021-08-05T12:41:45+00:00\",\"dateModified\":\"2026-03-31T07:15:35+00:00\",\"description\":\"Optimer produktionen med vores l\u00f8sninger. Kontinuerlig indsigtsdrevet forbedring for hele v\u00e6rdik\u00e6den. L\u00e6s mere her.\",\"breadcrumb\":{\"@id\":\"https:\\\/\\\/www.novotek.com\\\/dk\\\/optimize\\\/#breadcrumb\"},\"inLanguage\":\"da-DK\",\"potentialAction\":[{\"@type\":\"ReadAction\",\"target\":[\"https:\\\/\\\/www.novotek.com\\\/dk\\\/optimize\\\/\"]}]},{\"@type\":\"ImageObject\",\"inLanguage\":\"da-DK\",\"@id\":\"https:\\\/\\\/www.novotek.com\\\/dk\\\/optimize\\\/#primaryimage\",\"url\":\"https:\\\/\\\/www.novotek.com\\\/dk\\\/wp-content\\\/uploads\\\/sites\\\/4\\\/Novotek_optimize_duplex_cyan_392x300px.png\",\"contentUrl\":\"https:\\\/\\\/www.novotek.com\\\/dk\\\/wp-content\\\/uploads\\\/sites\\\/4\\\/Novotek_optimize_duplex_cyan_392x300px.png\",\"width\":392,\"height\":300},{\"@type\":\"BreadcrumbList\",\"@id\":\"https:\\\/\\\/www.novotek.com\\\/dk\\\/optimize\\\/#breadcrumb\",\"itemListElement\":[{\"@type\":\"ListItem\",\"position\":1,\"name\":\"Home\",\"item\":\"https:\\\/\\\/www.novotek.com\\\/dk\\\/\"},{\"@type\":\"ListItem\",\"position\":2,\"name\":\"Optimize\"}]},{\"@type\":\"WebSite\",\"@id\":\"https:\\\/\\\/www.novotek.com\\\/dk\\\/#website\",\"url\":\"https:\\\/\\\/www.novotek.com\\\/dk\\\/\",\"name\":\"Novotek Danmark\",\"description\":\"Automation, digitalisering og analyse\",\"publisher\":{\"@id\":\"https:\\\/\\\/www.novotek.com\\\/dk\\\/#organization\"},\"potentialAction\":[{\"@type\":\"SearchAction\",\"target\":{\"@type\":\"EntryPoint\",\"urlTemplate\":\"https:\\\/\\\/www.novotek.com\\\/dk\\\/?s={search_term_string}\"},\"query-input\":{\"@type\":\"PropertyValueSpecification\",\"valueRequired\":true,\"valueName\":\"search_term_string\"}}],\"inLanguage\":\"da-DK\"},{\"@type\":\"Organization\",\"@id\":\"https:\\\/\\\/www.novotek.com\\\/dk\\\/#organization\",\"name\":\"Novotek Danmark\",\"url\":\"https:\\\/\\\/www.novotek.com\\\/dk\\\/\",\"logo\":{\"@type\":\"ImageObject\",\"inLanguage\":\"da-DK\",\"@id\":\"https:\\\/\\\/www.novotek.com\\\/dk\\\/#\\\/schema\\\/logo\\\/image\\\/\",\"url\":\"https:\\\/\\\/www.novotek.com\\\/dk\\\/wp-content\\\/uploads\\\/sites\\\/4\\\/Denmark_files\\\/novotek-logotyp-rgb-pos.png\",\"contentUrl\":\"https:\\\/\\\/www.novotek.com\\\/dk\\\/wp-content\\\/uploads\\\/sites\\\/4\\\/Denmark_files\\\/novotek-logotyp-rgb-pos.png\",\"width\":1794,\"height\":520,\"caption\":\"Novotek Danmark\"},\"image\":{\"@id\":\"https:\\\/\\\/www.novotek.com\\\/dk\\\/#\\\/schema\\\/logo\\\/image\\\/\"},\"sameAs\":[\"https:\\\/\\\/www.linkedin.com\\\/company\\\/novotek-denmark\",\"https:\\\/\\\/www.youtube.com\\\/user\\\/NovotekCorp\"]}]}<\/script>\n<!-- \/ Yoast SEO plugin. -->","yoast_head_json":{"title":"Optimize - Novotek Denmark","description":"Optimer produktionen med vores l\u00f8sninger. Kontinuerlig indsigtsdrevet forbedring for hele v\u00e6rdik\u00e6den. L\u00e6s mere her.","robots":{"index":"index","follow":"follow","max-snippet":"max-snippet:-1","max-image-preview":"max-image-preview:large","max-video-preview":"max-video-preview:-1"},"canonical":"https:\/\/www.novotek.com\/dk\/optimize\/","og_locale":"da_DK","og_type":"article","og_title":"Optimize - Novotek Denmark","og_description":"Optimer produktionen med vores l\u00f8sninger. Kontinuerlig indsigtsdrevet forbedring for hele v\u00e6rdik\u00e6den. L\u00e6s mere her.","og_url":"https:\/\/www.novotek.com\/dk\/optimize\/","og_site_name":"Novotek Danmark","article_modified_time":"2026-03-31T07:15:35+00:00","og_image":[{"width":392,"height":300,"url":"https:\/\/www.novotek.com\/dk\/wp-content\/uploads\/sites\/4\/Novotek_optimize_duplex_cyan_392x300px.png","type":"image\/png"}],"twitter_card":"summary_large_image","twitter_misc":{"Estimeret l\u00e6setid":"1 minut"},"schema":{"@context":"https:\/\/schema.org","@graph":[{"@type":"WebPage","@id":"https:\/\/www.novotek.com\/dk\/optimize\/","url":"https:\/\/www.novotek.com\/dk\/optimize\/","name":"Optimize - Novotek Denmark","isPartOf":{"@id":"https:\/\/www.novotek.com\/dk\/#website"},"primaryImageOfPage":{"@id":"https:\/\/www.novotek.com\/dk\/optimize\/#primaryimage"},"image":{"@id":"https:\/\/www.novotek.com\/dk\/optimize\/#primaryimage"},"thumbnailUrl":"https:\/\/www.novotek.com\/dk\/wp-content\/uploads\/sites\/4\/Novotek_optimize_duplex_cyan_392x300px.png","datePublished":"2021-08-05T12:41:45+00:00","dateModified":"2026-03-31T07:15:35+00:00","description":"Optimer produktionen med vores l\u00f8sninger. Kontinuerlig indsigtsdrevet forbedring for hele v\u00e6rdik\u00e6den. L\u00e6s mere her.","breadcrumb":{"@id":"https:\/\/www.novotek.com\/dk\/optimize\/#breadcrumb"},"inLanguage":"da-DK","potentialAction":[{"@type":"ReadAction","target":["https:\/\/www.novotek.com\/dk\/optimize\/"]}]},{"@type":"ImageObject","inLanguage":"da-DK","@id":"https:\/\/www.novotek.com\/dk\/optimize\/#primaryimage","url":"https:\/\/www.novotek.com\/dk\/wp-content\/uploads\/sites\/4\/Novotek_optimize_duplex_cyan_392x300px.png","contentUrl":"https:\/\/www.novotek.com\/dk\/wp-content\/uploads\/sites\/4\/Novotek_optimize_duplex_cyan_392x300px.png","width":392,"height":300},{"@type":"BreadcrumbList","@id":"https:\/\/www.novotek.com\/dk\/optimize\/#breadcrumb","itemListElement":[{"@type":"ListItem","position":1,"name":"Home","item":"https:\/\/www.novotek.com\/dk\/"},{"@type":"ListItem","position":2,"name":"Optimize"}]},{"@type":"WebSite","@id":"https:\/\/www.novotek.com\/dk\/#website","url":"https:\/\/www.novotek.com\/dk\/","name":"Novotek Danmark","description":"Automation, digitalisering og analyse","publisher":{"@id":"https:\/\/www.novotek.com\/dk\/#organization"},"potentialAction":[{"@type":"SearchAction","target":{"@type":"EntryPoint","urlTemplate":"https:\/\/www.novotek.com\/dk\/?s={search_term_string}"},"query-input":{"@type":"PropertyValueSpecification","valueRequired":true,"valueName":"search_term_string"}}],"inLanguage":"da-DK"},{"@type":"Organization","@id":"https:\/\/www.novotek.com\/dk\/#organization","name":"Novotek Danmark","url":"https:\/\/www.novotek.com\/dk\/","logo":{"@type":"ImageObject","inLanguage":"da-DK","@id":"https:\/\/www.novotek.com\/dk\/#\/schema\/logo\/image\/","url":"https:\/\/www.novotek.com\/dk\/wp-content\/uploads\/sites\/4\/Denmark_files\/novotek-logotyp-rgb-pos.png","contentUrl":"https:\/\/www.novotek.com\/dk\/wp-content\/uploads\/sites\/4\/Denmark_files\/novotek-logotyp-rgb-pos.png","width":1794,"height":520,"caption":"Novotek Danmark"},"image":{"@id":"https:\/\/www.novotek.com\/dk\/#\/schema\/logo\/image\/"},"sameAs":["https:\/\/www.linkedin.com\/company\/novotek-denmark","https:\/\/www.youtube.com\/user\/NovotekCorp"]}]}},"_links":{"self":[{"href":"https:\/\/www.novotek.com\/dk\/wp-json\/wp\/v2\/pages\/871","targetHints":{"allow":["GET"]}}],"collection":[{"href":"https:\/\/www.novotek.com\/dk\/wp-json\/wp\/v2\/pages"}],"about":[{"href":"https:\/\/www.novotek.com\/dk\/wp-json\/wp\/v2\/types\/page"}],"author":[{"embeddable":true,"href":"https:\/\/www.novotek.com\/dk\/wp-json\/wp\/v2\/users\/6"}],"replies":[{"embeddable":true,"href":"https:\/\/www.novotek.com\/dk\/wp-json\/wp\/v2\/comments?post=871"}],"version-history":[{"count":52,"href":"https:\/\/www.novotek.com\/dk\/wp-json\/wp\/v2\/pages\/871\/revisions"}],"predecessor-version":[{"id":13560,"href":"https:\/\/www.novotek.com\/dk\/wp-json\/wp\/v2\/pages\/871\/revisions\/13560"}],"wp:featuredmedia":[{"embeddable":true,"href":"https:\/\/www.novotek.com\/dk\/wp-json\/wp\/v2\/media\/1905"}],"wp:attachment":[{"href":"https:\/\/www.novotek.com\/dk\/wp-json\/wp\/v2\/media?parent=871"}],"curies":[{"name":"wp","href":"https:\/\/api.w.org\/{rel}","templated":true}]}}