{"id":872,"date":"2021-08-05T12:41:46","date_gmt":"2021-08-05T12:41:46","guid":{"rendered":"https:\/\/www.novotek.com\/dk\/?page_id=872"},"modified":"2025-03-05T12:28:51","modified_gmt":"2025-03-05T12:28:51","slug":"digitalize","status":"publish","type":"page","link":"https:\/\/www.novotek.com\/dk\/digitalize\/","title":{"rendered":"Digitalize"},"content":{"rendered":"  <div class=\"hero\">\n    <div class=\"carousel hero-slider large\" data-flickity data-flickity-options='{\"prevNextButtons\": false}'>\n              <div class=\"carousel-cell\">\n          <div class=\"container\">\n            <div class=\"hero-content\">\n                              <h1>Digitalize<\/h1>\n<p>Brug digitale v\u00e6rkt\u00f8jer og arbejdsprincipper til at optimere drift og produktion.<\/p>\n              \n                          <\/div>\n          <\/div>\n\n          <img decoding=\"async\" width=\"1024\" height=\"427\" src=\"https:\/\/www.novotek.com\/dk\/wp-content\/uploads\/sites\/4\/Novotek_digitilize_duplex_cyan_1920x800px_reduced-1024x427.jpg\" class=\"hero-bg\" alt=\"Hero Img\" fetchpriority=\"high\" srcset=\"https:\/\/www.novotek.com\/dk\/wp-content\/uploads\/sites\/4\/Novotek_digitilize_duplex_cyan_1920x800px_reduced-1024x427.jpg 1024w, https:\/\/www.novotek.com\/dk\/wp-content\/uploads\/sites\/4\/Novotek_digitilize_duplex_cyan_1920x800px_reduced-300x125.jpg 300w, https:\/\/www.novotek.com\/dk\/wp-content\/uploads\/sites\/4\/Novotek_digitilize_duplex_cyan_1920x800px_reduced-768x320.jpg 768w, https:\/\/www.novotek.com\/dk\/wp-content\/uploads\/sites\/4\/Novotek_digitilize_duplex_cyan_1920x800px_reduced-1536x640.jpg 1536w, https:\/\/www.novotek.com\/dk\/wp-content\/uploads\/sites\/4\/Novotek_digitilize_duplex_cyan_1920x800px_reduced.jpg 1920w\" sizes=\"(max-width: 1024px) 100vw, 1024px\" \/>                  <\/div>\n          <\/div>\n\n          <div class=\"scroll-down\">\n        <img decoding=\"async\" src=\"https:\/\/www.novotek.com\/dk\/wp-content\/themes\/novotek-multi\/assets\/svg\/arrow-down.svg\">\n      <\/div>\n      <\/div>\n\n   <div class=\"floating-breadcrumb\"><div class=\"container\"><span><span><a href=\"https:\/\/www.novotek.com\/dk\/\" class=\"breadcrumb-frontpage\">Home<\/a><\/span><\/span><\/div><\/div>\n\n\n<div class=\"container media-text  align\">\n<div class=\"wp-block-media-text has-media-on-the-right is-stacked-on-mobile\"><div class=\"wp-block-media-text__content\"><div class=\"container-md paragraph  \">\n<p>I industri og produktion har ledelse, arbejdsgang, procedurer og processer gennemg\u00e5et kontinuerlige forbedringer i mange \u00e5r.<\/p>\n<\/div>\n\n<div class=\"container-md paragraph  \">\n<p>Automatisering af disse processer ved hj\u00e6lp af digitalisering tager det et skridt videre. Nu kan datastr\u00f8mmen overv\u00e5ges, kontrolleres, dokumenteres og optimeres &#8211; hvilket tager produktiviteten til et nyt niveau.<\/p>\n<\/div>\n\n<div class=\"container-md paragraph  \">\n<p>Ved at digitalisere kan du blandt andet tilf\u00f8re v\u00e6rdi til komplekse ressourcer, aktivere nye tjenester og finjustere industrielle processer. Sporing, <a href=\"https:\/\/www.novotek.com\/dk\/automation\/\"><strong>automatisering<\/strong><\/a>, <a href=\"https:\/\/www.novotek.com\/dk\/digitalisering\/oee\/\"><strong>OEE <\/strong><\/a>og <a href=\"https:\/\/www.novotek.com\/dk\/digitalisering\/dataopsamling-og-rapportering\/\"><strong>rapportering<\/strong><\/a> er blandt mange funktioner, der er en naturlig del af en digital transformation. Ved at bruge digitale v\u00e6rkt\u00f8jer og arbejdsprincipper kan du opn\u00e5 operationel topkvalitet. Er du klar til digitalisering?<\/p>\n<\/div>\n\n<div class=\"container-md paragraph  \">\n<p><a href=\"https:\/\/www.novotek.com\/dk\/optimize\/\"><strong>L\u00e6s mere om Optimize her.<\/strong><\/a><\/p>\n<\/div><\/div><figure class=\"wp-block-media-text__media\"><img loading=\"lazy\" decoding=\"async\" width=\"600\" height=\"478\" src=\"https:\/\/www.novotek.com\/dk\/wp-content\/uploads\/sites\/4\/Novotek_The_heart_of_Industrial_Digitalization_GIF_new_logo_webpage_Digitalize_600px.gif\" alt=\"\" class=\"wp-image-1802 size-full\" \/><\/figure><\/div>\n<\/div>\n\n  <div class=\"slider-column-parent\">\n    <div class=\"container\">\n      <div class=\"slider-column-title\">Mere om Digitalize<\/div>\n\n      <div class=\"row\">\n        <div class=\"col-12 col-md-4\"><div class=\"column-box\">\n  \n      <div class=\"title\">\n      Proficy    <\/div>\n  \n      <div class=\"text\">\n      <p>&nbsp;<\/p>\n<p style=\"text-align: left\">Start i dag og l\u00e6r om de store nye forbedringer p\u00e5 tv\u00e6rs af hele Proficy familien.<\/p>\n    <\/div>\n  \n      <a class=\"link\"  href=\"https:\/\/www.novotek.com\/dk\/digitalisering\/mes\/\" target=\"_blank\">\n      L\u00e6s mere om Proficy her.    <\/a>\n  \n  <\/div>\n\n<\/div><div class=\"col-12 col-md-4\"><div class=\"column-box\">\n  \n      <div class=\"title\">\n      Resiliens opn\u00e5et gennem digital produktionsplanl\u00e6gning    <\/div>\n  \n      <div class=\"text\">\n      <p>&nbsp;<\/p>\n<p>Med Covid-19-pandemien er produktionsvirksomheder blevet meget opm\u00e6rksomme p\u00e5 behovet for modstandskraft, det vil sige evnen til at tilpasse sig med succes til eksterne og interne st\u00f8d, udfordringer og forandringer.<\/p>\n    <\/div>\n  \n      <a class=\"link\"  href=\"https:\/\/rob-ex.com\/en\/resilience-achieved-through-digital-production-scheduling\/\" target=\"_blank\">\n      L\u00e6s mere    <\/a>\n  \n  <\/div>\n\n<\/div><div class=\"col-12 col-md-4\"><div class=\"column-box\">\n  \n      <div class=\"title\">\n      Industrial DataOps Maturity Model     <\/div>\n  \n      <div class=\"text\">\n      <p>&nbsp;<\/p>\n<p>Efterh\u00e5nden som virksomheder tilpasser Industry 4.0-teknologier, begynder mange med h\u00f8je visioner, men meget grundl\u00e6ggende indledende projekter. Industrial DataOps-modenhedsmodellen hj\u00e6lper kunder med at l\u00e6re, hvor de er p\u00e5 deres industrielle datarejse.<\/p>\n    <\/div>\n  \n      <a class=\"link\"  href=\"https:\/\/www.novotek.co.uk\/wp-content\/uploads\/sites\/7\/2021\/Novotek_UK\/Front_Page\/Digitalise\/HighByte-DataOps-Maturity-Model.pdf\" target=\"_blank\">\n      \u00c5ben PDF     <\/a>\n  \n  <\/div>\n\n<\/div>      <\/div>\n    <\/div>\n  <\/div>\n","protected":false},"excerpt":{"rendered":"<p>Transform\u00e9r operationer med fokus p\u00e5 menneskecentriske beslutningsv\u00e6rkt\u00f8jer<\/p>\n","protected":false},"author":6,"featured_media":4721,"parent":0,"menu_order":6,"comment_status":"closed","ping_status":"closed","template":"","meta":{"_acf_changed":false,"_relevanssi_hide_post":"","_relevanssi_pin_for_all":"","_relevanssi_pin_keywords":"","_relevanssi_unpin_keywords":"","_relevanssi_related_keywords":"","_relevanssi_related_include_ids":"","_relevanssi_related_exclude_ids":"","_relevanssi_related_no_append":"","_relevanssi_related_not_related":"","_relevanssi_related_posts":"1","_relevanssi_noindex_reason":"","footnotes":""},"class_list":["post-872","page","type-page","status-publish","has-post-thumbnail","hentry"],"acf":[],"yoast_head":"<!-- This site is optimized with the Yoast SEO plugin v27.3 - https:\/\/yoast.com\/product\/yoast-seo-wordpress\/ -->\n<title>Digitalize - Novotek Denmark<\/title>\n<meta name=\"description\" content=\"Brug digitale v\u00e6rkt\u00f8jer og arbejdsprincipper til at optimere drift og produktion. S\u00e5 opn\u00e5r du operationel kvalitet.\" \/>\n<meta name=\"robots\" content=\"index, follow, max-snippet:-1, max-image-preview:large, max-video-preview:-1\" \/>\n<link rel=\"canonical\" href=\"https:\/\/www.novotek.com\/dk\/digitalize\/\" \/>\n<meta property=\"og:locale\" content=\"da_DK\" \/>\n<meta property=\"og:type\" content=\"article\" \/>\n<meta property=\"og:title\" content=\"Digitalize - Novotek Denmark\" \/>\n<meta property=\"og:description\" content=\"Brug digitale v\u00e6rkt\u00f8jer og arbejdsprincipper til at optimere drift og produktion. S\u00e5 opn\u00e5r du operationel kvalitet.\" \/>\n<meta property=\"og:url\" content=\"https:\/\/www.novotek.com\/dk\/digitalize\/\" \/>\n<meta property=\"og:site_name\" content=\"Novotek Danmark\" \/>\n<meta property=\"article:modified_time\" content=\"2025-03-05T12:28:51+00:00\" \/>\n<meta property=\"og:image\" content=\"https:\/\/www.novotek.com\/dk\/wp-content\/uploads\/sites\/4\/digitalisering\/Novotek_digitilize_duplex_cyan_392x300px-opt.png\" \/>\n\t<meta property=\"og:image:width\" content=\"392\" \/>\n\t<meta property=\"og:image:height\" content=\"300\" \/>\n\t<meta property=\"og:image:type\" content=\"image\/png\" \/>\n<meta name=\"twitter:card\" content=\"summary_large_image\" \/>\n<meta name=\"twitter:label1\" content=\"Estimeret l\u00e6setid\" \/>\n\t<meta name=\"twitter:data1\" content=\"1 minut\" \/>\n<script type=\"application\/ld+json\" class=\"yoast-schema-graph\">{\"@context\":\"https:\\\/\\\/schema.org\",\"@graph\":[{\"@type\":\"WebPage\",\"@id\":\"https:\\\/\\\/www.novotek.com\\\/dk\\\/digitalize\\\/\",\"url\":\"https:\\\/\\\/www.novotek.com\\\/dk\\\/digitalize\\\/\",\"name\":\"Digitalize - Novotek Denmark\",\"isPartOf\":{\"@id\":\"https:\\\/\\\/www.novotek.com\\\/dk\\\/#website\"},\"primaryImageOfPage\":{\"@id\":\"https:\\\/\\\/www.novotek.com\\\/dk\\\/digitalize\\\/#primaryimage\"},\"image\":{\"@id\":\"https:\\\/\\\/www.novotek.com\\\/dk\\\/digitalize\\\/#primaryimage\"},\"thumbnailUrl\":\"https:\\\/\\\/www.novotek.com\\\/dk\\\/wp-content\\\/uploads\\\/sites\\\/4\\\/digitalisering\\\/Novotek_digitilize_duplex_cyan_392x300px-opt.png\",\"datePublished\":\"2021-08-05T12:41:46+00:00\",\"dateModified\":\"2025-03-05T12:28:51+00:00\",\"description\":\"Brug digitale v\u00e6rkt\u00f8jer og arbejdsprincipper til at optimere drift og produktion. S\u00e5 opn\u00e5r du operationel kvalitet.\",\"breadcrumb\":{\"@id\":\"https:\\\/\\\/www.novotek.com\\\/dk\\\/digitalize\\\/#breadcrumb\"},\"inLanguage\":\"da-DK\",\"potentialAction\":[{\"@type\":\"ReadAction\",\"target\":[\"https:\\\/\\\/www.novotek.com\\\/dk\\\/digitalize\\\/\"]}]},{\"@type\":\"ImageObject\",\"inLanguage\":\"da-DK\",\"@id\":\"https:\\\/\\\/www.novotek.com\\\/dk\\\/digitalize\\\/#primaryimage\",\"url\":\"https:\\\/\\\/www.novotek.com\\\/dk\\\/wp-content\\\/uploads\\\/sites\\\/4\\\/digitalisering\\\/Novotek_digitilize_duplex_cyan_392x300px-opt.png\",\"contentUrl\":\"https:\\\/\\\/www.novotek.com\\\/dk\\\/wp-content\\\/uploads\\\/sites\\\/4\\\/digitalisering\\\/Novotek_digitilize_duplex_cyan_392x300px-opt.png\",\"width\":392,\"height\":300,\"caption\":\"Novotek digitaliser\"},{\"@type\":\"BreadcrumbList\",\"@id\":\"https:\\\/\\\/www.novotek.com\\\/dk\\\/digitalize\\\/#breadcrumb\",\"itemListElement\":[{\"@type\":\"ListItem\",\"position\":1,\"name\":\"Home\",\"item\":\"https:\\\/\\\/www.novotek.com\\\/dk\\\/\"},{\"@type\":\"ListItem\",\"position\":2,\"name\":\"Digitalize\"}]},{\"@type\":\"WebSite\",\"@id\":\"https:\\\/\\\/www.novotek.com\\\/dk\\\/#website\",\"url\":\"https:\\\/\\\/www.novotek.com\\\/dk\\\/\",\"name\":\"Novotek Danmark\",\"description\":\"Automation, digitalisering og analyse\",\"publisher\":{\"@id\":\"https:\\\/\\\/www.novotek.com\\\/dk\\\/#organization\"},\"potentialAction\":[{\"@type\":\"SearchAction\",\"target\":{\"@type\":\"EntryPoint\",\"urlTemplate\":\"https:\\\/\\\/www.novotek.com\\\/dk\\\/?s={search_term_string}\"},\"query-input\":{\"@type\":\"PropertyValueSpecification\",\"valueRequired\":true,\"valueName\":\"search_term_string\"}}],\"inLanguage\":\"da-DK\"},{\"@type\":\"Organization\",\"@id\":\"https:\\\/\\\/www.novotek.com\\\/dk\\\/#organization\",\"name\":\"Novotek Danmark\",\"url\":\"https:\\\/\\\/www.novotek.com\\\/dk\\\/\",\"logo\":{\"@type\":\"ImageObject\",\"inLanguage\":\"da-DK\",\"@id\":\"https:\\\/\\\/www.novotek.com\\\/dk\\\/#\\\/schema\\\/logo\\\/image\\\/\",\"url\":\"https:\\\/\\\/www.novotek.com\\\/dk\\\/wp-content\\\/uploads\\\/sites\\\/4\\\/Denmark_files\\\/novotek-logotyp-rgb-pos.png\",\"contentUrl\":\"https:\\\/\\\/www.novotek.com\\\/dk\\\/wp-content\\\/uploads\\\/sites\\\/4\\\/Denmark_files\\\/novotek-logotyp-rgb-pos.png\",\"width\":1794,\"height\":520,\"caption\":\"Novotek Danmark\"},\"image\":{\"@id\":\"https:\\\/\\\/www.novotek.com\\\/dk\\\/#\\\/schema\\\/logo\\\/image\\\/\"},\"sameAs\":[\"https:\\\/\\\/www.linkedin.com\\\/company\\\/novotek-denmark\",\"https:\\\/\\\/www.youtube.com\\\/user\\\/NovotekCorp\"]}]}<\/script>\n<!-- \/ Yoast SEO plugin. -->","yoast_head_json":{"title":"Digitalize - Novotek Denmark","description":"Brug digitale v\u00e6rkt\u00f8jer og arbejdsprincipper til at optimere drift og produktion. S\u00e5 opn\u00e5r du operationel kvalitet.","robots":{"index":"index","follow":"follow","max-snippet":"max-snippet:-1","max-image-preview":"max-image-preview:large","max-video-preview":"max-video-preview:-1"},"canonical":"https:\/\/www.novotek.com\/dk\/digitalize\/","og_locale":"da_DK","og_type":"article","og_title":"Digitalize - Novotek Denmark","og_description":"Brug digitale v\u00e6rkt\u00f8jer og arbejdsprincipper til at optimere drift og produktion. S\u00e5 opn\u00e5r du operationel kvalitet.","og_url":"https:\/\/www.novotek.com\/dk\/digitalize\/","og_site_name":"Novotek Danmark","article_modified_time":"2025-03-05T12:28:51+00:00","og_image":[{"width":392,"height":300,"url":"https:\/\/www.novotek.com\/dk\/wp-content\/uploads\/sites\/4\/digitalisering\/Novotek_digitilize_duplex_cyan_392x300px-opt.png","type":"image\/png"}],"twitter_card":"summary_large_image","twitter_misc":{"Estimeret l\u00e6setid":"1 minut"},"schema":{"@context":"https:\/\/schema.org","@graph":[{"@type":"WebPage","@id":"https:\/\/www.novotek.com\/dk\/digitalize\/","url":"https:\/\/www.novotek.com\/dk\/digitalize\/","name":"Digitalize - Novotek Denmark","isPartOf":{"@id":"https:\/\/www.novotek.com\/dk\/#website"},"primaryImageOfPage":{"@id":"https:\/\/www.novotek.com\/dk\/digitalize\/#primaryimage"},"image":{"@id":"https:\/\/www.novotek.com\/dk\/digitalize\/#primaryimage"},"thumbnailUrl":"https:\/\/www.novotek.com\/dk\/wp-content\/uploads\/sites\/4\/digitalisering\/Novotek_digitilize_duplex_cyan_392x300px-opt.png","datePublished":"2021-08-05T12:41:46+00:00","dateModified":"2025-03-05T12:28:51+00:00","description":"Brug digitale v\u00e6rkt\u00f8jer og arbejdsprincipper til at optimere drift og produktion. S\u00e5 opn\u00e5r du operationel kvalitet.","breadcrumb":{"@id":"https:\/\/www.novotek.com\/dk\/digitalize\/#breadcrumb"},"inLanguage":"da-DK","potentialAction":[{"@type":"ReadAction","target":["https:\/\/www.novotek.com\/dk\/digitalize\/"]}]},{"@type":"ImageObject","inLanguage":"da-DK","@id":"https:\/\/www.novotek.com\/dk\/digitalize\/#primaryimage","url":"https:\/\/www.novotek.com\/dk\/wp-content\/uploads\/sites\/4\/digitalisering\/Novotek_digitilize_duplex_cyan_392x300px-opt.png","contentUrl":"https:\/\/www.novotek.com\/dk\/wp-content\/uploads\/sites\/4\/digitalisering\/Novotek_digitilize_duplex_cyan_392x300px-opt.png","width":392,"height":300,"caption":"Novotek digitaliser"},{"@type":"BreadcrumbList","@id":"https:\/\/www.novotek.com\/dk\/digitalize\/#breadcrumb","itemListElement":[{"@type":"ListItem","position":1,"name":"Home","item":"https:\/\/www.novotek.com\/dk\/"},{"@type":"ListItem","position":2,"name":"Digitalize"}]},{"@type":"WebSite","@id":"https:\/\/www.novotek.com\/dk\/#website","url":"https:\/\/www.novotek.com\/dk\/","name":"Novotek Danmark","description":"Automation, digitalisering og analyse","publisher":{"@id":"https:\/\/www.novotek.com\/dk\/#organization"},"potentialAction":[{"@type":"SearchAction","target":{"@type":"EntryPoint","urlTemplate":"https:\/\/www.novotek.com\/dk\/?s={search_term_string}"},"query-input":{"@type":"PropertyValueSpecification","valueRequired":true,"valueName":"search_term_string"}}],"inLanguage":"da-DK"},{"@type":"Organization","@id":"https:\/\/www.novotek.com\/dk\/#organization","name":"Novotek Danmark","url":"https:\/\/www.novotek.com\/dk\/","logo":{"@type":"ImageObject","inLanguage":"da-DK","@id":"https:\/\/www.novotek.com\/dk\/#\/schema\/logo\/image\/","url":"https:\/\/www.novotek.com\/dk\/wp-content\/uploads\/sites\/4\/Denmark_files\/novotek-logotyp-rgb-pos.png","contentUrl":"https:\/\/www.novotek.com\/dk\/wp-content\/uploads\/sites\/4\/Denmark_files\/novotek-logotyp-rgb-pos.png","width":1794,"height":520,"caption":"Novotek Danmark"},"image":{"@id":"https:\/\/www.novotek.com\/dk\/#\/schema\/logo\/image\/"},"sameAs":["https:\/\/www.linkedin.com\/company\/novotek-denmark","https:\/\/www.youtube.com\/user\/NovotekCorp"]}]}},"_links":{"self":[{"href":"https:\/\/www.novotek.com\/dk\/wp-json\/wp\/v2\/pages\/872","targetHints":{"allow":["GET"]}}],"collection":[{"href":"https:\/\/www.novotek.com\/dk\/wp-json\/wp\/v2\/pages"}],"about":[{"href":"https:\/\/www.novotek.com\/dk\/wp-json\/wp\/v2\/types\/page"}],"author":[{"embeddable":true,"href":"https:\/\/www.novotek.com\/dk\/wp-json\/wp\/v2\/users\/6"}],"replies":[{"embeddable":true,"href":"https:\/\/www.novotek.com\/dk\/wp-json\/wp\/v2\/comments?post=872"}],"version-history":[{"count":147,"href":"https:\/\/www.novotek.com\/dk\/wp-json\/wp\/v2\/pages\/872\/revisions"}],"predecessor-version":[{"id":10157,"href":"https:\/\/www.novotek.com\/dk\/wp-json\/wp\/v2\/pages\/872\/revisions\/10157"}],"wp:featuredmedia":[{"embeddable":true,"href":"https:\/\/www.novotek.com\/dk\/wp-json\/wp\/v2\/media\/4721"}],"wp:attachment":[{"href":"https:\/\/www.novotek.com\/dk\/wp-json\/wp\/v2\/media?parent=872"}],"curies":[{"name":"wp","href":"https:\/\/api.w.org\/{rel}","templated":true}]}}