{"id":873,"date":"2021-08-05T12:41:46","date_gmt":"2021-08-05T12:41:46","guid":{"rendered":"https:\/\/www.novotek.com\/dk\/?page_id=873"},"modified":"2025-02-26T08:17:52","modified_gmt":"2025-02-26T08:17:52","slug":"connect","status":"publish","type":"page","link":"https:\/\/www.novotek.com\/dk\/connect\/","title":{"rendered":"Connect"},"content":{"rendered":"  <div class=\"hero\">\n    <div class=\"carousel hero-slider large\" data-flickity data-flickity-options='{\"prevNextButtons\": false}'>\n              <div class=\"carousel-cell\">\n          <div class=\"container\">\n            <div class=\"hero-content\">\n                              <h1>Connect<\/h1>\n<p>Forbind dine industrielle systemer, processer, produkter og mennesker.<\/p>\n              \n                          <\/div>\n          <\/div>\n\n          <img decoding=\"async\" width=\"1024\" height=\"427\" src=\"https:\/\/www.novotek.com\/dk\/wp-content\/uploads\/sites\/4\/world-mini-1024x427.jpg\" class=\"hero-bg\" alt=\"Hero Img\" fetchpriority=\"high\" srcset=\"https:\/\/www.novotek.com\/dk\/wp-content\/uploads\/sites\/4\/world-mini-1024x427.jpg 1024w, https:\/\/www.novotek.com\/dk\/wp-content\/uploads\/sites\/4\/world-mini-300x125.jpg 300w, https:\/\/www.novotek.com\/dk\/wp-content\/uploads\/sites\/4\/world-mini-768x320.jpg 768w, https:\/\/www.novotek.com\/dk\/wp-content\/uploads\/sites\/4\/world-mini.jpg 1536w\" sizes=\"(max-width: 1024px) 100vw, 1024px\" \/>                  <\/div>\n          <\/div>\n\n          <div class=\"scroll-down\">\n        <img decoding=\"async\" src=\"https:\/\/www.novotek.com\/dk\/wp-content\/themes\/novotek-multi\/assets\/svg\/arrow-down.svg\">\n      <\/div>\n      <\/div>\n\n   <div class=\"floating-breadcrumb\"><div class=\"container\"><span><span><a href=\"https:\/\/www.novotek.com\/dk\/\" class=\"breadcrumb-frontpage\">Home<\/a><\/span><\/span><\/div><\/div>\n\n\n<div class=\"container media-text  \">\n<div class=\"wp-block-media-text alignwide has-media-on-the-right is-stacked-on-mobile\"><div class=\"wp-block-media-text__content\"><div class=\"container-md paragraph  \">\n<p>Start din digitale rejse ved at forbinde dine produktionsenheder med andre maskiner, processer og mennesker. Ved at forbinde forskellige dele af forretningen og driften kan data leveres til nye applikationer.<\/p>\n<\/div>\n\n<div class=\"container-md paragraph  \">\n<p>Uanset om du sender data til skyen eller rundt p\u00e5 fabrikken, er sikkerhedsaspektet kritisk og skal designes i l\u00f8sningerne lige fra starten.<\/p>\n<\/div>\n\n<div class=\"container-md paragraph  \">\n<p>Forbindelser er gradvist under mindre opsyn. Dette g\u00f8r det afg\u00f8rende for forbindelsesteamet at tage sig af kvalitet, validitet og forberedelse af data. Datadrift, kaldet DataOps, er en ny datastyringsstrategi. Dette styrer datalivscyklussen p\u00e5 tv\u00e6rs af IT- og OT -lag og bryder datasiloer mellem applikationer.<\/p>\n<\/div>\n\n<div class=\"container-md paragraph  \">\n<p>Med vores fleksible DataOps tilgang til design, implementering og vedligeholdelse af distribueret dataarkitektur hj\u00e6lper vi dig med at sikre, at dine data kan bruges fleksibelt og effektivt. Med let adgang til de rigtige data kan du opn\u00e5 positive forretningsresultater for din produktion.<\/p>\n<\/div><\/div><figure class=\"wp-block-media-text__media\"><img loading=\"lazy\" decoding=\"async\" width=\"1024\" height=\"719\" src=\"https:\/\/www.novotek.com\/dk\/wp-content\/uploads\/sites\/4\/Connect_illustration_600x600px-1024x719-1-min.png\" alt=\"forbindelser\" class=\"wp-image-3502 size-full\" srcset=\"https:\/\/www.novotek.com\/dk\/wp-content\/uploads\/sites\/4\/Connect_illustration_600x600px-1024x719-1-min.png 1024w, https:\/\/www.novotek.com\/dk\/wp-content\/uploads\/sites\/4\/Connect_illustration_600x600px-1024x719-1-min-300x211.png 300w, https:\/\/www.novotek.com\/dk\/wp-content\/uploads\/sites\/4\/Connect_illustration_600x600px-1024x719-1-min-768x539.png 768w\" sizes=\"auto, (max-width: 1024px) 100vw, 1024px\" \/><\/figure><\/div>\n<\/div>\n\n<div class=\"container-md heading  \">\n<h2 class=\"has-text-align-center wp-block-heading\" id=\"h-\"><br><\/h2>\n<\/div>\n\n  <div class=\"slider-column-parent\">\n    <div class=\"container\">\n      <div class=\"slider-column-title\">Mere om Connect<\/div>\n\n      <div class=\"row\">\n        <div class=\"col-12 col-md-4\"><div class=\"column-box\">\n  \n      <div class=\"title\">\n      Introduktion til industriel data     <\/div>\n  \n      <div class=\"text\">\n      <p><img loading=\"lazy\" decoding=\"async\" class=\"size-full wp-image-1879 aligncenter\" src=\"http:\/\/www.novotek.dk\/wp-content\/uploads\/sites\/4\/Introduction_to_data_management_image_600px_duplex_cyan-300x230-1.png\" alt=\"\" width=\"300\" height=\"230\" \/><\/p>\n<p>Start din digitale transformation ved at udvikle en effektiv og fremtidssikret strategi for industrielle data.<\/p>\n<p>L\u00e6s vores guide til, hvordan du forbedrer forbindelser og datah\u00e5ndtering, fra fabriksgulve til effektiv analyse.<\/p>\n    <\/div>\n  \n      <a class=\"link\"  href=\"https:\/\/www.novotek.com\/dk\/nov183_introduction_to_data_management_sn\/\" target=\"_blank\">\n      \u00c5ben PDF    <\/a>\n  \n  <\/div>\n\n<\/div><div class=\"col-12 col-md-4\"><div class=\"column-box\">\n  \n      <div class=\"title\">\n      The End of Silos &#8211; Industrial Connectivity     <\/div>\n  \n      <div class=\"text\">\n      <p><img loading=\"lazy\" decoding=\"async\" class=\"alignnone size-full wp-image-1880 aligncenter\" src=\"http:\/\/www.novotek.dk\/wp-content\/uploads\/sites\/4\/The_End_of_Silos_600px_duplex_cyan-300x230-1.png\" alt=\"\" width=\"300\" height=\"230\" \/><\/p>\n<p>L\u00e6r mere om, hvordan industriel forbindelse, ny IIoT-teknologi og digitale processer tager samarbejde og innovation til et nyt niveau.<\/p>\n<p>I denne PDF kan du l\u00e6se om tilsluttede maskiner, effektiv kommunikation og smartere operationer.<\/p>\n    <\/div>\n  \n      <a class=\"link\"  href=\"https:\/\/www.novotek.com\/dk\/the-end-of-silos_-how-industrial-connectivity-is-transforming-engineering\/\" target=\"_blank\">\n      \u00c5ben PDF    <\/a>\n  \n  <\/div>\n\n<\/div><div class=\"col-12 col-md-4\"><div class=\"column-box\">\n  \n      <div class=\"title\">\n      Fire praktiske cases for Industrial DataOps    <\/div>\n  \n      <div class=\"text\">\n      <p><img loading=\"lazy\" decoding=\"async\" class=\"wp-image-2368 size-medium aligncenter\" src=\"https:\/\/www.novotek.com\/dk\/wp-content\/uploads\/sites\/4\/Connect_Industrial_DataOps_600x460px-300x230.png\" alt=\"Industrial_DataOps\" width=\"300\" height=\"230\" srcset=\"https:\/\/www.novotek.com\/dk\/wp-content\/uploads\/sites\/4\/Connect_Industrial_DataOps_600x460px-300x230.png 300w, https:\/\/www.novotek.com\/dk\/wp-content\/uploads\/sites\/4\/Connect_Industrial_DataOps_600x460px.png 600w\" sizes=\"auto, (max-width: 300px) 100vw, 300px\" \/>De fleste produktionsvirksomheder indser fordelene ved at udnytte industrielle data til at forbedre produktionen og spare omkostninger, men udfordringen er at integrere datastr\u00f8mme p\u00e5 tv\u00e6rs af applikationer. Industrial DataOps giver en ny tilgang til dataintegration og -styring.<\/p>\n    <\/div>\n  \n      <a class=\"link\"  href=\"https:\/\/www.highbyte.com\/blog\/four-practical-use-cases-for-industrial-dataops\" target=\"_blank\">\n      L\u00e6s mere     <\/a>\n  \n  <\/div>\n\n<\/div>      <\/div>\n    <\/div>\n  <\/div>\n","protected":false},"excerpt":{"rendered":"<p>Forbind mennesker, enheder og systemer fra fabriksgulvet til skyen<\/p>\n","protected":false},"author":6,"featured_media":4719,"parent":0,"menu_order":6,"comment_status":"closed","ping_status":"closed","template":"","meta":{"_acf_changed":false,"_relevanssi_hide_post":"","_relevanssi_pin_for_all":"","_relevanssi_pin_keywords":"","_relevanssi_unpin_keywords":"","_relevanssi_related_keywords":"","_relevanssi_related_include_ids":"","_relevanssi_related_exclude_ids":"","_relevanssi_related_no_append":"","_relevanssi_related_not_related":"","_relevanssi_related_posts":"1","_relevanssi_noindex_reason":"","footnotes":""},"class_list":["post-873","page","type-page","status-publish","has-post-thumbnail","hentry"],"acf":[],"yoast_head":"<!-- This site is optimized with the Yoast SEO plugin v27.3 - https:\/\/yoast.com\/product\/yoast-seo-wordpress\/ -->\n<title>Connect - Forbind dine industrielle systemer<\/title>\n<meta name=\"description\" content=\"Novotek hj\u00e6lper jer med at forbinde jeres industrielle systemer. Forbind mennesker, enheder og systemer fra fabriksgulvet til skyen.\" \/>\n<meta name=\"robots\" content=\"index, follow, max-snippet:-1, max-image-preview:large, max-video-preview:-1\" \/>\n<link rel=\"canonical\" href=\"https:\/\/www.novotek.com\/dk\/connect\/\" \/>\n<meta property=\"og:locale\" content=\"da_DK\" \/>\n<meta property=\"og:type\" content=\"article\" \/>\n<meta property=\"og:title\" content=\"Connect - Forbind dine industrielle systemer\" \/>\n<meta property=\"og:description\" content=\"Novotek hj\u00e6lper jer med at forbinde jeres industrielle systemer. Forbind mennesker, enheder og systemer fra fabriksgulvet til skyen.\" \/>\n<meta property=\"og:url\" content=\"https:\/\/www.novotek.com\/dk\/connect\/\" \/>\n<meta property=\"og:site_name\" content=\"Novotek Danmark\" \/>\n<meta property=\"article:modified_time\" content=\"2025-02-26T08:17:52+00:00\" \/>\n<meta property=\"og:image\" content=\"https:\/\/www.novotek.com\/dk\/wp-content\/uploads\/sites\/4\/Novotek_connect_world_duplex_cyan_392x300px-opt.png\" \/>\n\t<meta property=\"og:image:width\" content=\"392\" \/>\n\t<meta property=\"og:image:height\" content=\"300\" \/>\n\t<meta property=\"og:image:type\" content=\"image\/png\" \/>\n<meta name=\"twitter:card\" content=\"summary_large_image\" \/>\n<meta name=\"twitter:label1\" content=\"Estimeret l\u00e6setid\" \/>\n\t<meta name=\"twitter:data1\" content=\"2 minutter\" \/>\n<script type=\"application\/ld+json\" class=\"yoast-schema-graph\">{\"@context\":\"https:\\\/\\\/schema.org\",\"@graph\":[{\"@type\":\"WebPage\",\"@id\":\"https:\\\/\\\/www.novotek.com\\\/dk\\\/connect\\\/\",\"url\":\"https:\\\/\\\/www.novotek.com\\\/dk\\\/connect\\\/\",\"name\":\"Connect - Forbind dine industrielle systemer\",\"isPartOf\":{\"@id\":\"https:\\\/\\\/www.novotek.com\\\/dk\\\/#website\"},\"primaryImageOfPage\":{\"@id\":\"https:\\\/\\\/www.novotek.com\\\/dk\\\/connect\\\/#primaryimage\"},\"image\":{\"@id\":\"https:\\\/\\\/www.novotek.com\\\/dk\\\/connect\\\/#primaryimage\"},\"thumbnailUrl\":\"https:\\\/\\\/www.novotek.com\\\/dk\\\/wp-content\\\/uploads\\\/sites\\\/4\\\/Novotek_connect_world_duplex_cyan_392x300px-opt.png\",\"datePublished\":\"2021-08-05T12:41:46+00:00\",\"dateModified\":\"2025-02-26T08:17:52+00:00\",\"description\":\"Novotek hj\u00e6lper jer med at forbinde jeres industrielle systemer. Forbind mennesker, enheder og systemer fra fabriksgulvet til skyen.\",\"breadcrumb\":{\"@id\":\"https:\\\/\\\/www.novotek.com\\\/dk\\\/connect\\\/#breadcrumb\"},\"inLanguage\":\"da-DK\",\"potentialAction\":[{\"@type\":\"ReadAction\",\"target\":[\"https:\\\/\\\/www.novotek.com\\\/dk\\\/connect\\\/\"]}]},{\"@type\":\"ImageObject\",\"inLanguage\":\"da-DK\",\"@id\":\"https:\\\/\\\/www.novotek.com\\\/dk\\\/connect\\\/#primaryimage\",\"url\":\"https:\\\/\\\/www.novotek.com\\\/dk\\\/wp-content\\\/uploads\\\/sites\\\/4\\\/Novotek_connect_world_duplex_cyan_392x300px-opt.png\",\"contentUrl\":\"https:\\\/\\\/www.novotek.com\\\/dk\\\/wp-content\\\/uploads\\\/sites\\\/4\\\/Novotek_connect_world_duplex_cyan_392x300px-opt.png\",\"width\":392,\"height\":300,\"caption\":\"Novotek forbind\"},{\"@type\":\"BreadcrumbList\",\"@id\":\"https:\\\/\\\/www.novotek.com\\\/dk\\\/connect\\\/#breadcrumb\",\"itemListElement\":[{\"@type\":\"ListItem\",\"position\":1,\"name\":\"Home\",\"item\":\"https:\\\/\\\/www.novotek.com\\\/dk\\\/\"},{\"@type\":\"ListItem\",\"position\":2,\"name\":\"Connect\"}]},{\"@type\":\"WebSite\",\"@id\":\"https:\\\/\\\/www.novotek.com\\\/dk\\\/#website\",\"url\":\"https:\\\/\\\/www.novotek.com\\\/dk\\\/\",\"name\":\"Novotek Danmark\",\"description\":\"Automation, digitalisering og analyse\",\"publisher\":{\"@id\":\"https:\\\/\\\/www.novotek.com\\\/dk\\\/#organization\"},\"potentialAction\":[{\"@type\":\"SearchAction\",\"target\":{\"@type\":\"EntryPoint\",\"urlTemplate\":\"https:\\\/\\\/www.novotek.com\\\/dk\\\/?s={search_term_string}\"},\"query-input\":{\"@type\":\"PropertyValueSpecification\",\"valueRequired\":true,\"valueName\":\"search_term_string\"}}],\"inLanguage\":\"da-DK\"},{\"@type\":\"Organization\",\"@id\":\"https:\\\/\\\/www.novotek.com\\\/dk\\\/#organization\",\"name\":\"Novotek Danmark\",\"url\":\"https:\\\/\\\/www.novotek.com\\\/dk\\\/\",\"logo\":{\"@type\":\"ImageObject\",\"inLanguage\":\"da-DK\",\"@id\":\"https:\\\/\\\/www.novotek.com\\\/dk\\\/#\\\/schema\\\/logo\\\/image\\\/\",\"url\":\"https:\\\/\\\/www.novotek.com\\\/dk\\\/wp-content\\\/uploads\\\/sites\\\/4\\\/Denmark_files\\\/novotek-logotyp-rgb-pos.png\",\"contentUrl\":\"https:\\\/\\\/www.novotek.com\\\/dk\\\/wp-content\\\/uploads\\\/sites\\\/4\\\/Denmark_files\\\/novotek-logotyp-rgb-pos.png\",\"width\":1794,\"height\":520,\"caption\":\"Novotek Danmark\"},\"image\":{\"@id\":\"https:\\\/\\\/www.novotek.com\\\/dk\\\/#\\\/schema\\\/logo\\\/image\\\/\"},\"sameAs\":[\"https:\\\/\\\/www.linkedin.com\\\/company\\\/novotek-denmark\",\"https:\\\/\\\/www.youtube.com\\\/user\\\/NovotekCorp\"]}]}<\/script>\n<!-- \/ Yoast SEO plugin. -->","yoast_head_json":{"title":"Connect - Forbind dine industrielle systemer","description":"Novotek hj\u00e6lper jer med at forbinde jeres industrielle systemer. Forbind mennesker, enheder og systemer fra fabriksgulvet til skyen.","robots":{"index":"index","follow":"follow","max-snippet":"max-snippet:-1","max-image-preview":"max-image-preview:large","max-video-preview":"max-video-preview:-1"},"canonical":"https:\/\/www.novotek.com\/dk\/connect\/","og_locale":"da_DK","og_type":"article","og_title":"Connect - Forbind dine industrielle systemer","og_description":"Novotek hj\u00e6lper jer med at forbinde jeres industrielle systemer. Forbind mennesker, enheder og systemer fra fabriksgulvet til skyen.","og_url":"https:\/\/www.novotek.com\/dk\/connect\/","og_site_name":"Novotek Danmark","article_modified_time":"2025-02-26T08:17:52+00:00","og_image":[{"width":392,"height":300,"url":"https:\/\/www.novotek.com\/dk\/wp-content\/uploads\/sites\/4\/Novotek_connect_world_duplex_cyan_392x300px-opt.png","type":"image\/png"}],"twitter_card":"summary_large_image","twitter_misc":{"Estimeret l\u00e6setid":"2 minutter"},"schema":{"@context":"https:\/\/schema.org","@graph":[{"@type":"WebPage","@id":"https:\/\/www.novotek.com\/dk\/connect\/","url":"https:\/\/www.novotek.com\/dk\/connect\/","name":"Connect - Forbind dine industrielle systemer","isPartOf":{"@id":"https:\/\/www.novotek.com\/dk\/#website"},"primaryImageOfPage":{"@id":"https:\/\/www.novotek.com\/dk\/connect\/#primaryimage"},"image":{"@id":"https:\/\/www.novotek.com\/dk\/connect\/#primaryimage"},"thumbnailUrl":"https:\/\/www.novotek.com\/dk\/wp-content\/uploads\/sites\/4\/Novotek_connect_world_duplex_cyan_392x300px-opt.png","datePublished":"2021-08-05T12:41:46+00:00","dateModified":"2025-02-26T08:17:52+00:00","description":"Novotek hj\u00e6lper jer med at forbinde jeres industrielle systemer. Forbind mennesker, enheder og systemer fra fabriksgulvet til skyen.","breadcrumb":{"@id":"https:\/\/www.novotek.com\/dk\/connect\/#breadcrumb"},"inLanguage":"da-DK","potentialAction":[{"@type":"ReadAction","target":["https:\/\/www.novotek.com\/dk\/connect\/"]}]},{"@type":"ImageObject","inLanguage":"da-DK","@id":"https:\/\/www.novotek.com\/dk\/connect\/#primaryimage","url":"https:\/\/www.novotek.com\/dk\/wp-content\/uploads\/sites\/4\/Novotek_connect_world_duplex_cyan_392x300px-opt.png","contentUrl":"https:\/\/www.novotek.com\/dk\/wp-content\/uploads\/sites\/4\/Novotek_connect_world_duplex_cyan_392x300px-opt.png","width":392,"height":300,"caption":"Novotek forbind"},{"@type":"BreadcrumbList","@id":"https:\/\/www.novotek.com\/dk\/connect\/#breadcrumb","itemListElement":[{"@type":"ListItem","position":1,"name":"Home","item":"https:\/\/www.novotek.com\/dk\/"},{"@type":"ListItem","position":2,"name":"Connect"}]},{"@type":"WebSite","@id":"https:\/\/www.novotek.com\/dk\/#website","url":"https:\/\/www.novotek.com\/dk\/","name":"Novotek Danmark","description":"Automation, digitalisering og analyse","publisher":{"@id":"https:\/\/www.novotek.com\/dk\/#organization"},"potentialAction":[{"@type":"SearchAction","target":{"@type":"EntryPoint","urlTemplate":"https:\/\/www.novotek.com\/dk\/?s={search_term_string}"},"query-input":{"@type":"PropertyValueSpecification","valueRequired":true,"valueName":"search_term_string"}}],"inLanguage":"da-DK"},{"@type":"Organization","@id":"https:\/\/www.novotek.com\/dk\/#organization","name":"Novotek Danmark","url":"https:\/\/www.novotek.com\/dk\/","logo":{"@type":"ImageObject","inLanguage":"da-DK","@id":"https:\/\/www.novotek.com\/dk\/#\/schema\/logo\/image\/","url":"https:\/\/www.novotek.com\/dk\/wp-content\/uploads\/sites\/4\/Denmark_files\/novotek-logotyp-rgb-pos.png","contentUrl":"https:\/\/www.novotek.com\/dk\/wp-content\/uploads\/sites\/4\/Denmark_files\/novotek-logotyp-rgb-pos.png","width":1794,"height":520,"caption":"Novotek Danmark"},"image":{"@id":"https:\/\/www.novotek.com\/dk\/#\/schema\/logo\/image\/"},"sameAs":["https:\/\/www.linkedin.com\/company\/novotek-denmark","https:\/\/www.youtube.com\/user\/NovotekCorp"]}]}},"_links":{"self":[{"href":"https:\/\/www.novotek.com\/dk\/wp-json\/wp\/v2\/pages\/873","targetHints":{"allow":["GET"]}}],"collection":[{"href":"https:\/\/www.novotek.com\/dk\/wp-json\/wp\/v2\/pages"}],"about":[{"href":"https:\/\/www.novotek.com\/dk\/wp-json\/wp\/v2\/types\/page"}],"author":[{"embeddable":true,"href":"https:\/\/www.novotek.com\/dk\/wp-json\/wp\/v2\/users\/6"}],"replies":[{"embeddable":true,"href":"https:\/\/www.novotek.com\/dk\/wp-json\/wp\/v2\/comments?post=873"}],"version-history":[{"count":85,"href":"https:\/\/www.novotek.com\/dk\/wp-json\/wp\/v2\/pages\/873\/revisions"}],"predecessor-version":[{"id":4720,"href":"https:\/\/www.novotek.com\/dk\/wp-json\/wp\/v2\/pages\/873\/revisions\/4720"}],"wp:featuredmedia":[{"embeddable":true,"href":"https:\/\/www.novotek.com\/dk\/wp-json\/wp\/v2\/media\/4719"}],"wp:attachment":[{"href":"https:\/\/www.novotek.com\/dk\/wp-json\/wp\/v2\/media?parent=873"}],"curies":[{"name":"wp","href":"https:\/\/api.w.org\/{rel}","templated":true}]}}