{"id":13628,"date":"2024-04-16T09:36:34","date_gmt":"2024-04-16T09:36:34","guid":{"rendered":"https:\/\/www.novotek.com\/fi\/?page_id=13628"},"modified":"2026-01-08T14:31:21","modified_gmt":"2026-01-08T12:31:21","slug":"tapahtui-virhe","status":"publish","type":"page","link":"https:\/\/www.novotek.com\/fi\/tapahtui-virhe\/","title":{"rendered":"Tapahtui virhe"},"content":{"rendered":"<div class=\"container-md heading  \">\n<h2 class=\"wp-block-heading has-text-align-center\">Voi ei, jotain meni vikaan!<\/h2>\n<\/div>\n\n<div class=\"container-md spacer  \">\n<div style=\"height:12px\" aria-hidden=\"true\" class=\"wp-block-spacer\"><\/div>\n<\/div>\n\n<div class=\"container-md paragraph  aligncenter\">\n<p class=\"has-text-align-center\">Pahoittelut! Yrit\u00e4 l\u00e4hett\u00e4\u00e4 lomake uudelleen. <br>Mik\u00e4li ongelma jatkuu, ota meihin yhteytt\u00e4:<\/p>\n<\/div>\n\n<div class=\"container-md paragraph  aligncenter\">\n<p class=\"has-text-align-center has-vivid-red-color has-text-color has-link-color wp-elements-a2154dfbfc8a80cf49fb01f94b12f666\"><a href=\"tel:+358 20 795 9450\"><strong>puh:<\/strong>\u00a0+358 20 795 9450<\/a><br><a href=\"mailto:marketing.finland@novotek.fi\"><strong>s\u00e4hk\u00f6posti:\u00a0<\/strong>marketing.finland@novotek.com<\/a><\/p>\n<\/div>\n\n<div class=\"container-md spacer  \">\n<div style=\"height:24px\" aria-hidden=\"true\" class=\"wp-block-spacer\"><\/div>\n<\/div>\n\n<div class=\"container-md paragraph  \">\n<p><\/p>\n<\/div>","protected":false},"excerpt":{"rendered":"<p>Voi ei, jotain meni vikaan! Pahoittelut! Yrit\u00e4 l\u00e4hett\u00e4\u00e4 lomake uudelleen. Mik\u00e4li ongelma jatkuu, ota meihin yhteytt\u00e4: puh:\u00a0+358 20 795 9450s\u00e4hk\u00f6posti:\u00a0marketing.finland@novotek.com<\/p>\n","protected":false},"author":5,"featured_media":0,"parent":0,"menu_order":0,"comment_status":"closed","ping_status":"closed","template":"","meta":{"_acf_changed":false,"_relevanssi_hide_post":"","_relevanssi_pin_for_all":"","_relevanssi_pin_keywords":"","_relevanssi_unpin_keywords":"","_relevanssi_related_keywords":"","_relevanssi_related_include_ids":"","_relevanssi_related_exclude_ids":"","_relevanssi_related_no_append":"","_relevanssi_related_not_related":"","_relevanssi_related_posts":"6551,12655,4811,11923,4838,8849","_relevanssi_noindex_reason":"","footnotes":""},"class_list":["post-13628","page","type-page","status-publish","hentry"],"acf":[],"yoast_head":"<!-- This site is optimized with the Yoast SEO plugin v27.5 - https:\/\/yoast.com\/product\/yoast-seo-wordpress\/ -->\n<title>Tapahtui virhe - Novotek Finland<\/title>\n<meta name=\"robots\" content=\"index, follow, max-snippet:-1, max-image-preview:large, max-video-preview:-1\" \/>\n<link rel=\"canonical\" href=\"https:\/\/www.novotek.com\/fi\/tapahtui-virhe\/\" \/>\n<meta property=\"og:locale\" content=\"fi_FI\" \/>\n<meta property=\"og:type\" content=\"article\" \/>\n<meta property=\"og:title\" content=\"Tapahtui virhe - Novotek Finland\" \/>\n<meta property=\"og:description\" content=\"Voi ei, jotain meni vikaan! Pahoittelut! Yrit\u00e4 l\u00e4hett\u00e4\u00e4 lomake uudelleen. Mik\u00e4li ongelma jatkuu, ota meihin yhteytt\u00e4: puh:\u00a0+358 20 795 9450s\u00e4hk\u00f6posti:\u00a0marketing.finland@novotek.com\" \/>\n<meta property=\"og:url\" content=\"https:\/\/www.novotek.com\/fi\/tapahtui-virhe\/\" \/>\n<meta property=\"og:site_name\" content=\"Novotek Finland\" \/>\n<meta property=\"article:modified_time\" content=\"2026-01-08T12:31:21+00:00\" \/>\n<meta name=\"twitter:card\" content=\"summary_large_image\" \/>\n<meta name=\"twitter:label1\" content=\"Arvioitu lukuaika\" \/>\n\t<meta name=\"twitter:data1\" content=\"1 minuutti\" \/>\n<script type=\"application\/ld+json\" class=\"yoast-schema-graph\">{\"@context\":\"https:\\\/\\\/schema.org\",\"@graph\":[{\"@type\":\"WebPage\",\"@id\":\"https:\\\/\\\/www.novotek.com\\\/fi\\\/tapahtui-virhe\\\/\",\"url\":\"https:\\\/\\\/www.novotek.com\\\/fi\\\/tapahtui-virhe\\\/\",\"name\":\"Tapahtui virhe - Novotek Finland\",\"isPartOf\":{\"@id\":\"https:\\\/\\\/www.novotek.com\\\/fi\\\/#website\"},\"datePublished\":\"2024-04-16T09:36:34+00:00\",\"dateModified\":\"2026-01-08T12:31:21+00:00\",\"breadcrumb\":{\"@id\":\"https:\\\/\\\/www.novotek.com\\\/fi\\\/tapahtui-virhe\\\/#breadcrumb\"},\"inLanguage\":\"fi\",\"potentialAction\":[{\"@type\":\"ReadAction\",\"target\":[\"https:\\\/\\\/www.novotek.com\\\/fi\\\/tapahtui-virhe\\\/\"]}]},{\"@type\":\"BreadcrumbList\",\"@id\":\"https:\\\/\\\/www.novotek.com\\\/fi\\\/tapahtui-virhe\\\/#breadcrumb\",\"itemListElement\":[{\"@type\":\"ListItem\",\"position\":1,\"name\":\"Home\",\"item\":\"https:\\\/\\\/www.novotek.com\\\/fi\\\/\"},{\"@type\":\"ListItem\",\"position\":2,\"name\":\"Tapahtui virhe\"}]},{\"@type\":\"WebSite\",\"@id\":\"https:\\\/\\\/www.novotek.com\\\/fi\\\/#website\",\"url\":\"https:\\\/\\\/www.novotek.com\\\/fi\\\/\",\"name\":\"Novotek Finland\",\"description\":\"Teollisuuden digitalisaatio\",\"publisher\":{\"@id\":\"https:\\\/\\\/www.novotek.com\\\/fi\\\/#organization\"},\"potentialAction\":[{\"@type\":\"SearchAction\",\"target\":{\"@type\":\"EntryPoint\",\"urlTemplate\":\"https:\\\/\\\/www.novotek.com\\\/fi\\\/?s={search_term_string}\"},\"query-input\":{\"@type\":\"PropertyValueSpecification\",\"valueRequired\":true,\"valueName\":\"search_term_string\"}}],\"inLanguage\":\"fi\"},{\"@type\":\"Organization\",\"@id\":\"https:\\\/\\\/www.novotek.com\\\/fi\\\/#organization\",\"name\":\"Novotek Finland\",\"url\":\"https:\\\/\\\/www.novotek.com\\\/fi\\\/\",\"logo\":{\"@type\":\"ImageObject\",\"inLanguage\":\"fi\",\"@id\":\"https:\\\/\\\/www.novotek.com\\\/fi\\\/#\\\/schema\\\/logo\\\/image\\\/\",\"url\":\"https:\\\/\\\/www.novotek.com\\\/fi\\\/wp-content\\\/uploads\\\/sites\\\/6\\\/Logo\\\/novotek-symbol-rgb-pos.jpg\",\"contentUrl\":\"https:\\\/\\\/www.novotek.com\\\/fi\\\/wp-content\\\/uploads\\\/sites\\\/6\\\/Logo\\\/novotek-symbol-rgb-pos.jpg\",\"width\":864,\"height\":734,\"caption\":\"Novotek Finland\"},\"image\":{\"@id\":\"https:\\\/\\\/www.novotek.com\\\/fi\\\/#\\\/schema\\\/logo\\\/image\\\/\"},\"sameAs\":[\"https:\\\/\\\/fi.linkedin.com\\\/company\\\/novotek-oy\"]}]}<\/script>\n<!-- \/ Yoast SEO plugin. -->","yoast_head_json":{"title":"Tapahtui virhe - Novotek Finland","robots":{"index":"index","follow":"follow","max-snippet":"max-snippet:-1","max-image-preview":"max-image-preview:large","max-video-preview":"max-video-preview:-1"},"canonical":"https:\/\/www.novotek.com\/fi\/tapahtui-virhe\/","og_locale":"fi_FI","og_type":"article","og_title":"Tapahtui virhe - Novotek Finland","og_description":"Voi ei, jotain meni vikaan! Pahoittelut! Yrit\u00e4 l\u00e4hett\u00e4\u00e4 lomake uudelleen. Mik\u00e4li ongelma jatkuu, ota meihin yhteytt\u00e4: puh:\u00a0+358 20 795 9450s\u00e4hk\u00f6posti:\u00a0marketing.finland@novotek.com","og_url":"https:\/\/www.novotek.com\/fi\/tapahtui-virhe\/","og_site_name":"Novotek Finland","article_modified_time":"2026-01-08T12:31:21+00:00","twitter_card":"summary_large_image","twitter_misc":{"Arvioitu lukuaika":"1 minuutti"},"schema":{"@context":"https:\/\/schema.org","@graph":[{"@type":"WebPage","@id":"https:\/\/www.novotek.com\/fi\/tapahtui-virhe\/","url":"https:\/\/www.novotek.com\/fi\/tapahtui-virhe\/","name":"Tapahtui virhe - Novotek Finland","isPartOf":{"@id":"https:\/\/www.novotek.com\/fi\/#website"},"datePublished":"2024-04-16T09:36:34+00:00","dateModified":"2026-01-08T12:31:21+00:00","breadcrumb":{"@id":"https:\/\/www.novotek.com\/fi\/tapahtui-virhe\/#breadcrumb"},"inLanguage":"fi","potentialAction":[{"@type":"ReadAction","target":["https:\/\/www.novotek.com\/fi\/tapahtui-virhe\/"]}]},{"@type":"BreadcrumbList","@id":"https:\/\/www.novotek.com\/fi\/tapahtui-virhe\/#breadcrumb","itemListElement":[{"@type":"ListItem","position":1,"name":"Home","item":"https:\/\/www.novotek.com\/fi\/"},{"@type":"ListItem","position":2,"name":"Tapahtui virhe"}]},{"@type":"WebSite","@id":"https:\/\/www.novotek.com\/fi\/#website","url":"https:\/\/www.novotek.com\/fi\/","name":"Novotek Finland","description":"Teollisuuden digitalisaatio","publisher":{"@id":"https:\/\/www.novotek.com\/fi\/#organization"},"potentialAction":[{"@type":"SearchAction","target":{"@type":"EntryPoint","urlTemplate":"https:\/\/www.novotek.com\/fi\/?s={search_term_string}"},"query-input":{"@type":"PropertyValueSpecification","valueRequired":true,"valueName":"search_term_string"}}],"inLanguage":"fi"},{"@type":"Organization","@id":"https:\/\/www.novotek.com\/fi\/#organization","name":"Novotek Finland","url":"https:\/\/www.novotek.com\/fi\/","logo":{"@type":"ImageObject","inLanguage":"fi","@id":"https:\/\/www.novotek.com\/fi\/#\/schema\/logo\/image\/","url":"https:\/\/www.novotek.com\/fi\/wp-content\/uploads\/sites\/6\/Logo\/novotek-symbol-rgb-pos.jpg","contentUrl":"https:\/\/www.novotek.com\/fi\/wp-content\/uploads\/sites\/6\/Logo\/novotek-symbol-rgb-pos.jpg","width":864,"height":734,"caption":"Novotek Finland"},"image":{"@id":"https:\/\/www.novotek.com\/fi\/#\/schema\/logo\/image\/"},"sameAs":["https:\/\/fi.linkedin.com\/company\/novotek-oy"]}]}},"_links":{"self":[{"href":"https:\/\/www.novotek.com\/fi\/wp-json\/wp\/v2\/pages\/13628","targetHints":{"allow":["GET"]}}],"collection":[{"href":"https:\/\/www.novotek.com\/fi\/wp-json\/wp\/v2\/pages"}],"about":[{"href":"https:\/\/www.novotek.com\/fi\/wp-json\/wp\/v2\/types\/page"}],"author":[{"embeddable":true,"href":"https:\/\/www.novotek.com\/fi\/wp-json\/wp\/v2\/users\/5"}],"replies":[{"embeddable":true,"href":"https:\/\/www.novotek.com\/fi\/wp-json\/wp\/v2\/comments?post=13628"}],"version-history":[{"count":10,"href":"https:\/\/www.novotek.com\/fi\/wp-json\/wp\/v2\/pages\/13628\/revisions"}],"predecessor-version":[{"id":18472,"href":"https:\/\/www.novotek.com\/fi\/wp-json\/wp\/v2\/pages\/13628\/revisions\/18472"}],"wp:attachment":[{"href":"https:\/\/www.novotek.com\/fi\/wp-json\/wp\/v2\/media?parent=13628"}],"curies":[{"name":"wp","href":"https:\/\/api.w.org\/{rel}","templated":true}]}}