{"id":1433,"date":"2021-09-24T08:01:38","date_gmt":"2021-09-24T08:01:38","guid":{"rendered":"https:\/\/www.novotek.com\/fi\/?page_id=1433"},"modified":"2026-03-18T16:23:14","modified_gmt":"2026-03-18T14:23:14","slug":"ratkaisut-ja-tuotteet","status":"publish","type":"page","link":"https:\/\/www.novotek.com\/fi\/ratkaisut-ja-tuotteet\/","title":{"rendered":"Ratkaisut ja tuotteet"},"content":{"rendered":"  <div class=\"hero\">\n    <div class=\"carousel hero-slider large\" data-flickity data-flickity-options='{\"prevNextButtons\": false}'>\n              <div class=\"carousel-cell\">\n          <div class=\"container\">\n            <div class=\"hero-content\">\n                              <h1>Ratkaisut ja tuotteet<\/h1>\n<p>Tarjoamme IT ja automaatioratkaisuja teollisuuden tarpeisiin. Avullamme yhdist\u00e4t, digitalisoit ja optimoit tuotantosi prosessit ja toimintakyvyn.<\/p>\n              \n                          <\/div>\n          <\/div>\n\n          <img decoding=\"async\" width=\"1024\" height=\"427\" src=\"https:\/\/www.novotek.com\/fi\/wp-content\/uploads\/sites\/6\/Etusivu\/Novotek_solutions_and_products_header_1920x800px-1024x427.jpg\" class=\"hero-bg\" alt=\"Hero Img\" fetchpriority=\"high\" srcset=\"https:\/\/www.novotek.com\/fi\/wp-content\/uploads\/sites\/6\/Etusivu\/Novotek_solutions_and_products_header_1920x800px-1024x427.jpg 1024w, https:\/\/www.novotek.com\/fi\/wp-content\/uploads\/sites\/6\/Etusivu\/Novotek_solutions_and_products_header_1920x800px-300x125.jpg 300w, https:\/\/www.novotek.com\/fi\/wp-content\/uploads\/sites\/6\/Etusivu\/Novotek_solutions_and_products_header_1920x800px-768x320.jpg 768w, https:\/\/www.novotek.com\/fi\/wp-content\/uploads\/sites\/6\/Etusivu\/Novotek_solutions_and_products_header_1920x800px-1536x640.jpg 1536w, https:\/\/www.novotek.com\/fi\/wp-content\/uploads\/sites\/6\/Etusivu\/Novotek_solutions_and_products_header_1920x800px.jpg 1920w\" sizes=\"(max-width: 1024px) 100vw, 1024px\" \/>                  <\/div>\n          <\/div>\n\n      <\/div>\n\n   <div class=\"floating-breadcrumb\"><div class=\"container\"><span><span><a href=\"https:\/\/www.novotek.com\/fi\/\" class=\"breadcrumb-frontpage\">Home<\/a><\/span><\/span><\/div><\/div>\n\n\n  <div class=\"slider-column-parent\">\n    <div class=\"container\">\n      <div class=\"slider-column-title\">Tutustu tarjontaamme<\/div>\n\n      <div class=\"row\">\n        <div class=\"col-12 col-md-4\"><div class=\"column-box\">\n  \n      <div class=\"title\">\n      Analytiikka    <\/div>\n  \n      <div class=\"text\">\n      <p>Nopeuta analytiikan kehityst\u00e4, ennusta tapahtumia ja luo arvoa l\u00e4pi organisaation.<\/p>\n<p>&nbsp;<\/p>\n<ul>\n<li style=\"text-align: left\"><a href=\"https:\/\/www.novotek.com\/fi\/ratkaisut-ja-tuotteet\/analytiikka\/proficy-csense\/\" rel=\"noopener\">Proficy CSense<\/a><\/li>\n<li style=\"text-align: left\"><a href=\"https:\/\/powerbi.microsoft.com\/\" target=\"_blank\" rel=\"noopener\">Microsoft Power BI<\/a><\/li>\n<\/ul>\n    <\/div>\n  \n      <a class=\"link\"  href=\"https:\/\/www.novotek.com\/fi\/ratkaisut-ja-tuotteet\/analytiikka\/\" target=\"_blank\">\n      Analytiikka    <\/a>\n  \n  <\/div>\n\n<\/div><div class=\"col-12 col-md-4\"><div class=\"column-box\">\n  \n      <div class=\"title\">\n      Automaation versionhallinta    <\/div>\n  \n      <div class=\"text\">\n      <p>Palauta j\u00e4rjestelm\u00e4t nopeasti k\u00e4ytt\u00f6kuntoon, hanki suojaa uhkia vastaan ja helpota j\u00e4ljitett\u00e4vyytt\u00e4.<\/p>\n<p>&nbsp;<\/p>\n<ul>\n<li style=\"text-align: left\"><a href=\"https:\/\/www.novotek.com\/fi\/ratkaisut-ja-tuotteet\/automaation-versionhallinta\/octoplant\/\">Octoplant<\/a><\/li>\n<\/ul>\n    <\/div>\n  \n      <a class=\"link\"  href=\"https:\/\/www.novotek.com\/fi\/ratkaisut-ja-tuotteet\/automaation-versionhallinta\/\" target=\"_blank\">\n      Versionhallinta    <\/a>\n  \n  <\/div>\n\n<\/div><div class=\"col-12 col-md-4\"><div class=\"column-box\">\n  \n      <div class=\"title\">\n      HMI \/ SCADA    <\/div>\n  \n      <div class=\"text\">\n      <p>SCADA:n avulla ohjaat ja valvot tuotantoprosesseja.<\/p>\n<ul>\n<li style=\"text-align: left\"><a href=\"https:\/\/www.novotek.com\/fi\/ratkaisut-ja-tuotteet\/hmi-scada\/ifix-hmi-scada\/\">iFIX HMI\/SCADA<\/a><\/li>\n<\/ul>\n<p>&nbsp;<\/p>\n    <\/div>\n  \n      <a class=\"link\"  href=\"https:\/\/www.novotek.com\/fi\/ratkaisut-ja-tuotteet\/hmi-scada\/\" target=\"_blank\">\n      HMI\/ SCADA    <\/a>\n  \n  <\/div>\n\n<\/div><div class=\"col-12 col-md-4\"><div class=\"column-box\">\n  \n      <div class=\"title\">\n      Kunnossapito    <\/div>\n  \n      <div class=\"text\">\n      <p>Suorita oikeat huollot oikeaan aikaan modernin kunnossapitoj\u00e4rjestelm\u00e4n avulla.<\/p>\n<p>&nbsp;<\/p>\n<ul>\n<li style=\"text-align: left\"><a href=\"https:\/\/www.novotek.com\/fi\/ratkaisut-ja-tuotteet\/kunnossapito\/idus-online\/\">Idus Online<\/a><\/li>\n<\/ul>\n    <\/div>\n  \n      <a class=\"link\"  href=\"https:\/\/www.novotek.com\/fi\/ratkaisut-ja-tuotteet\/kunnossapito\/\" target=\"_blank\">\n      Kunnossapito    <\/a>\n  \n  <\/div>\n\n<\/div><div class=\"col-12 col-md-4\"><div class=\"column-box\">\n  \n      <div class=\"title\">\n      MES &#8211; Smart Factory    <\/div>\n  \n      <div class=\"text\">\n      <p>MES-j\u00e4rjestelm\u00e4n avulla saat kattavan kokonaiskuvan ja ainutlaatuisen hallinnan koko tuotantoprosessista.<\/p>\n<p>&nbsp;<\/p>\n<ul>\n<li style=\"text-align: left\"><a href=\"https:\/\/www.novotek.com\/fi\/ratkaisut-ja-tuotteet\/mes\/proficy-plant-applications\/\">Proficy Plant Application\u00a0<\/a><\/li>\n<li style=\"text-align: left\"><a href=\"https:\/\/www.novotek.com\/fi\/ratkaisut-ja-tuotteet\/tiedonkeruu\/proficy-historian\/\">Proficy Historian<\/a><\/li>\n<li style=\"text-align: left\"><a href=\"https:\/\/www.novotek.com\/fi\/ratkaisut-ja-tuotteet\/tiedonkeruu\/proficy-operations-hub\/\">Proficy Operations Hub<\/a><\/li>\n<li style=\"text-align: left\"><a href=\"https:\/\/www.novotek.com\/fi\/ratkaisut-ja-tuotteet\/tuotannonsuunnittelu\/rob-ex-scheduler\/\">ROB-EX Scheduler<\/a><\/li>\n<\/ul>\n    <\/div>\n  \n      <a class=\"link\"  href=\"https:\/\/www.novotek.com\/fi\/ratkaisut-ja-tuotteet\/mes\/\" target=\"_blank\">\n      MES    <\/a>\n  \n  <\/div>\n\n<\/div><div class=\"col-12 col-md-4\"><div class=\"column-box\">\n  \n      <div class=\"title\">\n       OEE\/KNL    <\/div>\n  \n      <div class=\"text\">\n      <p>Seuraa tuotannon suorituskyky\u00e4 ja laatua automaattisesti.<\/p>\n<p>&nbsp;<\/p>\n<ul>\n<li style=\"text-align: left\"><a href=\"https:\/\/www.novotek.com\/fi\/ratkaisut-ja-tuotteet\/knl-oee\/rs-production\/\" rel=\"noopener\">RS Production<\/a><\/li>\n<\/ul>\n<p>&nbsp;<\/p>\n    <\/div>\n  \n      <a class=\"link\"  href=\"https:\/\/www.novotek.com\/fi\/ratkaisut-ja-tuotteet\/knl-oee\/\" target=\"_blank\">\n      KNL\/OEE    <\/a>\n  \n  <\/div>\n\n<\/div><div class=\"col-12 col-md-4\"><div class=\"column-box\">\n  \n      <div class=\"title\">\n      Teollisuuden ohjausj\u00e4rjestelm\u00e4t    <\/div>\n  \n      <div class=\"text\">\n      <p>Kattava valikoima ohjauslaitteita teollisuuden tarpeisiin.<\/p>\n<p>&nbsp;<\/p>\n<ul>\n<li style=\"text-align: left\"><a href=\"https:\/\/www.novotek.com\/fi\/ratkaisut-ja-tuotteet\/ohjausjarjestelmat\/teollisuus-pc-ja-naytot\/\">Teollisuus PC:t ja n\u00e4yt\u00f6t<\/a><\/li>\n<li style=\"text-align: left\">Operointipaneeli (OP)<\/li>\n<li style=\"text-align: left\">Ohjelmoitava logiikka (PLC)<\/li>\n<li style=\"text-align: left\"><a href=\"https:\/\/www.novotek.com\/fi\/ratkaisut-ja-tuotteet\/hmi-scada\/\">HMI\/SCADA iFIX\u00a0<\/a><\/li>\n<li><a href=\"https:\/\/www.novotek.com\/fi\/novotek-industrial-edge-gateway\/\">Novotek Industrial Edge Gateway<\/a><\/li>\n<\/ul>\n    <\/div>\n  \n      <a class=\"link\"  href=\"https:\/\/www.novotek.com\/fi\/ratkaisut-ja-tuotteet\/ohjausjarjestelmat\/\" target=\"_blank\">\n      Ohjausj\u00e4rjestelm\u00e4t    <\/a>\n  \n  <\/div>\n\n<\/div><div class=\"col-12 col-md-4\"><div class=\"column-box\">\n  \n      <div class=\"title\">\n      Teollinen DataOps    <\/div>\n  \n      <div class=\"text\">\n      <p>Tee teollisuusdatasta helposti hy\u00f6dynnett\u00e4v\u00e4\u00e4<\/p>\n<p>&nbsp;<\/p>\n<ul>\n<li style=\"text-align: left\"><a href=\"https:\/\/www.novotek.com\/fi\/ratkaisut-ja-tuotteet\/teollinen-dataops\/highbyte-intelligence-hub\/\">HighByte Intelligence Hub<\/a><\/li>\n<\/ul>\n<p>&nbsp;<\/p>\n    <\/div>\n  \n      <a class=\"link\"  href=\"https:\/\/www.novotek.com\/fi\/ratkaisut-ja-tuotteet\/teollinen-dataops\/\" target=\"_blank\">\n      Teollinen DataOps    <\/a>\n  \n  <\/div>\n\n<\/div><div class=\"col-12 col-md-4\"><div class=\"column-box\">\n  \n      <div class=\"title\">\n      Teollinen internet \/ IIoT    <\/div>\n  \n      <div class=\"text\">\n      <p>Hy\u00f6dynn\u00e4 informaatiota koko ekosysteemin l\u00e4pi.<\/p>\n<ul>\n<li style=\"list-style-type: none\">\n<ul>\n<li style=\"text-align: left\"><a href=\"https:\/\/www.novotek.com\/fi\/ratkaisut-ja-tuotteet\/teollinen-iot\/thingworx\/\" target=\"_blank\" rel=\"noopener\">ThingWorx<\/a><\/li>\n<li><a href=\"https:\/\/www.novotek.com\/fi\/ratkaisut-ja-tuotteet\/teollinen-dataops\/highbyte-intelligence-hub\/\">HighByte Intelligence Hub\u00a0<\/a><\/li>\n<li><a href=\"https:\/\/www.novotek.com\/fi\/novotek-industrial-edge-gateway\/\">Novotek Industrial Edge Gateway<\/a><\/li>\n<\/ul>\n<\/li>\n<\/ul>\n<p>&nbsp;<\/p>\n    <\/div>\n  \n      <a class=\"link\"  href=\"https:\/\/www.novotek.com\/fi\/ratkaisut-ja-tuotteet\/teollinen-iot\/\" target=\"_blank\">\n      Teollinen IoT    <\/a>\n  \n  <\/div>\n\n<\/div><div class=\"col-12 col-md-4\"><div class=\"column-box\">\n  \n      <div class=\"title\">\n      Tiedonkeruu    <\/div>\n  \n      <div class=\"text\">\n      <p>Yhdist\u00e4, tallenna ja hy\u00f6dynn\u00e4 tehokkaasti kaikki prosessitietosi.<\/p>\n<p>&nbsp;<\/p>\n<ul>\n<li style=\"text-align: left\"><a href=\"https:\/\/www.novotek.com\/fi\/ratkaisut-ja-tuotteet\/tiedonkeruu\/kepware-kepserverex\/\">Kepware KEPServerEX<\/a><\/li>\n<li style=\"text-align: left\"><a href=\"https:\/\/www.novotek.com\/fi\/ratkaisut-ja-tuotteet\/tiedonkeruu\/opc-router\/\">OPC Router<\/a><\/li>\n<li style=\"text-align: left\"><a href=\"https:\/\/www.novotek.com\/fi\/ratkaisut-ja-tuotteet\/tiedonkeruu\/proficy-historian\/\">Proficy Historian<\/a><\/li>\n<li style=\"text-align: left\"><a href=\"https:\/\/www.novotek.com\/fi\/ratkaisut-ja-tuotteet\/teollinen-dataops\/highbyte-intelligence-hub\/\">HighByte Intelligence Hub<\/a><\/li>\n<li style=\"text-align: left\"><a href=\"https:\/\/www.novotek.com\/fi\/ratkaisut-ja-tuotteet\/tiedonkeruu\/proficy-operations-hub\/\" rel=\"noopener\">Proficy Operations Hub<\/a><\/li>\n<li><a href=\"https:\/\/www.novotek.com\/fi\/novotek-industrial-edge-gateway\/\">Novotek Industrial Edge Gateway<\/a><\/li>\n<\/ul>\n    <\/div>\n  \n      <a class=\"link\"  href=\"https:\/\/www.novotek.com\/fi\/ratkaisut-ja-tuotteet\/tiedonkeruu\/\" target=\"_blank\">\n      Tiedonkeruu    <\/a>\n  \n  <\/div>\n\n<\/div><div class=\"col-12 col-md-4\"><div class=\"column-box\">\n  \n      <div class=\"title\">\n      Tuotannonsuunnittelu     <\/div>\n  \n      <div class=\"text\">\n      <p>Optimoi k\u00e4ytett\u00e4viss\u00e4 oleva tuotantokapasiteettisi.<\/p>\n<p>&nbsp;<\/p>\n<ul>\n<li style=\"text-align: left\"><a href=\"https:\/\/www.novotek.com\/fi\/ratkaisut-ja-tuotteet\/tuotannonsuunnittelu\/rob-ex-scheduler\/\">ROB-EX Scheduler<\/a><\/li>\n<\/ul>\n    <\/div>\n  \n      <a class=\"link\"  href=\"https:\/\/www.novotek.com\/fi\/ratkaisut-ja-tuotteet\/tuotannonsuunnittelu\/\" target=\"_blank\">\n      Tuotannonsuunnittelu    <\/a>\n  \n  <\/div>\n\n<\/div>      <\/div>\n    <\/div>\n  <\/div>\n\n\n<div class=\"cta-block\">\n  <div class=\"container\">\n          <h2>Kerromme mielell\u00e4mme lis\u00e4\u00e4!<\/h2>\n    \n          <div><p>Myyntimme ja asiantuntijamme auttavat sinua l\u00f6yt\u00e4m\u00e4\u00e4n parhaan ratkaisun haasteeseesi ja ymp\u00e4rist\u00f6\u00f6si.<\/p>\n<\/div>\n    \n          <a class=\"btn btn-primary\" href=\"https:\/\/www.novotek.com\/fi\/ota-yhteytta\/\">Ota yhteytt\u00e4<\/a>\n      <\/div>\n<\/div>\n","protected":false},"excerpt":{"rendered":"<p>Tutustu tarjoamiimme tuotteisiin tarkemmin. <\/p>\n","protected":false},"author":10,"featured_media":10115,"parent":0,"menu_order":1,"comment_status":"closed","ping_status":"closed","template":"","meta":{"_acf_changed":false,"_relevanssi_hide_post":"","_relevanssi_pin_for_all":"","_relevanssi_pin_keywords":"","_relevanssi_unpin_keywords":"","_relevanssi_related_keywords":"","_relevanssi_related_include_ids":"","_relevanssi_related_exclude_ids":"","_relevanssi_related_no_append":"","_relevanssi_related_not_related":"","_relevanssi_related_posts":"1","_relevanssi_noindex_reason":"","footnotes":""},"class_list":["post-1433","page","type-page","status-publish","has-post-thumbnail","hentry"],"acf":[],"yoast_head":"<!-- This site is optimized with the Yoast SEO plugin v27.3 - https:\/\/yoast.com\/product\/yoast-seo-wordpress\/ -->\n<title>Ratkaisut ja tuotteet - Novotek Finland<\/title>\n<meta name=\"description\" content=\"Ratkaisut ja tuotteet teollisen internetin ja digitalisaation tehokkaaseen hy\u00f6dynt\u00e4miseen Tutustu!\" \/>\n<meta name=\"robots\" content=\"index, follow, max-snippet:-1, max-image-preview:large, max-video-preview:-1\" \/>\n<link rel=\"canonical\" href=\"https:\/\/www.novotek.com\/fi\/ratkaisut-ja-tuotteet\/\" \/>\n<meta property=\"og:locale\" content=\"fi_FI\" \/>\n<meta property=\"og:type\" content=\"article\" \/>\n<meta property=\"og:title\" content=\"Ratkaisut ja tuotteet - Novotek Finland\" \/>\n<meta property=\"og:description\" content=\"Ratkaisut ja tuotteet teollisen internetin ja digitalisaation tehokkaaseen hy\u00f6dynt\u00e4miseen Tutustu!\" \/>\n<meta property=\"og:url\" content=\"https:\/\/www.novotek.com\/fi\/ratkaisut-ja-tuotteet\/\" \/>\n<meta property=\"og:site_name\" content=\"Novotek Finland\" \/>\n<meta property=\"article:modified_time\" content=\"2026-03-18T14:23:14+00:00\" \/>\n<meta property=\"og:image\" content=\"https:\/\/www.novotek.com\/fi\/wp-content\/uploads\/sites\/6\/Etusivu\/Novotek_solutions_and_products_header_1920x800px.jpg\" \/>\n\t<meta property=\"og:image:width\" content=\"1920\" \/>\n\t<meta property=\"og:image:height\" content=\"800\" \/>\n\t<meta property=\"og:image:type\" content=\"image\/jpeg\" \/>\n<meta name=\"twitter:card\" content=\"summary_large_image\" \/>\n<meta name=\"twitter:label1\" content=\"Arvioitu lukuaika\" \/>\n\t<meta name=\"twitter:data1\" content=\"1 minuutti\" \/>\n<script type=\"application\/ld+json\" class=\"yoast-schema-graph\">{\"@context\":\"https:\\\/\\\/schema.org\",\"@graph\":[{\"@type\":\"WebPage\",\"@id\":\"https:\\\/\\\/www.novotek.com\\\/fi\\\/ratkaisut-ja-tuotteet\\\/\",\"url\":\"https:\\\/\\\/www.novotek.com\\\/fi\\\/ratkaisut-ja-tuotteet\\\/\",\"name\":\"Ratkaisut ja tuotteet - Novotek Finland\",\"isPartOf\":{\"@id\":\"https:\\\/\\\/www.novotek.com\\\/fi\\\/#website\"},\"primaryImageOfPage\":{\"@id\":\"https:\\\/\\\/www.novotek.com\\\/fi\\\/ratkaisut-ja-tuotteet\\\/#primaryimage\"},\"image\":{\"@id\":\"https:\\\/\\\/www.novotek.com\\\/fi\\\/ratkaisut-ja-tuotteet\\\/#primaryimage\"},\"thumbnailUrl\":\"https:\\\/\\\/www.novotek.com\\\/fi\\\/wp-content\\\/uploads\\\/sites\\\/6\\\/Etusivu\\\/Novotek_solutions_and_products_header_1920x800px.jpg\",\"datePublished\":\"2021-09-24T08:01:38+00:00\",\"dateModified\":\"2026-03-18T14:23:14+00:00\",\"description\":\"Ratkaisut ja tuotteet teollisen internetin ja digitalisaation tehokkaaseen hy\u00f6dynt\u00e4miseen Tutustu!\",\"breadcrumb\":{\"@id\":\"https:\\\/\\\/www.novotek.com\\\/fi\\\/ratkaisut-ja-tuotteet\\\/#breadcrumb\"},\"inLanguage\":\"fi\",\"potentialAction\":[{\"@type\":\"ReadAction\",\"target\":[\"https:\\\/\\\/www.novotek.com\\\/fi\\\/ratkaisut-ja-tuotteet\\\/\"]}]},{\"@type\":\"ImageObject\",\"inLanguage\":\"fi\",\"@id\":\"https:\\\/\\\/www.novotek.com\\\/fi\\\/ratkaisut-ja-tuotteet\\\/#primaryimage\",\"url\":\"https:\\\/\\\/www.novotek.com\\\/fi\\\/wp-content\\\/uploads\\\/sites\\\/6\\\/Etusivu\\\/Novotek_solutions_and_products_header_1920x800px.jpg\",\"contentUrl\":\"https:\\\/\\\/www.novotek.com\\\/fi\\\/wp-content\\\/uploads\\\/sites\\\/6\\\/Etusivu\\\/Novotek_solutions_and_products_header_1920x800px.jpg\",\"width\":1920,\"height\":800,\"caption\":\"Monipuolinen toimialaosaaminen yli 35 vuoden kokemuksella\"},{\"@type\":\"BreadcrumbList\",\"@id\":\"https:\\\/\\\/www.novotek.com\\\/fi\\\/ratkaisut-ja-tuotteet\\\/#breadcrumb\",\"itemListElement\":[{\"@type\":\"ListItem\",\"position\":1,\"name\":\"Home\",\"item\":\"https:\\\/\\\/www.novotek.com\\\/fi\\\/\"},{\"@type\":\"ListItem\",\"position\":2,\"name\":\"Ratkaisut ja tuotteet\"}]},{\"@type\":\"WebSite\",\"@id\":\"https:\\\/\\\/www.novotek.com\\\/fi\\\/#website\",\"url\":\"https:\\\/\\\/www.novotek.com\\\/fi\\\/\",\"name\":\"Novotek Finland\",\"description\":\"Teollisuuden digitalisaatio\",\"publisher\":{\"@id\":\"https:\\\/\\\/www.novotek.com\\\/fi\\\/#organization\"},\"potentialAction\":[{\"@type\":\"SearchAction\",\"target\":{\"@type\":\"EntryPoint\",\"urlTemplate\":\"https:\\\/\\\/www.novotek.com\\\/fi\\\/?s={search_term_string}\"},\"query-input\":{\"@type\":\"PropertyValueSpecification\",\"valueRequired\":true,\"valueName\":\"search_term_string\"}}],\"inLanguage\":\"fi\"},{\"@type\":\"Organization\",\"@id\":\"https:\\\/\\\/www.novotek.com\\\/fi\\\/#organization\",\"name\":\"Novotek Finland\",\"url\":\"https:\\\/\\\/www.novotek.com\\\/fi\\\/\",\"logo\":{\"@type\":\"ImageObject\",\"inLanguage\":\"fi\",\"@id\":\"https:\\\/\\\/www.novotek.com\\\/fi\\\/#\\\/schema\\\/logo\\\/image\\\/\",\"url\":\"https:\\\/\\\/www.novotek.com\\\/fi\\\/wp-content\\\/uploads\\\/sites\\\/6\\\/Logo\\\/novotek-symbol-rgb-pos.jpg\",\"contentUrl\":\"https:\\\/\\\/www.novotek.com\\\/fi\\\/wp-content\\\/uploads\\\/sites\\\/6\\\/Logo\\\/novotek-symbol-rgb-pos.jpg\",\"width\":864,\"height\":734,\"caption\":\"Novotek Finland\"},\"image\":{\"@id\":\"https:\\\/\\\/www.novotek.com\\\/fi\\\/#\\\/schema\\\/logo\\\/image\\\/\"},\"sameAs\":[\"https:\\\/\\\/fi.linkedin.com\\\/company\\\/novotek-oy\"]}]}<\/script>\n<!-- \/ Yoast SEO plugin. -->","yoast_head_json":{"title":"Ratkaisut ja tuotteet - Novotek Finland","description":"Ratkaisut ja tuotteet teollisen internetin ja digitalisaation tehokkaaseen hy\u00f6dynt\u00e4miseen Tutustu!","robots":{"index":"index","follow":"follow","max-snippet":"max-snippet:-1","max-image-preview":"max-image-preview:large","max-video-preview":"max-video-preview:-1"},"canonical":"https:\/\/www.novotek.com\/fi\/ratkaisut-ja-tuotteet\/","og_locale":"fi_FI","og_type":"article","og_title":"Ratkaisut ja tuotteet - Novotek Finland","og_description":"Ratkaisut ja tuotteet teollisen internetin ja digitalisaation tehokkaaseen hy\u00f6dynt\u00e4miseen Tutustu!","og_url":"https:\/\/www.novotek.com\/fi\/ratkaisut-ja-tuotteet\/","og_site_name":"Novotek Finland","article_modified_time":"2026-03-18T14:23:14+00:00","og_image":[{"width":1920,"height":800,"url":"https:\/\/www.novotek.com\/fi\/wp-content\/uploads\/sites\/6\/Etusivu\/Novotek_solutions_and_products_header_1920x800px.jpg","type":"image\/jpeg"}],"twitter_card":"summary_large_image","twitter_misc":{"Arvioitu lukuaika":"1 minuutti"},"schema":{"@context":"https:\/\/schema.org","@graph":[{"@type":"WebPage","@id":"https:\/\/www.novotek.com\/fi\/ratkaisut-ja-tuotteet\/","url":"https:\/\/www.novotek.com\/fi\/ratkaisut-ja-tuotteet\/","name":"Ratkaisut ja tuotteet - Novotek Finland","isPartOf":{"@id":"https:\/\/www.novotek.com\/fi\/#website"},"primaryImageOfPage":{"@id":"https:\/\/www.novotek.com\/fi\/ratkaisut-ja-tuotteet\/#primaryimage"},"image":{"@id":"https:\/\/www.novotek.com\/fi\/ratkaisut-ja-tuotteet\/#primaryimage"},"thumbnailUrl":"https:\/\/www.novotek.com\/fi\/wp-content\/uploads\/sites\/6\/Etusivu\/Novotek_solutions_and_products_header_1920x800px.jpg","datePublished":"2021-09-24T08:01:38+00:00","dateModified":"2026-03-18T14:23:14+00:00","description":"Ratkaisut ja tuotteet teollisen internetin ja digitalisaation tehokkaaseen hy\u00f6dynt\u00e4miseen Tutustu!","breadcrumb":{"@id":"https:\/\/www.novotek.com\/fi\/ratkaisut-ja-tuotteet\/#breadcrumb"},"inLanguage":"fi","potentialAction":[{"@type":"ReadAction","target":["https:\/\/www.novotek.com\/fi\/ratkaisut-ja-tuotteet\/"]}]},{"@type":"ImageObject","inLanguage":"fi","@id":"https:\/\/www.novotek.com\/fi\/ratkaisut-ja-tuotteet\/#primaryimage","url":"https:\/\/www.novotek.com\/fi\/wp-content\/uploads\/sites\/6\/Etusivu\/Novotek_solutions_and_products_header_1920x800px.jpg","contentUrl":"https:\/\/www.novotek.com\/fi\/wp-content\/uploads\/sites\/6\/Etusivu\/Novotek_solutions_and_products_header_1920x800px.jpg","width":1920,"height":800,"caption":"Monipuolinen toimialaosaaminen yli 35 vuoden kokemuksella"},{"@type":"BreadcrumbList","@id":"https:\/\/www.novotek.com\/fi\/ratkaisut-ja-tuotteet\/#breadcrumb","itemListElement":[{"@type":"ListItem","position":1,"name":"Home","item":"https:\/\/www.novotek.com\/fi\/"},{"@type":"ListItem","position":2,"name":"Ratkaisut ja tuotteet"}]},{"@type":"WebSite","@id":"https:\/\/www.novotek.com\/fi\/#website","url":"https:\/\/www.novotek.com\/fi\/","name":"Novotek Finland","description":"Teollisuuden digitalisaatio","publisher":{"@id":"https:\/\/www.novotek.com\/fi\/#organization"},"potentialAction":[{"@type":"SearchAction","target":{"@type":"EntryPoint","urlTemplate":"https:\/\/www.novotek.com\/fi\/?s={search_term_string}"},"query-input":{"@type":"PropertyValueSpecification","valueRequired":true,"valueName":"search_term_string"}}],"inLanguage":"fi"},{"@type":"Organization","@id":"https:\/\/www.novotek.com\/fi\/#organization","name":"Novotek Finland","url":"https:\/\/www.novotek.com\/fi\/","logo":{"@type":"ImageObject","inLanguage":"fi","@id":"https:\/\/www.novotek.com\/fi\/#\/schema\/logo\/image\/","url":"https:\/\/www.novotek.com\/fi\/wp-content\/uploads\/sites\/6\/Logo\/novotek-symbol-rgb-pos.jpg","contentUrl":"https:\/\/www.novotek.com\/fi\/wp-content\/uploads\/sites\/6\/Logo\/novotek-symbol-rgb-pos.jpg","width":864,"height":734,"caption":"Novotek Finland"},"image":{"@id":"https:\/\/www.novotek.com\/fi\/#\/schema\/logo\/image\/"},"sameAs":["https:\/\/fi.linkedin.com\/company\/novotek-oy"]}]}},"_links":{"self":[{"href":"https:\/\/www.novotek.com\/fi\/wp-json\/wp\/v2\/pages\/1433","targetHints":{"allow":["GET"]}}],"collection":[{"href":"https:\/\/www.novotek.com\/fi\/wp-json\/wp\/v2\/pages"}],"about":[{"href":"https:\/\/www.novotek.com\/fi\/wp-json\/wp\/v2\/types\/page"}],"author":[{"embeddable":true,"href":"https:\/\/www.novotek.com\/fi\/wp-json\/wp\/v2\/users\/10"}],"replies":[{"embeddable":true,"href":"https:\/\/www.novotek.com\/fi\/wp-json\/wp\/v2\/comments?post=1433"}],"version-history":[{"count":359,"href":"https:\/\/www.novotek.com\/fi\/wp-json\/wp\/v2\/pages\/1433\/revisions"}],"predecessor-version":[{"id":18830,"href":"https:\/\/www.novotek.com\/fi\/wp-json\/wp\/v2\/pages\/1433\/revisions\/18830"}],"wp:featuredmedia":[{"embeddable":true,"href":"https:\/\/www.novotek.com\/fi\/wp-json\/wp\/v2\/media\/10115"}],"wp:attachment":[{"href":"https:\/\/www.novotek.com\/fi\/wp-json\/wp\/v2\/media?parent=1433"}],"curies":[{"name":"wp","href":"https:\/\/api.w.org\/{rel}","templated":true}]}}