{"id":16,"date":"2021-04-06T12:22:02","date_gmt":"2021-04-06T12:22:02","guid":{"rendered":"https:\/\/www.novotek.com\/fi\/?page_id=16"},"modified":"2025-06-18T12:34:49","modified_gmt":"2025-06-18T10:34:49","slug":"artikkelit","status":"publish","type":"page","link":"https:\/\/www.novotek.com\/fi\/artikkelit\/","title":{"rendered":"Artikkelit"},"content":{"rendered":"<div class=\"container-md heading  \">\n<h1 class=\"wp-block-heading\">Artikkelit<\/h1>\n<\/div>\n\n<div class=\"container-md paragraph  \">\n<p>Teollisuus, teknologia, data &amp; ihmiset. <\/p>\n<\/div>\n\n<div class=\"container-md paragraph  \">\n<p>T\u00e4\u00e4lt\u00e4 l\u00f6yd\u00e4t tietoa ja vinkkej\u00e4 teollisuus 4.0:n haltuunottoon \u2013 niin kirjallisessa muodossa kuin my\u00f6s webinaaritallenteina.<\/p>\n<\/div>","protected":false},"excerpt":{"rendered":"<p>Teollisuus, teknologia, data &amp; ihmiset.<\/p>\n<p>T\u00e4\u00e4lt\u00e4 l\u00f6yd\u00e4t tietoa ja vinkkej\u00e4 teollisuus 4.0:n haltuunottoon &#8211; niin kirjallisessa muodossa kuin my\u00f6s webinaaritallenteina.<\/p>\n","protected":false},"author":24,"featured_media":4464,"parent":0,"menu_order":3,"comment_status":"closed","ping_status":"closed","template":"","meta":{"_acf_changed":false,"_relevanssi_hide_post":"","_relevanssi_pin_for_all":"","_relevanssi_pin_keywords":"","_relevanssi_unpin_keywords":"","_relevanssi_related_keywords":"","_relevanssi_related_include_ids":"","_relevanssi_related_exclude_ids":"","_relevanssi_related_no_append":"","_relevanssi_related_not_related":"","_relevanssi_related_posts":"1","_relevanssi_noindex_reason":"","footnotes":""},"class_list":["post-16","page","type-page","status-publish","has-post-thumbnail","hentry"],"acf":[],"yoast_head":"<!-- This site is optimized with the Yoast SEO plugin v27.3 - https:\/\/yoast.com\/product\/yoast-seo-wordpress\/ -->\n<title>Artikkelit - Novotek Finland<\/title>\n<meta name=\"description\" content=\"Blogeja, webinaareja ja asiantuntjakirjoituksia teemoilla: Teollisuuden digitalisaatio, Teollisuus 4.0 ja tuotannon tehostaminen.\" \/>\n<meta name=\"robots\" content=\"index, follow, max-snippet:-1, max-image-preview:large, max-video-preview:-1\" \/>\n<link rel=\"canonical\" href=\"https:\/\/www.novotek.com\/fi\/artikkelit\/\" \/>\n<meta property=\"og:locale\" content=\"fi_FI\" \/>\n<meta property=\"og:type\" content=\"article\" \/>\n<meta property=\"og:title\" content=\"Artikkelit - Novotek Finland\" \/>\n<meta property=\"og:description\" content=\"Blogeja, webinaareja ja asiantuntjakirjoituksia teemoilla: Teollisuuden digitalisaatio, Teollisuus 4.0 ja tuotannon tehostaminen.\" \/>\n<meta property=\"og:url\" content=\"https:\/\/www.novotek.com\/fi\/artikkelit\/\" \/>\n<meta property=\"og:site_name\" content=\"Novotek Finland\" \/>\n<meta property=\"article:modified_time\" content=\"2025-06-18T10:34:49+00:00\" \/>\n<meta property=\"og:image\" content=\"https:\/\/www.novotek.com\/fi\/wp-content\/uploads\/sites\/6\/Insights\/Novotek_Insights_header_1920x9800px.jpg\" \/>\n\t<meta property=\"og:image:width\" content=\"1920\" \/>\n\t<meta property=\"og:image:height\" content=\"800\" \/>\n\t<meta property=\"og:image:type\" content=\"image\/jpeg\" \/>\n<meta name=\"twitter:card\" content=\"summary_large_image\" \/>\n<meta name=\"twitter:label1\" content=\"Arvioitu lukuaika\" \/>\n\t<meta name=\"twitter:data1\" content=\"1 minuutti\" \/>\n<script type=\"application\/ld+json\" class=\"yoast-schema-graph\">{\"@context\":\"https:\\\/\\\/schema.org\",\"@graph\":[{\"@type\":\"WebPage\",\"@id\":\"https:\\\/\\\/www.novotek.com\\\/fi\\\/artikkelit\\\/\",\"url\":\"https:\\\/\\\/www.novotek.com\\\/fi\\\/artikkelit\\\/\",\"name\":\"Artikkelit - Novotek Finland\",\"isPartOf\":{\"@id\":\"https:\\\/\\\/www.novotek.com\\\/fi\\\/#website\"},\"primaryImageOfPage\":{\"@id\":\"https:\\\/\\\/www.novotek.com\\\/fi\\\/artikkelit\\\/#primaryimage\"},\"image\":{\"@id\":\"https:\\\/\\\/www.novotek.com\\\/fi\\\/artikkelit\\\/#primaryimage\"},\"thumbnailUrl\":\"https:\\\/\\\/www.novotek.com\\\/fi\\\/wp-content\\\/uploads\\\/sites\\\/6\\\/Insights\\\/Novotek_Insights_header_1920x9800px.jpg\",\"datePublished\":\"2021-04-06T12:22:02+00:00\",\"dateModified\":\"2025-06-18T10:34:49+00:00\",\"description\":\"Blogeja, webinaareja ja asiantuntjakirjoituksia teemoilla: Teollisuuden digitalisaatio, Teollisuus 4.0 ja tuotannon tehostaminen.\",\"breadcrumb\":{\"@id\":\"https:\\\/\\\/www.novotek.com\\\/fi\\\/artikkelit\\\/#breadcrumb\"},\"inLanguage\":\"fi\",\"potentialAction\":[{\"@type\":\"ReadAction\",\"target\":[\"https:\\\/\\\/www.novotek.com\\\/fi\\\/artikkelit\\\/\"]}]},{\"@type\":\"ImageObject\",\"inLanguage\":\"fi\",\"@id\":\"https:\\\/\\\/www.novotek.com\\\/fi\\\/artikkelit\\\/#primaryimage\",\"url\":\"https:\\\/\\\/www.novotek.com\\\/fi\\\/wp-content\\\/uploads\\\/sites\\\/6\\\/Insights\\\/Novotek_Insights_header_1920x9800px.jpg\",\"contentUrl\":\"https:\\\/\\\/www.novotek.com\\\/fi\\\/wp-content\\\/uploads\\\/sites\\\/6\\\/Insights\\\/Novotek_Insights_header_1920x9800px.jpg\",\"width\":1920,\"height\":800},{\"@type\":\"BreadcrumbList\",\"@id\":\"https:\\\/\\\/www.novotek.com\\\/fi\\\/artikkelit\\\/#breadcrumb\",\"itemListElement\":[{\"@type\":\"ListItem\",\"position\":1,\"name\":\"Home\",\"item\":\"https:\\\/\\\/www.novotek.com\\\/fi\\\/\"},{\"@type\":\"ListItem\",\"position\":2,\"name\":\"Artikkelit\"}]},{\"@type\":\"WebSite\",\"@id\":\"https:\\\/\\\/www.novotek.com\\\/fi\\\/#website\",\"url\":\"https:\\\/\\\/www.novotek.com\\\/fi\\\/\",\"name\":\"Novotek Finland\",\"description\":\"Teollisuuden digitalisaatio\",\"publisher\":{\"@id\":\"https:\\\/\\\/www.novotek.com\\\/fi\\\/#organization\"},\"potentialAction\":[{\"@type\":\"SearchAction\",\"target\":{\"@type\":\"EntryPoint\",\"urlTemplate\":\"https:\\\/\\\/www.novotek.com\\\/fi\\\/?s={search_term_string}\"},\"query-input\":{\"@type\":\"PropertyValueSpecification\",\"valueRequired\":true,\"valueName\":\"search_term_string\"}}],\"inLanguage\":\"fi\"},{\"@type\":\"Organization\",\"@id\":\"https:\\\/\\\/www.novotek.com\\\/fi\\\/#organization\",\"name\":\"Novotek Finland\",\"url\":\"https:\\\/\\\/www.novotek.com\\\/fi\\\/\",\"logo\":{\"@type\":\"ImageObject\",\"inLanguage\":\"fi\",\"@id\":\"https:\\\/\\\/www.novotek.com\\\/fi\\\/#\\\/schema\\\/logo\\\/image\\\/\",\"url\":\"https:\\\/\\\/www.novotek.com\\\/fi\\\/wp-content\\\/uploads\\\/sites\\\/6\\\/Logo\\\/novotek-symbol-rgb-pos.jpg\",\"contentUrl\":\"https:\\\/\\\/www.novotek.com\\\/fi\\\/wp-content\\\/uploads\\\/sites\\\/6\\\/Logo\\\/novotek-symbol-rgb-pos.jpg\",\"width\":864,\"height\":734,\"caption\":\"Novotek Finland\"},\"image\":{\"@id\":\"https:\\\/\\\/www.novotek.com\\\/fi\\\/#\\\/schema\\\/logo\\\/image\\\/\"},\"sameAs\":[\"https:\\\/\\\/fi.linkedin.com\\\/company\\\/novotek-oy\"]}]}<\/script>\n<!-- \/ Yoast SEO plugin. -->","yoast_head_json":{"title":"Artikkelit - Novotek Finland","description":"Blogeja, webinaareja ja asiantuntjakirjoituksia teemoilla: Teollisuuden digitalisaatio, Teollisuus 4.0 ja tuotannon tehostaminen.","robots":{"index":"index","follow":"follow","max-snippet":"max-snippet:-1","max-image-preview":"max-image-preview:large","max-video-preview":"max-video-preview:-1"},"canonical":"https:\/\/www.novotek.com\/fi\/artikkelit\/","og_locale":"fi_FI","og_type":"article","og_title":"Artikkelit - Novotek Finland","og_description":"Blogeja, webinaareja ja asiantuntjakirjoituksia teemoilla: Teollisuuden digitalisaatio, Teollisuus 4.0 ja tuotannon tehostaminen.","og_url":"https:\/\/www.novotek.com\/fi\/artikkelit\/","og_site_name":"Novotek Finland","article_modified_time":"2025-06-18T10:34:49+00:00","og_image":[{"width":1920,"height":800,"url":"https:\/\/www.novotek.com\/fi\/wp-content\/uploads\/sites\/6\/Insights\/Novotek_Insights_header_1920x9800px.jpg","type":"image\/jpeg"}],"twitter_card":"summary_large_image","twitter_misc":{"Arvioitu lukuaika":"1 minuutti"},"schema":{"@context":"https:\/\/schema.org","@graph":[{"@type":"WebPage","@id":"https:\/\/www.novotek.com\/fi\/artikkelit\/","url":"https:\/\/www.novotek.com\/fi\/artikkelit\/","name":"Artikkelit - Novotek Finland","isPartOf":{"@id":"https:\/\/www.novotek.com\/fi\/#website"},"primaryImageOfPage":{"@id":"https:\/\/www.novotek.com\/fi\/artikkelit\/#primaryimage"},"image":{"@id":"https:\/\/www.novotek.com\/fi\/artikkelit\/#primaryimage"},"thumbnailUrl":"https:\/\/www.novotek.com\/fi\/wp-content\/uploads\/sites\/6\/Insights\/Novotek_Insights_header_1920x9800px.jpg","datePublished":"2021-04-06T12:22:02+00:00","dateModified":"2025-06-18T10:34:49+00:00","description":"Blogeja, webinaareja ja asiantuntjakirjoituksia teemoilla: Teollisuuden digitalisaatio, Teollisuus 4.0 ja tuotannon tehostaminen.","breadcrumb":{"@id":"https:\/\/www.novotek.com\/fi\/artikkelit\/#breadcrumb"},"inLanguage":"fi","potentialAction":[{"@type":"ReadAction","target":["https:\/\/www.novotek.com\/fi\/artikkelit\/"]}]},{"@type":"ImageObject","inLanguage":"fi","@id":"https:\/\/www.novotek.com\/fi\/artikkelit\/#primaryimage","url":"https:\/\/www.novotek.com\/fi\/wp-content\/uploads\/sites\/6\/Insights\/Novotek_Insights_header_1920x9800px.jpg","contentUrl":"https:\/\/www.novotek.com\/fi\/wp-content\/uploads\/sites\/6\/Insights\/Novotek_Insights_header_1920x9800px.jpg","width":1920,"height":800},{"@type":"BreadcrumbList","@id":"https:\/\/www.novotek.com\/fi\/artikkelit\/#breadcrumb","itemListElement":[{"@type":"ListItem","position":1,"name":"Home","item":"https:\/\/www.novotek.com\/fi\/"},{"@type":"ListItem","position":2,"name":"Artikkelit"}]},{"@type":"WebSite","@id":"https:\/\/www.novotek.com\/fi\/#website","url":"https:\/\/www.novotek.com\/fi\/","name":"Novotek Finland","description":"Teollisuuden digitalisaatio","publisher":{"@id":"https:\/\/www.novotek.com\/fi\/#organization"},"potentialAction":[{"@type":"SearchAction","target":{"@type":"EntryPoint","urlTemplate":"https:\/\/www.novotek.com\/fi\/?s={search_term_string}"},"query-input":{"@type":"PropertyValueSpecification","valueRequired":true,"valueName":"search_term_string"}}],"inLanguage":"fi"},{"@type":"Organization","@id":"https:\/\/www.novotek.com\/fi\/#organization","name":"Novotek Finland","url":"https:\/\/www.novotek.com\/fi\/","logo":{"@type":"ImageObject","inLanguage":"fi","@id":"https:\/\/www.novotek.com\/fi\/#\/schema\/logo\/image\/","url":"https:\/\/www.novotek.com\/fi\/wp-content\/uploads\/sites\/6\/Logo\/novotek-symbol-rgb-pos.jpg","contentUrl":"https:\/\/www.novotek.com\/fi\/wp-content\/uploads\/sites\/6\/Logo\/novotek-symbol-rgb-pos.jpg","width":864,"height":734,"caption":"Novotek Finland"},"image":{"@id":"https:\/\/www.novotek.com\/fi\/#\/schema\/logo\/image\/"},"sameAs":["https:\/\/fi.linkedin.com\/company\/novotek-oy"]}]}},"_links":{"self":[{"href":"https:\/\/www.novotek.com\/fi\/wp-json\/wp\/v2\/pages\/16","targetHints":{"allow":["GET"]}}],"collection":[{"href":"https:\/\/www.novotek.com\/fi\/wp-json\/wp\/v2\/pages"}],"about":[{"href":"https:\/\/www.novotek.com\/fi\/wp-json\/wp\/v2\/types\/page"}],"author":[{"embeddable":true,"href":"https:\/\/www.novotek.com\/fi\/wp-json\/wp\/v2\/users\/24"}],"replies":[{"embeddable":true,"href":"https:\/\/www.novotek.com\/fi\/wp-json\/wp\/v2\/comments?post=16"}],"version-history":[{"count":22,"href":"https:\/\/www.novotek.com\/fi\/wp-json\/wp\/v2\/pages\/16\/revisions"}],"predecessor-version":[{"id":17001,"href":"https:\/\/www.novotek.com\/fi\/wp-json\/wp\/v2\/pages\/16\/revisions\/17001"}],"wp:featuredmedia":[{"embeddable":true,"href":"https:\/\/www.novotek.com\/fi\/wp-json\/wp\/v2\/media\/4464"}],"wp:attachment":[{"href":"https:\/\/www.novotek.com\/fi\/wp-json\/wp\/v2\/media?parent=16"}],"curies":[{"name":"wp","href":"https:\/\/api.w.org\/{rel}","templated":true}]}}