{"id":1638,"date":"2021-09-25T10:56:44","date_gmt":"2021-09-25T10:56:44","guid":{"rendered":"https:\/\/www.novotek.com\/fi\/?page_id=1638"},"modified":"2026-04-22T10:10:23","modified_gmt":"2026-04-22T08:10:23","slug":"kommunikaatio","status":"publish","type":"page","link":"https:\/\/www.novotek.com\/fi\/ratkaisut-ja-tuotteet\/kommunikaatio\/","title":{"rendered":"Teollisuuden kommunikaatio"},"content":{"rendered":"  <div class=\"hero\">\n    <div class=\"carousel hero-slider small\" data-flickity data-flickity-options='{\"prevNextButtons\": false}'>\n              <div class=\"carousel-cell\">\n          <div class=\"container\">\n            <div class=\"hero-content\">\n                              <h1>Teollinen kommunikaatio<\/h1>\n<p>Toimivat liitynn\u00e4t ja tiedon luotettava yhdist\u00e4minen on perusta datan hy\u00f6dynt\u00e4miselle. Ratkaisemme teollisen ymp\u00e4rist\u00f6n kommunikaatiohaasteet nopeasti oikean teknologian ja osaamisemme avulla.<\/p>\n              \n                          <\/div>\n          <\/div>\n\n          <img decoding=\"async\" width=\"1024\" height=\"427\" src=\"https:\/\/www.novotek.com\/fi\/wp-content\/uploads\/sites\/6\/Novotek_OPC_wires_duotone_1920x800-1-1024x427.jpg.webp\" class=\"hero-bg\" alt=\"Hero Img\" fetchpriority=\"high\" srcset=\"https:\/\/www.novotek.com\/fi\/wp-content\/uploads\/sites\/6\/Novotek_OPC_wires_duotone_1920x800-1-1024x427.jpg.webp 1024w, https:\/\/www.novotek.com\/fi\/wp-content\/uploads\/sites\/6\/Novotek_OPC_wires_duotone_1920x800-1-300x125.jpg.webp 300w, https:\/\/www.novotek.com\/fi\/wp-content\/uploads\/sites\/6\/Novotek_OPC_wires_duotone_1920x800-1-768x320.jpg.webp 768w, https:\/\/www.novotek.com\/fi\/wp-content\/uploads\/sites\/6\/Novotek_OPC_wires_duotone_1920x800-1-1536x640.jpg.webp 1536w, https:\/\/www.novotek.com\/fi\/wp-content\/uploads\/sites\/6\/Novotek_OPC_wires_duotone_1920x800-1.jpg.webp 1920w\" sizes=\"(max-width: 1024px) 100vw, 1024px\" \/>                  <\/div>\n          <\/div>\n\n      <\/div>\n\n   <div class=\"floating-breadcrumb\"><div class=\"container\"><span><span><a href=\"https:\/\/www.novotek.com\/fi\/\" class=\"breadcrumb-frontpage\">Home<\/a><\/span><\/span><\/div><\/div>\n\n\n<div class=\"container-md heading  \">\n<h2 class=\"wp-block-heading\">Laadukas kommunikaatio luo parempia tuloksia<\/h2>\n<\/div>\n\n<div class=\"container-md paragraph  \">\n<p>Laadukkaan ja skaalautuvan teollisuuden kommunikaation avulla luot perustan tiedon hy\u00f6dynt\u00e4miselle koko organisaatiossasi. Tietoa pit\u00e4\u00e4 pysty\u00e4 siirt\u00e4m\u00e4\u00e4n tehokkaasti ja luotettavasti eri j\u00e4rjestelmien ja tietol\u00e4hteiden v\u00e4lill\u00e4, huomioiden teollisuuden tarpeet eri valmistajien ja aikakausien laitteistoja hy\u00f6dynnett\u00e4ess\u00e4. <\/p>\n<\/div>\n\n<div class=\"container-md image  \">\n<figure class=\"wp-block-image size-large\"><img decoding=\"async\" src=\"https:\/\/www.novotek.com\/fi\/wp-content\/uploads\/sites\/8\/NovotekBenelux\/SOLUTIONIDUSTRIELECOMMUNICATIE\/180221-dffa-key-visual-01-1024x577.jpg\" alt=\"Yhdist\u00e4 teollisuuden j\u00e4rjestelm\u00e4t\" class=\"wp-image-1421\" \/><\/figure>\n<\/div>\n\n<div class=\"container-md paragraph  \">\n<p>Tieto on usein hajallaan eri aikakausien ja valmistajien j\u00e4rjestelmiss\u00e4. Erilaiset rajapinnat, v\u00e4yl\u00e4ratkaisut, protokollat ja tietomuodot t\u00e4ytyy saattaa yhteen \u2013 mik\u00e4 voi tuntua paljon aikaa ja rahaa viev\u00e4lt\u00e4 teht\u00e4v\u00e4lt\u00e4.<\/p>\n<\/div>\n\n<div class=\"container-md paragraph  \">\n<p>Tiedonkeruun ratkaisuistamme l\u00f6yd\u00e4t sadat rajapinnat ja protokollat, joilla liityt kaikkiin yleisimpiin laitej\u00e4rjestelmiin sek\u00e4 tuotannon IT-j\u00e4rjestelmiin ja pilvialustoihin. Samalla tieto voidaan yhten\u00e4ist\u00e4\u00e4, aggregoida ja skaalata haluttuun muotoon, sek\u00e4 kahdentaa tai puskuroida matkalla.<\/p>\n<\/div>\n\n  <div class=\"slider-column-parent\">\n    <div class=\"container\">\n      <div class=\"slider-column-title\">Teollisuuden kommunikaatioratkaisut:<\/div>\n\n      <div class=\"row\">\n        <div class=\"col-12 col-md-4\"><div class=\"column-box\">\n  \n      <div class=\"title\">\n      Kepware Server    <\/div>\n  \n      <div class=\"text\">\n      <p>Johtava kommunikaatioalusta PLC- ja automaatioj\u00e4rjestelmien tiedon yhdist\u00e4miseen.<\/p>\n    <\/div>\n  \n      <a class=\"link\"  href=\"https:\/\/www.novotek.com\/fi\/ratkaisut-ja-tuotteet\/kepware-server\/\" target=\"_blank\">\n      Kepware Server    <\/a>\n  \n  <\/div>\n\n<\/div><div class=\"col-12 col-md-4\"><div class=\"column-box\">\n  \n      <div class=\"title\">\n      HighByte Intelligence Hub    <\/div>\n  \n      <div class=\"text\">\n      <p>DataOps ty\u00f6kalu tietojen tehokkaaseen yhdistelyyn, kuvaukseen ja mallintamiseen l\u00e4hell\u00e4 tietol\u00e4hteit\u00e4.<\/p>\n    <\/div>\n  \n      <a class=\"link\"  href=\"https:\/\/www.novotek.com\/fi\/ratkaisut-ja-tuotteet\/highbyte-intelligence-hub\/\" target=\"_blank\">\n      HighByte    <\/a>\n  \n  <\/div>\n\n<\/div><div class=\"col-12 col-md-4\"><div class=\"column-box\">\n  \n      <div class=\"title\">\n      OPC Router    <\/div>\n  \n      <div class=\"text\">\n      <p>Ohjelmisto helppoon tiedonvaihtoon ja integraatioihin eri j\u00e4rjestelmien v\u00e4lill\u00e4.<\/p>\n    <\/div>\n  \n      <a class=\"link\"  href=\"https:\/\/www.novotek.com\/fi\/ratkaisut-ja-tuotteet\/tiedonkeruu\/opc-router\/\" target=\"_blank\">\n      OPC Router    <\/a>\n  \n  <\/div>\n\n<\/div>      <\/div>\n    <\/div>\n  <\/div>\n","protected":false},"excerpt":{"rendered":"<p>HighByte IntelligenceHub<br \/>\nOPC Router<br \/>\nKepserverEX<\/p>\n","protected":false},"author":10,"featured_media":1636,"parent":1433,"menu_order":1,"comment_status":"closed","ping_status":"closed","template":"","meta":{"_acf_changed":false,"_relevanssi_hide_post":"","_relevanssi_pin_for_all":"","_relevanssi_pin_keywords":"","_relevanssi_unpin_keywords":"","_relevanssi_related_keywords":"","_relevanssi_related_include_ids":"","_relevanssi_related_exclude_ids":"","_relevanssi_related_no_append":"","_relevanssi_related_not_related":"","_relevanssi_related_posts":"1","_relevanssi_noindex_reason":"","footnotes":""},"class_list":["post-1638","page","type-page","status-publish","has-post-thumbnail","hentry"],"acf":[],"yoast_head":"<!-- This site is optimized with the Yoast SEO plugin v27.4 - https:\/\/yoast.com\/product\/yoast-seo-wordpress\/ -->\n<title>Teollisuuden kommunikaatio - Novotek Finland<\/title>\n<meta name=\"description\" content=\"Ratkaisemme teollisen ymp\u00e4rist\u00f6n kommunikaatiohaasteet nopeasti oikean teknologian ja osaamisemme avulla. Tutustu ratkaisuihimme.\" \/>\n<meta name=\"robots\" content=\"index, follow, max-snippet:-1, max-image-preview:large, max-video-preview:-1\" \/>\n<link rel=\"canonical\" href=\"https:\/\/www.novotek.com\/fi\/ratkaisut-ja-tuotteet\/kommunikaatio\/\" \/>\n<meta property=\"og:locale\" content=\"fi_FI\" \/>\n<meta property=\"og:type\" content=\"article\" \/>\n<meta property=\"og:title\" content=\"Teollisuuden kommunikaatio - Novotek Finland\" \/>\n<meta property=\"og:description\" content=\"Ratkaisemme teollisen ymp\u00e4rist\u00f6n kommunikaatiohaasteet nopeasti oikean teknologian ja osaamisemme avulla. Tutustu ratkaisuihimme.\" \/>\n<meta property=\"og:url\" content=\"https:\/\/www.novotek.com\/fi\/ratkaisut-ja-tuotteet\/kommunikaatio\/\" \/>\n<meta property=\"og:site_name\" content=\"Novotek Finland\" \/>\n<meta property=\"article:modified_time\" content=\"2026-04-22T08:10:23+00:00\" \/>\n<meta property=\"og:image\" content=\"https:\/\/www.novotek.com\/fi\/wp-content\/uploads\/sites\/6\/Novotek_OPC_wires_duotone_1920x800-300x125-1.jpg.webp\" \/>\n\t<meta property=\"og:image:width\" content=\"300\" \/>\n\t<meta property=\"og:image:height\" content=\"125\" \/>\n\t<meta property=\"og:image:type\" content=\"image\/jpeg\" \/>\n<meta name=\"twitter:card\" content=\"summary_large_image\" \/>\n<meta name=\"twitter:label1\" content=\"Arvioitu lukuaika\" \/>\n\t<meta name=\"twitter:data1\" content=\"1 minuutti\" \/>\n<script type=\"application\/ld+json\" class=\"yoast-schema-graph\">{\"@context\":\"https:\\\/\\\/schema.org\",\"@graph\":[{\"@type\":\"WebPage\",\"@id\":\"https:\\\/\\\/www.novotek.com\\\/fi\\\/ratkaisut-ja-tuotteet\\\/kommunikaatio\\\/\",\"url\":\"https:\\\/\\\/www.novotek.com\\\/fi\\\/ratkaisut-ja-tuotteet\\\/kommunikaatio\\\/\",\"name\":\"Teollisuuden kommunikaatio - Novotek Finland\",\"isPartOf\":{\"@id\":\"https:\\\/\\\/www.novotek.com\\\/fi\\\/#website\"},\"primaryImageOfPage\":{\"@id\":\"https:\\\/\\\/www.novotek.com\\\/fi\\\/ratkaisut-ja-tuotteet\\\/kommunikaatio\\\/#primaryimage\"},\"image\":{\"@id\":\"https:\\\/\\\/www.novotek.com\\\/fi\\\/ratkaisut-ja-tuotteet\\\/kommunikaatio\\\/#primaryimage\"},\"thumbnailUrl\":\"https:\\\/\\\/www.novotek.com\\\/fi\\\/wp-content\\\/uploads\\\/sites\\\/6\\\/Novotek_OPC_wires_duotone_1920x800-300x125-1.jpg.webp\",\"datePublished\":\"2021-09-25T10:56:44+00:00\",\"dateModified\":\"2026-04-22T08:10:23+00:00\",\"description\":\"Ratkaisemme teollisen ymp\u00e4rist\u00f6n kommunikaatiohaasteet nopeasti oikean teknologian ja osaamisemme avulla. Tutustu ratkaisuihimme.\",\"breadcrumb\":{\"@id\":\"https:\\\/\\\/www.novotek.com\\\/fi\\\/ratkaisut-ja-tuotteet\\\/kommunikaatio\\\/#breadcrumb\"},\"inLanguage\":\"fi\",\"potentialAction\":[{\"@type\":\"ReadAction\",\"target\":[\"https:\\\/\\\/www.novotek.com\\\/fi\\\/ratkaisut-ja-tuotteet\\\/kommunikaatio\\\/\"]}]},{\"@type\":\"ImageObject\",\"inLanguage\":\"fi\",\"@id\":\"https:\\\/\\\/www.novotek.com\\\/fi\\\/ratkaisut-ja-tuotteet\\\/kommunikaatio\\\/#primaryimage\",\"url\":\"https:\\\/\\\/www.novotek.com\\\/fi\\\/wp-content\\\/uploads\\\/sites\\\/6\\\/Novotek_OPC_wires_duotone_1920x800-300x125-1.jpg.webp\",\"contentUrl\":\"https:\\\/\\\/www.novotek.com\\\/fi\\\/wp-content\\\/uploads\\\/sites\\\/6\\\/Novotek_OPC_wires_duotone_1920x800-300x125-1.jpg.webp\",\"width\":300,\"height\":125},{\"@type\":\"BreadcrumbList\",\"@id\":\"https:\\\/\\\/www.novotek.com\\\/fi\\\/ratkaisut-ja-tuotteet\\\/kommunikaatio\\\/#breadcrumb\",\"itemListElement\":[{\"@type\":\"ListItem\",\"position\":1,\"name\":\"Home\",\"item\":\"https:\\\/\\\/www.novotek.com\\\/fi\\\/\"},{\"@type\":\"ListItem\",\"position\":2,\"name\":\"Ratkaisut ja tuotteet\",\"item\":\"https:\\\/\\\/www.novotek.com\\\/fi\\\/ratkaisut-ja-tuotteet\\\/\"},{\"@type\":\"ListItem\",\"position\":3,\"name\":\"Teollisuuden kommunikaatio\"}]},{\"@type\":\"WebSite\",\"@id\":\"https:\\\/\\\/www.novotek.com\\\/fi\\\/#website\",\"url\":\"https:\\\/\\\/www.novotek.com\\\/fi\\\/\",\"name\":\"Novotek Finland\",\"description\":\"Teollisuuden digitalisaatio\",\"publisher\":{\"@id\":\"https:\\\/\\\/www.novotek.com\\\/fi\\\/#organization\"},\"potentialAction\":[{\"@type\":\"SearchAction\",\"target\":{\"@type\":\"EntryPoint\",\"urlTemplate\":\"https:\\\/\\\/www.novotek.com\\\/fi\\\/?s={search_term_string}\"},\"query-input\":{\"@type\":\"PropertyValueSpecification\",\"valueRequired\":true,\"valueName\":\"search_term_string\"}}],\"inLanguage\":\"fi\"},{\"@type\":\"Organization\",\"@id\":\"https:\\\/\\\/www.novotek.com\\\/fi\\\/#organization\",\"name\":\"Novotek Finland\",\"url\":\"https:\\\/\\\/www.novotek.com\\\/fi\\\/\",\"logo\":{\"@type\":\"ImageObject\",\"inLanguage\":\"fi\",\"@id\":\"https:\\\/\\\/www.novotek.com\\\/fi\\\/#\\\/schema\\\/logo\\\/image\\\/\",\"url\":\"https:\\\/\\\/www.novotek.com\\\/fi\\\/wp-content\\\/uploads\\\/sites\\\/6\\\/Logo\\\/novotek-symbol-rgb-pos.jpg\",\"contentUrl\":\"https:\\\/\\\/www.novotek.com\\\/fi\\\/wp-content\\\/uploads\\\/sites\\\/6\\\/Logo\\\/novotek-symbol-rgb-pos.jpg\",\"width\":864,\"height\":734,\"caption\":\"Novotek Finland\"},\"image\":{\"@id\":\"https:\\\/\\\/www.novotek.com\\\/fi\\\/#\\\/schema\\\/logo\\\/image\\\/\"},\"sameAs\":[\"https:\\\/\\\/fi.linkedin.com\\\/company\\\/novotek-oy\"]}]}<\/script>\n<!-- \/ Yoast SEO plugin. -->","yoast_head_json":{"title":"Teollisuuden kommunikaatio - Novotek Finland","description":"Ratkaisemme teollisen ymp\u00e4rist\u00f6n kommunikaatiohaasteet nopeasti oikean teknologian ja osaamisemme avulla. Tutustu ratkaisuihimme.","robots":{"index":"index","follow":"follow","max-snippet":"max-snippet:-1","max-image-preview":"max-image-preview:large","max-video-preview":"max-video-preview:-1"},"canonical":"https:\/\/www.novotek.com\/fi\/ratkaisut-ja-tuotteet\/kommunikaatio\/","og_locale":"fi_FI","og_type":"article","og_title":"Teollisuuden kommunikaatio - Novotek Finland","og_description":"Ratkaisemme teollisen ymp\u00e4rist\u00f6n kommunikaatiohaasteet nopeasti oikean teknologian ja osaamisemme avulla. Tutustu ratkaisuihimme.","og_url":"https:\/\/www.novotek.com\/fi\/ratkaisut-ja-tuotteet\/kommunikaatio\/","og_site_name":"Novotek Finland","article_modified_time":"2026-04-22T08:10:23+00:00","og_image":[{"width":300,"height":125,"url":"https:\/\/www.novotek.com\/fi\/wp-content\/uploads\/sites\/6\/Novotek_OPC_wires_duotone_1920x800-300x125-1.jpg.webp","type":"image\/jpeg"}],"twitter_card":"summary_large_image","twitter_misc":{"Arvioitu lukuaika":"1 minuutti"},"schema":{"@context":"https:\/\/schema.org","@graph":[{"@type":"WebPage","@id":"https:\/\/www.novotek.com\/fi\/ratkaisut-ja-tuotteet\/kommunikaatio\/","url":"https:\/\/www.novotek.com\/fi\/ratkaisut-ja-tuotteet\/kommunikaatio\/","name":"Teollisuuden kommunikaatio - Novotek Finland","isPartOf":{"@id":"https:\/\/www.novotek.com\/fi\/#website"},"primaryImageOfPage":{"@id":"https:\/\/www.novotek.com\/fi\/ratkaisut-ja-tuotteet\/kommunikaatio\/#primaryimage"},"image":{"@id":"https:\/\/www.novotek.com\/fi\/ratkaisut-ja-tuotteet\/kommunikaatio\/#primaryimage"},"thumbnailUrl":"https:\/\/www.novotek.com\/fi\/wp-content\/uploads\/sites\/6\/Novotek_OPC_wires_duotone_1920x800-300x125-1.jpg.webp","datePublished":"2021-09-25T10:56:44+00:00","dateModified":"2026-04-22T08:10:23+00:00","description":"Ratkaisemme teollisen ymp\u00e4rist\u00f6n kommunikaatiohaasteet nopeasti oikean teknologian ja osaamisemme avulla. Tutustu ratkaisuihimme.","breadcrumb":{"@id":"https:\/\/www.novotek.com\/fi\/ratkaisut-ja-tuotteet\/kommunikaatio\/#breadcrumb"},"inLanguage":"fi","potentialAction":[{"@type":"ReadAction","target":["https:\/\/www.novotek.com\/fi\/ratkaisut-ja-tuotteet\/kommunikaatio\/"]}]},{"@type":"ImageObject","inLanguage":"fi","@id":"https:\/\/www.novotek.com\/fi\/ratkaisut-ja-tuotteet\/kommunikaatio\/#primaryimage","url":"https:\/\/www.novotek.com\/fi\/wp-content\/uploads\/sites\/6\/Novotek_OPC_wires_duotone_1920x800-300x125-1.jpg.webp","contentUrl":"https:\/\/www.novotek.com\/fi\/wp-content\/uploads\/sites\/6\/Novotek_OPC_wires_duotone_1920x800-300x125-1.jpg.webp","width":300,"height":125},{"@type":"BreadcrumbList","@id":"https:\/\/www.novotek.com\/fi\/ratkaisut-ja-tuotteet\/kommunikaatio\/#breadcrumb","itemListElement":[{"@type":"ListItem","position":1,"name":"Home","item":"https:\/\/www.novotek.com\/fi\/"},{"@type":"ListItem","position":2,"name":"Ratkaisut ja tuotteet","item":"https:\/\/www.novotek.com\/fi\/ratkaisut-ja-tuotteet\/"},{"@type":"ListItem","position":3,"name":"Teollisuuden kommunikaatio"}]},{"@type":"WebSite","@id":"https:\/\/www.novotek.com\/fi\/#website","url":"https:\/\/www.novotek.com\/fi\/","name":"Novotek Finland","description":"Teollisuuden digitalisaatio","publisher":{"@id":"https:\/\/www.novotek.com\/fi\/#organization"},"potentialAction":[{"@type":"SearchAction","target":{"@type":"EntryPoint","urlTemplate":"https:\/\/www.novotek.com\/fi\/?s={search_term_string}"},"query-input":{"@type":"PropertyValueSpecification","valueRequired":true,"valueName":"search_term_string"}}],"inLanguage":"fi"},{"@type":"Organization","@id":"https:\/\/www.novotek.com\/fi\/#organization","name":"Novotek Finland","url":"https:\/\/www.novotek.com\/fi\/","logo":{"@type":"ImageObject","inLanguage":"fi","@id":"https:\/\/www.novotek.com\/fi\/#\/schema\/logo\/image\/","url":"https:\/\/www.novotek.com\/fi\/wp-content\/uploads\/sites\/6\/Logo\/novotek-symbol-rgb-pos.jpg","contentUrl":"https:\/\/www.novotek.com\/fi\/wp-content\/uploads\/sites\/6\/Logo\/novotek-symbol-rgb-pos.jpg","width":864,"height":734,"caption":"Novotek Finland"},"image":{"@id":"https:\/\/www.novotek.com\/fi\/#\/schema\/logo\/image\/"},"sameAs":["https:\/\/fi.linkedin.com\/company\/novotek-oy"]}]}},"_links":{"self":[{"href":"https:\/\/www.novotek.com\/fi\/wp-json\/wp\/v2\/pages\/1638","targetHints":{"allow":["GET"]}}],"collection":[{"href":"https:\/\/www.novotek.com\/fi\/wp-json\/wp\/v2\/pages"}],"about":[{"href":"https:\/\/www.novotek.com\/fi\/wp-json\/wp\/v2\/types\/page"}],"author":[{"embeddable":true,"href":"https:\/\/www.novotek.com\/fi\/wp-json\/wp\/v2\/users\/10"}],"replies":[{"embeddable":true,"href":"https:\/\/www.novotek.com\/fi\/wp-json\/wp\/v2\/comments?post=1638"}],"version-history":[{"count":49,"href":"https:\/\/www.novotek.com\/fi\/wp-json\/wp\/v2\/pages\/1638\/revisions"}],"predecessor-version":[{"id":19189,"href":"https:\/\/www.novotek.com\/fi\/wp-json\/wp\/v2\/pages\/1638\/revisions\/19189"}],"up":[{"embeddable":true,"href":"https:\/\/www.novotek.com\/fi\/wp-json\/wp\/v2\/pages\/1433"}],"wp:featuredmedia":[{"embeddable":true,"href":"https:\/\/www.novotek.com\/fi\/wp-json\/wp\/v2\/media\/1636"}],"wp:attachment":[{"href":"https:\/\/www.novotek.com\/fi\/wp-json\/wp\/v2\/media?parent=1638"}],"curies":[{"name":"wp","href":"https:\/\/api.w.org\/{rel}","templated":true}]}}