{"id":1733,"date":"2021-09-25T12:18:21","date_gmt":"2021-09-25T12:18:21","guid":{"rendered":"https:\/\/www.novotek.com\/fi\/?page_id=1733"},"modified":"2025-07-02T14:35:50","modified_gmt":"2025-07-02T12:35:50","slug":"teollinen-iot","status":"publish","type":"page","link":"https:\/\/www.novotek.com\/fi\/ratkaisut-ja-tuotteet\/teollinen-iot\/","title":{"rendered":"Teollinen IoT"},"content":{"rendered":"  <div class=\"hero\">\n    <div class=\"carousel hero-slider small\" data-flickity data-flickity-options='{\"prevNextButtons\": false}'>\n              <div class=\"carousel-cell\">\n          <div class=\"container\">\n            <div class=\"hero-content\">\n                              <h1>Teollinen IoT<\/h1>\n<p>Sovella esineiden internetin voimaa teollisuuteen. Meilt\u00e4 saat markkinoiden parhaat IIoT teknologiat ja asiantuntijat liiketoimintasi kehitt\u00e4miseen.<\/p>\n              \n                          <\/div>\n          <\/div>\n\n          <img decoding=\"async\" width=\"1024\" height=\"427\" src=\"https:\/\/www.novotek.com\/fi\/wp-content\/uploads\/sites\/6\/Novotek_DataOps_duotone_1920x800-1024x427.jpg.webp\" class=\"hero-bg\" alt=\"Hero Img\" fetchpriority=\"high\" srcset=\"https:\/\/www.novotek.com\/fi\/wp-content\/uploads\/sites\/6\/Novotek_DataOps_duotone_1920x800-1024x427.jpg.webp 1024w, https:\/\/www.novotek.com\/fi\/wp-content\/uploads\/sites\/6\/Novotek_DataOps_duotone_1920x800-300x125.jpg.webp 300w, https:\/\/www.novotek.com\/fi\/wp-content\/uploads\/sites\/6\/Novotek_DataOps_duotone_1920x800-768x320.jpg.webp 768w, https:\/\/www.novotek.com\/fi\/wp-content\/uploads\/sites\/6\/Novotek_DataOps_duotone_1920x800-1536x641.jpg.webp 1536w, https:\/\/www.novotek.com\/fi\/wp-content\/uploads\/sites\/6\/Novotek_DataOps_duotone_1920x800.jpg.webp 1920w\" sizes=\"(max-width: 1024px) 100vw, 1024px\" \/>                  <\/div>\n          <\/div>\n\n      <\/div>\n\n   <div class=\"floating-breadcrumb\"><div class=\"container\"><span><span><a href=\"https:\/\/www.novotek.com\/fi\/\" class=\"breadcrumb-frontpage\">Home<\/a><\/span><\/span><\/div><\/div>\n\n\n<div class=\"container-md heading  \">\n<h2 class=\"wp-block-heading\">Hyv\u00e4 tietorakenne perustana<\/h2>\n<\/div>\n\n<div class=\"container-md paragraph  \">\n<p>Digitalisaation laajentuminen teollisuuteen on lis\u00e4nnyt tuotantotiedon m\u00e4\u00e4r\u00e4\u00e4 merkitt\u00e4v\u00e4sti. Monet liiketoimintayksik\u00f6t, palveluntarjoajat ja kumppanit haluavat k\u00e4ytt\u00e4\u00e4 tietoja ohjaamaan toimintaa, joko paikallisesti tai pilvess\u00e4 prosessien ja tuotannon optimoimiseksi.<\/p>\n<\/div>\n\n<div class=\"container-md paragraph  \">\n<p>Yksi suurimmista t\u00e4m\u00e4n p\u00e4iv\u00e4n haasteista tiedon hy\u00f6dynt\u00e4misess\u00e4 on, ett\u00e4 koneista ja laitteista saadut tiedot ovat ep\u00e4selvi\u00e4, ep\u00e4johdonmukaisia, sek\u00e4 usein rakenteettomia. Tiettyyn laitteeseen tai j\u00e4rjestelm\u00e4\u00e4n liittyv\u00e4t tiedot sis\u00e4lt\u00e4v\u00e4t usein spesifej\u00e4 tunnisteita tai merkint\u00e4tapoja, ja niist\u00e4 puuttuvat metatieto, kuten sijainti, tyyppi tai sarjanumero. Muiden tehtaiden tai valmistajien koneiden tiedoilla voi olla t\u00e4ysin eri nimi, nime\u00e4mistapa tai signaalil\u00e4hde. T\u00e4m\u00e4 aiheuttaa merkitt\u00e4vi\u00e4 haasteita analytiikan ja palvelujen skaalautumiselle. Digitaalistuvan liiketoiminnan kannalta t\u00e4m\u00e4 haaste tulee pysty\u00e4 taklaamaan mahdollisimman tehokkaasti ja yll\u00e4pidett\u00e4v\u00e4sti.<\/p>\n<\/div>\n\n<div class=\"container-md image  \">\n<figure class=\"wp-block-image size-large\"><img loading=\"lazy\" decoding=\"async\" width=\"1024\" height=\"539\" src=\"https:\/\/www.novotek.com\/fi\/wp-content\/uploads\/sites\/6\/Ratkaisut_ja_Tuotteet\/Teollinen_IoT\/DataOps_Grafiikka_Fi-1024x539.jpg\" alt=\"DataOps grafiikka datan k\u00e4sittelyst\u00e4\" class=\"wp-image-3394\" srcset=\"https:\/\/www.novotek.com\/fi\/wp-content\/uploads\/sites\/6\/Ratkaisut_ja_Tuotteet\/Teollinen_IoT\/DataOps_Grafiikka_Fi-1024x539.jpg 1024w, https:\/\/www.novotek.com\/fi\/wp-content\/uploads\/sites\/6\/Ratkaisut_ja_Tuotteet\/Teollinen_IoT\/DataOps_Grafiikka_Fi-300x158.jpg 300w, https:\/\/www.novotek.com\/fi\/wp-content\/uploads\/sites\/6\/Ratkaisut_ja_Tuotteet\/Teollinen_IoT\/DataOps_Grafiikka_Fi-768x404.jpg 768w, https:\/\/www.novotek.com\/fi\/wp-content\/uploads\/sites\/6\/Ratkaisut_ja_Tuotteet\/Teollinen_IoT\/DataOps_Grafiikka_Fi-1536x808.jpg 1536w, https:\/\/www.novotek.com\/fi\/wp-content\/uploads\/sites\/6\/Ratkaisut_ja_Tuotteet\/Teollinen_IoT\/DataOps_Grafiikka_Fi.jpg 1900w\" sizes=\"auto, (max-width: 1024px) 100vw, 1024px\" \/><\/figure>\n<\/div>\n\n<div class=\"container-md paragraph  \">\n<p>DataOps tulee sanasta <em>Data Operations<\/em>, joka on tuore l\u00e4hestymistapa nopeuttamaan analytikkaa ja tiedon hy\u00f6dynt\u00e4mist\u00e4 laajemmin. P\u00e4\u00e4m\u00e4\u00e4r\u00e4 on minimoida datan valmisteluun (<em>data preparation<\/em>) k\u00e4ytett\u00e4v\u00e4 aika, jotta tutkijat, analyytikot ja sovelluskehitt\u00e4j\u00e4t voivat keskitty\u00e4 lis\u00e4arvon ja kilpailuedun tuottamiseen datasta.<\/p>\n<\/div>\n\n<div class=\"container-md paragraph  \">\n<p>Teollisten DataOps ty\u00f6kalujen avulla OT-tiedon omistajuus ja hallinta voidaan tuoda k\u00e4yt\u00e4nn\u00f6ss\u00e4 OT-henkil\u00f6st\u00f6lle &#8211; kokemus on osoittanut, ett\u00e4 IT\/pilvi\/loppusovellusten kehitt\u00e4j\u00e4t eiv\u00e4t ole sujuvuuden ja hy\u00f6dynt\u00e4misen kannalta optimaalinen ryhm\u00e4 ottamaan OT-datasta omistajuutta. Oikeiden ty\u00f6kalujen avulla OT-henkil\u00f6st\u00f6 voi yhdist\u00e4\u00e4, kontekstualisoida ja luoda rakenteita paikallisesti tehtaalla useista tietol\u00e4hteist\u00e4 ja j\u00e4rjestelmist\u00e4 (OPC, MQTT, SQL jne.).<\/p>\n<\/div>\n\n<div class=\"container-md paragraph  \">\n<p class=\"has-background\" style=\"background-color:#f8f8f8\"><a href=\"https:\/\/www.novotek.com\/fi\/ratkaisut-ja-tuotteet\/teollinen-dataops\/\"><strong>Lue lis\u00e4\u00e4 Teollisesta DataOpsista t\u00e4st\u00e4<\/strong><\/a><\/p>\n<\/div>\n\n<div class=\"container media-text  align\">\n<div class=\"wp-block-media-text is-stacked-on-mobile\"><figure class=\"wp-block-media-text__media\"><img loading=\"lazy\" decoding=\"async\" width=\"1024\" height=\"662\" src=\"https:\/\/www.novotek.com\/fi\/wp-content\/uploads\/sites\/6\/Ratkaisut_ja_Tuotteet\/Teollinen_IoT\/Novotek_DataOps_communication_duotone-1024x662-1.jpg\" alt=\"Teollinen IoT eli IIoT \" class=\"wp-image-2645 size-full\" srcset=\"https:\/\/www.novotek.com\/fi\/wp-content\/uploads\/sites\/6\/Ratkaisut_ja_Tuotteet\/Teollinen_IoT\/Novotek_DataOps_communication_duotone-1024x662-1.jpg 1024w, https:\/\/www.novotek.com\/fi\/wp-content\/uploads\/sites\/6\/Ratkaisut_ja_Tuotteet\/Teollinen_IoT\/Novotek_DataOps_communication_duotone-1024x662-1-300x194.jpg 300w, https:\/\/www.novotek.com\/fi\/wp-content\/uploads\/sites\/6\/Ratkaisut_ja_Tuotteet\/Teollinen_IoT\/Novotek_DataOps_communication_duotone-1024x662-1-768x497.jpg 768w\" sizes=\"auto, (max-width: 1024px) 100vw, 1024px\" \/><\/figure><div class=\"wp-block-media-text__content\"><div class=\"container-md heading  \">\n<h3 class=\"wp-block-heading\">Skaalautuva kommunikaatio on t\u00e4rke\u00e4\u00e4<\/h3>\n<\/div>\n\n<div class=\"container-md paragraph  \">\n<p>IIoT -ratkaisuja tulee pysty\u00e4 skaalata sadoille koneille, joissa on usein kymmeni\u00e4 tuhansia datapisteit\u00e4 sek\u00e4 useita eri vakiomalleja (mm. moottori_X, pumppu_Y jne.). <br><em>&#8221;Esineet&#8221;<\/em> ja niiden tiedot ja palvelut tulee valmistella ja j\u00e4sennell\u00e4 ennen niiden v\u00e4litt\u00e4mist\u00e4 eteenp\u00e4in. IIoT alustalla kohteiden k\u00e4sittely objekteina, joilla on data ja palvelut, mahdollistaa skaalautuvuuden.<\/p>\n<\/div><\/div><\/div>\n<\/div>\n\n<div class=\"container media-text  align\">\n<div class=\"wp-block-media-text has-media-on-the-right is-stacked-on-mobile\"><div class=\"wp-block-media-text__content\"><div class=\"container-md heading  \">\n<h3 class=\"wp-block-heading\">Selke\u00e4 visualisointi eri sidosryhmille<\/h3>\n<\/div>\n\n<div class=\"container-md paragraph  \">\n<p>IIoT j\u00e4rjestelm\u00e4n tulee pysty\u00e4 tarjoamaan k\u00e4ytt\u00f6liittymi\u00e4 eri tarkoituksiin ja eri sidosryhmille.<\/p>\n<\/div>\n\n<div class=\"container-md paragraph  \">\n<p>IIoT alustat tarjoavatkin ty\u00f6kaluja k\u00e4ytt\u00f6liittymien toteutukseen vaihtelevin l\u00e4hestymistavoin ja ominaisuuksin. Hyv\u00e4ss\u00e4 ty\u00f6kalussa on mahdollistettu sis\u00e4ll\u00f6n yhdistely ulkopuolisista l\u00e4hteist\u00e4 sek\u00e4 sis\u00e4ll\u00f6n m\u00e4\u00e4r\u00e4ytyminen k\u00e4ytt\u00e4jien\/tietojen\/palvelujen perusteella, minimoiden toteutusten rajoitteet.<\/p>\n<\/div><\/div><figure class=\"wp-block-media-text__media\"><img loading=\"lazy\" decoding=\"async\" width=\"1024\" height=\"662\" src=\"https:\/\/www.novotek.com\/fi\/wp-content\/uploads\/sites\/6\/Ratkaisut_ja_Tuotteet\/Teollinen_IoT\/Novotek_DataOps_OTpersonell_duotone-1024x662-1.jpg\" alt=\"Selke\u00e4 visualisointi parantaa eri sidosryhmien v\u00e4list\u00e4 ymm\u00e4rryst\u00e4. \" class=\"wp-image-2649 size-full\" srcset=\"https:\/\/www.novotek.com\/fi\/wp-content\/uploads\/sites\/6\/Ratkaisut_ja_Tuotteet\/Teollinen_IoT\/Novotek_DataOps_OTpersonell_duotone-1024x662-1.jpg 1024w, https:\/\/www.novotek.com\/fi\/wp-content\/uploads\/sites\/6\/Ratkaisut_ja_Tuotteet\/Teollinen_IoT\/Novotek_DataOps_OTpersonell_duotone-1024x662-1-300x194.jpg 300w, https:\/\/www.novotek.com\/fi\/wp-content\/uploads\/sites\/6\/Ratkaisut_ja_Tuotteet\/Teollinen_IoT\/Novotek_DataOps_OTpersonell_duotone-1024x662-1-768x497.jpg 768w\" sizes=\"auto, (max-width: 1024px) 100vw, 1024px\" \/><\/figure><\/div>\n<\/div>\n\n<div class=\"container media-text  align\">\n<div class=\"wp-block-media-text is-stacked-on-mobile\"><figure class=\"wp-block-media-text__media\"><img loading=\"lazy\" decoding=\"async\" width=\"1024\" height=\"663\" src=\"https:\/\/www.novotek.com\/fi\/wp-content\/uploads\/sites\/6\/Ratkaisut_ja_Tuotteet\/Teollinen_IoT\/Novotek_DataOps_Statistikk_duotone-1024x663-1.jpg\" alt=\"Kuvituskuva\" class=\"wp-image-2646 size-full\" srcset=\"https:\/\/www.novotek.com\/fi\/wp-content\/uploads\/sites\/6\/Ratkaisut_ja_Tuotteet\/Teollinen_IoT\/Novotek_DataOps_Statistikk_duotone-1024x663-1.jpg 1024w, https:\/\/www.novotek.com\/fi\/wp-content\/uploads\/sites\/6\/Ratkaisut_ja_Tuotteet\/Teollinen_IoT\/Novotek_DataOps_Statistikk_duotone-1024x663-1-300x194.jpg 300w, https:\/\/www.novotek.com\/fi\/wp-content\/uploads\/sites\/6\/Ratkaisut_ja_Tuotteet\/Teollinen_IoT\/Novotek_DataOps_Statistikk_duotone-1024x663-1-768x497.jpg 768w\" sizes=\"auto, (max-width: 1024px) 100vw, 1024px\" \/><\/figure><div class=\"wp-block-media-text__content\"><div class=\"container-md heading  \">\n<h3 class=\"wp-block-heading\">Datan analysointi mukaan<\/h3>\n<\/div>\n\n<div class=\"container-md paragraph  \">\n<p>IIoT-sovelluksissa tieto on usein datavirtaa, jota halutaan analysoitavan datavirrasta ja historiadatasta. Datasta haetaan ihmiselt\u00e4 piilossa olevia yht\u00e4l\u00e4isyyksi\u00e4 ja poikkeavuuksia, jotka ovat kiinnostavia liiketoimintaekosysteemille.<\/p>\n<\/div>\n\n<div class=\"container-md paragraph  \">\n<p>Oikealla IIoT -ratkaisulla voit k\u00e4ytt\u00e4\u00e4 molempia analyysivaihtoehtoa yhdell\u00e4 ty\u00f6kalulla hy\u00f6dynt\u00e4\u00e4ksesi niin online- kuin my\u00f6s offline-analyyseja. Kehittyneimm\u00e4t alustat tarjoavat helposti l\u00e4hestytt\u00e4vi\u00e4 <em><strong>low\/no-c<\/strong><\/em><strong><em>ode<\/em>-ymp\u00e4rist\u00f6j\u00e4 <\/strong>koneoppivan analytiikan kehitykseen.<\/p>\n<\/div><\/div><\/div>\n<\/div>\n\n<div class=\"container-md spacer  \">\n<div style=\"height:50px\" aria-hidden=\"true\" class=\"wp-block-spacer\"><\/div>\n<\/div>\n\n  <div class=\"slider-column-parent\">\n    <div class=\"container\">\n      <div class=\"slider-column-title\">Teollisuuden IoT ratkaisut<\/div>\n\n      <div class=\"row\">\n        <div class=\"col-12 col-md-4\"><div class=\"column-box\">\n  \n      <div class=\"title\">\n      HighByte Intelligence Hub    <\/div>\n  \n      <div class=\"text\">\n      <div class=\"container\">\n<div class=\"hero-content\">\n<p>DataOps ty\u00f6kalu tietojen tehokkaaseen yhdistelyyn, kuvaukseen ja mallintamiseen l\u00e4hell\u00e4 tietol\u00e4hteit\u00e4<\/p>\n<\/div>\n<\/div>\n    <\/div>\n  \n      <a class=\"link\"  href=\"https:\/\/www.novotek.com\/fi\/ratkaisut-ja-tuotteet\/highbyte-intelligence-hub\/\" target=\"_blank\">\n      Tutustu Intelligence Hubiin    <\/a>\n  \n  <\/div>\n\n<\/div><div class=\"col-12 col-md-4\"><div class=\"column-box\">\n  \n      <div class=\"title\">\n      ThingWorx    <\/div>\n  \n      <div class=\"text\">\n      <p>Markkinoiden johtava IIoT alusta liiketoimintasi uudistamiseen.<\/p>\n<p>&nbsp;<\/p>\n    <\/div>\n  \n      <a class=\"link\"  href=\"https:\/\/www.novotek.com\/fi\/ratkaisut-ja-tuotteet\/teollinen-iot\/thingworx\/\" target=\"_blank\">\n      Tutustu ThingWorxiin    <\/a>\n  \n  <\/div>\n\n<\/div>      <\/div>\n    <\/div>\n  <\/div>\n","protected":false},"excerpt":{"rendered":"<p>Hyv\u00e4 tietorakenne perustana Digitalisaation laajentuminen teollisuuteen on lis\u00e4nnyt tuotantotiedon m\u00e4\u00e4r\u00e4\u00e4 merkitt\u00e4v\u00e4sti. Monet liiketoimintayksik\u00f6t, palveluntarjoajat ja kumppanit haluavat k\u00e4ytt\u00e4\u00e4 tietoja ohjaamaan toimintaa, joko paikallisesti tai pilvess\u00e4 prosessien ja tuotannon optimoimiseksi. Yksi suurimmista t\u00e4m\u00e4n p\u00e4iv\u00e4n haasteista tiedon hy\u00f6dynt\u00e4misess\u00e4 on, ett\u00e4 koneista ja laitteista saadut tiedot ovat ep\u00e4selvi\u00e4, ep\u00e4johdonmukaisia, sek\u00e4 usein rakenteettomia. Tiettyyn laitteeseen tai j\u00e4rjestelm\u00e4\u00e4n liittyv\u00e4t tiedot [&hellip;]<\/p>\n","protected":false},"author":10,"featured_media":0,"parent":1433,"menu_order":3,"comment_status":"closed","ping_status":"closed","template":"","meta":{"_acf_changed":false,"_relevanssi_hide_post":"","_relevanssi_pin_for_all":"","_relevanssi_pin_keywords":"","_relevanssi_unpin_keywords":"","_relevanssi_related_keywords":"","_relevanssi_related_include_ids":"","_relevanssi_related_exclude_ids":"","_relevanssi_related_no_append":"","_relevanssi_related_not_related":"","_relevanssi_related_posts":"1","_relevanssi_noindex_reason":"","footnotes":""},"class_list":["post-1733","page","type-page","status-publish","hentry"],"acf":[],"yoast_head":"<!-- This site is optimized with the Yoast SEO plugin v27.3 - https:\/\/yoast.com\/product\/yoast-seo-wordpress\/ -->\n<title>Teollinen IoT - Novotek Finland<\/title>\n<meta name=\"description\" content=\"Sovella IoT:n voimaa teollisuuteen. Meilt\u00e4 saat markkinoiden parhaat IIoT teknologiat ja asiantuntijat liiketoimintasi kehitt\u00e4miseen.\" \/>\n<meta name=\"robots\" content=\"index, follow, max-snippet:-1, max-image-preview:large, max-video-preview:-1\" \/>\n<link rel=\"canonical\" href=\"https:\/\/www.novotek.com\/fi\/ratkaisut-ja-tuotteet\/teollinen-iot\/\" \/>\n<meta property=\"og:locale\" content=\"fi_FI\" \/>\n<meta property=\"og:type\" content=\"article\" \/>\n<meta property=\"og:title\" content=\"Teollinen IoT - Novotek Finland\" \/>\n<meta property=\"og:description\" content=\"Sovella IoT:n voimaa teollisuuteen. Meilt\u00e4 saat markkinoiden parhaat IIoT teknologiat ja asiantuntijat liiketoimintasi kehitt\u00e4miseen.\" \/>\n<meta property=\"og:url\" content=\"https:\/\/www.novotek.com\/fi\/ratkaisut-ja-tuotteet\/teollinen-iot\/\" \/>\n<meta property=\"og:site_name\" content=\"Novotek Finland\" \/>\n<meta property=\"article:modified_time\" content=\"2025-07-02T12:35:50+00:00\" \/>\n<meta property=\"og:image\" content=\"https:\/\/www.novotek.com\/fi\/wp-content\/uploads\/sites\/6\/Ratkaisut_ja_Tuotteet\/Teollinen_IoT\/DataOps_Grafiikka_Fi-1024x539.jpg\" \/>\n<meta name=\"twitter:card\" content=\"summary_large_image\" \/>\n<meta name=\"twitter:label1\" content=\"Arvioitu lukuaika\" \/>\n\t<meta name=\"twitter:data1\" content=\"3 minuuttia\" \/>\n<script type=\"application\/ld+json\" class=\"yoast-schema-graph\">{\"@context\":\"https:\\\/\\\/schema.org\",\"@graph\":[{\"@type\":\"WebPage\",\"@id\":\"https:\\\/\\\/www.novotek.com\\\/fi\\\/ratkaisut-ja-tuotteet\\\/teollinen-iot\\\/\",\"url\":\"https:\\\/\\\/www.novotek.com\\\/fi\\\/ratkaisut-ja-tuotteet\\\/teollinen-iot\\\/\",\"name\":\"Teollinen IoT - Novotek Finland\",\"isPartOf\":{\"@id\":\"https:\\\/\\\/www.novotek.com\\\/fi\\\/#website\"},\"primaryImageOfPage\":{\"@id\":\"https:\\\/\\\/www.novotek.com\\\/fi\\\/ratkaisut-ja-tuotteet\\\/teollinen-iot\\\/#primaryimage\"},\"image\":{\"@id\":\"https:\\\/\\\/www.novotek.com\\\/fi\\\/ratkaisut-ja-tuotteet\\\/teollinen-iot\\\/#primaryimage\"},\"thumbnailUrl\":\"https:\\\/\\\/www.novotek.com\\\/fi\\\/wp-content\\\/uploads\\\/sites\\\/6\\\/Ratkaisut_ja_Tuotteet\\\/Teollinen_IoT\\\/DataOps_Grafiikka_Fi-1024x539.jpg\",\"datePublished\":\"2021-09-25T12:18:21+00:00\",\"dateModified\":\"2025-07-02T12:35:50+00:00\",\"description\":\"Sovella IoT:n voimaa teollisuuteen. Meilt\u00e4 saat markkinoiden parhaat IIoT teknologiat ja asiantuntijat liiketoimintasi kehitt\u00e4miseen.\",\"breadcrumb\":{\"@id\":\"https:\\\/\\\/www.novotek.com\\\/fi\\\/ratkaisut-ja-tuotteet\\\/teollinen-iot\\\/#breadcrumb\"},\"inLanguage\":\"fi\",\"potentialAction\":[{\"@type\":\"ReadAction\",\"target\":[\"https:\\\/\\\/www.novotek.com\\\/fi\\\/ratkaisut-ja-tuotteet\\\/teollinen-iot\\\/\"]}]},{\"@type\":\"ImageObject\",\"inLanguage\":\"fi\",\"@id\":\"https:\\\/\\\/www.novotek.com\\\/fi\\\/ratkaisut-ja-tuotteet\\\/teollinen-iot\\\/#primaryimage\",\"url\":\"https:\\\/\\\/www.novotek.com\\\/fi\\\/wp-content\\\/uploads\\\/sites\\\/6\\\/Ratkaisut_ja_Tuotteet\\\/Teollinen_IoT\\\/DataOps_Grafiikka_Fi.jpg.webp\",\"contentUrl\":\"https:\\\/\\\/www.novotek.com\\\/fi\\\/wp-content\\\/uploads\\\/sites\\\/6\\\/Ratkaisut_ja_Tuotteet\\\/Teollinen_IoT\\\/DataOps_Grafiikka_Fi.jpg.webp\",\"width\":1900,\"height\":1000,\"caption\":\"DataOps grafiikka datan k\u00e4sittelyst\u00e4\"},{\"@type\":\"BreadcrumbList\",\"@id\":\"https:\\\/\\\/www.novotek.com\\\/fi\\\/ratkaisut-ja-tuotteet\\\/teollinen-iot\\\/#breadcrumb\",\"itemListElement\":[{\"@type\":\"ListItem\",\"position\":1,\"name\":\"Home\",\"item\":\"https:\\\/\\\/www.novotek.com\\\/fi\\\/\"},{\"@type\":\"ListItem\",\"position\":2,\"name\":\"Ratkaisut ja tuotteet\",\"item\":\"https:\\\/\\\/www.novotek.com\\\/fi\\\/ratkaisut-ja-tuotteet\\\/\"},{\"@type\":\"ListItem\",\"position\":3,\"name\":\"Teollinen IoT\"}]},{\"@type\":\"WebSite\",\"@id\":\"https:\\\/\\\/www.novotek.com\\\/fi\\\/#website\",\"url\":\"https:\\\/\\\/www.novotek.com\\\/fi\\\/\",\"name\":\"Novotek Finland\",\"description\":\"Teollisuuden digitalisaatio\",\"publisher\":{\"@id\":\"https:\\\/\\\/www.novotek.com\\\/fi\\\/#organization\"},\"potentialAction\":[{\"@type\":\"SearchAction\",\"target\":{\"@type\":\"EntryPoint\",\"urlTemplate\":\"https:\\\/\\\/www.novotek.com\\\/fi\\\/?s={search_term_string}\"},\"query-input\":{\"@type\":\"PropertyValueSpecification\",\"valueRequired\":true,\"valueName\":\"search_term_string\"}}],\"inLanguage\":\"fi\"},{\"@type\":\"Organization\",\"@id\":\"https:\\\/\\\/www.novotek.com\\\/fi\\\/#organization\",\"name\":\"Novotek Finland\",\"url\":\"https:\\\/\\\/www.novotek.com\\\/fi\\\/\",\"logo\":{\"@type\":\"ImageObject\",\"inLanguage\":\"fi\",\"@id\":\"https:\\\/\\\/www.novotek.com\\\/fi\\\/#\\\/schema\\\/logo\\\/image\\\/\",\"url\":\"https:\\\/\\\/www.novotek.com\\\/fi\\\/wp-content\\\/uploads\\\/sites\\\/6\\\/Logo\\\/novotek-symbol-rgb-pos.jpg\",\"contentUrl\":\"https:\\\/\\\/www.novotek.com\\\/fi\\\/wp-content\\\/uploads\\\/sites\\\/6\\\/Logo\\\/novotek-symbol-rgb-pos.jpg\",\"width\":864,\"height\":734,\"caption\":\"Novotek Finland\"},\"image\":{\"@id\":\"https:\\\/\\\/www.novotek.com\\\/fi\\\/#\\\/schema\\\/logo\\\/image\\\/\"},\"sameAs\":[\"https:\\\/\\\/fi.linkedin.com\\\/company\\\/novotek-oy\"]}]}<\/script>\n<!-- \/ Yoast SEO plugin. -->","yoast_head_json":{"title":"Teollinen IoT - Novotek Finland","description":"Sovella IoT:n voimaa teollisuuteen. Meilt\u00e4 saat markkinoiden parhaat IIoT teknologiat ja asiantuntijat liiketoimintasi kehitt\u00e4miseen.","robots":{"index":"index","follow":"follow","max-snippet":"max-snippet:-1","max-image-preview":"max-image-preview:large","max-video-preview":"max-video-preview:-1"},"canonical":"https:\/\/www.novotek.com\/fi\/ratkaisut-ja-tuotteet\/teollinen-iot\/","og_locale":"fi_FI","og_type":"article","og_title":"Teollinen IoT - Novotek Finland","og_description":"Sovella IoT:n voimaa teollisuuteen. Meilt\u00e4 saat markkinoiden parhaat IIoT teknologiat ja asiantuntijat liiketoimintasi kehitt\u00e4miseen.","og_url":"https:\/\/www.novotek.com\/fi\/ratkaisut-ja-tuotteet\/teollinen-iot\/","og_site_name":"Novotek Finland","article_modified_time":"2025-07-02T12:35:50+00:00","og_image":[{"url":"https:\/\/www.novotek.com\/fi\/wp-content\/uploads\/sites\/6\/Ratkaisut_ja_Tuotteet\/Teollinen_IoT\/DataOps_Grafiikka_Fi-1024x539.jpg","type":"","width":"","height":""}],"twitter_card":"summary_large_image","twitter_misc":{"Arvioitu lukuaika":"3 minuuttia"},"schema":{"@context":"https:\/\/schema.org","@graph":[{"@type":"WebPage","@id":"https:\/\/www.novotek.com\/fi\/ratkaisut-ja-tuotteet\/teollinen-iot\/","url":"https:\/\/www.novotek.com\/fi\/ratkaisut-ja-tuotteet\/teollinen-iot\/","name":"Teollinen IoT - Novotek Finland","isPartOf":{"@id":"https:\/\/www.novotek.com\/fi\/#website"},"primaryImageOfPage":{"@id":"https:\/\/www.novotek.com\/fi\/ratkaisut-ja-tuotteet\/teollinen-iot\/#primaryimage"},"image":{"@id":"https:\/\/www.novotek.com\/fi\/ratkaisut-ja-tuotteet\/teollinen-iot\/#primaryimage"},"thumbnailUrl":"https:\/\/www.novotek.com\/fi\/wp-content\/uploads\/sites\/6\/Ratkaisut_ja_Tuotteet\/Teollinen_IoT\/DataOps_Grafiikka_Fi-1024x539.jpg","datePublished":"2021-09-25T12:18:21+00:00","dateModified":"2025-07-02T12:35:50+00:00","description":"Sovella IoT:n voimaa teollisuuteen. Meilt\u00e4 saat markkinoiden parhaat IIoT teknologiat ja asiantuntijat liiketoimintasi kehitt\u00e4miseen.","breadcrumb":{"@id":"https:\/\/www.novotek.com\/fi\/ratkaisut-ja-tuotteet\/teollinen-iot\/#breadcrumb"},"inLanguage":"fi","potentialAction":[{"@type":"ReadAction","target":["https:\/\/www.novotek.com\/fi\/ratkaisut-ja-tuotteet\/teollinen-iot\/"]}]},{"@type":"ImageObject","inLanguage":"fi","@id":"https:\/\/www.novotek.com\/fi\/ratkaisut-ja-tuotteet\/teollinen-iot\/#primaryimage","url":"https:\/\/www.novotek.com\/fi\/wp-content\/uploads\/sites\/6\/Ratkaisut_ja_Tuotteet\/Teollinen_IoT\/DataOps_Grafiikka_Fi.jpg.webp","contentUrl":"https:\/\/www.novotek.com\/fi\/wp-content\/uploads\/sites\/6\/Ratkaisut_ja_Tuotteet\/Teollinen_IoT\/DataOps_Grafiikka_Fi.jpg.webp","width":1900,"height":1000,"caption":"DataOps grafiikka datan k\u00e4sittelyst\u00e4"},{"@type":"BreadcrumbList","@id":"https:\/\/www.novotek.com\/fi\/ratkaisut-ja-tuotteet\/teollinen-iot\/#breadcrumb","itemListElement":[{"@type":"ListItem","position":1,"name":"Home","item":"https:\/\/www.novotek.com\/fi\/"},{"@type":"ListItem","position":2,"name":"Ratkaisut ja tuotteet","item":"https:\/\/www.novotek.com\/fi\/ratkaisut-ja-tuotteet\/"},{"@type":"ListItem","position":3,"name":"Teollinen IoT"}]},{"@type":"WebSite","@id":"https:\/\/www.novotek.com\/fi\/#website","url":"https:\/\/www.novotek.com\/fi\/","name":"Novotek Finland","description":"Teollisuuden digitalisaatio","publisher":{"@id":"https:\/\/www.novotek.com\/fi\/#organization"},"potentialAction":[{"@type":"SearchAction","target":{"@type":"EntryPoint","urlTemplate":"https:\/\/www.novotek.com\/fi\/?s={search_term_string}"},"query-input":{"@type":"PropertyValueSpecification","valueRequired":true,"valueName":"search_term_string"}}],"inLanguage":"fi"},{"@type":"Organization","@id":"https:\/\/www.novotek.com\/fi\/#organization","name":"Novotek Finland","url":"https:\/\/www.novotek.com\/fi\/","logo":{"@type":"ImageObject","inLanguage":"fi","@id":"https:\/\/www.novotek.com\/fi\/#\/schema\/logo\/image\/","url":"https:\/\/www.novotek.com\/fi\/wp-content\/uploads\/sites\/6\/Logo\/novotek-symbol-rgb-pos.jpg","contentUrl":"https:\/\/www.novotek.com\/fi\/wp-content\/uploads\/sites\/6\/Logo\/novotek-symbol-rgb-pos.jpg","width":864,"height":734,"caption":"Novotek Finland"},"image":{"@id":"https:\/\/www.novotek.com\/fi\/#\/schema\/logo\/image\/"},"sameAs":["https:\/\/fi.linkedin.com\/company\/novotek-oy"]}]}},"_links":{"self":[{"href":"https:\/\/www.novotek.com\/fi\/wp-json\/wp\/v2\/pages\/1733","targetHints":{"allow":["GET"]}}],"collection":[{"href":"https:\/\/www.novotek.com\/fi\/wp-json\/wp\/v2\/pages"}],"about":[{"href":"https:\/\/www.novotek.com\/fi\/wp-json\/wp\/v2\/types\/page"}],"author":[{"embeddable":true,"href":"https:\/\/www.novotek.com\/fi\/wp-json\/wp\/v2\/users\/10"}],"replies":[{"embeddable":true,"href":"https:\/\/www.novotek.com\/fi\/wp-json\/wp\/v2\/comments?post=1733"}],"version-history":[{"count":62,"href":"https:\/\/www.novotek.com\/fi\/wp-json\/wp\/v2\/pages\/1733\/revisions"}],"predecessor-version":[{"id":17168,"href":"https:\/\/www.novotek.com\/fi\/wp-json\/wp\/v2\/pages\/1733\/revisions\/17168"}],"up":[{"embeddable":true,"href":"https:\/\/www.novotek.com\/fi\/wp-json\/wp\/v2\/pages\/1433"}],"wp:attachment":[{"href":"https:\/\/www.novotek.com\/fi\/wp-json\/wp\/v2\/media?parent=1733"}],"curies":[{"name":"wp","href":"https:\/\/api.w.org\/{rel}","templated":true}]}}