{"id":2195,"date":"2021-05-24T12:51:00","date_gmt":"2021-05-24T12:51:00","guid":{"rendered":"https:\/\/www.novotek.com\/fi\/?page_id=2195"},"modified":"2025-10-08T16:07:10","modified_gmt":"2025-10-08T14:07:10","slug":"transmeri","status":"publish","type":"page","link":"https:\/\/www.novotek.com\/fi\/asiakastarinat\/transmeri\/","title":{"rendered":"Transmeri"},"content":{"rendered":"  <div class=\"hero\">\n    <div class=\"carousel hero-slider small\" data-flickity data-flickity-options='{\"prevNextButtons\": false}'>\n              <div class=\"carousel-cell\">\n          <div class=\"container\">\n            <div class=\"hero-content\">\n                              <p><strong>Asiakastarina<\/strong><\/p>\n<p style=\"font-size: 42px;font-weight: bold\">Transmeri Logistics<\/p>\n<p>&nbsp;<br \/>\nRS Productionin avulla Transmeri Logistics saa tarkan ja reaaliaikaisen n\u00e4kyvyyden tuotantolaitteiden tehokkuuteen ja h\u00e4vikkeihin, josta\u00a0hy\u00f6tyv\u00e4t\u00a0kaikki tuotantolinjan ty\u00f6ntekij\u00f6ist\u00e4\u00a0yrityksen johtoon<\/p>\n              \n                          <\/div>\n          <\/div>\n\n          <img decoding=\"async\" width=\"1024\" height=\"427\" src=\"https:\/\/www.novotek.com\/fi\/wp-content\/uploads\/sites\/6\/Asiakastarinat\/Transmeri\/Transmeri-RS-Production-1024x427.png\" class=\"hero-bg\" alt=\"Hero Img\" fetchpriority=\"high\" srcset=\"https:\/\/www.novotek.com\/fi\/wp-content\/uploads\/sites\/6\/Asiakastarinat\/Transmeri\/Transmeri-RS-Production-1024x427.png 1024w, https:\/\/www.novotek.com\/fi\/wp-content\/uploads\/sites\/6\/Asiakastarinat\/Transmeri\/Transmeri-RS-Production-300x125.png 300w, https:\/\/www.novotek.com\/fi\/wp-content\/uploads\/sites\/6\/Asiakastarinat\/Transmeri\/Transmeri-RS-Production-768x320.png 768w, https:\/\/www.novotek.com\/fi\/wp-content\/uploads\/sites\/6\/Asiakastarinat\/Transmeri\/Transmeri-RS-Production-1536x640.png 1536w, https:\/\/www.novotek.com\/fi\/wp-content\/uploads\/sites\/6\/Asiakastarinat\/Transmeri\/Transmeri-RS-Production.png 1920w\" sizes=\"(max-width: 1024px) 100vw, 1024px\" \/>                  <\/div>\n          <\/div>\n\n      <\/div>\n\n   <div class=\"floating-breadcrumb\"><div class=\"container\"><span><span><a href=\"https:\/\/www.novotek.com\/fi\/\" class=\"breadcrumb-frontpage\">Home<\/a><\/span><\/span><\/div><\/div>\n\n\n<div class=\"container-md paragraph  \">\n<p>Transmeri Logistics on osa <a href=\"https:\/\/www.transmeri.fi\/\" target=\"_blank\" rel=\"noreferrer noopener nofollow\">Transmeri Oy -konsernia<\/a>, joka on suomalainen elintarvikkeita, p\u00e4ivitt\u00e4istavaratuotteita, kosmetiikkaa ja torjunta-aineita tuottava ja maahantuova yritys. Transmeri Logisticsilla on Vantaalla seitsem\u00e4n pakkauslinjaa, jotka koostuvat eri-ik\u00e4isist\u00e4 ja suorituskykyisist\u00e4 koneista ja laitteista.<\/p>\n<\/div>\n\n<div class=\"container-md columns  \">\n<div class=\"wp-block-columns is-layout-flex wp-container-core-columns-is-layout-9d6595d7 wp-block-columns-is-layout-flex\"><div class=\"container-md column  \">\n<div class=\"wp-block-column is-layout-flow wp-block-column-is-layout-flow\"><div class=\"container-md heading  \">\n<h4 class=\"wp-block-heading\" id=\"ratkaisut\">Ratkaisut<\/h4>\n<\/div>\n\n<div class=\"container-md list  \">\n<ul class=\"wp-block-list\"><div class=\"container-md list-item  \">\n<li>Automaattinen k\u00e4yntitietojen seuranta ja OEE-raportointi tuotantokoneilla<\/li>\n<\/div>\n\n<div class=\"container-md list-item  \">\n<li>Tiedon hy\u00f6dynt\u00e4minen p\u00e4ivitt\u00e4isjohtamisessa ja tuotannon Lean-kehitt\u00e4misess\u00e4<\/li>\n<\/div><\/ul>\n<\/div>\n\n<div class=\"container-md spacer  \">\n<div style=\"height:15px\" aria-hidden=\"true\" class=\"wp-block-spacer\"><\/div>\n<\/div>\n\n<div class=\"container-md heading  \">\n<h4 class=\"wp-block-heading\" id=\"tuotteet\">Tuotteet<\/h4>\n<\/div>\n\n<div class=\"container-md list  \">\n<ul class=\"wp-block-list\"><div class=\"container-md list-item  \">\n<li><a href=\"https:\/\/www.novotek.com\/fi\/ratkaisut-ja-tuotteet\/knl-oee\/rs-production\/\"><strong>RS Production OEE<\/strong><\/a> standardiratkaisu SaaS (Software as Service) pilvipalveluna<\/li>\n<\/div><\/ul>\n<\/div>\n\n<div class=\"container-md spacer  \">\n<div style=\"height:15px\" aria-hidden=\"true\" class=\"wp-block-spacer\"><\/div>\n<\/div>\n\n<div class=\"container-md heading  \">\n<h4 class=\"wp-block-heading\" id=\"saavutetut-hyodyt\">Saavutetut hy\u00f6dyt<\/h4>\n<\/div>\n\n<div class=\"container-md list  \">\n<ul class=\"wp-block-list\"><div class=\"container-md list-item  \">\n<li>Reaaliaikainen seuranta tuotannon suorityskykyyn ja tuotannon tapahtumiin.<\/li>\n<\/div>\n\n<div class=\"container-md list-item  \">\n<li>Tiedolla johtaminen ja toiminnan kehitt\u00e4minen faktapohjaisesti dataa hy\u00f6dynt\u00e4en<\/li>\n<\/div><\/ul>\n<\/div><\/div>\n<\/div>\n\n<div class=\"container-md column  \">\n<div class=\"wp-block-column is-layout-flow wp-block-column-is-layout-flow\"><div class=\"wp-block-image\"><div class=\"container-md image  alignright\">\n<figure class=\"alignright size-large is-resized\"><img loading=\"lazy\" decoding=\"async\" width=\"1024\" height=\"1024\" src=\"https:\/\/www.novotek.com\/fi\/wp-content\/uploads\/sites\/6\/Icons\/Pictogram\/novotek-produktionsplanering-1024x1024.jpg\" alt=\"Novotek pictogram tuotannonsuunnittelu\" class=\"wp-image-17755\" style=\"width:241px;height:241px\" srcset=\"https:\/\/www.novotek.com\/fi\/wp-content\/uploads\/sites\/6\/Icons\/Pictogram\/novotek-produktionsplanering-1024x1024.jpg 1024w, https:\/\/www.novotek.com\/fi\/wp-content\/uploads\/sites\/6\/Icons\/Pictogram\/novotek-produktionsplanering-300x300.jpg 300w, https:\/\/www.novotek.com\/fi\/wp-content\/uploads\/sites\/6\/Icons\/Pictogram\/novotek-produktionsplanering-150x150.jpg 150w, https:\/\/www.novotek.com\/fi\/wp-content\/uploads\/sites\/6\/Icons\/Pictogram\/novotek-produktionsplanering-768x768.jpg 768w, https:\/\/www.novotek.com\/fi\/wp-content\/uploads\/sites\/6\/Icons\/Pictogram\/novotek-produktionsplanering-1536x1536.jpg 1536w, https:\/\/www.novotek.com\/fi\/wp-content\/uploads\/sites\/6\/Icons\/Pictogram\/novotek-produktionsplanering-2048x2048.jpg 2048w, https:\/\/www.novotek.com\/fi\/wp-content\/uploads\/sites\/6\/Icons\/Pictogram\/novotek-produktionsplanering-86x86.jpg 86w, https:\/\/www.novotek.com\/fi\/wp-content\/uploads\/sites\/6\/Icons\/Pictogram\/novotek-produktionsplanering-306x306.jpg 306w, https:\/\/www.novotek.com\/fi\/wp-content\/uploads\/sites\/6\/Icons\/Pictogram\/novotek-produktionsplanering-636x636.jpg 636w, https:\/\/www.novotek.com\/fi\/wp-content\/uploads\/sites\/6\/Icons\/Pictogram\/novotek-produktionsplanering-1632x1632.jpg 1632w\" sizes=\"auto, (max-width: 1024px) 100vw, 1024px\" \/><\/figure>\n<\/div><\/div><\/div>\n<\/div><\/div>\n<\/div>\n\n<div class=\"container-md spacer  \">\n<div style=\"height:40px\" aria-hidden=\"true\" class=\"wp-block-spacer\"><\/div>\n<\/div>\n\n<div class=\"container-md heading  \">\n<h1 class=\"wp-block-heading\" id=\"ei-enaa-tehokkuudenseurantaa-kynalla-paperilla-ja-excelilla\"><strong><strong>Ei en\u00e4\u00e4 tehokkuudenseurantaa kyn\u00e4ll\u00e4, paperilla ja Excelill\u00e4<\/strong><\/strong><\/h1>\n<\/div>\n\n<div class=\"container-md paragraph  \">\n<p>Tuotannon tehokkuutta seurattiin manuaalisesti kyn\u00e4ll\u00e4 ja paperilla sek\u00e4 tietysti Excelill\u00e4. Seuranta oli j\u00e4lkij\u00e4tt\u00f6ist\u00e4 ja raportointi hidasta, jolloin ongelmien reagointiin ja kehitt\u00e4miselle ei j\u00e4\u00e4nyt yht\u00e4 paljon aikaa.<\/p>\n<\/div>\n\n<div class=\"container-md paragraph  \">\n<p>Transmeri Logistics otti k\u00e4ytt\u00f6\u00f6n <a href=\"https:\/\/www.novotek.com\/fi\/ratkaisut-ja-tuotteet\/knl-oee\/rs-production\/\"><strong>RS Productionin<\/strong><\/a>, monipuolisen ja visuaalisen OEE-j\u00e4rjestelm\u00e4n. RS Productionin avulla Transmeri Logistic saa tarkan ja reaaliaikaisen n\u00e4kyvyyden tuotantolaitteiden tehokkuuteen ja h\u00e4vikkeihin.&nbsp;OEE-seuranta auttaa l\u00f6yt\u00e4m\u00e4\u00e4n tuotannosta sudenkuopat ja pullonkaulat, kohdistamaan ennakoivan huollon oikein, ehk\u00e4isem\u00e4\u00e4n seisakkeja ja antamaan perustelut korjaus- tai korvausinvestoinneille.<\/p>\n<\/div>\n\n<div class=\"container-md quote  \">\n<blockquote class=\"wp-block-quote is-layout-flow wp-block-quote-is-layout-flow\"><div class=\"container-md paragraph  \">\n<p>Min\u00e4 suosittelen RS Productionia tuotantolaitoksiin, joissa ei viel\u00e4 ole tuotannon p\u00e4ivitt\u00e4ist\u00e4 seurantaa \u2013 joissa tiedet\u00e4\u00e4n yleistasolla, kuinka paljon tavaraa syntyy p\u00e4iv\u00e4ss\u00e4, mutta ei tiedet\u00e4, miten. RS Production auttaa my\u00f6s, kun haluaa kannustaa tuotannon ty\u00f6ntekij\u00f6it\u00e4 seuraamaan, miss\u00e4 menn\u00e4\u00e4n.<\/p>\n<\/div><cite>Emilia Kokkola, tuotantop\u00e4\u00e4llikk\u00f6, Transmeri Logistics Oy<\/cite><\/blockquote>\n<\/div>\n\n<div class=\"container-md spacer  \">\n<div style=\"height:29px\" aria-hidden=\"true\" class=\"wp-block-spacer\"><\/div>\n<\/div>\n\n  <div class=\"slider-column-parent\">\n    <div class=\"container\">\n      <div class=\"slider-column-title\">Lis\u00e4tietoja<\/div>\n\n      <div class=\"row\">\n        <div class=\"col-12 col-md-4\"><div class=\"column-box\">\n      <div class=\"icon \">\n      <img loading=\"lazy\" decoding=\"async\" width=\"150\" height=\"150\" src=\"https:\/\/www.novotek.com\/fi\/wp-content\/uploads\/sites\/6\/Icons\/Ikon-speedometer_-150x150.png.webp\" class=\"attachment-thumbnail size-thumbnail\" alt=\"icon: tehokkuus\" srcset=\"https:\/\/www.novotek.com\/fi\/wp-content\/uploads\/sites\/6\/Icons\/Ikon-speedometer_-150x150.png.webp 150w, https:\/\/www.novotek.com\/fi\/wp-content\/uploads\/sites\/6\/Icons\/Ikon-speedometer_.png.webp 300w\" sizes=\"auto, (max-width: 150px) 100vw, 150px\" \/>    <\/div>\n  \n      <div class=\"title\">\n      RS Production    <\/div>\n  \n      <div class=\"text\">\n      <p>Laske OEE automaattisesti RS Production -ohjelmistolla.<\/p>\n    <\/div>\n  \n      <a class=\"link\"  href=\"https:\/\/www.novotek.com\/fi\/ratkaisut-ja-tuotteet\/knl-oee\/rs-production\/\" target=\"_blank\">\n      Lue lis\u00e4\u00e4    <\/a>\n  \n  <\/div>\n\n<\/div><div class=\"col-12 col-md-4\"><div class=\"column-box\">\n      <div class=\"icon \">\n      <img loading=\"lazy\" decoding=\"async\" width=\"150\" height=\"150\" src=\"https:\/\/www.novotek.com\/fi\/wp-content\/uploads\/sites\/6\/Icons\/icon-diamond-300x300-5-150x150.png.webp\" class=\"attachment-thumbnail size-thumbnail\" alt=\"icon-diamond\" srcset=\"https:\/\/www.novotek.com\/fi\/wp-content\/uploads\/sites\/6\/Icons\/icon-diamond-300x300-5-150x150.png.webp 150w, https:\/\/www.novotek.com\/fi\/wp-content\/uploads\/sites\/6\/Icons\/icon-diamond-300x300-5-300x300.png.webp 300w, https:\/\/www.novotek.com\/fi\/wp-content\/uploads\/sites\/6\/Icons\/icon-diamond-300x300-5-1024x1024.png.webp 1024w, https:\/\/www.novotek.com\/fi\/wp-content\/uploads\/sites\/6\/Icons\/icon-diamond-300x300-5-768x768.png.webp 768w, https:\/\/www.novotek.com\/fi\/wp-content\/uploads\/sites\/6\/Icons\/icon-diamond-300x300-5.png.webp 1112w\" sizes=\"auto, (max-width: 150px) 100vw, 150px\" \/>    <\/div>\n  \n      <div class=\"title\">\n      Asiakastarina    <\/div>\n  \n      <div class=\"text\">\n      <p>VMT Plastic Solutions saa jatkuvasti reaaliaikaista tietoa tuotannon kulusta.<\/p>\n    <\/div>\n  \n      <a class=\"link\"  href=\"https:\/\/www.novotek.com\/fi\/asiakastarinat\/vmt-plastic-solutions\/\" target=\"\">\n      Lue asiakastarina    <\/a>\n  \n  <\/div>\n\n<\/div><div class=\"col-12 col-md-4\"><div class=\"column-box\">\n      <div class=\"icon \">\n      <img loading=\"lazy\" decoding=\"async\" width=\"150\" height=\"150\" src=\"https:\/\/www.novotek.com\/fi\/wp-content\/uploads\/sites\/6\/Icons\/Icon_DataSheet-300x300-1-150x150.png\" class=\"attachment-thumbnail size-thumbnail\" alt=\"DataSheet\" srcset=\"https:\/\/www.novotek.com\/fi\/wp-content\/uploads\/sites\/6\/Icons\/Icon_DataSheet-300x300-1-150x150.png 150w, https:\/\/www.novotek.com\/fi\/wp-content\/uploads\/sites\/6\/Icons\/Icon_DataSheet-300x300-1.png 300w\" sizes=\"auto, (max-width: 150px) 100vw, 150px\" \/>    <\/div>\n  \n      <div class=\"title\">\n      Blogi    <\/div>\n  \n      <div class=\"text\">\n      <p>Ota tuotannon pullonkaulat haltuun OEE:n avulla.<\/p>\n    <\/div>\n  \n      <a class=\"link\"  href=\"https:\/\/www.novotek.com\/fi\/insight\/ota-tuotannon-pullonkaulat-haltuun-oeen-avulla\/\" target=\"_blank\">\n      Lue blogi    <\/a>\n  \n  <\/div>\n\n<\/div>      <\/div>\n    <\/div>\n  <\/div>\n\n\n<div class=\"cta-block\">\n  <div class=\"container\">\n          <h2>Kerromme mielell\u00e4mme lis\u00e4\u00e4!<\/h2>\n    \n          <div><p>Myyntimme ja asiantuntijamme auttavat sinua l\u00f6yt\u00e4m\u00e4\u00e4n parhaan ratkaisun haasteeseesi ja ymp\u00e4rist\u00f6\u00f6si.<\/p>\n<\/div>\n    \n          <a class=\"btn btn-primary\" href=\"https:\/\/www.novotek.com\/fi\/ota-yhteytta\/\">Ota yhteytt\u00e4<\/a>\n      <\/div>\n<\/div>\n","protected":false},"excerpt":{"rendered":"<p>RS Productionin avulla Transmeri Logistics saa tarkan ja reaaliaikaisen n\u00e4kyvyyden tuotantolaitteiden tehokkuuteen ja h\u00e4vikkeihin. <\/p>\n","protected":false},"author":24,"featured_media":0,"parent":5483,"menu_order":8,"comment_status":"closed","ping_status":"closed","template":"","meta":{"_acf_changed":false,"_relevanssi_hide_post":"","_relevanssi_pin_for_all":"","_relevanssi_pin_keywords":"","_relevanssi_unpin_keywords":"","_relevanssi_related_keywords":"","_relevanssi_related_include_ids":"","_relevanssi_related_exclude_ids":"","_relevanssi_related_no_append":"","_relevanssi_related_not_related":"","_relevanssi_related_posts":"1","_relevanssi_noindex_reason":"","footnotes":""},"class_list":["post-2195","page","type-page","status-publish","hentry"],"acf":[],"yoast_head":"<!-- This site is optimized with the Yoast SEO plugin v27.3 - https:\/\/yoast.com\/product\/yoast-seo-wordpress\/ -->\n<title>Transmeri - Novotek Finland<\/title>\n<meta name=\"description\" content=\"Transmeri luopui manuaalisesta tehokkuuden seurannasta ja otti k\u00e4ytt\u00f6\u00f6ns\u00e4 nykyaikaisen OEE-j\u00e4rjestelm\u00e4n. Lue lis\u00e4\u00e4 asiakastarinasta.\" \/>\n<meta name=\"robots\" content=\"index, follow, max-snippet:-1, max-image-preview:large, max-video-preview:-1\" \/>\n<link rel=\"canonical\" href=\"https:\/\/www.novotek.com\/fi\/asiakastarinat\/transmeri\/\" \/>\n<meta property=\"og:locale\" content=\"fi_FI\" \/>\n<meta property=\"og:type\" content=\"article\" \/>\n<meta property=\"og:title\" content=\"Transmeri - Novotek Finland\" \/>\n<meta property=\"og:description\" content=\"Transmeri luopui manuaalisesta tehokkuuden seurannasta ja otti k\u00e4ytt\u00f6\u00f6ns\u00e4 nykyaikaisen OEE-j\u00e4rjestelm\u00e4n. Lue lis\u00e4\u00e4 asiakastarinasta.\" \/>\n<meta property=\"og:url\" content=\"https:\/\/www.novotek.com\/fi\/asiakastarinat\/transmeri\/\" \/>\n<meta property=\"og:site_name\" content=\"Novotek Finland\" \/>\n<meta property=\"article:modified_time\" content=\"2025-10-08T14:07:10+00:00\" \/>\n<meta property=\"og:image\" content=\"https:\/\/www.novotek.com\/fi\/wp-content\/uploads\/sites\/6\/Icons\/Pictogram\/novotek-produktionsplanering-1024x1024.jpg\" \/>\n<meta name=\"twitter:card\" content=\"summary_large_image\" \/>\n<meta name=\"twitter:label1\" content=\"Arvioitu lukuaika\" \/>\n\t<meta name=\"twitter:data1\" content=\"1 minuutti\" \/>\n<script type=\"application\/ld+json\" class=\"yoast-schema-graph\">{\"@context\":\"https:\\\/\\\/schema.org\",\"@graph\":[{\"@type\":\"WebPage\",\"@id\":\"https:\\\/\\\/www.novotek.com\\\/fi\\\/asiakastarinat\\\/transmeri\\\/\",\"url\":\"https:\\\/\\\/www.novotek.com\\\/fi\\\/asiakastarinat\\\/transmeri\\\/\",\"name\":\"Transmeri - Novotek Finland\",\"isPartOf\":{\"@id\":\"https:\\\/\\\/www.novotek.com\\\/fi\\\/#website\"},\"primaryImageOfPage\":{\"@id\":\"https:\\\/\\\/www.novotek.com\\\/fi\\\/asiakastarinat\\\/transmeri\\\/#primaryimage\"},\"image\":{\"@id\":\"https:\\\/\\\/www.novotek.com\\\/fi\\\/asiakastarinat\\\/transmeri\\\/#primaryimage\"},\"thumbnailUrl\":\"https:\\\/\\\/www.novotek.com\\\/fi\\\/wp-content\\\/uploads\\\/sites\\\/6\\\/Icons\\\/Pictogram\\\/novotek-produktionsplanering-1024x1024.jpg\",\"datePublished\":\"2021-05-24T12:51:00+00:00\",\"dateModified\":\"2025-10-08T14:07:10+00:00\",\"description\":\"Transmeri luopui manuaalisesta tehokkuuden seurannasta ja otti k\u00e4ytt\u00f6\u00f6ns\u00e4 nykyaikaisen OEE-j\u00e4rjestelm\u00e4n. Lue lis\u00e4\u00e4 asiakastarinasta.\",\"breadcrumb\":{\"@id\":\"https:\\\/\\\/www.novotek.com\\\/fi\\\/asiakastarinat\\\/transmeri\\\/#breadcrumb\"},\"inLanguage\":\"fi\",\"potentialAction\":[{\"@type\":\"ReadAction\",\"target\":[\"https:\\\/\\\/www.novotek.com\\\/fi\\\/asiakastarinat\\\/transmeri\\\/\"]}]},{\"@type\":\"ImageObject\",\"inLanguage\":\"fi\",\"@id\":\"https:\\\/\\\/www.novotek.com\\\/fi\\\/asiakastarinat\\\/transmeri\\\/#primaryimage\",\"url\":\"https:\\\/\\\/www.novotek.com\\\/fi\\\/wp-content\\\/uploads\\\/sites\\\/6\\\/Icons\\\/Pictogram\\\/novotek-produktionsplanering.jpg.webp\",\"contentUrl\":\"https:\\\/\\\/www.novotek.com\\\/fi\\\/wp-content\\\/uploads\\\/sites\\\/6\\\/Icons\\\/Pictogram\\\/novotek-produktionsplanering.jpg.webp\",\"width\":2363,\"height\":2363,\"caption\":\"Novotek pictogram tuotannonsuunnittelu\"},{\"@type\":\"BreadcrumbList\",\"@id\":\"https:\\\/\\\/www.novotek.com\\\/fi\\\/asiakastarinat\\\/transmeri\\\/#breadcrumb\",\"itemListElement\":[{\"@type\":\"ListItem\",\"position\":1,\"name\":\"Home\",\"item\":\"https:\\\/\\\/www.novotek.com\\\/fi\\\/\"},{\"@type\":\"ListItem\",\"position\":2,\"name\":\"Asiakastarinat\",\"item\":\"https:\\\/\\\/www.novotek.com\\\/fi\\\/asiakastarinat\\\/\"},{\"@type\":\"ListItem\",\"position\":3,\"name\":\"Transmeri\"}]},{\"@type\":\"WebSite\",\"@id\":\"https:\\\/\\\/www.novotek.com\\\/fi\\\/#website\",\"url\":\"https:\\\/\\\/www.novotek.com\\\/fi\\\/\",\"name\":\"Novotek Finland\",\"description\":\"Teollisuuden digitalisaatio\",\"publisher\":{\"@id\":\"https:\\\/\\\/www.novotek.com\\\/fi\\\/#organization\"},\"potentialAction\":[{\"@type\":\"SearchAction\",\"target\":{\"@type\":\"EntryPoint\",\"urlTemplate\":\"https:\\\/\\\/www.novotek.com\\\/fi\\\/?s={search_term_string}\"},\"query-input\":{\"@type\":\"PropertyValueSpecification\",\"valueRequired\":true,\"valueName\":\"search_term_string\"}}],\"inLanguage\":\"fi\"},{\"@type\":\"Organization\",\"@id\":\"https:\\\/\\\/www.novotek.com\\\/fi\\\/#organization\",\"name\":\"Novotek Finland\",\"url\":\"https:\\\/\\\/www.novotek.com\\\/fi\\\/\",\"logo\":{\"@type\":\"ImageObject\",\"inLanguage\":\"fi\",\"@id\":\"https:\\\/\\\/www.novotek.com\\\/fi\\\/#\\\/schema\\\/logo\\\/image\\\/\",\"url\":\"https:\\\/\\\/www.novotek.com\\\/fi\\\/wp-content\\\/uploads\\\/sites\\\/6\\\/Logo\\\/novotek-symbol-rgb-pos.jpg\",\"contentUrl\":\"https:\\\/\\\/www.novotek.com\\\/fi\\\/wp-content\\\/uploads\\\/sites\\\/6\\\/Logo\\\/novotek-symbol-rgb-pos.jpg\",\"width\":864,\"height\":734,\"caption\":\"Novotek Finland\"},\"image\":{\"@id\":\"https:\\\/\\\/www.novotek.com\\\/fi\\\/#\\\/schema\\\/logo\\\/image\\\/\"},\"sameAs\":[\"https:\\\/\\\/fi.linkedin.com\\\/company\\\/novotek-oy\"]}]}<\/script>\n<!-- \/ Yoast SEO plugin. -->","yoast_head_json":{"title":"Transmeri - Novotek Finland","description":"Transmeri luopui manuaalisesta tehokkuuden seurannasta ja otti k\u00e4ytt\u00f6\u00f6ns\u00e4 nykyaikaisen OEE-j\u00e4rjestelm\u00e4n. Lue lis\u00e4\u00e4 asiakastarinasta.","robots":{"index":"index","follow":"follow","max-snippet":"max-snippet:-1","max-image-preview":"max-image-preview:large","max-video-preview":"max-video-preview:-1"},"canonical":"https:\/\/www.novotek.com\/fi\/asiakastarinat\/transmeri\/","og_locale":"fi_FI","og_type":"article","og_title":"Transmeri - Novotek Finland","og_description":"Transmeri luopui manuaalisesta tehokkuuden seurannasta ja otti k\u00e4ytt\u00f6\u00f6ns\u00e4 nykyaikaisen OEE-j\u00e4rjestelm\u00e4n. Lue lis\u00e4\u00e4 asiakastarinasta.","og_url":"https:\/\/www.novotek.com\/fi\/asiakastarinat\/transmeri\/","og_site_name":"Novotek Finland","article_modified_time":"2025-10-08T14:07:10+00:00","og_image":[{"url":"https:\/\/www.novotek.com\/fi\/wp-content\/uploads\/sites\/6\/Icons\/Pictogram\/novotek-produktionsplanering-1024x1024.jpg","type":"","width":"","height":""}],"twitter_card":"summary_large_image","twitter_misc":{"Arvioitu lukuaika":"1 minuutti"},"schema":{"@context":"https:\/\/schema.org","@graph":[{"@type":"WebPage","@id":"https:\/\/www.novotek.com\/fi\/asiakastarinat\/transmeri\/","url":"https:\/\/www.novotek.com\/fi\/asiakastarinat\/transmeri\/","name":"Transmeri - Novotek Finland","isPartOf":{"@id":"https:\/\/www.novotek.com\/fi\/#website"},"primaryImageOfPage":{"@id":"https:\/\/www.novotek.com\/fi\/asiakastarinat\/transmeri\/#primaryimage"},"image":{"@id":"https:\/\/www.novotek.com\/fi\/asiakastarinat\/transmeri\/#primaryimage"},"thumbnailUrl":"https:\/\/www.novotek.com\/fi\/wp-content\/uploads\/sites\/6\/Icons\/Pictogram\/novotek-produktionsplanering-1024x1024.jpg","datePublished":"2021-05-24T12:51:00+00:00","dateModified":"2025-10-08T14:07:10+00:00","description":"Transmeri luopui manuaalisesta tehokkuuden seurannasta ja otti k\u00e4ytt\u00f6\u00f6ns\u00e4 nykyaikaisen OEE-j\u00e4rjestelm\u00e4n. Lue lis\u00e4\u00e4 asiakastarinasta.","breadcrumb":{"@id":"https:\/\/www.novotek.com\/fi\/asiakastarinat\/transmeri\/#breadcrumb"},"inLanguage":"fi","potentialAction":[{"@type":"ReadAction","target":["https:\/\/www.novotek.com\/fi\/asiakastarinat\/transmeri\/"]}]},{"@type":"ImageObject","inLanguage":"fi","@id":"https:\/\/www.novotek.com\/fi\/asiakastarinat\/transmeri\/#primaryimage","url":"https:\/\/www.novotek.com\/fi\/wp-content\/uploads\/sites\/6\/Icons\/Pictogram\/novotek-produktionsplanering.jpg.webp","contentUrl":"https:\/\/www.novotek.com\/fi\/wp-content\/uploads\/sites\/6\/Icons\/Pictogram\/novotek-produktionsplanering.jpg.webp","width":2363,"height":2363,"caption":"Novotek pictogram tuotannonsuunnittelu"},{"@type":"BreadcrumbList","@id":"https:\/\/www.novotek.com\/fi\/asiakastarinat\/transmeri\/#breadcrumb","itemListElement":[{"@type":"ListItem","position":1,"name":"Home","item":"https:\/\/www.novotek.com\/fi\/"},{"@type":"ListItem","position":2,"name":"Asiakastarinat","item":"https:\/\/www.novotek.com\/fi\/asiakastarinat\/"},{"@type":"ListItem","position":3,"name":"Transmeri"}]},{"@type":"WebSite","@id":"https:\/\/www.novotek.com\/fi\/#website","url":"https:\/\/www.novotek.com\/fi\/","name":"Novotek Finland","description":"Teollisuuden digitalisaatio","publisher":{"@id":"https:\/\/www.novotek.com\/fi\/#organization"},"potentialAction":[{"@type":"SearchAction","target":{"@type":"EntryPoint","urlTemplate":"https:\/\/www.novotek.com\/fi\/?s={search_term_string}"},"query-input":{"@type":"PropertyValueSpecification","valueRequired":true,"valueName":"search_term_string"}}],"inLanguage":"fi"},{"@type":"Organization","@id":"https:\/\/www.novotek.com\/fi\/#organization","name":"Novotek Finland","url":"https:\/\/www.novotek.com\/fi\/","logo":{"@type":"ImageObject","inLanguage":"fi","@id":"https:\/\/www.novotek.com\/fi\/#\/schema\/logo\/image\/","url":"https:\/\/www.novotek.com\/fi\/wp-content\/uploads\/sites\/6\/Logo\/novotek-symbol-rgb-pos.jpg","contentUrl":"https:\/\/www.novotek.com\/fi\/wp-content\/uploads\/sites\/6\/Logo\/novotek-symbol-rgb-pos.jpg","width":864,"height":734,"caption":"Novotek Finland"},"image":{"@id":"https:\/\/www.novotek.com\/fi\/#\/schema\/logo\/image\/"},"sameAs":["https:\/\/fi.linkedin.com\/company\/novotek-oy"]}]}},"_links":{"self":[{"href":"https:\/\/www.novotek.com\/fi\/wp-json\/wp\/v2\/pages\/2195","targetHints":{"allow":["GET"]}}],"collection":[{"href":"https:\/\/www.novotek.com\/fi\/wp-json\/wp\/v2\/pages"}],"about":[{"href":"https:\/\/www.novotek.com\/fi\/wp-json\/wp\/v2\/types\/page"}],"author":[{"embeddable":true,"href":"https:\/\/www.novotek.com\/fi\/wp-json\/wp\/v2\/users\/24"}],"replies":[{"embeddable":true,"href":"https:\/\/www.novotek.com\/fi\/wp-json\/wp\/v2\/comments?post=2195"}],"version-history":[{"count":34,"href":"https:\/\/www.novotek.com\/fi\/wp-json\/wp\/v2\/pages\/2195\/revisions"}],"predecessor-version":[{"id":17798,"href":"https:\/\/www.novotek.com\/fi\/wp-json\/wp\/v2\/pages\/2195\/revisions\/17798"}],"up":[{"embeddable":true,"href":"https:\/\/www.novotek.com\/fi\/wp-json\/wp\/v2\/pages\/5483"}],"wp:attachment":[{"href":"https:\/\/www.novotek.com\/fi\/wp-json\/wp\/v2\/media?parent=2195"}],"curies":[{"name":"wp","href":"https:\/\/api.w.org\/{rel}","templated":true}]}}