{"id":311,"date":"2021-08-05T10:52:59","date_gmt":"2021-08-05T10:52:59","guid":{"rendered":"https:\/\/www.novotek.com\/fi\/?page_id=311"},"modified":"2025-10-02T13:56:11","modified_gmt":"2025-10-02T11:56:11","slug":"tiedonkeruu","status":"publish","type":"page","link":"https:\/\/www.novotek.com\/fi\/ratkaisut-ja-tuotteet\/tiedonkeruu\/","title":{"rendered":"Tiedonkeruu"},"content":{"rendered":"  <div class=\"hero\">\n    <div class=\"carousel hero-slider small\" data-flickity data-flickity-options='{\"prevNextButtons\": false}'>\n              <div class=\"carousel-cell\">\n          <div class=\"container\">\n            <div class=\"hero-content\">\n                              <h1>Teollinen tiedonkeruu on perusta datan hy\u00f6dynt\u00e4miselle<\/h1>\n<p>Tiedon hy\u00f6dynt\u00e4misen perusedellytys on, ett\u00e4 tieto on saatavilla luotettavasti ja turvallisesti. Tarjoamme markkinoiden parhaat ratkaisut aika- ja tapahtumapohjaisen tuotantotiedon ker\u00e4\u00e4miseen, tallentamiseen ja jakeluun.<\/p>\n              \n                          <\/div>\n          <\/div>\n\n          <img decoding=\"async\" width=\"1024\" height=\"427\" src=\"https:\/\/www.novotek.com\/fi\/wp-content\/uploads\/sites\/6\/Ratkaisut_ja_Tuotteet\/Tiedonkeruu\/Data_collections_header_duplex_cyan_1920x800px-1024x427.jpg.webp\" class=\"hero-bg\" alt=\"Hero Img\" fetchpriority=\"high\" srcset=\"https:\/\/www.novotek.com\/fi\/wp-content\/uploads\/sites\/6\/Ratkaisut_ja_Tuotteet\/Tiedonkeruu\/Data_collections_header_duplex_cyan_1920x800px-1024x427.jpg.webp 1024w, https:\/\/www.novotek.com\/fi\/wp-content\/uploads\/sites\/6\/Ratkaisut_ja_Tuotteet\/Tiedonkeruu\/Data_collections_header_duplex_cyan_1920x800px-300x125.jpg.webp 300w, https:\/\/www.novotek.com\/fi\/wp-content\/uploads\/sites\/6\/Ratkaisut_ja_Tuotteet\/Tiedonkeruu\/Data_collections_header_duplex_cyan_1920x800px-768x320.jpg.webp 768w, https:\/\/www.novotek.com\/fi\/wp-content\/uploads\/sites\/6\/Ratkaisut_ja_Tuotteet\/Tiedonkeruu\/Data_collections_header_duplex_cyan_1920x800px-1536x640.jpg.webp 1536w, https:\/\/www.novotek.com\/fi\/wp-content\/uploads\/sites\/6\/Ratkaisut_ja_Tuotteet\/Tiedonkeruu\/Data_collections_header_duplex_cyan_1920x800px.jpg.webp 1920w\" sizes=\"(max-width: 1024px) 100vw, 1024px\" \/>                  <\/div>\n          <\/div>\n\n      <\/div>\n\n   <div class=\"floating-breadcrumb\"><div class=\"container\"><span><span><a href=\"https:\/\/www.novotek.com\/fi\/\" class=\"breadcrumb-frontpage\">Home<\/a><\/span><\/span><\/div><\/div>\n\n\n<div class=\"container-md paragraph  \">\n<p><\/p>\n<\/div>\n\n<div class=\"container media-text  align\">\n<div class=\"wp-block-media-text has-media-on-the-right is-stacked-on-mobile\" style=\"grid-template-columns:auto 43%\"><div class=\"wp-block-media-text__content\"><div class=\"container-md heading  \">\n<h2 class=\"wp-block-heading\" id=\"h-onko-dataputken-laadun-kanssa-haasteita-onko-sen-hallita-vaikeaa-tai-jaako-data-hyodyntamatta\" style=\"font-size:34px\"><strong>Onko dataputken laadun kanssa haasteita, onko sen hallita vaikeaa, tai j\u00e4\u00e4k\u00f6 data hy\u00f6dynt\u00e4m\u00e4tt\u00e4?<\/strong><\/h2>\n<\/div>\n\n<div class=\"container-md paragraph  \">\n<p>Tiedonkeruuratkaisumme tarjoavat varmatoimisen ja tehokkaan tiedonhallinnan, jonka avulla ker\u00e4\u00e4t ja varastoit tiedon yhteen paikkaan ja tuot sen helposti kaikkien saataville.<\/p>\n<\/div>\n\n<div class=\"container-md paragraph  \">\n<p>Tarjoamme ratkaisut nopeaan, helppoon ker\u00e4\u00e4miseen, arkistointiin ja pakkaamiseen sek\u00e4 suurten tietom\u00e4\u00e4rien analysointiin ja jakeluun reaaliajassa. <\/p>\n<\/div><\/div><figure class=\"wp-block-media-text__media\"><img loading=\"lazy\" decoding=\"async\" width=\"600\" height=\"600\" src=\"https:\/\/www.novotek.com\/fi\/wp-content\/uploads\/sites\/6\/Ratkaisut_ja_Tuotteet\/Tiedonkeruu\/Mock-up_Historian_computer_on_table_600x600px.png\" alt=\"\" class=\"wp-image-2604 size-full\" srcset=\"https:\/\/www.novotek.com\/fi\/wp-content\/uploads\/sites\/6\/Ratkaisut_ja_Tuotteet\/Tiedonkeruu\/Mock-up_Historian_computer_on_table_600x600px.png 600w, https:\/\/www.novotek.com\/fi\/wp-content\/uploads\/sites\/6\/Ratkaisut_ja_Tuotteet\/Tiedonkeruu\/Mock-up_Historian_computer_on_table_600x600px-300x300.png 300w, https:\/\/www.novotek.com\/fi\/wp-content\/uploads\/sites\/6\/Ratkaisut_ja_Tuotteet\/Tiedonkeruu\/Mock-up_Historian_computer_on_table_600x600px-150x150.png 150w\" sizes=\"auto, (max-width: 600px) 100vw, 600px\" \/><\/figure><\/div>\n<\/div>\n\n  <div class=\"hero\">\n    <div class=\"carousel hero-slider small\" data-flickity data-flickity-options='{\"prevNextButtons\": false}'>\n              <div class=\"carousel-cell\">\n          <div class=\"container\">\n            <div class=\"hero-content\">\n                              <p><strong>BLOGI<\/strong><\/p>\n<h2>Onko teill\u00e4 riitt\u00e4v\u00e4n tehokkaat v\u00e4lineet tiedon hy\u00f6dynt\u00e4miseen?<\/h2>\n<p>Miten vied\u00e4 tuotannon tieto hy\u00f6dynnett\u00e4v\u00e4ksi tietoturvallisesti, hallittavasti ja ehe\u00e4sti? Nappaa vinkit talteen.<\/p>\n              \n                              <a class=\"btn btn-primary\" href=\"https:\/\/www.novotek.com\/fi\/insight\/onko-teilla-riittavan-tehokkaat-valineet-tiedon-hyodyntamiseen\/\">\n                  Lue blogi                <\/a>\n                          <\/div>\n          <\/div>\n\n          <img decoding=\"async\" width=\"1024\" height=\"416\" src=\"https:\/\/www.novotek.com\/fi\/wp-content\/uploads\/sites\/6\/Insights\/Blogi_IIoT\/032021-IoT-blogikuva-1920-1024x416.png.webp\" class=\"hero-bg\" alt=\"Hero Img\" fetchpriority=\"high\" srcset=\"https:\/\/www.novotek.com\/fi\/wp-content\/uploads\/sites\/6\/Insights\/Blogi_IIoT\/032021-IoT-blogikuva-1920-1024x416.png.webp 1024w, https:\/\/www.novotek.com\/fi\/wp-content\/uploads\/sites\/6\/Insights\/Blogi_IIoT\/032021-IoT-blogikuva-1920-300x122.png.webp 300w, https:\/\/www.novotek.com\/fi\/wp-content\/uploads\/sites\/6\/Insights\/Blogi_IIoT\/032021-IoT-blogikuva-1920-768x312.png.webp 768w, https:\/\/www.novotek.com\/fi\/wp-content\/uploads\/sites\/6\/Insights\/Blogi_IIoT\/032021-IoT-blogikuva-1920-1536x624.png.webp 1536w, https:\/\/www.novotek.com\/fi\/wp-content\/uploads\/sites\/6\/Insights\/Blogi_IIoT\/032021-IoT-blogikuva-1920.png.webp 1920w\" sizes=\"(max-width: 1024px) 100vw, 1024px\" \/>                  <\/div>\n          <\/div>\n\n      <\/div>\n\n   \n\n\n  <div class=\"slider-column-parent\">\n    <div class=\"container\">\n      <div class=\"slider-column-title\">Tiedonkeruuratkaisumme<\/div>\n\n      <div class=\"row\">\n        <div class=\"col-12 col-md-4\"><div class=\"column-box\">\n  \n      <div class=\"title\">\n      Kepware KEPServerEX    <\/div>\n  \n      <div class=\"text\">\n      <p>KEPServerEX avulla yhdist\u00e4t teollisuuslaitteet, sovellukset ja pilvipalvelut helposti.<\/p>\n    <\/div>\n  \n      <a class=\"link\"  href=\"https:\/\/www.novotek.com\/fi\/ratkaisut-ja-tuotteet\/tiedonkeruu\/kepware-kepserverex\/\" target=\"\">\n      Lue lis\u00e4\u00e4    <\/a>\n  \n  <\/div>\n\n<\/div><div class=\"col-12 col-md-4\"><div class=\"column-box\">\n  \n      <div class=\"title\">\n      HighByte Intelligence Hub    <\/div>\n  \n      <div class=\"text\">\n      <p>Tee datasta helposti ymm\u00e4rrett\u00e4v\u00e4\u00e4 ja hy\u00f6dynnett\u00e4v\u00e4\u00e4 Teollisen DataOps-ty\u00f6kalun avulla.<\/p>\n    <\/div>\n  \n      <a class=\"link\"  href=\"https:\/\/www.novotek.com\/fi\/ratkaisut-ja-tuotteet\/teollinen-dataops\/highbyte-intelligence-hub\/\" target=\"\">\n      Lue lis\u00e4\u00e4    <\/a>\n  \n  <\/div>\n\n<\/div><div class=\"col-12 col-md-4\"><div class=\"column-box\">\n  \n      <div class=\"title\">\n      Proficy Historian    <\/div>\n  \n      <div class=\"text\">\n      <p>T\u00e4ydellinen ty\u00f6kalu tuotannon tietojen tallentamiseen ja jakamiseen &#8211; puskuroi datan sek\u00e4 tarjoaa useita rajapintoja ja ty\u00f6kaluja tiedonhakuun ja k\u00e4sittelyyn.<\/p>\n    <\/div>\n  \n      <a class=\"link\"  href=\"https:\/\/www.novotek.com\/fi\/etusivu\/ratkaisut-ja-tuotteet\/tiedonkeruu\/proficy-historian\/\" target=\"\">\n      Lue lis\u00e4\u00e4    <\/a>\n  \n  <\/div>\n\n<\/div><div class=\"col-12 col-md-4\"><div class=\"column-box\">\n  \n      <div class=\"title\">\n      OPC Router    <\/div>\n  \n      <div class=\"text\">\n      <p>Integraatioty\u00f6kalu teollisuuden tiedonvaihdon tarpeisiin j\u00e4rjestelmien v\u00e4lill\u00e4. Paljon muutakin, kuin vain OPC-yhteyksi\u00e4!<\/p>\n    <\/div>\n  \n      <a class=\"link\"  href=\"https:\/\/www.novotek.com\/fi\/ratkaisut-ja-tuotteet\/tiedonkeruu\/opc-router\/\" target=\"\">\n      Lue lis\u00e4\u00e4    <\/a>\n  \n  <\/div>\n\n<\/div><div class=\"col-12 col-md-4\"><div class=\"column-box\">\n  \n      <div class=\"title\">\n      Proficy Operations Hub    <\/div>\n  \n      <div class=\"text\">\n      <p>Visuaaliset k\u00e4ytt\u00f6liittym\u00e4t ilman koodia. Tee datasta n\u00e4kyv\u00e4\u00e4 helppok\u00e4ytt\u00f6isen visualisointi ty\u00f6kalun avulla.<\/p>\n    <\/div>\n  \n      <a class=\"link\"  href=\"https:\/\/www.novotek.com\/fi\/ratkaisut-ja-tuotteet\/tiedonkeruu\/proficy-operations-hub\/\" target=\"\">\n      Lue lis\u00e4\u00e4    <\/a>\n  \n  <\/div>\n\n<\/div>      <\/div>\n    <\/div>\n  <\/div>\n\n\n<div class=\"container-md paragraph  \">\n<p><\/p>\n<\/div>","protected":false},"excerpt":{"rendered":"<p>Onko dataputken laadun kanssa haasteita, onko sen hallita vaikeaa, tai j\u00e4\u00e4k\u00f6 data hy\u00f6dynt\u00e4m\u00e4tt\u00e4? Tiedonkeruuratkaisumme tarjoavat varmatoimisen ja tehokkaan tiedonhallinnan, jonka avulla ker\u00e4\u00e4t ja varastoit tiedon yhteen paikkaan ja tuot sen helposti kaikkien saataville. Tarjoamme ratkaisut nopeaan, helppoon ker\u00e4\u00e4miseen, arkistointiin ja pakkaamiseen sek\u00e4 suurten tietom\u00e4\u00e4rien analysointiin ja jakeluun reaaliajassa.<\/p>\n","protected":false},"author":4,"featured_media":0,"parent":1433,"menu_order":4,"comment_status":"closed","ping_status":"closed","template":"","meta":{"_acf_changed":false,"_relevanssi_hide_post":"","_relevanssi_pin_for_all":"","_relevanssi_pin_keywords":"","_relevanssi_unpin_keywords":"","_relevanssi_related_keywords":"","_relevanssi_related_include_ids":"","_relevanssi_related_exclude_ids":"","_relevanssi_related_no_append":"","_relevanssi_related_not_related":"","_relevanssi_related_posts":"1","_relevanssi_noindex_reason":"","footnotes":""},"class_list":["post-311","page","type-page","status-publish","hentry"],"acf":[],"yoast_head":"<!-- This site is optimized with the Yoast SEO plugin v27.3 - https:\/\/yoast.com\/product\/yoast-seo-wordpress\/ -->\n<title>Tiedonkeruu - Novotek Finland<\/title>\n<meta name=\"description\" content=\"Tarjoamme ratkaisut nopeaan, helppoon ker\u00e4\u00e4miseen, arkistointiin ja pakkaamiseen sek\u00e4 suurten tietom\u00e4\u00e4rien analysointiin ja jakeluun.\" \/>\n<meta name=\"robots\" content=\"index, follow, max-snippet:-1, max-image-preview:large, max-video-preview:-1\" \/>\n<link rel=\"canonical\" href=\"https:\/\/www.novotek.com\/fi\/ratkaisut-ja-tuotteet\/tiedonkeruu\/\" \/>\n<meta property=\"og:locale\" content=\"fi_FI\" \/>\n<meta property=\"og:type\" content=\"article\" \/>\n<meta property=\"og:title\" content=\"Tiedonkeruu - Novotek Finland\" \/>\n<meta property=\"og:description\" content=\"Tarjoamme ratkaisut nopeaan, helppoon ker\u00e4\u00e4miseen, arkistointiin ja pakkaamiseen sek\u00e4 suurten tietom\u00e4\u00e4rien analysointiin ja jakeluun.\" \/>\n<meta property=\"og:url\" content=\"https:\/\/www.novotek.com\/fi\/ratkaisut-ja-tuotteet\/tiedonkeruu\/\" \/>\n<meta property=\"og:site_name\" content=\"Novotek Finland\" \/>\n<meta property=\"article:modified_time\" content=\"2025-10-02T11:56:11+00:00\" \/>\n<meta property=\"og:image\" content=\"https:\/\/www.novotek.com\/fi\/wp-content\/uploads\/sites\/6\/Ratkaisut_ja_Tuotteet\/Tiedonkeruu\/Mock-up_Historian_computer_on_table_600x600px.png\" \/>\n<meta name=\"twitter:card\" content=\"summary_large_image\" \/>\n<meta name=\"twitter:label1\" content=\"Arvioitu lukuaika\" \/>\n\t<meta name=\"twitter:data1\" content=\"1 minuutti\" \/>\n<script type=\"application\/ld+json\" class=\"yoast-schema-graph\">{\"@context\":\"https:\\\/\\\/schema.org\",\"@graph\":[{\"@type\":\"WebPage\",\"@id\":\"https:\\\/\\\/www.novotek.com\\\/fi\\\/ratkaisut-ja-tuotteet\\\/tiedonkeruu\\\/\",\"url\":\"https:\\\/\\\/www.novotek.com\\\/fi\\\/ratkaisut-ja-tuotteet\\\/tiedonkeruu\\\/\",\"name\":\"Tiedonkeruu - Novotek Finland\",\"isPartOf\":{\"@id\":\"https:\\\/\\\/www.novotek.com\\\/fi\\\/#website\"},\"primaryImageOfPage\":{\"@id\":\"https:\\\/\\\/www.novotek.com\\\/fi\\\/ratkaisut-ja-tuotteet\\\/tiedonkeruu\\\/#primaryimage\"},\"image\":{\"@id\":\"https:\\\/\\\/www.novotek.com\\\/fi\\\/ratkaisut-ja-tuotteet\\\/tiedonkeruu\\\/#primaryimage\"},\"thumbnailUrl\":\"https:\\\/\\\/www.novotek.com\\\/fi\\\/wp-content\\\/uploads\\\/sites\\\/6\\\/Ratkaisut_ja_Tuotteet\\\/Tiedonkeruu\\\/Mock-up_Historian_computer_on_table_600x600px.png\",\"datePublished\":\"2021-08-05T10:52:59+00:00\",\"dateModified\":\"2025-10-02T11:56:11+00:00\",\"description\":\"Tarjoamme ratkaisut nopeaan, helppoon ker\u00e4\u00e4miseen, arkistointiin ja pakkaamiseen sek\u00e4 suurten tietom\u00e4\u00e4rien analysointiin ja jakeluun.\",\"breadcrumb\":{\"@id\":\"https:\\\/\\\/www.novotek.com\\\/fi\\\/ratkaisut-ja-tuotteet\\\/tiedonkeruu\\\/#breadcrumb\"},\"inLanguage\":\"fi\",\"potentialAction\":[{\"@type\":\"ReadAction\",\"target\":[\"https:\\\/\\\/www.novotek.com\\\/fi\\\/ratkaisut-ja-tuotteet\\\/tiedonkeruu\\\/\"]}]},{\"@type\":\"ImageObject\",\"inLanguage\":\"fi\",\"@id\":\"https:\\\/\\\/www.novotek.com\\\/fi\\\/ratkaisut-ja-tuotteet\\\/tiedonkeruu\\\/#primaryimage\",\"url\":\"https:\\\/\\\/www.novotek.com\\\/fi\\\/wp-content\\\/uploads\\\/sites\\\/6\\\/Ratkaisut_ja_Tuotteet\\\/Tiedonkeruu\\\/Mock-up_Historian_computer_on_table_600x600px.png\",\"contentUrl\":\"https:\\\/\\\/www.novotek.com\\\/fi\\\/wp-content\\\/uploads\\\/sites\\\/6\\\/Ratkaisut_ja_Tuotteet\\\/Tiedonkeruu\\\/Mock-up_Historian_computer_on_table_600x600px.png\",\"width\":600,\"height\":600},{\"@type\":\"BreadcrumbList\",\"@id\":\"https:\\\/\\\/www.novotek.com\\\/fi\\\/ratkaisut-ja-tuotteet\\\/tiedonkeruu\\\/#breadcrumb\",\"itemListElement\":[{\"@type\":\"ListItem\",\"position\":1,\"name\":\"Home\",\"item\":\"https:\\\/\\\/www.novotek.com\\\/fi\\\/\"},{\"@type\":\"ListItem\",\"position\":2,\"name\":\"Ratkaisut ja tuotteet\",\"item\":\"https:\\\/\\\/www.novotek.com\\\/fi\\\/ratkaisut-ja-tuotteet\\\/\"},{\"@type\":\"ListItem\",\"position\":3,\"name\":\"Tiedonkeruu\"}]},{\"@type\":\"WebSite\",\"@id\":\"https:\\\/\\\/www.novotek.com\\\/fi\\\/#website\",\"url\":\"https:\\\/\\\/www.novotek.com\\\/fi\\\/\",\"name\":\"Novotek Finland\",\"description\":\"Teollisuuden digitalisaatio\",\"publisher\":{\"@id\":\"https:\\\/\\\/www.novotek.com\\\/fi\\\/#organization\"},\"potentialAction\":[{\"@type\":\"SearchAction\",\"target\":{\"@type\":\"EntryPoint\",\"urlTemplate\":\"https:\\\/\\\/www.novotek.com\\\/fi\\\/?s={search_term_string}\"},\"query-input\":{\"@type\":\"PropertyValueSpecification\",\"valueRequired\":true,\"valueName\":\"search_term_string\"}}],\"inLanguage\":\"fi\"},{\"@type\":\"Organization\",\"@id\":\"https:\\\/\\\/www.novotek.com\\\/fi\\\/#organization\",\"name\":\"Novotek Finland\",\"url\":\"https:\\\/\\\/www.novotek.com\\\/fi\\\/\",\"logo\":{\"@type\":\"ImageObject\",\"inLanguage\":\"fi\",\"@id\":\"https:\\\/\\\/www.novotek.com\\\/fi\\\/#\\\/schema\\\/logo\\\/image\\\/\",\"url\":\"https:\\\/\\\/www.novotek.com\\\/fi\\\/wp-content\\\/uploads\\\/sites\\\/6\\\/Logo\\\/novotek-symbol-rgb-pos.jpg\",\"contentUrl\":\"https:\\\/\\\/www.novotek.com\\\/fi\\\/wp-content\\\/uploads\\\/sites\\\/6\\\/Logo\\\/novotek-symbol-rgb-pos.jpg\",\"width\":864,\"height\":734,\"caption\":\"Novotek Finland\"},\"image\":{\"@id\":\"https:\\\/\\\/www.novotek.com\\\/fi\\\/#\\\/schema\\\/logo\\\/image\\\/\"},\"sameAs\":[\"https:\\\/\\\/fi.linkedin.com\\\/company\\\/novotek-oy\"]}]}<\/script>\n<!-- \/ Yoast SEO plugin. -->","yoast_head_json":{"title":"Tiedonkeruu - Novotek Finland","description":"Tarjoamme ratkaisut nopeaan, helppoon ker\u00e4\u00e4miseen, arkistointiin ja pakkaamiseen sek\u00e4 suurten tietom\u00e4\u00e4rien analysointiin ja jakeluun.","robots":{"index":"index","follow":"follow","max-snippet":"max-snippet:-1","max-image-preview":"max-image-preview:large","max-video-preview":"max-video-preview:-1"},"canonical":"https:\/\/www.novotek.com\/fi\/ratkaisut-ja-tuotteet\/tiedonkeruu\/","og_locale":"fi_FI","og_type":"article","og_title":"Tiedonkeruu - Novotek Finland","og_description":"Tarjoamme ratkaisut nopeaan, helppoon ker\u00e4\u00e4miseen, arkistointiin ja pakkaamiseen sek\u00e4 suurten tietom\u00e4\u00e4rien analysointiin ja jakeluun.","og_url":"https:\/\/www.novotek.com\/fi\/ratkaisut-ja-tuotteet\/tiedonkeruu\/","og_site_name":"Novotek Finland","article_modified_time":"2025-10-02T11:56:11+00:00","og_image":[{"url":"https:\/\/www.novotek.com\/fi\/wp-content\/uploads\/sites\/6\/Ratkaisut_ja_Tuotteet\/Tiedonkeruu\/Mock-up_Historian_computer_on_table_600x600px.png","type":"","width":"","height":""}],"twitter_card":"summary_large_image","twitter_misc":{"Arvioitu lukuaika":"1 minuutti"},"schema":{"@context":"https:\/\/schema.org","@graph":[{"@type":"WebPage","@id":"https:\/\/www.novotek.com\/fi\/ratkaisut-ja-tuotteet\/tiedonkeruu\/","url":"https:\/\/www.novotek.com\/fi\/ratkaisut-ja-tuotteet\/tiedonkeruu\/","name":"Tiedonkeruu - Novotek Finland","isPartOf":{"@id":"https:\/\/www.novotek.com\/fi\/#website"},"primaryImageOfPage":{"@id":"https:\/\/www.novotek.com\/fi\/ratkaisut-ja-tuotteet\/tiedonkeruu\/#primaryimage"},"image":{"@id":"https:\/\/www.novotek.com\/fi\/ratkaisut-ja-tuotteet\/tiedonkeruu\/#primaryimage"},"thumbnailUrl":"https:\/\/www.novotek.com\/fi\/wp-content\/uploads\/sites\/6\/Ratkaisut_ja_Tuotteet\/Tiedonkeruu\/Mock-up_Historian_computer_on_table_600x600px.png","datePublished":"2021-08-05T10:52:59+00:00","dateModified":"2025-10-02T11:56:11+00:00","description":"Tarjoamme ratkaisut nopeaan, helppoon ker\u00e4\u00e4miseen, arkistointiin ja pakkaamiseen sek\u00e4 suurten tietom\u00e4\u00e4rien analysointiin ja jakeluun.","breadcrumb":{"@id":"https:\/\/www.novotek.com\/fi\/ratkaisut-ja-tuotteet\/tiedonkeruu\/#breadcrumb"},"inLanguage":"fi","potentialAction":[{"@type":"ReadAction","target":["https:\/\/www.novotek.com\/fi\/ratkaisut-ja-tuotteet\/tiedonkeruu\/"]}]},{"@type":"ImageObject","inLanguage":"fi","@id":"https:\/\/www.novotek.com\/fi\/ratkaisut-ja-tuotteet\/tiedonkeruu\/#primaryimage","url":"https:\/\/www.novotek.com\/fi\/wp-content\/uploads\/sites\/6\/Ratkaisut_ja_Tuotteet\/Tiedonkeruu\/Mock-up_Historian_computer_on_table_600x600px.png","contentUrl":"https:\/\/www.novotek.com\/fi\/wp-content\/uploads\/sites\/6\/Ratkaisut_ja_Tuotteet\/Tiedonkeruu\/Mock-up_Historian_computer_on_table_600x600px.png","width":600,"height":600},{"@type":"BreadcrumbList","@id":"https:\/\/www.novotek.com\/fi\/ratkaisut-ja-tuotteet\/tiedonkeruu\/#breadcrumb","itemListElement":[{"@type":"ListItem","position":1,"name":"Home","item":"https:\/\/www.novotek.com\/fi\/"},{"@type":"ListItem","position":2,"name":"Ratkaisut ja tuotteet","item":"https:\/\/www.novotek.com\/fi\/ratkaisut-ja-tuotteet\/"},{"@type":"ListItem","position":3,"name":"Tiedonkeruu"}]},{"@type":"WebSite","@id":"https:\/\/www.novotek.com\/fi\/#website","url":"https:\/\/www.novotek.com\/fi\/","name":"Novotek Finland","description":"Teollisuuden digitalisaatio","publisher":{"@id":"https:\/\/www.novotek.com\/fi\/#organization"},"potentialAction":[{"@type":"SearchAction","target":{"@type":"EntryPoint","urlTemplate":"https:\/\/www.novotek.com\/fi\/?s={search_term_string}"},"query-input":{"@type":"PropertyValueSpecification","valueRequired":true,"valueName":"search_term_string"}}],"inLanguage":"fi"},{"@type":"Organization","@id":"https:\/\/www.novotek.com\/fi\/#organization","name":"Novotek Finland","url":"https:\/\/www.novotek.com\/fi\/","logo":{"@type":"ImageObject","inLanguage":"fi","@id":"https:\/\/www.novotek.com\/fi\/#\/schema\/logo\/image\/","url":"https:\/\/www.novotek.com\/fi\/wp-content\/uploads\/sites\/6\/Logo\/novotek-symbol-rgb-pos.jpg","contentUrl":"https:\/\/www.novotek.com\/fi\/wp-content\/uploads\/sites\/6\/Logo\/novotek-symbol-rgb-pos.jpg","width":864,"height":734,"caption":"Novotek Finland"},"image":{"@id":"https:\/\/www.novotek.com\/fi\/#\/schema\/logo\/image\/"},"sameAs":["https:\/\/fi.linkedin.com\/company\/novotek-oy"]}]}},"_links":{"self":[{"href":"https:\/\/www.novotek.com\/fi\/wp-json\/wp\/v2\/pages\/311","targetHints":{"allow":["GET"]}}],"collection":[{"href":"https:\/\/www.novotek.com\/fi\/wp-json\/wp\/v2\/pages"}],"about":[{"href":"https:\/\/www.novotek.com\/fi\/wp-json\/wp\/v2\/types\/page"}],"author":[{"embeddable":true,"href":"https:\/\/www.novotek.com\/fi\/wp-json\/wp\/v2\/users\/4"}],"replies":[{"embeddable":true,"href":"https:\/\/www.novotek.com\/fi\/wp-json\/wp\/v2\/comments?post=311"}],"version-history":[{"count":47,"href":"https:\/\/www.novotek.com\/fi\/wp-json\/wp\/v2\/pages\/311\/revisions"}],"predecessor-version":[{"id":17753,"href":"https:\/\/www.novotek.com\/fi\/wp-json\/wp\/v2\/pages\/311\/revisions\/17753"}],"up":[{"embeddable":true,"href":"https:\/\/www.novotek.com\/fi\/wp-json\/wp\/v2\/pages\/1433"}],"wp:attachment":[{"href":"https:\/\/www.novotek.com\/fi\/wp-json\/wp\/v2\/media?parent=311"}],"curies":[{"name":"wp","href":"https:\/\/api.w.org\/{rel}","templated":true}]}}