{"id":317,"date":"2021-08-03T13:42:50","date_gmt":"2021-08-03T13:42:50","guid":{"rendered":"https:\/\/www.novotek.com\/fi\/?page_id=317"},"modified":"2025-08-06T14:41:10","modified_gmt":"2025-08-06T12:41:10","slug":"analytiikka","status":"publish","type":"page","link":"https:\/\/www.novotek.com\/fi\/ratkaisut-ja-tuotteet\/analytiikka\/","title":{"rendered":"Analytiikka"},"content":{"rendered":"  <div class=\"hero\">\n    <div class=\"carousel hero-slider small\" data-flickity data-flickity-options='{\"prevNextButtons\": false}'>\n              <div class=\"carousel-cell\">\n          <div class=\"container\">\n            <div class=\"hero-content\">\n                              <h1>Hy\u00f6dynn\u00e4 datasi koko potentiaali<\/h1>\n<p>Ratkaisujemme avulla analysoit ja optimoit tuotantosi l\u00e4pi prosessien, koneiden ja resurssien. Teolliseen ymp\u00e4rist\u00f6\u00f6n suunnitellut ratkaisut nopeuttavat tulosten vienti\u00e4 tuotantoon.<\/p>\n              \n                          <\/div>\n          <\/div>\n\n          <img decoding=\"async\" width=\"1024\" height=\"427\" src=\"https:\/\/www.novotek.com\/fi\/wp-content\/uploads\/sites\/6\/Etusivu\/Novotek_Header_Etusivu_duotone_1920x800-1024x427.jpg\" class=\"hero-bg\" alt=\"Hero Img\" fetchpriority=\"high\" srcset=\"https:\/\/www.novotek.com\/fi\/wp-content\/uploads\/sites\/6\/Etusivu\/Novotek_Header_Etusivu_duotone_1920x800-1024x427.jpg 1024w, https:\/\/www.novotek.com\/fi\/wp-content\/uploads\/sites\/6\/Etusivu\/Novotek_Header_Etusivu_duotone_1920x800-300x125.jpg 300w, https:\/\/www.novotek.com\/fi\/wp-content\/uploads\/sites\/6\/Etusivu\/Novotek_Header_Etusivu_duotone_1920x800-768x320.jpg 768w, https:\/\/www.novotek.com\/fi\/wp-content\/uploads\/sites\/6\/Etusivu\/Novotek_Header_Etusivu_duotone_1920x800-1536x640.jpg 1536w, https:\/\/www.novotek.com\/fi\/wp-content\/uploads\/sites\/6\/Etusivu\/Novotek_Header_Etusivu_duotone_1920x800.jpg 1920w\" sizes=\"(max-width: 1024px) 100vw, 1024px\" \/>                  <\/div>\n          <\/div>\n\n      <\/div>\n\n   <div class=\"floating-breadcrumb\"><div class=\"container\"><span><span><a href=\"https:\/\/www.novotek.com\/fi\/\" class=\"breadcrumb-frontpage\">Home<\/a><\/span><\/span><\/div><\/div>\n\n\n<div class=\"container-md group  \">\n<div class=\"wp-block-group\"><div class=\"wp-block-group__inner-container is-layout-flow wp-block-group-is-layout-flow\"><div class=\"container-md paragraph  \">\n<p>Laskentatehon kasvu ja soveltuvien ty\u00f6kalujen kehitys on mahdollistanut teko\u00e4lyn ja koneoppimisen soveltaminen teolliseen massatietoon. Monimutkaiset prosessit pystyt\u00e4\u00e4n mallintamaan, vertailemaan ja optimoimaan reaaliaikaisesti. K\u00e4ytt\u00e4ytymisen ja poikkeamien ymm\u00e4rt\u00e4misen avulla operointi, sek\u00e4 kunnossapidon elinkaari voidaan optimoida.<\/p>\n<\/div>\n\n<div class=\"container-md paragraph  \">\n<p>Moni palvelu ja toiminto nojaa automaatiseen, laadukkaaseen ja tavoitettavissa olevaan analytiikkaan, joten k\u00e4yt\u00e4nn\u00f6n perusasiat tulee olla kohdallaan. <\/p>\n<\/div>\n\n<div class=\"container-md list  \">\n<ol class=\"wp-block-list\"><div class=\"container-md list-item  \">\n<li><strong>Tieto on laadukkaasti saatavilla ja sen hallinta on tehokasta.<\/strong><\/li>\n<\/div>\n\n<div class=\"container-md list-item  \">\n<li><strong>Analytiikka on sovellettavissa l\u00e4pi organisaation.<\/strong><\/li>\n<\/div><\/ol>\n<\/div>\n\n<div class=\"container-md spacer  \">\n<div style=\"height:10px\" aria-hidden=\"true\" class=\"wp-block-spacer\"><\/div>\n<\/div>\n\n<div class=\"container-md image  \">\n<figure class=\"wp-block-image size-full\"><img loading=\"lazy\" decoding=\"async\" width=\"1024\" height=\"446\" src=\"https:\/\/www.novotek.com\/fi\/wp-content\/uploads\/sites\/6\/Ratkaisut_ja_Tuotteet\/Analytiikka\/Novotek_AI_Analytics_MachineLearning_1024x446.png\" alt=\"Teollisen tiedon analysointi, analytiikka\" class=\"wp-image-2633\" srcset=\"https:\/\/www.novotek.com\/fi\/wp-content\/uploads\/sites\/6\/Ratkaisut_ja_Tuotteet\/Analytiikka\/Novotek_AI_Analytics_MachineLearning_1024x446.png 1024w, https:\/\/www.novotek.com\/fi\/wp-content\/uploads\/sites\/6\/Ratkaisut_ja_Tuotteet\/Analytiikka\/Novotek_AI_Analytics_MachineLearning_1024x446-300x131.png 300w, https:\/\/www.novotek.com\/fi\/wp-content\/uploads\/sites\/6\/Ratkaisut_ja_Tuotteet\/Analytiikka\/Novotek_AI_Analytics_MachineLearning_1024x446-768x335.png 768w\" sizes=\"auto, (max-width: 1024px) 100vw, 1024px\" \/><\/figure>\n<\/div><\/div>\n<\/div><\/div>\n\n<div class=\"container-md spacer  \">\n<div style=\"height:40px\" aria-hidden=\"true\" class=\"wp-block-spacer\"><\/div>\n<\/div>\n\n<div class=\"container-md heading  \">\n<h2 class=\"wp-block-heading\" id=\"h-teollisuuden-asiantuntija\">Teollisuuden asiantuntija<\/h2>\n<\/div>\n\n<div class=\"container-md paragraph  \">\n<p>Vahva kokemuksemme teollisuudesta mahdollistaa arvon tuoton nopeasti. Etenemme nopeasti tavoitteiden suunnittelun kautta testidatan kimppuun, ja datan louhinnan avulla tulosten evaluointiin. K\u00e4ytt\u00e4m\u00e4mme ty\u00f6kalut sek\u00e4 teollisuuden prosessien ja tiedonkeruun ymm\u00e4rrys luo liiketoimintaasi konkreettisia tuloksia eritt\u00e4in nopeasti.<\/p>\n<\/div>\n\n<div class=\"container-md spacer  \">\n<div style=\"height:40px\" aria-hidden=\"true\" class=\"wp-block-spacer\"><\/div>\n<\/div>\n\n<div class=\"container-md heading  \">\n<h2 class=\"wp-block-heading\">Analysoinnin ty\u00f6kaluja<\/h2>\n<\/div>\n\n<div class=\"container-md paragraph  \">\n<p>Kanssamme saat k\u00e4ytt\u00f6\u00f6n tarpeeseen soveltuvan ty\u00f6kalun sek\u00e4 teollisen tiedon analyysin erikoisosaajan. Tuomme k\u00e4ytt\u00f6\u00f6si markkinoiden parhaat trendity\u00f6kalut, tiedon normalisointity\u00f6kalut, raportoinnin ty\u00f6kalut, sek\u00e4 mallinnuksen ja teko\u00e4lyn ty\u00f6kalut. Kehit\u00e4mme analytiikkaa usein offline -analyysin avulla, josta tulokset voidaan vied\u00e4 helposti k\u00e4yt\u00e4nt\u00f6\u00f6n testattavaksi ja onnistumisten j\u00e4lkeen loppuk\u00e4ytt\u00e4j\u00e4lle tuottamaan liiketoiminta-arvoa.<\/p>\n<\/div>\n\n<div class=\"container-md image  \">\n<figure class=\"wp-block-image size-full\"><img loading=\"lazy\" decoding=\"async\" width=\"1024\" height=\"662\" src=\"https:\/\/www.novotek.com\/fi\/wp-content\/uploads\/sites\/6\/Ratkaisut_ja_Tuotteet\/Analytiikka\/Novotek_DataScientist_Analytics_AI_MachineLearning_duotone-1024x662-1.jpg\" alt=\"Data Scientist\" class=\"wp-image-2634\" srcset=\"https:\/\/www.novotek.com\/fi\/wp-content\/uploads\/sites\/6\/Ratkaisut_ja_Tuotteet\/Analytiikka\/Novotek_DataScientist_Analytics_AI_MachineLearning_duotone-1024x662-1.jpg 1024w, https:\/\/www.novotek.com\/fi\/wp-content\/uploads\/sites\/6\/Ratkaisut_ja_Tuotteet\/Analytiikka\/Novotek_DataScientist_Analytics_AI_MachineLearning_duotone-1024x662-1-300x194.jpg 300w, https:\/\/www.novotek.com\/fi\/wp-content\/uploads\/sites\/6\/Ratkaisut_ja_Tuotteet\/Analytiikka\/Novotek_DataScientist_Analytics_AI_MachineLearning_duotone-1024x662-1-768x497.jpg 768w\" sizes=\"auto, (max-width: 1024px) 100vw, 1024px\" \/><\/figure>\n<\/div>\n\n<div class=\"container-md spacer  \">\n<div style=\"height:50px\" aria-hidden=\"true\" class=\"wp-block-spacer\"><\/div>\n<\/div>\n\n  <div class=\"slider-column-parent\">\n    <div class=\"container\">\n      <div class=\"slider-column-title\">Teollisuuden analytiikkaratkaisut<\/div>\n\n      <div class=\"row\">\n        <div class=\"col-12 col-md-4\"><div class=\"column-box\">\n  \n      <div class=\"title\">\n      Proficy CSense    <\/div>\n  \n      <div class=\"text\">\n      <p>K\u00e4yt\u00e4 teko\u00e4ly\u00e4 ja koneoppimista laajasti organisaatiossasi ilman koodaustaitoja.<\/p>\n    <\/div>\n  \n      <a class=\"link\"  href=\"https:\/\/www.novotek.com\/fi\/ratkaisut-ja-tuotteet\/analytiikka\/proficy-csense\/\" target=\"\">\n      Lue lis\u00e4\u00e4    <\/a>\n  \n  <\/div>\n\n<\/div>      <\/div>\n    <\/div>\n  <\/div>\n","protected":false},"excerpt":{"rendered":"<p>Laskentatehon kasvu ja soveltuvien ty\u00f6kalujen kehitys on mahdollistanut teko\u00e4lyn ja koneoppimisen soveltaminen teolliseen massatietoon. Monimutkaiset prosessit pystyt\u00e4\u00e4n mallintamaan, vertailemaan ja optimoimaan reaaliaikaisesti. K\u00e4ytt\u00e4ytymisen ja poikkeamien ymm\u00e4rt\u00e4misen avulla operointi, sek\u00e4 kunnossapidon elinkaari voidaan optimoida. Moni palvelu ja toiminto nojaa automaatiseen, laadukkaaseen ja tavoitettavissa olevaan analytiikkaan, joten k\u00e4yt\u00e4nn\u00f6n perusasiat tulee olla kohdallaan. Teollisuuden asiantuntija Vahva kokemuksemme teollisuudesta [&hellip;]<\/p>\n","protected":false},"author":4,"featured_media":0,"parent":1433,"menu_order":0,"comment_status":"closed","ping_status":"closed","template":"","meta":{"_acf_changed":false,"_relevanssi_hide_post":"","_relevanssi_pin_for_all":"","_relevanssi_pin_keywords":"","_relevanssi_unpin_keywords":"","_relevanssi_related_keywords":"","_relevanssi_related_include_ids":"","_relevanssi_related_exclude_ids":"","_relevanssi_related_no_append":"","_relevanssi_related_not_related":"","_relevanssi_related_posts":"1","_relevanssi_noindex_reason":"","footnotes":""},"class_list":["post-317","page","type-page","status-publish","hentry"],"acf":[],"yoast_head":"<!-- This site is optimized with the Yoast SEO plugin v27.3 - https:\/\/yoast.com\/product\/yoast-seo-wordpress\/ -->\n<title>Analytiikka - Novotek Finland<\/title>\n<meta name=\"description\" content=\"Ratkaisujemme avulla analysoit ja optimoit tuotantosi l\u00e4pi prosessien, koneiden sek\u00e4 resurssien ja sit\u00e4 kautta tehostat toimintaasi.\" \/>\n<meta name=\"robots\" content=\"index, follow, max-snippet:-1, max-image-preview:large, max-video-preview:-1\" \/>\n<link rel=\"canonical\" href=\"https:\/\/www.novotek.com\/fi\/ratkaisut-ja-tuotteet\/analytiikka\/\" \/>\n<meta property=\"og:locale\" content=\"fi_FI\" \/>\n<meta property=\"og:type\" content=\"article\" \/>\n<meta property=\"og:title\" content=\"Analytiikka - Novotek Finland\" \/>\n<meta property=\"og:description\" content=\"Ratkaisujemme avulla analysoit ja optimoit tuotantosi l\u00e4pi prosessien, koneiden sek\u00e4 resurssien ja sit\u00e4 kautta tehostat toimintaasi.\" \/>\n<meta property=\"og:url\" content=\"https:\/\/www.novotek.com\/fi\/ratkaisut-ja-tuotteet\/analytiikka\/\" \/>\n<meta property=\"og:site_name\" content=\"Novotek Finland\" \/>\n<meta property=\"article:modified_time\" content=\"2025-08-06T12:41:10+00:00\" \/>\n<meta property=\"og:image\" content=\"https:\/\/www.novotek.com\/fi\/wp-content\/uploads\/sites\/6\/Ratkaisut_ja_Tuotteet\/Analytiikka\/Novotek_AI_Analytics_MachineLearning_1024x446.png\" \/>\n<meta name=\"twitter:card\" content=\"summary_large_image\" \/>\n<meta name=\"twitter:label1\" content=\"Arvioitu lukuaika\" \/>\n\t<meta name=\"twitter:data1\" content=\"2 minuuttia\" \/>\n<script type=\"application\/ld+json\" class=\"yoast-schema-graph\">{\"@context\":\"https:\\\/\\\/schema.org\",\"@graph\":[{\"@type\":\"WebPage\",\"@id\":\"https:\\\/\\\/www.novotek.com\\\/fi\\\/ratkaisut-ja-tuotteet\\\/analytiikka\\\/\",\"url\":\"https:\\\/\\\/www.novotek.com\\\/fi\\\/ratkaisut-ja-tuotteet\\\/analytiikka\\\/\",\"name\":\"Analytiikka - Novotek Finland\",\"isPartOf\":{\"@id\":\"https:\\\/\\\/www.novotek.com\\\/fi\\\/#website\"},\"primaryImageOfPage\":{\"@id\":\"https:\\\/\\\/www.novotek.com\\\/fi\\\/ratkaisut-ja-tuotteet\\\/analytiikka\\\/#primaryimage\"},\"image\":{\"@id\":\"https:\\\/\\\/www.novotek.com\\\/fi\\\/ratkaisut-ja-tuotteet\\\/analytiikka\\\/#primaryimage\"},\"thumbnailUrl\":\"https:\\\/\\\/www.novotek.com\\\/fi\\\/wp-content\\\/uploads\\\/sites\\\/6\\\/Ratkaisut_ja_Tuotteet\\\/Analytiikka\\\/Novotek_AI_Analytics_MachineLearning_1024x446.png\",\"datePublished\":\"2021-08-03T13:42:50+00:00\",\"dateModified\":\"2025-08-06T12:41:10+00:00\",\"description\":\"Ratkaisujemme avulla analysoit ja optimoit tuotantosi l\u00e4pi prosessien, koneiden sek\u00e4 resurssien ja sit\u00e4 kautta tehostat toimintaasi.\",\"breadcrumb\":{\"@id\":\"https:\\\/\\\/www.novotek.com\\\/fi\\\/ratkaisut-ja-tuotteet\\\/analytiikka\\\/#breadcrumb\"},\"inLanguage\":\"fi\",\"potentialAction\":[{\"@type\":\"ReadAction\",\"target\":[\"https:\\\/\\\/www.novotek.com\\\/fi\\\/ratkaisut-ja-tuotteet\\\/analytiikka\\\/\"]}]},{\"@type\":\"ImageObject\",\"inLanguage\":\"fi\",\"@id\":\"https:\\\/\\\/www.novotek.com\\\/fi\\\/ratkaisut-ja-tuotteet\\\/analytiikka\\\/#primaryimage\",\"url\":\"https:\\\/\\\/www.novotek.com\\\/fi\\\/wp-content\\\/uploads\\\/sites\\\/6\\\/Ratkaisut_ja_Tuotteet\\\/Analytiikka\\\/Novotek_AI_Analytics_MachineLearning_1024x446.png\",\"contentUrl\":\"https:\\\/\\\/www.novotek.com\\\/fi\\\/wp-content\\\/uploads\\\/sites\\\/6\\\/Ratkaisut_ja_Tuotteet\\\/Analytiikka\\\/Novotek_AI_Analytics_MachineLearning_1024x446.png\",\"width\":1024,\"height\":446},{\"@type\":\"BreadcrumbList\",\"@id\":\"https:\\\/\\\/www.novotek.com\\\/fi\\\/ratkaisut-ja-tuotteet\\\/analytiikka\\\/#breadcrumb\",\"itemListElement\":[{\"@type\":\"ListItem\",\"position\":1,\"name\":\"Home\",\"item\":\"https:\\\/\\\/www.novotek.com\\\/fi\\\/\"},{\"@type\":\"ListItem\",\"position\":2,\"name\":\"Ratkaisut ja tuotteet\",\"item\":\"https:\\\/\\\/www.novotek.com\\\/fi\\\/ratkaisut-ja-tuotteet\\\/\"},{\"@type\":\"ListItem\",\"position\":3,\"name\":\"Analytiikka\"}]},{\"@type\":\"WebSite\",\"@id\":\"https:\\\/\\\/www.novotek.com\\\/fi\\\/#website\",\"url\":\"https:\\\/\\\/www.novotek.com\\\/fi\\\/\",\"name\":\"Novotek Finland\",\"description\":\"Teollisuuden digitalisaatio\",\"publisher\":{\"@id\":\"https:\\\/\\\/www.novotek.com\\\/fi\\\/#organization\"},\"potentialAction\":[{\"@type\":\"SearchAction\",\"target\":{\"@type\":\"EntryPoint\",\"urlTemplate\":\"https:\\\/\\\/www.novotek.com\\\/fi\\\/?s={search_term_string}\"},\"query-input\":{\"@type\":\"PropertyValueSpecification\",\"valueRequired\":true,\"valueName\":\"search_term_string\"}}],\"inLanguage\":\"fi\"},{\"@type\":\"Organization\",\"@id\":\"https:\\\/\\\/www.novotek.com\\\/fi\\\/#organization\",\"name\":\"Novotek Finland\",\"url\":\"https:\\\/\\\/www.novotek.com\\\/fi\\\/\",\"logo\":{\"@type\":\"ImageObject\",\"inLanguage\":\"fi\",\"@id\":\"https:\\\/\\\/www.novotek.com\\\/fi\\\/#\\\/schema\\\/logo\\\/image\\\/\",\"url\":\"https:\\\/\\\/www.novotek.com\\\/fi\\\/wp-content\\\/uploads\\\/sites\\\/6\\\/Logo\\\/novotek-symbol-rgb-pos.jpg\",\"contentUrl\":\"https:\\\/\\\/www.novotek.com\\\/fi\\\/wp-content\\\/uploads\\\/sites\\\/6\\\/Logo\\\/novotek-symbol-rgb-pos.jpg\",\"width\":864,\"height\":734,\"caption\":\"Novotek Finland\"},\"image\":{\"@id\":\"https:\\\/\\\/www.novotek.com\\\/fi\\\/#\\\/schema\\\/logo\\\/image\\\/\"},\"sameAs\":[\"https:\\\/\\\/fi.linkedin.com\\\/company\\\/novotek-oy\"]}]}<\/script>\n<!-- \/ Yoast SEO plugin. -->","yoast_head_json":{"title":"Analytiikka - Novotek Finland","description":"Ratkaisujemme avulla analysoit ja optimoit tuotantosi l\u00e4pi prosessien, koneiden sek\u00e4 resurssien ja sit\u00e4 kautta tehostat toimintaasi.","robots":{"index":"index","follow":"follow","max-snippet":"max-snippet:-1","max-image-preview":"max-image-preview:large","max-video-preview":"max-video-preview:-1"},"canonical":"https:\/\/www.novotek.com\/fi\/ratkaisut-ja-tuotteet\/analytiikka\/","og_locale":"fi_FI","og_type":"article","og_title":"Analytiikka - Novotek Finland","og_description":"Ratkaisujemme avulla analysoit ja optimoit tuotantosi l\u00e4pi prosessien, koneiden sek\u00e4 resurssien ja sit\u00e4 kautta tehostat toimintaasi.","og_url":"https:\/\/www.novotek.com\/fi\/ratkaisut-ja-tuotteet\/analytiikka\/","og_site_name":"Novotek Finland","article_modified_time":"2025-08-06T12:41:10+00:00","og_image":[{"url":"https:\/\/www.novotek.com\/fi\/wp-content\/uploads\/sites\/6\/Ratkaisut_ja_Tuotteet\/Analytiikka\/Novotek_AI_Analytics_MachineLearning_1024x446.png","type":"","width":"","height":""}],"twitter_card":"summary_large_image","twitter_misc":{"Arvioitu lukuaika":"2 minuuttia"},"schema":{"@context":"https:\/\/schema.org","@graph":[{"@type":"WebPage","@id":"https:\/\/www.novotek.com\/fi\/ratkaisut-ja-tuotteet\/analytiikka\/","url":"https:\/\/www.novotek.com\/fi\/ratkaisut-ja-tuotteet\/analytiikka\/","name":"Analytiikka - Novotek Finland","isPartOf":{"@id":"https:\/\/www.novotek.com\/fi\/#website"},"primaryImageOfPage":{"@id":"https:\/\/www.novotek.com\/fi\/ratkaisut-ja-tuotteet\/analytiikka\/#primaryimage"},"image":{"@id":"https:\/\/www.novotek.com\/fi\/ratkaisut-ja-tuotteet\/analytiikka\/#primaryimage"},"thumbnailUrl":"https:\/\/www.novotek.com\/fi\/wp-content\/uploads\/sites\/6\/Ratkaisut_ja_Tuotteet\/Analytiikka\/Novotek_AI_Analytics_MachineLearning_1024x446.png","datePublished":"2021-08-03T13:42:50+00:00","dateModified":"2025-08-06T12:41:10+00:00","description":"Ratkaisujemme avulla analysoit ja optimoit tuotantosi l\u00e4pi prosessien, koneiden sek\u00e4 resurssien ja sit\u00e4 kautta tehostat toimintaasi.","breadcrumb":{"@id":"https:\/\/www.novotek.com\/fi\/ratkaisut-ja-tuotteet\/analytiikka\/#breadcrumb"},"inLanguage":"fi","potentialAction":[{"@type":"ReadAction","target":["https:\/\/www.novotek.com\/fi\/ratkaisut-ja-tuotteet\/analytiikka\/"]}]},{"@type":"ImageObject","inLanguage":"fi","@id":"https:\/\/www.novotek.com\/fi\/ratkaisut-ja-tuotteet\/analytiikka\/#primaryimage","url":"https:\/\/www.novotek.com\/fi\/wp-content\/uploads\/sites\/6\/Ratkaisut_ja_Tuotteet\/Analytiikka\/Novotek_AI_Analytics_MachineLearning_1024x446.png","contentUrl":"https:\/\/www.novotek.com\/fi\/wp-content\/uploads\/sites\/6\/Ratkaisut_ja_Tuotteet\/Analytiikka\/Novotek_AI_Analytics_MachineLearning_1024x446.png","width":1024,"height":446},{"@type":"BreadcrumbList","@id":"https:\/\/www.novotek.com\/fi\/ratkaisut-ja-tuotteet\/analytiikka\/#breadcrumb","itemListElement":[{"@type":"ListItem","position":1,"name":"Home","item":"https:\/\/www.novotek.com\/fi\/"},{"@type":"ListItem","position":2,"name":"Ratkaisut ja tuotteet","item":"https:\/\/www.novotek.com\/fi\/ratkaisut-ja-tuotteet\/"},{"@type":"ListItem","position":3,"name":"Analytiikka"}]},{"@type":"WebSite","@id":"https:\/\/www.novotek.com\/fi\/#website","url":"https:\/\/www.novotek.com\/fi\/","name":"Novotek Finland","description":"Teollisuuden digitalisaatio","publisher":{"@id":"https:\/\/www.novotek.com\/fi\/#organization"},"potentialAction":[{"@type":"SearchAction","target":{"@type":"EntryPoint","urlTemplate":"https:\/\/www.novotek.com\/fi\/?s={search_term_string}"},"query-input":{"@type":"PropertyValueSpecification","valueRequired":true,"valueName":"search_term_string"}}],"inLanguage":"fi"},{"@type":"Organization","@id":"https:\/\/www.novotek.com\/fi\/#organization","name":"Novotek Finland","url":"https:\/\/www.novotek.com\/fi\/","logo":{"@type":"ImageObject","inLanguage":"fi","@id":"https:\/\/www.novotek.com\/fi\/#\/schema\/logo\/image\/","url":"https:\/\/www.novotek.com\/fi\/wp-content\/uploads\/sites\/6\/Logo\/novotek-symbol-rgb-pos.jpg","contentUrl":"https:\/\/www.novotek.com\/fi\/wp-content\/uploads\/sites\/6\/Logo\/novotek-symbol-rgb-pos.jpg","width":864,"height":734,"caption":"Novotek Finland"},"image":{"@id":"https:\/\/www.novotek.com\/fi\/#\/schema\/logo\/image\/"},"sameAs":["https:\/\/fi.linkedin.com\/company\/novotek-oy"]}]}},"_links":{"self":[{"href":"https:\/\/www.novotek.com\/fi\/wp-json\/wp\/v2\/pages\/317","targetHints":{"allow":["GET"]}}],"collection":[{"href":"https:\/\/www.novotek.com\/fi\/wp-json\/wp\/v2\/pages"}],"about":[{"href":"https:\/\/www.novotek.com\/fi\/wp-json\/wp\/v2\/types\/page"}],"author":[{"embeddable":true,"href":"https:\/\/www.novotek.com\/fi\/wp-json\/wp\/v2\/users\/4"}],"replies":[{"embeddable":true,"href":"https:\/\/www.novotek.com\/fi\/wp-json\/wp\/v2\/comments?post=317"}],"version-history":[{"count":50,"href":"https:\/\/www.novotek.com\/fi\/wp-json\/wp\/v2\/pages\/317\/revisions"}],"predecessor-version":[{"id":17300,"href":"https:\/\/www.novotek.com\/fi\/wp-json\/wp\/v2\/pages\/317\/revisions\/17300"}],"up":[{"embeddable":true,"href":"https:\/\/www.novotek.com\/fi\/wp-json\/wp\/v2\/pages\/1433"}],"wp:attachment":[{"href":"https:\/\/www.novotek.com\/fi\/wp-json\/wp\/v2\/media?parent=317"}],"curies":[{"name":"wp","href":"https:\/\/api.w.org\/{rel}","templated":true}]}}