{"id":3407,"date":"2019-10-31T11:41:00","date_gmt":"2019-10-31T11:41:00","guid":{"rendered":"https:\/\/www.novotek.com\/fi\/?page_id=3407"},"modified":"2026-03-27T14:05:01","modified_gmt":"2026-03-27T12:05:01","slug":"alva","status":"publish","type":"page","link":"https:\/\/www.novotek.com\/fi\/asiakastarinat\/alva\/","title":{"rendered":"Alva"},"content":{"rendered":"  <div class=\"hero\">\n    <div class=\"carousel hero-slider small\" data-flickity data-flickity-options='{\"prevNextButtons\": false}'>\n              <div class=\"carousel-cell\">\n          <div class=\"container\">\n            <div class=\"hero-content\">\n                              <p><strong>Asiakastarina<\/strong><\/p>\n<p style=\"font-size: 52px;font-weight: bold\">Alva<\/p>\n<p>Novotek on ollut Jyv\u00e4skyl\u00e4n alueella toimivan vesi- ja energiapalveluja tarjoavan Alvan j\u00e4rjestelm\u00e4toimittaja jo usean vuoden ajan.<\/p>\n              \n                          <\/div>\n          <\/div>\n\n          <img decoding=\"async\" width=\"1024\" height=\"428\" src=\"https:\/\/www.novotek.com\/fi\/wp-content\/uploads\/sites\/6\/Asiakastarinat\/Jyv\u00e4skyl\u00e4n_energia\/joakim-honkasalo-7f29SKexhQI-unsplash1920x803-1024x428.jpg\" class=\"hero-bg\" alt=\"Hero Img\" fetchpriority=\"high\" srcset=\"https:\/\/www.novotek.com\/fi\/wp-content\/uploads\/sites\/6\/Asiakastarinat\/Jyv\u00e4skyl\u00e4n_energia\/joakim-honkasalo-7f29SKexhQI-unsplash1920x803-1024x428.jpg 1024w, https:\/\/www.novotek.com\/fi\/wp-content\/uploads\/sites\/6\/Asiakastarinat\/Jyv\u00e4skyl\u00e4n_energia\/joakim-honkasalo-7f29SKexhQI-unsplash1920x803-300x125.jpg 300w, https:\/\/www.novotek.com\/fi\/wp-content\/uploads\/sites\/6\/Asiakastarinat\/Jyv\u00e4skyl\u00e4n_energia\/joakim-honkasalo-7f29SKexhQI-unsplash1920x803-768x321.jpg 768w, https:\/\/www.novotek.com\/fi\/wp-content\/uploads\/sites\/6\/Asiakastarinat\/Jyv\u00e4skyl\u00e4n_energia\/joakim-honkasalo-7f29SKexhQI-unsplash1920x803-1536x642.jpg 1536w, https:\/\/www.novotek.com\/fi\/wp-content\/uploads\/sites\/6\/Asiakastarinat\/Jyv\u00e4skyl\u00e4n_energia\/joakim-honkasalo-7f29SKexhQI-unsplash1920x803.jpg 1920w\" sizes=\"(max-width: 1024px) 100vw, 1024px\" \/>                  <\/div>\n          <\/div>\n\n      <\/div>\n\n   <div class=\"floating-breadcrumb\"><div class=\"container\"><span><span><a href=\"https:\/\/www.novotek.com\/fi\/\" class=\"breadcrumb-frontpage\">Home<\/a><\/span><\/span><\/div><\/div>\n\n\n<div class=\"container-md heading  \">\n<h1 class=\"wp-block-heading\" id=\"valvomojarjestelma-ja-siihen-liittyva-raportointi-luovat-perustan-toiminnalle\">Valvomoj\u00e4rjestelm\u00e4 ja siihen liittyv\u00e4 raportointi luovat perustan toiminnalle<\/h1>\n<\/div>\n\n<div class=\"container-md paragraph  \">\n<p><\/p>\n<\/div>\n\n<div class=\"container-md paragraph  \">\n<p><a href=\"https:\/\/www.alva.fi\/\" target=\"_blank\" rel=\"noreferrer noopener\"><strong>Alva <\/strong><\/a>on vesi- ja energiapalveluiden tarjoaja Jyv\u00e4skyl\u00e4n alueella. Yhti\u00f6 toimittaa talousvett\u00e4, s\u00e4hk\u00f6\u00e4 ja vett\u00e4 asiakkaille p\u00e4\u00e4osin Jyv\u00e4skyl\u00e4ss\u00e4, mutta on laajentanut toimintaansa my\u00f6s valtakunnalliseksi. Jyv\u00e4skyl\u00e4n kaupungilla on yhteens\u00e4 kolme p\u00e4\u00e4vedenottamoa ja vedenk\u00e4sittelylaitosta, joiden valvomoj\u00e4rjestelm\u00e4 sek\u00e4 keskitetty tiedonkeruu- ja raportointij\u00e4rjestelm\u00e4 on toteutettu Novotekin edustamien <a href=\"https:\/\/www.novotek.com\/fi\/ratkaisut-ja-tuotteet\/hmi-scada\/ifix-hmi-scada\/\">Proficy iFIX<\/a> ja <a href=\"https:\/\/www.novotek.com\/fi\/ratkaisut-ja-tuotteet\/tiedonkeruu\/proficy-historian\/\">Proficy Historian<\/a> ohjelmistotuotteiden avulla. Vesihuoltopalveluita toimitetaan alueella noin 130 000 talouteen.<\/p>\n<\/div>\n\n<div class=\"container-md image  \">\n<figure class=\"wp-block-image size-large\"><img loading=\"lazy\" decoding=\"async\" width=\"1024\" height=\"682\" src=\"https:\/\/www.novotek.com\/fi\/wp-content\/uploads\/sites\/6\/Asiakastarinat\/Jyv\u00e4skyl\u00e4n_energia\/Keljonlahden-voimalaitos-2018-scaled-1-1024x682.jpg\" alt=\"\" class=\"wp-image-3724\" \/><figcaption class=\"wp-element-caption\">Keljonlahden voimalaitos. Kuva: Alva<\/figcaption><\/figure>\n<\/div>\n\n<div class=\"container-md paragraph  \">\n<p><\/p>\n<\/div>\n\n<div class=\"container-md heading  \">\n<h2 class=\"wp-block-heading\" id=\"ammattitaitoista-nopeaa-ja-joustavaa-palvelua\">Ammattitaitoista, nopeaa ja joustavaa palvelua <\/h2>\n<\/div>\n\n<div class=\"container-md paragraph  \">\n<p>Vesihuollon toiminnallisia kulmakivi\u00e4 ovat tuoteturvallisuus, toiminnan jatkuvuus sek\u00e4 taloudellisuus. Toimiva automaatioj\u00e4rjestelm\u00e4 ja siihen liittyv\u00e4 tiedonkeruu sek\u00e4 raportointi luo perustan kaikkien n\u00e4iden kulmakivien alle. <\/p>\n<\/div>\n\n<div class=\"container-md paragraph  \">\n<p>Novotek tarjoaa Alvalle tarvittavat ohjelmistot, tukipalvelun, k\u00e4ytt\u00f6\u00f6nottokoulutukset sek\u00e4 p\u00e4ivitykset siten, ett\u00e4 p\u00e4ivityksien asentaminen tapahtuu Alvan alihankkijan kautta. <\/p>\n<\/div>\n\n<div class=\"container-md paragraph  \">\n<p>&#8221;K\u00e4ytt\u00f6\u00f6nottokoulutukset olivat mielest\u00e4ni todella ammattitaitoisesti ja laadukkaasti hoidettu&#8221;, Tyrv\u00e4inen kiittelee. &#8221;Ongelmatilanteissa Novotek on taustatukena ratkaisuja haettaessa joko suoraan meid\u00e4n tai sitten alihankkijamme kautta.&#8221; <\/p>\n<\/div>\n\n<div class=\"container-md quote  \">\n<blockquote class=\"wp-block-quote is-layout-flow wp-block-quote-is-layout-flow\"><div class=\"container-md paragraph  \">\n<p>Novotek huolehtii ohjelmistop\u00e4ivityksist\u00e4 ja niiden ajan tasalla pit\u00e4misest\u00e4. K\u00e4ytt\u00f6tuki on ollut aina asiallista ja riitt\u00e4v\u00e4n nopeaa. <\/p>\n<\/div><cite>Jukka Tyrv\u00e4inen, tuotantop\u00e4\u00e4llikko, Alva<\/cite><\/blockquote>\n<\/div>\n\n<div class=\"container-md paragraph  \">\n<p><\/p>\n<\/div>\n\n<div class=\"wp-block-image\"><div class=\"container-md image  aligncenter\">\n<figure class=\"aligncenter size-large is-resized\"><img loading=\"lazy\" decoding=\"async\" width=\"1024\" height=\"682\" src=\"https:\/\/www.novotek.com\/fi\/wp-content\/uploads\/sites\/6\/Asiakastarinat\/Jyv\u00e4skyl\u00e4n_energia\/Jyvaskylan_energia-1024x682.jpg\" alt=\"\" class=\"wp-image-3409\" style=\"width:842px;height:560px\" srcset=\"https:\/\/www.novotek.com\/fi\/wp-content\/uploads\/sites\/6\/Asiakastarinat\/Jyv\u00e4skyl\u00e4n_energia\/Jyvaskylan_energia-1024x682.jpg 1024w, https:\/\/www.novotek.com\/fi\/wp-content\/uploads\/sites\/6\/Asiakastarinat\/Jyv\u00e4skyl\u00e4n_energia\/Jyvaskylan_energia-300x200.jpg 300w, https:\/\/www.novotek.com\/fi\/wp-content\/uploads\/sites\/6\/Asiakastarinat\/Jyv\u00e4skyl\u00e4n_energia\/Jyvaskylan_energia-768x512.jpg 768w, https:\/\/www.novotek.com\/fi\/wp-content\/uploads\/sites\/6\/Asiakastarinat\/Jyv\u00e4skyl\u00e4n_energia\/Jyvaskylan_energia-1536x1024.jpg 1536w, https:\/\/www.novotek.com\/fi\/wp-content\/uploads\/sites\/6\/Asiakastarinat\/Jyv\u00e4skyl\u00e4n_energia\/Jyvaskylan_energia-2048x1365.jpg 2048w\" sizes=\"auto, (max-width: 1024px) 100vw, 1024px\" \/><figcaption class=\"wp-element-caption\">Jukka Tyrv\u00e4inen Alvan voimalaitoksessa. Kuva: Alva<\/figcaption><\/figure>\n<\/div><\/div>\n\n<div class=\"container-md heading  \">\n<h3 class=\"wp-block-heading\" id=\"sujuvaa-yhteistyota-aiotaan-jatkaa\">Sujuvaa yhteisty\u00f6t\u00e4 aiotaan jatkaa<\/h3>\n<\/div>\n\n<div class=\"container-md paragraph  \">\n<p>Novotek on yksi Alvan keskeisi\u00e4 j\u00e4rjestelm\u00e4toimittajia. Yhteisty\u00f6 sujuu hyvin ja sit\u00e4 aiotaan my\u00f6s jatkaa. Novotekin palvelua Tyrv\u00e4inen kuvailee joustavaksi.<\/p>\n<\/div>\n\n<div class=\"container-md paragraph  \">\n<p>&#8221;Yksi konkreettinen viimeaikainen hy\u00f6ty on prosessidataan pohjautuvan raportoinnin helpottuminen ratkaisun k\u00e4ytt\u00f6\u00f6noton j\u00e4lkeen&#8221;, Tyrv\u00e4inen summaa.<\/p>\n<\/div>\n\n<div class=\"container-md quote  \">\n<blockquote class=\"wp-block-quote is-layout-flow wp-block-quote-is-layout-flow\"><div class=\"container-md paragraph  \">\n<p>Meill\u00e4 on t\u00e4ll\u00e4 hetkell\u00e4 vuosikymmenien mittainen kokemus t\u00e4st\u00e4 j\u00e4rjestelm\u00e4st\u00e4. Sen taustalla on satoja ja taas satoja j\u00e4rjestelm\u00e4kuvia. Olemme kokeneet t\u00e4m\u00e4n kokonaisuuden palvelleen hyvin meid\u00e4n tarpeitamme t\u00e4h\u00e4n asti ja todenn\u00e4k\u00f6isesti tulevaisuudessakin.<\/p>\n<\/div><cite>Jukka Tyrv\u00e4inen, Alva<\/cite><\/blockquote>\n<\/div>\n\n<div class=\"container-md embed  \">\n<figure class=\"wp-block-embed is-type-video is-provider-youtube wp-block-embed-youtube wp-embed-aspect-16-9 wp-has-aspect-ratio\"><div class=\"wp-block-embed__wrapper\">\n<iframe loading=\"lazy\" title=\"Jyv\u00e4skyl\u00e4n Energia ja Novotek ovat toimineet yhdess\u00e4 jo useita vuosia\" width=\"1440\" height=\"810\" src=\"https:\/\/www.youtube.com\/embed\/A4u3obdYv-o?feature=oembed\" frameborder=\"0\" allow=\"accelerometer; autoplay; clipboard-write; encrypted-media; gyroscope; picture-in-picture; web-share\" referrerpolicy=\"strict-origin-when-cross-origin\" allowfullscreen><\/iframe>\n<\/div><\/figure>\n<\/div>\n\n  <div class=\"slider-column-parent\">\n    <div class=\"container\">\n      <div class=\"slider-column-title\">Lis\u00e4tietoja<\/div>\n\n      <div class=\"row\">\n        <div class=\"col-12 col-md-4\"><div class=\"column-box\">\n      <div class=\"icon \">\n      <img loading=\"lazy\" decoding=\"async\" width=\"150\" height=\"150\" src=\"https:\/\/www.novotek.com\/fi\/wp-content\/uploads\/sites\/6\/Icons\/Database-icon-150x150.png.webp\" class=\"attachment-thumbnail size-thumbnail\" alt=\"database icon\" srcset=\"https:\/\/www.novotek.com\/fi\/wp-content\/uploads\/sites\/6\/Icons\/Database-icon-150x150.png.webp 150w, https:\/\/www.novotek.com\/fi\/wp-content\/uploads\/sites\/6\/Icons\/Database-icon.png.webp 300w\" sizes=\"auto, (max-width: 150px) 100vw, 150px\" \/>    <\/div>\n  \n      <div class=\"title\">\n      Proficy Historian    <\/div>\n  \n      <div class=\"text\">\n      <p>T\u00e4ydellinen ty\u00f6kalu tuotannon tietojen tallentamiseen ja jakamiseen &#8211; puskuroi datan sek\u00e4 tarjoaa useita rajapintoja ja ty\u00f6kaluja tiedon hakuun ja k\u00e4sittelyyn.<\/p>\n    <\/div>\n  \n      <a class=\"link\"  href=\"https:\/\/www.novotek.com\/fi\/ratkaisut-ja-tuotteet\/tiedonkeruu\/proficy-historian\/\" target=\"_blank\">\n      Proficy Historian    <\/a>\n  \n  <\/div>\n\n<\/div><div class=\"col-12 col-md-4\"><div class=\"column-box\">\n      <div class=\"icon \">\n      <img loading=\"lazy\" decoding=\"async\" width=\"150\" height=\"150\" src=\"https:\/\/www.novotek.com\/fi\/wp-content\/uploads\/sites\/6\/Icons\/icon-diamond-300x300-5-150x150.png.webp\" class=\"attachment-thumbnail size-thumbnail\" alt=\"icon-diamond\" srcset=\"https:\/\/www.novotek.com\/fi\/wp-content\/uploads\/sites\/6\/Icons\/icon-diamond-300x300-5-150x150.png.webp 150w, https:\/\/www.novotek.com\/fi\/wp-content\/uploads\/sites\/6\/Icons\/icon-diamond-300x300-5-300x300.png.webp 300w, https:\/\/www.novotek.com\/fi\/wp-content\/uploads\/sites\/6\/Icons\/icon-diamond-300x300-5-1024x1024.png.webp 1024w, https:\/\/www.novotek.com\/fi\/wp-content\/uploads\/sites\/6\/Icons\/icon-diamond-300x300-5-768x768.png.webp 768w, https:\/\/www.novotek.com\/fi\/wp-content\/uploads\/sites\/6\/Icons\/icon-diamond-300x300-5.png.webp 1112w\" sizes=\"auto, (max-width: 150px) 100vw, 150px\" \/>    <\/div>\n  \n      <div class=\"title\">\n      Asiakastarina    <\/div>\n  \n      <div class=\"text\">\n      <p>Fortum Hydro siirt\u00e4\u00e4 datan pilveen kaikista vesivoimalaitoksistaan Novotekin kanssa.<\/p>\n    <\/div>\n  \n      <a class=\"link\"  href=\"https:\/\/www.novotek.com\/fi\/asiakastarinat\/fortum-hydro\/\" target=\"\">\n      Lue asiakastarina    <\/a>\n  \n  <\/div>\n\n<\/div><div class=\"col-12 col-md-4\"><div class=\"column-box\">\n      <div class=\"icon \">\n      <img loading=\"lazy\" decoding=\"async\" width=\"150\" height=\"150\" src=\"https:\/\/www.novotek.com\/fi\/wp-content\/uploads\/sites\/6\/Icons\/Icon_DataSheet-300x300-1-150x150.png\" class=\"attachment-thumbnail size-thumbnail\" alt=\"DataSheet\" srcset=\"https:\/\/www.novotek.com\/fi\/wp-content\/uploads\/sites\/6\/Icons\/Icon_DataSheet-300x300-1-150x150.png 150w, https:\/\/www.novotek.com\/fi\/wp-content\/uploads\/sites\/6\/Icons\/Icon_DataSheet-300x300-1.png 300w\" sizes=\"auto, (max-width: 150px) 100vw, 150px\" \/>    <\/div>\n  \n      <div class=\"title\">\n      Blogi    <\/div>\n  \n      <div class=\"text\">\n      <p>Onko teill\u00e4 riitt\u00e4v\u00e4n tehokkaat v\u00e4lineet datan hy\u00f6dynt\u00e4miseen?<\/p>\n    <\/div>\n  \n      <a class=\"link\"  href=\"https:\/\/www.novotek.com\/fi\/insight\/onko-teilla-riittavan-tehokkaat-valineet-tiedon-hyodyntamiseen\/\" target=\"_blank\">\n      Lue blogi    <\/a>\n  \n  <\/div>\n\n<\/div>      <\/div>\n    <\/div>\n  <\/div>\n\n\n<div class=\"container-md paragraph  \">\n<p><\/p>\n<\/div>\n\n<div class=\"cta-block\">\n  <div class=\"container\">\n          <h2>Kerromme mielell\u00e4mme lis\u00e4\u00e4!<\/h2>\n    \n          <div><p>Myyntimme ja asiantuntijamme auttavat sinua l\u00f6yt\u00e4m\u00e4\u00e4n parhaan ratkaisun haasteeseesi ja ymp\u00e4rist\u00f6\u00f6si.<\/p>\n<\/div>\n    \n          <a class=\"btn btn-primary\" href=\"https:\/\/www.novotek.com\/fi\/ota-yhteytta\/\">Ota yhteytt\u00e4<\/a>\n      <\/div>\n<\/div>\n","protected":false},"excerpt":{"rendered":"<p>Novotek on yksi Alvan keskeisist\u00e4 j\u00e4rjestelm\u00e4toimittajista.<\/p>\n","protected":false},"author":24,"featured_media":0,"parent":5483,"menu_order":0,"comment_status":"closed","ping_status":"closed","template":"","meta":{"_acf_changed":false,"_relevanssi_hide_post":"","_relevanssi_pin_for_all":"","_relevanssi_pin_keywords":"","_relevanssi_unpin_keywords":"","_relevanssi_related_keywords":"","_relevanssi_related_include_ids":"","_relevanssi_related_exclude_ids":"","_relevanssi_related_no_append":"","_relevanssi_related_not_related":"","_relevanssi_related_posts":"1,3312,1849,3148,2010","_relevanssi_noindex_reason":"","footnotes":""},"class_list":["post-3407","page","type-page","status-publish","hentry"],"acf":[],"yoast_head":"<!-- This site is optimized with the Yoast SEO plugin v27.3 - https:\/\/yoast.com\/product\/yoast-seo-wordpress\/ -->\n<title>Alva - Novotek Finland<\/title>\n<meta name=\"description\" content=\"Asiakastarina: Novotek on Alvan pitk\u00e4aikainen yhteisty\u00f6kumppani ja j\u00e4rjestelm\u00e4toimittaja.\" \/>\n<meta name=\"robots\" content=\"index, follow, max-snippet:-1, max-image-preview:large, max-video-preview:-1\" \/>\n<link rel=\"canonical\" href=\"https:\/\/www.novotek.com\/fi\/asiakastarinat\/alva\/\" \/>\n<meta property=\"og:locale\" content=\"fi_FI\" \/>\n<meta property=\"og:type\" content=\"article\" \/>\n<meta property=\"og:title\" content=\"Alva - Novotek Finland\" \/>\n<meta property=\"og:description\" content=\"Asiakastarina: Novotek on Alvan pitk\u00e4aikainen yhteisty\u00f6kumppani ja j\u00e4rjestelm\u00e4toimittaja.\" \/>\n<meta property=\"og:url\" content=\"https:\/\/www.novotek.com\/fi\/asiakastarinat\/alva\/\" \/>\n<meta property=\"og:site_name\" content=\"Novotek Finland\" \/>\n<meta property=\"article:modified_time\" content=\"2026-03-27T12:05:01+00:00\" \/>\n<meta name=\"twitter:card\" content=\"summary_large_image\" \/>\n<meta name=\"twitter:label1\" content=\"Arvioitu lukuaika\" \/>\n\t<meta name=\"twitter:data1\" content=\"2 minuuttia\" \/>\n<script type=\"application\/ld+json\" class=\"yoast-schema-graph\">{\"@context\":\"https:\\\/\\\/schema.org\",\"@graph\":[{\"@type\":\"WebPage\",\"@id\":\"https:\\\/\\\/www.novotek.com\\\/fi\\\/asiakastarinat\\\/alva\\\/\",\"url\":\"https:\\\/\\\/www.novotek.com\\\/fi\\\/asiakastarinat\\\/alva\\\/\",\"name\":\"Alva - Novotek Finland\",\"isPartOf\":{\"@id\":\"https:\\\/\\\/www.novotek.com\\\/fi\\\/#website\"},\"datePublished\":\"2019-10-31T11:41:00+00:00\",\"dateModified\":\"2026-03-27T12:05:01+00:00\",\"description\":\"Asiakastarina: Novotek on Alvan pitk\u00e4aikainen yhteisty\u00f6kumppani ja j\u00e4rjestelm\u00e4toimittaja.\",\"breadcrumb\":{\"@id\":\"https:\\\/\\\/www.novotek.com\\\/fi\\\/asiakastarinat\\\/alva\\\/#breadcrumb\"},\"inLanguage\":\"fi\",\"potentialAction\":[{\"@type\":\"ReadAction\",\"target\":[\"https:\\\/\\\/www.novotek.com\\\/fi\\\/asiakastarinat\\\/alva\\\/\"]}]},{\"@type\":\"BreadcrumbList\",\"@id\":\"https:\\\/\\\/www.novotek.com\\\/fi\\\/asiakastarinat\\\/alva\\\/#breadcrumb\",\"itemListElement\":[{\"@type\":\"ListItem\",\"position\":1,\"name\":\"Home\",\"item\":\"https:\\\/\\\/www.novotek.com\\\/fi\\\/\"},{\"@type\":\"ListItem\",\"position\":2,\"name\":\"Asiakastarinat\",\"item\":\"https:\\\/\\\/www.novotek.com\\\/fi\\\/asiakastarinat\\\/\"},{\"@type\":\"ListItem\",\"position\":3,\"name\":\"Alva\"}]},{\"@type\":\"WebSite\",\"@id\":\"https:\\\/\\\/www.novotek.com\\\/fi\\\/#website\",\"url\":\"https:\\\/\\\/www.novotek.com\\\/fi\\\/\",\"name\":\"Novotek Finland\",\"description\":\"Teollisuuden digitalisaatio\",\"publisher\":{\"@id\":\"https:\\\/\\\/www.novotek.com\\\/fi\\\/#organization\"},\"potentialAction\":[{\"@type\":\"SearchAction\",\"target\":{\"@type\":\"EntryPoint\",\"urlTemplate\":\"https:\\\/\\\/www.novotek.com\\\/fi\\\/?s={search_term_string}\"},\"query-input\":{\"@type\":\"PropertyValueSpecification\",\"valueRequired\":true,\"valueName\":\"search_term_string\"}}],\"inLanguage\":\"fi\"},{\"@type\":\"Organization\",\"@id\":\"https:\\\/\\\/www.novotek.com\\\/fi\\\/#organization\",\"name\":\"Novotek Finland\",\"url\":\"https:\\\/\\\/www.novotek.com\\\/fi\\\/\",\"logo\":{\"@type\":\"ImageObject\",\"inLanguage\":\"fi\",\"@id\":\"https:\\\/\\\/www.novotek.com\\\/fi\\\/#\\\/schema\\\/logo\\\/image\\\/\",\"url\":\"https:\\\/\\\/www.novotek.com\\\/fi\\\/wp-content\\\/uploads\\\/sites\\\/6\\\/Logo\\\/novotek-symbol-rgb-pos.jpg\",\"contentUrl\":\"https:\\\/\\\/www.novotek.com\\\/fi\\\/wp-content\\\/uploads\\\/sites\\\/6\\\/Logo\\\/novotek-symbol-rgb-pos.jpg\",\"width\":864,\"height\":734,\"caption\":\"Novotek Finland\"},\"image\":{\"@id\":\"https:\\\/\\\/www.novotek.com\\\/fi\\\/#\\\/schema\\\/logo\\\/image\\\/\"},\"sameAs\":[\"https:\\\/\\\/fi.linkedin.com\\\/company\\\/novotek-oy\"]}]}<\/script>\n<!-- \/ Yoast SEO plugin. -->","yoast_head_json":{"title":"Alva - Novotek Finland","description":"Asiakastarina: Novotek on Alvan pitk\u00e4aikainen yhteisty\u00f6kumppani ja j\u00e4rjestelm\u00e4toimittaja.","robots":{"index":"index","follow":"follow","max-snippet":"max-snippet:-1","max-image-preview":"max-image-preview:large","max-video-preview":"max-video-preview:-1"},"canonical":"https:\/\/www.novotek.com\/fi\/asiakastarinat\/alva\/","og_locale":"fi_FI","og_type":"article","og_title":"Alva - Novotek Finland","og_description":"Asiakastarina: Novotek on Alvan pitk\u00e4aikainen yhteisty\u00f6kumppani ja j\u00e4rjestelm\u00e4toimittaja.","og_url":"https:\/\/www.novotek.com\/fi\/asiakastarinat\/alva\/","og_site_name":"Novotek Finland","article_modified_time":"2026-03-27T12:05:01+00:00","twitter_card":"summary_large_image","twitter_misc":{"Arvioitu lukuaika":"2 minuuttia"},"schema":{"@context":"https:\/\/schema.org","@graph":[{"@type":"WebPage","@id":"https:\/\/www.novotek.com\/fi\/asiakastarinat\/alva\/","url":"https:\/\/www.novotek.com\/fi\/asiakastarinat\/alva\/","name":"Alva - Novotek Finland","isPartOf":{"@id":"https:\/\/www.novotek.com\/fi\/#website"},"datePublished":"2019-10-31T11:41:00+00:00","dateModified":"2026-03-27T12:05:01+00:00","description":"Asiakastarina: Novotek on Alvan pitk\u00e4aikainen yhteisty\u00f6kumppani ja j\u00e4rjestelm\u00e4toimittaja.","breadcrumb":{"@id":"https:\/\/www.novotek.com\/fi\/asiakastarinat\/alva\/#breadcrumb"},"inLanguage":"fi","potentialAction":[{"@type":"ReadAction","target":["https:\/\/www.novotek.com\/fi\/asiakastarinat\/alva\/"]}]},{"@type":"BreadcrumbList","@id":"https:\/\/www.novotek.com\/fi\/asiakastarinat\/alva\/#breadcrumb","itemListElement":[{"@type":"ListItem","position":1,"name":"Home","item":"https:\/\/www.novotek.com\/fi\/"},{"@type":"ListItem","position":2,"name":"Asiakastarinat","item":"https:\/\/www.novotek.com\/fi\/asiakastarinat\/"},{"@type":"ListItem","position":3,"name":"Alva"}]},{"@type":"WebSite","@id":"https:\/\/www.novotek.com\/fi\/#website","url":"https:\/\/www.novotek.com\/fi\/","name":"Novotek Finland","description":"Teollisuuden digitalisaatio","publisher":{"@id":"https:\/\/www.novotek.com\/fi\/#organization"},"potentialAction":[{"@type":"SearchAction","target":{"@type":"EntryPoint","urlTemplate":"https:\/\/www.novotek.com\/fi\/?s={search_term_string}"},"query-input":{"@type":"PropertyValueSpecification","valueRequired":true,"valueName":"search_term_string"}}],"inLanguage":"fi"},{"@type":"Organization","@id":"https:\/\/www.novotek.com\/fi\/#organization","name":"Novotek Finland","url":"https:\/\/www.novotek.com\/fi\/","logo":{"@type":"ImageObject","inLanguage":"fi","@id":"https:\/\/www.novotek.com\/fi\/#\/schema\/logo\/image\/","url":"https:\/\/www.novotek.com\/fi\/wp-content\/uploads\/sites\/6\/Logo\/novotek-symbol-rgb-pos.jpg","contentUrl":"https:\/\/www.novotek.com\/fi\/wp-content\/uploads\/sites\/6\/Logo\/novotek-symbol-rgb-pos.jpg","width":864,"height":734,"caption":"Novotek Finland"},"image":{"@id":"https:\/\/www.novotek.com\/fi\/#\/schema\/logo\/image\/"},"sameAs":["https:\/\/fi.linkedin.com\/company\/novotek-oy"]}]}},"_links":{"self":[{"href":"https:\/\/www.novotek.com\/fi\/wp-json\/wp\/v2\/pages\/3407","targetHints":{"allow":["GET"]}}],"collection":[{"href":"https:\/\/www.novotek.com\/fi\/wp-json\/wp\/v2\/pages"}],"about":[{"href":"https:\/\/www.novotek.com\/fi\/wp-json\/wp\/v2\/types\/page"}],"author":[{"embeddable":true,"href":"https:\/\/www.novotek.com\/fi\/wp-json\/wp\/v2\/users\/24"}],"replies":[{"embeddable":true,"href":"https:\/\/www.novotek.com\/fi\/wp-json\/wp\/v2\/comments?post=3407"}],"version-history":[{"count":125,"href":"https:\/\/www.novotek.com\/fi\/wp-json\/wp\/v2\/pages\/3407\/revisions"}],"predecessor-version":[{"id":18892,"href":"https:\/\/www.novotek.com\/fi\/wp-json\/wp\/v2\/pages\/3407\/revisions\/18892"}],"up":[{"embeddable":true,"href":"https:\/\/www.novotek.com\/fi\/wp-json\/wp\/v2\/pages\/5483"}],"wp:attachment":[{"href":"https:\/\/www.novotek.com\/fi\/wp-json\/wp\/v2\/media?parent=3407"}],"curies":[{"name":"wp","href":"https:\/\/api.w.org\/{rel}","templated":true}]}}