{"id":3735,"date":"2021-11-01T11:52:23","date_gmt":"2021-11-01T11:52:23","guid":{"rendered":"https:\/\/www.novotek.com\/fi\/?page_id=3735"},"modified":"2025-08-06T14:14:47","modified_gmt":"2025-08-06T12:14:47","slug":"sandvik-srp","status":"publish","type":"page","link":"https:\/\/www.novotek.com\/fi\/asiakastarinat\/sandvik-srp\/","title":{"rendered":"Sandvik SRP"},"content":{"rendered":"  <div class=\"hero\">\n    <div class=\"carousel hero-slider small\" data-flickity data-flickity-options='{\"prevNextButtons\": false}'>\n              <div class=\"carousel-cell\">\n          <div class=\"container\">\n            <div class=\"hero-content\">\n                              <p><strong>Asiakastarina<\/strong><\/p>\n<p style=\"font-size: 52px;font-weight: bold\">Sandvik SRP<\/p>\n<p>&nbsp;<br \/>\nLaitekannan uusimisen yhteydess\u00e4 Sandvik SRP p\u00e4ivitti OEE-j\u00e4rjestelm\u00e4ns\u00e4 joustavaan ja helppok\u00e4ytt\u00f6iseen RS Productioniin.<\/p>\n              \n                          <\/div>\n          <\/div>\n\n          <img decoding=\"async\" width=\"1024\" height=\"427\" src=\"https:\/\/www.novotek.com\/fi\/wp-content\/uploads\/sites\/6\/Asiakastarinat\/SandvikSRP\/SandvikSRP6_duotone_1920x800-1024x427.jpg\" class=\"hero-bg\" alt=\"Hero Img\" fetchpriority=\"high\" srcset=\"https:\/\/www.novotek.com\/fi\/wp-content\/uploads\/sites\/6\/Asiakastarinat\/SandvikSRP\/SandvikSRP6_duotone_1920x800-1024x427.jpg 1024w, https:\/\/www.novotek.com\/fi\/wp-content\/uploads\/sites\/6\/Asiakastarinat\/SandvikSRP\/SandvikSRP6_duotone_1920x800-300x125.jpg 300w, https:\/\/www.novotek.com\/fi\/wp-content\/uploads\/sites\/6\/Asiakastarinat\/SandvikSRP\/SandvikSRP6_duotone_1920x800-768x320.jpg 768w, https:\/\/www.novotek.com\/fi\/wp-content\/uploads\/sites\/6\/Asiakastarinat\/SandvikSRP\/SandvikSRP6_duotone_1920x800-1536x640.jpg 1536w, https:\/\/www.novotek.com\/fi\/wp-content\/uploads\/sites\/6\/Asiakastarinat\/SandvikSRP\/SandvikSRP6_duotone_1920x800.jpg 1920w\" sizes=\"(max-width: 1024px) 100vw, 1024px\" \/>                  <\/div>\n          <\/div>\n\n      <\/div>\n\n   <div class=\"floating-breadcrumb\"><div class=\"container\"><span><span><a href=\"https:\/\/www.novotek.com\/fi\/\" class=\"breadcrumb-frontpage\">Home<\/a><\/span><\/span><\/div><\/div>\n\n\n<div class=\"container-md paragraph  \">\n<p><\/p>\n<\/div>\n\n<div class=\"container-md paragraph  \">\n<p><\/p>\n<\/div>\n\n<div class=\"container-md heading  \">\n<h1 class=\"wp-block-heading\" id=\"sandvik-srp-n-nettotuotanto-kasvoi-15-rs-productionin-avulla\">Sandvik SRP:n nettotuotanto kasvoi 15 % RS Productionin avulla<\/h1>\n<\/div>\n\n<div class=\"container-md paragraph  \">\n<p><strong><a href=\"https:\/\/www.rockprocessing.sandvik\/\" target=\"_blank\" rel=\"noreferrer noopener\">Sandvik SRP <\/a><\/strong>yksikk\u00f6 Svedalassa on maailman johtava kaivos-, louhintateollisuuden ja rakennusalan k\u00e4ytt\u00e4mien murskainten toimittaja ja kehitt\u00e4j\u00e4. Sandvik SRP on tuottanut kaivosteollisuuden v\u00e4lineist\u00f6\u00e4 1950-luvulta l\u00e4htien. Maailmanluokan toimittajan asema perustuu laatuun ja hyv\u00e4\u00e4n tuottavuuteen taaten mahdollisuuden pysy\u00e4 kehityksen eturintamalla.<\/p>\n<\/div>\n\n<div class=\"container-md paragraph  \">\n<p><\/p>\n<\/div>\n\n<div class=\"container-md heading  \">\n<h2 class=\"wp-block-heading\" id=\"ongelmana-laitesidonnaisuus-ja-manuaalinen-raportointi\"><strong>Ongelmana laitesidonnaisuus ja manuaalinen raportointi<\/strong><\/h2>\n<\/div>\n\n<div class=\"container-md paragraph  \">\n<p>Sandvik SRP:ss\u00e4 on ty\u00f6skennelty pitk\u00e4\u00e4n Lean-menetelmien parissa ja seurattu tehokkuutta konetasolla. Valitettavasti aiempi OEE-j\u00e4rjestelm\u00e4 oli riippuvainen k\u00e4yt\u00f6ss\u00e4 olevista laitteista, eik\u00e4 toimisi uuden laitekannan kanssa. Lis\u00e4ksi raportointia tehtiin yh\u00e4 v\u00e4lill\u00e4 kyn\u00e4ll\u00e4 ja paperilla.<\/p>\n<\/div>\n\n<div class=\"container-md paragraph  \">\n<p>Kun laitteita p\u00e4ivitettiin tai korvattiin, johdonmukainen tuotannontehokkuuden mittaaminen ei en\u00e4\u00e4 ollut mahdollista. Sandvik tarvitsi joustavan ja helppok\u00e4ytt\u00f6isen ratkaisun, jolla saisi tuotannon tiedot osaksi p\u00e4ivitt\u00e4isjohtamista ja tukemaan ty\u00f6n kehitt\u00e4mist\u00e4. Monia vaihtoehtoja vertailtuaan Sandvik valitsi RS Productionin.<\/p>\n<\/div>\n\n<div class=\"container-md image  \">\n<figure class=\"wp-block-image size-full\"><img loading=\"lazy\" decoding=\"async\" width=\"654\" height=\"440\" src=\"https:\/\/www.novotek.com\/fi\/wp-content\/uploads\/sites\/6\/Asiakastarinat\/SandvikSRP\/Sandvik-SRPn-nettotuotanto-kasvoi-15-RS-Productionin-avulla.png\" alt=\"RS Production OEE-j\u00e4rjestelm\u00e4n k\u00e4ytt\u00f6liittym\u00e4 on selke\u00e4 ja helpppok\u00e4ytt\u00f6inen\" class=\"wp-image-3737\" srcset=\"https:\/\/www.novotek.com\/fi\/wp-content\/uploads\/sites\/6\/Asiakastarinat\/SandvikSRP\/Sandvik-SRPn-nettotuotanto-kasvoi-15-RS-Productionin-avulla.png 654w, https:\/\/www.novotek.com\/fi\/wp-content\/uploads\/sites\/6\/Asiakastarinat\/SandvikSRP\/Sandvik-SRPn-nettotuotanto-kasvoi-15-RS-Productionin-avulla-300x202.png 300w\" sizes=\"auto, (max-width: 654px) 100vw, 654px\" \/><figcaption class=\"wp-element-caption\">RS Production k\u00e4ytt\u00f6liittym\u00e4 on selke\u00e4.  Kuva: Good Solutions<\/figcaption><\/figure>\n<\/div>\n\n<div class=\"container-md paragraph  \">\n<p><\/p>\n<\/div>\n\n<div class=\"container-md heading  \">\n<h3 class=\"wp-block-heading\" id=\"ratkaisuksi-parempi-oee-jarjestelma\"><strong>Ratkaisuksi parempi OEE-j\u00e4rjestelm\u00e4<\/strong><\/h3>\n<\/div>\n\n<div class=\"container-md paragraph  \">\n<p>RS Production i4 Pro t\u00e4ytti Sandvikin kovat vaatimukset. Ratkaisevia vaatimuksia oli muun muassa kattava laiteyhteensopivuus, k\u00e4ytett\u00e4vyys ja mahdollisuus monitoroida tuotantoa reaaliajassa. RS Productionia k\u00e4ytt\u00e4m\u00e4ll\u00e4 operaattorit voivat helposti kirjata seisokin ja h\u00e4vi\u00f6n syit\u00e4. Tieto esitet\u00e4\u00e4n tuotanto- ja laitostason johdolle reaaliaikaisesti visuaalisissa raporteissa. RS Production tukee p\u00e4\u00e4t\u00f6ksentekoa p\u00e4ivitt\u00e4isess\u00e4 ohjaamisessa ja antaa p\u00e4\u00e4syn olennaiseen dataan, joka tukee kehitt\u00e4misty\u00f6t\u00e4.<\/p>\n<\/div>\n\n<div class=\"container-md quote  \">\n<blockquote class=\"wp-block-quote is-layout-flow wp-block-quote-is-layout-flow\"><div class=\"container-md paragraph  \">\n<p>\u201dRS Productionin avulla on helppo keskustella ratkaisujen l\u00f6yt\u00e4misest\u00e4 faktojen perusteella. Meill\u00e4 on yhteinen perusta ja voimme visualisoida tiedon, jotta kaikki ymm\u00e4rt\u00e4v\u00e4t sen. RS Productionilla voimme s\u00e4\u00e4dell\u00e4, mit\u00e4 tietoa esit\u00e4mme ja kuinka se visualisoidaan.\u201d<\/p>\n<\/div><cite>Thomas Bauer, laatu- ja tuotantoteknologian p\u00e4\u00e4llikk\u00f6 Sandvik SRP<\/cite><\/blockquote>\n<\/div>\n\n<div class=\"container-md paragraph  \">\n<p>Kaiken kaikkiaan jokaisen tuotannon osa-alueen on joustavaa, yksinkertaista ja tehokasta tehd\u00e4 parempia p\u00e4\u00e4t\u00f6ksi\u00e4 nopeammin, kun tuotannolla on p\u00e4\u00e4sy visuaalisiin ja helposti ymm\u00e4rrett\u00e4viin faktoihin.<\/p>\n<\/div>\n\n<div class=\"container-md paragraph  \">\n<p><\/p>\n<\/div>\n\n<div class=\"container-md heading  \">\n<h3 class=\"wp-block-heading\" id=\"hyotyina-jopa-15-kasvu-nettotuotannossa\"><strong>Hy\u00f6tyin\u00e4 jopa 15 % kasvu nettotuotannossa<\/strong><\/h3>\n<\/div>\n\n<div class=\"container-md paragraph  \">\n<p>Sandvik tunnistaa nyt tehtaan todelliset pullonkaulat. Sen my\u00f6t\u00e4 nettotuotanto on kasvanut jopa 15 % tietyill\u00e4 tuotantosegmenteill\u00e4, ilman tarvetta lis\u00e4t\u00e4 ty\u00f6vuoroja tai koneiden k\u00e4yntiaikaa.<\/p>\n<\/div>\n\n<div class=\"container-md paragraph  \">\n<p>Samoin Sandvik n\u00e4kee, ett\u00e4 tulevaisuudessa on paljon potentiaalia parantaa ja lis\u00e4t\u00e4 tehokkuutta. RS Productionin tarjoamat tiedot p\u00e4ivitt\u00e4isjohtamisen ja ty\u00f6n kehitt\u00e4misen pohjana ovat mahdollistaneet sen, ett\u00e4 tuotanto on kasvanut tasaisesti ja pysynyt hyv\u00e4n\u00e4. Sen seurauksena Sandvik voi hy\u00f6dynt\u00e4\u00e4 koko tuotantokapasiteettiaan ja v\u00e4ltt\u00e4\u00e4 kalliita laiteinvestointeja.<\/p>\n<\/div>\n\n<div class=\"container-md image  \">\n<figure class=\"wp-block-image size-large\"><img loading=\"lazy\" decoding=\"async\" width=\"1024\" height=\"683\" src=\"https:\/\/www.novotek.com\/fi\/wp-content\/uploads\/sites\/6\/Asiakastarinat\/SandvikSRP\/DSF2650_-1024x683.jpg\" alt=\"Asiakastarina Sandvik SRP otti k\u00e4ytt\u00f6\u00f6n OEE-j\u00e4rjestelm\u00e4n \" class=\"wp-image-4012\" \/><figcaption class=\"wp-element-caption\">Sandvik SRP:n nettotuontanto on kasvanut jopa 15% RS Productionin avulla. Kuva: Good Solutions<\/figcaption><\/figure>\n<\/div>\n\n<div class=\"container-md paragraph  \">\n<p><\/p>\n<\/div>\n\n  <div class=\"slider-column-parent\">\n    <div class=\"container\">\n      <div class=\"slider-column-title\">Lis\u00e4tietoja<\/div>\n\n      <div class=\"row\">\n        <div class=\"col-12 col-md-4\"><div class=\"column-box\">\n      <div class=\"icon \">\n      <img loading=\"lazy\" decoding=\"async\" width=\"150\" height=\"150\" src=\"https:\/\/www.novotek.com\/fi\/wp-content\/uploads\/sites\/6\/Icons\/Ikon-speedometer_-150x150.png.webp\" class=\"attachment-thumbnail size-thumbnail\" alt=\"icon: tehokkuus\" srcset=\"https:\/\/www.novotek.com\/fi\/wp-content\/uploads\/sites\/6\/Icons\/Ikon-speedometer_-150x150.png.webp 150w, https:\/\/www.novotek.com\/fi\/wp-content\/uploads\/sites\/6\/Icons\/Ikon-speedometer_.png.webp 300w\" sizes=\"auto, (max-width: 150px) 100vw, 150px\" \/>    <\/div>\n  \n      <div class=\"title\">\n      RS Production    <\/div>\n  \n      <div class=\"text\">\n      <p>Nykyaikaisen OEE-j\u00e4rjestelm\u00e4n avulla teet parempia p\u00e4\u00e4t\u00f6ksi\u00e4<\/p>\n<p>&nbsp;<\/p>\n    <\/div>\n  \n      <a class=\"link\"  href=\"https:\/\/www.novotek.com\/fi\/ratkaisut-ja-tuotteet\/knl-oee\/rs-production\/\" target=\"_blank\">\n      Lue lis\u00e4\u00e4    <\/a>\n  \n  <\/div>\n\n<\/div><div class=\"col-12 col-md-4\"><div class=\"column-box\">\n      <div class=\"icon \">\n      <img loading=\"lazy\" decoding=\"async\" width=\"150\" height=\"150\" src=\"https:\/\/www.novotek.com\/fi\/wp-content\/uploads\/sites\/6\/Icons\/icon-diamond-300x300-5-150x150.png.webp\" class=\"attachment-thumbnail size-thumbnail\" alt=\"icon-diamond\" srcset=\"https:\/\/www.novotek.com\/fi\/wp-content\/uploads\/sites\/6\/Icons\/icon-diamond-300x300-5-150x150.png.webp 150w, https:\/\/www.novotek.com\/fi\/wp-content\/uploads\/sites\/6\/Icons\/icon-diamond-300x300-5-300x300.png.webp 300w, https:\/\/www.novotek.com\/fi\/wp-content\/uploads\/sites\/6\/Icons\/icon-diamond-300x300-5-1024x1024.png.webp 1024w, https:\/\/www.novotek.com\/fi\/wp-content\/uploads\/sites\/6\/Icons\/icon-diamond-300x300-5-768x768.png.webp 768w, https:\/\/www.novotek.com\/fi\/wp-content\/uploads\/sites\/6\/Icons\/icon-diamond-300x300-5.png.webp 1112w\" sizes=\"auto, (max-width: 150px) 100vw, 150px\" \/>    <\/div>\n  \n      <div class=\"title\">\n      Asiakastarina    <\/div>\n  \n      <div class=\"text\">\n      <p>VMT hy\u00f6dynt\u00e4\u00e4 OEE-tehokkuudenseurantaa kaikilla puhallusmuovauksen tuotantolinjoillaan.<\/p>\n    <\/div>\n  \n      <a class=\"link\"  href=\"https:\/\/www.novotek.com\/fi\/asiakastarinat\/vmt-plastic-solutions\/\" target=\"\">\n      Lue asiakastarina    <\/a>\n  \n  <\/div>\n\n<\/div><div class=\"col-12 col-md-4\"><div class=\"column-box\">\n      <div class=\"icon \">\n      <img loading=\"lazy\" decoding=\"async\" width=\"150\" height=\"150\" src=\"https:\/\/www.novotek.com\/fi\/wp-content\/uploads\/sites\/6\/Icons\/Icon_DataSheet-300x300-1-150x150.png\" class=\"attachment-thumbnail size-thumbnail\" alt=\"DataSheet\" srcset=\"https:\/\/www.novotek.com\/fi\/wp-content\/uploads\/sites\/6\/Icons\/Icon_DataSheet-300x300-1-150x150.png 150w, https:\/\/www.novotek.com\/fi\/wp-content\/uploads\/sites\/6\/Icons\/Icon_DataSheet-300x300-1.png 300w\" sizes=\"auto, (max-width: 150px) 100vw, 150px\" \/>    <\/div>\n  \n      <div class=\"title\">\n      Blogi    <\/div>\n  \n      <div class=\"text\">\n      <p>Ota tuotannon pullonkaulat haltuun OEE:n avulla<\/p>\n    <\/div>\n  \n      <a class=\"link\"  href=\"https:\/\/www.novotek.com\/fi\/insight\/ota-tuotannon-pullonkaulat-haltuun-oeen-avulla\/\" target=\"_blank\">\n      Lue blogi    <\/a>\n  \n  <\/div>\n\n<\/div>      <\/div>\n    <\/div>\n  <\/div>\n\n\n<div class=\"cta-block\">\n  <div class=\"container\">\n          <h2>Kerromme mielell\u00e4mme lis\u00e4\u00e4!<\/h2>\n    \n          <div><p>Myyntimme ja asiantuntijamme auttavat sinua l\u00f6yt\u00e4m\u00e4\u00e4n parhaan ratkaisun haasteeseesi ja ymp\u00e4rist\u00f6\u00f6si.<\/p>\n<\/div>\n    \n          <a class=\"btn btn-primary\" href=\"https:\/\/www.novotek.com\/fi\/ota-yhteytta\/\">Ota yhteytt\u00e4<\/a>\n      <\/div>\n<\/div>\n","protected":false},"excerpt":{"rendered":"<p>Sandvik SRP p\u00e4ivitti OEE-j\u00e4rjestelm\u00e4ns\u00e4 joustavaan ja helppok\u00e4ytt\u00f6iseen RS Productioniin.<\/p>\n","protected":false},"author":24,"featured_media":0,"parent":5483,"menu_order":6,"comment_status":"closed","ping_status":"closed","template":"","meta":{"_acf_changed":false,"_relevanssi_hide_post":"","_relevanssi_pin_for_all":"","_relevanssi_pin_keywords":"","_relevanssi_unpin_keywords":"","_relevanssi_related_keywords":"","_relevanssi_related_include_ids":"","_relevanssi_related_exclude_ids":"","_relevanssi_related_no_append":"","_relevanssi_related_not_related":"","_relevanssi_related_posts":"1,3312,1849,3148,2010","_relevanssi_noindex_reason":"","footnotes":""},"class_list":["post-3735","page","type-page","status-publish","hentry"],"acf":[],"yoast_head":"<!-- This site is optimized with the Yoast SEO plugin v27.3 - https:\/\/yoast.com\/product\/yoast-seo-wordpress\/ -->\n<title>Sandvik SRP - Novotek Finland<\/title>\n<meta name=\"description\" content=\"Asiakastarina. Sandvik SRP otti k\u00e4ytt\u00f6\u00f6ns\u00e4 OEE-j\u00e4rjestelm\u00e4n. Hy\u00f6tyn\u00e4 jopa 15 % kasvu nettotuotannossa! Lue koko tarina.\" \/>\n<meta name=\"robots\" content=\"index, follow, max-snippet:-1, max-image-preview:large, max-video-preview:-1\" \/>\n<link rel=\"canonical\" href=\"https:\/\/www.novotek.com\/fi\/asiakastarinat\/sandvik-srp\/\" \/>\n<meta property=\"og:locale\" content=\"fi_FI\" \/>\n<meta property=\"og:type\" content=\"article\" \/>\n<meta property=\"og:title\" content=\"Sandvik SRP - Novotek Finland\" \/>\n<meta property=\"og:description\" content=\"Asiakastarina. Sandvik SRP otti k\u00e4ytt\u00f6\u00f6ns\u00e4 OEE-j\u00e4rjestelm\u00e4n. Hy\u00f6tyn\u00e4 jopa 15 % kasvu nettotuotannossa! Lue koko tarina.\" \/>\n<meta property=\"og:url\" content=\"https:\/\/www.novotek.com\/fi\/asiakastarinat\/sandvik-srp\/\" \/>\n<meta property=\"og:site_name\" content=\"Novotek Finland\" \/>\n<meta property=\"article:modified_time\" content=\"2025-08-06T12:14:47+00:00\" \/>\n<meta property=\"og:image\" content=\"https:\/\/www.novotek.com\/fi\/wp-content\/uploads\/sites\/6\/Asiakastarinat\/SandvikSRP\/Sandvik-SRPn-nettotuotanto-kasvoi-15-RS-Productionin-avulla.png\" \/>\n<meta name=\"twitter:card\" content=\"summary_large_image\" \/>\n<meta name=\"twitter:label1\" content=\"Arvioitu lukuaika\" \/>\n\t<meta name=\"twitter:data1\" content=\"2 minuuttia\" \/>\n<script type=\"application\/ld+json\" class=\"yoast-schema-graph\">{\"@context\":\"https:\\\/\\\/schema.org\",\"@graph\":[{\"@type\":\"WebPage\",\"@id\":\"https:\\\/\\\/www.novotek.com\\\/fi\\\/asiakastarinat\\\/sandvik-srp\\\/\",\"url\":\"https:\\\/\\\/www.novotek.com\\\/fi\\\/asiakastarinat\\\/sandvik-srp\\\/\",\"name\":\"Sandvik SRP - Novotek Finland\",\"isPartOf\":{\"@id\":\"https:\\\/\\\/www.novotek.com\\\/fi\\\/#website\"},\"primaryImageOfPage\":{\"@id\":\"https:\\\/\\\/www.novotek.com\\\/fi\\\/asiakastarinat\\\/sandvik-srp\\\/#primaryimage\"},\"image\":{\"@id\":\"https:\\\/\\\/www.novotek.com\\\/fi\\\/asiakastarinat\\\/sandvik-srp\\\/#primaryimage\"},\"thumbnailUrl\":\"https:\\\/\\\/www.novotek.com\\\/fi\\\/wp-content\\\/uploads\\\/sites\\\/6\\\/Asiakastarinat\\\/SandvikSRP\\\/Sandvik-SRPn-nettotuotanto-kasvoi-15-RS-Productionin-avulla.png\",\"datePublished\":\"2021-11-01T11:52:23+00:00\",\"dateModified\":\"2025-08-06T12:14:47+00:00\",\"description\":\"Asiakastarina. Sandvik SRP otti k\u00e4ytt\u00f6\u00f6ns\u00e4 OEE-j\u00e4rjestelm\u00e4n. Hy\u00f6tyn\u00e4 jopa 15 % kasvu nettotuotannossa! Lue koko tarina.\",\"breadcrumb\":{\"@id\":\"https:\\\/\\\/www.novotek.com\\\/fi\\\/asiakastarinat\\\/sandvik-srp\\\/#breadcrumb\"},\"inLanguage\":\"fi\",\"potentialAction\":[{\"@type\":\"ReadAction\",\"target\":[\"https:\\\/\\\/www.novotek.com\\\/fi\\\/asiakastarinat\\\/sandvik-srp\\\/\"]}]},{\"@type\":\"ImageObject\",\"inLanguage\":\"fi\",\"@id\":\"https:\\\/\\\/www.novotek.com\\\/fi\\\/asiakastarinat\\\/sandvik-srp\\\/#primaryimage\",\"url\":\"https:\\\/\\\/www.novotek.com\\\/fi\\\/wp-content\\\/uploads\\\/sites\\\/6\\\/Asiakastarinat\\\/SandvikSRP\\\/Sandvik-SRPn-nettotuotanto-kasvoi-15-RS-Productionin-avulla.png.webp\",\"contentUrl\":\"https:\\\/\\\/www.novotek.com\\\/fi\\\/wp-content\\\/uploads\\\/sites\\\/6\\\/Asiakastarinat\\\/SandvikSRP\\\/Sandvik-SRPn-nettotuotanto-kasvoi-15-RS-Productionin-avulla.png.webp\",\"width\":654,\"height\":440},{\"@type\":\"BreadcrumbList\",\"@id\":\"https:\\\/\\\/www.novotek.com\\\/fi\\\/asiakastarinat\\\/sandvik-srp\\\/#breadcrumb\",\"itemListElement\":[{\"@type\":\"ListItem\",\"position\":1,\"name\":\"Home\",\"item\":\"https:\\\/\\\/www.novotek.com\\\/fi\\\/\"},{\"@type\":\"ListItem\",\"position\":2,\"name\":\"Asiakastarinat\",\"item\":\"https:\\\/\\\/www.novotek.com\\\/fi\\\/asiakastarinat\\\/\"},{\"@type\":\"ListItem\",\"position\":3,\"name\":\"Sandvik SRP\"}]},{\"@type\":\"WebSite\",\"@id\":\"https:\\\/\\\/www.novotek.com\\\/fi\\\/#website\",\"url\":\"https:\\\/\\\/www.novotek.com\\\/fi\\\/\",\"name\":\"Novotek Finland\",\"description\":\"Teollisuuden digitalisaatio\",\"publisher\":{\"@id\":\"https:\\\/\\\/www.novotek.com\\\/fi\\\/#organization\"},\"potentialAction\":[{\"@type\":\"SearchAction\",\"target\":{\"@type\":\"EntryPoint\",\"urlTemplate\":\"https:\\\/\\\/www.novotek.com\\\/fi\\\/?s={search_term_string}\"},\"query-input\":{\"@type\":\"PropertyValueSpecification\",\"valueRequired\":true,\"valueName\":\"search_term_string\"}}],\"inLanguage\":\"fi\"},{\"@type\":\"Organization\",\"@id\":\"https:\\\/\\\/www.novotek.com\\\/fi\\\/#organization\",\"name\":\"Novotek Finland\",\"url\":\"https:\\\/\\\/www.novotek.com\\\/fi\\\/\",\"logo\":{\"@type\":\"ImageObject\",\"inLanguage\":\"fi\",\"@id\":\"https:\\\/\\\/www.novotek.com\\\/fi\\\/#\\\/schema\\\/logo\\\/image\\\/\",\"url\":\"https:\\\/\\\/www.novotek.com\\\/fi\\\/wp-content\\\/uploads\\\/sites\\\/6\\\/Logo\\\/novotek-symbol-rgb-pos.jpg\",\"contentUrl\":\"https:\\\/\\\/www.novotek.com\\\/fi\\\/wp-content\\\/uploads\\\/sites\\\/6\\\/Logo\\\/novotek-symbol-rgb-pos.jpg\",\"width\":864,\"height\":734,\"caption\":\"Novotek Finland\"},\"image\":{\"@id\":\"https:\\\/\\\/www.novotek.com\\\/fi\\\/#\\\/schema\\\/logo\\\/image\\\/\"},\"sameAs\":[\"https:\\\/\\\/fi.linkedin.com\\\/company\\\/novotek-oy\"]}]}<\/script>\n<!-- \/ Yoast SEO plugin. -->","yoast_head_json":{"title":"Sandvik SRP - Novotek Finland","description":"Asiakastarina. Sandvik SRP otti k\u00e4ytt\u00f6\u00f6ns\u00e4 OEE-j\u00e4rjestelm\u00e4n. Hy\u00f6tyn\u00e4 jopa 15 % kasvu nettotuotannossa! Lue koko tarina.","robots":{"index":"index","follow":"follow","max-snippet":"max-snippet:-1","max-image-preview":"max-image-preview:large","max-video-preview":"max-video-preview:-1"},"canonical":"https:\/\/www.novotek.com\/fi\/asiakastarinat\/sandvik-srp\/","og_locale":"fi_FI","og_type":"article","og_title":"Sandvik SRP - Novotek Finland","og_description":"Asiakastarina. Sandvik SRP otti k\u00e4ytt\u00f6\u00f6ns\u00e4 OEE-j\u00e4rjestelm\u00e4n. Hy\u00f6tyn\u00e4 jopa 15 % kasvu nettotuotannossa! Lue koko tarina.","og_url":"https:\/\/www.novotek.com\/fi\/asiakastarinat\/sandvik-srp\/","og_site_name":"Novotek Finland","article_modified_time":"2025-08-06T12:14:47+00:00","og_image":[{"url":"https:\/\/www.novotek.com\/fi\/wp-content\/uploads\/sites\/6\/Asiakastarinat\/SandvikSRP\/Sandvik-SRPn-nettotuotanto-kasvoi-15-RS-Productionin-avulla.png","type":"","width":"","height":""}],"twitter_card":"summary_large_image","twitter_misc":{"Arvioitu lukuaika":"2 minuuttia"},"schema":{"@context":"https:\/\/schema.org","@graph":[{"@type":"WebPage","@id":"https:\/\/www.novotek.com\/fi\/asiakastarinat\/sandvik-srp\/","url":"https:\/\/www.novotek.com\/fi\/asiakastarinat\/sandvik-srp\/","name":"Sandvik SRP - Novotek Finland","isPartOf":{"@id":"https:\/\/www.novotek.com\/fi\/#website"},"primaryImageOfPage":{"@id":"https:\/\/www.novotek.com\/fi\/asiakastarinat\/sandvik-srp\/#primaryimage"},"image":{"@id":"https:\/\/www.novotek.com\/fi\/asiakastarinat\/sandvik-srp\/#primaryimage"},"thumbnailUrl":"https:\/\/www.novotek.com\/fi\/wp-content\/uploads\/sites\/6\/Asiakastarinat\/SandvikSRP\/Sandvik-SRPn-nettotuotanto-kasvoi-15-RS-Productionin-avulla.png","datePublished":"2021-11-01T11:52:23+00:00","dateModified":"2025-08-06T12:14:47+00:00","description":"Asiakastarina. Sandvik SRP otti k\u00e4ytt\u00f6\u00f6ns\u00e4 OEE-j\u00e4rjestelm\u00e4n. Hy\u00f6tyn\u00e4 jopa 15 % kasvu nettotuotannossa! Lue koko tarina.","breadcrumb":{"@id":"https:\/\/www.novotek.com\/fi\/asiakastarinat\/sandvik-srp\/#breadcrumb"},"inLanguage":"fi","potentialAction":[{"@type":"ReadAction","target":["https:\/\/www.novotek.com\/fi\/asiakastarinat\/sandvik-srp\/"]}]},{"@type":"ImageObject","inLanguage":"fi","@id":"https:\/\/www.novotek.com\/fi\/asiakastarinat\/sandvik-srp\/#primaryimage","url":"https:\/\/www.novotek.com\/fi\/wp-content\/uploads\/sites\/6\/Asiakastarinat\/SandvikSRP\/Sandvik-SRPn-nettotuotanto-kasvoi-15-RS-Productionin-avulla.png.webp","contentUrl":"https:\/\/www.novotek.com\/fi\/wp-content\/uploads\/sites\/6\/Asiakastarinat\/SandvikSRP\/Sandvik-SRPn-nettotuotanto-kasvoi-15-RS-Productionin-avulla.png.webp","width":654,"height":440},{"@type":"BreadcrumbList","@id":"https:\/\/www.novotek.com\/fi\/asiakastarinat\/sandvik-srp\/#breadcrumb","itemListElement":[{"@type":"ListItem","position":1,"name":"Home","item":"https:\/\/www.novotek.com\/fi\/"},{"@type":"ListItem","position":2,"name":"Asiakastarinat","item":"https:\/\/www.novotek.com\/fi\/asiakastarinat\/"},{"@type":"ListItem","position":3,"name":"Sandvik SRP"}]},{"@type":"WebSite","@id":"https:\/\/www.novotek.com\/fi\/#website","url":"https:\/\/www.novotek.com\/fi\/","name":"Novotek Finland","description":"Teollisuuden digitalisaatio","publisher":{"@id":"https:\/\/www.novotek.com\/fi\/#organization"},"potentialAction":[{"@type":"SearchAction","target":{"@type":"EntryPoint","urlTemplate":"https:\/\/www.novotek.com\/fi\/?s={search_term_string}"},"query-input":{"@type":"PropertyValueSpecification","valueRequired":true,"valueName":"search_term_string"}}],"inLanguage":"fi"},{"@type":"Organization","@id":"https:\/\/www.novotek.com\/fi\/#organization","name":"Novotek Finland","url":"https:\/\/www.novotek.com\/fi\/","logo":{"@type":"ImageObject","inLanguage":"fi","@id":"https:\/\/www.novotek.com\/fi\/#\/schema\/logo\/image\/","url":"https:\/\/www.novotek.com\/fi\/wp-content\/uploads\/sites\/6\/Logo\/novotek-symbol-rgb-pos.jpg","contentUrl":"https:\/\/www.novotek.com\/fi\/wp-content\/uploads\/sites\/6\/Logo\/novotek-symbol-rgb-pos.jpg","width":864,"height":734,"caption":"Novotek Finland"},"image":{"@id":"https:\/\/www.novotek.com\/fi\/#\/schema\/logo\/image\/"},"sameAs":["https:\/\/fi.linkedin.com\/company\/novotek-oy"]}]}},"_links":{"self":[{"href":"https:\/\/www.novotek.com\/fi\/wp-json\/wp\/v2\/pages\/3735","targetHints":{"allow":["GET"]}}],"collection":[{"href":"https:\/\/www.novotek.com\/fi\/wp-json\/wp\/v2\/pages"}],"about":[{"href":"https:\/\/www.novotek.com\/fi\/wp-json\/wp\/v2\/types\/page"}],"author":[{"embeddable":true,"href":"https:\/\/www.novotek.com\/fi\/wp-json\/wp\/v2\/users\/24"}],"replies":[{"embeddable":true,"href":"https:\/\/www.novotek.com\/fi\/wp-json\/wp\/v2\/comments?post=3735"}],"version-history":[{"count":115,"href":"https:\/\/www.novotek.com\/fi\/wp-json\/wp\/v2\/pages\/3735\/revisions"}],"predecessor-version":[{"id":17281,"href":"https:\/\/www.novotek.com\/fi\/wp-json\/wp\/v2\/pages\/3735\/revisions\/17281"}],"up":[{"embeddable":true,"href":"https:\/\/www.novotek.com\/fi\/wp-json\/wp\/v2\/pages\/5483"}],"wp:attachment":[{"href":"https:\/\/www.novotek.com\/fi\/wp-json\/wp\/v2\/media?parent=3735"}],"curies":[{"name":"wp","href":"https:\/\/api.w.org\/{rel}","templated":true}]}}