{"id":3903,"date":"2020-05-01T12:00:00","date_gmt":"2020-05-01T12:00:00","guid":{"rendered":"https:\/\/www.novotek.com\/fi\/?page_id=3903"},"modified":"2025-08-06T14:05:19","modified_gmt":"2025-08-06T12:05:19","slug":"kopparberg","status":"publish","type":"page","link":"https:\/\/www.novotek.com\/fi\/asiakastarinat\/kopparberg\/","title":{"rendered":"Kopparberg"},"content":{"rendered":"  <div class=\"hero\">\n    <div class=\"carousel hero-slider small\" data-flickity data-flickity-options='{\"prevNextButtons\": false}'>\n              <div class=\"carousel-cell\">\n          <div class=\"container\">\n            <div class=\"hero-content\">\n                              <p><strong>Asiakastarina<\/strong><\/p>\n<p style=\"font-size: 52px;font-weight: bold\">Kopparberg<\/p>\n<p>&nbsp;<\/p>\n<p>Kopparberg kehitti tuotannon digitalisointia ja sai RS Production -ohjelmistosta ratkaisun laaduntarkkailuun ja tehokkuuden seurantaan.<\/p>\n              \n                          <\/div>\n          <\/div>\n\n          <img decoding=\"async\" width=\"1024\" height=\"427\" src=\"https:\/\/www.novotek.com\/fi\/wp-content\/uploads\/sites\/6\/Asiakastarinat\/Kopparberg\/DSF3575_duotonecyan_1920x800-1024x427.jpg\" class=\"hero-bg\" alt=\"Hero Img\" fetchpriority=\"high\" srcset=\"https:\/\/www.novotek.com\/fi\/wp-content\/uploads\/sites\/6\/Asiakastarinat\/Kopparberg\/DSF3575_duotonecyan_1920x800-1024x427.jpg 1024w, https:\/\/www.novotek.com\/fi\/wp-content\/uploads\/sites\/6\/Asiakastarinat\/Kopparberg\/DSF3575_duotonecyan_1920x800-300x125.jpg 300w, https:\/\/www.novotek.com\/fi\/wp-content\/uploads\/sites\/6\/Asiakastarinat\/Kopparberg\/DSF3575_duotonecyan_1920x800-768x320.jpg 768w, https:\/\/www.novotek.com\/fi\/wp-content\/uploads\/sites\/6\/Asiakastarinat\/Kopparberg\/DSF3575_duotonecyan_1920x800-1536x640.jpg 1536w, https:\/\/www.novotek.com\/fi\/wp-content\/uploads\/sites\/6\/Asiakastarinat\/Kopparberg\/DSF3575_duotonecyan_1920x800.jpg 1920w\" sizes=\"(max-width: 1024px) 100vw, 1024px\" \/>                  <\/div>\n          <\/div>\n\n      <\/div>\n\n   <div class=\"floating-breadcrumb\"><div class=\"container\"><span><span><a href=\"https:\/\/www.novotek.com\/fi\/\" class=\"breadcrumb-frontpage\">Home<\/a><\/span><\/span><\/div><\/div>\n\n\n<div class=\"container-md heading  \">\n<h1 class=\"wp-block-heading\" id=\"kopparbergin-laatupoikkeamat-vahenivat-68-rs-productionin-avulla\">Kopparbergin laatupoikkeamat v\u00e4heniv\u00e4t 68 % RS Productionin avulla  <\/h1>\n<\/div>\n\n<div class=\"container-md paragraph  \">\n<p><a href=\"https:\/\/kopparberg.com\/\" target=\"_blank\" rel=\"noreferrer noopener\"><strong>Kopparberg <\/strong><\/a>on siidereist\u00e4\u00e4n tunnettu ruotsalainen panimo. Panimo sijaitsee keskisess\u00e4 Ruotsissa Kopparbergiss\u00e4. Yhti\u00f6ll\u00e4 on pitk\u00e4t juuret pieness\u00e4, 4 000 asukkaan kaupungissa, jossa se on perustettu jo vuonna 1882. Kopparbergist\u00e4 on kasvanut Ruotsin suurin siideripanimo, ja onhan yhti\u00f6 tunnistettu toimija my\u00f6s Suomessa.&nbsp;<\/p>\n<\/div>\n\n<div class=\"container-md paragraph  \">\n<p><\/p>\n<\/div>\n\n<div class=\"container-md heading  \">\n<h2 class=\"wp-block-heading has-medium-font-size\" id=\"tuotantohavikki-haasteena-kansainvalisessa-viennissa\"><strong>Tuotantoh\u00e4vikki haasteena kansainv\u00e4lisess\u00e4 vienniss\u00e4 <\/strong><\/h2>\n<\/div>\n\n<div class=\"container-md paragraph  \">\n<p>Ruotsalaisen ruoka- ja juomatuotannon laatustandardit kuuluvat maailman korkeimpiin. Kansainv\u00e4linen vienti luo kuitenkin paljon haasteita alumiinit\u00f6lkeiss\u00e4 myyt\u00e4ville tuotteille. Virkistys- ja alkoholijuomien kansainv\u00e4liseen toimittamiseen nykyiset tuotantoprosessit eiv\u00e4t en\u00e4\u00e4 olleet riitt\u00e4vi\u00e4.<\/p>\n<\/div>\n\n<div class=\"container-md paragraph  \">\n<p>Pitk\u00e4t toimitusajat asettavat erityisi\u00e4 vaatimuksia sek\u00e4 pakkausmateriaaleille ett\u00e4 valmistusprosesseille. Yksikin pieni naarmu alumiinit\u00f6lkiss\u00e4 voi tuhota koko konttilastillisen \u2013 eik\u00e4 se&nbsp; pelk\u00e4st\u00e4\u00e4n tule kalliiksi, vaan vaikuttaa ymp\u00e4rist\u00f6\u00f6n, tuottaa j\u00e4tett\u00e4, eik\u00e4 asiakas saa tuotteitaan ajoissa.<\/p>\n<\/div>\n\n<div class=\"container-md paragraph  \">\n<p>Kopparbergin panimo teki perusteellisen juurisyyanalyysin ja riskiarvioinnin nykyisist\u00e4 ja mahdollisista tuotantovirheist\u00e4. Tarkoituksena oli v\u00e4hent\u00e4\u00e4 reklamaatioita, pienent\u00e4\u00e4 tuotannon hukkaa, ja ennen kaikkea varmistaa, ett\u00e4 kuluttaja saisi aina t\u00e4ydellisen tuotteen riippumatta siit\u00e4, miss\u00e4 p\u00e4in maailmaa h\u00e4n on. K\u00e4vi ilmi, ett\u00e4 tuotantoprosessit tarvitsivat standardointia, ja ett\u00e4 yhteisty\u00f6t\u00e4 toimittajien kanssa t\u00e4ytyi syvent\u00e4\u00e4. Analyysi osoitti my\u00f6s, kuinka t\u00e4rke\u00e4\u00e4 on puuttua kaikkiin poikkeavuuksiin ja hoitaa ne kuntoon tehokkaasti. Oli selv\u00e4\u00e4, ett\u00e4 koko tuotantoketjun t\u00e4ytyi olla j\u00e4ljitett\u00e4viss\u00e4.<\/p>\n<\/div>\n\n<div class=\"container-md paragraph  \">\n<p><\/p>\n<\/div>\n\n<div class=\"container-md image  \">\n<figure class=\"wp-block-image size-large is-resized\"><img loading=\"lazy\" decoding=\"async\" width=\"1024\" height=\"683\" src=\"https:\/\/www.novotek.com\/fi\/wp-content\/uploads\/sites\/6\/Asiakastarinat\/Kopparberg\/DSF3488-1024x683.jpg\" alt=\"Kopparbergin tehtaalla otettiin k\u00e4ytt\u00f6\u00f6n RS Production \" class=\"wp-image-3918\" style=\"width:840px;height:560px\" srcset=\"https:\/\/www.novotek.com\/fi\/wp-content\/uploads\/sites\/6\/Asiakastarinat\/Kopparberg\/DSF3488-1024x683.jpg 1024w, https:\/\/www.novotek.com\/fi\/wp-content\/uploads\/sites\/6\/Asiakastarinat\/Kopparberg\/DSF3488-300x200.jpg 300w, https:\/\/www.novotek.com\/fi\/wp-content\/uploads\/sites\/6\/Asiakastarinat\/Kopparberg\/DSF3488-768x512.jpg 768w, https:\/\/www.novotek.com\/fi\/wp-content\/uploads\/sites\/6\/Asiakastarinat\/Kopparberg\/DSF3488.jpg 1200w\" sizes=\"auto, (max-width: 1024px) 100vw, 1024px\" \/><figcaption class=\"wp-element-caption\"> Tuotannosta saatu data kootaan ja esitet\u00e4\u00e4n interaktiivisesti ja helposti ymm\u00e4rrett\u00e4v\u00e4ss\u00e4 muodossa. Kuva: Good Solutions<\/figcaption><\/figure>\n<\/div>\n\n<div class=\"container-md paragraph  \">\n<p><\/p>\n<\/div>\n\n<div class=\"container-md heading  \">\n<h2 class=\"wp-block-heading has-medium-font-size\" id=\"laaduntarkkailusta-ja-digitalisaatiosta-ratkaisu\">Laaduntarkkailusta ja digitalisaatiosta ratkaisu <\/h2>\n<\/div>\n\n<div class=\"container-md paragraph  \">\n<p>Kun tuotantotahti on jopa 78 000 t\u00f6lkki\u00e4 tunnissa, eiv\u00e4t perinteiset, kamerapohjaiset seurantaj\u00e4rjestelm\u00e4t riit\u00e4. Tilastollisten mallien, riskien ja juurisyyanalyysin perusteella ISO-standardointi ja liiketoiminnan tiedot yhdistettiin paremmaksi laaduntarkkailuksi. Uuden toimintatavan esitteleminen perinteisesti papereilla ja kynill\u00e4 olisi ollut mahdotonta. Ratkaisuna oli laaja-alainen digitalisaatio.<\/p>\n<\/div>\n\n<div class=\"container-md paragraph  \">\n<p>Jotta Kopparbergs Bryggeri voisi saavuttaa strategiset tavoitteensa, <a href=\"https:\/\/www.novotek.com\/fi\/ratkaisut-ja-tuotteet\/knl-oee\/rs-production\/\">RS Production<\/a> -yhteisty\u00f6t\u00e4 syvennettiin. Teknisten vaatimusten lis\u00e4ksi Kopparbergin panimo koki RS Productionin ohjelmistoratkaisujen helpon k\u00e4ytett\u00e4vyyden ja skaalautuvuuden suureksi eduksi.<\/p>\n<\/div>\n\n<div class=\"container-md paragraph  \">\n<p>RS Productionin kautta operaattorit p\u00e4\u00e4sev\u00e4t nyt k\u00e4siksi helppok\u00e4ytt\u00f6isiin laaduntarkkailun ja tuotannon seurannan ohjeisiin. Tuotannon data yhdistet\u00e4\u00e4n ja esitet\u00e4\u00e4n interaktiivisissa ja helposti ymm\u00e4rrett\u00e4viss\u00e4 raporteissa, joita k\u00e4ytet\u00e4\u00e4n sek\u00e4 tuotannon p\u00e4ivitt\u00e4isess\u00e4 p\u00e4\u00e4t\u00f6ksenteossa ett\u00e4 hallinnon puolella strategisten p\u00e4\u00e4t\u00f6sten tukena.<\/p>\n<\/div>\n\n<div class=\"container-md image  \">\n<figure class=\"wp-block-image size-large is-resized\"><img loading=\"lazy\" decoding=\"async\" width=\"1024\" height=\"683\" src=\"https:\/\/www.novotek.com\/fi\/wp-content\/uploads\/sites\/6\/DSF3453-1024x683.jpg\" alt=\"RS Production on helppok\u00e4ytt\u00f6inen ja selke\u00e4.\" class=\"wp-image-3941\" style=\"width:704px;height:469px\" srcset=\"https:\/\/www.novotek.com\/fi\/wp-content\/uploads\/sites\/6\/DSF3453-1024x683.jpg 1024w, https:\/\/www.novotek.com\/fi\/wp-content\/uploads\/sites\/6\/DSF3453-300x200.jpg 300w, https:\/\/www.novotek.com\/fi\/wp-content\/uploads\/sites\/6\/DSF3453-768x512.jpg 768w, https:\/\/www.novotek.com\/fi\/wp-content\/uploads\/sites\/6\/DSF3453.jpg 1200w\" sizes=\"auto, (max-width: 1024px) 100vw, 1024px\" \/><figcaption class=\"wp-element-caption\">Ohjelmisto on helppok\u00e4ytt\u00f6inen ja selke\u00e4. Kuva: Good Solutions<\/figcaption><\/figure>\n<\/div>\n\n<div class=\"container-md paragraph  \">\n<p><\/p>\n<\/div>\n\n<div class=\"container-md heading  \">\n<h2 class=\"wp-block-heading\" id=\"laatupoikkeamat-ja-kustannukset-alas\">Laatupoikkeamat ja kustannukset alas<\/h2>\n<\/div>\n\n<div class=\"container-md paragraph  \">\n<p>Vain muutamassa kuukaudessa Kopparbergin laatupoikkeamista aiheutuneet kustannukset alenivat. Vaikka yhti\u00f6 ei aiemminkaan k\u00e4rsinyt suurista poikkeamista laadussa, v\u00e4heniv\u00e4t ne edelleen per\u00e4ti 68 prosenttia!<\/p>\n<\/div>\n\n<div class=\"container-md paragraph  \">\n<p>Helppok\u00e4ytt\u00f6inen j\u00e4rjestelm\u00e4 ja sulava p\u00e4\u00e4sy oikeaan informaatioon mahdollistivat yhdess\u00e4 n\u00e4kym\u00e4n jokaiseen prosessin vaiheeseen. Henkil\u00f6st\u00f6 voi nyt turvallisesti p\u00e4\u00e4tt\u00e4\u00e4, onko tuote hyv\u00e4ksytt\u00e4v\u00e4 vai ei.&nbsp;<\/p>\n<\/div>\n\n<div class=\"container-md paragraph  \">\n<p>Siirtyminen laajoihin, RS Productionin digitaalisesti kuitattuihin ja dokumentoituihin laaduntarkastuksiin on selv\u00e4sti v\u00e4hent\u00e4nyt Kopparbergs Bryggerin riski\u00e4 tuottaa vaatimukset t\u00e4ytt\u00e4m\u00e4tt\u00f6mi\u00e4 tuotteita.<\/p>\n<\/div>\n\n<div class=\"container-md paragraph  \">\n<p>Kun laatu on taattu kaikilla tasoilla, Kopparbergs Bryggeri voi jatkaa kansainv\u00e4list\u00e4 kasvutarinaansa. RS Production mahdollistaa Kopperbergille t\u00e4yden tuotannon hallinnan, entist\u00e4 paremman tuottavuuden ja antaa oman panoksensa aitoihin Kopperbergin makuisiin siidereihin, oluisiin ja virvoitusjuomiin. Riippumatta siit\u00e4, miss\u00e4 p\u00e4in maailmaa juomasi nautit.<\/p>\n<\/div>\n\n<div class=\"container-md image  \">\n<figure class=\"wp-block-image size-large\"><img loading=\"lazy\" decoding=\"async\" width=\"1024\" height=\"683\" src=\"https:\/\/www.novotek.com\/fi\/wp-content\/uploads\/sites\/6\/Asiakastarinat\/Kopparberg\/DSF3611-1024x683.jpg\" alt=\"RS Production avulla tiedet\u00e4\u00e4n mit\u00e4 tuotannossa tapahtuu ja siten pystyt\u00e4\u00e4n parantamaan kannattavuutta.\" class=\"wp-image-3919\" srcset=\"https:\/\/www.novotek.com\/fi\/wp-content\/uploads\/sites\/6\/Asiakastarinat\/Kopparberg\/DSF3611-1024x683.jpg 1024w, https:\/\/www.novotek.com\/fi\/wp-content\/uploads\/sites\/6\/Asiakastarinat\/Kopparberg\/DSF3611-300x200.jpg 300w, https:\/\/www.novotek.com\/fi\/wp-content\/uploads\/sites\/6\/Asiakastarinat\/Kopparberg\/DSF3611-768x512.jpg 768w, https:\/\/www.novotek.com\/fi\/wp-content\/uploads\/sites\/6\/Asiakastarinat\/Kopparberg\/DSF3611.jpg 1200w\" sizes=\"auto, (max-width: 1024px) 100vw, 1024px\" \/><figcaption class=\"wp-element-caption\">RS Production avulla tiedet\u00e4\u00e4n mit\u00e4 tuotannossa tapahtuu ja siten pystyt\u00e4\u00e4n parantamaan kannattavuutta. Kuva: Good Solutions<\/figcaption><\/figure>\n<\/div>\n\n<div class=\"container-md paragraph  \">\n<p><\/p>\n<\/div>\n\n<div class=\"container-md quote  \">\n<blockquote class=\"wp-block-quote is-layout-flow wp-block-quote-is-layout-flow\"><div class=\"container-md paragraph  \">\n<p>RS Production -yhteisty\u00f6mme on yksi kannattavimmista investoinneistamme, joita olemme tuotannossamme tehneet. Poikkeamien minimoinnilla ja laadun maksimoinnilla voimme t\u00e4ytt\u00e4\u00e4 korkeat kansainv\u00e4liset vaatimukset kansainv\u00e4lisess\u00e4 vienniss\u00e4.<\/p>\n<\/div><cite>Fredrik Karlsson, tuotantop\u00e4\u00e4llikk\u00f6, Kopparberg Brygger<\/cite><\/blockquote>\n<\/div>\n\n  <div class=\"slider-column-parent\">\n    <div class=\"container\">\n      <div class=\"slider-column-title\">Lis\u00e4tietoja<\/div>\n\n      <div class=\"row\">\n        <div class=\"col-12 col-md-4\"><div class=\"column-box\">\n      <div class=\"icon \">\n      <img loading=\"lazy\" decoding=\"async\" width=\"150\" height=\"150\" src=\"https:\/\/www.novotek.com\/fi\/wp-content\/uploads\/sites\/6\/Icons\/Ikon-speedometer_-150x150.png.webp\" class=\"attachment-thumbnail size-thumbnail\" alt=\"icon: tehokkuus\" srcset=\"https:\/\/www.novotek.com\/fi\/wp-content\/uploads\/sites\/6\/Icons\/Ikon-speedometer_-150x150.png.webp 150w, https:\/\/www.novotek.com\/fi\/wp-content\/uploads\/sites\/6\/Icons\/Ikon-speedometer_.png.webp 300w\" sizes=\"auto, (max-width: 150px) 100vw, 150px\" \/>    <\/div>\n  \n      <div class=\"title\">\n      RS Production    <\/div>\n  \n      <div class=\"text\">\n      <p><span class=\"Y2IQFc\" lang=\"fi\">Laske OEE automaattisesti RS Production -ohjelmistolla.<\/span><\/p>\n<p>&nbsp;<\/p>\n    <\/div>\n  \n      <a class=\"link\"  href=\"https:\/\/www.novotek.com\/fi\/ratkaisut-ja-tuotteet\/knl-oee\/rs-production\/\" target=\"_blank\">\n      Lue lis\u00e4\u00e4    <\/a>\n  \n  <\/div>\n\n<\/div><div class=\"col-12 col-md-4\"><div class=\"column-box\">\n      <div class=\"icon \">\n      <img loading=\"lazy\" decoding=\"async\" width=\"150\" height=\"150\" src=\"https:\/\/www.novotek.com\/fi\/wp-content\/uploads\/sites\/6\/Icons\/heart-329-150x150.png\" class=\"attachment-thumbnail size-thumbnail\" alt=\"heart icon\" srcset=\"https:\/\/www.novotek.com\/fi\/wp-content\/uploads\/sites\/6\/Icons\/heart-329-150x150.png 150w, https:\/\/www.novotek.com\/fi\/wp-content\/uploads\/sites\/6\/Icons\/heart-329-300x300.png 300w, https:\/\/www.novotek.com\/fi\/wp-content\/uploads\/sites\/6\/Icons\/heart-329.png 384w\" sizes=\"auto, (max-width: 150px) 100vw, 150px\" \/>    <\/div>\n  \n      <div class=\"title\">\n      Asiakastarina    <\/div>\n  \n      <div class=\"text\">\n      <p>Nykyaikaisen OEE-j\u00e4rjestelm\u00e4n avulla Brunberg pystyy seuraamaan tuotannon tehokkuutta luotettavasti ja reaaliaikaisesti.<\/p>\n    <\/div>\n  \n      <a class=\"link\"  href=\"https:\/\/www.novotek.com\/fi\/asiakastarinat\/brunberg\/\" target=\"\">\n      Lue asiakastarina    <\/a>\n  \n  <\/div>\n\n<\/div><div class=\"col-12 col-md-4\"><div class=\"column-box\">\n      <div class=\"icon \">\n      <img loading=\"lazy\" decoding=\"async\" width=\"150\" height=\"150\" src=\"https:\/\/www.novotek.com\/fi\/wp-content\/uploads\/sites\/6\/Icons\/Icon_DataSheet-300x300-1-150x150.png\" class=\"attachment-thumbnail size-thumbnail\" alt=\"DataSheet\" srcset=\"https:\/\/www.novotek.com\/fi\/wp-content\/uploads\/sites\/6\/Icons\/Icon_DataSheet-300x300-1-150x150.png 150w, https:\/\/www.novotek.com\/fi\/wp-content\/uploads\/sites\/6\/Icons\/Icon_DataSheet-300x300-1.png 300w\" sizes=\"auto, (max-width: 150px) 100vw, 150px\" \/>    <\/div>\n  \n      <div class=\"title\">\n      Blogi    <\/div>\n  \n      <div class=\"text\">\n      <p>Ota tuotannon pullonkaulat haltuun OEE:n avulla.<\/p>\n    <\/div>\n  \n      <a class=\"link\"  href=\"https:\/\/www.novotek.com\/fi\/insight\/ota-tuotannon-pullonkaulat-haltuun-oeen-avulla\/\" target=\"_blank\">\n      Lue blogi    <\/a>\n  \n  <\/div>\n\n<\/div>      <\/div>\n    <\/div>\n  <\/div>\n\n\n<div class=\"cta-block\">\n  <div class=\"container\">\n          <h2>Kerromme mielell\u00e4mme lis\u00e4\u00e4!<\/h2>\n    \n          <div><p>Myyntimme ja asiantuntijamme auttavat sinua l\u00f6yt\u00e4m\u00e4\u00e4n parhaan ratkaisun haasteeseesi ja ymp\u00e4rist\u00f6\u00f6si.<\/p>\n<\/div>\n    \n          <a class=\"btn btn-primary\" href=\"https:\/\/www.novotek.com\/fi\/ota-yhteytta\/\">Ota yhteytt\u00e4<\/a>\n      <\/div>\n<\/div>\n","protected":false},"excerpt":{"rendered":"<p>Kopparbergin laatupoikkeamat v\u00e4heniv\u00e4t 68 % RS Production k\u00e4ytt\u00f6\u00f6noton j\u00e4lkeen. <\/p>\n","protected":false},"author":24,"featured_media":0,"parent":5483,"menu_order":3,"comment_status":"closed","ping_status":"closed","template":"","meta":{"_acf_changed":false,"_relevanssi_hide_post":"","_relevanssi_pin_for_all":"","_relevanssi_pin_keywords":"","_relevanssi_unpin_keywords":"","_relevanssi_related_keywords":"","_relevanssi_related_include_ids":"","_relevanssi_related_exclude_ids":"","_relevanssi_related_no_append":"","_relevanssi_related_not_related":"","_relevanssi_related_posts":"1849,3312,2010,3148,1","_relevanssi_noindex_reason":"","footnotes":""},"class_list":["post-3903","page","type-page","status-publish","hentry"],"acf":[],"yoast_head":"<!-- This site is optimized with the Yoast SEO plugin v27.3 - https:\/\/yoast.com\/product\/yoast-seo-wordpress\/ -->\n<title>Kopparberg - Novotek Finland<\/title>\n<meta name=\"description\" content=\"Kopparberg kehitti tuotannon digitalisointia ja sai RS Production -ohjelmistosta ratkaisun laaduntarkkailuun ja tehokkuuden seurantaan.\" \/>\n<meta name=\"robots\" content=\"index, follow, max-snippet:-1, max-image-preview:large, max-video-preview:-1\" \/>\n<link rel=\"canonical\" href=\"https:\/\/www.novotek.com\/fi\/asiakastarinat\/kopparberg\/\" \/>\n<meta property=\"og:locale\" content=\"fi_FI\" \/>\n<meta property=\"og:type\" content=\"article\" \/>\n<meta property=\"og:title\" content=\"Kopparberg - Novotek Finland\" \/>\n<meta property=\"og:description\" content=\"Kopparberg kehitti tuotannon digitalisointia ja sai RS Production -ohjelmistosta ratkaisun laaduntarkkailuun ja tehokkuuden seurantaan.\" \/>\n<meta property=\"og:url\" content=\"https:\/\/www.novotek.com\/fi\/asiakastarinat\/kopparberg\/\" \/>\n<meta property=\"og:site_name\" content=\"Novotek Finland\" \/>\n<meta property=\"article:modified_time\" content=\"2025-08-06T12:05:19+00:00\" \/>\n<meta property=\"og:image\" content=\"https:\/\/www.novotek.com\/fi\/wp-content\/uploads\/sites\/6\/Asiakastarinat\/Kopparberg\/DSF3488-1024x683.jpg\" \/>\n<meta name=\"twitter:card\" content=\"summary_large_image\" \/>\n<meta name=\"twitter:label1\" content=\"Arvioitu lukuaika\" \/>\n\t<meta name=\"twitter:data1\" content=\"3 minuuttia\" \/>\n<script type=\"application\/ld+json\" class=\"yoast-schema-graph\">{\"@context\":\"https:\\\/\\\/schema.org\",\"@graph\":[{\"@type\":\"WebPage\",\"@id\":\"https:\\\/\\\/www.novotek.com\\\/fi\\\/asiakastarinat\\\/kopparberg\\\/\",\"url\":\"https:\\\/\\\/www.novotek.com\\\/fi\\\/asiakastarinat\\\/kopparberg\\\/\",\"name\":\"Kopparberg - Novotek Finland\",\"isPartOf\":{\"@id\":\"https:\\\/\\\/www.novotek.com\\\/fi\\\/#website\"},\"primaryImageOfPage\":{\"@id\":\"https:\\\/\\\/www.novotek.com\\\/fi\\\/asiakastarinat\\\/kopparberg\\\/#primaryimage\"},\"image\":{\"@id\":\"https:\\\/\\\/www.novotek.com\\\/fi\\\/asiakastarinat\\\/kopparberg\\\/#primaryimage\"},\"thumbnailUrl\":\"https:\\\/\\\/www.novotek.com\\\/fi\\\/wp-content\\\/uploads\\\/sites\\\/6\\\/Asiakastarinat\\\/Kopparberg\\\/DSF3488-1024x683.jpg\",\"datePublished\":\"2020-05-01T12:00:00+00:00\",\"dateModified\":\"2025-08-06T12:05:19+00:00\",\"description\":\"Kopparberg kehitti tuotannon digitalisointia ja sai RS Production -ohjelmistosta ratkaisun laaduntarkkailuun ja tehokkuuden seurantaan.\",\"breadcrumb\":{\"@id\":\"https:\\\/\\\/www.novotek.com\\\/fi\\\/asiakastarinat\\\/kopparberg\\\/#breadcrumb\"},\"inLanguage\":\"fi\",\"potentialAction\":[{\"@type\":\"ReadAction\",\"target\":[\"https:\\\/\\\/www.novotek.com\\\/fi\\\/asiakastarinat\\\/kopparberg\\\/\"]}]},{\"@type\":\"ImageObject\",\"inLanguage\":\"fi\",\"@id\":\"https:\\\/\\\/www.novotek.com\\\/fi\\\/asiakastarinat\\\/kopparberg\\\/#primaryimage\",\"url\":\"https:\\\/\\\/www.novotek.com\\\/fi\\\/wp-content\\\/uploads\\\/sites\\\/6\\\/Asiakastarinat\\\/Kopparberg\\\/DSF3488.jpg\",\"contentUrl\":\"https:\\\/\\\/www.novotek.com\\\/fi\\\/wp-content\\\/uploads\\\/sites\\\/6\\\/Asiakastarinat\\\/Kopparberg\\\/DSF3488.jpg\",\"width\":1200,\"height\":800},{\"@type\":\"BreadcrumbList\",\"@id\":\"https:\\\/\\\/www.novotek.com\\\/fi\\\/asiakastarinat\\\/kopparberg\\\/#breadcrumb\",\"itemListElement\":[{\"@type\":\"ListItem\",\"position\":1,\"name\":\"Home\",\"item\":\"https:\\\/\\\/www.novotek.com\\\/fi\\\/\"},{\"@type\":\"ListItem\",\"position\":2,\"name\":\"Asiakastarinat\",\"item\":\"https:\\\/\\\/www.novotek.com\\\/fi\\\/asiakastarinat\\\/\"},{\"@type\":\"ListItem\",\"position\":3,\"name\":\"Kopparberg\"}]},{\"@type\":\"WebSite\",\"@id\":\"https:\\\/\\\/www.novotek.com\\\/fi\\\/#website\",\"url\":\"https:\\\/\\\/www.novotek.com\\\/fi\\\/\",\"name\":\"Novotek Finland\",\"description\":\"Teollisuuden digitalisaatio\",\"publisher\":{\"@id\":\"https:\\\/\\\/www.novotek.com\\\/fi\\\/#organization\"},\"potentialAction\":[{\"@type\":\"SearchAction\",\"target\":{\"@type\":\"EntryPoint\",\"urlTemplate\":\"https:\\\/\\\/www.novotek.com\\\/fi\\\/?s={search_term_string}\"},\"query-input\":{\"@type\":\"PropertyValueSpecification\",\"valueRequired\":true,\"valueName\":\"search_term_string\"}}],\"inLanguage\":\"fi\"},{\"@type\":\"Organization\",\"@id\":\"https:\\\/\\\/www.novotek.com\\\/fi\\\/#organization\",\"name\":\"Novotek Finland\",\"url\":\"https:\\\/\\\/www.novotek.com\\\/fi\\\/\",\"logo\":{\"@type\":\"ImageObject\",\"inLanguage\":\"fi\",\"@id\":\"https:\\\/\\\/www.novotek.com\\\/fi\\\/#\\\/schema\\\/logo\\\/image\\\/\",\"url\":\"https:\\\/\\\/www.novotek.com\\\/fi\\\/wp-content\\\/uploads\\\/sites\\\/6\\\/Logo\\\/novotek-symbol-rgb-pos.jpg\",\"contentUrl\":\"https:\\\/\\\/www.novotek.com\\\/fi\\\/wp-content\\\/uploads\\\/sites\\\/6\\\/Logo\\\/novotek-symbol-rgb-pos.jpg\",\"width\":864,\"height\":734,\"caption\":\"Novotek Finland\"},\"image\":{\"@id\":\"https:\\\/\\\/www.novotek.com\\\/fi\\\/#\\\/schema\\\/logo\\\/image\\\/\"},\"sameAs\":[\"https:\\\/\\\/fi.linkedin.com\\\/company\\\/novotek-oy\"]}]}<\/script>\n<!-- \/ Yoast SEO plugin. -->","yoast_head_json":{"title":"Kopparberg - Novotek Finland","description":"Kopparberg kehitti tuotannon digitalisointia ja sai RS Production -ohjelmistosta ratkaisun laaduntarkkailuun ja tehokkuuden seurantaan.","robots":{"index":"index","follow":"follow","max-snippet":"max-snippet:-1","max-image-preview":"max-image-preview:large","max-video-preview":"max-video-preview:-1"},"canonical":"https:\/\/www.novotek.com\/fi\/asiakastarinat\/kopparberg\/","og_locale":"fi_FI","og_type":"article","og_title":"Kopparberg - Novotek Finland","og_description":"Kopparberg kehitti tuotannon digitalisointia ja sai RS Production -ohjelmistosta ratkaisun laaduntarkkailuun ja tehokkuuden seurantaan.","og_url":"https:\/\/www.novotek.com\/fi\/asiakastarinat\/kopparberg\/","og_site_name":"Novotek Finland","article_modified_time":"2025-08-06T12:05:19+00:00","og_image":[{"url":"https:\/\/www.novotek.com\/fi\/wp-content\/uploads\/sites\/6\/Asiakastarinat\/Kopparberg\/DSF3488-1024x683.jpg","type":"","width":"","height":""}],"twitter_card":"summary_large_image","twitter_misc":{"Arvioitu lukuaika":"3 minuuttia"},"schema":{"@context":"https:\/\/schema.org","@graph":[{"@type":"WebPage","@id":"https:\/\/www.novotek.com\/fi\/asiakastarinat\/kopparberg\/","url":"https:\/\/www.novotek.com\/fi\/asiakastarinat\/kopparberg\/","name":"Kopparberg - Novotek Finland","isPartOf":{"@id":"https:\/\/www.novotek.com\/fi\/#website"},"primaryImageOfPage":{"@id":"https:\/\/www.novotek.com\/fi\/asiakastarinat\/kopparberg\/#primaryimage"},"image":{"@id":"https:\/\/www.novotek.com\/fi\/asiakastarinat\/kopparberg\/#primaryimage"},"thumbnailUrl":"https:\/\/www.novotek.com\/fi\/wp-content\/uploads\/sites\/6\/Asiakastarinat\/Kopparberg\/DSF3488-1024x683.jpg","datePublished":"2020-05-01T12:00:00+00:00","dateModified":"2025-08-06T12:05:19+00:00","description":"Kopparberg kehitti tuotannon digitalisointia ja sai RS Production -ohjelmistosta ratkaisun laaduntarkkailuun ja tehokkuuden seurantaan.","breadcrumb":{"@id":"https:\/\/www.novotek.com\/fi\/asiakastarinat\/kopparberg\/#breadcrumb"},"inLanguage":"fi","potentialAction":[{"@type":"ReadAction","target":["https:\/\/www.novotek.com\/fi\/asiakastarinat\/kopparberg\/"]}]},{"@type":"ImageObject","inLanguage":"fi","@id":"https:\/\/www.novotek.com\/fi\/asiakastarinat\/kopparberg\/#primaryimage","url":"https:\/\/www.novotek.com\/fi\/wp-content\/uploads\/sites\/6\/Asiakastarinat\/Kopparberg\/DSF3488.jpg","contentUrl":"https:\/\/www.novotek.com\/fi\/wp-content\/uploads\/sites\/6\/Asiakastarinat\/Kopparberg\/DSF3488.jpg","width":1200,"height":800},{"@type":"BreadcrumbList","@id":"https:\/\/www.novotek.com\/fi\/asiakastarinat\/kopparberg\/#breadcrumb","itemListElement":[{"@type":"ListItem","position":1,"name":"Home","item":"https:\/\/www.novotek.com\/fi\/"},{"@type":"ListItem","position":2,"name":"Asiakastarinat","item":"https:\/\/www.novotek.com\/fi\/asiakastarinat\/"},{"@type":"ListItem","position":3,"name":"Kopparberg"}]},{"@type":"WebSite","@id":"https:\/\/www.novotek.com\/fi\/#website","url":"https:\/\/www.novotek.com\/fi\/","name":"Novotek Finland","description":"Teollisuuden digitalisaatio","publisher":{"@id":"https:\/\/www.novotek.com\/fi\/#organization"},"potentialAction":[{"@type":"SearchAction","target":{"@type":"EntryPoint","urlTemplate":"https:\/\/www.novotek.com\/fi\/?s={search_term_string}"},"query-input":{"@type":"PropertyValueSpecification","valueRequired":true,"valueName":"search_term_string"}}],"inLanguage":"fi"},{"@type":"Organization","@id":"https:\/\/www.novotek.com\/fi\/#organization","name":"Novotek Finland","url":"https:\/\/www.novotek.com\/fi\/","logo":{"@type":"ImageObject","inLanguage":"fi","@id":"https:\/\/www.novotek.com\/fi\/#\/schema\/logo\/image\/","url":"https:\/\/www.novotek.com\/fi\/wp-content\/uploads\/sites\/6\/Logo\/novotek-symbol-rgb-pos.jpg","contentUrl":"https:\/\/www.novotek.com\/fi\/wp-content\/uploads\/sites\/6\/Logo\/novotek-symbol-rgb-pos.jpg","width":864,"height":734,"caption":"Novotek Finland"},"image":{"@id":"https:\/\/www.novotek.com\/fi\/#\/schema\/logo\/image\/"},"sameAs":["https:\/\/fi.linkedin.com\/company\/novotek-oy"]}]}},"_links":{"self":[{"href":"https:\/\/www.novotek.com\/fi\/wp-json\/wp\/v2\/pages\/3903","targetHints":{"allow":["GET"]}}],"collection":[{"href":"https:\/\/www.novotek.com\/fi\/wp-json\/wp\/v2\/pages"}],"about":[{"href":"https:\/\/www.novotek.com\/fi\/wp-json\/wp\/v2\/types\/page"}],"author":[{"embeddable":true,"href":"https:\/\/www.novotek.com\/fi\/wp-json\/wp\/v2\/users\/24"}],"replies":[{"embeddable":true,"href":"https:\/\/www.novotek.com\/fi\/wp-json\/wp\/v2\/comments?post=3903"}],"version-history":[{"count":87,"href":"https:\/\/www.novotek.com\/fi\/wp-json\/wp\/v2\/pages\/3903\/revisions"}],"predecessor-version":[{"id":17292,"href":"https:\/\/www.novotek.com\/fi\/wp-json\/wp\/v2\/pages\/3903\/revisions\/17292"}],"up":[{"embeddable":true,"href":"https:\/\/www.novotek.com\/fi\/wp-json\/wp\/v2\/pages\/5483"}],"wp:attachment":[{"href":"https:\/\/www.novotek.com\/fi\/wp-json\/wp\/v2\/media?parent=3903"}],"curies":[{"name":"wp","href":"https:\/\/api.w.org\/{rel}","templated":true}]}}