{"id":4069,"date":"2019-01-18T11:56:00","date_gmt":"2019-01-18T11:56:00","guid":{"rendered":"https:\/\/www.novotek.com\/fi\/?page_id=4069"},"modified":"2025-12-09T12:40:07","modified_gmt":"2025-12-09T10:40:07","slug":"teampac","status":"publish","type":"page","link":"https:\/\/www.novotek.com\/fi\/asiakastarinat\/teampac\/","title":{"rendered":"Teampac"},"content":{"rendered":"  <div class=\"hero\">\n    <div class=\"carousel hero-slider small\" data-flickity data-flickity-options='{\"prevNextButtons\": false}'>\n              <div class=\"carousel-cell\">\n          <div class=\"container\">\n            <div class=\"hero-content\">\n                              <p><strong>Asiakastarina<\/strong><\/p>\n<p style=\"font-size: 42px;font-weight: bold\">Teampac<\/p>\n<p>&nbsp;<\/p>\n<p>Tuotannossaan Teampac k\u00e4ytt\u00e4\u00e4 Novotekin toimittamaa ROB-EX -tuotannon- suunnitteluohjelmistoa. Ohjelmiston avulla tuotantoa on t\u00e4h\u00e4n menness\u00e4 voitu kasvattaa noin 40 % henkil\u00f6st\u00f6resursseja lis\u00e4\u00e4m\u00e4tt\u00e4.<\/p>\n              \n                          <\/div>\n          <\/div>\n\n          <img decoding=\"async\" width=\"1024\" height=\"427\" src=\"https:\/\/www.novotek.com\/fi\/wp-content\/uploads\/sites\/6\/Asiakastarinat\/Teampac\/Novotek_Teampac-duotone_1920x800-1024x427.jpg.webp\" class=\"hero-bg\" alt=\"Hero Img\" fetchpriority=\"high\" srcset=\"https:\/\/www.novotek.com\/fi\/wp-content\/uploads\/sites\/6\/Asiakastarinat\/Teampac\/Novotek_Teampac-duotone_1920x800-1024x427.jpg.webp 1024w, https:\/\/www.novotek.com\/fi\/wp-content\/uploads\/sites\/6\/Asiakastarinat\/Teampac\/Novotek_Teampac-duotone_1920x800-300x125.jpg.webp 300w, https:\/\/www.novotek.com\/fi\/wp-content\/uploads\/sites\/6\/Asiakastarinat\/Teampac\/Novotek_Teampac-duotone_1920x800-768x320.jpg.webp 768w, https:\/\/www.novotek.com\/fi\/wp-content\/uploads\/sites\/6\/Asiakastarinat\/Teampac\/Novotek_Teampac-duotone_1920x800-1536x640.jpg.webp 1536w, https:\/\/www.novotek.com\/fi\/wp-content\/uploads\/sites\/6\/Asiakastarinat\/Teampac\/Novotek_Teampac-duotone_1920x800.jpg.webp 1920w\" sizes=\"(max-width: 1024px) 100vw, 1024px\" \/>                  <\/div>\n          <\/div>\n\n      <\/div>\n\n   <div class=\"floating-breadcrumb\"><div class=\"container\"><span><span><a href=\"https:\/\/www.novotek.com\/fi\/\" class=\"breadcrumb-frontpage\">Home<\/a><\/span><\/span><\/div><\/div>\n\n\n<div class=\"container-md spacer  \">\n<div style=\"height:24px\" aria-hidden=\"true\" class=\"wp-block-spacer\"><\/div>\n<\/div>\n\n<div class=\"container-md heading  \">\n<h1 class=\"wp-block-heading\" id=\"teampac-on-voinut-kasvattaa-tuotantoaan-henkilostoresursseja-lisaamatta\">Teampac kasvatti tuotantoaan henkil\u00f6st\u00f6resursseja lis\u00e4\u00e4m\u00e4tt\u00e4<\/h1>\n<\/div>\n\n<div class=\"container-md spacer  \">\n<div style=\"height:24px\" aria-hidden=\"true\" class=\"wp-block-spacer\"><\/div>\n<\/div>\n\n<div class=\"container-md paragraph  \">\n<p><strong><a href=\"https:\/\/teampac.com\/\" target=\"_blank\" rel=\"noreferrer noopener nofollow\">Teampac<\/a><\/strong> on suomalainen terveydenhuollon, kosmetiikaan ja hygieniatuotteiden sopimusvalmistaja. L\u00e4\u00e4kinn\u00e4llisten nestepohjaisten tuotteiden sopimusvalmistajana se on Pohjoismaiden suurin toimija. Tuotannossaan yritys k\u00e4ytt\u00e4\u00e4 Novotekin toimittamaa <strong><a href=\"https:\/\/www.novotek.com\/fi\/etusivu\/ratkaisut-ja-tuotteet\/tuotannonsuunnittelu\/rob-ex-scheduler\/\">Proficy Scheduler ROB-EX -tuotannonsuunnitteluohjelmistoa.<\/a><\/strong><\/p>\n<\/div>\n\n<div class=\"container-md paragraph  \">\n<p><\/p>\n<\/div>\n\n<div class=\"container-md image  \">\n<figure class=\"wp-block-image size-large\"><img loading=\"lazy\" decoding=\"async\" width=\"1024\" height=\"572\" src=\"https:\/\/www.novotek.com\/fi\/wp-content\/uploads\/sites\/6\/Asiakastarinat\/Teampac\/Novotek_Teampac-3-1024x572.jpg\" alt=\"\" class=\"wp-image-4159\" \/><figcaption class=\"wp-element-caption\">Teampac tuotantolinjasto. Kuva Teampac Oy<\/figcaption><\/figure>\n<\/div>\n\n<div class=\"container-md spacer  \">\n<div style=\"height:40px\" aria-hidden=\"true\" class=\"wp-block-spacer\"><\/div>\n<\/div>\n\n<div class=\"container-md heading  \">\n<h2 class=\"wp-block-heading\" id=\"dataa-suoraan-toiminnanohjausjarjestelmasta\">Dataa suoraan toiminnanohjausj\u00e4rjestelm\u00e4st\u00e4<\/h2>\n<\/div>\n\n<div class=\"container-md spacer  \">\n<div style=\"height:16px\" aria-hidden=\"true\" class=\"wp-block-spacer\"><\/div>\n<\/div>\n\n<div class=\"container-md paragraph  \">\n<p>Ohjelmiston k\u00e4ytt\u00f6\u00f6notto sai alkunsa Teampacin tarpeesta siirt\u00e4\u00e4 tuotannonsuunnittelu graafiseen ja ymp\u00e4rist\u00f6\u00f6n. ROB-EX:n my\u00f6t\u00e4 Teampacin suunnittelu on Valajan mukaan uudistunut kokonaan integroituun j\u00e4rjestelm\u00e4\u00e4n siirtymisen johdosta.<\/p>\n<\/div>\n\n<div class=\"container-md paragraph  \">\n<p>&#8221;Nyt dataa saadaan siirretty\u00e4 tuotantoon suoraan toiminnanohjausj\u00e4rjestelm\u00e4st\u00e4. Se on v\u00e4hent\u00e4nyt todella paljon sellaista moninkertaista ty\u00f6t\u00e4&#8221;, Valaja sanoo. <\/p>\n<\/div>\n\n<div class=\"container-md paragraph  \">\n<p>&#8221;Suurin konkreettinen lis\u00e4arvo on se, ett\u00e4 t\u00e4n\u00e4 p\u00e4iv\u00e4n\u00e4 koko yrityksen v\u00e4ki n\u00e4kee aamulla, miss\u00e4 tuotannon osalta menn\u00e4\u00e4n ja mit\u00e4 tulee olemaan niin t\u00e4m\u00e4n p\u00e4iv\u00e4n kuin seuraavien viikkojenkin ohjelmassa&#8221;, Valaja jatkaa.<\/p>\n<\/div>\n\n<div class=\"container-md paragraph  \">\n<p>ROB-EX:ll\u00e4 on ollut merkitt\u00e4v\u00e4 vaikutus my\u00f6s siihen, ett\u00e4 Teampacin tuotantoa on voitu kasvattaa ilman henkil\u00f6st\u00f6resurssien lis\u00e4\u00e4mist\u00e4: &#8221;Teemme samalla tehtaalla ja likimain samalla henkil\u00f6st\u00f6ll\u00e4 t\u00e4ll\u00e4 hetkell\u00e4 40% enemm\u00e4n tuotantoa&#8221;, Valaja summaa. <\/p>\n<\/div>\n\n<div class=\"container-md quote  \">\n<blockquote class=\"wp-block-quote is-layout-flow wp-block-quote-is-layout-flow\"><div class=\"container-md paragraph  \">\n<p>&#8221;Itse sovellus on ehdottomasti se kaikkein t\u00e4rkein asia. Se on se syd\u00e4n, jonka ymp\u00e4rill\u00e4 toimintamme kehittyy. Toki se vaatii tuekseen toimittajan, joka pystyy ja haluaa tarjota palveluita, yll\u00e4pitoa ja tukea siihen p\u00e4\u00e4lle.&#8221;<\/p>\n<\/div><cite>Perttu Valaja, omistaja ja hallituksen j\u00e4sen, Teampac<\/cite><\/blockquote>\n<\/div>\n\n<div class=\"container-md paragraph  \">\n<p><\/p>\n<\/div>\n\n<div class=\"container-md embed  \">\n<figure class=\"wp-block-embed is-type-video is-provider-youtube wp-block-embed-youtube wp-embed-aspect-16-9 wp-has-aspect-ratio\"><div class=\"wp-block-embed__wrapper\">\n<iframe loading=\"lazy\" title=\"Teampac on voinut kasvattaa tuotantoaan henkil\u00f6st\u00f6resursseja lis\u00e4\u00e4m\u00e4tt\u00e4\" width=\"1440\" height=\"810\" src=\"https:\/\/www.youtube.com\/embed\/r5A3X5JKS_E?feature=oembed\" frameborder=\"0\" allow=\"accelerometer; autoplay; clipboard-write; encrypted-media; gyroscope; picture-in-picture; web-share\" referrerpolicy=\"strict-origin-when-cross-origin\" allowfullscreen><\/iframe>\n<\/div><figcaption class=\"wp-element-caption\">Katso videolta, kun Perttu Valaja kertoo Proficy Scheduler \/ ROB-EX-ohjelmiston k\u00e4ytt\u00f6\u00f6notosta<\/figcaption><\/figure>\n<\/div>\n\n<div class=\"container-md paragraph  \">\n<p><\/p>\n<\/div>\n\n  <div class=\"slider-column-parent\">\n    <div class=\"container\">\n      <div class=\"slider-column-title\">Lis\u00e4tietoja<\/div>\n\n      <div class=\"row\">\n        <div class=\"col-12 col-md-4\"><div class=\"column-box\">\n      <div class=\"icon \">\n      <img loading=\"lazy\" decoding=\"async\" width=\"150\" height=\"150\" src=\"https:\/\/www.novotek.com\/fi\/wp-content\/uploads\/sites\/6\/Icons\/Produktionsplanlaegning_150x-150-150x150.png.webp\" class=\"attachment-thumbnail size-thumbnail\" alt=\"tuotannonsuunnittelu iconi\" \/>    <\/div>\n  \n      <div class=\"title\">\n      ROB-EX Scheduler    <\/div>\n  \n      <div class=\"text\">\n      <p>Helppok\u00e4ytt\u00f6inen ja toimintavarma ty\u00f6kalu tuotannonsuunnitteluun.<\/p>\n    <\/div>\n  \n      <a class=\"link\"  href=\"https:\/\/www.novotek.com\/fi\/etusivu\/ratkaisut-ja-tuotteet\/tuotannonsuunnittelu\/rob-ex-scheduler\/\" target=\"\">\n      Lue lis\u00e4\u00e4    <\/a>\n  \n  <\/div>\n\n<\/div><div class=\"col-12 col-md-4\"><div class=\"column-box\">\n      <div class=\"icon \">\n      <img loading=\"lazy\" decoding=\"async\" width=\"150\" height=\"150\" src=\"https:\/\/www.novotek.com\/fi\/wp-content\/uploads\/sites\/6\/Icons\/icon-diamond-300x300-5-150x150.png.webp\" class=\"attachment-thumbnail size-thumbnail\" alt=\"icon-diamond\" srcset=\"https:\/\/www.novotek.com\/fi\/wp-content\/uploads\/sites\/6\/Icons\/icon-diamond-300x300-5-150x150.png.webp 150w, https:\/\/www.novotek.com\/fi\/wp-content\/uploads\/sites\/6\/Icons\/icon-diamond-300x300-5-300x300.png.webp 300w, https:\/\/www.novotek.com\/fi\/wp-content\/uploads\/sites\/6\/Icons\/icon-diamond-300x300-5-1024x1024.png.webp 1024w, https:\/\/www.novotek.com\/fi\/wp-content\/uploads\/sites\/6\/Icons\/icon-diamond-300x300-5-768x768.png.webp 768w, https:\/\/www.novotek.com\/fi\/wp-content\/uploads\/sites\/6\/Icons\/icon-diamond-300x300-5.png.webp 1112w\" sizes=\"auto, (max-width: 150px) 100vw, 150px\" \/>    <\/div>\n  \n      <div class=\"title\">\n      Asiakastarina    <\/div>\n  \n      <div class=\"text\">\n      <p>Myllyn Paras on optimoinut kapasiteetin hallinnan.<\/p>\n    <\/div>\n  \n      <a class=\"link\"  href=\"https:\/\/www.novotek.com\/fi\/asiakastarinat\/asiakastarina-myllyn-paras\/\" target=\"\">\n      Lue lis\u00e4\u00e4    <\/a>\n  \n  <\/div>\n\n<\/div><div class=\"col-12 col-md-4\"><div class=\"column-box\">\n      <div class=\"icon \">\n      <img loading=\"lazy\" decoding=\"async\" width=\"150\" height=\"150\" src=\"https:\/\/www.novotek.com\/fi\/wp-content\/uploads\/sites\/6\/Icons\/Icon_DataSheet-300x300-1-150x150.png\" class=\"attachment-thumbnail size-thumbnail\" alt=\"DataSheet\" srcset=\"https:\/\/www.novotek.com\/fi\/wp-content\/uploads\/sites\/6\/Icons\/Icon_DataSheet-300x300-1-150x150.png 150w, https:\/\/www.novotek.com\/fi\/wp-content\/uploads\/sites\/6\/Icons\/Icon_DataSheet-300x300-1.png 300w\" sizes=\"auto, (max-width: 150px) 100vw, 150px\" \/>    <\/div>\n  \n      <div class=\"title\">\n      Blogi    <\/div>\n  \n      <div class=\"text\">\n      <p>Eroon exceleiden py\u00f6rittelyst\u00e4 tuotantolaitoksissa.<\/p>\n    <\/div>\n  \n      <a class=\"link\"  href=\"https:\/\/www.novotek.com\/fi\/insight\/eroon-exceleiden-pyorittelysta-tuotantolaitoksella\/\" target=\"_blank\">\n      Lue blogi    <\/a>\n  \n  <\/div>\n\n<\/div>      <\/div>\n    <\/div>\n  <\/div>\n\n\n<div class=\"container-md paragraph  \">\n<p><\/p>\n<\/div>\n\n<div class=\"cta-block\">\n  <div class=\"container\">\n          <h2>Kerromme mielell\u00e4mme lis\u00e4\u00e4!<\/h2>\n    \n          <div><p>Myyntimme ja asiantuntijamme auttavat sinua l\u00f6yt\u00e4m\u00e4\u00e4n parhaan ratkaisun haasteeseesi ja ymp\u00e4rist\u00f6\u00f6si.<\/p>\n<\/div>\n    \n          <a class=\"btn btn-primary\" href=\"https:\/\/www.novotek.com\/fi\/ota-yhteytta\/\">Ota yhteytt\u00e4<\/a>\n      <\/div>\n<\/div>\n","protected":false},"excerpt":{"rendered":"<p>ROB-EX Tuotannonsuunnitteluohjelmiston avulla on tuotantoa voitu kasvattaa 40 % henkil\u00f6st\u00f6resursseja lis\u00e4\u00e4m\u00e4tt\u00e4.<\/p>\n","protected":false},"author":24,"featured_media":0,"parent":5483,"menu_order":7,"comment_status":"closed","ping_status":"closed","template":"","meta":{"_acf_changed":false,"_relevanssi_hide_post":"","_relevanssi_pin_for_all":"","_relevanssi_pin_keywords":"","_relevanssi_unpin_keywords":"","_relevanssi_related_keywords":"","_relevanssi_related_include_ids":"","_relevanssi_related_exclude_ids":"","_relevanssi_related_no_append":"","_relevanssi_related_not_related":"","_relevanssi_related_posts":"1849,3312,2010,3148,1","_relevanssi_noindex_reason":"","footnotes":""},"class_list":["post-4069","page","type-page","status-publish","hentry"],"acf":[],"yoast_head":"<!-- This site is optimized with the Yoast SEO plugin v27.3 - https:\/\/yoast.com\/product\/yoast-seo-wordpress\/ -->\n<title>Teampac - Novotek Finland<\/title>\n<meta name=\"description\" content=\"Asiakastarina Teampac. Tuotannonsuunnitteluohjelmiston avulla tuotantoa voitu kasvattaa noin 40 % henkil\u00f6st\u00f6resursseja lis\u00e4\u00e4m\u00e4tt\u00e4.\" \/>\n<meta name=\"robots\" content=\"index, follow, max-snippet:-1, max-image-preview:large, max-video-preview:-1\" \/>\n<link rel=\"canonical\" href=\"https:\/\/www.novotek.com\/fi\/asiakastarinat\/teampac\/\" \/>\n<meta property=\"og:locale\" content=\"fi_FI\" \/>\n<meta property=\"og:type\" content=\"article\" \/>\n<meta property=\"og:title\" content=\"Teampac - Novotek Finland\" \/>\n<meta property=\"og:description\" content=\"Asiakastarina Teampac. Tuotannonsuunnitteluohjelmiston avulla tuotantoa voitu kasvattaa noin 40 % henkil\u00f6st\u00f6resursseja lis\u00e4\u00e4m\u00e4tt\u00e4.\" \/>\n<meta property=\"og:url\" content=\"https:\/\/www.novotek.com\/fi\/asiakastarinat\/teampac\/\" \/>\n<meta property=\"og:site_name\" content=\"Novotek Finland\" \/>\n<meta property=\"article:modified_time\" content=\"2025-12-09T10:40:07+00:00\" \/>\n<meta property=\"og:image\" content=\"https:\/\/www.novotek.com\/fi\/wp-content\/uploads\/sites\/6\/Asiakastarinat\/Teampac\/Novotek_Teampac-3-1024x572.jpg\" \/>\n<meta name=\"twitter:card\" content=\"summary_large_image\" \/>\n<meta name=\"twitter:label1\" content=\"Arvioitu lukuaika\" \/>\n\t<meta name=\"twitter:data1\" content=\"1 minuutti\" \/>\n<script type=\"application\/ld+json\" class=\"yoast-schema-graph\">{\"@context\":\"https:\\\/\\\/schema.org\",\"@graph\":[{\"@type\":\"WebPage\",\"@id\":\"https:\\\/\\\/www.novotek.com\\\/fi\\\/asiakastarinat\\\/teampac\\\/\",\"url\":\"https:\\\/\\\/www.novotek.com\\\/fi\\\/asiakastarinat\\\/teampac\\\/\",\"name\":\"Teampac - Novotek Finland\",\"isPartOf\":{\"@id\":\"https:\\\/\\\/www.novotek.com\\\/fi\\\/#website\"},\"primaryImageOfPage\":{\"@id\":\"https:\\\/\\\/www.novotek.com\\\/fi\\\/asiakastarinat\\\/teampac\\\/#primaryimage\"},\"image\":{\"@id\":\"https:\\\/\\\/www.novotek.com\\\/fi\\\/asiakastarinat\\\/teampac\\\/#primaryimage\"},\"thumbnailUrl\":\"https:\\\/\\\/www.novotek.com\\\/fi\\\/wp-content\\\/uploads\\\/sites\\\/6\\\/Asiakastarinat\\\/Teampac\\\/Novotek_Teampac-3-1024x572.jpg\",\"datePublished\":\"2019-01-18T11:56:00+00:00\",\"dateModified\":\"2025-12-09T10:40:07+00:00\",\"description\":\"Asiakastarina Teampac. Tuotannonsuunnitteluohjelmiston avulla tuotantoa voitu kasvattaa noin 40 % henkil\u00f6st\u00f6resursseja lis\u00e4\u00e4m\u00e4tt\u00e4.\",\"breadcrumb\":{\"@id\":\"https:\\\/\\\/www.novotek.com\\\/fi\\\/asiakastarinat\\\/teampac\\\/#breadcrumb\"},\"inLanguage\":\"fi\",\"potentialAction\":[{\"@type\":\"ReadAction\",\"target\":[\"https:\\\/\\\/www.novotek.com\\\/fi\\\/asiakastarinat\\\/teampac\\\/\"]}]},{\"@type\":\"ImageObject\",\"inLanguage\":\"fi\",\"@id\":\"https:\\\/\\\/www.novotek.com\\\/fi\\\/asiakastarinat\\\/teampac\\\/#primaryimage\",\"url\":\"https:\\\/\\\/www.novotek.com\\\/fi\\\/wp-content\\\/uploads\\\/sites\\\/6\\\/Asiakastarinat\\\/Teampac\\\/Novotek_Teampac-3-e1636370610598.jpg.webp\",\"contentUrl\":\"https:\\\/\\\/www.novotek.com\\\/fi\\\/wp-content\\\/uploads\\\/sites\\\/6\\\/Asiakastarinat\\\/Teampac\\\/Novotek_Teampac-3-e1636370610598.jpg.webp\",\"width\":1256,\"height\":702},{\"@type\":\"BreadcrumbList\",\"@id\":\"https:\\\/\\\/www.novotek.com\\\/fi\\\/asiakastarinat\\\/teampac\\\/#breadcrumb\",\"itemListElement\":[{\"@type\":\"ListItem\",\"position\":1,\"name\":\"Home\",\"item\":\"https:\\\/\\\/www.novotek.com\\\/fi\\\/\"},{\"@type\":\"ListItem\",\"position\":2,\"name\":\"Asiakastarinat\",\"item\":\"https:\\\/\\\/www.novotek.com\\\/fi\\\/asiakastarinat\\\/\"},{\"@type\":\"ListItem\",\"position\":3,\"name\":\"Teampac\"}]},{\"@type\":\"WebSite\",\"@id\":\"https:\\\/\\\/www.novotek.com\\\/fi\\\/#website\",\"url\":\"https:\\\/\\\/www.novotek.com\\\/fi\\\/\",\"name\":\"Novotek Finland\",\"description\":\"Teollisuuden digitalisaatio\",\"publisher\":{\"@id\":\"https:\\\/\\\/www.novotek.com\\\/fi\\\/#organization\"},\"potentialAction\":[{\"@type\":\"SearchAction\",\"target\":{\"@type\":\"EntryPoint\",\"urlTemplate\":\"https:\\\/\\\/www.novotek.com\\\/fi\\\/?s={search_term_string}\"},\"query-input\":{\"@type\":\"PropertyValueSpecification\",\"valueRequired\":true,\"valueName\":\"search_term_string\"}}],\"inLanguage\":\"fi\"},{\"@type\":\"Organization\",\"@id\":\"https:\\\/\\\/www.novotek.com\\\/fi\\\/#organization\",\"name\":\"Novotek Finland\",\"url\":\"https:\\\/\\\/www.novotek.com\\\/fi\\\/\",\"logo\":{\"@type\":\"ImageObject\",\"inLanguage\":\"fi\",\"@id\":\"https:\\\/\\\/www.novotek.com\\\/fi\\\/#\\\/schema\\\/logo\\\/image\\\/\",\"url\":\"https:\\\/\\\/www.novotek.com\\\/fi\\\/wp-content\\\/uploads\\\/sites\\\/6\\\/Logo\\\/novotek-symbol-rgb-pos.jpg\",\"contentUrl\":\"https:\\\/\\\/www.novotek.com\\\/fi\\\/wp-content\\\/uploads\\\/sites\\\/6\\\/Logo\\\/novotek-symbol-rgb-pos.jpg\",\"width\":864,\"height\":734,\"caption\":\"Novotek Finland\"},\"image\":{\"@id\":\"https:\\\/\\\/www.novotek.com\\\/fi\\\/#\\\/schema\\\/logo\\\/image\\\/\"},\"sameAs\":[\"https:\\\/\\\/fi.linkedin.com\\\/company\\\/novotek-oy\"]}]}<\/script>\n<!-- \/ Yoast SEO plugin. -->","yoast_head_json":{"title":"Teampac - Novotek Finland","description":"Asiakastarina Teampac. Tuotannonsuunnitteluohjelmiston avulla tuotantoa voitu kasvattaa noin 40 % henkil\u00f6st\u00f6resursseja lis\u00e4\u00e4m\u00e4tt\u00e4.","robots":{"index":"index","follow":"follow","max-snippet":"max-snippet:-1","max-image-preview":"max-image-preview:large","max-video-preview":"max-video-preview:-1"},"canonical":"https:\/\/www.novotek.com\/fi\/asiakastarinat\/teampac\/","og_locale":"fi_FI","og_type":"article","og_title":"Teampac - Novotek Finland","og_description":"Asiakastarina Teampac. Tuotannonsuunnitteluohjelmiston avulla tuotantoa voitu kasvattaa noin 40 % henkil\u00f6st\u00f6resursseja lis\u00e4\u00e4m\u00e4tt\u00e4.","og_url":"https:\/\/www.novotek.com\/fi\/asiakastarinat\/teampac\/","og_site_name":"Novotek Finland","article_modified_time":"2025-12-09T10:40:07+00:00","og_image":[{"url":"https:\/\/www.novotek.com\/fi\/wp-content\/uploads\/sites\/6\/Asiakastarinat\/Teampac\/Novotek_Teampac-3-1024x572.jpg","type":"","width":"","height":""}],"twitter_card":"summary_large_image","twitter_misc":{"Arvioitu lukuaika":"1 minuutti"},"schema":{"@context":"https:\/\/schema.org","@graph":[{"@type":"WebPage","@id":"https:\/\/www.novotek.com\/fi\/asiakastarinat\/teampac\/","url":"https:\/\/www.novotek.com\/fi\/asiakastarinat\/teampac\/","name":"Teampac - Novotek Finland","isPartOf":{"@id":"https:\/\/www.novotek.com\/fi\/#website"},"primaryImageOfPage":{"@id":"https:\/\/www.novotek.com\/fi\/asiakastarinat\/teampac\/#primaryimage"},"image":{"@id":"https:\/\/www.novotek.com\/fi\/asiakastarinat\/teampac\/#primaryimage"},"thumbnailUrl":"https:\/\/www.novotek.com\/fi\/wp-content\/uploads\/sites\/6\/Asiakastarinat\/Teampac\/Novotek_Teampac-3-1024x572.jpg","datePublished":"2019-01-18T11:56:00+00:00","dateModified":"2025-12-09T10:40:07+00:00","description":"Asiakastarina Teampac. Tuotannonsuunnitteluohjelmiston avulla tuotantoa voitu kasvattaa noin 40 % henkil\u00f6st\u00f6resursseja lis\u00e4\u00e4m\u00e4tt\u00e4.","breadcrumb":{"@id":"https:\/\/www.novotek.com\/fi\/asiakastarinat\/teampac\/#breadcrumb"},"inLanguage":"fi","potentialAction":[{"@type":"ReadAction","target":["https:\/\/www.novotek.com\/fi\/asiakastarinat\/teampac\/"]}]},{"@type":"ImageObject","inLanguage":"fi","@id":"https:\/\/www.novotek.com\/fi\/asiakastarinat\/teampac\/#primaryimage","url":"https:\/\/www.novotek.com\/fi\/wp-content\/uploads\/sites\/6\/Asiakastarinat\/Teampac\/Novotek_Teampac-3-e1636370610598.jpg.webp","contentUrl":"https:\/\/www.novotek.com\/fi\/wp-content\/uploads\/sites\/6\/Asiakastarinat\/Teampac\/Novotek_Teampac-3-e1636370610598.jpg.webp","width":1256,"height":702},{"@type":"BreadcrumbList","@id":"https:\/\/www.novotek.com\/fi\/asiakastarinat\/teampac\/#breadcrumb","itemListElement":[{"@type":"ListItem","position":1,"name":"Home","item":"https:\/\/www.novotek.com\/fi\/"},{"@type":"ListItem","position":2,"name":"Asiakastarinat","item":"https:\/\/www.novotek.com\/fi\/asiakastarinat\/"},{"@type":"ListItem","position":3,"name":"Teampac"}]},{"@type":"WebSite","@id":"https:\/\/www.novotek.com\/fi\/#website","url":"https:\/\/www.novotek.com\/fi\/","name":"Novotek Finland","description":"Teollisuuden digitalisaatio","publisher":{"@id":"https:\/\/www.novotek.com\/fi\/#organization"},"potentialAction":[{"@type":"SearchAction","target":{"@type":"EntryPoint","urlTemplate":"https:\/\/www.novotek.com\/fi\/?s={search_term_string}"},"query-input":{"@type":"PropertyValueSpecification","valueRequired":true,"valueName":"search_term_string"}}],"inLanguage":"fi"},{"@type":"Organization","@id":"https:\/\/www.novotek.com\/fi\/#organization","name":"Novotek Finland","url":"https:\/\/www.novotek.com\/fi\/","logo":{"@type":"ImageObject","inLanguage":"fi","@id":"https:\/\/www.novotek.com\/fi\/#\/schema\/logo\/image\/","url":"https:\/\/www.novotek.com\/fi\/wp-content\/uploads\/sites\/6\/Logo\/novotek-symbol-rgb-pos.jpg","contentUrl":"https:\/\/www.novotek.com\/fi\/wp-content\/uploads\/sites\/6\/Logo\/novotek-symbol-rgb-pos.jpg","width":864,"height":734,"caption":"Novotek Finland"},"image":{"@id":"https:\/\/www.novotek.com\/fi\/#\/schema\/logo\/image\/"},"sameAs":["https:\/\/fi.linkedin.com\/company\/novotek-oy"]}]}},"_links":{"self":[{"href":"https:\/\/www.novotek.com\/fi\/wp-json\/wp\/v2\/pages\/4069","targetHints":{"allow":["GET"]}}],"collection":[{"href":"https:\/\/www.novotek.com\/fi\/wp-json\/wp\/v2\/pages"}],"about":[{"href":"https:\/\/www.novotek.com\/fi\/wp-json\/wp\/v2\/types\/page"}],"author":[{"embeddable":true,"href":"https:\/\/www.novotek.com\/fi\/wp-json\/wp\/v2\/users\/24"}],"replies":[{"embeddable":true,"href":"https:\/\/www.novotek.com\/fi\/wp-json\/wp\/v2\/comments?post=4069"}],"version-history":[{"count":59,"href":"https:\/\/www.novotek.com\/fi\/wp-json\/wp\/v2\/pages\/4069\/revisions"}],"predecessor-version":[{"id":18313,"href":"https:\/\/www.novotek.com\/fi\/wp-json\/wp\/v2\/pages\/4069\/revisions\/18313"}],"up":[{"embeddable":true,"href":"https:\/\/www.novotek.com\/fi\/wp-json\/wp\/v2\/pages\/5483"}],"wp:attachment":[{"href":"https:\/\/www.novotek.com\/fi\/wp-json\/wp\/v2\/media?parent=4069"}],"curies":[{"name":"wp","href":"https:\/\/api.w.org\/{rel}","templated":true}]}}