{"id":432,"date":"2021-07-23T10:35:37","date_gmt":"2021-07-23T10:35:37","guid":{"rendered":"https:\/\/www.novotek.com\/fi\/?page_id=432"},"modified":"2026-02-13T15:12:58","modified_gmt":"2026-02-13T13:12:58","slug":"meista","status":"publish","type":"page","link":"https:\/\/www.novotek.com\/fi\/meista\/","title":{"rendered":"Meist\u00e4"},"content":{"rendered":"  <div class=\"hero\">\n    <div class=\"carousel hero-slider small\" data-flickity data-flickity-options='{\"prevNextButtons\": false}'>\n              <div class=\"carousel-cell\">\n          <div class=\"container\">\n            <div class=\"hero-content\">\n                              <h1>Meist\u00e4<\/h1>\n<p>Novotek on Euroopassa toimiva asiantuntijaorganisaatio. Toimitamme vaativia j\u00e4rjestelm\u00e4ratkaisuja eri teollisuuden aloille 12 eri maassa yli 200:n asiantuntijan voimin &#8211; yli 35 vuoden kokemuksella.<\/p>\n              \n                          <\/div>\n          <\/div>\n\n          <img decoding=\"async\" width=\"1024\" height=\"427\" src=\"https:\/\/www.novotek.com\/fi\/wp-content\/uploads\/sites\/6\/Meist\u00e4\/Novotek_hero_1920x800-1024x427.jpg\" class=\"hero-bg\" alt=\"Hero Img\" fetchpriority=\"high\" srcset=\"https:\/\/www.novotek.com\/fi\/wp-content\/uploads\/sites\/6\/Meist\u00e4\/Novotek_hero_1920x800-1024x427.jpg 1024w, https:\/\/www.novotek.com\/fi\/wp-content\/uploads\/sites\/6\/Meist\u00e4\/Novotek_hero_1920x800-300x125.jpg 300w, https:\/\/www.novotek.com\/fi\/wp-content\/uploads\/sites\/6\/Meist\u00e4\/Novotek_hero_1920x800-768x320.jpg 768w, https:\/\/www.novotek.com\/fi\/wp-content\/uploads\/sites\/6\/Meist\u00e4\/Novotek_hero_1920x800-1536x640.jpg 1536w, https:\/\/www.novotek.com\/fi\/wp-content\/uploads\/sites\/6\/Meist\u00e4\/Novotek_hero_1920x800.jpg 1920w\" sizes=\"(max-width: 1024px) 100vw, 1024px\" \/>                  <\/div>\n          <\/div>\n\n      <\/div>\n\n   <div class=\"floating-breadcrumb\"><div class=\"container\"><span><span><a href=\"https:\/\/www.novotek.com\/fi\/\" class=\"breadcrumb-frontpage\">Home<\/a><\/span><\/span><\/div><\/div>\n\n\n<div class=\"container media-text  align\">\n<div class=\"wp-block-media-text has-media-on-the-right is-stacked-on-mobile\" style=\"grid-template-columns:auto 40%\"><div class=\"wp-block-media-text__content\"><div class=\"container-md heading  \">\n<h2 class=\"wp-block-heading has-medium-font-size\" id=\"h-olemme-luotettu-kumppani-teollisen-tuotannon-tehostamisessa-ja-tiedon-hyodyntamisessa\"><strong>Olemme<\/strong> <strong>luotettu kumppani teollisen tuotannon tehostamisessa ja tiedon hy\u00f6dynt\u00e4misess\u00e4<\/strong><\/h2>\n<\/div>\n\n<div class=\"container-md spacer  \">\n<div style=\"height:40px\" aria-hidden=\"true\" class=\"wp-block-spacer\"><\/div>\n<\/div>\n\n<div class=\"container-md paragraph  \">\n<p>Toimitamme nopeasti ja kest\u00e4v\u00e4sti lis\u00e4arvoa teollisuuden IT:n ja digitaalisaation avulla, perustuen markkinoiden johtaviin vakiotuotteisiin ja vahvaan asiantuntijaosaamiseemme. <\/p>\n<\/div>\n\n<div class=\"container-md paragraph  \">\n<p>Olemme auttaneet jo yli 35 vuoden ajan teollisuuden alan yrityksi\u00e4 hy\u00f6dynt\u00e4m\u00e4\u00e4n tietoa. Tavoitteenamme on toimittaa aina oikea ratkaisu jokaiselle asiakkaalle alkaen kartoitus- ja suunnitteluvaiheesta ulottuen aina elinkaaren hallintaan ja yll\u00e4pitoon. Olemme sitoutuneita pitk\u00e4aikaisiin yhteisty\u00f6malleihin ja arvoketjuihin. Osana t\u00e4t\u00e4 sitoutumista Novotekille on my\u00f6nnetty kansainv\u00e4lisesti tunnustetut<strong> ISO 9001-, ISO 14001- <\/strong>ja<strong> ISO 27001 -sertifikaatit.<\/strong><br><\/p>\n<\/div>\n\n<div class=\"container-md spacer  \">\n<div style=\"height:16px\" aria-hidden=\"true\" class=\"wp-block-spacer\"><\/div>\n<\/div>\n\n<div class=\"container-md spacer  \">\n<div style=\"height:16px\" aria-hidden=\"true\" class=\"wp-block-spacer\"><\/div>\n<\/div>\n\n<div class=\"container-md paragraph  \">\n<p>Ty\u00f6skentelemme jatkuvasti ydinarvojemme kanssa, jotka tiivistyv\u00e4t sanaan CARE (Competent, Agile, Reliable, Enthusiastic).<\/p>\n<\/div>\n\n<div class=\"container-md spacer  \">\n<div style=\"height:16px\" aria-hidden=\"true\" class=\"wp-block-spacer\"><\/div>\n<\/div>\n\n<div class=\"container-md paragraph  \">\n<p>Uskomme, ett\u00e4 osaaminen, joustavuus, luotettavuus ja sitoutuminen luovat onnistuneen yhteisty\u00f6n perustan.<\/p>\n<\/div>\n\n<div class=\"container-md spacer  \">\n<div style=\"height:16px\" aria-hidden=\"true\" class=\"wp-block-spacer\"><\/div>\n<\/div>\n\n<div class=\"container-md paragraph  \">\n<p>Toimimme Euroopan alueella 12 eri maassa, ty\u00f6llist\u00e4mme yli 200 asiantuntijaa ja palvelemme yli 2000 teollisuuden asiakasta.<\/p>\n<\/div>\n\n<div class=\"container-md spacer  \">\n<div style=\"height:16px\" aria-hidden=\"true\" class=\"wp-block-spacer\"><\/div>\n<\/div>\n\n<div class=\"container-md paragraph  \">\n<p class=\"has-black-color has-text-color\">Seuraa kuinka teollisuus digitalisoituu kanssamme <strong><a href=\"https:\/\/www.linkedin.com\/company\/novotek-oy\" target=\"_blank\" rel=\"noreferrer noopener\">LinkedIniss\u00e4!<\/a><\/strong> <\/p>\n<\/div>\n\n<div class=\"container-md spacer  \">\n<div style=\"height:100px\" aria-hidden=\"true\" class=\"wp-block-spacer\"><\/div>\n<\/div>\n\n<div class=\"container-md paragraph  \">\n<p><\/p>\n<\/div>\n\n<div class=\"container-md paragraph  \">\n<p><\/p>\n<\/div><\/div><figure class=\"wp-block-media-text__media\"><img loading=\"lazy\" decoding=\"async\" width=\"768\" height=\"986\" src=\"https:\/\/www.novotek.com\/fi\/wp-content\/uploads\/sites\/6\/Meist\u00e4\/2025-map-europe-red-grey-768x986-1.jpg\" alt=\"Novotek Europe 2025\" class=\"wp-image-16461 size-full\" srcset=\"https:\/\/www.novotek.com\/fi\/wp-content\/uploads\/sites\/6\/Meist\u00e4\/2025-map-europe-red-grey-768x986-1.jpg 768w, https:\/\/www.novotek.com\/fi\/wp-content\/uploads\/sites\/6\/Meist\u00e4\/2025-map-europe-red-grey-768x986-1-234x300.jpg 234w, https:\/\/www.novotek.com\/fi\/wp-content\/uploads\/sites\/6\/Meist\u00e4\/2025-map-europe-red-grey-768x986-1-67x86.jpg 67w, https:\/\/www.novotek.com\/fi\/wp-content\/uploads\/sites\/6\/Meist\u00e4\/2025-map-europe-red-grey-768x986-1-279x358.jpg 279w, https:\/\/www.novotek.com\/fi\/wp-content\/uploads\/sites\/6\/Meist\u00e4\/2025-map-europe-red-grey-768x986-1-576x740.jpg 576w\" sizes=\"auto, (max-width: 768px) 100vw, 768px\" \/><\/figure><\/div>\n<\/div>\n\n  <div class=\"slider-column-parent\">\n    <div class=\"container\">\n      <div class=\"slider-column-title\">Lis\u00e4\u00e4 meist\u00e4<\/div>\n\n      <div class=\"row\">\n        <div class=\"col-12 col-md-4\"><div class=\"column-box\">\n  \n      <div class=\"title\">\n      Meille t\u00f6ihin    <\/div>\n  \n      <div class=\"text\">\n      <p>Katso avoimet ty\u00f6paikkamme ja tai j\u00e4t\u00e4 avoin hakemus!<\/p>\n    <\/div>\n  \n      <a class=\"link\"  href=\"https:\/\/www.novotek.com\/fi\/meista\/meille-toihin\/\" target=\"\">\n      Lue lis\u00e4\u00e4    <\/a>\n  \n  <\/div>\n\n<\/div><div class=\"col-12 col-md-4\"><div class=\"column-box\">\n  \n      <div class=\"title\">\n      Teknologiakumppanit    <\/div>\n  \n      <div class=\"text\">\n      <p>Tuomme maailman johtavat ohjelmisto- ja j\u00e4rjestelm\u00e4ratkaisut suomalaisten hy\u00f6dynnett\u00e4v\u00e4ksi!<\/p>\n    <\/div>\n  \n      <a class=\"link\"  href=\"https:\/\/www.novotek.com\/fi\/meista\/teknologiakumppanit\/\" target=\"\">\n      Lue lis\u00e4\u00e4    <\/a>\n  \n  <\/div>\n\n<\/div><div class=\"col-12 col-md-4\"><div class=\"column-box\">\n  \n      <div class=\"title\">\n      Novotek Group    <\/div>\n  \n      <div class=\"text\">\n      <p>Lue lis\u00e4\u00e4 Novotek-konsernin arvoista, yrityskonseptista ja strategiasta.<\/p>\n    <\/div>\n  \n      <a class=\"link\"  href=\"https:\/\/www.novotek.com\/\" target=\"_blank\">\n      Lue lis\u00e4\u00e4    <\/a>\n  \n  <\/div>\n\n<\/div>      <\/div>\n    <\/div>\n  <\/div>\n\n\n<div class=\"split-column\">\n  <div class=\"container\">\n    <div class=\"row\">\n      <div class=\"col-12 col-md-6\">\n              <\/div>\n\n      <div class=\"col-12 col-md-6\">\n              <\/div>\n    <\/div>\n  <\/div>\n<\/div>\n\n\n<div class=\"container-md spacer  \">\n<div style=\"height:100px\" aria-hidden=\"true\" class=\"wp-block-spacer\"><\/div>\n<\/div>","protected":false},"excerpt":{"rendered":"","protected":false},"author":24,"featured_media":0,"parent":0,"menu_order":6,"comment_status":"closed","ping_status":"closed","template":"","meta":{"_acf_changed":false,"_relevanssi_hide_post":"","_relevanssi_pin_for_all":"","_relevanssi_pin_keywords":"","_relevanssi_unpin_keywords":"","_relevanssi_related_keywords":"","_relevanssi_related_include_ids":"","_relevanssi_related_exclude_ids":"","_relevanssi_related_no_append":"","_relevanssi_related_not_related":"","_relevanssi_related_posts":"1","_relevanssi_noindex_reason":"","footnotes":""},"class_list":["post-432","page","type-page","status-publish","hentry"],"acf":[],"yoast_head":"<!-- This site is optimized with the Yoast SEO plugin v27.3 - https:\/\/yoast.com\/product\/yoast-seo-wordpress\/ -->\n<title>Meist\u00e4 - Novotek Finland<\/title>\n<meta name=\"description\" content=\"Olemme luotettu kumppani teollisen tuotannon tehostamisessa ja tiedon hy\u00f6dynt\u00e4misess\u00e4. Toimitamme nopeasti ja kest\u00e4v\u00e4sti lis\u00e4arvoa.\" \/>\n<meta name=\"robots\" content=\"index, follow, max-snippet:-1, max-image-preview:large, max-video-preview:-1\" \/>\n<link rel=\"canonical\" href=\"https:\/\/www.novotek.com\/fi\/meista\/\" \/>\n<meta property=\"og:locale\" content=\"fi_FI\" \/>\n<meta property=\"og:type\" content=\"article\" \/>\n<meta property=\"og:title\" content=\"Meist\u00e4 - Novotek Finland\" \/>\n<meta property=\"og:description\" content=\"Olemme luotettu kumppani teollisen tuotannon tehostamisessa ja tiedon hy\u00f6dynt\u00e4misess\u00e4. Toimitamme nopeasti ja kest\u00e4v\u00e4sti lis\u00e4arvoa.\" \/>\n<meta property=\"og:url\" content=\"https:\/\/www.novotek.com\/fi\/meista\/\" \/>\n<meta property=\"og:site_name\" content=\"Novotek Finland\" \/>\n<meta property=\"article:modified_time\" content=\"2026-02-13T13:12:58+00:00\" \/>\n<meta name=\"twitter:card\" content=\"summary_large_image\" \/>\n<meta name=\"twitter:label1\" content=\"Arvioitu lukuaika\" \/>\n\t<meta name=\"twitter:data1\" content=\"1 minuutti\" \/>\n<script type=\"application\/ld+json\" class=\"yoast-schema-graph\">{\"@context\":\"https:\\\/\\\/schema.org\",\"@graph\":[{\"@type\":\"WebPage\",\"@id\":\"https:\\\/\\\/www.novotek.com\\\/fi\\\/meista\\\/\",\"url\":\"https:\\\/\\\/www.novotek.com\\\/fi\\\/meista\\\/\",\"name\":\"Meist\u00e4 - Novotek Finland\",\"isPartOf\":{\"@id\":\"https:\\\/\\\/www.novotek.com\\\/fi\\\/#website\"},\"datePublished\":\"2021-07-23T10:35:37+00:00\",\"dateModified\":\"2026-02-13T13:12:58+00:00\",\"description\":\"Olemme luotettu kumppani teollisen tuotannon tehostamisessa ja tiedon hy\u00f6dynt\u00e4misess\u00e4. Toimitamme nopeasti ja kest\u00e4v\u00e4sti lis\u00e4arvoa.\",\"breadcrumb\":{\"@id\":\"https:\\\/\\\/www.novotek.com\\\/fi\\\/meista\\\/#breadcrumb\"},\"inLanguage\":\"fi\",\"potentialAction\":[{\"@type\":\"ReadAction\",\"target\":[\"https:\\\/\\\/www.novotek.com\\\/fi\\\/meista\\\/\"]}]},{\"@type\":\"BreadcrumbList\",\"@id\":\"https:\\\/\\\/www.novotek.com\\\/fi\\\/meista\\\/#breadcrumb\",\"itemListElement\":[{\"@type\":\"ListItem\",\"position\":1,\"name\":\"Home\",\"item\":\"https:\\\/\\\/www.novotek.com\\\/fi\\\/\"},{\"@type\":\"ListItem\",\"position\":2,\"name\":\"Meist\u00e4\"}]},{\"@type\":\"WebSite\",\"@id\":\"https:\\\/\\\/www.novotek.com\\\/fi\\\/#website\",\"url\":\"https:\\\/\\\/www.novotek.com\\\/fi\\\/\",\"name\":\"Novotek Finland\",\"description\":\"Teollisuuden digitalisaatio\",\"publisher\":{\"@id\":\"https:\\\/\\\/www.novotek.com\\\/fi\\\/#organization\"},\"potentialAction\":[{\"@type\":\"SearchAction\",\"target\":{\"@type\":\"EntryPoint\",\"urlTemplate\":\"https:\\\/\\\/www.novotek.com\\\/fi\\\/?s={search_term_string}\"},\"query-input\":{\"@type\":\"PropertyValueSpecification\",\"valueRequired\":true,\"valueName\":\"search_term_string\"}}],\"inLanguage\":\"fi\"},{\"@type\":\"Organization\",\"@id\":\"https:\\\/\\\/www.novotek.com\\\/fi\\\/#organization\",\"name\":\"Novotek Finland\",\"url\":\"https:\\\/\\\/www.novotek.com\\\/fi\\\/\",\"logo\":{\"@type\":\"ImageObject\",\"inLanguage\":\"fi\",\"@id\":\"https:\\\/\\\/www.novotek.com\\\/fi\\\/#\\\/schema\\\/logo\\\/image\\\/\",\"url\":\"https:\\\/\\\/www.novotek.com\\\/fi\\\/wp-content\\\/uploads\\\/sites\\\/6\\\/Logo\\\/novotek-symbol-rgb-pos.jpg\",\"contentUrl\":\"https:\\\/\\\/www.novotek.com\\\/fi\\\/wp-content\\\/uploads\\\/sites\\\/6\\\/Logo\\\/novotek-symbol-rgb-pos.jpg\",\"width\":864,\"height\":734,\"caption\":\"Novotek Finland\"},\"image\":{\"@id\":\"https:\\\/\\\/www.novotek.com\\\/fi\\\/#\\\/schema\\\/logo\\\/image\\\/\"},\"sameAs\":[\"https:\\\/\\\/fi.linkedin.com\\\/company\\\/novotek-oy\"]}]}<\/script>\n<!-- \/ Yoast SEO plugin. -->","yoast_head_json":{"title":"Meist\u00e4 - Novotek Finland","description":"Olemme luotettu kumppani teollisen tuotannon tehostamisessa ja tiedon hy\u00f6dynt\u00e4misess\u00e4. Toimitamme nopeasti ja kest\u00e4v\u00e4sti lis\u00e4arvoa.","robots":{"index":"index","follow":"follow","max-snippet":"max-snippet:-1","max-image-preview":"max-image-preview:large","max-video-preview":"max-video-preview:-1"},"canonical":"https:\/\/www.novotek.com\/fi\/meista\/","og_locale":"fi_FI","og_type":"article","og_title":"Meist\u00e4 - Novotek Finland","og_description":"Olemme luotettu kumppani teollisen tuotannon tehostamisessa ja tiedon hy\u00f6dynt\u00e4misess\u00e4. Toimitamme nopeasti ja kest\u00e4v\u00e4sti lis\u00e4arvoa.","og_url":"https:\/\/www.novotek.com\/fi\/meista\/","og_site_name":"Novotek Finland","article_modified_time":"2026-02-13T13:12:58+00:00","twitter_card":"summary_large_image","twitter_misc":{"Arvioitu lukuaika":"1 minuutti"},"schema":{"@context":"https:\/\/schema.org","@graph":[{"@type":"WebPage","@id":"https:\/\/www.novotek.com\/fi\/meista\/","url":"https:\/\/www.novotek.com\/fi\/meista\/","name":"Meist\u00e4 - Novotek Finland","isPartOf":{"@id":"https:\/\/www.novotek.com\/fi\/#website"},"datePublished":"2021-07-23T10:35:37+00:00","dateModified":"2026-02-13T13:12:58+00:00","description":"Olemme luotettu kumppani teollisen tuotannon tehostamisessa ja tiedon hy\u00f6dynt\u00e4misess\u00e4. Toimitamme nopeasti ja kest\u00e4v\u00e4sti lis\u00e4arvoa.","breadcrumb":{"@id":"https:\/\/www.novotek.com\/fi\/meista\/#breadcrumb"},"inLanguage":"fi","potentialAction":[{"@type":"ReadAction","target":["https:\/\/www.novotek.com\/fi\/meista\/"]}]},{"@type":"BreadcrumbList","@id":"https:\/\/www.novotek.com\/fi\/meista\/#breadcrumb","itemListElement":[{"@type":"ListItem","position":1,"name":"Home","item":"https:\/\/www.novotek.com\/fi\/"},{"@type":"ListItem","position":2,"name":"Meist\u00e4"}]},{"@type":"WebSite","@id":"https:\/\/www.novotek.com\/fi\/#website","url":"https:\/\/www.novotek.com\/fi\/","name":"Novotek Finland","description":"Teollisuuden digitalisaatio","publisher":{"@id":"https:\/\/www.novotek.com\/fi\/#organization"},"potentialAction":[{"@type":"SearchAction","target":{"@type":"EntryPoint","urlTemplate":"https:\/\/www.novotek.com\/fi\/?s={search_term_string}"},"query-input":{"@type":"PropertyValueSpecification","valueRequired":true,"valueName":"search_term_string"}}],"inLanguage":"fi"},{"@type":"Organization","@id":"https:\/\/www.novotek.com\/fi\/#organization","name":"Novotek Finland","url":"https:\/\/www.novotek.com\/fi\/","logo":{"@type":"ImageObject","inLanguage":"fi","@id":"https:\/\/www.novotek.com\/fi\/#\/schema\/logo\/image\/","url":"https:\/\/www.novotek.com\/fi\/wp-content\/uploads\/sites\/6\/Logo\/novotek-symbol-rgb-pos.jpg","contentUrl":"https:\/\/www.novotek.com\/fi\/wp-content\/uploads\/sites\/6\/Logo\/novotek-symbol-rgb-pos.jpg","width":864,"height":734,"caption":"Novotek Finland"},"image":{"@id":"https:\/\/www.novotek.com\/fi\/#\/schema\/logo\/image\/"},"sameAs":["https:\/\/fi.linkedin.com\/company\/novotek-oy"]}]}},"_links":{"self":[{"href":"https:\/\/www.novotek.com\/fi\/wp-json\/wp\/v2\/pages\/432","targetHints":{"allow":["GET"]}}],"collection":[{"href":"https:\/\/www.novotek.com\/fi\/wp-json\/wp\/v2\/pages"}],"about":[{"href":"https:\/\/www.novotek.com\/fi\/wp-json\/wp\/v2\/types\/page"}],"author":[{"embeddable":true,"href":"https:\/\/www.novotek.com\/fi\/wp-json\/wp\/v2\/users\/24"}],"replies":[{"embeddable":true,"href":"https:\/\/www.novotek.com\/fi\/wp-json\/wp\/v2\/comments?post=432"}],"version-history":[{"count":84,"href":"https:\/\/www.novotek.com\/fi\/wp-json\/wp\/v2\/pages\/432\/revisions"}],"predecessor-version":[{"id":18608,"href":"https:\/\/www.novotek.com\/fi\/wp-json\/wp\/v2\/pages\/432\/revisions\/18608"}],"wp:attachment":[{"href":"https:\/\/www.novotek.com\/fi\/wp-json\/wp\/v2\/media?parent=432"}],"curies":[{"name":"wp","href":"https:\/\/api.w.org\/{rel}","templated":true}]}}