{"id":4871,"date":"2022-02-01T07:01:08","date_gmt":"2022-02-01T07:01:08","guid":{"rendered":"https:\/\/www.novotek.com\/fi\/?page_id=4871"},"modified":"2025-04-01T12:29:08","modified_gmt":"2025-04-01T10:29:08","slug":"kunnossapito","status":"publish","type":"page","link":"https:\/\/www.novotek.com\/fi\/ratkaisut-ja-tuotteet\/kunnossapito\/","title":{"rendered":"Kunnossapito"},"content":{"rendered":"  <div class=\"hero\">\n    <div class=\"carousel hero-slider small\" data-flickity data-flickity-options='{\"prevNextButtons\": false}'>\n              <div class=\"carousel-cell\">\n          <div class=\"container\">\n            <div class=\"hero-content\">\n                              <h1>Kunnossapito<\/h1>\n<p id=\"tw-target-text\" class=\"tw-data-text tw-text-large tw-ta\" dir=\"ltr\" data-placeholder=\"Translation\"><span class=\"Y2IQFc\" lang=\"fi\">Kunnossapitoj\u00e4rjestelm\u00e4 auttaa sinua suorittamaan oikean huollon oikeaan aikaan.<\/span><\/p>\n              \n                          <\/div>\n          <\/div>\n\n          <img decoding=\"async\" width=\"1024\" height=\"427\" src=\"https:\/\/www.novotek.com\/fi\/wp-content\/uploads\/sites\/6\/Ratkaisut_ja_Tuotteet\/Kunnossapito\/Novotek_kunnossapito_duotone_1920x800-1024x427.jpg\" class=\"hero-bg\" alt=\"Hero Img\" fetchpriority=\"high\" srcset=\"https:\/\/www.novotek.com\/fi\/wp-content\/uploads\/sites\/6\/Ratkaisut_ja_Tuotteet\/Kunnossapito\/Novotek_kunnossapito_duotone_1920x800-1024x427.jpg 1024w, https:\/\/www.novotek.com\/fi\/wp-content\/uploads\/sites\/6\/Ratkaisut_ja_Tuotteet\/Kunnossapito\/Novotek_kunnossapito_duotone_1920x800-300x125.jpg 300w, https:\/\/www.novotek.com\/fi\/wp-content\/uploads\/sites\/6\/Ratkaisut_ja_Tuotteet\/Kunnossapito\/Novotek_kunnossapito_duotone_1920x800-768x320.jpg 768w, https:\/\/www.novotek.com\/fi\/wp-content\/uploads\/sites\/6\/Ratkaisut_ja_Tuotteet\/Kunnossapito\/Novotek_kunnossapito_duotone_1920x800-1536x640.jpg 1536w, https:\/\/www.novotek.com\/fi\/wp-content\/uploads\/sites\/6\/Ratkaisut_ja_Tuotteet\/Kunnossapito\/Novotek_kunnossapito_duotone_1920x800.jpg 1920w\" sizes=\"(max-width: 1024px) 100vw, 1024px\" \/>                  <\/div>\n          <\/div>\n\n      <\/div>\n\n   <div class=\"floating-breadcrumb\"><div class=\"container\"><span><span><a href=\"https:\/\/www.novotek.com\/fi\/\" class=\"breadcrumb-frontpage\">Home<\/a><\/span><\/span><\/div><\/div>\n\n\n<div class=\"container-md paragraph  \">\n<p>Tuotantoyrityksiss\u00e4 tulee aina olemaan koneiden ja laitteiden huoltotarve. Haasteena on, ett\u00e4 huollon tarpeen huomaa usein vasta sitten, kun virheit\u00e4 tai puutteita ilmenee. Tarvittavat tiedot on piilotettu lokikirjoihin tai taulukkolaskentaj\u00e4rjestelmiin, kuten Exceliin, eiv\u00e4tk\u00e4 ne ilmoita l\u00e4hestyv\u00e4st\u00e4 huollon tarpeesta. <\/p>\n<\/div>\n\n<div class=\"container-md paragraph  \">\n<p>Kunnossapitoj\u00e4rjestelm\u00e4n avulla sinulla on tarvitsemasi tiedot helposti saatavilla. Sen avulla saat kattavan n\u00e4kym\u00e4n tuotantolaitteistoon, sinulle ilmoitetaan ajoissa mahdollisista h\u00e4iri\u00f6ist\u00e4 ja saat tarvittavat ty\u00f6kalut ennaltaehk\u00e4isev\u00e4n huollon suunnitteluun. Kun huoltotoimet tehd\u00e4\u00e4n oikeaan aikaan, tuotanto pysyy tehokkaana ja yll\u00e4pitokustannukset pysyv\u00e4t hallinnassa.<\/p>\n<\/div>\n\n<div class=\"container-md spacer  \">\n<div style=\"height:10px\" aria-hidden=\"true\" class=\"wp-block-spacer\"><\/div>\n<\/div>\n\n<div class=\"container media-text  align\">\n<div class=\"wp-block-media-text is-stacked-on-mobile\" style=\"grid-template-columns:42% auto\"><figure class=\"wp-block-media-text__media\"><img loading=\"lazy\" decoding=\"async\" width=\"1024\" height=\"709\" src=\"https:\/\/www.novotek.com\/fi\/wp-content\/uploads\/sites\/6\/Ratkaisut_ja_Tuotteet\/Kunnossapito\/Novotek_kunnossapito_tehdas-1024x709-1.png\" alt=\"Kunnossapitoj\u00e4rjestelm\u00e4 teollisuuden tarpeisiin.\" class=\"wp-image-4875 size-full\" srcset=\"https:\/\/www.novotek.com\/fi\/wp-content\/uploads\/sites\/6\/Ratkaisut_ja_Tuotteet\/Kunnossapito\/Novotek_kunnossapito_tehdas-1024x709-1.png 1024w, https:\/\/www.novotek.com\/fi\/wp-content\/uploads\/sites\/6\/Ratkaisut_ja_Tuotteet\/Kunnossapito\/Novotek_kunnossapito_tehdas-1024x709-1-300x208.png 300w, https:\/\/www.novotek.com\/fi\/wp-content\/uploads\/sites\/6\/Ratkaisut_ja_Tuotteet\/Kunnossapito\/Novotek_kunnossapito_tehdas-1024x709-1-768x532.png 768w\" sizes=\"auto, (max-width: 1024px) 100vw, 1024px\" \/><\/figure><div class=\"wp-block-media-text__content\"><div class=\"container-md heading  \">\n<h2 class=\"wp-block-heading\">Miten kunnossapitoj\u00e4rjestelm\u00e4\u00e4 k\u00e4ytet\u00e4\u00e4n?<\/h2>\n<\/div>\n\n<div class=\"container-md paragraph  \">\n<p>Kunnossapitoj\u00e4rjestelm\u00e4t, joita kutsutaan my\u00f6s \u00e4lykk\u00e4iksi yll\u00e4pitoj\u00e4rjestelmiksi, ovat osa Teollisuus 4.0:aa. Koneista ja laitteista ker\u00e4tyn tiedon, kartoitushistorian ja analyysin avulla j\u00e4rjestelm\u00e4 osaa ennustaa ja varoittaa mahdollisista virheist\u00e4.<\/p>\n<\/div>\n\n<div class=\"container-md paragraph  \">\n<p>Kunnossapitoj\u00e4rjestelm\u00e4 tarjoaa sinulle ty\u00f6kalut huollon suunnitteluun, suorittamiseen ja rekister\u00f6intiin. Kaikki tieto on saatavilla yhdest\u00e4 paikasta &#8211; kuten koneiden ja laitteiden huoltohistoria ja dokumentaatiot. <\/p>\n<\/div>\n\n<div class=\"container-md paragraph  \">\n<p>Kunnossapitoj\u00e4rjestelm\u00e4 auttaa sinua tekem\u00e4\u00e4n oikeat p\u00e4\u00e4t\u00f6kset nopeasti, perustuen pikemminkin tosiasioihin kuin oletuksiin. Koneiden ennaltaehk\u00e4isev\u00e4ll\u00e4 huollolla voidaan pident\u00e4\u00e4 k\u00e4ytt\u00f6ik\u00e4\u00e4, v\u00e4hent\u00e4\u00e4 seisokkeja ja yll\u00e4pit\u00e4\u00e4 tuotantokapasiteettia.<\/p>\n<\/div><\/div><\/div>\n<\/div>\n\n<div class=\"container-md spacer  \">\n<div style=\"height:10px\" aria-hidden=\"true\" class=\"wp-block-spacer\"><\/div>\n<\/div>\n\n<div class=\"container-md heading  \">\n<h2 class=\"wp-block-heading\">Ole kunnossapidon eturintamassa<\/h2>\n<\/div>\n\n<div class=\"container-md paragraph  \">\n<p id=\"tw-target-text\">Modernin kunnossapitoj\u00e4rjestelm\u00e4n avulla saat paremman yleiskuvan ja hallinnan koneista ja laitteista. Saavutat parempia huoltorutiineja ja huoltojen suorittaminen tapahtuu ajallaan. Kunnossapitoj\u00e4rjestelm\u00e4 helpottaa my\u00f6s tarkastusvaatimusten t\u00e4ytt\u00e4mist\u00e4.<\/p>\n<\/div>\n\n<div class=\"container-md paragraph  \">\n<p id=\"tw-target-text\">Novotek on <strong><a href=\"https:\/\/www.novotek.com\/fi\/ratkaisut-ja-tuotteet\/kunnossapito\/idus-online\/\">kunnossapitoj\u00e4rjestelm\u00e4 Idus Onlinen<\/a><\/strong> toimittaja. L\u00e4hes 30 vuoden kokemuksella ja yli 2000 tyytyv\u00e4isell\u00e4 asiakkaalla Idus on nyky\u00e4\u00e4n yksi johtavista j\u00e4rjestelmist\u00e4 Skandinavian markkinoilla. Idus sis\u00e4lt\u00e4\u00e4 laajan valikoiman toimintoja rekister\u00f6inti\u00e4, dokumentointia ja ilmoituksia varten, esiteltyn\u00e4 k\u00e4ytt\u00e4j\u00e4yst\u00e4v\u00e4llisess\u00e4 k\u00e4ytt\u00f6liittym\u00e4ss\u00e4.<\/p>\n<\/div>\n\n<div class=\"container-md spacer  \">\n<div style=\"height:10px\" aria-hidden=\"true\" class=\"wp-block-spacer\"><\/div>\n<\/div>\n\n  <div class=\"slider-column-parent\">\n    <div class=\"container\">\n      <div class=\"slider-column-title\">Lis\u00e4tietoja aiheesta<\/div>\n\n      <div class=\"slider-column\">\n        <div class=\"slider-cell carousel-cell large\"><div class=\"column-box\">\n      <div class=\"icon \">\n      <img loading=\"lazy\" decoding=\"async\" width=\"150\" height=\"150\" src=\"https:\/\/www.novotek.com\/fi\/wp-content\/uploads\/sites\/6\/Icons\/wrench-icon-300x300-1-150x150.png.webp\" class=\"attachment-thumbnail size-thumbnail\" alt=\"icon wrench\" srcset=\"https:\/\/www.novotek.com\/fi\/wp-content\/uploads\/sites\/6\/Icons\/wrench-icon-300x300-1-150x150.png.webp 150w, https:\/\/www.novotek.com\/fi\/wp-content\/uploads\/sites\/6\/Icons\/wrench-icon-300x300-1.png.webp 300w\" sizes=\"auto, (max-width: 150px) 100vw, 150px\" \/>    <\/div>\n  \n      <div class=\"title\">\n      Idus Online    <\/div>\n  \n      <div class=\"text\">\n      <p id=\"tw-target-text\" class=\"tw-data-text tw-text-large tw-ta\" dir=\"ltr\" data-placeholder=\"Translation\"><span class=\"Y2IQFc\" lang=\"fi\">Pilvipohjainen ja kattava kunnossapitoj\u00e4rjestelm\u00e4.\u00a0<\/span><\/p>\n    <\/div>\n  \n      <a class=\"link\"  href=\"https:\/\/www.novotek.com\/fi\/ratkaisut-ja-tuotteet\/kunnossapito\/idus-online\/\" target=\"_blank\">\n      Lue lis\u00e4\u00e4 Idus Onlinesta    <\/a>\n  \n  <\/div>\n\n<\/div><div class=\"slider-cell carousel-cell large\"><div class=\"column-box\">\n      <div class=\"icon \">\n      <img loading=\"lazy\" decoding=\"async\" width=\"150\" height=\"150\" src=\"https:\/\/www.novotek.com\/fi\/wp-content\/uploads\/sites\/6\/Icons\/icon-diamond-300x300-5-150x150.png.webp\" class=\"attachment-thumbnail size-thumbnail\" alt=\"icon-diamond\" srcset=\"https:\/\/www.novotek.com\/fi\/wp-content\/uploads\/sites\/6\/Icons\/icon-diamond-300x300-5-150x150.png.webp 150w, https:\/\/www.novotek.com\/fi\/wp-content\/uploads\/sites\/6\/Icons\/icon-diamond-300x300-5-300x300.png.webp 300w, https:\/\/www.novotek.com\/fi\/wp-content\/uploads\/sites\/6\/Icons\/icon-diamond-300x300-5-1024x1024.png.webp 1024w, https:\/\/www.novotek.com\/fi\/wp-content\/uploads\/sites\/6\/Icons\/icon-diamond-300x300-5-768x768.png.webp 768w, https:\/\/www.novotek.com\/fi\/wp-content\/uploads\/sites\/6\/Icons\/icon-diamond-300x300-5.png.webp 1112w\" sizes=\"auto, (max-width: 150px) 100vw, 150px\" \/>    <\/div>\n  \n      <div class=\"title\">\n      Asiakastarina    <\/div>\n  \n      <div class=\"text\">\n      <p>Uddevallan Satamaterminaali on ottanut valtavan kokonaisuuden kunnossapidon hallintaan Idus Onlinen avulla.<\/p>\n    <\/div>\n  \n      <a class=\"link\"  href=\"https:\/\/www.novotek.com\/fi\/asiakastarinat\/uddevallan-satamaterminaali\/\" target=\"_blank\">\n      Lue asiakastarina    <\/a>\n  \n  <\/div>\n\n<\/div><div class=\"slider-cell carousel-cell large\"><div class=\"column-box\">\n      <div class=\"icon \">\n      <img loading=\"lazy\" decoding=\"async\" width=\"150\" height=\"150\" src=\"https:\/\/www.novotek.com\/fi\/wp-content\/uploads\/sites\/6\/Icons\/Icon_DataSheet-300x300-1-150x150.png\" class=\"attachment-thumbnail size-thumbnail\" alt=\"DataSheet\" srcset=\"https:\/\/www.novotek.com\/fi\/wp-content\/uploads\/sites\/6\/Icons\/Icon_DataSheet-300x300-1-150x150.png 150w, https:\/\/www.novotek.com\/fi\/wp-content\/uploads\/sites\/6\/Icons\/Icon_DataSheet-300x300-1.png 300w\" sizes=\"auto, (max-width: 150px) 100vw, 150px\" \/>    <\/div>\n  \n      <div class=\"title\">\n      Artikkeli    <\/div>\n  \n      <div class=\"text\">\n      <p>Miten valita oikea kunnossapito strategia? Tietoisku aiheesta ja k\u00e4yt\u00e4nn\u00f6lliset toimet kunnossapidon kehitt\u00e4miseen.<\/p>\n    <\/div>\n  \n      <a class=\"link\"  href=\"https:\/\/www.novotek.com\/fi\/insight\/kunnossapitostrategian-valinta\/\" target=\"_blank\">\n      Lue artikkeli    <\/a>\n  \n  <\/div>\n\n<\/div><div class=\"slider-cell carousel-cell large\"><div class=\"column-box\">\n      <div class=\"icon \">\n      <img loading=\"lazy\" decoding=\"async\" width=\"150\" height=\"150\" src=\"https:\/\/www.novotek.com\/fi\/wp-content\/uploads\/sites\/6\/Icons\/Play-150x150.png.webp\" class=\"attachment-thumbnail size-thumbnail\" alt=\"Play Webinar\" srcset=\"https:\/\/www.novotek.com\/fi\/wp-content\/uploads\/sites\/6\/Icons\/Play-150x150.png.webp 150w, https:\/\/www.novotek.com\/fi\/wp-content\/uploads\/sites\/6\/Icons\/Play-300x300.png.webp 300w, https:\/\/www.novotek.com\/fi\/wp-content\/uploads\/sites\/6\/Icons\/Play-1024x1024.png.webp 1024w, https:\/\/www.novotek.com\/fi\/wp-content\/uploads\/sites\/6\/Icons\/Play-768x768.png.webp 768w, https:\/\/www.novotek.com\/fi\/wp-content\/uploads\/sites\/6\/Icons\/Play.png.webp 1401w\" sizes=\"auto, (max-width: 150px) 100vw, 150px\" \/>    <\/div>\n  \n      <div class=\"title\">\n      Webinaari    <\/div>\n  \n      <div class=\"text\">\n      <p>Kunnossapitoj\u00e4rjestelm\u00e4 tuotannon tehokkuuden tukipilarina.<\/p>\n    <\/div>\n  \n      <a class=\"link\"  href=\"https:\/\/www.novotek.com\/fi\/insight\/webinaari-kunnossapitojarjestelma-tuotannon-tehokkuuden-tukipilarina\/\" target=\"_blank\">\n      Lue lis\u00e4\u00e4 ja katso tallenne    <\/a>\n  \n  <\/div>\n\n<\/div>      <\/div>\n    <\/div>\n  <\/div>\n\n\n<div class=\"container-md paragraph  \">\n<p><\/p>\n<\/div>","protected":false},"excerpt":{"rendered":"<p>Tuotantoyrityksiss\u00e4 tulee aina olemaan koneiden ja laitteiden huoltotarve. Haasteena on, ett\u00e4 huollon tarpeen huomaa usein vasta sitten, kun virheit\u00e4 tai puutteita ilmenee. Tarvittavat tiedot on piilotettu lokikirjoihin tai taulukkolaskentaj\u00e4rjestelmiin, kuten Exceliin, eiv\u00e4tk\u00e4 ne ilmoita l\u00e4hestyv\u00e4st\u00e4 huollon tarpeesta. Kunnossapitoj\u00e4rjestelm\u00e4n avulla sinulla on tarvitsemasi tiedot helposti saatavilla. Sen avulla saat kattavan n\u00e4kym\u00e4n tuotantolaitteistoon, sinulle ilmoitetaan ajoissa mahdollisista [&hellip;]<\/p>\n","protected":false},"author":24,"featured_media":0,"parent":1433,"menu_order":3,"comment_status":"closed","ping_status":"closed","template":"","meta":{"_acf_changed":false,"_relevanssi_hide_post":"","_relevanssi_pin_for_all":"","_relevanssi_pin_keywords":"","_relevanssi_unpin_keywords":"","_relevanssi_related_keywords":"","_relevanssi_related_include_ids":"","_relevanssi_related_exclude_ids":"","_relevanssi_related_no_append":"","_relevanssi_related_not_related":"","_relevanssi_related_posts":"1","_relevanssi_noindex_reason":"","footnotes":""},"class_list":["post-4871","page","type-page","status-publish","hentry"],"acf":[],"yoast_head":"<!-- This site is optimized with the Yoast SEO plugin v27.3 - https:\/\/yoast.com\/product\/yoast-seo-wordpress\/ -->\n<title>Kunnossapito - Novotek Finland<\/title>\n<meta name=\"description\" content=\"Tuotantoyrityksiss\u00e4 tulee aina olemaan koneiden ja laitteiden huoltotarve. Katso ratkaisumme kunnossapidon tarpeisiin.\" \/>\n<meta name=\"robots\" content=\"index, follow, max-snippet:-1, max-image-preview:large, max-video-preview:-1\" \/>\n<link rel=\"canonical\" href=\"https:\/\/www.novotek.com\/fi\/ratkaisut-ja-tuotteet\/kunnossapito\/\" \/>\n<meta property=\"og:locale\" content=\"fi_FI\" \/>\n<meta property=\"og:type\" content=\"article\" \/>\n<meta property=\"og:title\" content=\"Kunnossapito - Novotek Finland\" \/>\n<meta property=\"og:description\" content=\"Tuotantoyrityksiss\u00e4 tulee aina olemaan koneiden ja laitteiden huoltotarve. Katso ratkaisumme kunnossapidon tarpeisiin.\" \/>\n<meta property=\"og:url\" content=\"https:\/\/www.novotek.com\/fi\/ratkaisut-ja-tuotteet\/kunnossapito\/\" \/>\n<meta property=\"og:site_name\" content=\"Novotek Finland\" \/>\n<meta property=\"article:modified_time\" content=\"2025-04-01T10:29:08+00:00\" \/>\n<meta property=\"og:image\" content=\"https:\/\/www.novotek.com\/fi\/wp-content\/uploads\/sites\/6\/Ratkaisut_ja_Tuotteet\/Kunnossapito\/Novotek_kunnossapito_tehdas-1024x709-1.png\" \/>\n<meta name=\"twitter:card\" content=\"summary_large_image\" \/>\n<meta name=\"twitter:label1\" content=\"Arvioitu lukuaika\" \/>\n\t<meta name=\"twitter:data1\" content=\"2 minuuttia\" \/>\n<script type=\"application\/ld+json\" class=\"yoast-schema-graph\">{\"@context\":\"https:\\\/\\\/schema.org\",\"@graph\":[{\"@type\":\"WebPage\",\"@id\":\"https:\\\/\\\/www.novotek.com\\\/fi\\\/ratkaisut-ja-tuotteet\\\/kunnossapito\\\/\",\"url\":\"https:\\\/\\\/www.novotek.com\\\/fi\\\/ratkaisut-ja-tuotteet\\\/kunnossapito\\\/\",\"name\":\"Kunnossapito - Novotek Finland\",\"isPartOf\":{\"@id\":\"https:\\\/\\\/www.novotek.com\\\/fi\\\/#website\"},\"primaryImageOfPage\":{\"@id\":\"https:\\\/\\\/www.novotek.com\\\/fi\\\/ratkaisut-ja-tuotteet\\\/kunnossapito\\\/#primaryimage\"},\"image\":{\"@id\":\"https:\\\/\\\/www.novotek.com\\\/fi\\\/ratkaisut-ja-tuotteet\\\/kunnossapito\\\/#primaryimage\"},\"thumbnailUrl\":\"https:\\\/\\\/www.novotek.com\\\/fi\\\/wp-content\\\/uploads\\\/sites\\\/6\\\/Ratkaisut_ja_Tuotteet\\\/Kunnossapito\\\/Novotek_kunnossapito_tehdas-1024x709-1.png\",\"datePublished\":\"2022-02-01T07:01:08+00:00\",\"dateModified\":\"2025-04-01T10:29:08+00:00\",\"description\":\"Tuotantoyrityksiss\u00e4 tulee aina olemaan koneiden ja laitteiden huoltotarve. Katso ratkaisumme kunnossapidon tarpeisiin.\",\"breadcrumb\":{\"@id\":\"https:\\\/\\\/www.novotek.com\\\/fi\\\/ratkaisut-ja-tuotteet\\\/kunnossapito\\\/#breadcrumb\"},\"inLanguage\":\"fi\",\"potentialAction\":[{\"@type\":\"ReadAction\",\"target\":[\"https:\\\/\\\/www.novotek.com\\\/fi\\\/ratkaisut-ja-tuotteet\\\/kunnossapito\\\/\"]}]},{\"@type\":\"ImageObject\",\"inLanguage\":\"fi\",\"@id\":\"https:\\\/\\\/www.novotek.com\\\/fi\\\/ratkaisut-ja-tuotteet\\\/kunnossapito\\\/#primaryimage\",\"url\":\"https:\\\/\\\/www.novotek.com\\\/fi\\\/wp-content\\\/uploads\\\/sites\\\/6\\\/Ratkaisut_ja_Tuotteet\\\/Kunnossapito\\\/Novotek_kunnossapito_tehdas-1024x709-1.png\",\"contentUrl\":\"https:\\\/\\\/www.novotek.com\\\/fi\\\/wp-content\\\/uploads\\\/sites\\\/6\\\/Ratkaisut_ja_Tuotteet\\\/Kunnossapito\\\/Novotek_kunnossapito_tehdas-1024x709-1.png\",\"width\":1024,\"height\":709,\"caption\":\"Miten kunnossapitoj\u00e4rjestelm\u00e4\u00e4 k\u00e4ytet\u00e4\u00e4n?\"},{\"@type\":\"BreadcrumbList\",\"@id\":\"https:\\\/\\\/www.novotek.com\\\/fi\\\/ratkaisut-ja-tuotteet\\\/kunnossapito\\\/#breadcrumb\",\"itemListElement\":[{\"@type\":\"ListItem\",\"position\":1,\"name\":\"Home\",\"item\":\"https:\\\/\\\/www.novotek.com\\\/fi\\\/\"},{\"@type\":\"ListItem\",\"position\":2,\"name\":\"Ratkaisut ja tuotteet\",\"item\":\"https:\\\/\\\/www.novotek.com\\\/fi\\\/ratkaisut-ja-tuotteet\\\/\"},{\"@type\":\"ListItem\",\"position\":3,\"name\":\"Kunnossapito\"}]},{\"@type\":\"WebSite\",\"@id\":\"https:\\\/\\\/www.novotek.com\\\/fi\\\/#website\",\"url\":\"https:\\\/\\\/www.novotek.com\\\/fi\\\/\",\"name\":\"Novotek Finland\",\"description\":\"Teollisuuden digitalisaatio\",\"publisher\":{\"@id\":\"https:\\\/\\\/www.novotek.com\\\/fi\\\/#organization\"},\"potentialAction\":[{\"@type\":\"SearchAction\",\"target\":{\"@type\":\"EntryPoint\",\"urlTemplate\":\"https:\\\/\\\/www.novotek.com\\\/fi\\\/?s={search_term_string}\"},\"query-input\":{\"@type\":\"PropertyValueSpecification\",\"valueRequired\":true,\"valueName\":\"search_term_string\"}}],\"inLanguage\":\"fi\"},{\"@type\":\"Organization\",\"@id\":\"https:\\\/\\\/www.novotek.com\\\/fi\\\/#organization\",\"name\":\"Novotek Finland\",\"url\":\"https:\\\/\\\/www.novotek.com\\\/fi\\\/\",\"logo\":{\"@type\":\"ImageObject\",\"inLanguage\":\"fi\",\"@id\":\"https:\\\/\\\/www.novotek.com\\\/fi\\\/#\\\/schema\\\/logo\\\/image\\\/\",\"url\":\"https:\\\/\\\/www.novotek.com\\\/fi\\\/wp-content\\\/uploads\\\/sites\\\/6\\\/Logo\\\/novotek-symbol-rgb-pos.jpg\",\"contentUrl\":\"https:\\\/\\\/www.novotek.com\\\/fi\\\/wp-content\\\/uploads\\\/sites\\\/6\\\/Logo\\\/novotek-symbol-rgb-pos.jpg\",\"width\":864,\"height\":734,\"caption\":\"Novotek Finland\"},\"image\":{\"@id\":\"https:\\\/\\\/www.novotek.com\\\/fi\\\/#\\\/schema\\\/logo\\\/image\\\/\"},\"sameAs\":[\"https:\\\/\\\/fi.linkedin.com\\\/company\\\/novotek-oy\"]}]}<\/script>\n<!-- \/ Yoast SEO plugin. -->","yoast_head_json":{"title":"Kunnossapito - Novotek Finland","description":"Tuotantoyrityksiss\u00e4 tulee aina olemaan koneiden ja laitteiden huoltotarve. Katso ratkaisumme kunnossapidon tarpeisiin.","robots":{"index":"index","follow":"follow","max-snippet":"max-snippet:-1","max-image-preview":"max-image-preview:large","max-video-preview":"max-video-preview:-1"},"canonical":"https:\/\/www.novotek.com\/fi\/ratkaisut-ja-tuotteet\/kunnossapito\/","og_locale":"fi_FI","og_type":"article","og_title":"Kunnossapito - Novotek Finland","og_description":"Tuotantoyrityksiss\u00e4 tulee aina olemaan koneiden ja laitteiden huoltotarve. Katso ratkaisumme kunnossapidon tarpeisiin.","og_url":"https:\/\/www.novotek.com\/fi\/ratkaisut-ja-tuotteet\/kunnossapito\/","og_site_name":"Novotek Finland","article_modified_time":"2025-04-01T10:29:08+00:00","og_image":[{"url":"https:\/\/www.novotek.com\/fi\/wp-content\/uploads\/sites\/6\/Ratkaisut_ja_Tuotteet\/Kunnossapito\/Novotek_kunnossapito_tehdas-1024x709-1.png","type":"","width":"","height":""}],"twitter_card":"summary_large_image","twitter_misc":{"Arvioitu lukuaika":"2 minuuttia"},"schema":{"@context":"https:\/\/schema.org","@graph":[{"@type":"WebPage","@id":"https:\/\/www.novotek.com\/fi\/ratkaisut-ja-tuotteet\/kunnossapito\/","url":"https:\/\/www.novotek.com\/fi\/ratkaisut-ja-tuotteet\/kunnossapito\/","name":"Kunnossapito - Novotek Finland","isPartOf":{"@id":"https:\/\/www.novotek.com\/fi\/#website"},"primaryImageOfPage":{"@id":"https:\/\/www.novotek.com\/fi\/ratkaisut-ja-tuotteet\/kunnossapito\/#primaryimage"},"image":{"@id":"https:\/\/www.novotek.com\/fi\/ratkaisut-ja-tuotteet\/kunnossapito\/#primaryimage"},"thumbnailUrl":"https:\/\/www.novotek.com\/fi\/wp-content\/uploads\/sites\/6\/Ratkaisut_ja_Tuotteet\/Kunnossapito\/Novotek_kunnossapito_tehdas-1024x709-1.png","datePublished":"2022-02-01T07:01:08+00:00","dateModified":"2025-04-01T10:29:08+00:00","description":"Tuotantoyrityksiss\u00e4 tulee aina olemaan koneiden ja laitteiden huoltotarve. Katso ratkaisumme kunnossapidon tarpeisiin.","breadcrumb":{"@id":"https:\/\/www.novotek.com\/fi\/ratkaisut-ja-tuotteet\/kunnossapito\/#breadcrumb"},"inLanguage":"fi","potentialAction":[{"@type":"ReadAction","target":["https:\/\/www.novotek.com\/fi\/ratkaisut-ja-tuotteet\/kunnossapito\/"]}]},{"@type":"ImageObject","inLanguage":"fi","@id":"https:\/\/www.novotek.com\/fi\/ratkaisut-ja-tuotteet\/kunnossapito\/#primaryimage","url":"https:\/\/www.novotek.com\/fi\/wp-content\/uploads\/sites\/6\/Ratkaisut_ja_Tuotteet\/Kunnossapito\/Novotek_kunnossapito_tehdas-1024x709-1.png","contentUrl":"https:\/\/www.novotek.com\/fi\/wp-content\/uploads\/sites\/6\/Ratkaisut_ja_Tuotteet\/Kunnossapito\/Novotek_kunnossapito_tehdas-1024x709-1.png","width":1024,"height":709,"caption":"Miten kunnossapitoj\u00e4rjestelm\u00e4\u00e4 k\u00e4ytet\u00e4\u00e4n?"},{"@type":"BreadcrumbList","@id":"https:\/\/www.novotek.com\/fi\/ratkaisut-ja-tuotteet\/kunnossapito\/#breadcrumb","itemListElement":[{"@type":"ListItem","position":1,"name":"Home","item":"https:\/\/www.novotek.com\/fi\/"},{"@type":"ListItem","position":2,"name":"Ratkaisut ja tuotteet","item":"https:\/\/www.novotek.com\/fi\/ratkaisut-ja-tuotteet\/"},{"@type":"ListItem","position":3,"name":"Kunnossapito"}]},{"@type":"WebSite","@id":"https:\/\/www.novotek.com\/fi\/#website","url":"https:\/\/www.novotek.com\/fi\/","name":"Novotek Finland","description":"Teollisuuden digitalisaatio","publisher":{"@id":"https:\/\/www.novotek.com\/fi\/#organization"},"potentialAction":[{"@type":"SearchAction","target":{"@type":"EntryPoint","urlTemplate":"https:\/\/www.novotek.com\/fi\/?s={search_term_string}"},"query-input":{"@type":"PropertyValueSpecification","valueRequired":true,"valueName":"search_term_string"}}],"inLanguage":"fi"},{"@type":"Organization","@id":"https:\/\/www.novotek.com\/fi\/#organization","name":"Novotek Finland","url":"https:\/\/www.novotek.com\/fi\/","logo":{"@type":"ImageObject","inLanguage":"fi","@id":"https:\/\/www.novotek.com\/fi\/#\/schema\/logo\/image\/","url":"https:\/\/www.novotek.com\/fi\/wp-content\/uploads\/sites\/6\/Logo\/novotek-symbol-rgb-pos.jpg","contentUrl":"https:\/\/www.novotek.com\/fi\/wp-content\/uploads\/sites\/6\/Logo\/novotek-symbol-rgb-pos.jpg","width":864,"height":734,"caption":"Novotek Finland"},"image":{"@id":"https:\/\/www.novotek.com\/fi\/#\/schema\/logo\/image\/"},"sameAs":["https:\/\/fi.linkedin.com\/company\/novotek-oy"]}]}},"_links":{"self":[{"href":"https:\/\/www.novotek.com\/fi\/wp-json\/wp\/v2\/pages\/4871","targetHints":{"allow":["GET"]}}],"collection":[{"href":"https:\/\/www.novotek.com\/fi\/wp-json\/wp\/v2\/pages"}],"about":[{"href":"https:\/\/www.novotek.com\/fi\/wp-json\/wp\/v2\/types\/page"}],"author":[{"embeddable":true,"href":"https:\/\/www.novotek.com\/fi\/wp-json\/wp\/v2\/users\/24"}],"replies":[{"embeddable":true,"href":"https:\/\/www.novotek.com\/fi\/wp-json\/wp\/v2\/comments?post=4871"}],"version-history":[{"count":34,"href":"https:\/\/www.novotek.com\/fi\/wp-json\/wp\/v2\/pages\/4871\/revisions"}],"predecessor-version":[{"id":16512,"href":"https:\/\/www.novotek.com\/fi\/wp-json\/wp\/v2\/pages\/4871\/revisions\/16512"}],"up":[{"embeddable":true,"href":"https:\/\/www.novotek.com\/fi\/wp-json\/wp\/v2\/pages\/1433"}],"wp:attachment":[{"href":"https:\/\/www.novotek.com\/fi\/wp-json\/wp\/v2\/media?parent=4871"}],"curies":[{"name":"wp","href":"https:\/\/api.w.org\/{rel}","templated":true}]}}