{"id":7997,"date":"2022-10-07T07:57:31","date_gmt":"2022-10-07T07:57:31","guid":{"rendered":"https:\/\/www.novotek.com\/fi\/?page_id=7997"},"modified":"2025-09-30T10:06:27","modified_gmt":"2025-09-30T08:06:27","slug":"derome","status":"publish","type":"page","link":"https:\/\/www.novotek.com\/fi\/asiakastarinat\/derome\/","title":{"rendered":"Derome"},"content":{"rendered":"  <div class=\"hero\">\n    <div class=\"carousel hero-slider small\" data-flickity data-flickity-options='{\"prevNextButtons\": false}'>\n              <div class=\"carousel-cell\">\n          <div class=\"container\">\n            <div class=\"hero-content\">\n                              <p><strong>Asiakastarina<\/strong><\/p>\n<p style=\"font-size: 52px;font-weight: bold\">Derome<\/p>\n<p>Derome p\u00e4\u00e4tti yhten\u00e4ist\u00e4\u00e4 tuotantolaitoksiensa toimintaa ja ottaa k\u00e4ytt\u00f6\u00f6n OEE-j\u00e4rjestelm\u00e4n koko konsernin laajuisesti.<\/p>\n              \n                          <\/div>\n          <\/div>\n\n          <img decoding=\"async\" width=\"1024\" height=\"427\" src=\"https:\/\/www.novotek.com\/fi\/wp-content\/uploads\/sites\/6\/Asiakastarinat\/Derome\/DSF3759-duotone-hero-image-derome-1024x427.jpg.webp\" class=\"hero-bg\" alt=\"Hero Img\" fetchpriority=\"high\" srcset=\"https:\/\/www.novotek.com\/fi\/wp-content\/uploads\/sites\/6\/Asiakastarinat\/Derome\/DSF3759-duotone-hero-image-derome-1024x427.jpg.webp 1024w, https:\/\/www.novotek.com\/fi\/wp-content\/uploads\/sites\/6\/Asiakastarinat\/Derome\/DSF3759-duotone-hero-image-derome-300x125.jpg.webp 300w, https:\/\/www.novotek.com\/fi\/wp-content\/uploads\/sites\/6\/Asiakastarinat\/Derome\/DSF3759-duotone-hero-image-derome-768x320.jpg.webp 768w, https:\/\/www.novotek.com\/fi\/wp-content\/uploads\/sites\/6\/Asiakastarinat\/Derome\/DSF3759-duotone-hero-image-derome-1536x641.jpg.webp 1536w, https:\/\/www.novotek.com\/fi\/wp-content\/uploads\/sites\/6\/Asiakastarinat\/Derome\/DSF3759-duotone-hero-image-derome.jpg.webp 1920w\" sizes=\"(max-width: 1024px) 100vw, 1024px\" \/>                  <\/div>\n          <\/div>\n\n      <\/div>\n\n   <div class=\"floating-breadcrumb\"><div class=\"container\"><span><span><a href=\"https:\/\/www.novotek.com\/fi\/\" class=\"breadcrumb-frontpage\">Home<\/a><\/span><\/span><\/div><\/div>\n\n\n<div class=\"container-md heading  \">\n<h1 class=\"wp-block-heading\" id=\"h-derome-paransi-oee-tehokkuuttaan-10-rs-productionin-avulla\">Derome paransi OEE-tehokkuuttaan 10 % RS Productionin avulla<\/h1>\n<\/div>\n\n<div class=\"container-md paragraph  \">\n<p><strong><a href=\"https:\/\/www.derome.com\/\" target=\"_blank\" rel=\"noreferrer noopener\">Derome Group <\/a><\/strong>on yksi Ruotsin suurimmista perheomisteisista Saha-alan yrityksist\u00e4. Yritys tuottaa erilaisia puutuotteita,  taloja, rakennuselementtej\u00e4 ja ymp\u00e4rist\u00f6yst\u00e4v\u00e4llist\u00e4 bioenergiaa. Yritys on ollut toiminnassa vuodesta 1946. <\/p>\n<\/div>\n\n<div class=\"container-md paragraph  \">\n<p>Kinnaredin tehdas k\u00e4sitt\u00e4\u00e4 sahan ja pellettitehtaan. Saha tuottaa materiaalia Ruotsin, Iso-Britannian ja USA:n markkinoille ja sen vuosikapasiteetti on 160&nbsp;000 kuutiota. Pellettitehdas puolestaan tuottaa noin 65&nbsp;000 tonnia pelletti\u00e4 vuodessa.<\/p>\n<\/div>\n\n<div class=\"container-md image  \">\n<figure class=\"wp-block-image size-full\"><img loading=\"lazy\" decoding=\"async\" width=\"1024\" height=\"683\" src=\"https:\/\/www.novotek.com\/fi\/wp-content\/uploads\/sites\/6\/Asiakastarinat\/Derome\/DSF3795-1024x683-1.jpg\" alt=\"Digitaalisen OEE-j\u00e4rjestelm\u00e4n avulla Derome saa reaaliaikaisen tiedon kaikkien saataville - ymm\u00e4rrett\u00e4v\u00e4ss\u00e4 muodossa. \" class=\"wp-image-7994\" srcset=\"https:\/\/www.novotek.com\/fi\/wp-content\/uploads\/sites\/6\/Asiakastarinat\/Derome\/DSF3795-1024x683-1.jpg 1024w, https:\/\/www.novotek.com\/fi\/wp-content\/uploads\/sites\/6\/Asiakastarinat\/Derome\/DSF3795-1024x683-1-300x200.jpg 300w, https:\/\/www.novotek.com\/fi\/wp-content\/uploads\/sites\/6\/Asiakastarinat\/Derome\/DSF3795-1024x683-1-768x512.jpg 768w\" sizes=\"auto, (max-width: 1024px) 100vw, 1024px\" \/><figcaption class=\"wp-element-caption\">Derome hy\u00f6dynt\u00e4\u00e4 RS Production OEE-j\u00e4rjestelm\u00e4\u00e4 koko konsernin laajuudessa. Kuva: Good Solutions \/ RS Production OEE<\/figcaption><\/figure>\n<\/div>\n\n<div class=\"container-md heading  \">\n<h2 class=\"wp-block-heading\" id=\"h-haasteena-saada-koko-konsernin-kattava-yleiskuva\">Haasteena saada koko konsernin kattava yleiskuva<\/h2>\n<\/div>\n\n<div class=\"container-md paragraph  \">\n<p>Derome on ollut alallaan edell\u00e4k\u00e4vij\u00e4 digitaalisten ty\u00f6kalujen hy\u00f6dynt\u00e4misess\u00e4. T\u00e4m\u00e4 kuitenkin johti siihen, ett\u00e4 eri tehtaat k\u00e4yttiv\u00e4t erilaisia ty\u00f6kaluja tuotannon monitoroinnissa ja p\u00e4\u00e4t\u00f6ksenteon tukena. Yleiskatsauksen saaminen koko konsernin toiminnasta oli haastavaa. Niinp\u00e4 Derome p\u00e4\u00e4tti yhten\u00e4ist\u00e4\u00e4 tuotantolaitoksiensa toimintaa ja ottaa uuden harppauksen prosessiensa digitalisoimisessa. <\/p>\n<\/div>\n\n<div class=\"container-md paragraph  \">\n<p>Yritys otti k\u00e4ytt\u00f6\u00f6ns\u00e4 konserninlaajuisesti kokonaistehokkuutta mittaavan <a href=\"https:\/\/www.novotek.com\/fi\/ratkaisut-ja-tuotteet\/knl-oee\/\" target=\"_blank\" rel=\"noreferrer noopener\">OEE-tunnusluvun<\/a>. Tarkoituksena on rakentaa kest\u00e4v\u00e4 perusta kasvulle, minimoida manuaalinen ty\u00f6 raporttien tekemisess\u00e4 ja luoda p\u00e4\u00e4t\u00f6ksentekoprosessi tuotantoresurssien optimoimiseksi. Datan tulee olla helposti ymm\u00e4rrett\u00e4v\u00e4ss\u00e4 ja hy\u00f6dynnett\u00e4v\u00e4ss\u00e4 muodossa. Tarkoituksena on l\u00f6yt\u00e4\u00e4 konkreettisia keinoja tuotannon parantamiseen, luotettavaan dataan perustuen.<\/p>\n<\/div>\n\n<div class=\"container-md heading  \">\n<h2 class=\"wp-block-heading\"><strong>Tieto kaikkein saataville helposti ymm\u00e4rrett\u00e4v\u00e4ss\u00e4 muodossa<\/strong><\/h2>\n<\/div>\n\n<div class=\"container-md paragraph  \">\n<p>Tutkittuaan markkinoilla olevia vaihtoehtoja Derome p\u00e4\u00e4tyi <a href=\"https:\/\/www.novotek.com\/fi\/ratkaisut-ja-tuotteet\/knl-oee\/rs-production\/\" target=\"_blank\" rel=\"noreferrer noopener\"><strong>RS Production OEE-ohjelmistoon.<\/strong><\/a> Valinta oli linjassa yrityksen kasvutavoitteiden kanssa ja se voitiin ottaa k\u00e4ytt\u00f6\u00f6n koko konsernin laajuudessa. Ohjelmiston avulla faktoihin perustuvia p\u00e4\u00e4t\u00f6ksi\u00e4 pystyttiin tekem\u00e4\u00e4n tehdaskohtaisesti, samalla kun johtoryhm\u00e4ll\u00e4 oli p\u00e4\u00e4sy koko konsernia koskeviin verrattavissa oleviin tunnuslukuihin.<\/p>\n<\/div>\n\n<div class=\"container-md paragraph  \">\n<p><\/p>\n<\/div>\n\n<div class=\"container-md paragraph  \">\n<p>Joka aamu tuotantoraportti l\u00e4htet\u00e4\u00e4n automaattisesti kaikille asianosaisille aina tuotannossa ty\u00f6skentelevist\u00e4, tehdasp\u00e4\u00e4llik\u00f6ihin ja ylimp\u00e4\u00e4n johtoon. N\u00e4in jokaisella on p\u00e4\u00e4sy luotettavaan faktatietoon ja mahdollisuus tehd\u00e4 p\u00e4\u00e4t\u00f6ksi\u00e4 niiden pohjalta.  <\/p>\n<\/div>\n\n<div class=\"container-md paragraph  \">\n<p>My\u00f6s kunnossapidon ty\u00f6ntekij\u00e4t hy\u00f6tyv\u00e4t OEE-j\u00e4rjestelm\u00e4n k\u00e4ytt\u00f6\u00f6notosta. Heid\u00e4n on nyt mahdollista suunnitella kunnossapitoty\u00f6t siten, ett\u00e4 ne vaikuttavat tuotantoon mahdollisimman v\u00e4h\u00e4n. Kaiken kaikkiaan digitaalinen ratkaisu tuo tiimeille sulavuutta ja vakautta jokap\u00e4iv\u00e4iseen ty\u00f6h\u00f6n.<\/p>\n<\/div>\n\n<div class=\"container-md paragraph  \">\n<p><\/p>\n<\/div>\n\n<div class=\"container-md image  \">\n<figure class=\"wp-block-image size-full\"><img loading=\"lazy\" decoding=\"async\" width=\"1024\" height=\"683\" src=\"https:\/\/www.novotek.com\/fi\/wp-content\/uploads\/sites\/6\/Asiakastarinat\/Derome\/DSF3710-1024x683-1.jpg\" alt=\"OEE-j\u00e4rjestelm\u00e4 tuo tiedon kaikkien saataville ymm\u00e4rrett\u00e4v\u00e4ss\u00e4 ja hy\u00f6dynnett\u00e4v\u00e4ss\u00e4 muodossa\" class=\"wp-image-7992\" srcset=\"https:\/\/www.novotek.com\/fi\/wp-content\/uploads\/sites\/6\/Asiakastarinat\/Derome\/DSF3710-1024x683-1.jpg 1024w, https:\/\/www.novotek.com\/fi\/wp-content\/uploads\/sites\/6\/Asiakastarinat\/Derome\/DSF3710-1024x683-1-300x200.jpg 300w, https:\/\/www.novotek.com\/fi\/wp-content\/uploads\/sites\/6\/Asiakastarinat\/Derome\/DSF3710-1024x683-1-768x512.jpg 768w\" sizes=\"auto, (max-width: 1024px) 100vw, 1024px\" \/><figcaption class=\"wp-element-caption\">Tieto on kaikkien saatavilla ymm\u00e4rrett\u00e4v\u00e4ss\u00e4 ja hy\u00f6dynnett\u00e4v\u00e4ss\u00e4 muodossa. Kuva: Good Solutions \/ RS Production OEE<\/figcaption><\/figure>\n<\/div>\n\n<div class=\"container-md heading  \">\n<h2 class=\"wp-block-heading\">OEE-tehokkuus kasvoi 10% <\/h2>\n<\/div>\n\n<div class=\"container-md paragraph  \">\n<p>Vain kuudessa kuukaudessa Deromen Kinnaredin tehdas paransi OEE-tehokkuuttaan 10%. He ty\u00f6skenteliv\u00e4t tiivistii yhdess\u00e4 tiimin\u00e4 ja perustivat p\u00e4\u00e4t\u00f6ksens\u00e4 RS Productionista saamiinsa numeraalisiin faktoihin. <\/p>\n<\/div>\n\n<div class=\"container-md quote  \">\n<blockquote class=\"wp-block-quote is-layout-flow wp-block-quote-is-layout-flow\"><div class=\"container-md paragraph  \">\n<p>\u201dSe, ett\u00e4 Saha joka tuottaa vuosittain 160&nbsp;000 kuutiota kykenee tuottamaan yli 250 ylim\u00e4\u00e4r\u00e4ist\u00e4 rekkakuormallista valmista tuotetta vain parantamalla tuotannon tehokkuutta on erinomainen tulos!<\/p>\n<\/div><cite>Elias Brag, Projektip\u00e4\u00e4llikk\u00f6, Derome Timber<\/cite><\/blockquote>\n<\/div>\n\n<div class=\"container-md paragraph  \">\n<p>Kinnaredin tehdas tuplaa kapasiteettinsa rakentamalla kokonaan uuden sahan. Elias Brag jatkaa:<\/p>\n<\/div>\n\n<div class=\"container-md paragraph  \">\n<p><em>\u201dRS Production OEE-j\u00e4rjestelm\u00e4ll\u00e4 on merkitt\u00e4v\u00e4 rooli  toiminnassamme. Se tukee kasvuamme, niin nykyisess\u00e4 tuotantoymp\u00e4rist\u00f6ss\u00e4mme kuin my\u00f6s uudessa tehtaassamme. Teemme parannuksia jatkuvasti ja saamme ratkaisusta irti yh\u00e4 enemm\u00e4n<\/em>.&#8221;<\/p>\n<\/div>\n\n<div class=\"container-md image  \">\n<figure class=\"wp-block-image size-full\"><img loading=\"lazy\" decoding=\"async\" width=\"1024\" height=\"683\" src=\"https:\/\/www.novotek.com\/fi\/wp-content\/uploads\/sites\/6\/Asiakastarinat\/Derome\/DSF3820-1024x683-1.jpg\" alt=\"Derome tuplaa tuotantonsa Kinnarediss\u00e4\" class=\"wp-image-7995\" srcset=\"https:\/\/www.novotek.com\/fi\/wp-content\/uploads\/sites\/6\/Asiakastarinat\/Derome\/DSF3820-1024x683-1.jpg 1024w, https:\/\/www.novotek.com\/fi\/wp-content\/uploads\/sites\/6\/Asiakastarinat\/Derome\/DSF3820-1024x683-1-300x200.jpg 300w, https:\/\/www.novotek.com\/fi\/wp-content\/uploads\/sites\/6\/Asiakastarinat\/Derome\/DSF3820-1024x683-1-768x512.jpg 768w\" sizes=\"auto, (max-width: 1024px) 100vw, 1024px\" \/><figcaption class=\"wp-element-caption\">OEE-j\u00e4rjestelm\u00e4 tukee Deromen kasvua. Kuva: Good Solutions \/ RS Production OEE<\/figcaption><\/figure>\n<\/div>\n\n  <div class=\"slider-column-parent\">\n    <div class=\"container\">\n      <div class=\"slider-column-title\">Aiheeseen liittyv\u00e4\u00e4 sis\u00e4lt\u00f6\u00e4<\/div>\n\n      <div class=\"row\">\n        <div class=\"col-12 col-md-4\"><div class=\"column-box\">\n      <div class=\"icon \">\n      <img loading=\"lazy\" decoding=\"async\" width=\"150\" height=\"150\" src=\"https:\/\/www.novotek.com\/fi\/wp-content\/uploads\/sites\/6\/Icons\/Ikon-speedometer_-150x150.png.webp\" class=\"attachment-thumbnail size-thumbnail\" alt=\"icon: tehokkuus\" srcset=\"https:\/\/www.novotek.com\/fi\/wp-content\/uploads\/sites\/6\/Icons\/Ikon-speedometer_-150x150.png.webp 150w, https:\/\/www.novotek.com\/fi\/wp-content\/uploads\/sites\/6\/Icons\/Ikon-speedometer_.png.webp 300w\" sizes=\"auto, (max-width: 150px) 100vw, 150px\" \/>    <\/div>\n  \n      <div class=\"title\">\n      RS Production OEE    <\/div>\n  \n      <div class=\"text\">\n      <p>Seuraa h\u00e4iri\u00f6- ja k\u00e4ytett\u00e4vyysasteita tehokkaasti OEE-j\u00e4rjestelm\u00e4n avulla.<\/p>\n    <\/div>\n  \n      <a class=\"link\"  href=\"https:\/\/www.novotek.com\/fi\/ratkaisut-ja-tuotteet\/knl-oee\/rs-production\/\" target=\"_blank\">\n      Lue lis\u00e4\u00e4 ohjelmistosta    <\/a>\n  \n  <\/div>\n\n<\/div><div class=\"col-12 col-md-4\"><div class=\"column-box\">\n      <div class=\"icon \">\n      <img loading=\"lazy\" decoding=\"async\" width=\"150\" height=\"150\" src=\"https:\/\/www.novotek.com\/fi\/wp-content\/uploads\/sites\/6\/Icons\/icon-diamond-300x300-5-150x150.png.webp\" class=\"attachment-thumbnail size-thumbnail\" alt=\"icon-diamond\" srcset=\"https:\/\/www.novotek.com\/fi\/wp-content\/uploads\/sites\/6\/Icons\/icon-diamond-300x300-5-150x150.png.webp 150w, https:\/\/www.novotek.com\/fi\/wp-content\/uploads\/sites\/6\/Icons\/icon-diamond-300x300-5-300x300.png.webp 300w, https:\/\/www.novotek.com\/fi\/wp-content\/uploads\/sites\/6\/Icons\/icon-diamond-300x300-5-1024x1024.png.webp 1024w, https:\/\/www.novotek.com\/fi\/wp-content\/uploads\/sites\/6\/Icons\/icon-diamond-300x300-5-768x768.png.webp 768w, https:\/\/www.novotek.com\/fi\/wp-content\/uploads\/sites\/6\/Icons\/icon-diamond-300x300-5.png.webp 1112w\" sizes=\"auto, (max-width: 150px) 100vw, 150px\" \/>    <\/div>\n  \n      <div class=\"title\">\n      Asiakastarina    <\/div>\n  \n      <div class=\"text\">\n      <p>Isojoen Saha vie h\u00e4iri\u00f6seurannan uudelle tasolle RS Production OEE:n avulla. Lue kuinka!<\/p>\n    <\/div>\n  \n      <a class=\"link\"  href=\"https:\/\/www.novotek.com\/fi\/asiakastarinat\/isojoen-saha\/\" target=\"_blank\">\n      Lue asiakastarina    <\/a>\n  \n  <\/div>\n\n<\/div><div class=\"col-12 col-md-4\"><div class=\"column-box\">\n      <div class=\"icon \">\n      <img loading=\"lazy\" decoding=\"async\" width=\"150\" height=\"150\" src=\"https:\/\/www.novotek.com\/fi\/wp-content\/uploads\/sites\/6\/Icons\/Icon_DataSheet-300x300-1-150x150.png\" class=\"attachment-thumbnail size-thumbnail\" alt=\"DataSheet\" srcset=\"https:\/\/www.novotek.com\/fi\/wp-content\/uploads\/sites\/6\/Icons\/Icon_DataSheet-300x300-1-150x150.png 150w, https:\/\/www.novotek.com\/fi\/wp-content\/uploads\/sites\/6\/Icons\/Icon_DataSheet-300x300-1.png 300w\" sizes=\"auto, (max-width: 150px) 100vw, 150px\" \/>    <\/div>\n  \n      <div class=\"title\">\n      Blogi    <\/div>\n  \n      <div class=\"text\">\n      <p>Ota tuotannon pullonkaulat haltuun OEE:n avulla.<\/p>\n    <\/div>\n  \n      <a class=\"link\"  href=\"https:\/\/www.novotek.com\/fi\/insight\/ota-tuotannon-pullonkaulat-haltuun-oeen-avulla\/\" target=\"_blank\">\n      Siirry blogiin     <\/a>\n  \n  <\/div>\n\n<\/div>      <\/div>\n    <\/div>\n  <\/div>\n","protected":false},"excerpt":{"rendered":"<p>Saha-alan yritys Derome p\u00e4\u00e4tti yhten\u00e4ist\u00e4\u00e4 tuotantolaitostensa toimintaa OEE:n avulla. <\/p>\n","protected":false},"author":24,"featured_media":0,"parent":5483,"menu_order":3,"comment_status":"closed","ping_status":"closed","template":"","meta":{"_acf_changed":false,"_relevanssi_hide_post":"","_relevanssi_pin_for_all":"","_relevanssi_pin_keywords":"","_relevanssi_unpin_keywords":"","_relevanssi_related_keywords":"","_relevanssi_related_include_ids":"","_relevanssi_related_exclude_ids":"","_relevanssi_related_no_append":"","_relevanssi_related_not_related":"","_relevanssi_related_posts":"7024,6837,4811,5977,4838,6426","_relevanssi_noindex_reason":"","footnotes":""},"class_list":["post-7997","page","type-page","status-publish","hentry"],"acf":[],"yoast_head":"<!-- This site is optimized with the Yoast SEO plugin v27.3 - https:\/\/yoast.com\/product\/yoast-seo-wordpress\/ -->\n<title>Derome - Novotek Finland<\/title>\n<meta name=\"description\" content=\"Saha-alan yritys Derome paransi OEE-tehokkuuttaan 10% puolessa vuodessa RS Production OEE-j\u00e4rjestelm\u00e4n avulla. Lue lis\u00e4\u00e4!\" \/>\n<meta name=\"robots\" content=\"index, follow, max-snippet:-1, max-image-preview:large, max-video-preview:-1\" \/>\n<link rel=\"canonical\" href=\"https:\/\/www.novotek.com\/fi\/asiakastarinat\/derome\/\" \/>\n<meta property=\"og:locale\" content=\"fi_FI\" \/>\n<meta property=\"og:type\" content=\"article\" \/>\n<meta property=\"og:title\" content=\"Derome - Novotek Finland\" \/>\n<meta property=\"og:description\" content=\"Saha-alan yritys Derome paransi OEE-tehokkuuttaan 10% puolessa vuodessa RS Production OEE-j\u00e4rjestelm\u00e4n avulla. Lue lis\u00e4\u00e4!\" \/>\n<meta property=\"og:url\" content=\"https:\/\/www.novotek.com\/fi\/asiakastarinat\/derome\/\" \/>\n<meta property=\"og:site_name\" content=\"Novotek Finland\" \/>\n<meta property=\"article:modified_time\" content=\"2025-09-30T08:06:27+00:00\" \/>\n<meta property=\"og:image\" content=\"https:\/\/www.novotek.com\/fi\/wp-content\/uploads\/sites\/6\/Asiakastarinat\/Derome\/DSF3795-1024x683-1.jpg\" \/>\n<meta name=\"twitter:card\" content=\"summary_large_image\" \/>\n<meta name=\"twitter:label1\" content=\"Arvioitu lukuaika\" \/>\n\t<meta name=\"twitter:data1\" content=\"3 minuuttia\" \/>\n<script type=\"application\/ld+json\" class=\"yoast-schema-graph\">{\"@context\":\"https:\\\/\\\/schema.org\",\"@graph\":[{\"@type\":\"WebPage\",\"@id\":\"https:\\\/\\\/www.novotek.com\\\/fi\\\/asiakastarinat\\\/derome\\\/\",\"url\":\"https:\\\/\\\/www.novotek.com\\\/fi\\\/asiakastarinat\\\/derome\\\/\",\"name\":\"Derome - Novotek Finland\",\"isPartOf\":{\"@id\":\"https:\\\/\\\/www.novotek.com\\\/fi\\\/#website\"},\"primaryImageOfPage\":{\"@id\":\"https:\\\/\\\/www.novotek.com\\\/fi\\\/asiakastarinat\\\/derome\\\/#primaryimage\"},\"image\":{\"@id\":\"https:\\\/\\\/www.novotek.com\\\/fi\\\/asiakastarinat\\\/derome\\\/#primaryimage\"},\"thumbnailUrl\":\"https:\\\/\\\/www.novotek.com\\\/fi\\\/wp-content\\\/uploads\\\/sites\\\/6\\\/Asiakastarinat\\\/Derome\\\/DSF3795-1024x683-1.jpg\",\"datePublished\":\"2022-10-07T07:57:31+00:00\",\"dateModified\":\"2025-09-30T08:06:27+00:00\",\"description\":\"Saha-alan yritys Derome paransi OEE-tehokkuuttaan 10% puolessa vuodessa RS Production OEE-j\u00e4rjestelm\u00e4n avulla. Lue lis\u00e4\u00e4!\",\"breadcrumb\":{\"@id\":\"https:\\\/\\\/www.novotek.com\\\/fi\\\/asiakastarinat\\\/derome\\\/#breadcrumb\"},\"inLanguage\":\"fi\",\"potentialAction\":[{\"@type\":\"ReadAction\",\"target\":[\"https:\\\/\\\/www.novotek.com\\\/fi\\\/asiakastarinat\\\/derome\\\/\"]}]},{\"@type\":\"ImageObject\",\"inLanguage\":\"fi\",\"@id\":\"https:\\\/\\\/www.novotek.com\\\/fi\\\/asiakastarinat\\\/derome\\\/#primaryimage\",\"url\":\"https:\\\/\\\/www.novotek.com\\\/fi\\\/wp-content\\\/uploads\\\/sites\\\/6\\\/Asiakastarinat\\\/Derome\\\/DSF3795-1024x683-1.jpg\",\"contentUrl\":\"https:\\\/\\\/www.novotek.com\\\/fi\\\/wp-content\\\/uploads\\\/sites\\\/6\\\/Asiakastarinat\\\/Derome\\\/DSF3795-1024x683-1.jpg\",\"width\":1024,\"height\":683,\"caption\":\"Digitaalisen OEE-j\u00e4rjestelm\u00e4n avulla Derome saa reaaliaikaisen tiedon kaikkien saataville - ymm\u00e4rrett\u00e4v\u00e4ss\u00e4 muodossa.\"},{\"@type\":\"BreadcrumbList\",\"@id\":\"https:\\\/\\\/www.novotek.com\\\/fi\\\/asiakastarinat\\\/derome\\\/#breadcrumb\",\"itemListElement\":[{\"@type\":\"ListItem\",\"position\":1,\"name\":\"Home\",\"item\":\"https:\\\/\\\/www.novotek.com\\\/fi\\\/\"},{\"@type\":\"ListItem\",\"position\":2,\"name\":\"Asiakastarinat\",\"item\":\"https:\\\/\\\/www.novotek.com\\\/fi\\\/asiakastarinat\\\/\"},{\"@type\":\"ListItem\",\"position\":3,\"name\":\"Derome\"}]},{\"@type\":\"WebSite\",\"@id\":\"https:\\\/\\\/www.novotek.com\\\/fi\\\/#website\",\"url\":\"https:\\\/\\\/www.novotek.com\\\/fi\\\/\",\"name\":\"Novotek Finland\",\"description\":\"Teollisuuden digitalisaatio\",\"publisher\":{\"@id\":\"https:\\\/\\\/www.novotek.com\\\/fi\\\/#organization\"},\"potentialAction\":[{\"@type\":\"SearchAction\",\"target\":{\"@type\":\"EntryPoint\",\"urlTemplate\":\"https:\\\/\\\/www.novotek.com\\\/fi\\\/?s={search_term_string}\"},\"query-input\":{\"@type\":\"PropertyValueSpecification\",\"valueRequired\":true,\"valueName\":\"search_term_string\"}}],\"inLanguage\":\"fi\"},{\"@type\":\"Organization\",\"@id\":\"https:\\\/\\\/www.novotek.com\\\/fi\\\/#organization\",\"name\":\"Novotek Finland\",\"url\":\"https:\\\/\\\/www.novotek.com\\\/fi\\\/\",\"logo\":{\"@type\":\"ImageObject\",\"inLanguage\":\"fi\",\"@id\":\"https:\\\/\\\/www.novotek.com\\\/fi\\\/#\\\/schema\\\/logo\\\/image\\\/\",\"url\":\"https:\\\/\\\/www.novotek.com\\\/fi\\\/wp-content\\\/uploads\\\/sites\\\/6\\\/Logo\\\/novotek-symbol-rgb-pos.jpg\",\"contentUrl\":\"https:\\\/\\\/www.novotek.com\\\/fi\\\/wp-content\\\/uploads\\\/sites\\\/6\\\/Logo\\\/novotek-symbol-rgb-pos.jpg\",\"width\":864,\"height\":734,\"caption\":\"Novotek Finland\"},\"image\":{\"@id\":\"https:\\\/\\\/www.novotek.com\\\/fi\\\/#\\\/schema\\\/logo\\\/image\\\/\"},\"sameAs\":[\"https:\\\/\\\/fi.linkedin.com\\\/company\\\/novotek-oy\"]}]}<\/script>\n<!-- \/ Yoast SEO plugin. -->","yoast_head_json":{"title":"Derome - Novotek Finland","description":"Saha-alan yritys Derome paransi OEE-tehokkuuttaan 10% puolessa vuodessa RS Production OEE-j\u00e4rjestelm\u00e4n avulla. Lue lis\u00e4\u00e4!","robots":{"index":"index","follow":"follow","max-snippet":"max-snippet:-1","max-image-preview":"max-image-preview:large","max-video-preview":"max-video-preview:-1"},"canonical":"https:\/\/www.novotek.com\/fi\/asiakastarinat\/derome\/","og_locale":"fi_FI","og_type":"article","og_title":"Derome - Novotek Finland","og_description":"Saha-alan yritys Derome paransi OEE-tehokkuuttaan 10% puolessa vuodessa RS Production OEE-j\u00e4rjestelm\u00e4n avulla. Lue lis\u00e4\u00e4!","og_url":"https:\/\/www.novotek.com\/fi\/asiakastarinat\/derome\/","og_site_name":"Novotek Finland","article_modified_time":"2025-09-30T08:06:27+00:00","og_image":[{"url":"https:\/\/www.novotek.com\/fi\/wp-content\/uploads\/sites\/6\/Asiakastarinat\/Derome\/DSF3795-1024x683-1.jpg","type":"","width":"","height":""}],"twitter_card":"summary_large_image","twitter_misc":{"Arvioitu lukuaika":"3 minuuttia"},"schema":{"@context":"https:\/\/schema.org","@graph":[{"@type":"WebPage","@id":"https:\/\/www.novotek.com\/fi\/asiakastarinat\/derome\/","url":"https:\/\/www.novotek.com\/fi\/asiakastarinat\/derome\/","name":"Derome - Novotek Finland","isPartOf":{"@id":"https:\/\/www.novotek.com\/fi\/#website"},"primaryImageOfPage":{"@id":"https:\/\/www.novotek.com\/fi\/asiakastarinat\/derome\/#primaryimage"},"image":{"@id":"https:\/\/www.novotek.com\/fi\/asiakastarinat\/derome\/#primaryimage"},"thumbnailUrl":"https:\/\/www.novotek.com\/fi\/wp-content\/uploads\/sites\/6\/Asiakastarinat\/Derome\/DSF3795-1024x683-1.jpg","datePublished":"2022-10-07T07:57:31+00:00","dateModified":"2025-09-30T08:06:27+00:00","description":"Saha-alan yritys Derome paransi OEE-tehokkuuttaan 10% puolessa vuodessa RS Production OEE-j\u00e4rjestelm\u00e4n avulla. Lue lis\u00e4\u00e4!","breadcrumb":{"@id":"https:\/\/www.novotek.com\/fi\/asiakastarinat\/derome\/#breadcrumb"},"inLanguage":"fi","potentialAction":[{"@type":"ReadAction","target":["https:\/\/www.novotek.com\/fi\/asiakastarinat\/derome\/"]}]},{"@type":"ImageObject","inLanguage":"fi","@id":"https:\/\/www.novotek.com\/fi\/asiakastarinat\/derome\/#primaryimage","url":"https:\/\/www.novotek.com\/fi\/wp-content\/uploads\/sites\/6\/Asiakastarinat\/Derome\/DSF3795-1024x683-1.jpg","contentUrl":"https:\/\/www.novotek.com\/fi\/wp-content\/uploads\/sites\/6\/Asiakastarinat\/Derome\/DSF3795-1024x683-1.jpg","width":1024,"height":683,"caption":"Digitaalisen OEE-j\u00e4rjestelm\u00e4n avulla Derome saa reaaliaikaisen tiedon kaikkien saataville - ymm\u00e4rrett\u00e4v\u00e4ss\u00e4 muodossa."},{"@type":"BreadcrumbList","@id":"https:\/\/www.novotek.com\/fi\/asiakastarinat\/derome\/#breadcrumb","itemListElement":[{"@type":"ListItem","position":1,"name":"Home","item":"https:\/\/www.novotek.com\/fi\/"},{"@type":"ListItem","position":2,"name":"Asiakastarinat","item":"https:\/\/www.novotek.com\/fi\/asiakastarinat\/"},{"@type":"ListItem","position":3,"name":"Derome"}]},{"@type":"WebSite","@id":"https:\/\/www.novotek.com\/fi\/#website","url":"https:\/\/www.novotek.com\/fi\/","name":"Novotek Finland","description":"Teollisuuden digitalisaatio","publisher":{"@id":"https:\/\/www.novotek.com\/fi\/#organization"},"potentialAction":[{"@type":"SearchAction","target":{"@type":"EntryPoint","urlTemplate":"https:\/\/www.novotek.com\/fi\/?s={search_term_string}"},"query-input":{"@type":"PropertyValueSpecification","valueRequired":true,"valueName":"search_term_string"}}],"inLanguage":"fi"},{"@type":"Organization","@id":"https:\/\/www.novotek.com\/fi\/#organization","name":"Novotek Finland","url":"https:\/\/www.novotek.com\/fi\/","logo":{"@type":"ImageObject","inLanguage":"fi","@id":"https:\/\/www.novotek.com\/fi\/#\/schema\/logo\/image\/","url":"https:\/\/www.novotek.com\/fi\/wp-content\/uploads\/sites\/6\/Logo\/novotek-symbol-rgb-pos.jpg","contentUrl":"https:\/\/www.novotek.com\/fi\/wp-content\/uploads\/sites\/6\/Logo\/novotek-symbol-rgb-pos.jpg","width":864,"height":734,"caption":"Novotek Finland"},"image":{"@id":"https:\/\/www.novotek.com\/fi\/#\/schema\/logo\/image\/"},"sameAs":["https:\/\/fi.linkedin.com\/company\/novotek-oy"]}]}},"_links":{"self":[{"href":"https:\/\/www.novotek.com\/fi\/wp-json\/wp\/v2\/pages\/7997","targetHints":{"allow":["GET"]}}],"collection":[{"href":"https:\/\/www.novotek.com\/fi\/wp-json\/wp\/v2\/pages"}],"about":[{"href":"https:\/\/www.novotek.com\/fi\/wp-json\/wp\/v2\/types\/page"}],"author":[{"embeddable":true,"href":"https:\/\/www.novotek.com\/fi\/wp-json\/wp\/v2\/users\/24"}],"replies":[{"embeddable":true,"href":"https:\/\/www.novotek.com\/fi\/wp-json\/wp\/v2\/comments?post=7997"}],"version-history":[{"count":76,"href":"https:\/\/www.novotek.com\/fi\/wp-json\/wp\/v2\/pages\/7997\/revisions"}],"predecessor-version":[{"id":17682,"href":"https:\/\/www.novotek.com\/fi\/wp-json\/wp\/v2\/pages\/7997\/revisions\/17682"}],"up":[{"embeddable":true,"href":"https:\/\/www.novotek.com\/fi\/wp-json\/wp\/v2\/pages\/5483"}],"wp:attachment":[{"href":"https:\/\/www.novotek.com\/fi\/wp-json\/wp\/v2\/media?parent=7997"}],"curies":[{"name":"wp","href":"https:\/\/api.w.org\/{rel}","templated":true}]}}