{"id":13545,"date":"2023-01-05T10:23:20","date_gmt":"2023-01-05T10:23:20","guid":{"rendered":"https:\/\/www.novotek.com\/ch\/industrie\/"},"modified":"2025-06-30T13:09:49","modified_gmt":"2025-06-30T13:09:49","slug":"industrie","status":"publish","type":"page","link":"https:\/\/www.novotek.com\/fr\/industrie\/","title":{"rendered":"Solutions pour votre industrie"},"content":{"rendered":"  <div class=\"hero\">\n    <div class=\"carousel hero-slider small\" data-flickity data-flickity-options='{\"prevNextButtons\": false}'>\n              <div class=\"carousel-cell\">\n          <div class=\"container\">\n            <div class=\"hero-content\">\n                              <h1>Solutions pour votre industrie<\/h1>\n<p>Nous fournissons des produits, des solutions de num\u00e9risation et des services adapt\u00e9s aux besoins de nos clients issus de diff\u00e9rents secteurs industriels que vous soyez dans l&rsquo;industrie du process ou dans l&rsquo;industrie manufacturi\u00e8re.<\/p>\n<p>Nos deux partenaires strat\u00e9giques GE Vernova et HighByte proposent des solutions adapt\u00e9es \u00e0 chacun de vos besoins, sp\u00e9cifiques \u00e0 votre industrie.<\/p>\n              \n                          <\/div>\n          <\/div>\n\n          <img decoding=\"async\" width=\"1024\" height=\"427\" src=\"https:\/\/www.novotek.com\/fr\/wp-content\/uploads\/sites\/21\/Industries_header_NEW-1024x427.jpg.webp\" class=\"hero-bg\" alt=\"Hero Img\" fetchpriority=\"high\" srcset=\"https:\/\/www.novotek.com\/fr\/wp-content\/uploads\/sites\/21\/Industries_header_NEW-1024x427.jpg.webp 1024w, https:\/\/www.novotek.com\/fr\/wp-content\/uploads\/sites\/21\/Industries_header_NEW-300x125.jpg.webp 300w, https:\/\/www.novotek.com\/fr\/wp-content\/uploads\/sites\/21\/Industries_header_NEW-768x320.jpg.webp 768w, https:\/\/www.novotek.com\/fr\/wp-content\/uploads\/sites\/21\/Industries_header_NEW-1536x640.jpg.webp 1536w, https:\/\/www.novotek.com\/fr\/wp-content\/uploads\/sites\/21\/Industries_header_NEW.jpg.webp 1920w\" sizes=\"(max-width: 1024px) 100vw, 1024px\" \/>                  <\/div>\n          <\/div>\n\n      <\/div>\n\n   \n\n\n<div class=\"container-md spacer  \">\n<div style=\"height:30px\" aria-hidden=\"true\" class=\"wp-block-spacer\"><\/div>\n<\/div>\n\n<div class=\"container media-text  align\">\n<div class=\"wp-block-media-text is-stacked-on-mobile\"><figure class=\"wp-block-media-text__media\"><img loading=\"lazy\" decoding=\"async\" width=\"1024\" height=\"683\" src=\"https:\/\/www.novotek.com\/fr\/wp-content\/uploads\/sites\/21\/AdobeStock_482652267-duotone-1024x683.jpg\" alt=\"\" class=\"wp-image-25179 size-full\" srcset=\"https:\/\/www.novotek.com\/fr\/wp-content\/uploads\/sites\/21\/AdobeStock_482652267-duotone-1024x683.jpg 1024w, https:\/\/www.novotek.com\/fr\/wp-content\/uploads\/sites\/21\/AdobeStock_482652267-duotone-300x200.jpg 300w, https:\/\/www.novotek.com\/fr\/wp-content\/uploads\/sites\/21\/AdobeStock_482652267-duotone-768x512.jpg 768w, https:\/\/www.novotek.com\/fr\/wp-content\/uploads\/sites\/21\/AdobeStock_482652267-duotone-1536x1024.jpg 1536w, https:\/\/www.novotek.com\/fr\/wp-content\/uploads\/sites\/21\/AdobeStock_482652267-duotone-2048x1365.jpg 2048w, https:\/\/www.novotek.com\/fr\/wp-content\/uploads\/sites\/21\/AdobeStock_482652267-duotone-86x57.jpg 86w, https:\/\/www.novotek.com\/fr\/wp-content\/uploads\/sites\/21\/AdobeStock_482652267-duotone-306x204.jpg 306w, https:\/\/www.novotek.com\/fr\/wp-content\/uploads\/sites\/21\/AdobeStock_482652267-duotone-636x424.jpg 636w, https:\/\/www.novotek.com\/fr\/wp-content\/uploads\/sites\/21\/AdobeStock_482652267-duotone-1632x1088.jpg 1632w\" sizes=\"auto, (max-width: 1024px) 100vw, 1024px\" \/><\/figure><div class=\"wp-block-media-text__content\"><div class=\"container-md heading  \">\n<h2 class=\"wp-block-heading\" id=\"h-palsgaard-a-s\">Industrie manufacturi\u00e8re <\/h2>\n<\/div>\n\n<div class=\"container-md paragraph  \">\n<p>D\u00e9couvrez comment tirer parti de nos solutions digitales pour les usines et les donn\u00e9es industrielles d&rsquo;entreprise (convergence OT\/IT, DataOps). Exemples de cas d&rsquo;applications en <strong>usines<\/strong> chez <strong>GE Aviation<\/strong> ou <strong>Volvo Car Engine<\/strong>, mais \u00e9galement des clients DataOps industrielles pour la convergence OT-IT comme SKF, Northrop Grumman, Verkor&#8230;contactez nous pour en parler!<\/p>\n<\/div>\n\n<div class=\"container-md buttons  \">\n<div class=\"wp-block-buttons is-layout-flex wp-block-buttons-is-layout-flex\"><div class=\"container-md button  \">\n<div class=\"wp-block-button\"><a class=\"wp-block-button__link has-background wp-element-button\" href=\"https:\/\/www.novotek.com\/fr\/industrie\/industrie-manufacturiere\/\" style=\"background-color:#e70029\">Explorer nos solutions pour l&rsquo;industrie manufacturi\u00e8re<\/a><\/div>\n<\/div><\/div>\n<\/div><\/div><\/div>\n<\/div>\n\n<div class=\"container-md spacer  \">\n<div style=\"height:60px\" aria-hidden=\"true\" class=\"wp-block-spacer\"><\/div>\n<\/div>\n\n  <div class=\"hero\">\n    <div class=\"carousel hero-slider large\" data-flickity data-flickity-options='{\"prevNextButtons\": false}'>\n              <div class=\"carousel-cell\">\n          <div class=\"container\">\n            <div class=\"hero-content\">\n                              <h2>Industrie de process<\/h2>\n<p>Visibilit\u00e9 en temps r\u00e9el, performance des op\u00e9rations en <strong>usines<\/strong>, d\u00e9ploiement global avec des r\u00e9sultats concrets comme pr\u00e9sent\u00e9 par <strong>Alcon<\/strong> et <strong>Procter &amp; Gamble.<\/strong><\/p>\n<p><strong><br \/>\n<\/strong>Collecte, structuration, mod\u00e9lisation et optimisation de l&rsquo;utilisation de la donn\u00e9e industrielle par les syst\u00e8mes d&rsquo;entreprise, pour une r\u00e9elle convergence OT-IT. D\u00e9couvrez les cas clients chez <strong>Catalent (CDMO pharmaceutique) et Gousto (agroalimentaire).<\/strong><\/p>\n              \n                              <a class=\"btn btn-primary\" href=\"https:\/\/www.novotek.com\/fr\/industrie\/industrie-de-process\/\">\n                  Explorer nos solutions pour les industries de process                <\/a>\n                          <\/div>\n          <\/div>\n\n          <img decoding=\"async\" width=\"1024\" height=\"427\" src=\"https:\/\/www.novotek.com\/fr\/wp-content\/uploads\/sites\/21\/Header_Process-Industry-bigger-1024x427.jpg\" class=\"hero-bg\" alt=\"Hero Img\" fetchpriority=\"high\" srcset=\"https:\/\/www.novotek.com\/fr\/wp-content\/uploads\/sites\/21\/Header_Process-Industry-bigger-1024x427.jpg 1024w, https:\/\/www.novotek.com\/fr\/wp-content\/uploads\/sites\/21\/Header_Process-Industry-bigger-300x125.jpg 300w, https:\/\/www.novotek.com\/fr\/wp-content\/uploads\/sites\/21\/Header_Process-Industry-bigger-768x320.jpg 768w, https:\/\/www.novotek.com\/fr\/wp-content\/uploads\/sites\/21\/Header_Process-Industry-bigger-1536x640.jpg 1536w, https:\/\/www.novotek.com\/fr\/wp-content\/uploads\/sites\/21\/Header_Process-Industry-bigger-86x36.jpg 86w, https:\/\/www.novotek.com\/fr\/wp-content\/uploads\/sites\/21\/Header_Process-Industry-bigger-306x128.jpg 306w, https:\/\/www.novotek.com\/fr\/wp-content\/uploads\/sites\/21\/Header_Process-Industry-bigger-636x265.jpg 636w, https:\/\/www.novotek.com\/fr\/wp-content\/uploads\/sites\/21\/Header_Process-Industry-bigger-1632x680.jpg 1632w, https:\/\/www.novotek.com\/fr\/wp-content\/uploads\/sites\/21\/Header_Process-Industry-bigger.jpg 1920w\" sizes=\"(max-width: 1024px) 100vw, 1024px\" \/>                  <\/div>\n          <\/div>\n\n      <\/div>\n\n   \n\n\n<div class=\"container media-text  align\">\n<div class=\"wp-block-media-text is-stacked-on-mobile\"><figure class=\"wp-block-media-text__media\"><img loading=\"lazy\" decoding=\"async\" width=\"1024\" height=\"683\" src=\"https:\/\/www.novotek.com\/fr\/wp-content\/uploads\/sites\/21\/AdobeStock_301793751-duotone-1024x683.jpg\" alt=\"\" class=\"wp-image-25180 size-full\" srcset=\"https:\/\/www.novotek.com\/fr\/wp-content\/uploads\/sites\/21\/AdobeStock_301793751-duotone-1024x683.jpg 1024w, https:\/\/www.novotek.com\/fr\/wp-content\/uploads\/sites\/21\/AdobeStock_301793751-duotone-300x200.jpg 300w, https:\/\/www.novotek.com\/fr\/wp-content\/uploads\/sites\/21\/AdobeStock_301793751-duotone-768x513.jpg 768w, https:\/\/www.novotek.com\/fr\/wp-content\/uploads\/sites\/21\/AdobeStock_301793751-duotone-1536x1025.jpg 1536w, https:\/\/www.novotek.com\/fr\/wp-content\/uploads\/sites\/21\/AdobeStock_301793751-duotone-2048x1367.jpg 2048w, https:\/\/www.novotek.com\/fr\/wp-content\/uploads\/sites\/21\/AdobeStock_301793751-duotone-86x57.jpg 86w, https:\/\/www.novotek.com\/fr\/wp-content\/uploads\/sites\/21\/AdobeStock_301793751-duotone-306x204.jpg 306w, https:\/\/www.novotek.com\/fr\/wp-content\/uploads\/sites\/21\/AdobeStock_301793751-duotone-636x424.jpg 636w, https:\/\/www.novotek.com\/fr\/wp-content\/uploads\/sites\/21\/AdobeStock_301793751-duotone-1632x1089.jpg 1632w\" sizes=\"auto, (max-width: 1024px) 100vw, 1024px\" \/><\/figure><div class=\"wp-block-media-text__content\"><div class=\"container-md heading  \">\n<h2 class=\"wp-block-heading\" id=\"h-palsgaard-a-s\">Infrastructures, \u00e9nergie et transport<\/h2>\n<\/div>\n\n<div class=\"container-md paragraph  \">\n<p>Comment moderniser et digitaliser la gestion de vos <strong>op\u00e9rations critiques<\/strong> ? Parcourez trois cas clients.<\/p>\n<\/div>\n\n<div class=\"container-md paragraph  \">\n<p>D\u00e9couvrez \u00e9galement comment <strong>Siemens Gamesa<\/strong> optimise la convergence OT-IT en structurant et standardisant ses donn\u00e9es industrielles avec un mod\u00e8le Unified NameSpace (UNS) et une synergie entre syst\u00e8mes (AWS, Snowflake, Ignition)<\/p>\n<\/div>\n\n<div class=\"container-md buttons  \">\n<div class=\"wp-block-buttons is-layout-flex wp-block-buttons-is-layout-flex\"><div class=\"container-md button  \">\n<div class=\"wp-block-button\"><a class=\"wp-block-button__link has-background wp-element-button\" href=\"https:\/\/www.novotek.com\/fr\/industrie\/infrastructures-energie-et-transport\/\" style=\"background-color:#e70029\">D\u00e9couvrir nos solutions op\u00e9rations et convergence OT-IT<\/a><\/div>\n<\/div><\/div>\n<\/div><\/div><\/div>\n<\/div>\n\n<div class=\"posts-columns \">\n  <div class=\"container\">\n  <div class=\"row\">\n      <\/div>\n\n  <\/div><\/div>\n\n\n<div class=\"container-md spacer  \">\n<div style=\"height:30px\" aria-hidden=\"true\" class=\"wp-block-spacer\"><\/div>\n<\/div>\n\n<div class=\"cta-block\">\n  <div class=\"container\">\n          <h2>Nous serons heureux de vous en dire plus !<\/h2>\n    \n          <div><p>Profitez de notre expertise dans la num\u00e9risation des op\u00e9rations et la gestion des donn\u00e9es industrielles pour une transformation num\u00e9rique profitable et durable. D\u00e9couvrez nos produits logiciels et services.<\/p>\n<\/div>\n    \n          <a class=\"btn btn-primary\" href=\"https:\/\/www.novotek.com\/fr\/contactez-nous\/\">Contactez-nous<\/a>\n      <\/div>\n<\/div>\n","protected":false},"excerpt":{"rendered":"<p>Nous livrons des produits, des solutions de num\u00e9risation et des prestations de service parfaitement adapt\u00e9s aux besoins de nos clients.<\/p>\n","protected":false},"author":8,"featured_media":5589,"parent":0,"menu_order":1,"comment_status":"closed","ping_status":"closed","template":"","meta":{"_acf_changed":false,"_relevanssi_hide_post":"","_relevanssi_pin_for_all":"","_relevanssi_pin_keywords":"","_relevanssi_unpin_keywords":"","_relevanssi_related_keywords":"","_relevanssi_related_include_ids":"","_relevanssi_related_exclude_ids":"","_relevanssi_related_no_append":"","_relevanssi_related_not_related":"","_relevanssi_related_posts":"11778,11944,12409,12766,12884,13565","_relevanssi_noindex_reason":"","footnotes":""},"class_list":["post-13545","page","type-page","status-publish","has-post-thumbnail","hentry"],"acf":[],"yoast_head":"<!-- This site is optimized with the Yoast SEO plugin v27.4 - https:\/\/yoast.com\/product\/yoast-seo-wordpress\/ -->\n<title>Solutions pour votre industrie - Novotek<\/title>\n<meta name=\"description\" content=\"Nous livrons des produits, des solutions de num\u00e9risation et des prestations de service parfaitement adapt\u00e9s aux besoins de nos clients.\" \/>\n<meta name=\"robots\" content=\"index, follow, max-snippet:-1, max-image-preview:large, max-video-preview:-1\" \/>\n<link rel=\"canonical\" href=\"https:\/\/www.novotek.com\/fr\/industrie\/\" \/>\n<meta property=\"og:locale\" content=\"fr_FR\" \/>\n<meta property=\"og:type\" content=\"article\" \/>\n<meta property=\"og:title\" content=\"Solutions pour votre industrie - Novotek\" \/>\n<meta property=\"og:description\" content=\"Nous livrons des produits, des solutions de num\u00e9risation et des prestations de service parfaitement adapt\u00e9s aux besoins de nos clients.\" \/>\n<meta property=\"og:url\" content=\"https:\/\/www.novotek.com\/fr\/industrie\/\" \/>\n<meta property=\"og:site_name\" content=\"Novotek France\" \/>\n<meta property=\"article:modified_time\" content=\"2025-06-30T13:09:49+00:00\" \/>\n<meta property=\"og:image\" content=\"https:\/\/www.novotek.com\/fr\/wp-content\/uploads\/sites\/21\/3column_card_450x300px-7.png.webp\" \/>\n\t<meta property=\"og:image:width\" content=\"450\" \/>\n\t<meta property=\"og:image:height\" content=\"300\" \/>\n\t<meta property=\"og:image:type\" content=\"image\/png\" \/>\n<meta name=\"twitter:card\" content=\"summary_large_image\" \/>\n<meta name=\"twitter:label1\" content=\"Dur\u00e9e de lecture estim\u00e9e\" \/>\n\t<meta name=\"twitter:data1\" content=\"2 minutes\" \/>\n<script type=\"application\/ld+json\" class=\"yoast-schema-graph\">{\"@context\":\"https:\\\/\\\/schema.org\",\"@graph\":[{\"@type\":\"WebPage\",\"@id\":\"https:\\\/\\\/www.novotek.com\\\/fr\\\/industrie\\\/\",\"url\":\"https:\\\/\\\/www.novotek.com\\\/fr\\\/industrie\\\/\",\"name\":\"Solutions pour votre industrie - Novotek\",\"isPartOf\":{\"@id\":\"https:\\\/\\\/www.novotek.com\\\/fr\\\/#website\"},\"primaryImageOfPage\":{\"@id\":\"https:\\\/\\\/www.novotek.com\\\/fr\\\/industrie\\\/#primaryimage\"},\"image\":{\"@id\":\"https:\\\/\\\/www.novotek.com\\\/fr\\\/industrie\\\/#primaryimage\"},\"thumbnailUrl\":\"https:\\\/\\\/www.novotek.com\\\/fr\\\/wp-content\\\/uploads\\\/sites\\\/21\\\/3column_card_450x300px-7.png.webp\",\"datePublished\":\"2023-01-05T10:23:20+00:00\",\"dateModified\":\"2025-06-30T13:09:49+00:00\",\"description\":\"Nous livrons des produits, des solutions de num\u00e9risation et des prestations de service parfaitement adapt\u00e9s aux besoins de nos clients.\",\"breadcrumb\":{\"@id\":\"https:\\\/\\\/www.novotek.com\\\/fr\\\/industrie\\\/#breadcrumb\"},\"inLanguage\":\"fr-FR\",\"potentialAction\":[{\"@type\":\"ReadAction\",\"target\":[\"https:\\\/\\\/www.novotek.com\\\/fr\\\/industrie\\\/\"]}]},{\"@type\":\"ImageObject\",\"inLanguage\":\"fr-FR\",\"@id\":\"https:\\\/\\\/www.novotek.com\\\/fr\\\/industrie\\\/#primaryimage\",\"url\":\"https:\\\/\\\/www.novotek.com\\\/fr\\\/wp-content\\\/uploads\\\/sites\\\/21\\\/3column_card_450x300px-7.png.webp\",\"contentUrl\":\"https:\\\/\\\/www.novotek.com\\\/fr\\\/wp-content\\\/uploads\\\/sites\\\/21\\\/3column_card_450x300px-7.png.webp\",\"width\":450,\"height\":300},{\"@type\":\"BreadcrumbList\",\"@id\":\"https:\\\/\\\/www.novotek.com\\\/fr\\\/industrie\\\/#breadcrumb\",\"itemListElement\":[{\"@type\":\"ListItem\",\"position\":1,\"name\":\"Home\",\"item\":\"https:\\\/\\\/www.novotek.com\\\/fr\\\/\"},{\"@type\":\"ListItem\",\"position\":2,\"name\":\"Solutions pour votre industrie\"}]},{\"@type\":\"WebSite\",\"@id\":\"https:\\\/\\\/www.novotek.com\\\/fr\\\/#website\",\"url\":\"https:\\\/\\\/www.novotek.com\\\/fr\\\/\",\"name\":\"Novotek Switzerland\",\"description\":\"Connecter - Digitaliser - Optimiser\",\"potentialAction\":[{\"@type\":\"SearchAction\",\"target\":{\"@type\":\"EntryPoint\",\"urlTemplate\":\"https:\\\/\\\/www.novotek.com\\\/fr\\\/?s={search_term_string}\"},\"query-input\":{\"@type\":\"PropertyValueSpecification\",\"valueRequired\":true,\"valueName\":\"search_term_string\"}}],\"inLanguage\":\"fr-FR\"}]}<\/script>\n<!-- \/ Yoast SEO plugin. -->","yoast_head_json":{"title":"Solutions pour votre industrie - Novotek","description":"Nous livrons des produits, des solutions de num\u00e9risation et des prestations de service parfaitement adapt\u00e9s aux besoins de nos clients.","robots":{"index":"index","follow":"follow","max-snippet":"max-snippet:-1","max-image-preview":"max-image-preview:large","max-video-preview":"max-video-preview:-1"},"canonical":"https:\/\/www.novotek.com\/fr\/industrie\/","og_locale":"fr_FR","og_type":"article","og_title":"Solutions pour votre industrie - Novotek","og_description":"Nous livrons des produits, des solutions de num\u00e9risation et des prestations de service parfaitement adapt\u00e9s aux besoins de nos clients.","og_url":"https:\/\/www.novotek.com\/fr\/industrie\/","og_site_name":"Novotek France","article_modified_time":"2025-06-30T13:09:49+00:00","og_image":[{"width":450,"height":300,"url":"https:\/\/www.novotek.com\/fr\/wp-content\/uploads\/sites\/21\/3column_card_450x300px-7.png.webp","type":"image\/png"}],"twitter_card":"summary_large_image","twitter_misc":{"Dur\u00e9e de lecture estim\u00e9e":"2 minutes"},"schema":{"@context":"https:\/\/schema.org","@graph":[{"@type":"WebPage","@id":"https:\/\/www.novotek.com\/fr\/industrie\/","url":"https:\/\/www.novotek.com\/fr\/industrie\/","name":"Solutions pour votre industrie - Novotek","isPartOf":{"@id":"https:\/\/www.novotek.com\/fr\/#website"},"primaryImageOfPage":{"@id":"https:\/\/www.novotek.com\/fr\/industrie\/#primaryimage"},"image":{"@id":"https:\/\/www.novotek.com\/fr\/industrie\/#primaryimage"},"thumbnailUrl":"https:\/\/www.novotek.com\/fr\/wp-content\/uploads\/sites\/21\/3column_card_450x300px-7.png.webp","datePublished":"2023-01-05T10:23:20+00:00","dateModified":"2025-06-30T13:09:49+00:00","description":"Nous livrons des produits, des solutions de num\u00e9risation et des prestations de service parfaitement adapt\u00e9s aux besoins de nos clients.","breadcrumb":{"@id":"https:\/\/www.novotek.com\/fr\/industrie\/#breadcrumb"},"inLanguage":"fr-FR","potentialAction":[{"@type":"ReadAction","target":["https:\/\/www.novotek.com\/fr\/industrie\/"]}]},{"@type":"ImageObject","inLanguage":"fr-FR","@id":"https:\/\/www.novotek.com\/fr\/industrie\/#primaryimage","url":"https:\/\/www.novotek.com\/fr\/wp-content\/uploads\/sites\/21\/3column_card_450x300px-7.png.webp","contentUrl":"https:\/\/www.novotek.com\/fr\/wp-content\/uploads\/sites\/21\/3column_card_450x300px-7.png.webp","width":450,"height":300},{"@type":"BreadcrumbList","@id":"https:\/\/www.novotek.com\/fr\/industrie\/#breadcrumb","itemListElement":[{"@type":"ListItem","position":1,"name":"Home","item":"https:\/\/www.novotek.com\/fr\/"},{"@type":"ListItem","position":2,"name":"Solutions pour votre industrie"}]},{"@type":"WebSite","@id":"https:\/\/www.novotek.com\/fr\/#website","url":"https:\/\/www.novotek.com\/fr\/","name":"Novotek Switzerland","description":"Connecter - Digitaliser - Optimiser","potentialAction":[{"@type":"SearchAction","target":{"@type":"EntryPoint","urlTemplate":"https:\/\/www.novotek.com\/fr\/?s={search_term_string}"},"query-input":{"@type":"PropertyValueSpecification","valueRequired":true,"valueName":"search_term_string"}}],"inLanguage":"fr-FR"}]}},"_links":{"self":[{"href":"https:\/\/www.novotek.com\/fr\/wp-json\/wp\/v2\/pages\/13545","targetHints":{"allow":["GET"]}}],"collection":[{"href":"https:\/\/www.novotek.com\/fr\/wp-json\/wp\/v2\/pages"}],"about":[{"href":"https:\/\/www.novotek.com\/fr\/wp-json\/wp\/v2\/types\/page"}],"author":[{"embeddable":true,"href":"https:\/\/www.novotek.com\/fr\/wp-json\/wp\/v2\/users\/8"}],"replies":[{"embeddable":true,"href":"https:\/\/www.novotek.com\/fr\/wp-json\/wp\/v2\/comments?post=13545"}],"version-history":[{"count":28,"href":"https:\/\/www.novotek.com\/fr\/wp-json\/wp\/v2\/pages\/13545\/revisions"}],"predecessor-version":[{"id":25746,"href":"https:\/\/www.novotek.com\/fr\/wp-json\/wp\/v2\/pages\/13545\/revisions\/25746"}],"wp:featuredmedia":[{"embeddable":true,"href":"https:\/\/www.novotek.com\/fr\/wp-json\/wp\/v2\/media\/5589"}],"wp:attachment":[{"href":"https:\/\/www.novotek.com\/fr\/wp-json\/wp\/v2\/media?parent=13545"}],"curies":[{"name":"wp","href":"https:\/\/api.w.org\/{rel}","templated":true}]}}