{"id":15936,"date":"2023-03-30T13:31:22","date_gmt":"2023-03-30T13:31:22","guid":{"rendered":"https:\/\/www.novotek.com\/ch\/hmi-scada\/proficy-batch-execution\/"},"modified":"2025-06-25T10:53:05","modified_gmt":"2025-06-25T10:53:05","slug":"proficy-batch-execution","status":"publish","type":"page","link":"https:\/\/www.novotek.com\/fr\/hmi-scada\/proficy-batch-execution\/","title":{"rendered":"Proficy Batch Execution"},"content":{"rendered":"  <div class=\"hero\">\n    <div class=\"carousel hero-slider small\" data-flickity data-flickity-options='{\"prevNextButtons\": false}'>\n              <div class=\"carousel-cell\">\n          <div class=\"container\">\n            <div class=\"hero-content\">\n                              <h1>Proficy Batch Execution<\/h1>\n<p>La solution Proficy Batch Execution est une solution d\u2019automatisation compl\u00e8te, qui a \u00e9t\u00e9 sp\u00e9cialement con\u00e7ue pour la production par lots.<\/p>\n              \n                          <\/div>\n          <\/div>\n\n          <img decoding=\"async\" width=\"1024\" height=\"427\" src=\"https:\/\/www.novotek.com\/fr\/wp-content\/uploads\/sites\/21\/Novotek_batchexecution_duotone_1920x800-1024x427.jpg.webp\" class=\"hero-bg\" alt=\"Hero Img\" fetchpriority=\"high\" srcset=\"https:\/\/www.novotek.com\/fr\/wp-content\/uploads\/sites\/21\/Novotek_batchexecution_duotone_1920x800-1024x427.jpg.webp 1024w, https:\/\/www.novotek.com\/fr\/wp-content\/uploads\/sites\/21\/Novotek_batchexecution_duotone_1920x800-300x125.jpg.webp 300w, https:\/\/www.novotek.com\/fr\/wp-content\/uploads\/sites\/21\/Novotek_batchexecution_duotone_1920x800-768x320.jpg.webp 768w, https:\/\/www.novotek.com\/fr\/wp-content\/uploads\/sites\/21\/Novotek_batchexecution_duotone_1920x800-1536x640.jpg.webp 1536w, https:\/\/www.novotek.com\/fr\/wp-content\/uploads\/sites\/21\/Novotek_batchexecution_duotone_1920x800.jpg.webp 1920w\" sizes=\"(max-width: 1024px) 100vw, 1024px\" \/>                  <\/div>\n          <\/div>\n\n      <\/div>\n\n   \n\n\n<div class=\"container-md paragraph  \">\n<p>La s\u00e9curit\u00e9, la flexibilit\u00e9 et la facilit\u00e9 d\u2019utilisation sont des fonctionnalit\u00e9s d\u00e9terminantes, dont les entreprises de fabrication ont besoin dans leurs applications de gestion par lots. La solution Proficy Batch Execution de la soci\u00e9t\u00e9 GE Digital est un <a href=\"https:\/\/www.novotek.com\/fr\/hmi-scada\/\"><strong>syst\u00e8me SCADA riche en fonctionnalit\u00e9s<\/strong><\/a> et puissant pour l\u2019automatisation par lots. Cette solution est \u00e0 la fois flexible et conviviale, et elle offre la possibilit\u00e9 aux exploitants de distribuer efficacement les donn\u00e9es \u2012 en ne d\u00e9pendant pas des p\u00e9riph\u00e9riques ou des machines.<\/p>\n<\/div>\n\n<div class=\"container-md paragraph  \">\n<p>La solution Proficy Batch Execution est une solution compl\u00e8te de traitement par lots destin\u00e9e aux industries sp\u00e9cialis\u00e9es dans les produits alimentaires, les biens de consommation, les sciences de la vie et la chimie. La collecte de donn\u00e9es, une gestion solide des lots, une visualisation claire des processus et des fonctions de commande performantes pour la gestion font partie de ses principales fonctionnalit\u00e9s.<\/p>\n<\/div>\n\n<div class=\"container-md spacer  \">\n<div style=\"height:50px\" aria-hidden=\"true\" class=\"wp-block-spacer\"><\/div>\n<\/div>\n\n<div class=\"container-md heading  \">\n<h2 class=\"wp-block-heading\" id=\"h-une-production-par-lots-securisee-avec-la-solution-proficy-batch-execution\">Une production par lots s\u00e9curis\u00e9e avec la solution Proficy Batch Execution<\/h2>\n<\/div>\n\n<div class=\"container-md paragraph  \">\n<p>Cr\u00e9ez des recettes simples et performantes sans modifier le code du PLC. Vous pouvez ainsi d\u00e9velopper, planifier et mettre en \u0153uvre diff\u00e9rentes recettes avec des variations dans le d\u00e9roulement. La solution logicielle vous donne acc\u00e8s \u00e0 une plateforme de d\u00e9veloppement de lots efficace, sur laquelle vous pouvez ais\u00e9ment mod\u00e9liser les p\u00e9riph\u00e9riques et les machines : ajoutez les chemins d\u2019acc\u00e8s aux p\u00e9riph\u00e9riques, la priorit\u00e9 et l\u2019\u00e9tat des p\u00e9riph\u00e9riques, et pilotez les composants r\u00e9utilisables de recettes.<\/p>\n<\/div>\n\n<div class=\"container-md paragraph  \">\n<p>Cela vous permet d\u2019avoir une meilleure qualit\u00e9 de produit, moins de pannes, des co\u00fbts r\u00e9duits, une production plus rapide, moins d\u2019erreurs humaines et une exploitation plus consistante. La solution est sp\u00e9cialement adapt\u00e9e aux exigences r\u00e9glementaires et elle est compatible avec la norme 21 CFR Part 11.<\/p>\n<\/div>\n\n<div class=\"container-md spacer  \">\n<div style=\"height:50px\" aria-hidden=\"true\" class=\"wp-block-spacer\"><\/div>\n<\/div>\n\n<div class=\"container media-text  alignwide\">\n<div class=\"wp-block-media-text alignwide is-stacked-on-mobile\" style=\"grid-template-columns:40% auto\"><figure class=\"wp-block-media-text__media\"><img loading=\"lazy\" decoding=\"async\" width=\"600\" height=\"522\" src=\"https:\/\/www.novotek.com\/fr\/wp-content\/uploads\/sites\/21\/GEdigital_batchexecution_operatorview.jpg\" alt=\"Proficy Batch Execution\" class=\"wp-image-8593 size-full\" srcset=\"https:\/\/www.novotek.com\/fr\/wp-content\/uploads\/sites\/21\/GEdigital_batchexecution_operatorview.jpg 600w, https:\/\/www.novotek.com\/fr\/wp-content\/uploads\/sites\/21\/GEdigital_batchexecution_operatorview-300x261.jpg 300w\" sizes=\"auto, (max-width: 600px) 100vw, 600px\" \/><\/figure><div class=\"wp-block-media-text__content\"><div class=\"container-md heading  \">\n<h3 class=\"wp-block-heading\" id=\"h-un-apercu-intuitif-de-la-production\">Un aper\u00e7u intuitif de la production<\/h3>\n<\/div>\n\n<div class=\"container-md paragraph  \">\n<p>La visualisation des lots peut \u00eatre int\u00e9gr\u00e9e dans le moniteur HMI \/ SCADA. L\u2019interface utilisateur vous permet d\u2019afficher les proc\u00e9dures dans un diagramme fonctionnel s\u00e9quentiel (SFD), un tableau ou un journal des \u00e9v\u00e9nements. Les instructions de travail donnent \u00e0 l\u2019utilisateur une ex\u00e9cution par lots, \u00e9tape par \u00e9tape. Par ailleurs, le \u00ab Campaign Manager \u00bb vous permet \u00e9galement d\u2019effectuer une planification automatique des lots.<\/p>\n<\/div><\/div><\/div>\n<\/div>\n\n<div class=\"container-md spacer  \">\n<div style=\"height:50px\" aria-hidden=\"true\" class=\"wp-block-spacer\"><\/div>\n<\/div>\n\n<div class=\"container media-text  alignwide\">\n<div class=\"wp-block-media-text alignwide has-media-on-the-right is-stacked-on-mobile\" style=\"grid-template-columns:auto 40%\"><div class=\"wp-block-media-text__content\"><div class=\"container-md heading  \">\n<h3 class=\"wp-block-heading\" id=\"h-integration-et-acces-aises\">Int\u00e9gration et acc\u00e8s ais\u00e9s<\/h3>\n<\/div>\n\n<div class=\"container-md paragraph  \">\n<p>Connectez-vous directement \u00e0 votre syst\u00e8me HMI \/ SCADA ou MES \/ ERP existant pour une collecte et une gestion des donn\u00e9es encore plus performantes. La navigation et l\u2019interface utilisateur graphique rendent la solution facile \u00e0 utiliser. L\u2019acc\u00e8s est possible aussi bien depuis un PC que depuis un smartphone ou une tablette.<\/p>\n<\/div><\/div><figure class=\"wp-block-media-text__media\"><img loading=\"lazy\" decoding=\"async\" width=\"600\" height=\"522\" src=\"https:\/\/www.novotek.com\/fr\/wp-content\/uploads\/sites\/21\/Gedigital_batchexecution_opensolution.png\" alt=\"Production par lots s\u00e9curis\u00e9e avec Proficy Batch Execution\" class=\"wp-image-8597 size-full\" srcset=\"https:\/\/www.novotek.com\/fr\/wp-content\/uploads\/sites\/21\/Gedigital_batchexecution_opensolution.png 600w, https:\/\/www.novotek.com\/fr\/wp-content\/uploads\/sites\/21\/Gedigital_batchexecution_opensolution-300x261.png 300w\" sizes=\"auto, (max-width: 600px) 100vw, 600px\" \/><\/figure><\/div>\n<\/div>\n\n<div class=\"container-md spacer  \">\n<div style=\"height:100px\" aria-hidden=\"true\" class=\"wp-block-spacer\"><\/div>\n<\/div>\n\n<div class=\"container-md heading  \">\n<h2 class=\"wp-block-heading\" id=\"h-visualisation-avec-des-apis-rest\">Visualisation avec des APIs REST<\/h2>\n<\/div>\n\n<div class=\"container-md paragraph  \">\n<p>La solution Proficy Batch Execution peut \u00eatre int\u00e9gr\u00e9e dans des APIs REST. L\u2019interface utilisateur moderne vous permet d\u2019avoir en permanence sous les yeux la gestion des recettes, les ex\u00e9cutions par lots et les instructions de travail \u00e9lectroniques, ce qui am\u00e9liore les temps de r\u00e9action des utilisateurs.<\/p>\n<\/div>\n\n<div class=\"container-md spacer  \">\n<div style=\"height:25px\" aria-hidden=\"true\" class=\"wp-block-spacer\"><\/div>\n<\/div>\n\n<div class=\"container-md embed  \">\n<figure class=\"wp-block-embed is-type-video is-provider-youtube wp-block-embed-youtube wp-embed-aspect-16-9 wp-has-aspect-ratio\"><div class=\"wp-block-embed__wrapper\">\n<iframe loading=\"lazy\" title=\"Proficy Operations Hub:  Modern Batch Execution\" width=\"1440\" height=\"810\" src=\"https:\/\/www.youtube.com\/embed\/GcY3ibUuDlc?feature=oembed\" frameborder=\"0\" allow=\"accelerometer; autoplay; clipboard-write; encrypted-media; gyroscope; picture-in-picture; web-share\" allowfullscreen><\/iframe>\n<\/div><\/figure>\n<\/div>\n\n<div class=\"container-md spacer  \">\n<div style=\"height:11px\" aria-hidden=\"true\" class=\"wp-block-spacer\"><\/div>\n<\/div>\n\n<div class=\"container-md spacer  \">\n<div style=\"height:50px\" aria-hidden=\"true\" class=\"wp-block-spacer\"><\/div>\n<\/div>\n\n<div class=\"container-md heading  \">\n<h3 class=\"wp-block-heading\" id=\"h-caracteristiques\">Caract\u00e9ristiques<\/h3>\n<\/div>\n\n<div class=\"container-md list  \">\n<ul class=\"wp-block-list\"><div class=\"container-md list-item  \">\n<li>D\u00e9veloppement, planification et ex\u00e9cution de diff\u00e9rentes recettes sans modification du code du PLC.<\/li>\n<\/div>\n\n<div class=\"container-md list-item  \">\n<li>Mod\u00e9lisation et gestion des \u00e9quipements : ajoutez les chemins d\u2019acc\u00e8s aux \u00e9quipements, la priorit\u00e9 et l\u2019\u00e9tat des \u00e9quipements, et cr\u00e9ez et g\u00e9rez des recettes r\u00e9utilisables.<\/li>\n<\/div>\n\n<div class=\"container-md list-item  \">\n<li>Bas\u00e9 sur le mod\u00e8le S88.<\/li>\n<\/div>\n\n<div class=\"container-md list-item  \">\n<li>Adapt\u00e9 aux obligations r\u00e9glementaires. Prise en charge de la norme 21 CFR Part 11.<\/li>\n<\/div>\n\n<div class=\"container-md list-item  \">\n<li>Int\u00e9gration fluide avec les syst\u00e8mes HMI \/ SCADA, MES \/ ERP et les PLC.<\/li>\n<\/div>\n\n<div class=\"container-md list-item  \">\n<li>Options clients flexibles.<\/li>\n<\/div>\n\n<div class=\"container-md list-item  \">\n<li>Peut \u00eatre connect\u00e9 \u00e0 des APIs REST.<\/li>\n<\/div>\n\n<div class=\"container-md list-item  \">\n<li>Visualisation avec Proficy Operations Hub.<\/li>\n<\/div>\n\n<div class=\"container-md list-item  \">\n<li>Navigation et interface utilisateur graphique.<\/li>\n<\/div>\n\n<div class=\"container-md list-item  \">\n<li>Acc\u00e8s via PC, smartphone ou tablette.<\/li>\n<\/div><\/ul>\n<\/div>\n\n<div class=\"container-md spacer  \">\n<div style=\"height:50px\" aria-hidden=\"true\" class=\"wp-block-spacer\"><\/div>\n<\/div>\n\n<div class=\"container-md heading  \">\n<h2 class=\"wp-block-heading\" id=\"h-une-solution-hmi-scada-specifique-aux-lots-de-la-famille-de-produits-proficy\">Une solution HMI \/ SCADA sp\u00e9cifique aux lots de la famille de produits Proficy<\/h2>\n<\/div>\n\n<div class=\"container-md paragraph  \">\n<p>La solution Proficy Batch Execution a \u00e9t\u00e9 sp\u00e9cialement con\u00e7ue pour les entreprises, qui fabriquent des produits alimentaires ou d\u2019autres biens de consommation par lots.<\/p>\n<\/div>\n\n<div class=\"container-md paragraph  \">\n<p>La solution est fournie par GE Digital, un des plus grands fournisseurs mondiaux de solutions pour l\u2019automatisation industrielle et la num\u00e9risation.<\/p>\n<\/div>\n\n<div class=\"container-md paragraph  \">\n<p><a href=\"https:\/\/www.ge.com\/digital\/applications\/hmi-scada\/batch-execution\"><strong>D\u00e9couvrez de plus amples informations sur la solution Proficy Batch Execution.<\/strong><\/a><\/p>\n<\/div>\n\n<div class=\"container-md paragraph  \">\n<p>Novotek fournit des solutions HMI\/SCADA depuis plus de 35 ann\u00e9es. Nos experts vous aident \u00e0 trouver la meilleure fa\u00e7on d\u2019impl\u00e9menter la solution Proficy Batch Execution au sein de votre entreprise.<\/p>\n<\/div>\n\n<div class=\"container-md spacer  \">\n<div style=\"height:100px\" aria-hidden=\"true\" class=\"wp-block-spacer\"><\/div>\n<\/div>","protected":false},"excerpt":{"rendered":"<p>La solution d\u2019automatisation compl\u00e8te sp\u00e9cialement con\u00e7ue pour la production par lots.<\/p>\n","protected":false},"author":35,"featured_media":0,"parent":13676,"menu_order":4,"comment_status":"closed","ping_status":"closed","template":"","meta":{"_acf_changed":false,"_relevanssi_hide_post":"","_relevanssi_pin_for_all":"","_relevanssi_pin_keywords":"","_relevanssi_unpin_keywords":"","_relevanssi_related_keywords":"","_relevanssi_related_include_ids":"","_relevanssi_related_exclude_ids":"","_relevanssi_related_no_append":"","_relevanssi_related_not_related":"","_relevanssi_related_posts":"12409,13219,6198,13569,12307,13569","_relevanssi_noindex_reason":"","footnotes":""},"class_list":["post-15936","page","type-page","status-publish","hentry"],"acf":[],"yoast_head":"<!-- This site is optimized with the Yoast SEO plugin v27.3 - https:\/\/yoast.com\/product\/yoast-seo-wordpress\/ -->\n<title>Proficy Batch Execution - Novotek France<\/title>\n<meta name=\"description\" content=\"La solution d\u2019automatisation compl\u00e8te sp\u00e9cialement con\u00e7ue pour la production par lots.\" \/>\n<meta name=\"robots\" content=\"index, follow, max-snippet:-1, max-image-preview:large, max-video-preview:-1\" \/>\n<link rel=\"canonical\" href=\"https:\/\/www.novotek.com\/fr\/hmi-scada\/proficy-batch-execution\/\" \/>\n<meta property=\"og:locale\" content=\"fr_FR\" \/>\n<meta property=\"og:type\" content=\"article\" \/>\n<meta property=\"og:title\" content=\"Proficy Batch Execution - Novotek France\" \/>\n<meta property=\"og:description\" content=\"La solution d\u2019automatisation compl\u00e8te sp\u00e9cialement con\u00e7ue pour la production par lots.\" \/>\n<meta property=\"og:url\" content=\"https:\/\/www.novotek.com\/fr\/hmi-scada\/proficy-batch-execution\/\" \/>\n<meta property=\"og:site_name\" content=\"Novotek France\" \/>\n<meta property=\"article:modified_time\" content=\"2025-06-25T10:53:05+00:00\" \/>\n<meta property=\"og:image\" content=\"https:\/\/www.novotek.com\/fr\/wp-content\/uploads\/sites\/21\/GEdigital_batchexecution_operatorview.jpg\" \/>\n<meta name=\"twitter:card\" content=\"summary_large_image\" \/>\n<meta name=\"twitter:label1\" content=\"Dur\u00e9e de lecture estim\u00e9e\" \/>\n\t<meta name=\"twitter:data1\" content=\"4 minutes\" \/>\n<script type=\"application\/ld+json\" class=\"yoast-schema-graph\">{\"@context\":\"https:\\\/\\\/schema.org\",\"@graph\":[{\"@type\":\"WebPage\",\"@id\":\"https:\\\/\\\/www.novotek.com\\\/fr\\\/hmi-scada\\\/proficy-batch-execution\\\/\",\"url\":\"https:\\\/\\\/www.novotek.com\\\/fr\\\/hmi-scada\\\/proficy-batch-execution\\\/\",\"name\":\"Proficy Batch Execution - Novotek France\",\"isPartOf\":{\"@id\":\"https:\\\/\\\/www.novotek.com\\\/fr\\\/#website\"},\"primaryImageOfPage\":{\"@id\":\"https:\\\/\\\/www.novotek.com\\\/fr\\\/hmi-scada\\\/proficy-batch-execution\\\/#primaryimage\"},\"image\":{\"@id\":\"https:\\\/\\\/www.novotek.com\\\/fr\\\/hmi-scada\\\/proficy-batch-execution\\\/#primaryimage\"},\"thumbnailUrl\":\"https:\\\/\\\/www.novotek.com\\\/fr\\\/wp-content\\\/uploads\\\/sites\\\/21\\\/GEdigital_batchexecution_operatorview.jpg\",\"datePublished\":\"2023-03-30T13:31:22+00:00\",\"dateModified\":\"2025-06-25T10:53:05+00:00\",\"description\":\"La solution d\u2019automatisation compl\u00e8te sp\u00e9cialement con\u00e7ue pour la production par lots.\",\"breadcrumb\":{\"@id\":\"https:\\\/\\\/www.novotek.com\\\/fr\\\/hmi-scada\\\/proficy-batch-execution\\\/#breadcrumb\"},\"inLanguage\":\"fr-FR\",\"potentialAction\":[{\"@type\":\"ReadAction\",\"target\":[\"https:\\\/\\\/www.novotek.com\\\/fr\\\/hmi-scada\\\/proficy-batch-execution\\\/\"]}]},{\"@type\":\"ImageObject\",\"inLanguage\":\"fr-FR\",\"@id\":\"https:\\\/\\\/www.novotek.com\\\/fr\\\/hmi-scada\\\/proficy-batch-execution\\\/#primaryimage\",\"url\":\"https:\\\/\\\/www.novotek.com\\\/fr\\\/wp-content\\\/uploads\\\/sites\\\/21\\\/GEdigital_batchexecution_operatorview.jpg.webp\",\"contentUrl\":\"https:\\\/\\\/www.novotek.com\\\/fr\\\/wp-content\\\/uploads\\\/sites\\\/21\\\/GEdigital_batchexecution_operatorview.jpg.webp\",\"width\":600,\"height\":522,\"caption\":\"Proficy Batch Execution\"},{\"@type\":\"BreadcrumbList\",\"@id\":\"https:\\\/\\\/www.novotek.com\\\/fr\\\/hmi-scada\\\/proficy-batch-execution\\\/#breadcrumb\",\"itemListElement\":[{\"@type\":\"ListItem\",\"position\":1,\"name\":\"Home\",\"item\":\"https:\\\/\\\/www.novotek.com\\\/fr\\\/\"},{\"@type\":\"ListItem\",\"position\":2,\"name\":\"HMI \\\/ SCADA\",\"item\":\"https:\\\/\\\/www.novotek.com\\\/fr\\\/hmi-scada\\\/\"},{\"@type\":\"ListItem\",\"position\":3,\"name\":\"Proficy Batch Execution\"}]},{\"@type\":\"WebSite\",\"@id\":\"https:\\\/\\\/www.novotek.com\\\/fr\\\/#website\",\"url\":\"https:\\\/\\\/www.novotek.com\\\/fr\\\/\",\"name\":\"Novotek Switzerland\",\"description\":\"Connecter - Digitaliser - Optimiser\",\"potentialAction\":[{\"@type\":\"SearchAction\",\"target\":{\"@type\":\"EntryPoint\",\"urlTemplate\":\"https:\\\/\\\/www.novotek.com\\\/fr\\\/?s={search_term_string}\"},\"query-input\":{\"@type\":\"PropertyValueSpecification\",\"valueRequired\":true,\"valueName\":\"search_term_string\"}}],\"inLanguage\":\"fr-FR\"}]}<\/script>\n<!-- \/ Yoast SEO plugin. -->","yoast_head_json":{"title":"Proficy Batch Execution - Novotek France","description":"La solution d\u2019automatisation compl\u00e8te sp\u00e9cialement con\u00e7ue pour la production par lots.","robots":{"index":"index","follow":"follow","max-snippet":"max-snippet:-1","max-image-preview":"max-image-preview:large","max-video-preview":"max-video-preview:-1"},"canonical":"https:\/\/www.novotek.com\/fr\/hmi-scada\/proficy-batch-execution\/","og_locale":"fr_FR","og_type":"article","og_title":"Proficy Batch Execution - Novotek France","og_description":"La solution d\u2019automatisation compl\u00e8te sp\u00e9cialement con\u00e7ue pour la production par lots.","og_url":"https:\/\/www.novotek.com\/fr\/hmi-scada\/proficy-batch-execution\/","og_site_name":"Novotek France","article_modified_time":"2025-06-25T10:53:05+00:00","og_image":[{"url":"https:\/\/www.novotek.com\/fr\/wp-content\/uploads\/sites\/21\/GEdigital_batchexecution_operatorview.jpg","type":"","width":"","height":""}],"twitter_card":"summary_large_image","twitter_misc":{"Dur\u00e9e de lecture estim\u00e9e":"4 minutes"},"schema":{"@context":"https:\/\/schema.org","@graph":[{"@type":"WebPage","@id":"https:\/\/www.novotek.com\/fr\/hmi-scada\/proficy-batch-execution\/","url":"https:\/\/www.novotek.com\/fr\/hmi-scada\/proficy-batch-execution\/","name":"Proficy Batch Execution - Novotek France","isPartOf":{"@id":"https:\/\/www.novotek.com\/fr\/#website"},"primaryImageOfPage":{"@id":"https:\/\/www.novotek.com\/fr\/hmi-scada\/proficy-batch-execution\/#primaryimage"},"image":{"@id":"https:\/\/www.novotek.com\/fr\/hmi-scada\/proficy-batch-execution\/#primaryimage"},"thumbnailUrl":"https:\/\/www.novotek.com\/fr\/wp-content\/uploads\/sites\/21\/GEdigital_batchexecution_operatorview.jpg","datePublished":"2023-03-30T13:31:22+00:00","dateModified":"2025-06-25T10:53:05+00:00","description":"La solution d\u2019automatisation compl\u00e8te sp\u00e9cialement con\u00e7ue pour la production par lots.","breadcrumb":{"@id":"https:\/\/www.novotek.com\/fr\/hmi-scada\/proficy-batch-execution\/#breadcrumb"},"inLanguage":"fr-FR","potentialAction":[{"@type":"ReadAction","target":["https:\/\/www.novotek.com\/fr\/hmi-scada\/proficy-batch-execution\/"]}]},{"@type":"ImageObject","inLanguage":"fr-FR","@id":"https:\/\/www.novotek.com\/fr\/hmi-scada\/proficy-batch-execution\/#primaryimage","url":"https:\/\/www.novotek.com\/fr\/wp-content\/uploads\/sites\/21\/GEdigital_batchexecution_operatorview.jpg.webp","contentUrl":"https:\/\/www.novotek.com\/fr\/wp-content\/uploads\/sites\/21\/GEdigital_batchexecution_operatorview.jpg.webp","width":600,"height":522,"caption":"Proficy Batch Execution"},{"@type":"BreadcrumbList","@id":"https:\/\/www.novotek.com\/fr\/hmi-scada\/proficy-batch-execution\/#breadcrumb","itemListElement":[{"@type":"ListItem","position":1,"name":"Home","item":"https:\/\/www.novotek.com\/fr\/"},{"@type":"ListItem","position":2,"name":"HMI \/ SCADA","item":"https:\/\/www.novotek.com\/fr\/hmi-scada\/"},{"@type":"ListItem","position":3,"name":"Proficy Batch Execution"}]},{"@type":"WebSite","@id":"https:\/\/www.novotek.com\/fr\/#website","url":"https:\/\/www.novotek.com\/fr\/","name":"Novotek Switzerland","description":"Connecter - Digitaliser - Optimiser","potentialAction":[{"@type":"SearchAction","target":{"@type":"EntryPoint","urlTemplate":"https:\/\/www.novotek.com\/fr\/?s={search_term_string}"},"query-input":{"@type":"PropertyValueSpecification","valueRequired":true,"valueName":"search_term_string"}}],"inLanguage":"fr-FR"}]}},"_links":{"self":[{"href":"https:\/\/www.novotek.com\/fr\/wp-json\/wp\/v2\/pages\/15936","targetHints":{"allow":["GET"]}}],"collection":[{"href":"https:\/\/www.novotek.com\/fr\/wp-json\/wp\/v2\/pages"}],"about":[{"href":"https:\/\/www.novotek.com\/fr\/wp-json\/wp\/v2\/types\/page"}],"author":[{"embeddable":true,"href":"https:\/\/www.novotek.com\/fr\/wp-json\/wp\/v2\/users\/35"}],"replies":[{"embeddable":true,"href":"https:\/\/www.novotek.com\/fr\/wp-json\/wp\/v2\/comments?post=15936"}],"version-history":[{"count":6,"href":"https:\/\/www.novotek.com\/fr\/wp-json\/wp\/v2\/pages\/15936\/revisions"}],"predecessor-version":[{"id":25733,"href":"https:\/\/www.novotek.com\/fr\/wp-json\/wp\/v2\/pages\/15936\/revisions\/25733"}],"up":[{"embeddable":true,"href":"https:\/\/www.novotek.com\/fr\/wp-json\/wp\/v2\/pages\/13676"}],"wp:attachment":[{"href":"https:\/\/www.novotek.com\/fr\/wp-json\/wp\/v2\/media?parent=15936"}],"curies":[{"name":"wp","href":"https:\/\/api.w.org\/{rel}","templated":true}]}}