{"id":22954,"date":"2025-01-23T08:54:18","date_gmt":"2025-01-23T08:54:18","guid":{"rendered":"https:\/\/www.novotek.com\/fr\/?page_id=22954"},"modified":"2025-06-30T13:07:28","modified_gmt":"2025-06-30T13:07:28","slug":"mentions-legales","status":"publish","type":"page","link":"https:\/\/www.novotek.com\/fr\/mentions-legales\/","title":{"rendered":"Mentions l\u00e9gales"},"content":{"rendered":"<div class=\"container-md heading  \">\n<h1 class=\"wp-block-heading\">Mentions l\u00e9gales<\/h1>\n<\/div>\n\n<div class=\"container-md paragraph  \">\n<p><strong>Novotek France<\/strong><\/p>\n<\/div>\n\n<div class=\"container-md paragraph  \">\n<p>Soci\u00e9t\u00e9 par Actions Simplifi\u00e9e (SAS) au capital de 10 000 euros<\/p>\n<\/div>\n\n<div class=\"container-md paragraph  \">\n<p>Si\u00e8ge social: 6 place de la Madeleine, 75 008 Paris, France<\/p>\n<\/div>\n\n<div class=\"container-md paragraph  \">\n<p>SIREN: 987 722 386 R.C.S. Paris<\/p>\n<\/div>\n\n<div class=\"container-md paragraph  \">\n<p><strong>Bureau commercial: <\/strong><\/p>\n<\/div>\n\n<div class=\"container-md paragraph  \">\n<p>Novotek France<br>Newton Offices<br>1165 rue Jean Ren\u00e9 Guillibert de la Lauzi\u00e8re<br>13 290 Aix-en-Provence, France<\/p>\n<\/div>\n\n<div class=\"container-md paragraph  \">\n<p><strong>Contact:<\/strong><br><strong>J\u00e9r\u00f4me Banuls<\/strong><br>Directeur D\u00e9veloppement Commercial<br>jerome.banuls@novotek.com<\/p>\n<\/div>\n\n<div class=\"container-md paragraph  \">\n<p><\/p>\n<\/div>","protected":false},"excerpt":{"rendered":"<p>Mentions l\u00e9gales Novotek France Soci\u00e9t\u00e9 par Actions Simplifi\u00e9e (SAS) au capital de 10 000 euros Si\u00e8ge social: 6 place de la Madeleine, 75 008 Paris, France SIREN: 987 722 386 R.C.S. Paris Bureau commercial: Novotek FranceNewton Offices1165 rue Jean Ren\u00e9 Guillibert de la Lauzi\u00e8re13 290 Aix-en-Provence, France Contact:J\u00e9r\u00f4me BanulsDirecteur D\u00e9veloppement Commercialjerome.banuls@novotek.com<\/p>\n","protected":false},"author":49,"featured_media":0,"parent":0,"menu_order":0,"comment_status":"closed","ping_status":"closed","template":"","meta":{"_acf_changed":false,"_relevanssi_hide_post":"","_relevanssi_pin_for_all":"","_relevanssi_pin_keywords":"","_relevanssi_unpin_keywords":"","_relevanssi_related_keywords":"","_relevanssi_related_include_ids":"","_relevanssi_related_exclude_ids":"","_relevanssi_related_no_append":"","_relevanssi_related_not_related":"","_relevanssi_related_posts":"21884,21153,17348,21299,22392,20294","_relevanssi_noindex_reason":"","footnotes":""},"class_list":["post-22954","page","type-page","status-publish","hentry"],"acf":[],"yoast_head":"<!-- This site is optimized with the Yoast SEO plugin v27.4 - https:\/\/yoast.com\/product\/yoast-seo-wordpress\/ -->\n<title>Mentions l\u00e9gales - Novotek France<\/title>\n<meta name=\"description\" content=\"Mentions l\u00e9gales de Novotek France, SAS au capital de 10 000 \u20ac, si\u00e8ge \u00e0 Paris, SIREN 987 722 386 R.C.S. Paris.\" \/>\n<meta name=\"robots\" content=\"index, follow, max-snippet:-1, max-image-preview:large, max-video-preview:-1\" \/>\n<link rel=\"canonical\" href=\"https:\/\/www.novotek.com\/fr\/mentions-legales\/\" \/>\n<meta property=\"og:locale\" content=\"fr_FR\" \/>\n<meta property=\"og:type\" content=\"article\" \/>\n<meta property=\"og:title\" content=\"Mentions l\u00e9gales - Novotek France\" \/>\n<meta property=\"og:description\" content=\"Mentions l\u00e9gales de Novotek France, SAS au capital de 10 000 \u20ac, si\u00e8ge \u00e0 Paris, SIREN 987 722 386 R.C.S. Paris.\" \/>\n<meta property=\"og:url\" content=\"https:\/\/www.novotek.com\/fr\/mentions-legales\/\" \/>\n<meta property=\"og:site_name\" content=\"Novotek France\" \/>\n<meta property=\"article:modified_time\" content=\"2025-06-30T13:07:28+00:00\" \/>\n<meta name=\"twitter:card\" content=\"summary_large_image\" \/>\n<meta name=\"twitter:label1\" content=\"Dur\u00e9e de lecture estim\u00e9e\" \/>\n\t<meta name=\"twitter:data1\" content=\"1 minute\" \/>\n<script type=\"application\/ld+json\" class=\"yoast-schema-graph\">{\"@context\":\"https:\\\/\\\/schema.org\",\"@graph\":[{\"@type\":\"WebPage\",\"@id\":\"https:\\\/\\\/www.novotek.com\\\/fr\\\/mentions-legales\\\/\",\"url\":\"https:\\\/\\\/www.novotek.com\\\/fr\\\/mentions-legales\\\/\",\"name\":\"Mentions l\u00e9gales - Novotek France\",\"isPartOf\":{\"@id\":\"https:\\\/\\\/www.novotek.com\\\/fr\\\/#website\"},\"datePublished\":\"2025-01-23T08:54:18+00:00\",\"dateModified\":\"2025-06-30T13:07:28+00:00\",\"description\":\"Mentions l\u00e9gales de Novotek France, SAS au capital de 10 000 \u20ac, si\u00e8ge \u00e0 Paris, SIREN 987 722 386 R.C.S. Paris.\",\"breadcrumb\":{\"@id\":\"https:\\\/\\\/www.novotek.com\\\/fr\\\/mentions-legales\\\/#breadcrumb\"},\"inLanguage\":\"fr-FR\",\"potentialAction\":[{\"@type\":\"ReadAction\",\"target\":[\"https:\\\/\\\/www.novotek.com\\\/fr\\\/mentions-legales\\\/\"]}]},{\"@type\":\"BreadcrumbList\",\"@id\":\"https:\\\/\\\/www.novotek.com\\\/fr\\\/mentions-legales\\\/#breadcrumb\",\"itemListElement\":[{\"@type\":\"ListItem\",\"position\":1,\"name\":\"Home\",\"item\":\"https:\\\/\\\/www.novotek.com\\\/fr\\\/\"},{\"@type\":\"ListItem\",\"position\":2,\"name\":\"Mentions l\u00e9gales\"}]},{\"@type\":\"WebSite\",\"@id\":\"https:\\\/\\\/www.novotek.com\\\/fr\\\/#website\",\"url\":\"https:\\\/\\\/www.novotek.com\\\/fr\\\/\",\"name\":\"Novotek Switzerland\",\"description\":\"Connecter - Digitaliser - Optimiser\",\"potentialAction\":[{\"@type\":\"SearchAction\",\"target\":{\"@type\":\"EntryPoint\",\"urlTemplate\":\"https:\\\/\\\/www.novotek.com\\\/fr\\\/?s={search_term_string}\"},\"query-input\":{\"@type\":\"PropertyValueSpecification\",\"valueRequired\":true,\"valueName\":\"search_term_string\"}}],\"inLanguage\":\"fr-FR\"}]}<\/script>\n<!-- \/ Yoast SEO plugin. -->","yoast_head_json":{"title":"Mentions l\u00e9gales - Novotek France","description":"Mentions l\u00e9gales de Novotek France, SAS au capital de 10 000 \u20ac, si\u00e8ge \u00e0 Paris, SIREN 987 722 386 R.C.S. Paris.","robots":{"index":"index","follow":"follow","max-snippet":"max-snippet:-1","max-image-preview":"max-image-preview:large","max-video-preview":"max-video-preview:-1"},"canonical":"https:\/\/www.novotek.com\/fr\/mentions-legales\/","og_locale":"fr_FR","og_type":"article","og_title":"Mentions l\u00e9gales - Novotek France","og_description":"Mentions l\u00e9gales de Novotek France, SAS au capital de 10 000 \u20ac, si\u00e8ge \u00e0 Paris, SIREN 987 722 386 R.C.S. Paris.","og_url":"https:\/\/www.novotek.com\/fr\/mentions-legales\/","og_site_name":"Novotek France","article_modified_time":"2025-06-30T13:07:28+00:00","twitter_card":"summary_large_image","twitter_misc":{"Dur\u00e9e de lecture estim\u00e9e":"1 minute"},"schema":{"@context":"https:\/\/schema.org","@graph":[{"@type":"WebPage","@id":"https:\/\/www.novotek.com\/fr\/mentions-legales\/","url":"https:\/\/www.novotek.com\/fr\/mentions-legales\/","name":"Mentions l\u00e9gales - Novotek France","isPartOf":{"@id":"https:\/\/www.novotek.com\/fr\/#website"},"datePublished":"2025-01-23T08:54:18+00:00","dateModified":"2025-06-30T13:07:28+00:00","description":"Mentions l\u00e9gales de Novotek France, SAS au capital de 10 000 \u20ac, si\u00e8ge \u00e0 Paris, SIREN 987 722 386 R.C.S. Paris.","breadcrumb":{"@id":"https:\/\/www.novotek.com\/fr\/mentions-legales\/#breadcrumb"},"inLanguage":"fr-FR","potentialAction":[{"@type":"ReadAction","target":["https:\/\/www.novotek.com\/fr\/mentions-legales\/"]}]},{"@type":"BreadcrumbList","@id":"https:\/\/www.novotek.com\/fr\/mentions-legales\/#breadcrumb","itemListElement":[{"@type":"ListItem","position":1,"name":"Home","item":"https:\/\/www.novotek.com\/fr\/"},{"@type":"ListItem","position":2,"name":"Mentions l\u00e9gales"}]},{"@type":"WebSite","@id":"https:\/\/www.novotek.com\/fr\/#website","url":"https:\/\/www.novotek.com\/fr\/","name":"Novotek Switzerland","description":"Connecter - Digitaliser - Optimiser","potentialAction":[{"@type":"SearchAction","target":{"@type":"EntryPoint","urlTemplate":"https:\/\/www.novotek.com\/fr\/?s={search_term_string}"},"query-input":{"@type":"PropertyValueSpecification","valueRequired":true,"valueName":"search_term_string"}}],"inLanguage":"fr-FR"}]}},"_links":{"self":[{"href":"https:\/\/www.novotek.com\/fr\/wp-json\/wp\/v2\/pages\/22954","targetHints":{"allow":["GET"]}}],"collection":[{"href":"https:\/\/www.novotek.com\/fr\/wp-json\/wp\/v2\/pages"}],"about":[{"href":"https:\/\/www.novotek.com\/fr\/wp-json\/wp\/v2\/types\/page"}],"author":[{"embeddable":true,"href":"https:\/\/www.novotek.com\/fr\/wp-json\/wp\/v2\/users\/49"}],"replies":[{"embeddable":true,"href":"https:\/\/www.novotek.com\/fr\/wp-json\/wp\/v2\/comments?post=22954"}],"version-history":[{"count":5,"href":"https:\/\/www.novotek.com\/fr\/wp-json\/wp\/v2\/pages\/22954\/revisions"}],"predecessor-version":[{"id":25745,"href":"https:\/\/www.novotek.com\/fr\/wp-json\/wp\/v2\/pages\/22954\/revisions\/25745"}],"wp:attachment":[{"href":"https:\/\/www.novotek.com\/fr\/wp-json\/wp\/v2\/media?parent=22954"}],"curies":[{"name":"wp","href":"https:\/\/api.w.org\/{rel}","templated":true}]}}