{"id":25402,"date":"2025-03-06T10:16:40","date_gmt":"2025-03-06T10:16:40","guid":{"rendered":"https:\/\/www.novotek.com\/fr\/?page_id=25402"},"modified":"2025-06-30T13:07:21","modified_gmt":"2025-06-30T13:07:21","slug":"politique-de-confidentialite","status":"publish","type":"page","link":"https:\/\/www.novotek.com\/fr\/politique-de-confidentialite\/","title":{"rendered":"Politique de confidentialit\u00e9"},"content":{"rendered":"<div class=\"container-md heading  \">\n<h1 class=\"wp-block-heading\">Politique de confidentialit\u00e9<\/h1>\n<\/div>\n\n<div class=\"container-md paragraph  \">\n<p>Novotek AB et les autres soci\u00e9t\u00e9s du groupe NOVOTEK (ci-apr\u00e8s d\u00e9nomm\u00e9es ensemble Novotek ou \u00ab&nbsp;nous&nbsp;\u00bb) sont responsables de ce site et de ses sous-sites. La soci\u00e9t\u00e9 est immatricul\u00e9e \u00e0 Malm\u00f6, en Su\u00e8de. Novotek a conscience de l&rsquo;importance de la protection de la confidentialit\u00e9 des informations \u00e0 caract\u00e8re personnel et a d\u00e9velopp\u00e9 \u00e0 cet \u00e9gard une politique que nous respectons.<\/p>\n<\/div>\n\n<div class=\"container-md paragraph  \">\n<p>Novotek a toujours consid\u00e9r\u00e9 l&rsquo;int\u00e9grit\u00e9 personnelle et la protection de la vie priv\u00e9e comme importantes et veille \u00e0 les respecter lors de la mise en place de nouvelles r\u00e9glementations. Novotek ne conservera ni ne traitera jamais de donn\u00e9es priv\u00e9es ou personnelles concernant quiconque &#8211; employ\u00e9, partenaire ou autre &#8211; qui ne soient pas absolument n\u00e9cessaires pour remplir nos engagements envers les clients, le personnel, les autorit\u00e9s ou autres.<\/p>\n<\/div>\n\n<div class=\"container-md paragraph  \">\n<p>De fa\u00e7on g\u00e9n\u00e9rale, cela signifie que les informations concernant toute personne qui ne sont pas consid\u00e9r\u00e9es comme essentielles ne seront jamais conserv\u00e9es dans un syst\u00e8me de Novotek et, qu\u2019\u00e0 leur r\u00e9ception, de telles informations seront imm\u00e9diatement supprim\u00e9es et l\u2019exp\u00e9diteur en sera inform\u00e9. Ces informations comprennent, sans s&rsquo;y limiter, les opinions politiques, les pr\u00e9f\u00e9rences sexuelles, les membres de la famille, les coordonn\u00e9es personnelles, les affiliations syndicales et autres, \u00e0 moins que cela ne soit requis par la loi.<\/p>\n<\/div>\n\n<div class=\"container-md paragraph  \">\n<p>Lors de la saisie et de la collecte d&rsquo;informations dans un syst\u00e8me de Novotek, chaque employ\u00e9 doit \u00e0 tout moment v\u00e9rifier si ces informations sont n\u00e9cessaires au respect par Novotek de ses engagements envers la personne ou le client concern\u00e9. Cela concerne toutes les activit\u00e9s, du marketing et des ventes au service et \u00e0 la livraison, en passant par l&rsquo;administration et les ressources humaines.<\/p>\n<\/div>\n\n<div class=\"container-md paragraph  \">\n<p>Chaque membre du personnel de Novotek doit veiller \u00e0 respecter et \u00e0 faire respecter cette politique dans l\u2019ex\u00e9cution de son travail. La direction de Novotek s&rsquo;engage \u00e0 informer, \u00e0 faire respecter et \u00e0 v\u00e9rifier r\u00e9guli\u00e8rement que Novotek respecte et fait respecter \u00e0 tout moment cette politique ainsi que toute r\u00e9glementation locale ou europ\u00e9enne en vigueur dans le domaine de l&rsquo;int\u00e9grit\u00e9 personnelle et de la protection de la vie priv\u00e9e.<\/p>\n<\/div>\n\n<div class=\"container-md paragraph  \">\n<p>Tobias Antius, CEO et Pr\u00e9sident de Novotek AB<\/p>\n<\/div>\n\n<div class=\"container-md paragraph  \">\n<p>Vous trouverez ci-dessous plus de d\u00e9tails sur la mani\u00e8re dont nous mettons en \u0153uvre quotidiennement cette Politique de Confidentialit\u00e9 chez Novotek.<\/p>\n<\/div>\n\n<div class=\"container-md heading  \">\n<h3 class=\"wp-block-heading\" style=\"font-size:20px\">COOKIES<\/h3>\n<\/div>\n\n<div class=\"container-md paragraph  \">\n<p>Nous utilisons des cookies sur ce site internet pour am\u00e9liorer votre exp\u00e9rience. Les cookies sont des \u00e9l\u00e9ments d&rsquo;information qui sont envoy\u00e9s par un site internet pour \u00eatre stock\u00e9s sur le navigateur de votre ordinateur. Nous utilisons des cookies pour d\u00e9terminer quelles sont les pages de notre site internet qui sont visit\u00e9es et \u00e0 quelle fr\u00e9quence. Gr\u00e2ce aux cookies, nous voulons rendre notre site internet plus facile \u00e0 utiliser et vous offrir une exp\u00e9rience am\u00e9lior\u00e9e lorsque vous revenez sur notre site. Les cookies nous permettent, par exemple, d&rsquo;enregistrer votre mot de passe afin que vous n&rsquo;ayez pas \u00e0 le saisir \u00e0 chaque fois que vous vous connectez \u00e0 notre site internet. Ils nous permettent \u00e9galement de personnaliser votre exp\u00e9rience afin que vous receviez un contenu adapt\u00e9, utile et pertinent lorsque vous vous rendez sur notre site.<\/p>\n<\/div>\n\n<div class=\"container-md paragraph  \">\n<p>Les cookies sont \u00e9galement utilis\u00e9s pour collecter des donn\u00e9es statistiques. En plus d&rsquo;utiliser nos propres cookies, nous travaillons avec des partenaires qui nous permettent d&rsquo;avoir acc\u00e8s \u00e0 encore plus d\u2019options sur le site internet. Ils utilisent ce que l&rsquo;on appelle des cookies tiers qui permettent \u00e0 leurs fonctionnalit\u00e9s d\u2019\u00eatre d&rsquo;utilis\u00e9es sur notre site internet. Ce type de cookie ne vous reconna\u00eet pas personnellement mais peut reconna\u00eetre votre ordinateur lorsque vous visitez novotek.com ou d&rsquo;autres sites internet, et s&rsquo;assurer que vous b\u00e9n\u00e9ficiez de la meilleure exp\u00e9rience possible. Sur notre site internet, nous utilisons \u00e9galement des cookies\/identifiants publicitaires \u00e0 des fins publicitaires. Cela nous permet de diffuser des publicit\u00e9s aux visiteurs int\u00e9ress\u00e9s par nos produits au travers des sites internet, des applications et des courriels de nos partenaires. La technologie de re ciblage utilise vos cookies ou votre identifiant publicitaire pour vous montrer des publicit\u00e9s en fonction des pages que vous avez pr\u00e9c\u00e9demment visit\u00e9es. Si vous souhaitez vous d\u00e9sinscrire de ce type de publicit\u00e9, veuillez suivre les instructions de d\u00e9sinscription contenues dans l\u2019email qui vous a \u00e9t\u00e9 envoy\u00e9.<\/p>\n<\/div>\n\n<div class=\"container-md paragraph  \">\n<p>Nous pouvons partager des donn\u00e9es, telles que des identifiants techniques provenant de votre inscription sur notre site internet ou de notre syst\u00e8me CRM, avec nos partenaires publicitaires de confiance. Cela leur permet de relier vos appareils et de vous offrir une exp\u00e9rience fluide et optimis\u00e9e entre les diff\u00e9rents appareils et environnements informatiques que vous utilisez.<\/p>\n<\/div>\n\n<div class=\"container-md heading  \">\n<h2 class=\"wp-block-heading\" style=\"font-size:20px\"><strong>QUELLES SONT LES INFORMATIONS ENREGISTREES\/CONSERVEES\/COLLECT\u00c9ES PAR NOVOTEK ?<\/strong><\/h2>\n<\/div>\n\n<div class=\"container-md paragraph  \">\n<p>Novotek enregistre et conserve les donn\u00e9es personnelles de tous les visiteurs du site internet qui inscrivent des informations sur le site. Nous utilisons \u00e9galement des cookies et suivons votre adresse IP afin d&rsquo;am\u00e9liorer notre service et votre exp\u00e9rience avec Novotek. Novotek collecte et s\u00e9curise \u00e9galement certaines informations personnelles, telles que le nom, le num\u00e9ro de t\u00e9l\u00e9phone et l&rsquo;adresse email, et dans certains cas aupr\u00e8s de tiers. Novotek ne recueille, enregistre ou conserve aucun renseignement sur les cartes de cr\u00e9dit. Afin de vous offrir une meilleure exp\u00e9rience, nous pouvons combiner les informations que vous nous transmettez avec d&rsquo;autres informations telles que le nombre de fois o\u00f9 vous avez visit\u00e9 le site internet, le contenu que vous avez consult\u00e9, la date du dernier email que nous vous avons envoy\u00e9 et la mani\u00e8re dont vous vous int\u00e9ressez \u00e0 notre contenu.<\/p>\n<\/div>\n\n<div class=\"container-md paragraph  \">\n<p>Notre objectif est d&rsquo;\u00eatre toujours transparent et utile. Si vous pensez que ce n\u2019est pas le cas, vous avez la possibilit\u00e9 de vous d\u00e9sinscrire \u00e0 tout moment.<\/p>\n<\/div>\n\n<div class=\"container-md heading  \">\n<h3 class=\"wp-block-heading\" style=\"font-size:18px\">DE QUELLE MANI\u00c8RE NOVOTEK UTILISE-T-ELLE LES INFORMATIONS QUE VOUS AVEZ SAISIES ?<\/h3>\n<\/div>\n\n<div class=\"container-md paragraph  \">\n<p>Novotek utilise ces informations pour am\u00e9liorer et personnaliser votre exp\u00e9rience avec nous et pour communiquer conform\u00e9ment \u00e0 notre politique. Si vous transmettez vos informations personnelles \u00e0 Novotek, nous les utiliserons, avec votre permission, pour rendre notre contenu publicitaire aussi pertinent et utile que possible et pour am\u00e9liorer l&rsquo;exp\u00e9rience d&rsquo;achat et\/ou d&rsquo;utilisation de nos logiciels, mat\u00e9riels et services, ainsi que pour vous tenir inform\u00e9. En outre, nous utilisons les informations que vous nous transmettez pour \u00e9valuer nos performances et am\u00e9liorer la gestion de notre entreprise. Nous ne vous enverrons des notifications par email que si vous nous en avez donn\u00e9 l&rsquo;autorisation. Cela sera le cas lorsque vous nous aurez donn\u00e9 votre consentement sur notre site internet ou lorsque votre adresse email nous aura \u00e9t\u00e9 transmise par d&rsquo;autres biais. Nous pouvons vous contacter, selon le choix que vous aurez fait, par email, par courrier ou par t\u00e9l\u00e9phone. Afin de vous fournir des informations plus pertinentes, nous pouvons combiner les informations que vous nous transmettez avec des informations provenant de tiers, des donn\u00e9es d\u00e9mographiques ou encore des informations facilement accessibles au public. Nous pouvons \u00e9galement combiner ces informations avec celles de nos partenaires.<\/p>\n<\/div>\n\n<div class=\"container-md heading  \">\n<h3 class=\"wp-block-heading\" style=\"font-size:18px\">PENDANT COMBIEN DE TEMPS NOVOTEK CONSERVE-T-ELLE VOS INFORMATIONS ?<\/h3>\n<\/div>\n\n<div class=\"container-md paragraph  \">\n<p>Afin d\u2019\u00eatre en conformit\u00e9 avec le RGPD, nous ne conservons ces donn\u00e9es que le temps n\u00e9cessaire. Si vous vous inscrivez sur notre site internet ou que vous vous enregistrez par d&rsquo;autres moyens afin d\u2019obtenir des informations ou que vous entamez une relation d\u2019affaire avec nous, vous en serez inform\u00e9 et vous pourrez soit rester soit sortir des bases de donn\u00e9es que nous utilisons pour g\u00e9rer notre activit\u00e9, \u00e0 moins que d&rsquo;autres lois ou r\u00e9glementations ne nous obligent \u00e0 conserver ces informations. Les informations sont utilis\u00e9es pour attirer de nouveaux clients et aider les clients existants \u00e0 r\u00e9ussir du mieux possible et \u00e0 rester avec nous pendant de nombreuses ann\u00e9es.<\/p>\n<\/div>\n\n<div class=\"container-md heading  \">\n<h3 class=\"wp-block-heading\" style=\"font-size:18px\"><strong>NOVOTEK PARTAGE-T-ELLE VOS INFORMATIONS AVEC D&rsquo;AUTRES ?<\/strong><\/h3>\n<\/div>\n\n<div class=\"container-md paragraph  \">\n<p>Novotek ne vend pas, ne loue pas et ne divulgue pas le nom, l&rsquo;adresse, l&rsquo;adresse \u00e9lectronique ou d&rsquo;autres informations personnelles de ses clients. Dans le cadre du maintien de son site internet, de la gestion de sa base de donn\u00e9es, de l\u2019envoi des emails et de la communication avec ses clients, Novotek conclut des contrats avec des tiers. Ces services sont fournis au nom de Novotek et sans que ces prestataires de services soient autoris\u00e9s \u00e0 utiliser vos informations \u00e0 d&rsquo;autres fins. Vos informations ne seront aucunement divulgu\u00e9es par Novotek \u00e0 des tiers, \u00e0 moins que la loi ne l&rsquo;exige ou que cela ne soit requis dans le cadre d\u2019une r\u00e9clamation ou d\u2019une action en justice.<\/p>\n<\/div>\n\n<div class=\"container-md heading  \">\n<h3 class=\"wp-block-heading\" style=\"font-size:18px\"><strong>S\u00c9CURIT\u00c9<\/strong><\/h3>\n<\/div>\n\n<div class=\"container-md paragraph  \">\n<p>Novotek utilise des mesures de s\u00e9curit\u00e9 appropri\u00e9es et accessibles pour prot\u00e9ger les informations que vous nous fournissez. Bien que nous prenions des mesures raisonnables pour prot\u00e9ger vos informations personnelles contre une intrusion, un acc\u00e8s ou une utilisation non autoris\u00e9s, vous acceptez qu&rsquo;aucune transmission de donn\u00e9es par internet ne puisse \u00eatre \u00e0 l\u2019abri d\u2019un acc\u00e8s par des destinataires ind\u00e9sirables.<\/p>\n<\/div>\n\n<div class=\"container-md heading  \">\n<h3 class=\"wp-block-heading\" style=\"font-size:18px\"><strong>EXACTITUDE ET MAINTENANCE<\/strong><\/h3>\n<\/div>\n\n<div class=\"container-md paragraph  \">\n<p>Vous avez le droit de demander l&rsquo;acc\u00e8s et la correction de toute information personnelle que vous nous transmettez. Vous pouvez retirer votre nom de la liste marketing de Novotek et\/ou de ses utilisateurs en nous contactant par t\u00e9l\u00e9phone au : +46-40-316900 ou par email au : <a href=\"mailto:info@novotek.com\">info@novotek.com<\/a>.<\/p>\n<\/div>\n\n<div class=\"container-md heading  \">\n<h3 class=\"wp-block-heading\" style=\"font-size:18px\"><strong>ACCEPTATION DE LA POLITIQUE DE CONFIDENTIALITE ET DE SES MODIFICATIONS<\/strong><\/h3>\n<\/div>\n\n<div class=\"container-md paragraph  \">\n<p>En visitant et en utilisant le site internet de Novotek, ou en fournissant des informations personnelles \u00e0 l&rsquo;un de nos vendeurs, vous consentez \u00e0 ce que nous utilisions et divulguions des informations similaires \u00e0 celles d\u00e9crites dans cette Politique de Confidentialit\u00e9. Novotek se r\u00e9serve le droit, \u00e0 certains moments, d&rsquo;apporter des modifications \u00e0 la Politique de Confidentialit\u00e9 et\/ou aux proc\u00e9dures mises en place. La politique actuelle est toujours affich\u00e9e sur notre site internet et nous vous recommandons vivement d\u2019en prendre connaissance. Nous vous informerons de toute modification de notre Politique de Confidentialit\u00e9 en publiant les changements sur notre site internet.<\/p>\n<\/div>\n\n<div class=\"container-md heading  \">\n<h3 class=\"wp-block-heading\" style=\"font-size:18px\"><strong>CONTACTEZ-NOUS<\/strong><\/h3>\n<\/div>\n\n<div class=\"container-md paragraph  \">\n<p>Si vous avez des questions ou des commentaires sur notre Politique de Confidentialit\u00e9, vous pouvez nous contacter par email \u00e0 l\u2019adresse suivante : <a href=\"mailto:info@novotek.com\">info@novotek.com<\/a>. Vous pouvez \u00e9galement nous envoyer un courrier \u00e0 : Novotek AB, PO Box 16014, 200 25 Malm\u00f6, Su\u00e8de.<\/p>\n<\/div>\n\n<div class=\"container-md separator  \">\n<hr class=\"wp-block-separator has-alpha-channel-opacity\"\/>\n<\/div>","protected":false},"excerpt":{"rendered":"<p>Politique de confidentialit\u00e9 Novotek AB et les autres soci\u00e9t\u00e9s du groupe NOVOTEK (ci-apr\u00e8s d\u00e9nomm\u00e9es ensemble Novotek ou \u00ab&nbsp;nous&nbsp;\u00bb) sont responsables de ce site et de ses sous-sites. La soci\u00e9t\u00e9 est immatricul\u00e9e \u00e0 Malm\u00f6, en Su\u00e8de. Novotek a conscience de l&rsquo;importance de la protection de la confidentialit\u00e9 des informations \u00e0 caract\u00e8re personnel et a d\u00e9velopp\u00e9 \u00e0 [&hellip;]<\/p>\n","protected":false},"author":34,"featured_media":0,"parent":0,"menu_order":0,"comment_status":"closed","ping_status":"closed","template":"","meta":{"_acf_changed":false,"_relevanssi_hide_post":"","_relevanssi_pin_for_all":"","_relevanssi_pin_keywords":"","_relevanssi_unpin_keywords":"","_relevanssi_related_keywords":"","_relevanssi_related_include_ids":"","_relevanssi_related_exclude_ids":"","_relevanssi_related_no_append":"","_relevanssi_related_not_related":"","_relevanssi_related_posts":"20294,19884,22457,21299,16680,19431","_relevanssi_noindex_reason":"","footnotes":""},"class_list":["post-25402","page","type-page","status-publish","hentry"],"acf":[],"yoast_head":"<!-- This site is optimized with the Yoast SEO plugin v27.4 - https:\/\/yoast.com\/product\/yoast-seo-wordpress\/ -->\n<title>Politique de confidentialit\u00e9 - Novotek France<\/title>\n<meta name=\"description\" content=\"Novotek AB, bas\u00e9 \u00e0 Malm\u00f6, g\u00e8re ce site et prot\u00e8ge la confidentialit\u00e9 des donn\u00e9es personnelles selon sa politique d\u00e9di\u00e9e.\" \/>\n<meta name=\"robots\" content=\"index, follow, max-snippet:-1, max-image-preview:large, max-video-preview:-1\" \/>\n<link rel=\"canonical\" href=\"https:\/\/www.novotek.com\/fr\/politique-de-confidentialite\/\" \/>\n<meta property=\"og:locale\" content=\"fr_FR\" \/>\n<meta property=\"og:type\" content=\"article\" \/>\n<meta property=\"og:title\" content=\"Politique de confidentialit\u00e9 - Novotek France\" \/>\n<meta property=\"og:description\" content=\"Novotek AB, bas\u00e9 \u00e0 Malm\u00f6, g\u00e8re ce site et prot\u00e8ge la confidentialit\u00e9 des donn\u00e9es personnelles selon sa politique d\u00e9di\u00e9e.\" \/>\n<meta property=\"og:url\" content=\"https:\/\/www.novotek.com\/fr\/politique-de-confidentialite\/\" \/>\n<meta property=\"og:site_name\" content=\"Novotek France\" \/>\n<meta property=\"article:modified_time\" content=\"2025-06-30T13:07:21+00:00\" \/>\n<meta name=\"twitter:card\" content=\"summary_large_image\" \/>\n<meta name=\"twitter:label1\" content=\"Dur\u00e9e de lecture estim\u00e9e\" \/>\n\t<meta name=\"twitter:data1\" content=\"8 minutes\" \/>\n<script type=\"application\/ld+json\" class=\"yoast-schema-graph\">{\"@context\":\"https:\\\/\\\/schema.org\",\"@graph\":[{\"@type\":\"WebPage\",\"@id\":\"https:\\\/\\\/www.novotek.com\\\/fr\\\/politique-de-confidentialite\\\/\",\"url\":\"https:\\\/\\\/www.novotek.com\\\/fr\\\/politique-de-confidentialite\\\/\",\"name\":\"Politique de confidentialit\u00e9 - Novotek France\",\"isPartOf\":{\"@id\":\"https:\\\/\\\/www.novotek.com\\\/fr\\\/#website\"},\"datePublished\":\"2025-03-06T10:16:40+00:00\",\"dateModified\":\"2025-06-30T13:07:21+00:00\",\"description\":\"Novotek AB, bas\u00e9 \u00e0 Malm\u00f6, g\u00e8re ce site et prot\u00e8ge la confidentialit\u00e9 des donn\u00e9es personnelles selon sa politique d\u00e9di\u00e9e.\",\"breadcrumb\":{\"@id\":\"https:\\\/\\\/www.novotek.com\\\/fr\\\/politique-de-confidentialite\\\/#breadcrumb\"},\"inLanguage\":\"fr-FR\",\"potentialAction\":[{\"@type\":\"ReadAction\",\"target\":[\"https:\\\/\\\/www.novotek.com\\\/fr\\\/politique-de-confidentialite\\\/\"]}]},{\"@type\":\"BreadcrumbList\",\"@id\":\"https:\\\/\\\/www.novotek.com\\\/fr\\\/politique-de-confidentialite\\\/#breadcrumb\",\"itemListElement\":[{\"@type\":\"ListItem\",\"position\":1,\"name\":\"Home\",\"item\":\"https:\\\/\\\/www.novotek.com\\\/fr\\\/\"},{\"@type\":\"ListItem\",\"position\":2,\"name\":\"Politique de confidentialit\u00e9\"}]},{\"@type\":\"WebSite\",\"@id\":\"https:\\\/\\\/www.novotek.com\\\/fr\\\/#website\",\"url\":\"https:\\\/\\\/www.novotek.com\\\/fr\\\/\",\"name\":\"Novotek Switzerland\",\"description\":\"Connecter - Digitaliser - Optimiser\",\"potentialAction\":[{\"@type\":\"SearchAction\",\"target\":{\"@type\":\"EntryPoint\",\"urlTemplate\":\"https:\\\/\\\/www.novotek.com\\\/fr\\\/?s={search_term_string}\"},\"query-input\":{\"@type\":\"PropertyValueSpecification\",\"valueRequired\":true,\"valueName\":\"search_term_string\"}}],\"inLanguage\":\"fr-FR\"}]}<\/script>\n<!-- \/ Yoast SEO plugin. -->","yoast_head_json":{"title":"Politique de confidentialit\u00e9 - Novotek France","description":"Novotek AB, bas\u00e9 \u00e0 Malm\u00f6, g\u00e8re ce site et prot\u00e8ge la confidentialit\u00e9 des donn\u00e9es personnelles selon sa politique d\u00e9di\u00e9e.","robots":{"index":"index","follow":"follow","max-snippet":"max-snippet:-1","max-image-preview":"max-image-preview:large","max-video-preview":"max-video-preview:-1"},"canonical":"https:\/\/www.novotek.com\/fr\/politique-de-confidentialite\/","og_locale":"fr_FR","og_type":"article","og_title":"Politique de confidentialit\u00e9 - Novotek France","og_description":"Novotek AB, bas\u00e9 \u00e0 Malm\u00f6, g\u00e8re ce site et prot\u00e8ge la confidentialit\u00e9 des donn\u00e9es personnelles selon sa politique d\u00e9di\u00e9e.","og_url":"https:\/\/www.novotek.com\/fr\/politique-de-confidentialite\/","og_site_name":"Novotek France","article_modified_time":"2025-06-30T13:07:21+00:00","twitter_card":"summary_large_image","twitter_misc":{"Dur\u00e9e de lecture estim\u00e9e":"8 minutes"},"schema":{"@context":"https:\/\/schema.org","@graph":[{"@type":"WebPage","@id":"https:\/\/www.novotek.com\/fr\/politique-de-confidentialite\/","url":"https:\/\/www.novotek.com\/fr\/politique-de-confidentialite\/","name":"Politique de confidentialit\u00e9 - Novotek France","isPartOf":{"@id":"https:\/\/www.novotek.com\/fr\/#website"},"datePublished":"2025-03-06T10:16:40+00:00","dateModified":"2025-06-30T13:07:21+00:00","description":"Novotek AB, bas\u00e9 \u00e0 Malm\u00f6, g\u00e8re ce site et prot\u00e8ge la confidentialit\u00e9 des donn\u00e9es personnelles selon sa politique d\u00e9di\u00e9e.","breadcrumb":{"@id":"https:\/\/www.novotek.com\/fr\/politique-de-confidentialite\/#breadcrumb"},"inLanguage":"fr-FR","potentialAction":[{"@type":"ReadAction","target":["https:\/\/www.novotek.com\/fr\/politique-de-confidentialite\/"]}]},{"@type":"BreadcrumbList","@id":"https:\/\/www.novotek.com\/fr\/politique-de-confidentialite\/#breadcrumb","itemListElement":[{"@type":"ListItem","position":1,"name":"Home","item":"https:\/\/www.novotek.com\/fr\/"},{"@type":"ListItem","position":2,"name":"Politique de confidentialit\u00e9"}]},{"@type":"WebSite","@id":"https:\/\/www.novotek.com\/fr\/#website","url":"https:\/\/www.novotek.com\/fr\/","name":"Novotek Switzerland","description":"Connecter - Digitaliser - Optimiser","potentialAction":[{"@type":"SearchAction","target":{"@type":"EntryPoint","urlTemplate":"https:\/\/www.novotek.com\/fr\/?s={search_term_string}"},"query-input":{"@type":"PropertyValueSpecification","valueRequired":true,"valueName":"search_term_string"}}],"inLanguage":"fr-FR"}]}},"_links":{"self":[{"href":"https:\/\/www.novotek.com\/fr\/wp-json\/wp\/v2\/pages\/25402","targetHints":{"allow":["GET"]}}],"collection":[{"href":"https:\/\/www.novotek.com\/fr\/wp-json\/wp\/v2\/pages"}],"about":[{"href":"https:\/\/www.novotek.com\/fr\/wp-json\/wp\/v2\/types\/page"}],"author":[{"embeddable":true,"href":"https:\/\/www.novotek.com\/fr\/wp-json\/wp\/v2\/users\/34"}],"replies":[{"embeddable":true,"href":"https:\/\/www.novotek.com\/fr\/wp-json\/wp\/v2\/comments?post=25402"}],"version-history":[{"count":12,"href":"https:\/\/www.novotek.com\/fr\/wp-json\/wp\/v2\/pages\/25402\/revisions"}],"predecessor-version":[{"id":25744,"href":"https:\/\/www.novotek.com\/fr\/wp-json\/wp\/v2\/pages\/25402\/revisions\/25744"}],"wp:attachment":[{"href":"https:\/\/www.novotek.com\/fr\/wp-json\/wp\/v2\/media?parent=25402"}],"curies":[{"name":"wp","href":"https:\/\/api.w.org\/{rel}","templated":true}]}}