{"id":25642,"date":"2025-05-12T14:10:31","date_gmt":"2025-05-12T14:10:31","guid":{"rendered":"https:\/\/www.novotek.com\/fr\/?page_id=25642"},"modified":"2025-10-14T06:11:51","modified_gmt":"2025-10-14T06:11:51","slug":"merci-pour-votre-interet","status":"publish","type":"page","link":"https:\/\/www.novotek.com\/fr\/merci-pour-votre-interet\/","title":{"rendered":"Merci pour votre int\u00e9r\u00eat!"},"content":{"rendered":"<div class=\"wp-block-image\"><div class=\"container-md image  aligncenter\">\n<figure class=\"aligncenter size-full is-resized\"><img loading=\"lazy\" decoding=\"async\" width=\"500\" height=\"500\" src=\"https:\/\/www.novotek.com\/fr\/wp-content\/uploads\/sites\/21\/Checkmark-garident-blue.png\" alt=\"\" class=\"wp-image-25065\" style=\"width:314px;height:auto\" srcset=\"https:\/\/www.novotek.com\/fr\/wp-content\/uploads\/sites\/21\/Checkmark-garident-blue.png 500w, https:\/\/www.novotek.com\/fr\/wp-content\/uploads\/sites\/21\/Checkmark-garident-blue-300x300.png 300w, https:\/\/www.novotek.com\/fr\/wp-content\/uploads\/sites\/21\/Checkmark-garident-blue-150x150.png 150w, https:\/\/www.novotek.com\/fr\/wp-content\/uploads\/sites\/21\/Checkmark-garident-blue-86x86.png 86w, https:\/\/www.novotek.com\/fr\/wp-content\/uploads\/sites\/21\/Checkmark-garident-blue-306x306.png 306w\" sizes=\"auto, (max-width: 500px) 100vw, 500px\" \/><\/figure>\n<\/div><\/div>\n\n<div class=\"container-md heading  alignwide\">\n<h2 class=\"wp-block-heading alignwide has-text-align-center\">Merci pour votre int\u00e9r\u00eat!<\/h2>\n<\/div>\n\n<div class=\"container-md heading  alignwide\">\n<h4 class=\"wp-block-heading alignwide has-text-align-center\">Le lien vers le document vous sera envoy\u00e9 \u00e0 l\u2019adresse e-mail fournie dans le formulaire.<\/h4>\n<\/div>\n\n<div class=\"container-md columns  \">\n<div class=\"wp-block-columns is-layout-flex wp-container-core-columns-is-layout-9d6595d7 wp-block-columns-is-layout-flex\"><div class=\"container-md column  \">\n<div class=\"wp-block-column is-layout-flow wp-block-column-is-layout-flow\"><\/div>\n<\/div>\n\n<div class=\"container-md column  \">\n<div class=\"wp-block-column is-layout-flow wp-block-column-is-layout-flow\"><\/div>\n<\/div>\n\n<div class=\"container-md column  \">\n<div class=\"wp-block-column is-layout-flow wp-block-column-is-layout-flow\"><\/div>\n<\/div><\/div>\n<\/div>\n\n<div class=\"container-md spacer  \">\n<div style=\"height:210px\" aria-hidden=\"true\" class=\"wp-block-spacer\"><\/div>\n<\/div>","protected":false},"excerpt":{"rendered":"<p>Merci pour votre int\u00e9r\u00eat! Le lien vers le document vous sera envoy\u00e9 \u00e0 l\u2019adresse e-mail fournie dans le formulaire.<\/p>\n","protected":false},"author":34,"featured_media":0,"parent":0,"menu_order":0,"comment_status":"closed","ping_status":"closed","template":"","meta":{"_acf_changed":false,"_relevanssi_hide_post":"","_relevanssi_pin_for_all":"","_relevanssi_pin_keywords":"","_relevanssi_unpin_keywords":"","_relevanssi_related_keywords":"","_relevanssi_related_include_ids":"","_relevanssi_related_exclude_ids":"","_relevanssi_related_no_append":"","_relevanssi_related_not_related":"","_relevanssi_related_posts":"20261,22392,18199,21884,12884,22132","_relevanssi_noindex_reason":"","footnotes":""},"class_list":["post-25642","page","type-page","status-publish","hentry"],"acf":[],"yoast_head":"<!-- This site is optimized with the Yoast SEO plugin v27.5 - https:\/\/yoast.com\/product\/yoast-seo-wordpress\/ -->\n<title>Merci pour votre int\u00e9r\u00eat! - Novotek France<\/title>\n<meta name=\"robots\" content=\"index, follow, max-snippet:-1, max-image-preview:large, max-video-preview:-1\" \/>\n<link rel=\"canonical\" href=\"https:\/\/www.novotek.com\/fr\/merci-pour-votre-interet\/\" \/>\n<meta property=\"og:locale\" content=\"fr_FR\" \/>\n<meta property=\"og:type\" content=\"article\" \/>\n<meta property=\"og:title\" content=\"Merci pour votre int\u00e9r\u00eat! - Novotek France\" \/>\n<meta property=\"og:description\" content=\"Merci pour votre int\u00e9r\u00eat! Le lien vers le document vous sera envoy\u00e9 \u00e0 l\u2019adresse e-mail fournie dans le formulaire.\" \/>\n<meta property=\"og:url\" content=\"https:\/\/www.novotek.com\/fr\/merci-pour-votre-interet\/\" \/>\n<meta property=\"og:site_name\" content=\"Novotek France\" \/>\n<meta property=\"article:modified_time\" content=\"2025-10-14T06:11:51+00:00\" \/>\n<meta property=\"og:image\" content=\"https:\/\/www.novotek.com\/fr\/wp-content\/uploads\/sites\/21\/Checkmark-garident-blue.png\" \/>\n\t<meta property=\"og:image:width\" content=\"500\" \/>\n\t<meta property=\"og:image:height\" content=\"500\" \/>\n\t<meta property=\"og:image:type\" content=\"image\/png\" \/>\n<meta name=\"twitter:card\" content=\"summary_large_image\" \/>\n<meta name=\"twitter:label1\" content=\"Dur\u00e9e de lecture estim\u00e9e\" \/>\n\t<meta name=\"twitter:data1\" content=\"1 minute\" \/>\n<script type=\"application\/ld+json\" class=\"yoast-schema-graph\">{\"@context\":\"https:\\\/\\\/schema.org\",\"@graph\":[{\"@type\":\"WebPage\",\"@id\":\"https:\\\/\\\/www.novotek.com\\\/fr\\\/merci-pour-votre-interet\\\/\",\"url\":\"https:\\\/\\\/www.novotek.com\\\/fr\\\/merci-pour-votre-interet\\\/\",\"name\":\"Merci pour votre int\u00e9r\u00eat! - Novotek France\",\"isPartOf\":{\"@id\":\"https:\\\/\\\/www.novotek.com\\\/fr\\\/#website\"},\"primaryImageOfPage\":{\"@id\":\"https:\\\/\\\/www.novotek.com\\\/fr\\\/merci-pour-votre-interet\\\/#primaryimage\"},\"image\":{\"@id\":\"https:\\\/\\\/www.novotek.com\\\/fr\\\/merci-pour-votre-interet\\\/#primaryimage\"},\"thumbnailUrl\":\"https:\\\/\\\/www.novotek.com\\\/fr\\\/wp-content\\\/uploads\\\/sites\\\/21\\\/Checkmark-garident-blue.png\",\"datePublished\":\"2025-05-12T14:10:31+00:00\",\"dateModified\":\"2025-10-14T06:11:51+00:00\",\"breadcrumb\":{\"@id\":\"https:\\\/\\\/www.novotek.com\\\/fr\\\/merci-pour-votre-interet\\\/#breadcrumb\"},\"inLanguage\":\"fr-FR\",\"potentialAction\":[{\"@type\":\"ReadAction\",\"target\":[\"https:\\\/\\\/www.novotek.com\\\/fr\\\/merci-pour-votre-interet\\\/\"]}]},{\"@type\":\"ImageObject\",\"inLanguage\":\"fr-FR\",\"@id\":\"https:\\\/\\\/www.novotek.com\\\/fr\\\/merci-pour-votre-interet\\\/#primaryimage\",\"url\":\"https:\\\/\\\/www.novotek.com\\\/fr\\\/wp-content\\\/uploads\\\/sites\\\/21\\\/Checkmark-garident-blue.png\",\"contentUrl\":\"https:\\\/\\\/www.novotek.com\\\/fr\\\/wp-content\\\/uploads\\\/sites\\\/21\\\/Checkmark-garident-blue.png\",\"width\":500,\"height\":500},{\"@type\":\"BreadcrumbList\",\"@id\":\"https:\\\/\\\/www.novotek.com\\\/fr\\\/merci-pour-votre-interet\\\/#breadcrumb\",\"itemListElement\":[{\"@type\":\"ListItem\",\"position\":1,\"name\":\"Home\",\"item\":\"https:\\\/\\\/www.novotek.com\\\/fr\\\/\"},{\"@type\":\"ListItem\",\"position\":2,\"name\":\"Merci pour votre int\u00e9r\u00eat!\"}]},{\"@type\":\"WebSite\",\"@id\":\"https:\\\/\\\/www.novotek.com\\\/fr\\\/#website\",\"url\":\"https:\\\/\\\/www.novotek.com\\\/fr\\\/\",\"name\":\"Novotek Switzerland\",\"description\":\"Connecter - Digitaliser - Optimiser\",\"potentialAction\":[{\"@type\":\"SearchAction\",\"target\":{\"@type\":\"EntryPoint\",\"urlTemplate\":\"https:\\\/\\\/www.novotek.com\\\/fr\\\/?s={search_term_string}\"},\"query-input\":{\"@type\":\"PropertyValueSpecification\",\"valueRequired\":true,\"valueName\":\"search_term_string\"}}],\"inLanguage\":\"fr-FR\"}]}<\/script>\n<!-- \/ Yoast SEO plugin. -->","yoast_head_json":{"title":"Merci pour votre int\u00e9r\u00eat! - Novotek France","robots":{"index":"index","follow":"follow","max-snippet":"max-snippet:-1","max-image-preview":"max-image-preview:large","max-video-preview":"max-video-preview:-1"},"canonical":"https:\/\/www.novotek.com\/fr\/merci-pour-votre-interet\/","og_locale":"fr_FR","og_type":"article","og_title":"Merci pour votre int\u00e9r\u00eat! - Novotek France","og_description":"Merci pour votre int\u00e9r\u00eat! Le lien vers le document vous sera envoy\u00e9 \u00e0 l\u2019adresse e-mail fournie dans le formulaire.","og_url":"https:\/\/www.novotek.com\/fr\/merci-pour-votre-interet\/","og_site_name":"Novotek France","article_modified_time":"2025-10-14T06:11:51+00:00","og_image":[{"width":500,"height":500,"url":"https:\/\/www.novotek.com\/fr\/wp-content\/uploads\/sites\/21\/Checkmark-garident-blue.png","type":"image\/png"}],"twitter_card":"summary_large_image","twitter_misc":{"Dur\u00e9e de lecture estim\u00e9e":"1 minute"},"schema":{"@context":"https:\/\/schema.org","@graph":[{"@type":"WebPage","@id":"https:\/\/www.novotek.com\/fr\/merci-pour-votre-interet\/","url":"https:\/\/www.novotek.com\/fr\/merci-pour-votre-interet\/","name":"Merci pour votre int\u00e9r\u00eat! - Novotek France","isPartOf":{"@id":"https:\/\/www.novotek.com\/fr\/#website"},"primaryImageOfPage":{"@id":"https:\/\/www.novotek.com\/fr\/merci-pour-votre-interet\/#primaryimage"},"image":{"@id":"https:\/\/www.novotek.com\/fr\/merci-pour-votre-interet\/#primaryimage"},"thumbnailUrl":"https:\/\/www.novotek.com\/fr\/wp-content\/uploads\/sites\/21\/Checkmark-garident-blue.png","datePublished":"2025-05-12T14:10:31+00:00","dateModified":"2025-10-14T06:11:51+00:00","breadcrumb":{"@id":"https:\/\/www.novotek.com\/fr\/merci-pour-votre-interet\/#breadcrumb"},"inLanguage":"fr-FR","potentialAction":[{"@type":"ReadAction","target":["https:\/\/www.novotek.com\/fr\/merci-pour-votre-interet\/"]}]},{"@type":"ImageObject","inLanguage":"fr-FR","@id":"https:\/\/www.novotek.com\/fr\/merci-pour-votre-interet\/#primaryimage","url":"https:\/\/www.novotek.com\/fr\/wp-content\/uploads\/sites\/21\/Checkmark-garident-blue.png","contentUrl":"https:\/\/www.novotek.com\/fr\/wp-content\/uploads\/sites\/21\/Checkmark-garident-blue.png","width":500,"height":500},{"@type":"BreadcrumbList","@id":"https:\/\/www.novotek.com\/fr\/merci-pour-votre-interet\/#breadcrumb","itemListElement":[{"@type":"ListItem","position":1,"name":"Home","item":"https:\/\/www.novotek.com\/fr\/"},{"@type":"ListItem","position":2,"name":"Merci pour votre int\u00e9r\u00eat!"}]},{"@type":"WebSite","@id":"https:\/\/www.novotek.com\/fr\/#website","url":"https:\/\/www.novotek.com\/fr\/","name":"Novotek Switzerland","description":"Connecter - Digitaliser - Optimiser","potentialAction":[{"@type":"SearchAction","target":{"@type":"EntryPoint","urlTemplate":"https:\/\/www.novotek.com\/fr\/?s={search_term_string}"},"query-input":{"@type":"PropertyValueSpecification","valueRequired":true,"valueName":"search_term_string"}}],"inLanguage":"fr-FR"}]}},"_links":{"self":[{"href":"https:\/\/www.novotek.com\/fr\/wp-json\/wp\/v2\/pages\/25642","targetHints":{"allow":["GET"]}}],"collection":[{"href":"https:\/\/www.novotek.com\/fr\/wp-json\/wp\/v2\/pages"}],"about":[{"href":"https:\/\/www.novotek.com\/fr\/wp-json\/wp\/v2\/types\/page"}],"author":[{"embeddable":true,"href":"https:\/\/www.novotek.com\/fr\/wp-json\/wp\/v2\/users\/34"}],"replies":[{"embeddable":true,"href":"https:\/\/www.novotek.com\/fr\/wp-json\/wp\/v2\/comments?post=25642"}],"version-history":[{"count":2,"href":"https:\/\/www.novotek.com\/fr\/wp-json\/wp\/v2\/pages\/25642\/revisions"}],"predecessor-version":[{"id":26133,"href":"https:\/\/www.novotek.com\/fr\/wp-json\/wp\/v2\/pages\/25642\/revisions\/26133"}],"wp:attachment":[{"href":"https:\/\/www.novotek.com\/fr\/wp-json\/wp\/v2\/media?parent=25642"}],"curies":[{"name":"wp","href":"https:\/\/api.w.org\/{rel}","templated":true}]}}