{"id":1001,"date":"2021-06-08T08:16:04","date_gmt":"2021-06-08T08:16:04","guid":{"rendered":"https:\/\/www.novotek.com\/no\/?page_id=1001"},"modified":"2021-11-22T14:14:16","modified_gmt":"2021-11-22T14:14:16","slug":"metall","status":"publish","type":"page","link":"https:\/\/www.novotek.com\/no\/bransjer\/metall\/","title":{"rendered":"Metall"},"content":{"rendered":"  <div class=\"hero\">\n    <div class=\"carousel hero-slider small\" data-flickity data-flickity-options='{\"prevNextButtons\": false}'>\n              <div class=\"carousel-cell\">\n          <div class=\"container\">\n            <div class=\"hero-content\">\n                              <h1>Metall<\/h1>\n<p>Metallbransjen omfatter alle prosesser innen st\u00e5lverk, jernverk og st\u00f8ping. Novotek-gruppen samarbeider med samtlige land som produserer metall i v\u00e5rt geografiske omr\u00e5de.<\/p>\n              \n                          <\/div>\n          <\/div>\n\n          <img decoding=\"async\" width=\"1024\" height=\"427\" src=\"https:\/\/www.novotek.com\/no\/wp-content\/uploads\/sites\/5\/Bransjer\/Metall\/Metall_header_1920x800-1024x427.jpg\" class=\"hero-bg\" alt=\"Hero Img\" fetchpriority=\"high\" srcset=\"https:\/\/www.novotek.com\/no\/wp-content\/uploads\/sites\/5\/Bransjer\/Metall\/Metall_header_1920x800-1024x427.jpg 1024w, https:\/\/www.novotek.com\/no\/wp-content\/uploads\/sites\/5\/Bransjer\/Metall\/Metall_header_1920x800-300x125.jpg 300w, https:\/\/www.novotek.com\/no\/wp-content\/uploads\/sites\/5\/Bransjer\/Metall\/Metall_header_1920x800-768x320.jpg 768w, https:\/\/www.novotek.com\/no\/wp-content\/uploads\/sites\/5\/Bransjer\/Metall\/Metall_header_1920x800-1536x640.jpg 1536w, https:\/\/www.novotek.com\/no\/wp-content\/uploads\/sites\/5\/Bransjer\/Metall\/Metall_header_1920x800.jpg 1920w\" sizes=\"(max-width: 1024px) 100vw, 1024px\" \/>                  <\/div>\n          <\/div>\n\n      <\/div>\n\n   <div class=\"floating-breadcrumb\"><div class=\"container\"><span><span><a href=\"https:\/\/www.novotek.com\/no\/\" class=\"breadcrumb-frontpage\">Home<\/a><\/span><\/span><\/div><\/div>\n\n\n<div class=\"container media-text  \">\n<div class=\"wp-block-media-text alignwide is-stacked-on-mobile\"><figure class=\"wp-block-media-text__media\"><img loading=\"lazy\" decoding=\"async\" width=\"826\" height=\"800\" src=\"https:\/\/www.novotek.com\/no\/wp-content\/uploads\/sites\/5\/Bransjer\/Metall\/Metallproduksjon_stallister_2.jpg\" alt=\"Produksjon av metall\" class=\"wp-image-4157 size-full\" srcset=\"https:\/\/www.novotek.com\/no\/wp-content\/uploads\/sites\/5\/Bransjer\/Metall\/Metallproduksjon_stallister_2.jpg 826w, https:\/\/www.novotek.com\/no\/wp-content\/uploads\/sites\/5\/Bransjer\/Metall\/Metallproduksjon_stallister_2-300x291.jpg 300w, https:\/\/www.novotek.com\/no\/wp-content\/uploads\/sites\/5\/Bransjer\/Metall\/Metallproduksjon_stallister_2-768x744.jpg 768w\" sizes=\"auto, (max-width: 826px) 100vw, 826px\" \/><\/figure><div class=\"wp-block-media-text__content\"><div class=\"container-md heading  \">\n<h5 class=\"wp-block-heading\">Referanse<\/h5>\n<\/div>\n\n<div class=\"container-md heading  \">\n<h2 class=\"wp-block-heading\">Sandvik Materials Technology<\/h2>\n<\/div>\n\n<div class=\"container-md paragraph  \">\n<p>Hos Sandvik Materials Technology er l\u00f8sningen Industrial Business Intelligence, basert p\u00e5 Proficy Historian, koblet til rundt 25 maskiner som produserer st\u00e5llister. Dette har gitt dem bedre datatilgang og oversikt over produksjonsprosessene. <\/p>\n<\/div>\n\n<div class=\"container-md spacer  \">\n<div style=\"height:10px\" aria-hidden=\"true\" class=\"wp-block-spacer\"><\/div>\n<\/div>\n\n<div class=\"container-md buttons  \">\n<div class=\"wp-block-buttons is-layout-flex wp-block-buttons-is-layout-flex\"><div class=\"container-md button  \">\n<div class=\"wp-block-button\"><a class=\"wp-block-button__link has-background\" href=\"https:\/\/www.novotek.com\/no\/bransjer\/metall\/kundehistorie-sandvik-materials-technology\/\" style=\"background-color:#ed1c24\">Les mer<\/a><\/div>\n<\/div><\/div>\n<\/div><\/div><\/div>\n<\/div>\n\n<div class=\"container media-text  \">\n<div class=\"wp-block-media-text alignwide has-media-on-the-right is-stacked-on-mobile\"><figure class=\"wp-block-media-text__media\"><img loading=\"lazy\" decoding=\"async\" width=\"826\" height=\"800\" src=\"https:\/\/www.novotek.com\/no\/wp-content\/uploads\/sites\/5\/Bransjer\/Metall\/Kanthal\/Kanthal_forside.jpg\" alt=\"Ruller med metall\" class=\"wp-image-5538 size-full\" srcset=\"https:\/\/www.novotek.com\/no\/wp-content\/uploads\/sites\/5\/Bransjer\/Metall\/Kanthal\/Kanthal_forside.jpg 826w, https:\/\/www.novotek.com\/no\/wp-content\/uploads\/sites\/5\/Bransjer\/Metall\/Kanthal\/Kanthal_forside-300x291.jpg 300w, https:\/\/www.novotek.com\/no\/wp-content\/uploads\/sites\/5\/Bransjer\/Metall\/Kanthal\/Kanthal_forside-768x744.jpg 768w\" sizes=\"auto, (max-width: 826px) 100vw, 826px\" \/><\/figure><div class=\"wp-block-media-text__content\"><div class=\"container-md heading  \">\n<h5 class=\"wp-block-heading\">Referanse<\/h5>\n<\/div>\n\n<div class=\"container-md heading  \">\n<h2 class=\"wp-block-heading\">Kanthal<\/h2>\n<\/div>\n\n<div class=\"container-md paragraph  \">\n<p>Kanthal AB er verdensledende produsent av motstandsmateriale i form av wirer, bimetaller, varmeelementer og komplette varmel\u00f8sninger for industriovner som kommer opp i 2000\u00b0C. For \u00e5 overv\u00e5ke metallproduksjonen har Kanthal AB benyttet HMI\/SCADA-l\u00f8sningen Proficy iFIX i mer enn 25 \u00e5r.<\/p>\n<\/div>\n\n<div class=\"container-md spacer  \">\n<div style=\"height:10px\" aria-hidden=\"true\" class=\"wp-block-spacer\"><\/div>\n<\/div>\n\n<div class=\"container-md buttons  \">\n<div class=\"wp-block-buttons is-layout-flex wp-block-buttons-is-layout-flex\"><div class=\"container-md button  \">\n<div class=\"wp-block-button\"><a class=\"wp-block-button__link has-background\" href=\"https:\/\/www.novotek.com\/no\/bransjer\/metall\/kundehistorie-kanthal\/\" style=\"background-color:#ed1c24\">Les mer<\/a><\/div>\n<\/div><\/div>\n<\/div><\/div><\/div>\n<\/div>","protected":false},"excerpt":{"rendered":"<p>Metallbransjen omfatter alle prosesser innen st\u00e5lverk, jernverk og st\u00f8ping. Novotek-gruppen samarbeider med samtlige land som produserer metall i v\u00e5rt geografiske omr\u00e5de.<\/p>\n","protected":false},"author":7,"featured_media":0,"parent":3685,"menu_order":0,"comment_status":"closed","ping_status":"closed","template":"","meta":{"_acf_changed":false,"_relevanssi_hide_post":"","_relevanssi_pin_for_all":"","_relevanssi_pin_keywords":"","_relevanssi_unpin_keywords":"","_relevanssi_related_keywords":"","_relevanssi_related_include_ids":"","_relevanssi_related_exclude_ids":"","_relevanssi_related_no_append":"","_relevanssi_related_not_related":"","_relevanssi_related_posts":"1","_relevanssi_noindex_reason":"","footnotes":""},"class_list":["post-1001","page","type-page","status-publish","hentry"],"acf":[],"yoast_head":"<!-- This site is optimized with the Yoast SEO plugin v27.4 - https:\/\/yoast.com\/product\/yoast-seo-wordpress\/ -->\n<title>Metall - Novotek Norge<\/title>\n<meta name=\"description\" content=\"Metallbransjen omfatter alle prosesser innen st\u00e5lverk, jernverk og st\u00f8ping. Novotek samarbeider med samtlige land som produserer metall i v\u00e5rt omr\u00e5de.\" \/>\n<meta name=\"robots\" content=\"index, follow, max-snippet:-1, max-image-preview:large, max-video-preview:-1\" \/>\n<link rel=\"canonical\" href=\"https:\/\/www.novotek.com\/no\/bransjer\/metall\/\" \/>\n<meta property=\"og:locale\" content=\"nb_NO\" \/>\n<meta property=\"og:type\" content=\"article\" \/>\n<meta property=\"og:title\" content=\"Metall - Novotek Norge\" \/>\n<meta property=\"og:description\" content=\"Metallbransjen omfatter alle prosesser innen st\u00e5lverk, jernverk og st\u00f8ping. Novotek samarbeider med samtlige land som produserer metall i v\u00e5rt omr\u00e5de.\" \/>\n<meta property=\"og:url\" content=\"https:\/\/www.novotek.com\/no\/bransjer\/metall\/\" \/>\n<meta property=\"og:site_name\" content=\"Novotek Norge\" \/>\n<meta property=\"article:modified_time\" content=\"2021-11-22T14:14:16+00:00\" \/>\n<meta property=\"og:image\" content=\"https:\/\/www.novotek.com\/no\/wp-content\/uploads\/sites\/5\/Bransjer\/Metall\/Metallproduksjon_stallister_2.jpg\" \/>\n<meta name=\"twitter:card\" content=\"summary_large_image\" \/>\n<meta name=\"twitter:label1\" content=\"Ansl. lesetid\" \/>\n\t<meta name=\"twitter:data1\" content=\"1 minutt\" \/>\n<script type=\"application\/ld+json\" class=\"yoast-schema-graph\">{\"@context\":\"https:\\\/\\\/schema.org\",\"@graph\":[{\"@type\":\"WebPage\",\"@id\":\"https:\\\/\\\/www.novotek.com\\\/no\\\/bransjer\\\/metall\\\/\",\"url\":\"https:\\\/\\\/www.novotek.com\\\/no\\\/bransjer\\\/metall\\\/\",\"name\":\"Metall - Novotek Norge\",\"isPartOf\":{\"@id\":\"https:\\\/\\\/www.novotek.com\\\/no\\\/#website\"},\"primaryImageOfPage\":{\"@id\":\"https:\\\/\\\/www.novotek.com\\\/no\\\/bransjer\\\/metall\\\/#primaryimage\"},\"image\":{\"@id\":\"https:\\\/\\\/www.novotek.com\\\/no\\\/bransjer\\\/metall\\\/#primaryimage\"},\"thumbnailUrl\":\"https:\\\/\\\/www.novotek.com\\\/no\\\/wp-content\\\/uploads\\\/sites\\\/5\\\/Bransjer\\\/Metall\\\/Metallproduksjon_stallister_2.jpg\",\"datePublished\":\"2021-06-08T08:16:04+00:00\",\"dateModified\":\"2021-11-22T14:14:16+00:00\",\"description\":\"Metallbransjen omfatter alle prosesser innen st\u00e5lverk, jernverk og st\u00f8ping. Novotek samarbeider med samtlige land som produserer metall i v\u00e5rt omr\u00e5de.\",\"breadcrumb\":{\"@id\":\"https:\\\/\\\/www.novotek.com\\\/no\\\/bransjer\\\/metall\\\/#breadcrumb\"},\"inLanguage\":\"nb-NO\",\"potentialAction\":[{\"@type\":\"ReadAction\",\"target\":[\"https:\\\/\\\/www.novotek.com\\\/no\\\/bransjer\\\/metall\\\/\"]}]},{\"@type\":\"ImageObject\",\"inLanguage\":\"nb-NO\",\"@id\":\"https:\\\/\\\/www.novotek.com\\\/no\\\/bransjer\\\/metall\\\/#primaryimage\",\"url\":\"https:\\\/\\\/www.novotek.com\\\/no\\\/wp-content\\\/uploads\\\/sites\\\/5\\\/Bransjer\\\/Metall\\\/Metallproduksjon_stallister_2.jpg\",\"contentUrl\":\"https:\\\/\\\/www.novotek.com\\\/no\\\/wp-content\\\/uploads\\\/sites\\\/5\\\/Bransjer\\\/Metall\\\/Metallproduksjon_stallister_2.jpg\",\"width\":826,\"height\":800,\"caption\":\"Produksjon av metall\"},{\"@type\":\"BreadcrumbList\",\"@id\":\"https:\\\/\\\/www.novotek.com\\\/no\\\/bransjer\\\/metall\\\/#breadcrumb\",\"itemListElement\":[{\"@type\":\"ListItem\",\"position\":1,\"name\":\"Home\",\"item\":\"https:\\\/\\\/www.novotek.com\\\/no\\\/\"},{\"@type\":\"ListItem\",\"position\":2,\"name\":\"Bransjer\",\"item\":\"https:\\\/\\\/www.novotek.com\\\/no\\\/bransjer\\\/\"},{\"@type\":\"ListItem\",\"position\":3,\"name\":\"Metall\"}]},{\"@type\":\"WebSite\",\"@id\":\"https:\\\/\\\/www.novotek.com\\\/no\\\/#website\",\"url\":\"https:\\\/\\\/www.novotek.com\\\/no\\\/\",\"name\":\"Novotek Norge\",\"description\":\"Automasjon, digitalisering og Analytics\",\"publisher\":{\"@id\":\"https:\\\/\\\/www.novotek.com\\\/no\\\/#organization\"},\"potentialAction\":[{\"@type\":\"SearchAction\",\"target\":{\"@type\":\"EntryPoint\",\"urlTemplate\":\"https:\\\/\\\/www.novotek.com\\\/no\\\/?s={search_term_string}\"},\"query-input\":{\"@type\":\"PropertyValueSpecification\",\"valueRequired\":true,\"valueName\":\"search_term_string\"}}],\"inLanguage\":\"nb-NO\"},{\"@type\":\"Organization\",\"@id\":\"https:\\\/\\\/www.novotek.com\\\/no\\\/#organization\",\"name\":\"Novotek AS\",\"url\":\"https:\\\/\\\/www.novotek.com\\\/no\\\/\",\"logo\":{\"@type\":\"ImageObject\",\"inLanguage\":\"nb-NO\",\"@id\":\"https:\\\/\\\/www.novotek.com\\\/no\\\/#\\\/schema\\\/logo\\\/image\\\/\",\"url\":\"https:\\\/\\\/www.novotek.com\\\/no\\\/wp-content\\\/uploads\\\/sites\\\/5\\\/Forside\\\/Novotek_logo.png\",\"contentUrl\":\"https:\\\/\\\/www.novotek.com\\\/no\\\/wp-content\\\/uploads\\\/sites\\\/5\\\/Forside\\\/Novotek_logo.png\",\"width\":1200,\"height\":348,\"caption\":\"Novotek AS\"},\"image\":{\"@id\":\"https:\\\/\\\/www.novotek.com\\\/no\\\/#\\\/schema\\\/logo\\\/image\\\/\"},\"sameAs\":[\"https:\\\/\\\/www.linkedin.com\\\/company\\\/novotek-as\"]}]}<\/script>\n<!-- \/ Yoast SEO plugin. -->","yoast_head_json":{"title":"Metall - Novotek Norge","description":"Metallbransjen omfatter alle prosesser innen st\u00e5lverk, jernverk og st\u00f8ping. Novotek samarbeider med samtlige land som produserer metall i v\u00e5rt omr\u00e5de.","robots":{"index":"index","follow":"follow","max-snippet":"max-snippet:-1","max-image-preview":"max-image-preview:large","max-video-preview":"max-video-preview:-1"},"canonical":"https:\/\/www.novotek.com\/no\/bransjer\/metall\/","og_locale":"nb_NO","og_type":"article","og_title":"Metall - Novotek Norge","og_description":"Metallbransjen omfatter alle prosesser innen st\u00e5lverk, jernverk og st\u00f8ping. Novotek samarbeider med samtlige land som produserer metall i v\u00e5rt omr\u00e5de.","og_url":"https:\/\/www.novotek.com\/no\/bransjer\/metall\/","og_site_name":"Novotek Norge","article_modified_time":"2021-11-22T14:14:16+00:00","og_image":[{"url":"https:\/\/www.novotek.com\/no\/wp-content\/uploads\/sites\/5\/Bransjer\/Metall\/Metallproduksjon_stallister_2.jpg","type":"","width":"","height":""}],"twitter_card":"summary_large_image","twitter_misc":{"Ansl. lesetid":"1 minutt"},"schema":{"@context":"https:\/\/schema.org","@graph":[{"@type":"WebPage","@id":"https:\/\/www.novotek.com\/no\/bransjer\/metall\/","url":"https:\/\/www.novotek.com\/no\/bransjer\/metall\/","name":"Metall - Novotek Norge","isPartOf":{"@id":"https:\/\/www.novotek.com\/no\/#website"},"primaryImageOfPage":{"@id":"https:\/\/www.novotek.com\/no\/bransjer\/metall\/#primaryimage"},"image":{"@id":"https:\/\/www.novotek.com\/no\/bransjer\/metall\/#primaryimage"},"thumbnailUrl":"https:\/\/www.novotek.com\/no\/wp-content\/uploads\/sites\/5\/Bransjer\/Metall\/Metallproduksjon_stallister_2.jpg","datePublished":"2021-06-08T08:16:04+00:00","dateModified":"2021-11-22T14:14:16+00:00","description":"Metallbransjen omfatter alle prosesser innen st\u00e5lverk, jernverk og st\u00f8ping. Novotek samarbeider med samtlige land som produserer metall i v\u00e5rt omr\u00e5de.","breadcrumb":{"@id":"https:\/\/www.novotek.com\/no\/bransjer\/metall\/#breadcrumb"},"inLanguage":"nb-NO","potentialAction":[{"@type":"ReadAction","target":["https:\/\/www.novotek.com\/no\/bransjer\/metall\/"]}]},{"@type":"ImageObject","inLanguage":"nb-NO","@id":"https:\/\/www.novotek.com\/no\/bransjer\/metall\/#primaryimage","url":"https:\/\/www.novotek.com\/no\/wp-content\/uploads\/sites\/5\/Bransjer\/Metall\/Metallproduksjon_stallister_2.jpg","contentUrl":"https:\/\/www.novotek.com\/no\/wp-content\/uploads\/sites\/5\/Bransjer\/Metall\/Metallproduksjon_stallister_2.jpg","width":826,"height":800,"caption":"Produksjon av metall"},{"@type":"BreadcrumbList","@id":"https:\/\/www.novotek.com\/no\/bransjer\/metall\/#breadcrumb","itemListElement":[{"@type":"ListItem","position":1,"name":"Home","item":"https:\/\/www.novotek.com\/no\/"},{"@type":"ListItem","position":2,"name":"Bransjer","item":"https:\/\/www.novotek.com\/no\/bransjer\/"},{"@type":"ListItem","position":3,"name":"Metall"}]},{"@type":"WebSite","@id":"https:\/\/www.novotek.com\/no\/#website","url":"https:\/\/www.novotek.com\/no\/","name":"Novotek Norge","description":"Automasjon, digitalisering og Analytics","publisher":{"@id":"https:\/\/www.novotek.com\/no\/#organization"},"potentialAction":[{"@type":"SearchAction","target":{"@type":"EntryPoint","urlTemplate":"https:\/\/www.novotek.com\/no\/?s={search_term_string}"},"query-input":{"@type":"PropertyValueSpecification","valueRequired":true,"valueName":"search_term_string"}}],"inLanguage":"nb-NO"},{"@type":"Organization","@id":"https:\/\/www.novotek.com\/no\/#organization","name":"Novotek AS","url":"https:\/\/www.novotek.com\/no\/","logo":{"@type":"ImageObject","inLanguage":"nb-NO","@id":"https:\/\/www.novotek.com\/no\/#\/schema\/logo\/image\/","url":"https:\/\/www.novotek.com\/no\/wp-content\/uploads\/sites\/5\/Forside\/Novotek_logo.png","contentUrl":"https:\/\/www.novotek.com\/no\/wp-content\/uploads\/sites\/5\/Forside\/Novotek_logo.png","width":1200,"height":348,"caption":"Novotek AS"},"image":{"@id":"https:\/\/www.novotek.com\/no\/#\/schema\/logo\/image\/"},"sameAs":["https:\/\/www.linkedin.com\/company\/novotek-as"]}]}},"_links":{"self":[{"href":"https:\/\/www.novotek.com\/no\/wp-json\/wp\/v2\/pages\/1001","targetHints":{"allow":["GET"]}}],"collection":[{"href":"https:\/\/www.novotek.com\/no\/wp-json\/wp\/v2\/pages"}],"about":[{"href":"https:\/\/www.novotek.com\/no\/wp-json\/wp\/v2\/types\/page"}],"author":[{"embeddable":true,"href":"https:\/\/www.novotek.com\/no\/wp-json\/wp\/v2\/users\/7"}],"replies":[{"embeddable":true,"href":"https:\/\/www.novotek.com\/no\/wp-json\/wp\/v2\/comments?post=1001"}],"version-history":[{"count":13,"href":"https:\/\/www.novotek.com\/no\/wp-json\/wp\/v2\/pages\/1001\/revisions"}],"predecessor-version":[{"id":5540,"href":"https:\/\/www.novotek.com\/no\/wp-json\/wp\/v2\/pages\/1001\/revisions\/5540"}],"up":[{"embeddable":true,"href":"https:\/\/www.novotek.com\/no\/wp-json\/wp\/v2\/pages\/3685"}],"wp:attachment":[{"href":"https:\/\/www.novotek.com\/no\/wp-json\/wp\/v2\/media?parent=1001"}],"curies":[{"name":"wp","href":"https:\/\/api.w.org\/{rel}","templated":true}]}}