{"id":1003,"date":"2021-06-08T08:16:28","date_gmt":"2021-06-08T08:16:28","guid":{"rendered":"https:\/\/www.novotek.com\/no\/?page_id=1003"},"modified":"2025-11-20T12:03:16","modified_gmt":"2025-11-20T12:03:16","slug":"produksjon","status":"publish","type":"page","link":"https:\/\/www.novotek.com\/no\/bransjer\/produksjon\/","title":{"rendered":"Produksjon"},"content":{"rendered":"  <div class=\"hero\">\n    <div class=\"carousel hero-slider small\" data-flickity data-flickity-options='{\"prevNextButtons\": false}'>\n              <div class=\"carousel-cell\">\n          <div class=\"container\">\n            <div class=\"hero-content\">\n                              <h1>Produksjon<\/h1>\n<p>Produksjon er et bredt omr\u00e5de for Novotek. Det inkluderer alle produksjonsprosesser, fra biler, motorsagkjeder og plastslanger, til sm\u00e5 plast- og elektronikkdeler. P\u00e5 dette omr\u00e5det har vi gjennomf\u00f8rt mange automasjonsprosjekter, inkludert digitalisering av produksjonskontroll og MES-funksjonalitet. Vi har implementert en rekke systemer som s\u00f8rger for full sporbarhet og oppf\u00f8lging av produksjonen.<\/p>\n              \n                          <\/div>\n          <\/div>\n\n          <img decoding=\"async\" width=\"1024\" height=\"427\" src=\"https:\/\/www.novotek.com\/no\/wp-content\/uploads\/sites\/5\/Bransjer\/Stykkproduksjon\/Stykkproduksjon_biler_1920x800-1024x427.jpg\" class=\"hero-bg\" alt=\"Hero Img\" fetchpriority=\"high\" srcset=\"https:\/\/www.novotek.com\/no\/wp-content\/uploads\/sites\/5\/Bransjer\/Stykkproduksjon\/Stykkproduksjon_biler_1920x800-1024x427.jpg 1024w, https:\/\/www.novotek.com\/no\/wp-content\/uploads\/sites\/5\/Bransjer\/Stykkproduksjon\/Stykkproduksjon_biler_1920x800-300x125.jpg 300w, https:\/\/www.novotek.com\/no\/wp-content\/uploads\/sites\/5\/Bransjer\/Stykkproduksjon\/Stykkproduksjon_biler_1920x800-768x320.jpg 768w, https:\/\/www.novotek.com\/no\/wp-content\/uploads\/sites\/5\/Bransjer\/Stykkproduksjon\/Stykkproduksjon_biler_1920x800-1536x640.jpg 1536w, https:\/\/www.novotek.com\/no\/wp-content\/uploads\/sites\/5\/Bransjer\/Stykkproduksjon\/Stykkproduksjon_biler_1920x800.jpg 1920w\" sizes=\"(max-width: 1024px) 100vw, 1024px\" \/>                  <\/div>\n          <\/div>\n\n      <\/div>\n\n   <div class=\"floating-breadcrumb\"><div class=\"container\"><span><span><a href=\"https:\/\/www.novotek.com\/no\/\" class=\"breadcrumb-frontpage\">Home<\/a><\/span><\/span><\/div><\/div>\n\n\n<div class=\"container media-text  \">\n<div class=\"wp-block-media-text is-stacked-on-mobile\"><figure class=\"wp-block-media-text__media\"><img loading=\"lazy\" decoding=\"async\" width=\"800\" height=\"800\" src=\"https:\/\/www.novotek.com\/no\/wp-content\/uploads\/sites\/5\/Bransjer\/Stykkproduksjon\/Fibo\/Fibo-wallpanels-bathroom_800x800.jpg\" alt=\"Fibo baderomspaneler\" class=\"wp-image-17212 size-full\" srcset=\"https:\/\/www.novotek.com\/no\/wp-content\/uploads\/sites\/5\/Bransjer\/Stykkproduksjon\/Fibo\/Fibo-wallpanels-bathroom_800x800.jpg 800w, https:\/\/www.novotek.com\/no\/wp-content\/uploads\/sites\/5\/Bransjer\/Stykkproduksjon\/Fibo\/Fibo-wallpanels-bathroom_800x800-300x300.jpg 300w, https:\/\/www.novotek.com\/no\/wp-content\/uploads\/sites\/5\/Bransjer\/Stykkproduksjon\/Fibo\/Fibo-wallpanels-bathroom_800x800-150x150.jpg 150w, https:\/\/www.novotek.com\/no\/wp-content\/uploads\/sites\/5\/Bransjer\/Stykkproduksjon\/Fibo\/Fibo-wallpanels-bathroom_800x800-768x768.jpg 768w, https:\/\/www.novotek.com\/no\/wp-content\/uploads\/sites\/5\/Bransjer\/Stykkproduksjon\/Fibo\/Fibo-wallpanels-bathroom_800x800-86x86.jpg 86w, https:\/\/www.novotek.com\/no\/wp-content\/uploads\/sites\/5\/Bransjer\/Stykkproduksjon\/Fibo\/Fibo-wallpanels-bathroom_800x800-306x306.jpg 306w, https:\/\/www.novotek.com\/no\/wp-content\/uploads\/sites\/5\/Bransjer\/Stykkproduksjon\/Fibo\/Fibo-wallpanels-bathroom_800x800-636x636.jpg 636w\" sizes=\"auto, (max-width: 800px) 100vw, 800px\" \/><\/figure><div class=\"wp-block-media-text__content\"><div class=\"container-md paragraph  \">\n<p><strong>Referanse<\/strong><\/p>\n<\/div>\n\n<div class=\"container-md heading  \">\n<h2 class=\"wp-block-heading\">Fibo AS<\/h2>\n<\/div>\n\n<div class=\"container-md paragraph  \">\n<p>P\u00e5 fabrikken i Lyngdal produserer Fibo v\u00e5tromspanel til 75 000 bad, \u2013\u00a0hvert \u00e5r. Men en stor produksjon trengte Fibo et MES-system som kunne sikre bedre datatilgang, redusere vrak, kontrollere lagerbeholdningen og gi oversikt over produksjonen fra ordre til ferdig produkt. Valget falt p\u00e5 Proficy Smart Factory fra Novotek.<\/p>\n<\/div>\n\n<div class=\"container-md paragraph  \">\n<p>Resultatet ble bedre oversikt over produksjonen, \u00f8kt effektivitet og produktkvalitet.<\/p>\n<\/div>\n\n<div class=\"container-md buttons  \">\n<div class=\"wp-block-buttons is-layout-flex wp-block-buttons-is-layout-flex\"><div class=\"container-md button  \">\n<div class=\"wp-block-button\"><a class=\"wp-block-button__link has-novotek-red-background-color has-background wp-element-button\" href=\"https:\/\/www.novotek.com\/no\/bransjer\/produksjon\/kundehistorie-fibo-as\/\">Les Fibos kundehistorie<\/a><\/div>\n<\/div><\/div>\n<\/div><\/div><\/div>\n<\/div>\n\n<div class=\"container-md spacer  \">\n<div style=\"height:10px\" aria-hidden=\"true\" class=\"wp-block-spacer\"><\/div>\n<\/div>\n\n<div class=\"container media-text  align\">\n<div class=\"wp-block-media-text has-media-on-the-right is-stacked-on-mobile\"><div class=\"wp-block-media-text__content\"><div class=\"container-md paragraph  \">\n<p><strong>Referanse<\/strong><\/p>\n<\/div>\n\n<div class=\"container-md heading  \">\n<h2 class=\"wp-block-heading\">Weber AB<\/h2>\n<\/div>\n\n<div class=\"container-md paragraph  \">\n<p>Weber Saint-Gobain Sverige AB, tidligere kjent som Maxit, produserer \u00e5rlig 200&nbsp;000 tonn gulvutjevning av sement p\u00e5 sin fabrikk i Ving\u00e5ker. Ved hjelp av v\u00e5r MES-l\u00f8sning Proficy Smart Factory, samt produksjonsplanlegging, \u00f8kte de produksjonseffektiviteten ytterligere.<\/p>\n<\/div>\n\n<div class=\"container-md buttons  \">\n<div class=\"wp-block-buttons is-layout-flex wp-block-buttons-is-layout-flex\"><div class=\"container-md button  \">\n<div class=\"wp-block-button\"><a class=\"wp-block-button__link has-background wp-element-button\" href=\"https:\/\/www.novotek.com\/no\/bransjer\/produksjon\/kundehistorie-weber-sverige-ab\/\" style=\"background-color:#ed1c24\">Les Webers kundehistorie<\/a><\/div>\n<\/div><\/div>\n<\/div><\/div><figure class=\"wp-block-media-text__media\"><img loading=\"lazy\" decoding=\"async\" width=\"800\" height=\"800\" src=\"https:\/\/www.novotek.com\/no\/wp-content\/uploads\/sites\/5\/Bransjer\/Stykkproduksjon\/Weber_Sverige\/Weber_sement_800x800.jpg\" alt=\"Mann legger sement, Weber Sveriges produksjon\" class=\"wp-image-4373 size-full\" srcset=\"https:\/\/www.novotek.com\/no\/wp-content\/uploads\/sites\/5\/Bransjer\/Stykkproduksjon\/Weber_Sverige\/Weber_sement_800x800.jpg 800w, https:\/\/www.novotek.com\/no\/wp-content\/uploads\/sites\/5\/Bransjer\/Stykkproduksjon\/Weber_Sverige\/Weber_sement_800x800-300x300.jpg 300w, https:\/\/www.novotek.com\/no\/wp-content\/uploads\/sites\/5\/Bransjer\/Stykkproduksjon\/Weber_Sverige\/Weber_sement_800x800-150x150.jpg 150w, https:\/\/www.novotek.com\/no\/wp-content\/uploads\/sites\/5\/Bransjer\/Stykkproduksjon\/Weber_Sverige\/Weber_sement_800x800-768x768.jpg 768w\" sizes=\"auto, (max-width: 800px) 100vw, 800px\" \/><\/figure><\/div>\n<\/div>\n\n<div class=\"container-md spacer  \">\n<div style=\"height:10px\" aria-hidden=\"true\" class=\"wp-block-spacer\"><\/div>\n<\/div>\n\n<div class=\"container media-text  \">\n<div class=\"wp-block-media-text is-stacked-on-mobile\"><figure class=\"wp-block-media-text__media\"><img loading=\"lazy\" decoding=\"async\" width=\"800\" height=\"800\" src=\"https:\/\/www.novotek.com\/no\/wp-content\/uploads\/sites\/5\/Bransjer\/Stykkproduksjon\/OTV_Plast\/Plastror_800x800.jpg\" alt=\"Plastr\u00f8r\" class=\"wp-image-17215 size-full\" srcset=\"https:\/\/www.novotek.com\/no\/wp-content\/uploads\/sites\/5\/Bransjer\/Stykkproduksjon\/OTV_Plast\/Plastror_800x800.jpg 800w, https:\/\/www.novotek.com\/no\/wp-content\/uploads\/sites\/5\/Bransjer\/Stykkproduksjon\/OTV_Plast\/Plastror_800x800-300x300.jpg 300w, https:\/\/www.novotek.com\/no\/wp-content\/uploads\/sites\/5\/Bransjer\/Stykkproduksjon\/OTV_Plast\/Plastror_800x800-150x150.jpg 150w, https:\/\/www.novotek.com\/no\/wp-content\/uploads\/sites\/5\/Bransjer\/Stykkproduksjon\/OTV_Plast\/Plastror_800x800-768x768.jpg 768w, https:\/\/www.novotek.com\/no\/wp-content\/uploads\/sites\/5\/Bransjer\/Stykkproduksjon\/OTV_Plast\/Plastror_800x800-86x86.jpg 86w, https:\/\/www.novotek.com\/no\/wp-content\/uploads\/sites\/5\/Bransjer\/Stykkproduksjon\/OTV_Plast\/Plastror_800x800-306x306.jpg 306w, https:\/\/www.novotek.com\/no\/wp-content\/uploads\/sites\/5\/Bransjer\/Stykkproduksjon\/OTV_Plast\/Plastror_800x800-636x636.jpg 636w\" sizes=\"auto, (max-width: 800px) 100vw, 800px\" \/><\/figure><div class=\"wp-block-media-text__content\"><div class=\"container-md paragraph  \">\n<p><strong>Referanse<\/strong><\/p>\n<\/div>\n\n<div class=\"container-md heading  \">\n<h2 class=\"wp-block-heading\">OTV Plast A\/S<\/h2>\n<\/div>\n\n<div class=\"container-md paragraph  \">\n<p>OTV Plast A\/S har v\u00e6rt leverand\u00f8r av teknisk plast i mer enn 40 \u00e5r, og tilbyr b\u00e5de et bredt utvalg standardprodukter og kundetilpassede spesiall\u00f8sninger. Ved hjelp av produksjonsplanlegging med Proficy Scheduler \/ ROB-EX \u00f8kte de produktiviteten og fikk mer eksakte leveringstider.<\/p>\n<\/div>\n\n<div class=\"container-md buttons  \">\n<div class=\"wp-block-buttons is-layout-flex wp-block-buttons-is-layout-flex\"><div class=\"container-md button  \">\n<div class=\"wp-block-button\"><a class=\"wp-block-button__link has-novotek-red-background-color has-background wp-element-button\" href=\"https:\/\/www.novotek.com\/no\/bransjer\/produksjon\/kundehistorie-otv-plast-a-s\/\">Les OTV Plasts kundehistorie<\/a><\/div>\n<\/div><\/div>\n<\/div><\/div><\/div>\n<\/div>\n\n<div class=\"container-md spacer  \">\n<div style=\"height:10px\" aria-hidden=\"true\" class=\"wp-block-spacer\"><\/div>\n<\/div>\n\n<div class=\"container media-text  align\">\n<div class=\"wp-block-media-text has-media-on-the-right is-stacked-on-mobile\"><div class=\"wp-block-media-text__content\"><div class=\"container-md paragraph  \">\n<p><strong>Referanse<\/strong><\/p>\n<\/div>\n\n<div class=\"container-md heading  \">\n<h2 class=\"wp-block-heading\">Scanspac AB<\/h2>\n<\/div>\n\n<div class=\"container-md paragraph  \">\n<p>Omtrent to tredjedeler av all ferdigblandet sparkel som produseres i Norden kommer fra Scanspac AB. Ved hjelp av MES-systemet Proficy Smart Factory fikk Scanspac sporbarheten de trengte for \u00e5 kunne produsere sparkel av jevn, h\u00f8y kvalitet, og \u00f8kte samtidig produksjonen.<\/p>\n<\/div>\n\n<div class=\"container-md buttons  \">\n<div class=\"wp-block-buttons is-layout-flex wp-block-buttons-is-layout-flex\"><div class=\"container-md button  \">\n<div class=\"wp-block-button\"><a class=\"wp-block-button__link has-background wp-element-button\" href=\"https:\/\/www.novotek.com\/no\/bransjer\/produksjon\/kundehistorie-scanspac-ab\/\" style=\"background-color:#ed1c24\">Les Scanspacs kundehistorie<\/a><\/div>\n<\/div><\/div>\n<\/div><\/div><figure class=\"wp-block-media-text__media\"><img loading=\"lazy\" decoding=\"async\" width=\"800\" height=\"800\" src=\"https:\/\/www.novotek.com\/no\/wp-content\/uploads\/sites\/5\/Bransjer\/Stykkproduksjon\/Scanspac\/Sparkel_800x800.jpg\" alt=\"Sparkel, illustrasjon for produksjon og Scanspac.\" class=\"wp-image-5795 size-full\" srcset=\"https:\/\/www.novotek.com\/no\/wp-content\/uploads\/sites\/5\/Bransjer\/Stykkproduksjon\/Scanspac\/Sparkel_800x800.jpg 800w, https:\/\/www.novotek.com\/no\/wp-content\/uploads\/sites\/5\/Bransjer\/Stykkproduksjon\/Scanspac\/Sparkel_800x800-300x300.jpg 300w, https:\/\/www.novotek.com\/no\/wp-content\/uploads\/sites\/5\/Bransjer\/Stykkproduksjon\/Scanspac\/Sparkel_800x800-150x150.jpg 150w, https:\/\/www.novotek.com\/no\/wp-content\/uploads\/sites\/5\/Bransjer\/Stykkproduksjon\/Scanspac\/Sparkel_800x800-768x768.jpg 768w\" sizes=\"auto, (max-width: 800px) 100vw, 800px\" \/><\/figure><\/div>\n<\/div>\n\n<div class=\"container-md spacer  \">\n<div style=\"height:50px\" aria-hidden=\"true\" class=\"wp-block-spacer\"><\/div>\n<\/div>","protected":false},"excerpt":{"rendered":"<p>Produksjon inkluderer alle produksjonsprosesser, fra biler til sm\u00e5 plast- og elektronikkdeler. Vi tilbyr ulike automasjon- og digitaliseringsl\u00f8sninger for industriell produksjon.<\/p>\n","protected":false},"author":7,"featured_media":0,"parent":3685,"menu_order":0,"comment_status":"closed","ping_status":"closed","template":"","meta":{"_acf_changed":false,"_relevanssi_hide_post":"","_relevanssi_pin_for_all":"","_relevanssi_pin_keywords":"","_relevanssi_unpin_keywords":"","_relevanssi_related_keywords":"","_relevanssi_related_include_ids":"","_relevanssi_related_exclude_ids":"","_relevanssi_related_no_append":"","_relevanssi_related_not_related":"","_relevanssi_related_posts":"1","_relevanssi_noindex_reason":"","footnotes":""},"class_list":["post-1003","page","type-page","status-publish","hentry"],"acf":[],"yoast_head":"<!-- This site is optimized with the Yoast SEO plugin v27.4 - https:\/\/yoast.com\/product\/yoast-seo-wordpress\/ -->\n<title>Produksjon - Novotek Norge<\/title>\n<meta name=\"description\" content=\"Produksjon er et stort omr\u00e5de for Novotek. Vi har implementert mange automasjon- og digitaliseringssystemer for sporbarhet og oppf\u00f8lging av produksjon.\" \/>\n<meta name=\"robots\" content=\"index, follow, max-snippet:-1, max-image-preview:large, max-video-preview:-1\" \/>\n<link rel=\"canonical\" href=\"https:\/\/www.novotek.com\/no\/bransjer\/produksjon\/\" \/>\n<meta property=\"og:locale\" content=\"nb_NO\" \/>\n<meta property=\"og:type\" content=\"article\" \/>\n<meta property=\"og:title\" content=\"Produksjon - Novotek Norge\" \/>\n<meta property=\"og:description\" content=\"Produksjon er et stort omr\u00e5de for Novotek. Vi har implementert mange automasjon- og digitaliseringssystemer for sporbarhet og oppf\u00f8lging av produksjon.\" \/>\n<meta property=\"og:url\" content=\"https:\/\/www.novotek.com\/no\/bransjer\/produksjon\/\" \/>\n<meta property=\"og:site_name\" content=\"Novotek Norge\" \/>\n<meta property=\"article:modified_time\" content=\"2025-11-20T12:03:16+00:00\" \/>\n<meta property=\"og:image\" content=\"https:\/\/www.novotek.com\/no\/wp-content\/uploads\/sites\/5\/Bransjer\/Stykkproduksjon\/Fibo\/Fibo-wallpanels-bathroom_800x800.jpg\" \/>\n<meta name=\"twitter:card\" content=\"summary_large_image\" \/>\n<meta name=\"twitter:label1\" content=\"Ansl. lesetid\" \/>\n\t<meta name=\"twitter:data1\" content=\"2 minutter\" \/>\n<script type=\"application\/ld+json\" class=\"yoast-schema-graph\">{\"@context\":\"https:\\\/\\\/schema.org\",\"@graph\":[{\"@type\":\"WebPage\",\"@id\":\"https:\\\/\\\/www.novotek.com\\\/no\\\/bransjer\\\/produksjon\\\/\",\"url\":\"https:\\\/\\\/www.novotek.com\\\/no\\\/bransjer\\\/produksjon\\\/\",\"name\":\"Produksjon - Novotek Norge\",\"isPartOf\":{\"@id\":\"https:\\\/\\\/www.novotek.com\\\/no\\\/#website\"},\"primaryImageOfPage\":{\"@id\":\"https:\\\/\\\/www.novotek.com\\\/no\\\/bransjer\\\/produksjon\\\/#primaryimage\"},\"image\":{\"@id\":\"https:\\\/\\\/www.novotek.com\\\/no\\\/bransjer\\\/produksjon\\\/#primaryimage\"},\"thumbnailUrl\":\"https:\\\/\\\/www.novotek.com\\\/no\\\/wp-content\\\/uploads\\\/sites\\\/5\\\/Bransjer\\\/Stykkproduksjon\\\/Fibo\\\/Fibo-wallpanels-bathroom_800x800.jpg\",\"datePublished\":\"2021-06-08T08:16:28+00:00\",\"dateModified\":\"2025-11-20T12:03:16+00:00\",\"description\":\"Produksjon er et stort omr\u00e5de for Novotek. Vi har implementert mange automasjon- og digitaliseringssystemer for sporbarhet og oppf\u00f8lging av produksjon.\",\"breadcrumb\":{\"@id\":\"https:\\\/\\\/www.novotek.com\\\/no\\\/bransjer\\\/produksjon\\\/#breadcrumb\"},\"inLanguage\":\"nb-NO\",\"potentialAction\":[{\"@type\":\"ReadAction\",\"target\":[\"https:\\\/\\\/www.novotek.com\\\/no\\\/bransjer\\\/produksjon\\\/\"]}]},{\"@type\":\"ImageObject\",\"inLanguage\":\"nb-NO\",\"@id\":\"https:\\\/\\\/www.novotek.com\\\/no\\\/bransjer\\\/produksjon\\\/#primaryimage\",\"url\":\"https:\\\/\\\/www.novotek.com\\\/no\\\/wp-content\\\/uploads\\\/sites\\\/5\\\/Bransjer\\\/Stykkproduksjon\\\/Fibo\\\/Fibo-wallpanels-bathroom_800x800.jpg.webp\",\"contentUrl\":\"https:\\\/\\\/www.novotek.com\\\/no\\\/wp-content\\\/uploads\\\/sites\\\/5\\\/Bransjer\\\/Stykkproduksjon\\\/Fibo\\\/Fibo-wallpanels-bathroom_800x800.jpg.webp\",\"width\":800,\"height\":800,\"caption\":\"Fibo baderomspaneler\"},{\"@type\":\"BreadcrumbList\",\"@id\":\"https:\\\/\\\/www.novotek.com\\\/no\\\/bransjer\\\/produksjon\\\/#breadcrumb\",\"itemListElement\":[{\"@type\":\"ListItem\",\"position\":1,\"name\":\"Home\",\"item\":\"https:\\\/\\\/www.novotek.com\\\/no\\\/\"},{\"@type\":\"ListItem\",\"position\":2,\"name\":\"Bransjer\",\"item\":\"https:\\\/\\\/www.novotek.com\\\/no\\\/bransjer\\\/\"},{\"@type\":\"ListItem\",\"position\":3,\"name\":\"Produksjon\"}]},{\"@type\":\"WebSite\",\"@id\":\"https:\\\/\\\/www.novotek.com\\\/no\\\/#website\",\"url\":\"https:\\\/\\\/www.novotek.com\\\/no\\\/\",\"name\":\"Novotek Norge\",\"description\":\"Automasjon, digitalisering og Analytics\",\"publisher\":{\"@id\":\"https:\\\/\\\/www.novotek.com\\\/no\\\/#organization\"},\"potentialAction\":[{\"@type\":\"SearchAction\",\"target\":{\"@type\":\"EntryPoint\",\"urlTemplate\":\"https:\\\/\\\/www.novotek.com\\\/no\\\/?s={search_term_string}\"},\"query-input\":{\"@type\":\"PropertyValueSpecification\",\"valueRequired\":true,\"valueName\":\"search_term_string\"}}],\"inLanguage\":\"nb-NO\"},{\"@type\":\"Organization\",\"@id\":\"https:\\\/\\\/www.novotek.com\\\/no\\\/#organization\",\"name\":\"Novotek AS\",\"url\":\"https:\\\/\\\/www.novotek.com\\\/no\\\/\",\"logo\":{\"@type\":\"ImageObject\",\"inLanguage\":\"nb-NO\",\"@id\":\"https:\\\/\\\/www.novotek.com\\\/no\\\/#\\\/schema\\\/logo\\\/image\\\/\",\"url\":\"https:\\\/\\\/www.novotek.com\\\/no\\\/wp-content\\\/uploads\\\/sites\\\/5\\\/Forside\\\/Novotek_logo.png\",\"contentUrl\":\"https:\\\/\\\/www.novotek.com\\\/no\\\/wp-content\\\/uploads\\\/sites\\\/5\\\/Forside\\\/Novotek_logo.png\",\"width\":1200,\"height\":348,\"caption\":\"Novotek AS\"},\"image\":{\"@id\":\"https:\\\/\\\/www.novotek.com\\\/no\\\/#\\\/schema\\\/logo\\\/image\\\/\"},\"sameAs\":[\"https:\\\/\\\/www.linkedin.com\\\/company\\\/novotek-as\"]}]}<\/script>\n<!-- \/ Yoast SEO plugin. -->","yoast_head_json":{"title":"Produksjon - Novotek Norge","description":"Produksjon er et stort omr\u00e5de for Novotek. Vi har implementert mange automasjon- og digitaliseringssystemer for sporbarhet og oppf\u00f8lging av produksjon.","robots":{"index":"index","follow":"follow","max-snippet":"max-snippet:-1","max-image-preview":"max-image-preview:large","max-video-preview":"max-video-preview:-1"},"canonical":"https:\/\/www.novotek.com\/no\/bransjer\/produksjon\/","og_locale":"nb_NO","og_type":"article","og_title":"Produksjon - Novotek Norge","og_description":"Produksjon er et stort omr\u00e5de for Novotek. Vi har implementert mange automasjon- og digitaliseringssystemer for sporbarhet og oppf\u00f8lging av produksjon.","og_url":"https:\/\/www.novotek.com\/no\/bransjer\/produksjon\/","og_site_name":"Novotek Norge","article_modified_time":"2025-11-20T12:03:16+00:00","og_image":[{"url":"https:\/\/www.novotek.com\/no\/wp-content\/uploads\/sites\/5\/Bransjer\/Stykkproduksjon\/Fibo\/Fibo-wallpanels-bathroom_800x800.jpg","type":"","width":"","height":""}],"twitter_card":"summary_large_image","twitter_misc":{"Ansl. lesetid":"2 minutter"},"schema":{"@context":"https:\/\/schema.org","@graph":[{"@type":"WebPage","@id":"https:\/\/www.novotek.com\/no\/bransjer\/produksjon\/","url":"https:\/\/www.novotek.com\/no\/bransjer\/produksjon\/","name":"Produksjon - Novotek Norge","isPartOf":{"@id":"https:\/\/www.novotek.com\/no\/#website"},"primaryImageOfPage":{"@id":"https:\/\/www.novotek.com\/no\/bransjer\/produksjon\/#primaryimage"},"image":{"@id":"https:\/\/www.novotek.com\/no\/bransjer\/produksjon\/#primaryimage"},"thumbnailUrl":"https:\/\/www.novotek.com\/no\/wp-content\/uploads\/sites\/5\/Bransjer\/Stykkproduksjon\/Fibo\/Fibo-wallpanels-bathroom_800x800.jpg","datePublished":"2021-06-08T08:16:28+00:00","dateModified":"2025-11-20T12:03:16+00:00","description":"Produksjon er et stort omr\u00e5de for Novotek. Vi har implementert mange automasjon- og digitaliseringssystemer for sporbarhet og oppf\u00f8lging av produksjon.","breadcrumb":{"@id":"https:\/\/www.novotek.com\/no\/bransjer\/produksjon\/#breadcrumb"},"inLanguage":"nb-NO","potentialAction":[{"@type":"ReadAction","target":["https:\/\/www.novotek.com\/no\/bransjer\/produksjon\/"]}]},{"@type":"ImageObject","inLanguage":"nb-NO","@id":"https:\/\/www.novotek.com\/no\/bransjer\/produksjon\/#primaryimage","url":"https:\/\/www.novotek.com\/no\/wp-content\/uploads\/sites\/5\/Bransjer\/Stykkproduksjon\/Fibo\/Fibo-wallpanels-bathroom_800x800.jpg.webp","contentUrl":"https:\/\/www.novotek.com\/no\/wp-content\/uploads\/sites\/5\/Bransjer\/Stykkproduksjon\/Fibo\/Fibo-wallpanels-bathroom_800x800.jpg.webp","width":800,"height":800,"caption":"Fibo baderomspaneler"},{"@type":"BreadcrumbList","@id":"https:\/\/www.novotek.com\/no\/bransjer\/produksjon\/#breadcrumb","itemListElement":[{"@type":"ListItem","position":1,"name":"Home","item":"https:\/\/www.novotek.com\/no\/"},{"@type":"ListItem","position":2,"name":"Bransjer","item":"https:\/\/www.novotek.com\/no\/bransjer\/"},{"@type":"ListItem","position":3,"name":"Produksjon"}]},{"@type":"WebSite","@id":"https:\/\/www.novotek.com\/no\/#website","url":"https:\/\/www.novotek.com\/no\/","name":"Novotek Norge","description":"Automasjon, digitalisering og Analytics","publisher":{"@id":"https:\/\/www.novotek.com\/no\/#organization"},"potentialAction":[{"@type":"SearchAction","target":{"@type":"EntryPoint","urlTemplate":"https:\/\/www.novotek.com\/no\/?s={search_term_string}"},"query-input":{"@type":"PropertyValueSpecification","valueRequired":true,"valueName":"search_term_string"}}],"inLanguage":"nb-NO"},{"@type":"Organization","@id":"https:\/\/www.novotek.com\/no\/#organization","name":"Novotek AS","url":"https:\/\/www.novotek.com\/no\/","logo":{"@type":"ImageObject","inLanguage":"nb-NO","@id":"https:\/\/www.novotek.com\/no\/#\/schema\/logo\/image\/","url":"https:\/\/www.novotek.com\/no\/wp-content\/uploads\/sites\/5\/Forside\/Novotek_logo.png","contentUrl":"https:\/\/www.novotek.com\/no\/wp-content\/uploads\/sites\/5\/Forside\/Novotek_logo.png","width":1200,"height":348,"caption":"Novotek AS"},"image":{"@id":"https:\/\/www.novotek.com\/no\/#\/schema\/logo\/image\/"},"sameAs":["https:\/\/www.linkedin.com\/company\/novotek-as"]}]}},"_links":{"self":[{"href":"https:\/\/www.novotek.com\/no\/wp-json\/wp\/v2\/pages\/1003","targetHints":{"allow":["GET"]}}],"collection":[{"href":"https:\/\/www.novotek.com\/no\/wp-json\/wp\/v2\/pages"}],"about":[{"href":"https:\/\/www.novotek.com\/no\/wp-json\/wp\/v2\/types\/page"}],"author":[{"embeddable":true,"href":"https:\/\/www.novotek.com\/no\/wp-json\/wp\/v2\/users\/7"}],"replies":[{"embeddable":true,"href":"https:\/\/www.novotek.com\/no\/wp-json\/wp\/v2\/comments?post=1003"}],"version-history":[{"count":29,"href":"https:\/\/www.novotek.com\/no\/wp-json\/wp\/v2\/pages\/1003\/revisions"}],"predecessor-version":[{"id":17217,"href":"https:\/\/www.novotek.com\/no\/wp-json\/wp\/v2\/pages\/1003\/revisions\/17217"}],"up":[{"embeddable":true,"href":"https:\/\/www.novotek.com\/no\/wp-json\/wp\/v2\/pages\/3685"}],"wp:attachment":[{"href":"https:\/\/www.novotek.com\/no\/wp-json\/wp\/v2\/media?parent=1003"}],"curies":[{"name":"wp","href":"https:\/\/api.w.org\/{rel}","templated":true}]}}