{"id":1020,"date":"2021-06-08T08:24:54","date_gmt":"2021-06-08T08:24:54","guid":{"rendered":"https:\/\/www.novotek.com\/no\/?page_id=1020"},"modified":"2025-08-29T09:04:25","modified_gmt":"2025-08-29T09:04:25","slug":"versamax-2","status":"publish","type":"page","link":"https:\/\/www.novotek.com\/no\/automasjon\/pls-og-styresystemer\/versamax-2\/","title":{"rendered":"VersaMax"},"content":{"rendered":"  <div class=\"hero\">\n    <div class=\"carousel hero-slider small\" data-flickity data-flickity-options='{\"prevNextButtons\": false}'>\n              <div class=\"carousel-cell\">\n          <div class=\"container\">\n            <div class=\"hero-content\">\n                              <h1>VersaMax<\/h1>\n<p>En allsidig og funksjonsrik PLS for ytelse, p\u00e5litelighet og fleksibilitet.<\/p>\n              \n                          <\/div>\n          <\/div>\n\n          <img decoding=\"async\" width=\"1024\" height=\"427\" src=\"https:\/\/www.novotek.com\/no\/wp-content\/uploads\/sites\/5\/Automasjon\/PLS_og_styresystemer\/VersaMax\/PLS_styresystemer_duotone_1980x800-1024x427.jpg\" class=\"hero-bg\" alt=\"Hero Img\" fetchpriority=\"high\" srcset=\"https:\/\/www.novotek.com\/no\/wp-content\/uploads\/sites\/5\/Automasjon\/PLS_og_styresystemer\/VersaMax\/PLS_styresystemer_duotone_1980x800-1024x427.jpg 1024w, https:\/\/www.novotek.com\/no\/wp-content\/uploads\/sites\/5\/Automasjon\/PLS_og_styresystemer\/VersaMax\/PLS_styresystemer_duotone_1980x800-300x125.jpg 300w, https:\/\/www.novotek.com\/no\/wp-content\/uploads\/sites\/5\/Automasjon\/PLS_og_styresystemer\/VersaMax\/PLS_styresystemer_duotone_1980x800-768x320.jpg 768w, https:\/\/www.novotek.com\/no\/wp-content\/uploads\/sites\/5\/Automasjon\/PLS_og_styresystemer\/VersaMax\/PLS_styresystemer_duotone_1980x800-1536x640.jpg 1536w, https:\/\/www.novotek.com\/no\/wp-content\/uploads\/sites\/5\/Automasjon\/PLS_og_styresystemer\/VersaMax\/PLS_styresystemer_duotone_1980x800.jpg 1920w\" sizes=\"(max-width: 1024px) 100vw, 1024px\" \/>                  <\/div>\n          <\/div>\n\n      <\/div>\n\n   <div class=\"floating-breadcrumb\"><div class=\"container\"><span><span><a href=\"https:\/\/www.novotek.com\/no\/\" class=\"breadcrumb-frontpage\">Home<\/a><\/span><\/span><\/div><\/div>\n\n\n<div class=\"container-md paragraph  \">\n<p>VersaMax fra Emerson er en innovativ PLS-serie som kombinerer ytelse, p\u00e5litelighet og fleksibilitet. I en kompakt l\u00f8sning kombineres kraftfulle CPUer med bredt utvalg I\/O-moduler som kan kobles til en rekke ulike bus og nettverk. PLSen leverer sikker informasjon mellom sanntidskontrollere for \u00e5 optimalisere operasjoner, maksimalisere produktiviteten og minimere nedetid.<\/p>\n<\/div>\n\n<div class=\"container-md paragraph  \">\n<p>Emerson leverer et bredt utvalg VersaMax-produkter med modul\u00e6r og skalerbar arkitektur som kan tilpasses din produksjon. Brukervennlig grensesnitt gj\u00f8r PLSen rask og enkel \u00e5 h\u00e5ndtere for operat\u00f8rer.&nbsp;<\/p>\n<\/div>\n\n<div class=\"container-md spacer  \">\n<div style=\"height:10px\" aria-hidden=\"true\" class=\"wp-block-spacer\"><\/div>\n<\/div>\n\n<div class=\"container-md heading  \">\n<h2 class=\"wp-block-heading\">En kompakt og allsidig PLS<\/h2>\n<\/div>\n\n<div class=\"container-md paragraph  \">\n<p>Maksimal allsidighet er prinsippet bak VersaMax fra Emerson. VersaMax gir presis og kraftig kontroll i et kompakt design. Med skalerbar arkitektur er PLSen utviklet for \u00e5 kunne h\u00e5ndtere produksjonsutfordringer og raske omstillinger, og kan forbedre maskinens ytelse, tilgjengelighet og l\u00f8nnsomhet.&nbsp;<\/p>\n<\/div>\n\n<div class=\"container media-text  align\">\n<div class=\"wp-block-media-text is-stacked-on-mobile\"><figure class=\"wp-block-media-text__media\"><img loading=\"lazy\" decoding=\"async\" width=\"1000\" height=\"630\" src=\"https:\/\/www.novotek.com\/no\/wp-content\/uploads\/sites\/5\/Automasjon\/PLS_og_styresystemer\/VersaMax\/VersaMax_Micro_NEW.jpg\" alt=\"VersaMax Micro PLS\" class=\"wp-image-7598 size-full\" srcset=\"https:\/\/www.novotek.com\/no\/wp-content\/uploads\/sites\/5\/Automasjon\/PLS_og_styresystemer\/VersaMax\/VersaMax_Micro_NEW.jpg 1000w, https:\/\/www.novotek.com\/no\/wp-content\/uploads\/sites\/5\/Automasjon\/PLS_og_styresystemer\/VersaMax\/VersaMax_Micro_NEW-300x189.jpg 300w, https:\/\/www.novotek.com\/no\/wp-content\/uploads\/sites\/5\/Automasjon\/PLS_og_styresystemer\/VersaMax\/VersaMax_Micro_NEW-768x484.jpg 768w\" sizes=\"auto, (max-width: 1000px) 100vw, 1000px\" \/><\/figure><div class=\"wp-block-media-text__content\"><div class=\"container-md heading  \">\n<h4 class=\"wp-block-heading\">VersaMax Micro<\/h4>\n<\/div>\n\n<div class=\"container-md paragraph  \">\n<p>Utviklet for kraft og ytelse i en liten pakke, leverer VersaMax Micro en rekke funksjoner som vanligvis kun finnes i st\u00f8rre PLSer. 64 I\/O-punkter (utvidbar til 176 I\/O-punkter), 128 kb minne for applikasjonsprogrammer, korte syklustider, et robust instruksjonssett, sanntidsklokke, PID-kontroll og stort minne som mangedobler programmeringsalternativene er blant funksjonene. Med sitt kompakte design er PLSen er optimal i driftsmilj\u00f8er der panelplassen er begrenset, men det samtidig kreves applikasjoner med h\u00f8y ytelse, volum og prosessorhastighet.<\/p>\n<\/div>\n\n<div class=\"container-md paragraph  \">\n<p>VersaMax Micro PLS gir skalerbarhet og fleksibilitet for \u00e5 dekke et bredt spekter av applikasjoner. For applikasjoner som krever flere I\/O, kan opptil fire moduler brukes for \u00e5 utvide serien med kontrollere. Mindre maskiner kan bruke enheten som frittst\u00e5ende kontroller med integrerte I\/O-funksjoner. Dette gir deg fleksibilitet til \u00e5 konfigurere en l\u00f8sning som passer dine krav.<\/p>\n<\/div><\/div><\/div>\n<\/div>\n\n<div class=\"container-md heading  \">\n<h4 class=\"wp-block-heading\">VersaMax I\/O<\/h4>\n<\/div>\n\n<div class=\"container-md paragraph  \">\n<p>Som en universal I\/O, gir VersaMax deg mulighet til \u00e5 koble til en rekke vertskontroller, inkludert PLS, DCS og PC-kontrollsystemer. Emerson tilbyr et bredt spekter av analoge, blandede og spesialiserte I\/O-moduler. Disse modulene kan kombineres for \u00e5 lage frittst\u00e5ende I\/O-stasjoner med opptil 256 I\/O-punkter, samt utvidede systemer med opptil I\/O-2048 punkter.<\/p>\n<\/div>\n\n<div class=\"container-md paragraph  \">\n<p>VersaMax er utviklet for optimal brukervennlighet. \u00abSnap together\u00bb I\/O-b\u00e6rere gj\u00f8r at det ikke er n\u00f8dvendig med verkt\u00f8y for installasjon eller utvinning av moduler. En praktisk bryter brukes til \u00e5 stille inn bus-adresser, og reduserer programmeringstiden. I\/O kan ogs\u00e5 adresseres automatisk.<\/p>\n<\/div>\n\n<div class=\"container media-text  align\">\n<div class=\"wp-block-media-text is-stacked-on-mobile\"><figure class=\"wp-block-media-text__media\"><img loading=\"lazy\" decoding=\"async\" width=\"1024\" height=\"683\" src=\"https:\/\/www.novotek.com\/no\/wp-content\/uploads\/sites\/5\/Automasjon\/PLS_og_styresystemer\/Machine_Edition\/MachineEdition_mockup_1200x800-1024x683.png\" alt=\"Emerson Machine Edition mockup\" class=\"wp-image-1987 size-full\" srcset=\"https:\/\/www.novotek.com\/no\/wp-content\/uploads\/sites\/5\/Automasjon\/PLS_og_styresystemer\/Machine_Edition\/MachineEdition_mockup_1200x800-1024x683.png 1024w, https:\/\/www.novotek.com\/no\/wp-content\/uploads\/sites\/5\/Automasjon\/PLS_og_styresystemer\/Machine_Edition\/MachineEdition_mockup_1200x800-300x200.png 300w, https:\/\/www.novotek.com\/no\/wp-content\/uploads\/sites\/5\/Automasjon\/PLS_og_styresystemer\/Machine_Edition\/MachineEdition_mockup_1200x800-768x512.png 768w, https:\/\/www.novotek.com\/no\/wp-content\/uploads\/sites\/5\/Automasjon\/PLS_og_styresystemer\/Machine_Edition\/MachineEdition_mockup_1200x800.png 1200w\" sizes=\"auto, (max-width: 1024px) 100vw, 1024px\" \/><\/figure><div class=\"wp-block-media-text__content\"><div class=\"container-md heading  \">\n<h4 class=\"wp-block-heading\">Programmering og konfigurasjon<\/h4>\n<\/div>\n\n<div class=\"container-md paragraph  \">\n<p>Integrert <strong><a href=\"https:\/\/www.novotek.com\/no\/automasjon\/pls-og-styresystemer\/machine-edition\/\">Machine Edition-programvare<\/a><\/strong>, s\u00f8rger for enkel konfigurasjon. Bland Relay Ladder Diagram og Instruction List-programmering i samme program, utvikle og lagre tilpassede visningtabeller og se PLS og I\/O-systemfeiltabeller p\u00e5 foresp\u00f8rsel. Machine Edition er den samme programvaren som alle PACSystems-prosessorer, slik at du kun trenger et enkelt verkt\u00f8y fra sm\u00e5 til store applikasjoner. Brukergrensesnittet kommer med drag-and-drop-redigering og et stort sett av utviklingsverkt\u00f8y.&nbsp;<\/p>\n<\/div>\n\n<div class=\"container-md paragraph  \">\n<p>Alle enhetene har en RS-232-port som kan brukes til SNP-Slave, Modubus RTU- eller serielle I\/O-kommandoer. Utvalgte enheter har en RS-485-port som legger til SNP-master- og Modbus-masterkommandoer. Micro 20, Micro 40 og Micro 64 har en ekstra port som st\u00f8tter RS-232, RS-485 eller USB-kommunikasjonsmodul. VersaMax Micro PLSer er enkelt koblet til Ethernet med seriell Ethernet-modul.<\/p>\n<\/div><\/div><\/div>\n<\/div>\n\n<div class=\"container-md heading  \">\n<h4 class=\"wp-block-heading\">Funksjoner<\/h4>\n<\/div>\n\n<div class=\"container-md list  \">\n<ul style=\"background-color:#f8f8f8\" class=\"wp-block-list has-background\"><div class=\"container-md list-item  \">\n<li>En allsidig PLS som kombinerer ytelse, p\u00e5litelighet og fleksibilitet, med modul\u00e6r og skalerbar arkitektur.<\/li>\n<\/div>\n\n<div class=\"container-md list-item  \">\n<li>Bredt utvalg I\/O-moduler som kan kobles til en rekke ulike bus og nettverk.\u00a0<\/li>\n<\/div>\n\n<div class=\"container-md list-item  \">\n<li>Leverer sikker informasjon mellom sanntidskontrollere.\u00a0<\/li>\n<\/div>\n\n<div class=\"container-md list-item  \">\n<li>VersaMax Micro kommer med blant annet 64 I\/O-punkter (utvidbar til 176 I\/O-punkter), 128 kb minne for applikasjonsprogrammer, korte syklustider, et robust instruksjonssett, sanntidsklokke, PID-kontroll og stort minne.<\/li>\n<\/div>\n\n<div class=\"container-md list-item  \">\n<li>VersaMax I\/O gir mulighet til \u00e5 koble til en rekke vertskontroller, inkludert PLS, DCS og PC-kontrollsystemer.<\/li>\n<\/div>\n\n<div class=\"container-md list-item  \">\n<li>Enkel konfigurasjon med integrert Machine Edition-programvare.<\/li>\n<\/div>\n\n<div class=\"container-md list-item  \">\n<li>Utviklet for brukervennlighet: \u00abSnap together\u00bb I\/O-b\u00e6rere og HMI med drag-and-drop-funksjonalitet.<\/li>\n<\/div><\/ul>\n<\/div>\n\n<div class=\"container-md spacer  \">\n<div style=\"height:10px\" aria-hidden=\"true\" class=\"wp-block-spacer\"><\/div>\n<\/div>\n\n<div class=\"container-md heading  \">\n<h2 class=\"wp-block-heading\">Et stort utvalg VersaMax-produkter fra Emerson<\/h2>\n<\/div>\n\n<div class=\"container-md paragraph  \">\n<p>Med VersaMax f\u00e5r du en kompakt alt-i-ett-konstruksjon med maksimal funksjonalitet, som enkelt kan innstalleres i din bedrift. I dag er PLSene en del av produktportef\u00f8ljen til Emerson Machine Automation Solution.\u00a0<strong><a href=\"https:\/\/www.emerson.com\/catalog\/SearchDisplay?storeId=20151&amp;catalogId=20051&amp;langId=-1001&amp;searchTerm=versamax&amp;cmBusinessSegmentId=&amp;wcsBusinessSegmentId=&amp;cmFacetId=&amp;cmTabSelected=1&amp;fetchFacets=true#facet:&amp;partsFacet:&amp;facetLimit:&amp;productBeginIndex:0&amp;partsBeginIndex:0&amp;orderBy:&amp;partsOrderBy:&amp;pageView:grid&amp;minPrice:&amp;maxPrice:&amp;pageSize:&amp;\" target=\"_blank\" rel=\"noreferrer noopener\">Se alle VersaMax-produktene hos Emerson her.<\/a><\/strong><\/p>\n<\/div>\n\n<div class=\"container-md paragraph  \">\n<p>V\u00e5re konsulenter hjelper deg med \u00e5 finne de rette produktene for din bedrifts behov.<\/p>\n<\/div>\n\n<div class=\"container-md spacer  \">\n<div style=\"height:50px\" aria-hidden=\"true\" class=\"wp-block-spacer\"><\/div>\n<\/div>\n\n  <div class=\"slider-column-parent\">\n    <div class=\"container\">\n      <div class=\"slider-column-title\">Benytt VersaMax med<\/div>\n\n      <div class=\"row\">\n        <div class=\"col-12 col-md-4\"><div class=\"column-box\">\n  \n      <div class=\"title\">\n      Machine Edition    <\/div>\n  \n      <div class=\"text\">\n      <p>Et verkt\u00f8y for \u00e5 konfigurere PAC-systemer, PLSer og mer.<\/p>\n    <\/div>\n  \n      <a class=\"link\"  href=\"https:\/\/www.novotek.com\/no\/automasjon\/pls-og-styresystemer\/machine-edition\/\" target=\"\">\n      Les mer    <\/a>\n  \n  <\/div>\n\n<\/div><div class=\"col-12 col-md-4\"><div class=\"column-box\">\n  \n      <div class=\"title\">\n      QuickPanel+    <\/div>\n  \n      <div class=\"text\">\n      <p>Et kraftig, multifunksjonelt touchpanel for kontroll og visualisering.<\/p>\n    <\/div>\n  \n      <a class=\"link\"  href=\"https:\/\/www.novotek.com\/no\/automasjon\/pls-og-styresystemer\/quickpanel\/\" target=\"\">\n      Les mer    <\/a>\n  \n  <\/div>\n\n<\/div>      <\/div>\n    <\/div>\n  <\/div>\n","protected":false},"excerpt":{"rendered":"<p>VersaMax fra Emerson er en innovativ PLS-serie som kombinerer ytelse, p\u00e5litelighet og fleksibilitet. I en kompakt l\u00f8sning kombineres kraftfulle CPUer med bredt utvalg I\/O-moduler som kan kobles til en rekke ulike bus og nettverk. PLSen leverer sikker informasjon mellom sanntidskontrollere for \u00e5 optimalisere operasjoner, maksimalisere produktiviteten og minimere nedetid. Emerson leverer et bredt utvalg VersaMax-produkter [&hellip;]<\/p>\n","protected":false},"author":7,"featured_media":0,"parent":80,"menu_order":0,"comment_status":"closed","ping_status":"closed","template":"","meta":{"_acf_changed":false,"_relevanssi_hide_post":"","_relevanssi_pin_for_all":"","_relevanssi_pin_keywords":"","_relevanssi_unpin_keywords":"","_relevanssi_related_keywords":"","_relevanssi_related_include_ids":"","_relevanssi_related_exclude_ids":"","_relevanssi_related_no_append":"","_relevanssi_related_not_related":"","_relevanssi_related_posts":"1","_relevanssi_noindex_reason":"","footnotes":""},"class_list":["post-1020","page","type-page","status-publish","hentry"],"acf":[],"yoast_head":"<!-- This site is optimized with the Yoast SEO plugin v27.4 - https:\/\/yoast.com\/product\/yoast-seo-wordpress\/ -->\n<title>VersaMax - Novotek Norge<\/title>\n<meta name=\"description\" content=\"VersaMax er en PLS-serie fra Emerson for ytelse, p\u00e5litelighet og fleksibilitet. CPUer og I\/O-moduler kombineres i en kompakt l\u00f8sning.\" \/>\n<meta name=\"robots\" content=\"index, follow, max-snippet:-1, max-image-preview:large, max-video-preview:-1\" \/>\n<link rel=\"canonical\" href=\"https:\/\/www.novotek.com\/no\/automasjon\/pls-og-styresystemer\/versamax-2\/\" \/>\n<meta property=\"og:locale\" content=\"nb_NO\" \/>\n<meta property=\"og:type\" content=\"article\" \/>\n<meta property=\"og:title\" content=\"VersaMax - Novotek Norge\" \/>\n<meta property=\"og:description\" content=\"VersaMax er en PLS-serie fra Emerson for ytelse, p\u00e5litelighet og fleksibilitet. CPUer og I\/O-moduler kombineres i en kompakt l\u00f8sning.\" \/>\n<meta property=\"og:url\" content=\"https:\/\/www.novotek.com\/no\/automasjon\/pls-og-styresystemer\/versamax-2\/\" \/>\n<meta property=\"og:site_name\" content=\"Novotek Norge\" \/>\n<meta property=\"article:modified_time\" content=\"2025-08-29T09:04:25+00:00\" \/>\n<meta property=\"og:image\" content=\"https:\/\/www.novotek.com\/no\/wp-content\/uploads\/sites\/5\/Automasjon\/PLS_og_styresystemer\/VersaMax\/VersaMax_Micro_NEW.jpg\" \/>\n<meta name=\"twitter:card\" content=\"summary_large_image\" \/>\n<meta name=\"twitter:label1\" content=\"Ansl. lesetid\" \/>\n\t<meta name=\"twitter:data1\" content=\"4 minutter\" \/>\n<script type=\"application\/ld+json\" class=\"yoast-schema-graph\">{\"@context\":\"https:\\\/\\\/schema.org\",\"@graph\":[{\"@type\":\"WebPage\",\"@id\":\"https:\\\/\\\/www.novotek.com\\\/no\\\/automasjon\\\/pls-og-styresystemer\\\/versamax-2\\\/\",\"url\":\"https:\\\/\\\/www.novotek.com\\\/no\\\/automasjon\\\/pls-og-styresystemer\\\/versamax-2\\\/\",\"name\":\"VersaMax - Novotek Norge\",\"isPartOf\":{\"@id\":\"https:\\\/\\\/www.novotek.com\\\/no\\\/#website\"},\"primaryImageOfPage\":{\"@id\":\"https:\\\/\\\/www.novotek.com\\\/no\\\/automasjon\\\/pls-og-styresystemer\\\/versamax-2\\\/#primaryimage\"},\"image\":{\"@id\":\"https:\\\/\\\/www.novotek.com\\\/no\\\/automasjon\\\/pls-og-styresystemer\\\/versamax-2\\\/#primaryimage\"},\"thumbnailUrl\":\"https:\\\/\\\/www.novotek.com\\\/no\\\/wp-content\\\/uploads\\\/sites\\\/5\\\/Automasjon\\\/PLS_og_styresystemer\\\/VersaMax\\\/VersaMax_Micro_NEW.jpg\",\"datePublished\":\"2021-06-08T08:24:54+00:00\",\"dateModified\":\"2025-08-29T09:04:25+00:00\",\"description\":\"VersaMax er en PLS-serie fra Emerson for ytelse, p\u00e5litelighet og fleksibilitet. CPUer og I\\\/O-moduler kombineres i en kompakt l\u00f8sning.\",\"breadcrumb\":{\"@id\":\"https:\\\/\\\/www.novotek.com\\\/no\\\/automasjon\\\/pls-og-styresystemer\\\/versamax-2\\\/#breadcrumb\"},\"inLanguage\":\"nb-NO\",\"potentialAction\":[{\"@type\":\"ReadAction\",\"target\":[\"https:\\\/\\\/www.novotek.com\\\/no\\\/automasjon\\\/pls-og-styresystemer\\\/versamax-2\\\/\"]}]},{\"@type\":\"ImageObject\",\"inLanguage\":\"nb-NO\",\"@id\":\"https:\\\/\\\/www.novotek.com\\\/no\\\/automasjon\\\/pls-og-styresystemer\\\/versamax-2\\\/#primaryimage\",\"url\":\"https:\\\/\\\/www.novotek.com\\\/no\\\/wp-content\\\/uploads\\\/sites\\\/5\\\/Automasjon\\\/PLS_og_styresystemer\\\/VersaMax\\\/VersaMax_Micro_NEW.jpg\",\"contentUrl\":\"https:\\\/\\\/www.novotek.com\\\/no\\\/wp-content\\\/uploads\\\/sites\\\/5\\\/Automasjon\\\/PLS_og_styresystemer\\\/VersaMax\\\/VersaMax_Micro_NEW.jpg\",\"width\":1000,\"height\":630,\"caption\":\"VersaMax Micro PLS\"},{\"@type\":\"BreadcrumbList\",\"@id\":\"https:\\\/\\\/www.novotek.com\\\/no\\\/automasjon\\\/pls-og-styresystemer\\\/versamax-2\\\/#breadcrumb\",\"itemListElement\":[{\"@type\":\"ListItem\",\"position\":1,\"name\":\"Home\",\"item\":\"https:\\\/\\\/www.novotek.com\\\/no\\\/\"},{\"@type\":\"ListItem\",\"position\":2,\"name\":\"Automasjon\",\"item\":\"https:\\\/\\\/www.novotek.com\\\/no\\\/automasjon\\\/\"},{\"@type\":\"ListItem\",\"position\":3,\"name\":\"PLS og styresystemer\",\"item\":\"https:\\\/\\\/www.novotek.com\\\/no\\\/automasjon\\\/pls-og-styresystemer\\\/\"},{\"@type\":\"ListItem\",\"position\":4,\"name\":\"VersaMax\"}]},{\"@type\":\"WebSite\",\"@id\":\"https:\\\/\\\/www.novotek.com\\\/no\\\/#website\",\"url\":\"https:\\\/\\\/www.novotek.com\\\/no\\\/\",\"name\":\"Novotek Norge\",\"description\":\"Automasjon, digitalisering og Analytics\",\"publisher\":{\"@id\":\"https:\\\/\\\/www.novotek.com\\\/no\\\/#organization\"},\"potentialAction\":[{\"@type\":\"SearchAction\",\"target\":{\"@type\":\"EntryPoint\",\"urlTemplate\":\"https:\\\/\\\/www.novotek.com\\\/no\\\/?s={search_term_string}\"},\"query-input\":{\"@type\":\"PropertyValueSpecification\",\"valueRequired\":true,\"valueName\":\"search_term_string\"}}],\"inLanguage\":\"nb-NO\"},{\"@type\":\"Organization\",\"@id\":\"https:\\\/\\\/www.novotek.com\\\/no\\\/#organization\",\"name\":\"Novotek AS\",\"url\":\"https:\\\/\\\/www.novotek.com\\\/no\\\/\",\"logo\":{\"@type\":\"ImageObject\",\"inLanguage\":\"nb-NO\",\"@id\":\"https:\\\/\\\/www.novotek.com\\\/no\\\/#\\\/schema\\\/logo\\\/image\\\/\",\"url\":\"https:\\\/\\\/www.novotek.com\\\/no\\\/wp-content\\\/uploads\\\/sites\\\/5\\\/Forside\\\/Novotek_logo.png\",\"contentUrl\":\"https:\\\/\\\/www.novotek.com\\\/no\\\/wp-content\\\/uploads\\\/sites\\\/5\\\/Forside\\\/Novotek_logo.png\",\"width\":1200,\"height\":348,\"caption\":\"Novotek AS\"},\"image\":{\"@id\":\"https:\\\/\\\/www.novotek.com\\\/no\\\/#\\\/schema\\\/logo\\\/image\\\/\"},\"sameAs\":[\"https:\\\/\\\/www.linkedin.com\\\/company\\\/novotek-as\"]}]}<\/script>\n<!-- \/ Yoast SEO plugin. -->","yoast_head_json":{"title":"VersaMax - Novotek Norge","description":"VersaMax er en PLS-serie fra Emerson for ytelse, p\u00e5litelighet og fleksibilitet. CPUer og I\/O-moduler kombineres i en kompakt l\u00f8sning.","robots":{"index":"index","follow":"follow","max-snippet":"max-snippet:-1","max-image-preview":"max-image-preview:large","max-video-preview":"max-video-preview:-1"},"canonical":"https:\/\/www.novotek.com\/no\/automasjon\/pls-og-styresystemer\/versamax-2\/","og_locale":"nb_NO","og_type":"article","og_title":"VersaMax - Novotek Norge","og_description":"VersaMax er en PLS-serie fra Emerson for ytelse, p\u00e5litelighet og fleksibilitet. CPUer og I\/O-moduler kombineres i en kompakt l\u00f8sning.","og_url":"https:\/\/www.novotek.com\/no\/automasjon\/pls-og-styresystemer\/versamax-2\/","og_site_name":"Novotek Norge","article_modified_time":"2025-08-29T09:04:25+00:00","og_image":[{"url":"https:\/\/www.novotek.com\/no\/wp-content\/uploads\/sites\/5\/Automasjon\/PLS_og_styresystemer\/VersaMax\/VersaMax_Micro_NEW.jpg","type":"","width":"","height":""}],"twitter_card":"summary_large_image","twitter_misc":{"Ansl. lesetid":"4 minutter"},"schema":{"@context":"https:\/\/schema.org","@graph":[{"@type":"WebPage","@id":"https:\/\/www.novotek.com\/no\/automasjon\/pls-og-styresystemer\/versamax-2\/","url":"https:\/\/www.novotek.com\/no\/automasjon\/pls-og-styresystemer\/versamax-2\/","name":"VersaMax - Novotek Norge","isPartOf":{"@id":"https:\/\/www.novotek.com\/no\/#website"},"primaryImageOfPage":{"@id":"https:\/\/www.novotek.com\/no\/automasjon\/pls-og-styresystemer\/versamax-2\/#primaryimage"},"image":{"@id":"https:\/\/www.novotek.com\/no\/automasjon\/pls-og-styresystemer\/versamax-2\/#primaryimage"},"thumbnailUrl":"https:\/\/www.novotek.com\/no\/wp-content\/uploads\/sites\/5\/Automasjon\/PLS_og_styresystemer\/VersaMax\/VersaMax_Micro_NEW.jpg","datePublished":"2021-06-08T08:24:54+00:00","dateModified":"2025-08-29T09:04:25+00:00","description":"VersaMax er en PLS-serie fra Emerson for ytelse, p\u00e5litelighet og fleksibilitet. CPUer og I\/O-moduler kombineres i en kompakt l\u00f8sning.","breadcrumb":{"@id":"https:\/\/www.novotek.com\/no\/automasjon\/pls-og-styresystemer\/versamax-2\/#breadcrumb"},"inLanguage":"nb-NO","potentialAction":[{"@type":"ReadAction","target":["https:\/\/www.novotek.com\/no\/automasjon\/pls-og-styresystemer\/versamax-2\/"]}]},{"@type":"ImageObject","inLanguage":"nb-NO","@id":"https:\/\/www.novotek.com\/no\/automasjon\/pls-og-styresystemer\/versamax-2\/#primaryimage","url":"https:\/\/www.novotek.com\/no\/wp-content\/uploads\/sites\/5\/Automasjon\/PLS_og_styresystemer\/VersaMax\/VersaMax_Micro_NEW.jpg","contentUrl":"https:\/\/www.novotek.com\/no\/wp-content\/uploads\/sites\/5\/Automasjon\/PLS_og_styresystemer\/VersaMax\/VersaMax_Micro_NEW.jpg","width":1000,"height":630,"caption":"VersaMax Micro PLS"},{"@type":"BreadcrumbList","@id":"https:\/\/www.novotek.com\/no\/automasjon\/pls-og-styresystemer\/versamax-2\/#breadcrumb","itemListElement":[{"@type":"ListItem","position":1,"name":"Home","item":"https:\/\/www.novotek.com\/no\/"},{"@type":"ListItem","position":2,"name":"Automasjon","item":"https:\/\/www.novotek.com\/no\/automasjon\/"},{"@type":"ListItem","position":3,"name":"PLS og styresystemer","item":"https:\/\/www.novotek.com\/no\/automasjon\/pls-og-styresystemer\/"},{"@type":"ListItem","position":4,"name":"VersaMax"}]},{"@type":"WebSite","@id":"https:\/\/www.novotek.com\/no\/#website","url":"https:\/\/www.novotek.com\/no\/","name":"Novotek Norge","description":"Automasjon, digitalisering og Analytics","publisher":{"@id":"https:\/\/www.novotek.com\/no\/#organization"},"potentialAction":[{"@type":"SearchAction","target":{"@type":"EntryPoint","urlTemplate":"https:\/\/www.novotek.com\/no\/?s={search_term_string}"},"query-input":{"@type":"PropertyValueSpecification","valueRequired":true,"valueName":"search_term_string"}}],"inLanguage":"nb-NO"},{"@type":"Organization","@id":"https:\/\/www.novotek.com\/no\/#organization","name":"Novotek AS","url":"https:\/\/www.novotek.com\/no\/","logo":{"@type":"ImageObject","inLanguage":"nb-NO","@id":"https:\/\/www.novotek.com\/no\/#\/schema\/logo\/image\/","url":"https:\/\/www.novotek.com\/no\/wp-content\/uploads\/sites\/5\/Forside\/Novotek_logo.png","contentUrl":"https:\/\/www.novotek.com\/no\/wp-content\/uploads\/sites\/5\/Forside\/Novotek_logo.png","width":1200,"height":348,"caption":"Novotek AS"},"image":{"@id":"https:\/\/www.novotek.com\/no\/#\/schema\/logo\/image\/"},"sameAs":["https:\/\/www.linkedin.com\/company\/novotek-as"]}]}},"_links":{"self":[{"href":"https:\/\/www.novotek.com\/no\/wp-json\/wp\/v2\/pages\/1020","targetHints":{"allow":["GET"]}}],"collection":[{"href":"https:\/\/www.novotek.com\/no\/wp-json\/wp\/v2\/pages"}],"about":[{"href":"https:\/\/www.novotek.com\/no\/wp-json\/wp\/v2\/types\/page"}],"author":[{"embeddable":true,"href":"https:\/\/www.novotek.com\/no\/wp-json\/wp\/v2\/users\/7"}],"replies":[{"embeddable":true,"href":"https:\/\/www.novotek.com\/no\/wp-json\/wp\/v2\/comments?post=1020"}],"version-history":[{"count":27,"href":"https:\/\/www.novotek.com\/no\/wp-json\/wp\/v2\/pages\/1020\/revisions"}],"predecessor-version":[{"id":16573,"href":"https:\/\/www.novotek.com\/no\/wp-json\/wp\/v2\/pages\/1020\/revisions\/16573"}],"up":[{"embeddable":true,"href":"https:\/\/www.novotek.com\/no\/wp-json\/wp\/v2\/pages\/80"}],"wp:attachment":[{"href":"https:\/\/www.novotek.com\/no\/wp-json\/wp\/v2\/media?parent=1020"}],"curies":[{"name":"wp","href":"https:\/\/api.w.org\/{rel}","templated":true}]}}