{"id":1032,"date":"2021-06-08T13:22:53","date_gmt":"2021-06-08T13:22:53","guid":{"rendered":"https:\/\/www.novotek.com\/no\/?page_id=1032"},"modified":"2022-06-03T09:32:41","modified_gmt":"2022-06-03T09:32:41","slug":"quickpanel","status":"publish","type":"page","link":"https:\/\/www.novotek.com\/no\/automasjon\/pls-og-styresystemer\/quickpanel\/","title":{"rendered":"QuickPanel+"},"content":{"rendered":"  <div class=\"hero\">\n    <div class=\"carousel hero-slider small\" data-flickity data-flickity-options='{\"prevNextButtons\": false}'>\n              <div class=\"carousel-cell\">\n          <div class=\"container\">\n            <div class=\"hero-content\">\n                              <h1>QuickPanel+<\/h1>\n<p>Et kraftig, multifunksjonelt touchpanel for kontroll og visualisering.<\/p>\n              \n                          <\/div>\n          <\/div>\n\n          <img decoding=\"async\" width=\"1024\" height=\"427\" src=\"https:\/\/www.novotek.com\/no\/wp-content\/uploads\/sites\/5\/Automasjon\/PLS_og_styresystemer\/QuickPanel+\/Novotek_QuickPanel_duotone_1920x800-1024x427.jpg\" class=\"hero-bg\" alt=\"Hero Img\" fetchpriority=\"high\" srcset=\"https:\/\/www.novotek.com\/no\/wp-content\/uploads\/sites\/5\/Automasjon\/PLS_og_styresystemer\/QuickPanel+\/Novotek_QuickPanel_duotone_1920x800-1024x427.jpg 1024w, https:\/\/www.novotek.com\/no\/wp-content\/uploads\/sites\/5\/Automasjon\/PLS_og_styresystemer\/QuickPanel+\/Novotek_QuickPanel_duotone_1920x800-300x125.jpg 300w, https:\/\/www.novotek.com\/no\/wp-content\/uploads\/sites\/5\/Automasjon\/PLS_og_styresystemer\/QuickPanel+\/Novotek_QuickPanel_duotone_1920x800-768x320.jpg 768w, https:\/\/www.novotek.com\/no\/wp-content\/uploads\/sites\/5\/Automasjon\/PLS_og_styresystemer\/QuickPanel+\/Novotek_QuickPanel_duotone_1920x800-1536x640.jpg 1536w, https:\/\/www.novotek.com\/no\/wp-content\/uploads\/sites\/5\/Automasjon\/PLS_og_styresystemer\/QuickPanel+\/Novotek_QuickPanel_duotone_1920x800.jpg 1920w\" sizes=\"(max-width: 1024px) 100vw, 1024px\" \/>                  <\/div>\n          <\/div>\n\n      <\/div>\n\n   <div class=\"floating-breadcrumb\"><div class=\"container\"><span><span><a href=\"https:\/\/www.novotek.com\/no\/\" class=\"breadcrumb-frontpage\">Home<\/a><\/span><\/span><\/div><\/div>\n\n\n<div class=\"container-md paragraph  \">\n<p>QuickPanel+ er en alt-i-ett l\u00f8sning for kontroll og visualisering. Touchpanelet kommer med grafisk operat\u00f8rgrensesnitt, PLS, utganger til andre systemer og mulighet til \u00e5 samle inn data fra en historian. Med QuickPanel+ f\u00e5r du rask og enkel tilgang til handlingsklare data og innsikter.<\/p>\n<\/div>\n\n<div class=\"container-md paragraph  \">\n<p>QuickPanel+ leveres med et bibliotek av drivere, og kan kobles sammen med kontrollere og sensorer fra ulike leverand\u00f8rer. Dette forenkler integrasjonen av ulike typer utstyr og systemer over hele anlegg og fabrikker.&nbsp;<\/p>\n<\/div>\n\n<div class=\"container media-text  \">\n<div class=\"wp-block-media-text alignwide is-stacked-on-mobile\"><figure class=\"wp-block-media-text__media\"><img loading=\"lazy\" decoding=\"async\" width=\"1000\" height=\"800\" src=\"https:\/\/www.novotek.com\/no\/wp-content\/uploads\/sites\/5\/Automasjon\/PLS_og_styresystemer\/QuickPanel+\/Emerson_QuickPanel.png\" alt=\"Emerson QuickPanel+ Operat\u00f8rvisning\" class=\"wp-image-2133 size-full\" srcset=\"https:\/\/www.novotek.com\/no\/wp-content\/uploads\/sites\/5\/Automasjon\/PLS_og_styresystemer\/QuickPanel+\/Emerson_QuickPanel.png 1000w, https:\/\/www.novotek.com\/no\/wp-content\/uploads\/sites\/5\/Automasjon\/PLS_og_styresystemer\/QuickPanel+\/Emerson_QuickPanel-300x240.png 300w, https:\/\/www.novotek.com\/no\/wp-content\/uploads\/sites\/5\/Automasjon\/PLS_og_styresystemer\/QuickPanel+\/Emerson_QuickPanel-768x614.png 768w\" sizes=\"auto, (max-width: 1000px) 100vw, 1000px\" \/><\/figure><div class=\"wp-block-media-text__content\"><div class=\"container-md heading  \">\n<h2 class=\"wp-block-heading\">Multifunksjonell kapasitet med QuickPanel+<\/h2>\n<\/div>\n\n<div class=\"container-md paragraph  \">\n<p>QuickPanel+ har funksjonalitet som en PC, med nettlesertilgang, mulig tilkobling til andre servere, innebygd peer-nettverk og FTP- og HTTP-servere. Touchpanelet leverer h\u00f8y hastighet og god minnekapasitet for best mulig ytelse. Sammen med et alt-i-ett operat\u00f8rgrensesnitt f\u00e5r man et sv\u00e6rt funksjonsrikt touchpanel som kan redusere samlet utstyrsmengde. Objektbasert programmeringsmilj\u00f8 og &laquo;plug-and-play&raquo;-interoperabilitet gj\u00f8r implementering raskt og enkelt.<\/p>\n<\/div><\/div><\/div>\n<\/div>\n\n<div class=\"container-md heading  \">\n<h4 class=\"wp-block-heading\">Skjerm<\/h4>\n<\/div>\n\n<div class=\"container-md paragraph  \">\n<p>Skjermen kommer med multitouch-funksjoner, med kapasativ ytelse for \u00e5 kunne benyttes av operat\u00f8rer if\u00f8rt verneutstyr, samt takle t\u00f8ffe industrielle milj\u00f8er. Samtidig gir den samme brukervennlighet som en smarttelefon. Bred skjerm gir klare bilder og fullstendig prosessvisualisering. Touchpanelet leveres i 6&#8243;-15&#8243;, s\u00e5 du kan velge st\u00f8rrelsen som passer dine behov.<\/p>\n<\/div>\n\n<div class=\"container-md spacer  \">\n<div style=\"height:10px\" aria-hidden=\"true\" class=\"wp-block-spacer\"><\/div>\n<\/div>\n\n<div class=\"container-md heading  \">\n<h4 class=\"wp-block-heading\">Programmering og konfigurasjon<\/h4>\n<\/div>\n\n<div class=\"container-md paragraph  \">\n<p>QuickPanel+ st\u00f8tter fem IEC-programmeringsspr\u00e5k: Relay Ladder, Sequential Function Chart, Structured Text, Instruction List og Function Block Diagram. Operat\u00f8rer kan velge flerspr\u00e5klig st\u00f8tte n\u00e5r systemet er online. Konfigurasjon er enkelt \u2013 en vanlig database reduserer utviklingstiden ved \u00e5 fjerne behovet for \u00e5 angi tagnavn p\u00e5 nytt. I tillegg tilbys et omfattende bibliotek med forh\u00e5ndskonfigurerte animasjonsobjekter.&nbsp;<\/p>\n<\/div>\n\n<div class=\"container-md image  \">\n<figure class=\"wp-block-image size-large\"><img loading=\"lazy\" decoding=\"async\" width=\"1000\" height=\"800\" src=\"https:\/\/www.novotek.com\/no\/wp-content\/uploads\/sites\/5\/Automasjon\/PLS_og_styresystemer\/QuickPanel+\/Emerson_QuickPanel_operatorview.png\" alt=\"Emerson QuickPanel+ operat\u00f8rvisning\" class=\"wp-image-2134\" srcset=\"https:\/\/www.novotek.com\/no\/wp-content\/uploads\/sites\/5\/Automasjon\/PLS_og_styresystemer\/QuickPanel+\/Emerson_QuickPanel_operatorview.png 1000w, https:\/\/www.novotek.com\/no\/wp-content\/uploads\/sites\/5\/Automasjon\/PLS_og_styresystemer\/QuickPanel+\/Emerson_QuickPanel_operatorview-300x240.png 300w, https:\/\/www.novotek.com\/no\/wp-content\/uploads\/sites\/5\/Automasjon\/PLS_og_styresystemer\/QuickPanel+\/Emerson_QuickPanel_operatorview-768x614.png 768w\" sizes=\"auto, (max-width: 1000px) 100vw, 1000px\" \/><\/figure>\n<\/div>\n\n<div class=\"container-md heading  \">\n<h4 class=\"wp-block-heading\">Funksjoner<\/h4>\n<\/div>\n\n<div class=\"container-md list  \">\n<ul class=\"has-background wp-block-list\" style=\"background-color:#f8f8f8\"><li>Alt-i-ett touchpanel for kontroll og visualisering: HMI, PLS, utganger til andre systemer og historian.<\/li><li>Funksjonalitet som en PC: Nettlesertilgang, mulig tilkobling til andre servere, innebygd peer-nettverk og FTP- og HTTP-servere.<\/li><li>Bibliotek med drivere forenkler integrasjonen med utstyr og systemer over hele anlegg og fabrikker.<\/li><li>Objektbasert programmeringsmilj\u00f8 og &laquo;plug-and-play&raquo;-interoperabilitet gj\u00f8r implementering raskt og enkelt.<\/li><li>Skjerm i 6&#8243;-15&#8243; med multitouch-funksjoner og kapasativ ytelse for bruk i industrielle milj\u00f8er.<\/li><li>St\u00f8tte for fem IEC-programmeringsspr\u00e5k: Relay Ladder, Sequential Function Chart, Structured Text, Instruction List og Function Block Diagram.<\/li><li>Enkel konfigurasjon og bibliotek med forh\u00e5ndskonfigurerte animasjonsobjekter.<\/li><li>Benytter Windows EC7-operativsysten.&nbsp;<\/li><\/ul>\n<\/div>\n\n<div class=\"container-md spacer  \">\n<div style=\"height:10px\" aria-hidden=\"true\" class=\"wp-block-spacer\"><\/div>\n<\/div>\n\n<div class=\"container-md heading  \">\n<h2 class=\"wp-block-heading\">Optimaliser produksjonen med en alt-i-ett l\u00f8sning<\/h2>\n<\/div>\n\n<div class=\"container-md paragraph  \">\n<p>QuickPanel+ er en del av Emerson Machine Automations Solutions. Med touchpanelet f\u00e5r du forenklet utvikling og vedlikehold, bedre produktivitet og h\u00f8yere kostnadseffektivitet, samtidig som alt-i-ett-l\u00f8sningen reduserer behovet for ulikt utstyr tilpasset forskjellige form\u00e5l.&nbsp;<\/p>\n<\/div>\n\n<div class=\"container-md paragraph  \">\n<p>QuickPanel+ kommer med et bredt utvalg av touchpaneler i ulike st\u00f8rrelser.&nbsp;<strong><a href=\"https:\/\/www.emerson.com\/no-no\/catalog\/automation\/control-safety-systems\/programmable-automation-control-systems-plc-pac\/human-machine-interfaces-hmi\/quickpanel?fetchFacets=true#facet:&amp;partsFacet:&amp;facetLimit:&amp;productBeginIndex:0&amp;partsBeginIndex:0&amp;orderBy:&amp;partsOrderBy:&amp;pageView:grid&amp;minPrice:&amp;maxPrice:&amp;pageSize:&amp;\" target=\"_blank\" rel=\"noreferrer noopener\">Se alle produktene hos Emerson her.<\/a><\/strong>&nbsp;V\u00e5re konsulenter hjelper deg med \u00e5 finne rett m\u00e5te \u00e5 implementere QuickPanel+ i din bedrift.&nbsp;<\/p>\n<\/div>\n\n<div class=\"container-md spacer  \">\n<div style=\"height:50px\" aria-hidden=\"true\" class=\"wp-block-spacer\"><\/div>\n<\/div>\n\n  <div class=\"slider-column-parent\">\n    <div class=\"container\">\n      <div class=\"slider-column-title\">Benytt QuickPanel+ med<\/div>\n\n      <div class=\"row\">\n        <div class=\"col-12 col-md-4\"><div class=\"column-box\">\n  \n      <div class=\"title\">\n      PACSystems    <\/div>\n  \n      <div class=\"text\">\n      <p>Et komplett styresystem for din bedrifts automasjons- og kontrollbehov.<\/p>\n    <\/div>\n  \n      <a class=\"link\"  href=\"https:\/\/www.novotek.com\/no\/automasjon\/pls-og-styresystemer\/pacsystems-2\/\" target=\"\">\n      Les mer    <\/a>\n  \n  <\/div>\n\n<\/div><div class=\"col-12 col-md-4\"><div class=\"column-box\">\n  \n      <div class=\"title\">\n      VersaMax    <\/div>\n  \n      <div class=\"text\">\n      <p>En innovativ PLS-serie som kombinerer ytelse, p\u00e5litelighet og fleksibilitet.<\/p>\n    <\/div>\n  \n      <a class=\"link\"  href=\"https:\/\/www.novotek.com\/no\/automasjon\/pls-og-styresystemer\/versamax-2\/\" target=\"\">\n      Les mer    <\/a>\n  \n  <\/div>\n\n<\/div><div class=\"col-12 col-md-4\"><div class=\"column-box\">\n  \n      <div class=\"title\">\n      Machine Edition    <\/div>\n  \n      <div class=\"text\">\n      <p>Et verkt\u00f8y for \u00e5 konfigurere PAC-systemer, PLSer og mer.<\/p>\n    <\/div>\n  \n      <a class=\"link\"  href=\"https:\/\/www.novotek.com\/no\/automasjon\/pls-og-styresystemer\/machine-edition\/\" target=\"\">\n      Les mer    <\/a>\n  \n  <\/div>\n\n<\/div>      <\/div>\n    <\/div>\n  <\/div>\n","protected":false},"excerpt":{"rendered":"<p>QuickPanel+ er en alt-i-ett l\u00f8sning for kontroll og visualisering. Touchpanelet kommer med grafisk operat\u00f8rgrensesnitt, PLS, utganger til andre systemer og mulighet til \u00e5 samle inn data fra en historian. Med QuickPanel+ f\u00e5r du rask og enkel tilgang til handlingsklare data og innsikter. QuickPanel+ leveres med et bibliotek av drivere, og kan kobles sammen med kontrollere [&hellip;]<\/p>\n","protected":false},"author":7,"featured_media":0,"parent":80,"menu_order":0,"comment_status":"closed","ping_status":"closed","template":"","meta":{"_acf_changed":false,"_relevanssi_hide_post":"","_relevanssi_pin_for_all":"","_relevanssi_pin_keywords":"","_relevanssi_unpin_keywords":"","_relevanssi_related_keywords":"","_relevanssi_related_include_ids":"","_relevanssi_related_exclude_ids":"","_relevanssi_related_no_append":"","_relevanssi_related_not_related":"","_relevanssi_related_posts":"1","_relevanssi_noindex_reason":"","footnotes":""},"class_list":["post-1032","page","type-page","status-publish","hentry"],"acf":[],"yoast_head":"<!-- This site is optimized with the Yoast SEO plugin v27.4 - https:\/\/yoast.com\/product\/yoast-seo-wordpress\/ -->\n<title>QuickPanel+ - Novotek Norge<\/title>\n<meta name=\"description\" content=\"QuickPanel+ fra Emerson er et kraftig, multifunksjonelt touchpanel med HMI, PLS, utganger til andre systemer og historian.\" \/>\n<meta name=\"robots\" content=\"index, follow, max-snippet:-1, max-image-preview:large, max-video-preview:-1\" \/>\n<link rel=\"canonical\" href=\"https:\/\/www.novotek.com\/no\/automasjon\/pls-og-styresystemer\/quickpanel\/\" \/>\n<meta property=\"og:locale\" content=\"nb_NO\" \/>\n<meta property=\"og:type\" content=\"article\" \/>\n<meta property=\"og:title\" content=\"QuickPanel+ - Novotek Norge\" \/>\n<meta property=\"og:description\" content=\"QuickPanel+ fra Emerson er et kraftig, multifunksjonelt touchpanel med HMI, PLS, utganger til andre systemer og historian.\" \/>\n<meta property=\"og:url\" content=\"https:\/\/www.novotek.com\/no\/automasjon\/pls-og-styresystemer\/quickpanel\/\" \/>\n<meta property=\"og:site_name\" content=\"Novotek Norge\" \/>\n<meta property=\"article:modified_time\" content=\"2022-06-03T09:32:41+00:00\" \/>\n<meta property=\"og:image\" content=\"https:\/\/www.novotek.com\/no\/wp-content\/uploads\/sites\/5\/Automasjon\/PLS_og_styresystemer\/QuickPanel+\/Emerson_QuickPanel.png\" \/>\n<meta name=\"twitter:card\" content=\"summary_large_image\" \/>\n<meta name=\"twitter:label1\" content=\"Ansl. lesetid\" \/>\n\t<meta name=\"twitter:data1\" content=\"3 minutter\" \/>\n<script type=\"application\/ld+json\" class=\"yoast-schema-graph\">{\"@context\":\"https:\\\/\\\/schema.org\",\"@graph\":[{\"@type\":\"WebPage\",\"@id\":\"https:\\\/\\\/www.novotek.com\\\/no\\\/automasjon\\\/pls-og-styresystemer\\\/quickpanel\\\/\",\"url\":\"https:\\\/\\\/www.novotek.com\\\/no\\\/automasjon\\\/pls-og-styresystemer\\\/quickpanel\\\/\",\"name\":\"QuickPanel+ - Novotek Norge\",\"isPartOf\":{\"@id\":\"https:\\\/\\\/www.novotek.com\\\/no\\\/#website\"},\"primaryImageOfPage\":{\"@id\":\"https:\\\/\\\/www.novotek.com\\\/no\\\/automasjon\\\/pls-og-styresystemer\\\/quickpanel\\\/#primaryimage\"},\"image\":{\"@id\":\"https:\\\/\\\/www.novotek.com\\\/no\\\/automasjon\\\/pls-og-styresystemer\\\/quickpanel\\\/#primaryimage\"},\"thumbnailUrl\":\"https:\\\/\\\/www.novotek.com\\\/no\\\/wp-content\\\/uploads\\\/sites\\\/5\\\/Automasjon\\\/PLS_og_styresystemer\\\/QuickPanel+\\\/Emerson_QuickPanel.png\",\"datePublished\":\"2021-06-08T13:22:53+00:00\",\"dateModified\":\"2022-06-03T09:32:41+00:00\",\"description\":\"QuickPanel+ fra Emerson er et kraftig, multifunksjonelt touchpanel med HMI, PLS, utganger til andre systemer og historian.\",\"breadcrumb\":{\"@id\":\"https:\\\/\\\/www.novotek.com\\\/no\\\/automasjon\\\/pls-og-styresystemer\\\/quickpanel\\\/#breadcrumb\"},\"inLanguage\":\"nb-NO\",\"potentialAction\":[{\"@type\":\"ReadAction\",\"target\":[\"https:\\\/\\\/www.novotek.com\\\/no\\\/automasjon\\\/pls-og-styresystemer\\\/quickpanel\\\/\"]}]},{\"@type\":\"ImageObject\",\"inLanguage\":\"nb-NO\",\"@id\":\"https:\\\/\\\/www.novotek.com\\\/no\\\/automasjon\\\/pls-og-styresystemer\\\/quickpanel\\\/#primaryimage\",\"url\":\"https:\\\/\\\/www.novotek.com\\\/no\\\/wp-content\\\/uploads\\\/sites\\\/5\\\/Automasjon\\\/PLS_og_styresystemer\\\/QuickPanel+\\\/Emerson_QuickPanel.png\",\"contentUrl\":\"https:\\\/\\\/www.novotek.com\\\/no\\\/wp-content\\\/uploads\\\/sites\\\/5\\\/Automasjon\\\/PLS_og_styresystemer\\\/QuickPanel+\\\/Emerson_QuickPanel.png\",\"width\":1000,\"height\":800,\"caption\":\"Emerson QuickPanel+ Operat\u00f8rvisning\"},{\"@type\":\"BreadcrumbList\",\"@id\":\"https:\\\/\\\/www.novotek.com\\\/no\\\/automasjon\\\/pls-og-styresystemer\\\/quickpanel\\\/#breadcrumb\",\"itemListElement\":[{\"@type\":\"ListItem\",\"position\":1,\"name\":\"Home\",\"item\":\"https:\\\/\\\/www.novotek.com\\\/no\\\/\"},{\"@type\":\"ListItem\",\"position\":2,\"name\":\"Automasjon\",\"item\":\"https:\\\/\\\/www.novotek.com\\\/no\\\/automasjon\\\/\"},{\"@type\":\"ListItem\",\"position\":3,\"name\":\"PLS og styresystemer\",\"item\":\"https:\\\/\\\/www.novotek.com\\\/no\\\/automasjon\\\/pls-og-styresystemer\\\/\"},{\"@type\":\"ListItem\",\"position\":4,\"name\":\"QuickPanel+\"}]},{\"@type\":\"WebSite\",\"@id\":\"https:\\\/\\\/www.novotek.com\\\/no\\\/#website\",\"url\":\"https:\\\/\\\/www.novotek.com\\\/no\\\/\",\"name\":\"Novotek Norge\",\"description\":\"Automasjon, digitalisering og Analytics\",\"publisher\":{\"@id\":\"https:\\\/\\\/www.novotek.com\\\/no\\\/#organization\"},\"potentialAction\":[{\"@type\":\"SearchAction\",\"target\":{\"@type\":\"EntryPoint\",\"urlTemplate\":\"https:\\\/\\\/www.novotek.com\\\/no\\\/?s={search_term_string}\"},\"query-input\":{\"@type\":\"PropertyValueSpecification\",\"valueRequired\":true,\"valueName\":\"search_term_string\"}}],\"inLanguage\":\"nb-NO\"},{\"@type\":\"Organization\",\"@id\":\"https:\\\/\\\/www.novotek.com\\\/no\\\/#organization\",\"name\":\"Novotek AS\",\"url\":\"https:\\\/\\\/www.novotek.com\\\/no\\\/\",\"logo\":{\"@type\":\"ImageObject\",\"inLanguage\":\"nb-NO\",\"@id\":\"https:\\\/\\\/www.novotek.com\\\/no\\\/#\\\/schema\\\/logo\\\/image\\\/\",\"url\":\"https:\\\/\\\/www.novotek.com\\\/no\\\/wp-content\\\/uploads\\\/sites\\\/5\\\/Forside\\\/Novotek_logo.png\",\"contentUrl\":\"https:\\\/\\\/www.novotek.com\\\/no\\\/wp-content\\\/uploads\\\/sites\\\/5\\\/Forside\\\/Novotek_logo.png\",\"width\":1200,\"height\":348,\"caption\":\"Novotek AS\"},\"image\":{\"@id\":\"https:\\\/\\\/www.novotek.com\\\/no\\\/#\\\/schema\\\/logo\\\/image\\\/\"},\"sameAs\":[\"https:\\\/\\\/www.linkedin.com\\\/company\\\/novotek-as\"]}]}<\/script>\n<!-- \/ Yoast SEO plugin. -->","yoast_head_json":{"title":"QuickPanel+ - Novotek Norge","description":"QuickPanel+ fra Emerson er et kraftig, multifunksjonelt touchpanel med HMI, PLS, utganger til andre systemer og historian.","robots":{"index":"index","follow":"follow","max-snippet":"max-snippet:-1","max-image-preview":"max-image-preview:large","max-video-preview":"max-video-preview:-1"},"canonical":"https:\/\/www.novotek.com\/no\/automasjon\/pls-og-styresystemer\/quickpanel\/","og_locale":"nb_NO","og_type":"article","og_title":"QuickPanel+ - Novotek Norge","og_description":"QuickPanel+ fra Emerson er et kraftig, multifunksjonelt touchpanel med HMI, PLS, utganger til andre systemer og historian.","og_url":"https:\/\/www.novotek.com\/no\/automasjon\/pls-og-styresystemer\/quickpanel\/","og_site_name":"Novotek Norge","article_modified_time":"2022-06-03T09:32:41+00:00","og_image":[{"url":"https:\/\/www.novotek.com\/no\/wp-content\/uploads\/sites\/5\/Automasjon\/PLS_og_styresystemer\/QuickPanel+\/Emerson_QuickPanel.png","type":"","width":"","height":""}],"twitter_card":"summary_large_image","twitter_misc":{"Ansl. lesetid":"3 minutter"},"schema":{"@context":"https:\/\/schema.org","@graph":[{"@type":"WebPage","@id":"https:\/\/www.novotek.com\/no\/automasjon\/pls-og-styresystemer\/quickpanel\/","url":"https:\/\/www.novotek.com\/no\/automasjon\/pls-og-styresystemer\/quickpanel\/","name":"QuickPanel+ - Novotek Norge","isPartOf":{"@id":"https:\/\/www.novotek.com\/no\/#website"},"primaryImageOfPage":{"@id":"https:\/\/www.novotek.com\/no\/automasjon\/pls-og-styresystemer\/quickpanel\/#primaryimage"},"image":{"@id":"https:\/\/www.novotek.com\/no\/automasjon\/pls-og-styresystemer\/quickpanel\/#primaryimage"},"thumbnailUrl":"https:\/\/www.novotek.com\/no\/wp-content\/uploads\/sites\/5\/Automasjon\/PLS_og_styresystemer\/QuickPanel+\/Emerson_QuickPanel.png","datePublished":"2021-06-08T13:22:53+00:00","dateModified":"2022-06-03T09:32:41+00:00","description":"QuickPanel+ fra Emerson er et kraftig, multifunksjonelt touchpanel med HMI, PLS, utganger til andre systemer og historian.","breadcrumb":{"@id":"https:\/\/www.novotek.com\/no\/automasjon\/pls-og-styresystemer\/quickpanel\/#breadcrumb"},"inLanguage":"nb-NO","potentialAction":[{"@type":"ReadAction","target":["https:\/\/www.novotek.com\/no\/automasjon\/pls-og-styresystemer\/quickpanel\/"]}]},{"@type":"ImageObject","inLanguage":"nb-NO","@id":"https:\/\/www.novotek.com\/no\/automasjon\/pls-og-styresystemer\/quickpanel\/#primaryimage","url":"https:\/\/www.novotek.com\/no\/wp-content\/uploads\/sites\/5\/Automasjon\/PLS_og_styresystemer\/QuickPanel+\/Emerson_QuickPanel.png","contentUrl":"https:\/\/www.novotek.com\/no\/wp-content\/uploads\/sites\/5\/Automasjon\/PLS_og_styresystemer\/QuickPanel+\/Emerson_QuickPanel.png","width":1000,"height":800,"caption":"Emerson QuickPanel+ Operat\u00f8rvisning"},{"@type":"BreadcrumbList","@id":"https:\/\/www.novotek.com\/no\/automasjon\/pls-og-styresystemer\/quickpanel\/#breadcrumb","itemListElement":[{"@type":"ListItem","position":1,"name":"Home","item":"https:\/\/www.novotek.com\/no\/"},{"@type":"ListItem","position":2,"name":"Automasjon","item":"https:\/\/www.novotek.com\/no\/automasjon\/"},{"@type":"ListItem","position":3,"name":"PLS og styresystemer","item":"https:\/\/www.novotek.com\/no\/automasjon\/pls-og-styresystemer\/"},{"@type":"ListItem","position":4,"name":"QuickPanel+"}]},{"@type":"WebSite","@id":"https:\/\/www.novotek.com\/no\/#website","url":"https:\/\/www.novotek.com\/no\/","name":"Novotek Norge","description":"Automasjon, digitalisering og Analytics","publisher":{"@id":"https:\/\/www.novotek.com\/no\/#organization"},"potentialAction":[{"@type":"SearchAction","target":{"@type":"EntryPoint","urlTemplate":"https:\/\/www.novotek.com\/no\/?s={search_term_string}"},"query-input":{"@type":"PropertyValueSpecification","valueRequired":true,"valueName":"search_term_string"}}],"inLanguage":"nb-NO"},{"@type":"Organization","@id":"https:\/\/www.novotek.com\/no\/#organization","name":"Novotek AS","url":"https:\/\/www.novotek.com\/no\/","logo":{"@type":"ImageObject","inLanguage":"nb-NO","@id":"https:\/\/www.novotek.com\/no\/#\/schema\/logo\/image\/","url":"https:\/\/www.novotek.com\/no\/wp-content\/uploads\/sites\/5\/Forside\/Novotek_logo.png","contentUrl":"https:\/\/www.novotek.com\/no\/wp-content\/uploads\/sites\/5\/Forside\/Novotek_logo.png","width":1200,"height":348,"caption":"Novotek AS"},"image":{"@id":"https:\/\/www.novotek.com\/no\/#\/schema\/logo\/image\/"},"sameAs":["https:\/\/www.linkedin.com\/company\/novotek-as"]}]}},"_links":{"self":[{"href":"https:\/\/www.novotek.com\/no\/wp-json\/wp\/v2\/pages\/1032","targetHints":{"allow":["GET"]}}],"collection":[{"href":"https:\/\/www.novotek.com\/no\/wp-json\/wp\/v2\/pages"}],"about":[{"href":"https:\/\/www.novotek.com\/no\/wp-json\/wp\/v2\/types\/page"}],"author":[{"embeddable":true,"href":"https:\/\/www.novotek.com\/no\/wp-json\/wp\/v2\/users\/7"}],"replies":[{"embeddable":true,"href":"https:\/\/www.novotek.com\/no\/wp-json\/wp\/v2\/comments?post=1032"}],"version-history":[{"count":19,"href":"https:\/\/www.novotek.com\/no\/wp-json\/wp\/v2\/pages\/1032\/revisions"}],"predecessor-version":[{"id":7410,"href":"https:\/\/www.novotek.com\/no\/wp-json\/wp\/v2\/pages\/1032\/revisions\/7410"}],"up":[{"embeddable":true,"href":"https:\/\/www.novotek.com\/no\/wp-json\/wp\/v2\/pages\/80"}],"wp:attachment":[{"href":"https:\/\/www.novotek.com\/no\/wp-json\/wp\/v2\/media?parent=1032"}],"curies":[{"name":"wp","href":"https:\/\/api.w.org\/{rel}","templated":true}]}}