{"id":126,"date":"2021-05-11T08:22:50","date_gmt":"2021-05-11T08:22:50","guid":{"rendered":"https:\/\/www.novotek.com\/no\/?page_id=126"},"modified":"2025-08-29T13:26:50","modified_gmt":"2025-08-29T13:26:50","slug":"naeringsmiddel","status":"publish","type":"page","link":"https:\/\/www.novotek.com\/no\/bransjer\/naeringsmiddel\/","title":{"rendered":"N\u00e6ringsmiddel"},"content":{"rendered":"  <div class=\"hero\">\n    <div class=\"carousel hero-slider small\" data-flickity data-flickity-options='{\"prevNextButtons\": false}'>\n              <div class=\"carousel-cell\">\n          <div class=\"container\">\n            <div class=\"hero-content\">\n                              <h1>N\u00e6ringsmiddel<\/h1>\n<p>Mat- og drikkeproduksjon reguleres av myndighetskrav til matsikkerhet. Dette krever full sporbarhet. Novotek har v\u00e6rt tett involvert i prosessen med \u00e5 tolke og implementere disse kravene i flere selskaper. I tillegg til sporbarhet, implementerer vi l\u00f8sninger til n\u00e6ringsmiddelindustrien som \u00f8ker tilgjengelighet, anleggsutnyttelse og kvalitet, som OEE-l\u00f8sninger. Vi leverer ogs\u00e5 sanntidsrapportering og HMI\/SCADA-l\u00f8sninger tilpasset n\u00e6ringsmiddelindustrien.<\/p>\n<p>Vi har sporbarhet- og oppf\u00f8lgingsl\u00f8sninger basert p\u00e5 standard programvare, i tr\u00e5d med v\u00e5re prinsipper om \u00e5 levere \u00e5pne l\u00f8sninger.<\/p>\n              \n                          <\/div>\n          <\/div>\n\n          <img decoding=\"async\" width=\"1024\" height=\"427\" src=\"https:\/\/www.novotek.com\/no\/wp-content\/uploads\/sites\/5\/Bransjer\/N\u00e6ringsmiddel\/header_FnB_NEW-1024x427.jpg\" class=\"hero-bg\" alt=\"Hero Img\" fetchpriority=\"high\" srcset=\"https:\/\/www.novotek.com\/no\/wp-content\/uploads\/sites\/5\/Bransjer\/N\u00e6ringsmiddel\/header_FnB_NEW-1024x427.jpg 1024w, https:\/\/www.novotek.com\/no\/wp-content\/uploads\/sites\/5\/Bransjer\/N\u00e6ringsmiddel\/header_FnB_NEW-300x125.jpg 300w, https:\/\/www.novotek.com\/no\/wp-content\/uploads\/sites\/5\/Bransjer\/N\u00e6ringsmiddel\/header_FnB_NEW-768x320.jpg 768w, https:\/\/www.novotek.com\/no\/wp-content\/uploads\/sites\/5\/Bransjer\/N\u00e6ringsmiddel\/header_FnB_NEW-1536x640.jpg 1536w, https:\/\/www.novotek.com\/no\/wp-content\/uploads\/sites\/5\/Bransjer\/N\u00e6ringsmiddel\/header_FnB_NEW.jpg 1920w\" sizes=\"(max-width: 1024px) 100vw, 1024px\" \/>                  <\/div>\n          <\/div>\n\n      <\/div>\n\n   <div class=\"floating-breadcrumb\"><div class=\"container\"><span><span><a href=\"https:\/\/www.novotek.com\/no\/\" class=\"breadcrumb-frontpage\">Home<\/a><\/span><\/span><\/div><\/div>\n\n\n<div class=\"container media-text  align\">\n<div class=\"wp-block-media-text is-stacked-on-mobile\"><figure class=\"wp-block-media-text__media\"><img loading=\"lazy\" decoding=\"async\" width=\"500\" height=\"500\" src=\"https:\/\/www.novotek.com\/no\/wp-content\/uploads\/sites\/5\/Bransjer\/N\u00e6ringsmiddel\/Novotek_naeringsmiddel_cocacola.png\" alt=\"Coca-cola flasker\" class=\"wp-image-1467 size-full\" srcset=\"https:\/\/www.novotek.com\/no\/wp-content\/uploads\/sites\/5\/Bransjer\/N\u00e6ringsmiddel\/Novotek_naeringsmiddel_cocacola.png 500w, https:\/\/www.novotek.com\/no\/wp-content\/uploads\/sites\/5\/Bransjer\/N\u00e6ringsmiddel\/Novotek_naeringsmiddel_cocacola-300x300.png 300w, https:\/\/www.novotek.com\/no\/wp-content\/uploads\/sites\/5\/Bransjer\/N\u00e6ringsmiddel\/Novotek_naeringsmiddel_cocacola-150x150.png 150w\" sizes=\"auto, (max-width: 500px) 100vw, 500px\" \/><\/figure><div class=\"wp-block-media-text__content\"><div class=\"container-md heading  \">\n<h5 class=\"wp-block-heading\" id=\"h-referanse\">Referanse<\/h5>\n<\/div>\n\n<div class=\"container-md heading  \">\n<h2 class=\"wp-block-heading\" id=\"h-coca-cola-sverige-ab\">Coca Cola Sverige AB<\/h2>\n<\/div>\n\n<div class=\"container-md paragraph  \">\n<p>Coca-Cola Sverige har valgt Proficy Smart Factory, et MES-system som brukes til \u00e5 \u00f8ke effektiviteten, kvaliteten og sikkerheten i produksjonen. Proficy Smart Factory er en investering i et fremtidssikkert og brukervennlig system.&nbsp;<\/p>\n<\/div>\n\n<div class=\"container-md buttons  \">\n<div class=\"wp-block-buttons is-layout-flex wp-block-buttons-is-layout-flex\"><div class=\"container-md button  \">\n<div class=\"wp-block-button\"><a class=\"wp-block-button__link has-background wp-element-button\" href=\"https:\/\/www.novotek.com\/no\/bransjer\/naeringsmiddel\/kundehistorie-coca-cola-european-partner-sverige-ab\/\" style=\"background-color:#ed1c24\">Les mer<\/a><\/div>\n<\/div><\/div>\n<\/div><\/div><\/div>\n<\/div>\n\n  <div class=\"hero\">\n    <div class=\"carousel hero-slider small\" data-flickity data-flickity-options='{\"prevNextButtons\": false}'>\n              <div class=\"carousel-cell\">\n          <div class=\"container\">\n            <div class=\"hero-content\">\n                              <h5>Referanse<\/h5>\n<h2>InBev<\/h2>\n<p>InBev har installert operat\u00f8rsystemet Proficy iFIX for \u00e5 overv\u00e5ke og kontrollere essensielle parametere i produksjonsprosessen. De bruker ogs\u00e5 Proficy Historian til \u00e5 analysere produksjonskostnader og lagre de viktigste prosessparametrene for energiforbruket.<\/p>\n              \n                              <a class=\"btn btn-primary\" href=\"https:\/\/www.novotek.com\/no\/bransjer\/naeringsmiddel\/kundehistorie-inbev\/\">\n                  Les mer                <\/a>\n                          <\/div>\n          <\/div>\n\n          <img decoding=\"async\" width=\"1024\" height=\"427\" src=\"https:\/\/www.novotek.com\/no\/wp-content\/uploads\/sites\/5\/Bransjer\/N\u00e6ringsmiddel\/Novotek_naeringsmiddel_palsgaard_1920x800-1024x427.jpg\" class=\"hero-bg\" alt=\"Hero Img\" fetchpriority=\"high\" srcset=\"https:\/\/www.novotek.com\/no\/wp-content\/uploads\/sites\/5\/Bransjer\/N\u00e6ringsmiddel\/Novotek_naeringsmiddel_palsgaard_1920x800-1024x427.jpg 1024w, https:\/\/www.novotek.com\/no\/wp-content\/uploads\/sites\/5\/Bransjer\/N\u00e6ringsmiddel\/Novotek_naeringsmiddel_palsgaard_1920x800-300x125.jpg 300w, https:\/\/www.novotek.com\/no\/wp-content\/uploads\/sites\/5\/Bransjer\/N\u00e6ringsmiddel\/Novotek_naeringsmiddel_palsgaard_1920x800-768x320.jpg 768w, https:\/\/www.novotek.com\/no\/wp-content\/uploads\/sites\/5\/Bransjer\/N\u00e6ringsmiddel\/Novotek_naeringsmiddel_palsgaard_1920x800-1536x640.jpg 1536w, https:\/\/www.novotek.com\/no\/wp-content\/uploads\/sites\/5\/Bransjer\/N\u00e6ringsmiddel\/Novotek_naeringsmiddel_palsgaard_1920x800.jpg 1920w\" sizes=\"(max-width: 1024px) 100vw, 1024px\" \/>                  <\/div>\n          <\/div>\n\n      <\/div>\n\n   \n\n\n<div class=\"container media-text  align\">\n<div class=\"wp-block-media-text is-stacked-on-mobile\"><figure class=\"wp-block-media-text__media\"><img loading=\"lazy\" decoding=\"async\" width=\"600\" height=\"600\" src=\"https:\/\/www.novotek.com\/no\/wp-content\/uploads\/sites\/5\/Bransjer\/N\u00e6ringsmiddel\/Novotek_naeringsmiddel_palsgaard.jpg\" alt=\"Novotek Palsgaard\" class=\"wp-image-8010 size-full\" srcset=\"https:\/\/www.novotek.com\/no\/wp-content\/uploads\/sites\/5\/Bransjer\/N\u00e6ringsmiddel\/Novotek_naeringsmiddel_palsgaard.jpg 600w, https:\/\/www.novotek.com\/no\/wp-content\/uploads\/sites\/5\/Bransjer\/N\u00e6ringsmiddel\/Novotek_naeringsmiddel_palsgaard-300x300.jpg 300w, https:\/\/www.novotek.com\/no\/wp-content\/uploads\/sites\/5\/Bransjer\/N\u00e6ringsmiddel\/Novotek_naeringsmiddel_palsgaard-150x150.jpg 150w\" sizes=\"auto, (max-width: 600px) 100vw, 600px\" \/><\/figure><div class=\"wp-block-media-text__content\"><div class=\"container-md heading  \">\n<h5 class=\"wp-block-heading\" id=\"h-referanse-1\">Referanse<\/h5>\n<\/div>\n\n<div class=\"container-md heading  \">\n<h2 class=\"wp-block-heading\" id=\"h-palsgaard-a-s\">Palsgaard A\/S<\/h2>\n<\/div>\n\n<div class=\"container-md paragraph  \">\n<p>Palsgaard har implementert planleggingsverkt\u00f8yet Proficy Scheduler \/ ROB-EX for \u00e5 optimere produksjonen. Et arbeidsverkt\u00f8y som har gitt dem bedre oversikt over produksjonsprosessene.&nbsp;<\/p>\n<\/div>\n\n<div class=\"container-md buttons  \">\n<div class=\"wp-block-buttons is-layout-flex wp-block-buttons-is-layout-flex\"><div class=\"container-md button  \">\n<div class=\"wp-block-button\"><a class=\"wp-block-button__link has-background wp-element-button\" href=\"https:\/\/www.novotek.com\/no\/bransjer\/naeringsmiddel\/kundehistoria-palsgaard-a-s\/\" style=\"background-color:#ed1c24\">Les mer<\/a><\/div>\n<\/div><\/div>\n<\/div><\/div><\/div>\n<\/div>","protected":false},"excerpt":{"rendered":"<p>Mat- og drikkeproduksjon reguleres av myndighetskrav til matsikkerhet. Vi leverer l\u00f8sninger som sikrer full oversikt, sporbarhet og rapportering, n\u00f8ye tilpasset n\u00e6ringsmiddelindustrien.<\/p>\n","protected":false},"author":7,"featured_media":0,"parent":3685,"menu_order":0,"comment_status":"closed","ping_status":"closed","template":"","meta":{"_acf_changed":false,"_relevanssi_hide_post":"","_relevanssi_pin_for_all":"","_relevanssi_pin_keywords":"","_relevanssi_unpin_keywords":"","_relevanssi_related_keywords":"","_relevanssi_related_include_ids":"","_relevanssi_related_exclude_ids":"","_relevanssi_related_no_append":"","_relevanssi_related_not_related":"","_relevanssi_related_posts":"1","_relevanssi_noindex_reason":"","footnotes":""},"class_list":["post-126","page","type-page","status-publish","hentry"],"acf":[],"yoast_head":"<!-- This site is optimized with the Yoast SEO plugin v27.4 - https:\/\/yoast.com\/product\/yoast-seo-wordpress\/ -->\n<title>N\u00e6ringsmiddel - Novotek Norge<\/title>\n<meta name=\"description\" content=\"Mat- og drikkeproduksjon reguleres av myndighetskrav til matsikkerhet. Novotek leverer et bredt utvalg l\u00f8sninger tilpasset n\u00e6ringsmiddel.\" \/>\n<meta name=\"robots\" content=\"index, follow, max-snippet:-1, max-image-preview:large, max-video-preview:-1\" \/>\n<link rel=\"canonical\" href=\"https:\/\/www.novotek.com\/no\/bransjer\/naeringsmiddel\/\" \/>\n<meta property=\"og:locale\" content=\"nb_NO\" \/>\n<meta property=\"og:type\" content=\"article\" \/>\n<meta property=\"og:title\" content=\"N\u00e6ringsmiddel - Novotek Norge\" \/>\n<meta property=\"og:description\" content=\"Mat- og drikkeproduksjon reguleres av myndighetskrav til matsikkerhet. Novotek leverer et bredt utvalg l\u00f8sninger tilpasset n\u00e6ringsmiddel.\" \/>\n<meta property=\"og:url\" content=\"https:\/\/www.novotek.com\/no\/bransjer\/naeringsmiddel\/\" \/>\n<meta property=\"og:site_name\" content=\"Novotek Norge\" \/>\n<meta property=\"article:modified_time\" content=\"2025-08-29T13:26:50+00:00\" \/>\n<meta name=\"twitter:card\" content=\"summary_large_image\" \/>\n<meta name=\"twitter:label1\" content=\"Ansl. lesetid\" \/>\n\t<meta name=\"twitter:data1\" content=\"1 minutt\" \/>\n<script type=\"application\/ld+json\" class=\"yoast-schema-graph\">{\"@context\":\"https:\\\/\\\/schema.org\",\"@graph\":[{\"@type\":\"WebPage\",\"@id\":\"https:\\\/\\\/www.novotek.com\\\/no\\\/bransjer\\\/naeringsmiddel\\\/\",\"url\":\"https:\\\/\\\/www.novotek.com\\\/no\\\/bransjer\\\/naeringsmiddel\\\/\",\"name\":\"N\u00e6ringsmiddel - Novotek Norge\",\"isPartOf\":{\"@id\":\"https:\\\/\\\/www.novotek.com\\\/no\\\/#website\"},\"datePublished\":\"2021-05-11T08:22:50+00:00\",\"dateModified\":\"2025-08-29T13:26:50+00:00\",\"description\":\"Mat- og drikkeproduksjon reguleres av myndighetskrav til matsikkerhet. Novotek leverer et bredt utvalg l\u00f8sninger tilpasset n\u00e6ringsmiddel.\",\"breadcrumb\":{\"@id\":\"https:\\\/\\\/www.novotek.com\\\/no\\\/bransjer\\\/naeringsmiddel\\\/#breadcrumb\"},\"inLanguage\":\"nb-NO\",\"potentialAction\":[{\"@type\":\"ReadAction\",\"target\":[\"https:\\\/\\\/www.novotek.com\\\/no\\\/bransjer\\\/naeringsmiddel\\\/\"]}]},{\"@type\":\"BreadcrumbList\",\"@id\":\"https:\\\/\\\/www.novotek.com\\\/no\\\/bransjer\\\/naeringsmiddel\\\/#breadcrumb\",\"itemListElement\":[{\"@type\":\"ListItem\",\"position\":1,\"name\":\"Home\",\"item\":\"https:\\\/\\\/www.novotek.com\\\/no\\\/\"},{\"@type\":\"ListItem\",\"position\":2,\"name\":\"Bransjer\",\"item\":\"https:\\\/\\\/www.novotek.com\\\/no\\\/bransjer\\\/\"},{\"@type\":\"ListItem\",\"position\":3,\"name\":\"N\u00e6ringsmiddel\"}]},{\"@type\":\"WebSite\",\"@id\":\"https:\\\/\\\/www.novotek.com\\\/no\\\/#website\",\"url\":\"https:\\\/\\\/www.novotek.com\\\/no\\\/\",\"name\":\"Novotek Norge\",\"description\":\"Automasjon, digitalisering og Analytics\",\"publisher\":{\"@id\":\"https:\\\/\\\/www.novotek.com\\\/no\\\/#organization\"},\"potentialAction\":[{\"@type\":\"SearchAction\",\"target\":{\"@type\":\"EntryPoint\",\"urlTemplate\":\"https:\\\/\\\/www.novotek.com\\\/no\\\/?s={search_term_string}\"},\"query-input\":{\"@type\":\"PropertyValueSpecification\",\"valueRequired\":true,\"valueName\":\"search_term_string\"}}],\"inLanguage\":\"nb-NO\"},{\"@type\":\"Organization\",\"@id\":\"https:\\\/\\\/www.novotek.com\\\/no\\\/#organization\",\"name\":\"Novotek AS\",\"url\":\"https:\\\/\\\/www.novotek.com\\\/no\\\/\",\"logo\":{\"@type\":\"ImageObject\",\"inLanguage\":\"nb-NO\",\"@id\":\"https:\\\/\\\/www.novotek.com\\\/no\\\/#\\\/schema\\\/logo\\\/image\\\/\",\"url\":\"https:\\\/\\\/www.novotek.com\\\/no\\\/wp-content\\\/uploads\\\/sites\\\/5\\\/Forside\\\/Novotek_logo.png\",\"contentUrl\":\"https:\\\/\\\/www.novotek.com\\\/no\\\/wp-content\\\/uploads\\\/sites\\\/5\\\/Forside\\\/Novotek_logo.png\",\"width\":1200,\"height\":348,\"caption\":\"Novotek AS\"},\"image\":{\"@id\":\"https:\\\/\\\/www.novotek.com\\\/no\\\/#\\\/schema\\\/logo\\\/image\\\/\"},\"sameAs\":[\"https:\\\/\\\/www.linkedin.com\\\/company\\\/novotek-as\"]}]}<\/script>\n<!-- \/ Yoast SEO plugin. -->","yoast_head_json":{"title":"N\u00e6ringsmiddel - Novotek Norge","description":"Mat- og drikkeproduksjon reguleres av myndighetskrav til matsikkerhet. Novotek leverer et bredt utvalg l\u00f8sninger tilpasset n\u00e6ringsmiddel.","robots":{"index":"index","follow":"follow","max-snippet":"max-snippet:-1","max-image-preview":"max-image-preview:large","max-video-preview":"max-video-preview:-1"},"canonical":"https:\/\/www.novotek.com\/no\/bransjer\/naeringsmiddel\/","og_locale":"nb_NO","og_type":"article","og_title":"N\u00e6ringsmiddel - Novotek Norge","og_description":"Mat- og drikkeproduksjon reguleres av myndighetskrav til matsikkerhet. Novotek leverer et bredt utvalg l\u00f8sninger tilpasset n\u00e6ringsmiddel.","og_url":"https:\/\/www.novotek.com\/no\/bransjer\/naeringsmiddel\/","og_site_name":"Novotek Norge","article_modified_time":"2025-08-29T13:26:50+00:00","twitter_card":"summary_large_image","twitter_misc":{"Ansl. lesetid":"1 minutt"},"schema":{"@context":"https:\/\/schema.org","@graph":[{"@type":"WebPage","@id":"https:\/\/www.novotek.com\/no\/bransjer\/naeringsmiddel\/","url":"https:\/\/www.novotek.com\/no\/bransjer\/naeringsmiddel\/","name":"N\u00e6ringsmiddel - Novotek Norge","isPartOf":{"@id":"https:\/\/www.novotek.com\/no\/#website"},"datePublished":"2021-05-11T08:22:50+00:00","dateModified":"2025-08-29T13:26:50+00:00","description":"Mat- og drikkeproduksjon reguleres av myndighetskrav til matsikkerhet. Novotek leverer et bredt utvalg l\u00f8sninger tilpasset n\u00e6ringsmiddel.","breadcrumb":{"@id":"https:\/\/www.novotek.com\/no\/bransjer\/naeringsmiddel\/#breadcrumb"},"inLanguage":"nb-NO","potentialAction":[{"@type":"ReadAction","target":["https:\/\/www.novotek.com\/no\/bransjer\/naeringsmiddel\/"]}]},{"@type":"BreadcrumbList","@id":"https:\/\/www.novotek.com\/no\/bransjer\/naeringsmiddel\/#breadcrumb","itemListElement":[{"@type":"ListItem","position":1,"name":"Home","item":"https:\/\/www.novotek.com\/no\/"},{"@type":"ListItem","position":2,"name":"Bransjer","item":"https:\/\/www.novotek.com\/no\/bransjer\/"},{"@type":"ListItem","position":3,"name":"N\u00e6ringsmiddel"}]},{"@type":"WebSite","@id":"https:\/\/www.novotek.com\/no\/#website","url":"https:\/\/www.novotek.com\/no\/","name":"Novotek Norge","description":"Automasjon, digitalisering og Analytics","publisher":{"@id":"https:\/\/www.novotek.com\/no\/#organization"},"potentialAction":[{"@type":"SearchAction","target":{"@type":"EntryPoint","urlTemplate":"https:\/\/www.novotek.com\/no\/?s={search_term_string}"},"query-input":{"@type":"PropertyValueSpecification","valueRequired":true,"valueName":"search_term_string"}}],"inLanguage":"nb-NO"},{"@type":"Organization","@id":"https:\/\/www.novotek.com\/no\/#organization","name":"Novotek AS","url":"https:\/\/www.novotek.com\/no\/","logo":{"@type":"ImageObject","inLanguage":"nb-NO","@id":"https:\/\/www.novotek.com\/no\/#\/schema\/logo\/image\/","url":"https:\/\/www.novotek.com\/no\/wp-content\/uploads\/sites\/5\/Forside\/Novotek_logo.png","contentUrl":"https:\/\/www.novotek.com\/no\/wp-content\/uploads\/sites\/5\/Forside\/Novotek_logo.png","width":1200,"height":348,"caption":"Novotek AS"},"image":{"@id":"https:\/\/www.novotek.com\/no\/#\/schema\/logo\/image\/"},"sameAs":["https:\/\/www.linkedin.com\/company\/novotek-as"]}]}},"_links":{"self":[{"href":"https:\/\/www.novotek.com\/no\/wp-json\/wp\/v2\/pages\/126","targetHints":{"allow":["GET"]}}],"collection":[{"href":"https:\/\/www.novotek.com\/no\/wp-json\/wp\/v2\/pages"}],"about":[{"href":"https:\/\/www.novotek.com\/no\/wp-json\/wp\/v2\/types\/page"}],"author":[{"embeddable":true,"href":"https:\/\/www.novotek.com\/no\/wp-json\/wp\/v2\/users\/7"}],"replies":[{"embeddable":true,"href":"https:\/\/www.novotek.com\/no\/wp-json\/wp\/v2\/comments?post=126"}],"version-history":[{"count":40,"href":"https:\/\/www.novotek.com\/no\/wp-json\/wp\/v2\/pages\/126\/revisions"}],"predecessor-version":[{"id":16629,"href":"https:\/\/www.novotek.com\/no\/wp-json\/wp\/v2\/pages\/126\/revisions\/16629"}],"up":[{"embeddable":true,"href":"https:\/\/www.novotek.com\/no\/wp-json\/wp\/v2\/pages\/3685"}],"wp:attachment":[{"href":"https:\/\/www.novotek.com\/no\/wp-json\/wp\/v2\/media?parent=126"}],"curies":[{"name":"wp","href":"https:\/\/api.w.org\/{rel}","templated":true}]}}