{"id":132,"date":"2021-05-11T08:29:42","date_gmt":"2021-05-11T08:29:42","guid":{"rendered":"https:\/\/www.novotek.com\/no\/?page_id=132"},"modified":"2025-11-25T09:39:13","modified_gmt":"2025-11-25T09:39:13","slug":"proficy-cimplicity","status":"publish","type":"page","link":"https:\/\/www.novotek.com\/no\/automasjon\/scada\/proficy-cimplicity\/","title":{"rendered":"CIMPLICITY"},"content":{"rendered":"  <div class=\"hero\">\n    <div class=\"carousel hero-slider small\" data-flickity data-flickity-options='{\"prevNextButtons\": false}'>\n              <div class=\"carousel-cell\">\n          <div class=\"container\">\n            <div class=\"hero-content\">\n                              <h1>CIMPLICITY<\/h1>\n<p>Styr produksjonen med en av markedets ledende HMI\/SCADA-l\u00f8sninger for stykkproduksjon.<\/p>\n              \n                          <\/div>\n          <\/div>\n\n          <img decoding=\"async\" width=\"1024\" height=\"427\" src=\"https:\/\/www.novotek.com\/no\/wp-content\/uploads\/sites\/5\/Automasjon\/HMI_SCADA\/Proficy_Cimplicity\/Novotek_Cimplicity_duotone_1920x800-1024x427.jpg\" class=\"hero-bg\" alt=\"Hero Img\" fetchpriority=\"high\" srcset=\"https:\/\/www.novotek.com\/no\/wp-content\/uploads\/sites\/5\/Automasjon\/HMI_SCADA\/Proficy_Cimplicity\/Novotek_Cimplicity_duotone_1920x800-1024x427.jpg 1024w, https:\/\/www.novotek.com\/no\/wp-content\/uploads\/sites\/5\/Automasjon\/HMI_SCADA\/Proficy_Cimplicity\/Novotek_Cimplicity_duotone_1920x800-300x125.jpg 300w, https:\/\/www.novotek.com\/no\/wp-content\/uploads\/sites\/5\/Automasjon\/HMI_SCADA\/Proficy_Cimplicity\/Novotek_Cimplicity_duotone_1920x800-768x320.jpg 768w, https:\/\/www.novotek.com\/no\/wp-content\/uploads\/sites\/5\/Automasjon\/HMI_SCADA\/Proficy_Cimplicity\/Novotek_Cimplicity_duotone_1920x800-1536x640.jpg 1536w, https:\/\/www.novotek.com\/no\/wp-content\/uploads\/sites\/5\/Automasjon\/HMI_SCADA\/Proficy_Cimplicity\/Novotek_Cimplicity_duotone_1920x800.jpg 1920w\" sizes=\"(max-width: 1024px) 100vw, 1024px\" \/>                  <\/div>\n          <\/div>\n\n      <\/div>\n\n   <div class=\"floating-breadcrumb\"><div class=\"container\"><span><span><a href=\"https:\/\/www.novotek.com\/no\/\" class=\"breadcrumb-frontpage\">Home<\/a><\/span><\/span><\/div><\/div>\n\n\n<div class=\"container-md paragraph  \">\n<p>Proficy CIMPLICITY fra GE Vernova er en kraftig klient\/server-basert <strong><a href=\"https:\/\/www.novotek.com\/no\/automasjon\/scada\/\">SCADA-l\u00f8sning<\/a><\/strong>, ideell for stykkproduserende produksjonsmilj\u00f8er. Basert p\u00e5 flere ti\u00e5r med research og utvikling av GE Vernova, er Proficy CIMPLICITY en av de eldste og ledende l\u00f8sningene p\u00e5 markedet innen automasjon. L\u00f8sningen er spesielt funksjonell for bransjer som bilindustri, luftfart, maskineri, elektronikk og CNC.&nbsp;<\/p>\n<\/div>\n\n<div class=\"container media-text  align\">\n<div class=\"wp-block-media-text is-stacked-on-mobile\"><figure class=\"wp-block-media-text__media\"><img loading=\"lazy\" decoding=\"async\" width=\"600\" height=\"429\" src=\"https:\/\/www.novotek.com\/no\/wp-content\/uploads\/sites\/5\/Automasjon\/HMI_SCADA\/Proficy_Cimplicity\/GEVernova_Cimplicity_600x429-1.png\" alt=\"Proficy CIMPLICITY\" class=\"wp-image-17286 size-full\" srcset=\"https:\/\/www.novotek.com\/no\/wp-content\/uploads\/sites\/5\/Automasjon\/HMI_SCADA\/Proficy_Cimplicity\/GEVernova_Cimplicity_600x429-1.png 600w, https:\/\/www.novotek.com\/no\/wp-content\/uploads\/sites\/5\/Automasjon\/HMI_SCADA\/Proficy_Cimplicity\/GEVernova_Cimplicity_600x429-1-300x215.png 300w, https:\/\/www.novotek.com\/no\/wp-content\/uploads\/sites\/5\/Automasjon\/HMI_SCADA\/Proficy_Cimplicity\/GEVernova_Cimplicity_600x429-1-86x61.png 86w, https:\/\/www.novotek.com\/no\/wp-content\/uploads\/sites\/5\/Automasjon\/HMI_SCADA\/Proficy_Cimplicity\/GEVernova_Cimplicity_600x429-1-306x219.png 306w\" sizes=\"auto, (max-width: 600px) 100vw, 600px\" \/><\/figure><div class=\"wp-block-media-text__content\"><div class=\"container-md heading  \">\n<h2 class=\"wp-block-heading\" id=\"h-fa-presis-styring-med-proficy-cimplicity\">F\u00e5 presis styring med Proficy CIMPLICITY<\/h2>\n<\/div>\n\n<div class=\"container-md paragraph  \">\n<p>Gi operat\u00f8rer og driftsingeni\u00f8rer mulighet til presis styring og overv\u00e5kning av alle sider ved produksjonen. Resultatet er blant annet raskere respons p\u00e5 driftsproblemer, reduserte vrak og kostnader, forbedret kvalitet, raskere \u00abtime-to-market\u00bb og \u00f8kt l\u00f8nnsomhet.<\/p>\n<\/div>\n\n<div class=\"container-md paragraph  \">\n<p>Med et gjennomtenkt, moderne brukergrensesnitt blir operat\u00f8rens daglige arbeid tilrettelagt, samtidig som risikoen for feil beslutninger reduseres. Du f\u00e5r tilgang til funksjoner som kan optimalisere din produksjon: Oppdag alarmer og trender, reduser nedetid og \u00f8k effektiviteten.<\/p>\n<\/div><\/div><\/div>\n<\/div>\n\n<div class=\"container-md heading  \">\n<h4 class=\"wp-block-heading\" id=\"h-funksjoner\">Funksjoner<\/h4>\n<\/div>\n\n<div class=\"container-md list  \">\n<ul class=\"wp-block-list\"><div class=\"container-md list-item  \">\n<li>Kraftfull tynn klient\/server-teknologi.<\/li>\n<\/div>\n\n<div class=\"container-md list-item  \">\n<li>Klient\/server-visualisering og styring, fra enkelte maskiner til fabrikkanlegg over hele verden.&nbsp;<\/li>\n<\/div>\n\n<div class=\"container-md list-item  \">\n<li>Funksjoner for alarmer og trender.<\/li>\n<\/div>\n\n<div class=\"container-md list-item  \">\n<li>Enkel skalering.<\/li>\n<\/div>\n\n<div class=\"container-md list-item  \">\n<li>Rask oppbygning av strukturerte databaser, ved hjelp av klasser og objekter.&nbsp;<\/li>\n<\/div>\n\n<div class=\"container-md list-item  \">\n<li>Rask konfigurasjon.<\/li>\n<\/div>\n\n<div class=\"container-md list-item  \">\n<li>S\u00f8ml\u00f8s integrasjon med andre applikasjoner: Koble til programvare, systemer eller enheter.<\/li>\n<\/div>\n\n<div class=\"container-md list-item  \">\n<li>Nyeste versjon kommer integrert med <a href=\"https:\/\/www.novotek.com\/no\/digitalisering\/datavisualisering\/proficy-operations-hub\/\">Proficy Operations Hub<\/a> og <a href=\"https:\/\/www.novotek.com\/no\/digitalisering\/datainnsamling-og-rapportering\/proficy-historian\/\">Proficy Historian<\/a> for sentralisert webtilgang og datalagring.<\/li>\n<\/div>\n\n<div class=\"container-md list-item  \">\n<li>\u00d8kt sikkerhet med sertifisert kommunikasjon.&nbsp;<\/li>\n<\/div>\n\n<div class=\"container-md list-item  \">\n<li>Grafisk brukergrensesnitt med <a href=\"https:\/\/www.novotek.com\/no\/automasjon\/scada\/high-performance-hmi\/\">High Performance HMI<\/a>.&nbsp;<\/li>\n<\/div>\n\n<div class=\"container-md list-item  \">\n<li>Tilgang fra PC, mobil og nettbrett.&nbsp;<\/li>\n<\/div><\/ul>\n<\/div>\n\n<div class=\"container-md spacer  \">\n<div style=\"height:10px\" aria-hidden=\"true\" class=\"wp-block-spacer\"><\/div>\n<\/div>\n\n<div class=\"container media-text  align\">\n<div class=\"wp-block-media-text has-media-on-the-right is-stacked-on-mobile\"><div class=\"wp-block-media-text__content\"><div class=\"container-md heading  \">\n<h2 class=\"wp-block-heading\" id=\"h-brukervennlig-med-enkel-tilgang\">Brukervennlig med enkel tilgang<\/h2>\n<\/div>\n\n<div class=\"container-md paragraph  \">\n<p>Grafisk brukergrensesnitt og navigasjon s\u00f8rger for god brukervennlighet blant b\u00e5de nye og erfarne brukere. Tilgang via PC, mobil og nettbrett gir operat\u00f8rer tilgang n\u00e5r som helst og hvor som helst.&nbsp;<\/p>\n<\/div>\n\n<div class=\"container-md paragraph  \">\n<p>L\u00f8sningen leveres av GE Vernova, verdensledende akt\u00f8r innen systemer tilpasset industriell automasjon og digitalisering.<strong><a href=\"https:\/\/www.ge.com\/digital\/applications\/hmi-scada\/cimplicity\" target=\"_blank\" rel=\"noreferrer noopener\"> Les mer om Proficy CIMPLICITY<\/a><\/strong>.<\/p>\n<\/div>\n\n<div class=\"container-md paragraph  \">\n<p>Novotek har v\u00e6rt leverand\u00f8r av HMI\/SCADA-l\u00f8sninger i mer enn 35 \u00e5r. V\u00e5re konsulenter hjelper deg med \u00e5 finne rett m\u00e5te \u00e5 implementere Proficy CIMPLICITY i din bedrift.<\/p>\n<\/div><\/div><figure class=\"wp-block-media-text__media\"><img loading=\"lazy\" decoding=\"async\" width=\"600\" height=\"429\" src=\"https:\/\/www.novotek.com\/no\/wp-content\/uploads\/sites\/5\/Automasjon\/HMI_SCADA\/Proficy_Cimplicity\/GEVernova_Cimplicity_operatorview2.png\" alt=\"GE Vernova Proficy Cimplicity Operator View\" class=\"wp-image-17298 size-full\" srcset=\"https:\/\/www.novotek.com\/no\/wp-content\/uploads\/sites\/5\/Automasjon\/HMI_SCADA\/Proficy_Cimplicity\/GEVernova_Cimplicity_operatorview2.png 600w, https:\/\/www.novotek.com\/no\/wp-content\/uploads\/sites\/5\/Automasjon\/HMI_SCADA\/Proficy_Cimplicity\/GEVernova_Cimplicity_operatorview2-300x215.png 300w, https:\/\/www.novotek.com\/no\/wp-content\/uploads\/sites\/5\/Automasjon\/HMI_SCADA\/Proficy_Cimplicity\/GEVernova_Cimplicity_operatorview2-86x61.png 86w, https:\/\/www.novotek.com\/no\/wp-content\/uploads\/sites\/5\/Automasjon\/HMI_SCADA\/Proficy_Cimplicity\/GEVernova_Cimplicity_operatorview2-306x219.png 306w\" sizes=\"auto, (max-width: 600px) 100vw, 600px\" \/><\/figure><\/div>\n<\/div>\n\n<div class=\"container-md spacer  \">\n<div style=\"height:50px\" aria-hidden=\"true\" class=\"wp-block-spacer\"><\/div>\n<\/div>\n\n  <div class=\"slider-column-parent\">\n    <div class=\"container\">\n      <div class=\"slider-column-title\">Benytt Proficy CIMPLICITY med<\/div>\n\n      <div class=\"row\">\n        <div class=\"col-12 col-md-4\"><div class=\"column-box\">\n  \n      <div class=\"title\">\n      Proficy Operations Hub    <\/div>\n  \n      <div class=\"text\">\n      <p>F\u00e5 bedre visualisering av data med Proficy Operations Hub.<\/p>\n    <\/div>\n  \n      <a class=\"link\"  href=\"https:\/\/www.novotek.com\/no\/digitalisering\/datavisualisering\/proficy-operations-hub\/\" target=\"\">\n      Les mer    <\/a>\n  \n  <\/div>\n\n<\/div><div class=\"col-12 col-md-4\"><div class=\"column-box\">\n  \n      <div class=\"title\">\n      Proficy Historian    <\/div>\n  \n      <div class=\"text\">\n      <p>Markedets kraftigste prosessdatabase utviklet for produksjonsdata.<\/p>\n    <\/div>\n  \n      <a class=\"link\"  href=\"https:\/\/www.novotek.com\/no\/digitalisering\/datainnsamling-og-rapportering\/proficy-historian\/\" target=\"\">\n      Les mer    <\/a>\n  \n  <\/div>\n\n<\/div><div class=\"col-12 col-md-4\"><div class=\"column-box\">\n  \n      <div class=\"title\">\n      High Performance HMI    <\/div>\n  \n      <div class=\"text\">\n      <p>HMI i et moderne grensesnitt spesielt utviklet for operat\u00f8rer.<\/p>\n    <\/div>\n  \n      <a class=\"link\"  href=\"https:\/\/www.novotek.com\/no\/automasjon\/scada\/high-performance-hmi\/\" target=\"\">\n      Les mer    <\/a>\n  \n  <\/div>\n\n<\/div>      <\/div>\n    <\/div>\n  <\/div>\n\n\n<div class=\"cta-block\">\n  <div class=\"container\">\n          <h2>Vil du vite mer?<\/h2>\n    \n    \n          <a class=\"btn btn-primary\" href=\"https:\/\/www.novotek.com\/no\/contact-us\/\">Kontakt oss<\/a>\n      <\/div>\n<\/div>\n","protected":false},"excerpt":{"rendered":"<p>Proficy CIMPLICITY fra GE Vernova er en kraftig klient\/server-basert SCADA-l\u00f8sning, ideell for stykkproduserende produksjonsmilj\u00f8er. Basert p\u00e5 flere ti\u00e5r med research og utvikling av GE Vernova, er Proficy CIMPLICITY en av de eldste og ledende l\u00f8sningene p\u00e5 markedet innen automasjon. L\u00f8sningen er spesielt funksjonell for bransjer som bilindustri, luftfart, maskineri, elektronikk og CNC.&nbsp; F\u00e5 presis styring [&hellip;]<\/p>\n","protected":false},"author":7,"featured_media":0,"parent":75,"menu_order":0,"comment_status":"closed","ping_status":"closed","template":"","meta":{"_acf_changed":false,"_relevanssi_hide_post":"","_relevanssi_pin_for_all":"","_relevanssi_pin_keywords":"","_relevanssi_unpin_keywords":"","_relevanssi_related_keywords":"","_relevanssi_related_include_ids":"","_relevanssi_related_exclude_ids":"","_relevanssi_related_no_append":"","_relevanssi_related_not_related":"","_relevanssi_related_posts":"1","_relevanssi_noindex_reason":"","footnotes":""},"class_list":["post-132","page","type-page","status-publish","hentry"],"acf":[],"yoast_head":"<!-- This site is optimized with the Yoast SEO plugin v27.4 - https:\/\/yoast.com\/product\/yoast-seo-wordpress\/ -->\n<title>CIMPLICITY - Novotek Norge<\/title>\n<meta name=\"description\" content=\"Styr produksjonen med Proficy Cimplicity fra GE Digitial, - en av markedets ledende HMI\/SCADA-l\u00f8sninger for stykkproduksjon.\" \/>\n<meta name=\"robots\" content=\"index, follow, max-snippet:-1, max-image-preview:large, max-video-preview:-1\" \/>\n<link rel=\"canonical\" href=\"https:\/\/www.novotek.com\/no\/automasjon\/scada\/proficy-cimplicity\/\" \/>\n<meta property=\"og:locale\" content=\"nb_NO\" \/>\n<meta property=\"og:type\" content=\"article\" \/>\n<meta property=\"og:title\" content=\"CIMPLICITY - Novotek Norge\" \/>\n<meta property=\"og:description\" content=\"Styr produksjonen med Proficy Cimplicity fra GE Digitial, - en av markedets ledende HMI\/SCADA-l\u00f8sninger for stykkproduksjon.\" \/>\n<meta property=\"og:url\" content=\"https:\/\/www.novotek.com\/no\/automasjon\/scada\/proficy-cimplicity\/\" \/>\n<meta property=\"og:site_name\" content=\"Novotek Norge\" \/>\n<meta property=\"article:modified_time\" content=\"2025-11-25T09:39:13+00:00\" \/>\n<meta property=\"og:image\" content=\"https:\/\/www.novotek.com\/no\/wp-content\/uploads\/sites\/5\/Automasjon\/HMI_SCADA\/Proficy_Cimplicity\/GEVernova_Cimplicity_600x429-1.png\" \/>\n<meta name=\"twitter:card\" content=\"summary_large_image\" \/>\n<meta name=\"twitter:label1\" content=\"Ansl. lesetid\" \/>\n\t<meta name=\"twitter:data1\" content=\"2 minutter\" \/>\n<script type=\"application\/ld+json\" class=\"yoast-schema-graph\">{\"@context\":\"https:\\\/\\\/schema.org\",\"@graph\":[{\"@type\":\"WebPage\",\"@id\":\"https:\\\/\\\/www.novotek.com\\\/no\\\/automasjon\\\/scada\\\/proficy-cimplicity\\\/\",\"url\":\"https:\\\/\\\/www.novotek.com\\\/no\\\/automasjon\\\/scada\\\/proficy-cimplicity\\\/\",\"name\":\"CIMPLICITY - Novotek Norge\",\"isPartOf\":{\"@id\":\"https:\\\/\\\/www.novotek.com\\\/no\\\/#website\"},\"primaryImageOfPage\":{\"@id\":\"https:\\\/\\\/www.novotek.com\\\/no\\\/automasjon\\\/scada\\\/proficy-cimplicity\\\/#primaryimage\"},\"image\":{\"@id\":\"https:\\\/\\\/www.novotek.com\\\/no\\\/automasjon\\\/scada\\\/proficy-cimplicity\\\/#primaryimage\"},\"thumbnailUrl\":\"https:\\\/\\\/www.novotek.com\\\/no\\\/wp-content\\\/uploads\\\/sites\\\/5\\\/Automasjon\\\/HMI_SCADA\\\/Proficy_Cimplicity\\\/GEVernova_Cimplicity_600x429-1.png\",\"datePublished\":\"2021-05-11T08:29:42+00:00\",\"dateModified\":\"2025-11-25T09:39:13+00:00\",\"description\":\"Styr produksjonen med Proficy Cimplicity fra GE Digitial, - en av markedets ledende HMI\\\/SCADA-l\u00f8sninger for stykkproduksjon.\",\"breadcrumb\":{\"@id\":\"https:\\\/\\\/www.novotek.com\\\/no\\\/automasjon\\\/scada\\\/proficy-cimplicity\\\/#breadcrumb\"},\"inLanguage\":\"nb-NO\",\"potentialAction\":[{\"@type\":\"ReadAction\",\"target\":[\"https:\\\/\\\/www.novotek.com\\\/no\\\/automasjon\\\/scada\\\/proficy-cimplicity\\\/\"]}]},{\"@type\":\"ImageObject\",\"inLanguage\":\"nb-NO\",\"@id\":\"https:\\\/\\\/www.novotek.com\\\/no\\\/automasjon\\\/scada\\\/proficy-cimplicity\\\/#primaryimage\",\"url\":\"https:\\\/\\\/www.novotek.com\\\/no\\\/wp-content\\\/uploads\\\/sites\\\/5\\\/Automasjon\\\/HMI_SCADA\\\/Proficy_Cimplicity\\\/GEVernova_Cimplicity_600x429-1.png.webp\",\"contentUrl\":\"https:\\\/\\\/www.novotek.com\\\/no\\\/wp-content\\\/uploads\\\/sites\\\/5\\\/Automasjon\\\/HMI_SCADA\\\/Proficy_Cimplicity\\\/GEVernova_Cimplicity_600x429-1.png.webp\",\"width\":600,\"height\":429,\"caption\":\"Proficy CIMPLICITY\"},{\"@type\":\"BreadcrumbList\",\"@id\":\"https:\\\/\\\/www.novotek.com\\\/no\\\/automasjon\\\/scada\\\/proficy-cimplicity\\\/#breadcrumb\",\"itemListElement\":[{\"@type\":\"ListItem\",\"position\":1,\"name\":\"Home\",\"item\":\"https:\\\/\\\/www.novotek.com\\\/no\\\/\"},{\"@type\":\"ListItem\",\"position\":2,\"name\":\"Automasjon\",\"item\":\"https:\\\/\\\/www.novotek.com\\\/no\\\/automasjon\\\/\"},{\"@type\":\"ListItem\",\"position\":3,\"name\":\"HMI\\\/SCADA\",\"item\":\"https:\\\/\\\/www.novotek.com\\\/no\\\/automasjon\\\/scada\\\/\"},{\"@type\":\"ListItem\",\"position\":4,\"name\":\"CIMPLICITY\"}]},{\"@type\":\"WebSite\",\"@id\":\"https:\\\/\\\/www.novotek.com\\\/no\\\/#website\",\"url\":\"https:\\\/\\\/www.novotek.com\\\/no\\\/\",\"name\":\"Novotek Norge\",\"description\":\"Automasjon, digitalisering og Analytics\",\"publisher\":{\"@id\":\"https:\\\/\\\/www.novotek.com\\\/no\\\/#organization\"},\"potentialAction\":[{\"@type\":\"SearchAction\",\"target\":{\"@type\":\"EntryPoint\",\"urlTemplate\":\"https:\\\/\\\/www.novotek.com\\\/no\\\/?s={search_term_string}\"},\"query-input\":{\"@type\":\"PropertyValueSpecification\",\"valueRequired\":true,\"valueName\":\"search_term_string\"}}],\"inLanguage\":\"nb-NO\"},{\"@type\":\"Organization\",\"@id\":\"https:\\\/\\\/www.novotek.com\\\/no\\\/#organization\",\"name\":\"Novotek AS\",\"url\":\"https:\\\/\\\/www.novotek.com\\\/no\\\/\",\"logo\":{\"@type\":\"ImageObject\",\"inLanguage\":\"nb-NO\",\"@id\":\"https:\\\/\\\/www.novotek.com\\\/no\\\/#\\\/schema\\\/logo\\\/image\\\/\",\"url\":\"https:\\\/\\\/www.novotek.com\\\/no\\\/wp-content\\\/uploads\\\/sites\\\/5\\\/Forside\\\/Novotek_logo.png\",\"contentUrl\":\"https:\\\/\\\/www.novotek.com\\\/no\\\/wp-content\\\/uploads\\\/sites\\\/5\\\/Forside\\\/Novotek_logo.png\",\"width\":1200,\"height\":348,\"caption\":\"Novotek AS\"},\"image\":{\"@id\":\"https:\\\/\\\/www.novotek.com\\\/no\\\/#\\\/schema\\\/logo\\\/image\\\/\"},\"sameAs\":[\"https:\\\/\\\/www.linkedin.com\\\/company\\\/novotek-as\"]}]}<\/script>\n<!-- \/ Yoast SEO plugin. -->","yoast_head_json":{"title":"CIMPLICITY - Novotek Norge","description":"Styr produksjonen med Proficy Cimplicity fra GE Digitial, - en av markedets ledende HMI\/SCADA-l\u00f8sninger for stykkproduksjon.","robots":{"index":"index","follow":"follow","max-snippet":"max-snippet:-1","max-image-preview":"max-image-preview:large","max-video-preview":"max-video-preview:-1"},"canonical":"https:\/\/www.novotek.com\/no\/automasjon\/scada\/proficy-cimplicity\/","og_locale":"nb_NO","og_type":"article","og_title":"CIMPLICITY - Novotek Norge","og_description":"Styr produksjonen med Proficy Cimplicity fra GE Digitial, - en av markedets ledende HMI\/SCADA-l\u00f8sninger for stykkproduksjon.","og_url":"https:\/\/www.novotek.com\/no\/automasjon\/scada\/proficy-cimplicity\/","og_site_name":"Novotek Norge","article_modified_time":"2025-11-25T09:39:13+00:00","og_image":[{"url":"https:\/\/www.novotek.com\/no\/wp-content\/uploads\/sites\/5\/Automasjon\/HMI_SCADA\/Proficy_Cimplicity\/GEVernova_Cimplicity_600x429-1.png","type":"","width":"","height":""}],"twitter_card":"summary_large_image","twitter_misc":{"Ansl. lesetid":"2 minutter"},"schema":{"@context":"https:\/\/schema.org","@graph":[{"@type":"WebPage","@id":"https:\/\/www.novotek.com\/no\/automasjon\/scada\/proficy-cimplicity\/","url":"https:\/\/www.novotek.com\/no\/automasjon\/scada\/proficy-cimplicity\/","name":"CIMPLICITY - Novotek Norge","isPartOf":{"@id":"https:\/\/www.novotek.com\/no\/#website"},"primaryImageOfPage":{"@id":"https:\/\/www.novotek.com\/no\/automasjon\/scada\/proficy-cimplicity\/#primaryimage"},"image":{"@id":"https:\/\/www.novotek.com\/no\/automasjon\/scada\/proficy-cimplicity\/#primaryimage"},"thumbnailUrl":"https:\/\/www.novotek.com\/no\/wp-content\/uploads\/sites\/5\/Automasjon\/HMI_SCADA\/Proficy_Cimplicity\/GEVernova_Cimplicity_600x429-1.png","datePublished":"2021-05-11T08:29:42+00:00","dateModified":"2025-11-25T09:39:13+00:00","description":"Styr produksjonen med Proficy Cimplicity fra GE Digitial, - en av markedets ledende HMI\/SCADA-l\u00f8sninger for stykkproduksjon.","breadcrumb":{"@id":"https:\/\/www.novotek.com\/no\/automasjon\/scada\/proficy-cimplicity\/#breadcrumb"},"inLanguage":"nb-NO","potentialAction":[{"@type":"ReadAction","target":["https:\/\/www.novotek.com\/no\/automasjon\/scada\/proficy-cimplicity\/"]}]},{"@type":"ImageObject","inLanguage":"nb-NO","@id":"https:\/\/www.novotek.com\/no\/automasjon\/scada\/proficy-cimplicity\/#primaryimage","url":"https:\/\/www.novotek.com\/no\/wp-content\/uploads\/sites\/5\/Automasjon\/HMI_SCADA\/Proficy_Cimplicity\/GEVernova_Cimplicity_600x429-1.png.webp","contentUrl":"https:\/\/www.novotek.com\/no\/wp-content\/uploads\/sites\/5\/Automasjon\/HMI_SCADA\/Proficy_Cimplicity\/GEVernova_Cimplicity_600x429-1.png.webp","width":600,"height":429,"caption":"Proficy CIMPLICITY"},{"@type":"BreadcrumbList","@id":"https:\/\/www.novotek.com\/no\/automasjon\/scada\/proficy-cimplicity\/#breadcrumb","itemListElement":[{"@type":"ListItem","position":1,"name":"Home","item":"https:\/\/www.novotek.com\/no\/"},{"@type":"ListItem","position":2,"name":"Automasjon","item":"https:\/\/www.novotek.com\/no\/automasjon\/"},{"@type":"ListItem","position":3,"name":"HMI\/SCADA","item":"https:\/\/www.novotek.com\/no\/automasjon\/scada\/"},{"@type":"ListItem","position":4,"name":"CIMPLICITY"}]},{"@type":"WebSite","@id":"https:\/\/www.novotek.com\/no\/#website","url":"https:\/\/www.novotek.com\/no\/","name":"Novotek Norge","description":"Automasjon, digitalisering og Analytics","publisher":{"@id":"https:\/\/www.novotek.com\/no\/#organization"},"potentialAction":[{"@type":"SearchAction","target":{"@type":"EntryPoint","urlTemplate":"https:\/\/www.novotek.com\/no\/?s={search_term_string}"},"query-input":{"@type":"PropertyValueSpecification","valueRequired":true,"valueName":"search_term_string"}}],"inLanguage":"nb-NO"},{"@type":"Organization","@id":"https:\/\/www.novotek.com\/no\/#organization","name":"Novotek AS","url":"https:\/\/www.novotek.com\/no\/","logo":{"@type":"ImageObject","inLanguage":"nb-NO","@id":"https:\/\/www.novotek.com\/no\/#\/schema\/logo\/image\/","url":"https:\/\/www.novotek.com\/no\/wp-content\/uploads\/sites\/5\/Forside\/Novotek_logo.png","contentUrl":"https:\/\/www.novotek.com\/no\/wp-content\/uploads\/sites\/5\/Forside\/Novotek_logo.png","width":1200,"height":348,"caption":"Novotek AS"},"image":{"@id":"https:\/\/www.novotek.com\/no\/#\/schema\/logo\/image\/"},"sameAs":["https:\/\/www.linkedin.com\/company\/novotek-as"]}]}},"_links":{"self":[{"href":"https:\/\/www.novotek.com\/no\/wp-json\/wp\/v2\/pages\/132","targetHints":{"allow":["GET"]}}],"collection":[{"href":"https:\/\/www.novotek.com\/no\/wp-json\/wp\/v2\/pages"}],"about":[{"href":"https:\/\/www.novotek.com\/no\/wp-json\/wp\/v2\/types\/page"}],"author":[{"embeddable":true,"href":"https:\/\/www.novotek.com\/no\/wp-json\/wp\/v2\/users\/7"}],"replies":[{"embeddable":true,"href":"https:\/\/www.novotek.com\/no\/wp-json\/wp\/v2\/comments?post=132"}],"version-history":[{"count":43,"href":"https:\/\/www.novotek.com\/no\/wp-json\/wp\/v2\/pages\/132\/revisions"}],"predecessor-version":[{"id":17301,"href":"https:\/\/www.novotek.com\/no\/wp-json\/wp\/v2\/pages\/132\/revisions\/17301"}],"up":[{"embeddable":true,"href":"https:\/\/www.novotek.com\/no\/wp-json\/wp\/v2\/pages\/75"}],"wp:attachment":[{"href":"https:\/\/www.novotek.com\/no\/wp-json\/wp\/v2\/media?parent=132"}],"curies":[{"name":"wp","href":"https:\/\/api.w.org\/{rel}","templated":true}]}}