{"id":134,"date":"2021-05-11T08:30:48","date_gmt":"2021-05-11T08:30:48","guid":{"rendered":"https:\/\/www.novotek.com\/no\/?page_id=134"},"modified":"2025-12-16T09:51:44","modified_gmt":"2025-12-16T09:51:44","slug":"proficy-batch-execution","status":"publish","type":"page","link":"https:\/\/www.novotek.com\/no\/automasjon\/scada\/proficy-batch-execution\/","title":{"rendered":"Proficy Batch Execution"},"content":{"rendered":"  <div class=\"hero\">\n    <div class=\"carousel hero-slider small\" data-flickity data-flickity-options='{\"prevNextButtons\": false}'>\n              <div class=\"carousel-cell\">\n          <div class=\"container\">\n            <div class=\"hero-content\">\n                              <h1>Proficy Batch Execution<\/h1>\n<p>En komplett automasjonsl\u00f8sning spesielt utviklet for batchproduksjon.<\/p>\n              \n                          <\/div>\n          <\/div>\n\n          <img decoding=\"async\" width=\"1024\" height=\"427\" src=\"https:\/\/www.novotek.com\/no\/wp-content\/uploads\/sites\/5\/Automasjon\/HMI_SCADA\/Proficy_Batch_Execution\/Novotek_batchexecution_duotone_1920x800-1024x427.jpg\" class=\"hero-bg\" alt=\"Hero Img\" fetchpriority=\"high\" srcset=\"https:\/\/www.novotek.com\/no\/wp-content\/uploads\/sites\/5\/Automasjon\/HMI_SCADA\/Proficy_Batch_Execution\/Novotek_batchexecution_duotone_1920x800-1024x427.jpg 1024w, https:\/\/www.novotek.com\/no\/wp-content\/uploads\/sites\/5\/Automasjon\/HMI_SCADA\/Proficy_Batch_Execution\/Novotek_batchexecution_duotone_1920x800-300x125.jpg 300w, https:\/\/www.novotek.com\/no\/wp-content\/uploads\/sites\/5\/Automasjon\/HMI_SCADA\/Proficy_Batch_Execution\/Novotek_batchexecution_duotone_1920x800-768x320.jpg 768w, https:\/\/www.novotek.com\/no\/wp-content\/uploads\/sites\/5\/Automasjon\/HMI_SCADA\/Proficy_Batch_Execution\/Novotek_batchexecution_duotone_1920x800-1536x640.jpg 1536w, https:\/\/www.novotek.com\/no\/wp-content\/uploads\/sites\/5\/Automasjon\/HMI_SCADA\/Proficy_Batch_Execution\/Novotek_batchexecution_duotone_1920x800.jpg 1920w\" sizes=\"(max-width: 1024px) 100vw, 1024px\" \/>                  <\/div>\n          <\/div>\n\n      <\/div>\n\n   <div class=\"floating-breadcrumb\"><div class=\"container\"><span><span><a href=\"https:\/\/www.novotek.com\/no\/\" class=\"breadcrumb-frontpage\">Home<\/a><\/span><\/span><\/div><\/div>\n\n\n<div class=\"container-md paragraph  \">\n<p>Sikkerhet, fleksibilitet og brukervennlighet. Dette er avgj\u00f8rende egenskaper som produksjonsbedrifter trenger i sine batchstyringsapplikasjoner. Proficy Batch Execution fra GE Vernova er et kraftig og funksjonsrikt <strong><a href=\"https:\/\/www.novotek.com\/no\/automasjon\/scada\/\">SCADA-system<\/a><\/strong> for batchautomasjon. L\u00f8sningen er fleksibel og brukervennlig, og gir operat\u00f8rer mulighet til effektiv distribusjon, uavhengig av utstyr og maskiner.<\/p>\n<\/div>\n\n<div class=\"container-md paragraph  \">\n<p>Funksjoner inkluderer datainnsamling, robust batchh\u00e5ndtering, klar prosessvisualisering og kraftige kontrollfunksjoner for styring. Dette gir en komplett batchl\u00f8sning for n\u00e6ringsmiddel, forbruksvarer, biovitenskap og kjemiske n\u00e6ringer.<\/p>\n<\/div>\n\n<div class=\"container-md spacer  \">\n<div style=\"height:10px\" aria-hidden=\"true\" class=\"wp-block-spacer\"><\/div>\n<\/div>\n\n<div class=\"container-md heading  \">\n<h2 class=\"wp-block-heading\" id=\"h-sikre-batchproduksjonen-med-proficy-batch-execution\">Sikre batchproduksjonen med Proficy Batch Execution<\/h2>\n<\/div>\n\n<div class=\"container-md paragraph  \">\n<p>Benytt deg av enkle og kraftige resepter. Du kan utvikle, planlegge og gjennomf\u00f8re ulike resepter med sekvensvariasjoner uten \u00e5 endre PLS-kode. I tillegg gir programvarel\u00f8sningen deg tilgang til en effektiv plattform for batchutvikling, hvor du enkelt kan modellere utstyr og maskiner: Legg til utstyrsbaner, utstyrsprioritet og status, og styr gjenbrukbare komponenter fra resepter.&nbsp;<\/p>\n<\/div>\n\n<div class=\"container-md paragraph  \">\n<p>Du kan oppn\u00e5 fordeler som \u00f8kt produktkvalitet, f\u00e6rre vrak, reduserte kostnader, raskere produksjon, f\u00e6rre menneskelige feil og mer konsistent drift. L\u00f8sningen er spesielt tilrettelagt for \u00e5 im\u00f8tekomme myndighetskrav, og st\u00f8ttes av CRF Part 11.<\/p>\n<\/div>\n\n<div class=\"container media-text  align\">\n<div class=\"wp-block-media-text is-stacked-on-mobile\"><figure class=\"wp-block-media-text__media\"><img loading=\"lazy\" decoding=\"async\" width=\"600\" height=\"522\" src=\"https:\/\/www.novotek.com\/no\/wp-content\/uploads\/sites\/5\/Automasjon\/HMI_SCADA\/Proficy_Cimplicity\/Proficy_batchexecution_operatorview.png\" alt=\"Proficy Batch Execution\" class=\"wp-image-17289 size-full\" srcset=\"https:\/\/www.novotek.com\/no\/wp-content\/uploads\/sites\/5\/Automasjon\/HMI_SCADA\/Proficy_Cimplicity\/Proficy_batchexecution_operatorview.png 600w, https:\/\/www.novotek.com\/no\/wp-content\/uploads\/sites\/5\/Automasjon\/HMI_SCADA\/Proficy_Cimplicity\/Proficy_batchexecution_operatorview-300x261.png 300w, https:\/\/www.novotek.com\/no\/wp-content\/uploads\/sites\/5\/Automasjon\/HMI_SCADA\/Proficy_Cimplicity\/Proficy_batchexecution_operatorview-86x75.png 86w, https:\/\/www.novotek.com\/no\/wp-content\/uploads\/sites\/5\/Automasjon\/HMI_SCADA\/Proficy_Cimplicity\/Proficy_batchexecution_operatorview-306x266.png 306w\" sizes=\"auto, (max-width: 600px) 100vw, 600px\" \/><\/figure><div class=\"wp-block-media-text__content\"><div class=\"container-md heading  \">\n<h4 class=\"wp-block-heading\" id=\"h-funksjonelt-operatorgrensesnitt\">Funksjonelt operat\u00f8rgrensesnitt<\/h4>\n<\/div>\n\n<div class=\"container-md paragraph  \">\n<p>Batchvisualisering kan integreres i HMI\/SCADA-skjermer. Dette gir et operat\u00f8rgrensesnitt hvor du kan se prosedyrer i et sekvensielt funksjonsdiagram (SFC), tabell eller hendelsesjournal. Arbeidsinstruksjon gir operat\u00f8ren trinnvis batchutf\u00f8relse. I tillegg tillater Campaign Manager automatisk planlegging av batcher.<\/p>\n<\/div><\/div><\/div>\n<\/div>\n\n<div class=\"container media-text  align\">\n<div class=\"wp-block-media-text has-media-on-the-right is-stacked-on-mobile\"><div class=\"wp-block-media-text__content\"><div class=\"container-md heading  \">\n<h4 class=\"wp-block-heading\" id=\"h-enkel-integrasjon-og-tilgang\">Enkel integrasjon og tilgang<\/h4>\n<\/div>\n\n<div class=\"container-md paragraph  \">\n<p>Koble s\u00f8ml\u00f8st med dine eksisterende HMI\/SCADA og MES\/ERP-systemer for en enda kraftigere l\u00f8sning for innsamling og h\u00e5ndtering av data. Med grafisk brukergrensesnitt og navigasjon er l\u00f8sningen sv\u00e6rt enkel \u00e5 bruke. Du har tilgang fra PC, mobil og nettbrett.&nbsp;<\/p>\n<\/div><\/div><figure class=\"wp-block-media-text__media\"><img loading=\"lazy\" decoding=\"async\" width=\"600\" height=\"522\" src=\"https:\/\/www.novotek.com\/no\/wp-content\/uploads\/sites\/5\/Automasjon\/HMI_SCADA\/Proficy_Batch_Execution\/Gedigital_batchexecution_opensolution.png\" alt=\"Proficy Batch Executions \u00e5pne l\u00f8sninger.\" class=\"wp-image-1372 size-full\" srcset=\"https:\/\/www.novotek.com\/no\/wp-content\/uploads\/sites\/5\/Automasjon\/HMI_SCADA\/Proficy_Batch_Execution\/Gedigital_batchexecution_opensolution.png 600w, https:\/\/www.novotek.com\/no\/wp-content\/uploads\/sites\/5\/Automasjon\/HMI_SCADA\/Proficy_Batch_Execution\/Gedigital_batchexecution_opensolution-300x261.png 300w\" sizes=\"auto, (max-width: 600px) 100vw, 600px\" \/><\/figure><\/div>\n<\/div>\n\n<div class=\"container-md heading  \">\n<h4 class=\"wp-block-heading\" id=\"h-visualisering-med-rest-api-er\">Visualisering med REST API&#8217;er<\/h4>\n<\/div>\n\n<div class=\"container-md paragraph  \">\n<p>Proficy Batch Execution kan integreres med REST API\u2019er.&nbsp;Integrer med Proficy Operations Hub for visualisering. F\u00e5 reseptstyring, batchutf\u00f8ring og elektroniske arbeidsinstruksjoner i et moderne brukergrensesnitt og oppn\u00e5 raskere operat\u00f8rrespons.<\/p>\n<\/div>\n\n<div class=\"container-md spacer  \">\n<div style=\"height:25px\" aria-hidden=\"true\" class=\"wp-block-spacer\"><\/div>\n<\/div>\n\n<div class=\"container-md spacer  \">\n<div style=\"height:11px\" aria-hidden=\"true\" class=\"wp-block-spacer\"><\/div>\n<\/div>\n\n<div class=\"container-md heading  \">\n<h4 class=\"wp-block-heading\" id=\"h-funksjoner\">Funksjoner<\/h4>\n<\/div>\n\n<div class=\"container-md list  \">\n<ul style=\"background-color:#f8f8f8\" class=\"wp-block-list has-background\"><div class=\"container-md list-item  \">\n<li>Mulighet for \u00e5 utvikle, planlegge og eksekvere ulike resepter uten \u00e5 modifisere PLS-kode.<\/li>\n<\/div>\n\n<div class=\"container-md list-item  \">\n<li>Mulighet til \u00e5 modellere og styre utstyr: Legg til utstyrsbaner, utstyrsprioritet og status, samt opprette og administrere gjenbrukbare resepter.&nbsp;<\/li>\n<\/div>\n\n<div class=\"container-md list-item  \">\n<li>Basert p\u00e5 S88-modellen.&nbsp;<\/li>\n<\/div>\n\n<div class=\"container-md list-item  \">\n<li>Tilrettelagt for \u00e5 im\u00f8tekomme myndighetskrav. St\u00f8ttes av 21 CFR Part 11.&nbsp;<\/li>\n<\/div>\n\n<div class=\"container-md list-item  \">\n<li>S\u00f8ml\u00f8s integrering med HMI\/SCADA, MES\/ERP og PLS.&nbsp;<\/li>\n<\/div>\n\n<div class=\"container-md list-item  \">\n<li>Fleksible klientalternativer.&nbsp;<\/li>\n<\/div>\n\n<div class=\"container-md list-item  \">\n<li>Kan kobles til REST API\u2019er.&nbsp;<\/li>\n<\/div>\n\n<div class=\"container-md list-item  \">\n<li>Visualisering med Proficy Operations Hub.<\/li>\n<\/div>\n\n<div class=\"container-md list-item  \">\n<li>Grafisk brukergrensesnitt og navigasjon.&nbsp;<\/li>\n<\/div>\n\n<div class=\"container-md list-item  \">\n<li>Tilgang fra PC, mobil og nettbrett.<\/li>\n<\/div><\/ul>\n<\/div>\n\n<div class=\"container-md spacer  \">\n<div style=\"height:10px\" aria-hidden=\"true\" class=\"wp-block-spacer\"><\/div>\n<\/div>\n\n<div class=\"container-md heading  \">\n<h2 class=\"wp-block-heading\" id=\"h-en-batchspesifikk-hmi-scada-losning-fra-proficy-familien\">En batchspesifikk HMI\/SCADA-l\u00f8sning fra Proficy-familien<\/h2>\n<\/div>\n\n<div class=\"container-md paragraph  \">\n<p>Proficy Batch Execution er spesielt utviklet for bedrifter som produserer i batcher, som n\u00e6ringsmiddel og andre forbruksvarer.<\/p>\n<\/div>\n\n<div class=\"container-md paragraph  \">\n<p>L\u00f8sningen leveres av GE Vernova, verdensledende akt\u00f8r innen systemer tilpasset industriell automasjon og digitalisering. <strong><a href=\"https:\/\/www.gevernova.com\/software\/products\/hmi-scada\/batch-execution\">Les mer om Proficy Batch Execution.<\/a><\/strong><\/p>\n<\/div>\n\n<div class=\"container-md paragraph  \">\n<p>Novotek har v\u00e6rt leverand\u00f8r av HMI\/SCADA-l\u00f8sninger i mer enn 35 \u00e5r. V\u00e5re konsulenter hjelper deg med \u00e5 finne rett m\u00e5te \u00e5 implementere Proficy Batch Execution i din bedrift.<\/p>\n<\/div>\n\n<div class=\"container-md spacer  \">\n<div style=\"height:50px\" aria-hidden=\"true\" class=\"wp-block-spacer\"><\/div>\n<\/div>\n\n  <div class=\"slider-column-parent\">\n    <div class=\"container\">\n      <div class=\"slider-column-title\">Benytt Proficy Batch Execution med<\/div>\n\n      <div class=\"row\">\n        <div class=\"col-12 col-md-4\"><div class=\"column-box\">\n  \n      <div class=\"title\">\n      Proficy Operations Hub    <\/div>\n  \n      <div class=\"text\">\n      <p>F\u00e5 bedre visualisering av data med Proficy Operations Hub.<\/p>\n    <\/div>\n  \n      <a class=\"link\"  href=\"https:\/\/www.novotek.com\/no\/digitalisering\/datavisualisering\/proficy-operations-hub\/\" target=\"\">\n      Les mer    <\/a>\n  \n  <\/div>\n\n<\/div>      <\/div>\n    <\/div>\n  <\/div>\n\n\n<div class=\"cta-block\">\n  <div class=\"container\">\n          <h2>Vil du vite mer?<\/h2>\n    \n    \n          <a class=\"btn btn-primary\" href=\"https:\/\/www.novotek.com\/no\/contact-us\/\">Kontakt oss<\/a>\n      <\/div>\n<\/div>\n","protected":false},"excerpt":{"rendered":"<p>Sikkerhet, fleksibilitet og brukervennlighet. Dette er avgj\u00f8rende egenskaper som produksjonsbedrifter trenger i sine batchstyringsapplikasjoner. Proficy Batch Execution fra GE Vernova er et kraftig og funksjonsrikt SCADA-system for batchautomasjon. L\u00f8sningen er fleksibel og brukervennlig, og gir operat\u00f8rer mulighet til effektiv distribusjon, uavhengig av utstyr og maskiner. Funksjoner inkluderer datainnsamling, robust batchh\u00e5ndtering, klar prosessvisualisering og kraftige kontrollfunksjoner [&hellip;]<\/p>\n","protected":false},"author":7,"featured_media":0,"parent":75,"menu_order":0,"comment_status":"closed","ping_status":"closed","template":"","meta":{"_acf_changed":false,"_relevanssi_hide_post":"","_relevanssi_pin_for_all":"","_relevanssi_pin_keywords":"","_relevanssi_unpin_keywords":"","_relevanssi_related_keywords":"","_relevanssi_related_include_ids":"","_relevanssi_related_exclude_ids":"","_relevanssi_related_no_append":"","_relevanssi_related_not_related":"","_relevanssi_related_posts":"1","_relevanssi_noindex_reason":"","footnotes":""},"class_list":["post-134","page","type-page","status-publish","hentry"],"acf":[],"yoast_head":"<!-- This site is optimized with the Yoast SEO plugin v27.4 - https:\/\/yoast.com\/product\/yoast-seo-wordpress\/ -->\n<title>Proficy Batch Execution - Novotek Norge<\/title>\n<meta name=\"description\" content=\"Proficy Batch Execution fra GE Vernova er en komplett automasjonsl\u00f8sning spesielt utviklet for batchproduksjon.\" \/>\n<meta name=\"robots\" content=\"index, follow, max-snippet:-1, max-image-preview:large, max-video-preview:-1\" \/>\n<link rel=\"canonical\" href=\"https:\/\/www.novotek.com\/no\/automasjon\/scada\/proficy-batch-execution\/\" \/>\n<meta property=\"og:locale\" content=\"nb_NO\" \/>\n<meta property=\"og:type\" content=\"article\" \/>\n<meta property=\"og:title\" content=\"Proficy Batch Execution - Novotek Norge\" \/>\n<meta property=\"og:description\" content=\"Proficy Batch Execution fra GE Vernova er en komplett automasjonsl\u00f8sning spesielt utviklet for batchproduksjon.\" \/>\n<meta property=\"og:url\" content=\"https:\/\/www.novotek.com\/no\/automasjon\/scada\/proficy-batch-execution\/\" \/>\n<meta property=\"og:site_name\" content=\"Novotek Norge\" \/>\n<meta property=\"article:modified_time\" content=\"2025-12-16T09:51:44+00:00\" \/>\n<meta property=\"og:image\" content=\"https:\/\/www.novotek.com\/no\/wp-content\/uploads\/sites\/5\/Automasjon\/HMI_SCADA\/Proficy_Cimplicity\/Proficy_batchexecution_operatorview.png\" \/>\n<meta name=\"twitter:card\" content=\"summary_large_image\" \/>\n<meta name=\"twitter:label1\" content=\"Ansl. lesetid\" \/>\n\t<meta name=\"twitter:data1\" content=\"3 minutter\" \/>\n<script type=\"application\/ld+json\" class=\"yoast-schema-graph\">{\"@context\":\"https:\\\/\\\/schema.org\",\"@graph\":[{\"@type\":\"WebPage\",\"@id\":\"https:\\\/\\\/www.novotek.com\\\/no\\\/automasjon\\\/scada\\\/proficy-batch-execution\\\/\",\"url\":\"https:\\\/\\\/www.novotek.com\\\/no\\\/automasjon\\\/scada\\\/proficy-batch-execution\\\/\",\"name\":\"Proficy Batch Execution - Novotek Norge\",\"isPartOf\":{\"@id\":\"https:\\\/\\\/www.novotek.com\\\/no\\\/#website\"},\"primaryImageOfPage\":{\"@id\":\"https:\\\/\\\/www.novotek.com\\\/no\\\/automasjon\\\/scada\\\/proficy-batch-execution\\\/#primaryimage\"},\"image\":{\"@id\":\"https:\\\/\\\/www.novotek.com\\\/no\\\/automasjon\\\/scada\\\/proficy-batch-execution\\\/#primaryimage\"},\"thumbnailUrl\":\"https:\\\/\\\/www.novotek.com\\\/no\\\/wp-content\\\/uploads\\\/sites\\\/5\\\/Automasjon\\\/HMI_SCADA\\\/Proficy_Cimplicity\\\/Proficy_batchexecution_operatorview.png\",\"datePublished\":\"2021-05-11T08:30:48+00:00\",\"dateModified\":\"2025-12-16T09:51:44+00:00\",\"description\":\"Proficy Batch Execution fra GE Vernova er en komplett automasjonsl\u00f8sning spesielt utviklet for batchproduksjon.\",\"breadcrumb\":{\"@id\":\"https:\\\/\\\/www.novotek.com\\\/no\\\/automasjon\\\/scada\\\/proficy-batch-execution\\\/#breadcrumb\"},\"inLanguage\":\"nb-NO\",\"potentialAction\":[{\"@type\":\"ReadAction\",\"target\":[\"https:\\\/\\\/www.novotek.com\\\/no\\\/automasjon\\\/scada\\\/proficy-batch-execution\\\/\"]}]},{\"@type\":\"ImageObject\",\"inLanguage\":\"nb-NO\",\"@id\":\"https:\\\/\\\/www.novotek.com\\\/no\\\/automasjon\\\/scada\\\/proficy-batch-execution\\\/#primaryimage\",\"url\":\"https:\\\/\\\/www.novotek.com\\\/no\\\/wp-content\\\/uploads\\\/sites\\\/5\\\/Automasjon\\\/HMI_SCADA\\\/Proficy_Cimplicity\\\/Proficy_batchexecution_operatorview.png.webp\",\"contentUrl\":\"https:\\\/\\\/www.novotek.com\\\/no\\\/wp-content\\\/uploads\\\/sites\\\/5\\\/Automasjon\\\/HMI_SCADA\\\/Proficy_Cimplicity\\\/Proficy_batchexecution_operatorview.png.webp\",\"width\":600,\"height\":522,\"caption\":\"Proficy Batch Execution\"},{\"@type\":\"BreadcrumbList\",\"@id\":\"https:\\\/\\\/www.novotek.com\\\/no\\\/automasjon\\\/scada\\\/proficy-batch-execution\\\/#breadcrumb\",\"itemListElement\":[{\"@type\":\"ListItem\",\"position\":1,\"name\":\"Home\",\"item\":\"https:\\\/\\\/www.novotek.com\\\/no\\\/\"},{\"@type\":\"ListItem\",\"position\":2,\"name\":\"Automasjon\",\"item\":\"https:\\\/\\\/www.novotek.com\\\/no\\\/automasjon\\\/\"},{\"@type\":\"ListItem\",\"position\":3,\"name\":\"HMI\\\/SCADA\",\"item\":\"https:\\\/\\\/www.novotek.com\\\/no\\\/automasjon\\\/scada\\\/\"},{\"@type\":\"ListItem\",\"position\":4,\"name\":\"Proficy Batch Execution\"}]},{\"@type\":\"WebSite\",\"@id\":\"https:\\\/\\\/www.novotek.com\\\/no\\\/#website\",\"url\":\"https:\\\/\\\/www.novotek.com\\\/no\\\/\",\"name\":\"Novotek Norge\",\"description\":\"Automasjon, digitalisering og Analytics\",\"publisher\":{\"@id\":\"https:\\\/\\\/www.novotek.com\\\/no\\\/#organization\"},\"potentialAction\":[{\"@type\":\"SearchAction\",\"target\":{\"@type\":\"EntryPoint\",\"urlTemplate\":\"https:\\\/\\\/www.novotek.com\\\/no\\\/?s={search_term_string}\"},\"query-input\":{\"@type\":\"PropertyValueSpecification\",\"valueRequired\":true,\"valueName\":\"search_term_string\"}}],\"inLanguage\":\"nb-NO\"},{\"@type\":\"Organization\",\"@id\":\"https:\\\/\\\/www.novotek.com\\\/no\\\/#organization\",\"name\":\"Novotek AS\",\"url\":\"https:\\\/\\\/www.novotek.com\\\/no\\\/\",\"logo\":{\"@type\":\"ImageObject\",\"inLanguage\":\"nb-NO\",\"@id\":\"https:\\\/\\\/www.novotek.com\\\/no\\\/#\\\/schema\\\/logo\\\/image\\\/\",\"url\":\"https:\\\/\\\/www.novotek.com\\\/no\\\/wp-content\\\/uploads\\\/sites\\\/5\\\/Forside\\\/Novotek_logo.png\",\"contentUrl\":\"https:\\\/\\\/www.novotek.com\\\/no\\\/wp-content\\\/uploads\\\/sites\\\/5\\\/Forside\\\/Novotek_logo.png\",\"width\":1200,\"height\":348,\"caption\":\"Novotek AS\"},\"image\":{\"@id\":\"https:\\\/\\\/www.novotek.com\\\/no\\\/#\\\/schema\\\/logo\\\/image\\\/\"},\"sameAs\":[\"https:\\\/\\\/www.linkedin.com\\\/company\\\/novotek-as\"]}]}<\/script>\n<!-- \/ Yoast SEO plugin. -->","yoast_head_json":{"title":"Proficy Batch Execution - Novotek Norge","description":"Proficy Batch Execution fra GE Vernova er en komplett automasjonsl\u00f8sning spesielt utviklet for batchproduksjon.","robots":{"index":"index","follow":"follow","max-snippet":"max-snippet:-1","max-image-preview":"max-image-preview:large","max-video-preview":"max-video-preview:-1"},"canonical":"https:\/\/www.novotek.com\/no\/automasjon\/scada\/proficy-batch-execution\/","og_locale":"nb_NO","og_type":"article","og_title":"Proficy Batch Execution - Novotek Norge","og_description":"Proficy Batch Execution fra GE Vernova er en komplett automasjonsl\u00f8sning spesielt utviklet for batchproduksjon.","og_url":"https:\/\/www.novotek.com\/no\/automasjon\/scada\/proficy-batch-execution\/","og_site_name":"Novotek Norge","article_modified_time":"2025-12-16T09:51:44+00:00","og_image":[{"url":"https:\/\/www.novotek.com\/no\/wp-content\/uploads\/sites\/5\/Automasjon\/HMI_SCADA\/Proficy_Cimplicity\/Proficy_batchexecution_operatorview.png","type":"","width":"","height":""}],"twitter_card":"summary_large_image","twitter_misc":{"Ansl. lesetid":"3 minutter"},"schema":{"@context":"https:\/\/schema.org","@graph":[{"@type":"WebPage","@id":"https:\/\/www.novotek.com\/no\/automasjon\/scada\/proficy-batch-execution\/","url":"https:\/\/www.novotek.com\/no\/automasjon\/scada\/proficy-batch-execution\/","name":"Proficy Batch Execution - Novotek Norge","isPartOf":{"@id":"https:\/\/www.novotek.com\/no\/#website"},"primaryImageOfPage":{"@id":"https:\/\/www.novotek.com\/no\/automasjon\/scada\/proficy-batch-execution\/#primaryimage"},"image":{"@id":"https:\/\/www.novotek.com\/no\/automasjon\/scada\/proficy-batch-execution\/#primaryimage"},"thumbnailUrl":"https:\/\/www.novotek.com\/no\/wp-content\/uploads\/sites\/5\/Automasjon\/HMI_SCADA\/Proficy_Cimplicity\/Proficy_batchexecution_operatorview.png","datePublished":"2021-05-11T08:30:48+00:00","dateModified":"2025-12-16T09:51:44+00:00","description":"Proficy Batch Execution fra GE Vernova er en komplett automasjonsl\u00f8sning spesielt utviklet for batchproduksjon.","breadcrumb":{"@id":"https:\/\/www.novotek.com\/no\/automasjon\/scada\/proficy-batch-execution\/#breadcrumb"},"inLanguage":"nb-NO","potentialAction":[{"@type":"ReadAction","target":["https:\/\/www.novotek.com\/no\/automasjon\/scada\/proficy-batch-execution\/"]}]},{"@type":"ImageObject","inLanguage":"nb-NO","@id":"https:\/\/www.novotek.com\/no\/automasjon\/scada\/proficy-batch-execution\/#primaryimage","url":"https:\/\/www.novotek.com\/no\/wp-content\/uploads\/sites\/5\/Automasjon\/HMI_SCADA\/Proficy_Cimplicity\/Proficy_batchexecution_operatorview.png.webp","contentUrl":"https:\/\/www.novotek.com\/no\/wp-content\/uploads\/sites\/5\/Automasjon\/HMI_SCADA\/Proficy_Cimplicity\/Proficy_batchexecution_operatorview.png.webp","width":600,"height":522,"caption":"Proficy Batch Execution"},{"@type":"BreadcrumbList","@id":"https:\/\/www.novotek.com\/no\/automasjon\/scada\/proficy-batch-execution\/#breadcrumb","itemListElement":[{"@type":"ListItem","position":1,"name":"Home","item":"https:\/\/www.novotek.com\/no\/"},{"@type":"ListItem","position":2,"name":"Automasjon","item":"https:\/\/www.novotek.com\/no\/automasjon\/"},{"@type":"ListItem","position":3,"name":"HMI\/SCADA","item":"https:\/\/www.novotek.com\/no\/automasjon\/scada\/"},{"@type":"ListItem","position":4,"name":"Proficy Batch Execution"}]},{"@type":"WebSite","@id":"https:\/\/www.novotek.com\/no\/#website","url":"https:\/\/www.novotek.com\/no\/","name":"Novotek Norge","description":"Automasjon, digitalisering og Analytics","publisher":{"@id":"https:\/\/www.novotek.com\/no\/#organization"},"potentialAction":[{"@type":"SearchAction","target":{"@type":"EntryPoint","urlTemplate":"https:\/\/www.novotek.com\/no\/?s={search_term_string}"},"query-input":{"@type":"PropertyValueSpecification","valueRequired":true,"valueName":"search_term_string"}}],"inLanguage":"nb-NO"},{"@type":"Organization","@id":"https:\/\/www.novotek.com\/no\/#organization","name":"Novotek AS","url":"https:\/\/www.novotek.com\/no\/","logo":{"@type":"ImageObject","inLanguage":"nb-NO","@id":"https:\/\/www.novotek.com\/no\/#\/schema\/logo\/image\/","url":"https:\/\/www.novotek.com\/no\/wp-content\/uploads\/sites\/5\/Forside\/Novotek_logo.png","contentUrl":"https:\/\/www.novotek.com\/no\/wp-content\/uploads\/sites\/5\/Forside\/Novotek_logo.png","width":1200,"height":348,"caption":"Novotek AS"},"image":{"@id":"https:\/\/www.novotek.com\/no\/#\/schema\/logo\/image\/"},"sameAs":["https:\/\/www.linkedin.com\/company\/novotek-as"]}]}},"_links":{"self":[{"href":"https:\/\/www.novotek.com\/no\/wp-json\/wp\/v2\/pages\/134","targetHints":{"allow":["GET"]}}],"collection":[{"href":"https:\/\/www.novotek.com\/no\/wp-json\/wp\/v2\/pages"}],"about":[{"href":"https:\/\/www.novotek.com\/no\/wp-json\/wp\/v2\/types\/page"}],"author":[{"embeddable":true,"href":"https:\/\/www.novotek.com\/no\/wp-json\/wp\/v2\/users\/7"}],"replies":[{"embeddable":true,"href":"https:\/\/www.novotek.com\/no\/wp-json\/wp\/v2\/comments?post=134"}],"version-history":[{"count":49,"href":"https:\/\/www.novotek.com\/no\/wp-json\/wp\/v2\/pages\/134\/revisions"}],"predecessor-version":[{"id":17878,"href":"https:\/\/www.novotek.com\/no\/wp-json\/wp\/v2\/pages\/134\/revisions\/17878"}],"up":[{"embeddable":true,"href":"https:\/\/www.novotek.com\/no\/wp-json\/wp\/v2\/pages\/75"}],"wp:attachment":[{"href":"https:\/\/www.novotek.com\/no\/wp-json\/wp\/v2\/media?parent=134"}],"curies":[{"name":"wp","href":"https:\/\/api.w.org\/{rel}","templated":true}]}}