{"id":149,"date":"2021-05-11T08:57:58","date_gmt":"2021-05-11T08:57:58","guid":{"rendered":"https:\/\/www.novotek.com\/no\/?page_id=149"},"modified":"2025-11-25T09:47:57","modified_gmt":"2025-11-25T09:47:57","slug":"high-performance-hmi","status":"publish","type":"page","link":"https:\/\/www.novotek.com\/no\/automasjon\/scada\/high-performance-hmi\/","title":{"rendered":"High Performance HMI"},"content":{"rendered":"  <div class=\"hero\">\n    <div class=\"carousel hero-slider small\" data-flickity data-flickity-options='{\"prevNextButtons\": false}'>\n              <div class=\"carousel-cell\">\n          <div class=\"container\">\n            <div class=\"hero-content\">\n                              <h1>High Performance HMI<\/h1>\n<p>Et moderne brukergrensesnitt designet for operat\u00f8ren.<\/p>\n              \n                          <\/div>\n          <\/div>\n\n          <img decoding=\"async\" width=\"1024\" height=\"427\" src=\"https:\/\/www.novotek.com\/no\/wp-content\/uploads\/sites\/5\/Automasjon\/HMI_SCADA\/High_Performance_HMI\/Proficy_iFIX_HighPerformanceHMI-1024x427.jpg\" class=\"hero-bg\" alt=\"Hero Img\" fetchpriority=\"high\" srcset=\"https:\/\/www.novotek.com\/no\/wp-content\/uploads\/sites\/5\/Automasjon\/HMI_SCADA\/High_Performance_HMI\/Proficy_iFIX_HighPerformanceHMI-1024x427.jpg 1024w, https:\/\/www.novotek.com\/no\/wp-content\/uploads\/sites\/5\/Automasjon\/HMI_SCADA\/High_Performance_HMI\/Proficy_iFIX_HighPerformanceHMI-300x125.jpg 300w, https:\/\/www.novotek.com\/no\/wp-content\/uploads\/sites\/5\/Automasjon\/HMI_SCADA\/High_Performance_HMI\/Proficy_iFIX_HighPerformanceHMI-768x320.jpg 768w, https:\/\/www.novotek.com\/no\/wp-content\/uploads\/sites\/5\/Automasjon\/HMI_SCADA\/High_Performance_HMI\/Proficy_iFIX_HighPerformanceHMI-1536x641.jpg 1536w, https:\/\/www.novotek.com\/no\/wp-content\/uploads\/sites\/5\/Automasjon\/HMI_SCADA\/High_Performance_HMI\/Proficy_iFIX_HighPerformanceHMI.jpg 1920w\" sizes=\"(max-width: 1024px) 100vw, 1024px\" \/>                  <\/div>\n          <\/div>\n\n      <\/div>\n\n   <div class=\"floating-breadcrumb\"><div class=\"container\"><span><span><a href=\"https:\/\/www.novotek.com\/no\/\" class=\"breadcrumb-frontpage\">Home<\/a><\/span><\/span><\/div><\/div>\n\n\n<div class=\"container-md paragraph  \">\n<p>De siste 30 \u00e5rene har <strong><a href=\"https:\/\/www.novotek.com\/no\/automasjon\/scada\/\">HMI\/SCADA<\/a><\/strong> utviklet seg fra mekaniske vegger, til skjermer med h\u00f8y oppl\u00f8sning, kontrast og sterke farger. Med inspirasjon fra spillindustrien kom kraftige HMI-designverkt\u00f8y p\u00e5 markedet, og effekter som 3D, animasjon og skygge ble brukt for \u00e5 illustrere utstyr og produksjon.<\/p>\n<\/div>\n\n<div class=\"container-md paragraph  \">\n<p>Utfordringen er at dataspillgrafikken ikke skaper et milj\u00f8 for rask respons p\u00e5 endringer i prosessen. Dette er bakgrunnen for utviklingen av High Performance HMI. Brukergrensesnittet beveger seg vekk fra tillagte effekter, og presenterer i stedet et enkelt, minimalistisk brukergrensesnitt, designet for operat\u00f8ren.<\/p>\n<\/div>\n\n<div class=\"container media-text  align\">\n<div class=\"wp-block-media-text is-stacked-on-mobile\"><figure class=\"wp-block-media-text__media\"><img loading=\"lazy\" decoding=\"async\" width=\"541\" height=\"364\" src=\"https:\/\/www.novotek.com\/no\/wp-content\/uploads\/sites\/5\/Automasjon\/HMI_SCADA\/High_Performance_HMI\/HMI_before_after2-1.png\" alt=\"F\u00f8r og etter high performance HMI.\" class=\"wp-image-17303 size-full\" srcset=\"https:\/\/www.novotek.com\/no\/wp-content\/uploads\/sites\/5\/Automasjon\/HMI_SCADA\/High_Performance_HMI\/HMI_before_after2-1.png 541w, https:\/\/www.novotek.com\/no\/wp-content\/uploads\/sites\/5\/Automasjon\/HMI_SCADA\/High_Performance_HMI\/HMI_before_after2-1-300x202.png 300w, https:\/\/www.novotek.com\/no\/wp-content\/uploads\/sites\/5\/Automasjon\/HMI_SCADA\/High_Performance_HMI\/HMI_before_after2-1-86x58.png 86w, https:\/\/www.novotek.com\/no\/wp-content\/uploads\/sites\/5\/Automasjon\/HMI_SCADA\/High_Performance_HMI\/HMI_before_after2-1-306x206.png 306w\" sizes=\"auto, (max-width: 541px) 100vw, 541px\" \/><\/figure><div class=\"wp-block-media-text__content\"><div class=\"container-md heading  \">\n<h2 class=\"wp-block-heading\" id=\"h-for-og-etter-high-performance-hmi\">F\u00f8r og etter High Performance HMI<\/h2>\n<\/div>\n\n<div class=\"container-md paragraph  \">\n<p>P\u00e5 bildet kan du se forskjellen mellom et \u00abvanlig\u00bb HMI og et High Performance HMI. Hovedprinsippet er at alt som kj\u00f8rer som det skal, ikke skiller seg ut. Myke farger viser status, uten \u00e5 tiltrekke oppmerksomhet.<\/p>\n<\/div>\n\n<div class=\"container-md paragraph  \">\n<p>Operat\u00f8rskjermene designes for operat\u00f8ren, ikke for andre som er interesserte i \u00e5 forst\u00e5 prosessen. Dette er grunnen til at blant annet illustrasjoner som viser sammenkobling av maskiner og utstyr er fjernet, fordi den i mange tilfeller er basert p\u00e5 en ingeni\u00f8rs perspektiv.<\/p>\n<\/div>\n\n<div class=\"container-md paragraph  \">\n<p>Det er vanlig \u00e5 bruke tekst og tall for \u00e5 vise data med forklaringer. Her benyttes i hovedsak grafiske objekter som er enkle og effektive \u00e5 lese. Det kan sammenlignes med \u00e5 lese en analog klokke.&nbsp;&nbsp;<\/p>\n<\/div><\/div><\/div>\n<\/div>\n\n<div class=\"container media-text  align\">\n<div class=\"wp-block-media-text has-media-on-the-right is-stacked-on-mobile\"><div class=\"wp-block-media-text__content\"><div class=\"container-md heading  \">\n<h2 class=\"wp-block-heading\" id=\"h-se-verdier-og-trender-med-struktur-og-hierarki\">Se verdier og trender med struktur og hierarki<\/h2>\n<\/div>\n\n<div class=\"container-md paragraph  \">\n<p>Verdien av ulike parametere er en av de viktigste delene i et HMI\/SCADA-system. De forteller hvor vi har v\u00e6rt, hvor vi skal, og hvor raskt vi er i endring. Sammen med kontekst om hvilke verdier som er gode og d\u00e5rlige, f\u00e5r alle umiddelbar oversikt. Med denne innsikten kan operat\u00f8ren ta avgj\u00f8relser s\u00e5 raskt som mulig.<\/p>\n<\/div>\n\n<div class=\"container-md paragraph  \">\n<p>Et strukturert gjennomtenkt hierarki er viktig i et HMI\/SCADA-system. En felles navigasjonsstrategi som er enkel \u00e5 forst\u00e5 er et godt utgangspunkt. Antall niv\u00e5er kan forandre seg, men innholdet p\u00e5 v\u00e6rt niv\u00e5 b\u00f8r v\u00e6re av samme type, og med samme detaljgrad.<\/p>\n<\/div><\/div><figure class=\"wp-block-media-text__media\"><img loading=\"lazy\" decoding=\"async\" width=\"709\" height=\"462\" src=\"https:\/\/www.novotek.com\/no\/wp-content\/uploads\/sites\/5\/Automasjon\/HMI_SCADA\/High_Performance_HMI\/HMI_screen.png\" alt=\"High Performance HMI.\" class=\"wp-image-1573 size-full\" srcset=\"https:\/\/www.novotek.com\/no\/wp-content\/uploads\/sites\/5\/Automasjon\/HMI_SCADA\/High_Performance_HMI\/HMI_screen.png 709w, https:\/\/www.novotek.com\/no\/wp-content\/uploads\/sites\/5\/Automasjon\/HMI_SCADA\/High_Performance_HMI\/HMI_screen-300x195.png 300w\" sizes=\"auto, (max-width: 709px) 100vw, 709px\" \/><\/figure><\/div>\n<\/div>\n\n<div class=\"container-md heading  \">\n<h2 class=\"wp-block-heading\" id=\"h-vurder-ditt-hmi\">Vurder ditt HMI<\/h2>\n<\/div>\n\n<div class=\"container-md paragraph  \">\n<p>Hvor moderne er ditt HMI\/SCADA-system? N\u00e5r man implementerer prinsippene bak High Performance HMI, m\u00e5ler man det eksisterende systemet med karakterer fra A (h\u00f8yest) til F (lavest). Kriteriene for \u00e5 oppn\u00e5 h\u00f8y karakter er omfattende, og mange n\u00e5r ikke en gang opp til E.&nbsp;<\/p>\n<\/div>\n\n<div class=\"container-md paragraph  \">\n<p>Karakter E (best\u00e5tt) har f\u00f8lgende kriterier:<\/p>\n<\/div>\n\n<div class=\"container-md spacer  \">\n<div style=\"height:10px\" aria-hidden=\"true\" class=\"wp-block-spacer\"><\/div>\n<\/div>\n\n<div class=\"container-md list  \">\n<ul style=\"background-color:#f8f8f8\" class=\"wp-block-list has-background\"><div class=\"container-md list-item  \">\n<li>Det er enkelt for operat\u00f8r \u00e5 holde oversikt over prosessen under normale forhold.&nbsp;<\/li>\n<\/div>\n\n<div class=\"container-md list-item  \">\n<li>Operat\u00f8rer skal ha tillit til at de effektivt kan overv\u00e5ke avvik og u\u00f8nskede forhold for prosessen.&nbsp;<\/li>\n<\/div>\n\n<div class=\"container-md list-item  \">\n<li>Ved avvik eller u\u00f8nskede forhold, skal operat\u00f8ren ha oversikt over prosessen kun ved bruk av systemet. Man skal ikke trenge \u00e5 se p\u00e5 flere skjermer, se loggb\u00f8ker, lese prosedyreh\u00e5ndb\u00f8ker eller lignende.&nbsp;<\/li>\n<\/div><\/ul>\n<\/div>\n\n<div class=\"container-md paragraph  \">\n<p>Ved bruk av High Performance HMI vil du oppfylle disse kravene, og f\u00e5 resultater.<\/p>\n<\/div>\n\n<div class=\"container-md spacer  \">\n<div style=\"height:10px\" aria-hidden=\"true\" class=\"wp-block-spacer\"><\/div>\n<\/div>\n\n<div class=\"container-md heading  \">\n<h2 class=\"wp-block-heading\" id=\"h-resultater-av-high-performance-hmi\">Resultater av high performance HMI<\/h2>\n<\/div>\n\n<div class=\"container-md paragraph  \">\n<p>Med High Performance HMI har v\u00e5re kunder opplevd en betydelig forbedring i produksjonsprosessen, med kortere responstid og raskere l\u00f8sning av problemet:&nbsp;<\/p>\n<\/div>\n\n<div class=\"container-md list  \">\n<ul style=\"background-color:#f8f8f8\" class=\"wp-block-list has-background\"><div class=\"container-md list-item  \">\n<li>En femdobling i \u00e5 oppdage unormale situasjoner f\u00f8r alarmer utl\u00f8ses.<\/li>\n<\/div>\n\n<div class=\"container-md list-item  \">\n<li>37% h\u00f8yere suksessrate i h\u00e5ndtering av unormale situasjoner.&nbsp;<\/li>\n<\/div>\n\n<div class=\"container-md list-item  \">\n<li>41% mindre tid brukt p\u00e5 \u00e5 gjennomf\u00f8re oppgaver ved unormale situasjoner.<\/li>\n<\/div><\/ul>\n<\/div>\n\n<div class=\"container-md paragraph  \">\n<p>Ofte er det prosedyrer som m\u00e5 f\u00f8lges i oppstart- og stoppsituasjoner, samt i u\u00f8nskede situasjoner. Med de nye verkt\u00f8yene for prosedyrer og arbeidsflyt, kan disse integreres direkte i HMI\/SCADA-systemet, og st\u00f8tte handlinger for \u00e5 veilede operat\u00f8rer. Resultatet er et helintegrert milj\u00f8.<\/p>\n<\/div>\n\n<div class=\"container-md paragraph  \">\n<p>Novotek leverer High Performance HMI i samarbeid med v\u00e5r leverand\u00f8r <a href=\"https:\/\/www.gevernova.com\/software\/products\/hmi-scada\">GE Vernova<\/a>.<\/p>\n<\/div>\n\n<div class=\"container-md spacer  \">\n<div style=\"height:50px\" aria-hidden=\"true\" class=\"wp-block-spacer\"><\/div>\n<\/div>\n\n  <div class=\"slider-column-parent\">\n    <div class=\"container\">\n      <div class=\"slider-column-title\">V\u00e5re HMI\/SCADA-l\u00f8sninger<\/div>\n\n      <div class=\"row\">\n        <div class=\"col-12 col-md-4\"><div class=\"column-box\">\n  \n      <div class=\"title\">\n      Proficy iFIX    <\/div>\n  \n      <div class=\"text\">\n      <p>Den mest komplette HMI\/SCADA-l\u00f8sningen p\u00e5 markedet.<\/p>\n    <\/div>\n  \n      <a class=\"link\"  href=\"https:\/\/www.novotek.com\/no\/automasjon\/scada\/proficy-ifix\/\" target=\"\">\n      Les mer    <\/a>\n  \n  <\/div>\n\n<\/div><div class=\"col-12 col-md-4\"><div class=\"column-box\">\n  \n      <div class=\"title\">\n      Proficy Cimplicity    <\/div>\n  \n      <div class=\"text\">\n      <p>Kraftig klient\/server-basert l\u00f8sning, ideell for stykkproduksjon.<\/p>\n    <\/div>\n  \n      <a class=\"link\"  href=\"https:\/\/www.novotek.com\/no\/automasjon\/scada\/proficy-cimplicity\/\" target=\"\">\n      Les mer    <\/a>\n  \n  <\/div>\n\n<\/div><div class=\"col-12 col-md-4\"><div class=\"column-box\">\n  \n      <div class=\"title\">\n      Proficy Batch Execution    <\/div>\n  \n      <div class=\"text\">\n      <p>Funksjonsrik automasjonsl\u00f8sning spesielt utviklet for batchproduksjon.<\/p>\n    <\/div>\n  \n      <a class=\"link\"  href=\"https:\/\/www.novotek.com\/no\/automasjon\/scada\/proficy-batch-execution\/\" target=\"\">\n      Les mer    <\/a>\n  \n  <\/div>\n\n<\/div>      <\/div>\n    <\/div>\n  <\/div>\n\n\n<div class=\"cta-block\">\n  <div class=\"container\">\n          <h2>Vil du vite mer?<\/h2>\n    \n    \n          <a class=\"btn btn-primary\" href=\"https:\/\/www.novotek.com\/no\/contact-us\/\">Kontakt oss<\/a>\n      <\/div>\n<\/div>\n","protected":false},"excerpt":{"rendered":"<p>De siste 30 \u00e5rene har HMI\/SCADA utviklet seg fra mekaniske vegger, til skjermer med h\u00f8y oppl\u00f8sning, kontrast og sterke farger. Med inspirasjon fra spillindustrien kom kraftige HMI-designverkt\u00f8y p\u00e5 markedet, og effekter som 3D, animasjon og skygge ble brukt for \u00e5 illustrere utstyr og produksjon. Utfordringen er at dataspillgrafikken ikke skaper et milj\u00f8 for rask respons [&hellip;]<\/p>\n","protected":false},"author":7,"featured_media":0,"parent":75,"menu_order":0,"comment_status":"closed","ping_status":"closed","template":"","meta":{"_acf_changed":false,"_relevanssi_hide_post":"","_relevanssi_pin_for_all":"","_relevanssi_pin_keywords":"","_relevanssi_unpin_keywords":"","_relevanssi_related_keywords":"","_relevanssi_related_include_ids":"","_relevanssi_related_exclude_ids":"","_relevanssi_related_no_append":"","_relevanssi_related_not_related":"","_relevanssi_related_posts":"1","_relevanssi_noindex_reason":"","footnotes":""},"class_list":["post-149","page","type-page","status-publish","hentry"],"acf":[],"yoast_head":"<!-- This site is optimized with the Yoast SEO plugin v27.4 - https:\/\/yoast.com\/product\/yoast-seo-wordpress\/ -->\n<title>High Performance HMI - Novotek Norge<\/title>\n<meta name=\"description\" content=\"F\u00e5 bedre oversikt og ta raskere beslutninger med High Performance HMI, et moderne brukergrensesnitt designet for operat\u00f8ren.\" \/>\n<meta name=\"robots\" content=\"index, follow, max-snippet:-1, max-image-preview:large, max-video-preview:-1\" \/>\n<link rel=\"canonical\" href=\"https:\/\/www.novotek.com\/no\/automasjon\/scada\/high-performance-hmi\/\" \/>\n<meta property=\"og:locale\" content=\"nb_NO\" \/>\n<meta property=\"og:type\" content=\"article\" \/>\n<meta property=\"og:title\" content=\"High Performance HMI - Novotek Norge\" \/>\n<meta property=\"og:description\" content=\"F\u00e5 bedre oversikt og ta raskere beslutninger med High Performance HMI, et moderne brukergrensesnitt designet for operat\u00f8ren.\" \/>\n<meta property=\"og:url\" content=\"https:\/\/www.novotek.com\/no\/automasjon\/scada\/high-performance-hmi\/\" \/>\n<meta property=\"og:site_name\" content=\"Novotek Norge\" \/>\n<meta property=\"article:modified_time\" content=\"2025-11-25T09:47:57+00:00\" \/>\n<meta property=\"og:image\" content=\"https:\/\/www.novotek.com\/no\/wp-content\/uploads\/sites\/5\/Automasjon\/HMI_SCADA\/High_Performance_HMI\/HMI_before_after2-1.png\" \/>\n<meta name=\"twitter:card\" content=\"summary_large_image\" \/>\n<meta name=\"twitter:label1\" content=\"Ansl. lesetid\" \/>\n\t<meta name=\"twitter:data1\" content=\"4 minutter\" \/>\n<script type=\"application\/ld+json\" class=\"yoast-schema-graph\">{\"@context\":\"https:\\\/\\\/schema.org\",\"@graph\":[{\"@type\":\"WebPage\",\"@id\":\"https:\\\/\\\/www.novotek.com\\\/no\\\/automasjon\\\/scada\\\/high-performance-hmi\\\/\",\"url\":\"https:\\\/\\\/www.novotek.com\\\/no\\\/automasjon\\\/scada\\\/high-performance-hmi\\\/\",\"name\":\"High Performance HMI - Novotek Norge\",\"isPartOf\":{\"@id\":\"https:\\\/\\\/www.novotek.com\\\/no\\\/#website\"},\"primaryImageOfPage\":{\"@id\":\"https:\\\/\\\/www.novotek.com\\\/no\\\/automasjon\\\/scada\\\/high-performance-hmi\\\/#primaryimage\"},\"image\":{\"@id\":\"https:\\\/\\\/www.novotek.com\\\/no\\\/automasjon\\\/scada\\\/high-performance-hmi\\\/#primaryimage\"},\"thumbnailUrl\":\"https:\\\/\\\/www.novotek.com\\\/no\\\/wp-content\\\/uploads\\\/sites\\\/5\\\/Automasjon\\\/HMI_SCADA\\\/High_Performance_HMI\\\/HMI_before_after2-1.png\",\"datePublished\":\"2021-05-11T08:57:58+00:00\",\"dateModified\":\"2025-11-25T09:47:57+00:00\",\"description\":\"F\u00e5 bedre oversikt og ta raskere beslutninger med High Performance HMI, et moderne brukergrensesnitt designet for operat\u00f8ren.\",\"breadcrumb\":{\"@id\":\"https:\\\/\\\/www.novotek.com\\\/no\\\/automasjon\\\/scada\\\/high-performance-hmi\\\/#breadcrumb\"},\"inLanguage\":\"nb-NO\",\"potentialAction\":[{\"@type\":\"ReadAction\",\"target\":[\"https:\\\/\\\/www.novotek.com\\\/no\\\/automasjon\\\/scada\\\/high-performance-hmi\\\/\"]}]},{\"@type\":\"ImageObject\",\"inLanguage\":\"nb-NO\",\"@id\":\"https:\\\/\\\/www.novotek.com\\\/no\\\/automasjon\\\/scada\\\/high-performance-hmi\\\/#primaryimage\",\"url\":\"https:\\\/\\\/www.novotek.com\\\/no\\\/wp-content\\\/uploads\\\/sites\\\/5\\\/Automasjon\\\/HMI_SCADA\\\/High_Performance_HMI\\\/HMI_before_after2-1.png\",\"contentUrl\":\"https:\\\/\\\/www.novotek.com\\\/no\\\/wp-content\\\/uploads\\\/sites\\\/5\\\/Automasjon\\\/HMI_SCADA\\\/High_Performance_HMI\\\/HMI_before_after2-1.png\",\"width\":541,\"height\":364,\"caption\":\"F\u00f8r og etter high performance HMI.\"},{\"@type\":\"BreadcrumbList\",\"@id\":\"https:\\\/\\\/www.novotek.com\\\/no\\\/automasjon\\\/scada\\\/high-performance-hmi\\\/#breadcrumb\",\"itemListElement\":[{\"@type\":\"ListItem\",\"position\":1,\"name\":\"Home\",\"item\":\"https:\\\/\\\/www.novotek.com\\\/no\\\/\"},{\"@type\":\"ListItem\",\"position\":2,\"name\":\"Automasjon\",\"item\":\"https:\\\/\\\/www.novotek.com\\\/no\\\/automasjon\\\/\"},{\"@type\":\"ListItem\",\"position\":3,\"name\":\"HMI\\\/SCADA\",\"item\":\"https:\\\/\\\/www.novotek.com\\\/no\\\/automasjon\\\/scada\\\/\"},{\"@type\":\"ListItem\",\"position\":4,\"name\":\"High Performance HMI\"}]},{\"@type\":\"WebSite\",\"@id\":\"https:\\\/\\\/www.novotek.com\\\/no\\\/#website\",\"url\":\"https:\\\/\\\/www.novotek.com\\\/no\\\/\",\"name\":\"Novotek Norge\",\"description\":\"Automasjon, digitalisering og Analytics\",\"publisher\":{\"@id\":\"https:\\\/\\\/www.novotek.com\\\/no\\\/#organization\"},\"potentialAction\":[{\"@type\":\"SearchAction\",\"target\":{\"@type\":\"EntryPoint\",\"urlTemplate\":\"https:\\\/\\\/www.novotek.com\\\/no\\\/?s={search_term_string}\"},\"query-input\":{\"@type\":\"PropertyValueSpecification\",\"valueRequired\":true,\"valueName\":\"search_term_string\"}}],\"inLanguage\":\"nb-NO\"},{\"@type\":\"Organization\",\"@id\":\"https:\\\/\\\/www.novotek.com\\\/no\\\/#organization\",\"name\":\"Novotek AS\",\"url\":\"https:\\\/\\\/www.novotek.com\\\/no\\\/\",\"logo\":{\"@type\":\"ImageObject\",\"inLanguage\":\"nb-NO\",\"@id\":\"https:\\\/\\\/www.novotek.com\\\/no\\\/#\\\/schema\\\/logo\\\/image\\\/\",\"url\":\"https:\\\/\\\/www.novotek.com\\\/no\\\/wp-content\\\/uploads\\\/sites\\\/5\\\/Forside\\\/Novotek_logo.png\",\"contentUrl\":\"https:\\\/\\\/www.novotek.com\\\/no\\\/wp-content\\\/uploads\\\/sites\\\/5\\\/Forside\\\/Novotek_logo.png\",\"width\":1200,\"height\":348,\"caption\":\"Novotek AS\"},\"image\":{\"@id\":\"https:\\\/\\\/www.novotek.com\\\/no\\\/#\\\/schema\\\/logo\\\/image\\\/\"},\"sameAs\":[\"https:\\\/\\\/www.linkedin.com\\\/company\\\/novotek-as\"]}]}<\/script>\n<!-- \/ Yoast SEO plugin. -->","yoast_head_json":{"title":"High Performance HMI - Novotek Norge","description":"F\u00e5 bedre oversikt og ta raskere beslutninger med High Performance HMI, et moderne brukergrensesnitt designet for operat\u00f8ren.","robots":{"index":"index","follow":"follow","max-snippet":"max-snippet:-1","max-image-preview":"max-image-preview:large","max-video-preview":"max-video-preview:-1"},"canonical":"https:\/\/www.novotek.com\/no\/automasjon\/scada\/high-performance-hmi\/","og_locale":"nb_NO","og_type":"article","og_title":"High Performance HMI - Novotek Norge","og_description":"F\u00e5 bedre oversikt og ta raskere beslutninger med High Performance HMI, et moderne brukergrensesnitt designet for operat\u00f8ren.","og_url":"https:\/\/www.novotek.com\/no\/automasjon\/scada\/high-performance-hmi\/","og_site_name":"Novotek Norge","article_modified_time":"2025-11-25T09:47:57+00:00","og_image":[{"url":"https:\/\/www.novotek.com\/no\/wp-content\/uploads\/sites\/5\/Automasjon\/HMI_SCADA\/High_Performance_HMI\/HMI_before_after2-1.png","type":"","width":"","height":""}],"twitter_card":"summary_large_image","twitter_misc":{"Ansl. lesetid":"4 minutter"},"schema":{"@context":"https:\/\/schema.org","@graph":[{"@type":"WebPage","@id":"https:\/\/www.novotek.com\/no\/automasjon\/scada\/high-performance-hmi\/","url":"https:\/\/www.novotek.com\/no\/automasjon\/scada\/high-performance-hmi\/","name":"High Performance HMI - Novotek Norge","isPartOf":{"@id":"https:\/\/www.novotek.com\/no\/#website"},"primaryImageOfPage":{"@id":"https:\/\/www.novotek.com\/no\/automasjon\/scada\/high-performance-hmi\/#primaryimage"},"image":{"@id":"https:\/\/www.novotek.com\/no\/automasjon\/scada\/high-performance-hmi\/#primaryimage"},"thumbnailUrl":"https:\/\/www.novotek.com\/no\/wp-content\/uploads\/sites\/5\/Automasjon\/HMI_SCADA\/High_Performance_HMI\/HMI_before_after2-1.png","datePublished":"2021-05-11T08:57:58+00:00","dateModified":"2025-11-25T09:47:57+00:00","description":"F\u00e5 bedre oversikt og ta raskere beslutninger med High Performance HMI, et moderne brukergrensesnitt designet for operat\u00f8ren.","breadcrumb":{"@id":"https:\/\/www.novotek.com\/no\/automasjon\/scada\/high-performance-hmi\/#breadcrumb"},"inLanguage":"nb-NO","potentialAction":[{"@type":"ReadAction","target":["https:\/\/www.novotek.com\/no\/automasjon\/scada\/high-performance-hmi\/"]}]},{"@type":"ImageObject","inLanguage":"nb-NO","@id":"https:\/\/www.novotek.com\/no\/automasjon\/scada\/high-performance-hmi\/#primaryimage","url":"https:\/\/www.novotek.com\/no\/wp-content\/uploads\/sites\/5\/Automasjon\/HMI_SCADA\/High_Performance_HMI\/HMI_before_after2-1.png","contentUrl":"https:\/\/www.novotek.com\/no\/wp-content\/uploads\/sites\/5\/Automasjon\/HMI_SCADA\/High_Performance_HMI\/HMI_before_after2-1.png","width":541,"height":364,"caption":"F\u00f8r og etter high performance HMI."},{"@type":"BreadcrumbList","@id":"https:\/\/www.novotek.com\/no\/automasjon\/scada\/high-performance-hmi\/#breadcrumb","itemListElement":[{"@type":"ListItem","position":1,"name":"Home","item":"https:\/\/www.novotek.com\/no\/"},{"@type":"ListItem","position":2,"name":"Automasjon","item":"https:\/\/www.novotek.com\/no\/automasjon\/"},{"@type":"ListItem","position":3,"name":"HMI\/SCADA","item":"https:\/\/www.novotek.com\/no\/automasjon\/scada\/"},{"@type":"ListItem","position":4,"name":"High Performance HMI"}]},{"@type":"WebSite","@id":"https:\/\/www.novotek.com\/no\/#website","url":"https:\/\/www.novotek.com\/no\/","name":"Novotek Norge","description":"Automasjon, digitalisering og Analytics","publisher":{"@id":"https:\/\/www.novotek.com\/no\/#organization"},"potentialAction":[{"@type":"SearchAction","target":{"@type":"EntryPoint","urlTemplate":"https:\/\/www.novotek.com\/no\/?s={search_term_string}"},"query-input":{"@type":"PropertyValueSpecification","valueRequired":true,"valueName":"search_term_string"}}],"inLanguage":"nb-NO"},{"@type":"Organization","@id":"https:\/\/www.novotek.com\/no\/#organization","name":"Novotek AS","url":"https:\/\/www.novotek.com\/no\/","logo":{"@type":"ImageObject","inLanguage":"nb-NO","@id":"https:\/\/www.novotek.com\/no\/#\/schema\/logo\/image\/","url":"https:\/\/www.novotek.com\/no\/wp-content\/uploads\/sites\/5\/Forside\/Novotek_logo.png","contentUrl":"https:\/\/www.novotek.com\/no\/wp-content\/uploads\/sites\/5\/Forside\/Novotek_logo.png","width":1200,"height":348,"caption":"Novotek AS"},"image":{"@id":"https:\/\/www.novotek.com\/no\/#\/schema\/logo\/image\/"},"sameAs":["https:\/\/www.linkedin.com\/company\/novotek-as"]}]}},"_links":{"self":[{"href":"https:\/\/www.novotek.com\/no\/wp-json\/wp\/v2\/pages\/149","targetHints":{"allow":["GET"]}}],"collection":[{"href":"https:\/\/www.novotek.com\/no\/wp-json\/wp\/v2\/pages"}],"about":[{"href":"https:\/\/www.novotek.com\/no\/wp-json\/wp\/v2\/types\/page"}],"author":[{"embeddable":true,"href":"https:\/\/www.novotek.com\/no\/wp-json\/wp\/v2\/users\/7"}],"replies":[{"embeddable":true,"href":"https:\/\/www.novotek.com\/no\/wp-json\/wp\/v2\/comments?post=149"}],"version-history":[{"count":33,"href":"https:\/\/www.novotek.com\/no\/wp-json\/wp\/v2\/pages\/149\/revisions"}],"predecessor-version":[{"id":18653,"href":"https:\/\/www.novotek.com\/no\/wp-json\/wp\/v2\/pages\/149\/revisions\/18653"}],"up":[{"embeddable":true,"href":"https:\/\/www.novotek.com\/no\/wp-json\/wp\/v2\/pages\/75"}],"wp:attachment":[{"href":"https:\/\/www.novotek.com\/no\/wp-json\/wp\/v2\/media?parent=149"}],"curies":[{"name":"wp","href":"https:\/\/api.w.org\/{rel}","templated":true}]}}