{"id":15,"date":"2021-04-06T12:07:46","date_gmt":"2021-04-06T12:07:46","guid":{"rendered":"https:\/\/www.novotek.com\/no\/?page_id=15"},"modified":"2025-01-03T13:13:43","modified_gmt":"2025-01-03T13:13:43","slug":"artikler","status":"publish","type":"page","link":"https:\/\/www.novotek.com\/no\/artikler\/","title":{"rendered":"Artikler"},"content":{"rendered":"<div class=\"container-md heading  \">\n<h1 class=\"wp-block-heading\" id=\"insights\">Artikler<\/h1>\n<\/div>\n\n<div class=\"container-md paragraph  \">\n<p>Industri, teknologi, data og mennesker: F\u00e5 bedre innsikt i industriell digitalisering og l\u00e6r mer om ulike l\u00f8sninger.<\/p>\n<\/div>","protected":false},"excerpt":{"rendered":"<p>Artikler Industri, teknologi, data og mennesker: F\u00e5 bedre innsikt i industriell digitalisering og l\u00e6r mer om ulike l\u00f8sninger.<\/p>\n","protected":false},"author":1,"featured_media":3660,"parent":0,"menu_order":0,"comment_status":"closed","ping_status":"closed","template":"","meta":{"_acf_changed":false,"_relevanssi_hide_post":"","_relevanssi_pin_for_all":"","_relevanssi_pin_keywords":"","_relevanssi_unpin_keywords":"","_relevanssi_related_keywords":"","_relevanssi_related_include_ids":"","_relevanssi_related_exclude_ids":"","_relevanssi_related_no_append":"","_relevanssi_related_not_related":"","_relevanssi_related_posts":"1","_relevanssi_noindex_reason":"","footnotes":""},"class_list":["post-15","page","type-page","status-publish","has-post-thumbnail","hentry"],"acf":[],"yoast_head":"<!-- This site is optimized with the Yoast SEO plugin v27.4 - https:\/\/yoast.com\/product\/yoast-seo-wordpress\/ -->\n<title>Artikler - Novotek Norge<\/title>\n<meta name=\"description\" content=\"Industri, teknologi, data og mennesker: F\u00e5 bedre innsikt i industriell digitalisering og l\u00e6r mer om ulike l\u00f8sninger via v\u00e5re insights.\" \/>\n<meta name=\"robots\" content=\"index, follow, max-snippet:-1, max-image-preview:large, max-video-preview:-1\" \/>\n<link rel=\"canonical\" href=\"https:\/\/www.novotek.com\/no\/artikler\/\" \/>\n<meta property=\"og:locale\" content=\"nb_NO\" \/>\n<meta property=\"og:type\" content=\"article\" \/>\n<meta property=\"og:title\" content=\"Artikler - Novotek Norge\" \/>\n<meta property=\"og:description\" content=\"Industri, teknologi, data og mennesker: F\u00e5 bedre innsikt i industriell digitalisering og l\u00e6r mer om ulike l\u00f8sninger via v\u00e5re insights.\" \/>\n<meta property=\"og:url\" content=\"https:\/\/www.novotek.com\/no\/artikler\/\" \/>\n<meta property=\"og:site_name\" content=\"Novotek Norge\" \/>\n<meta property=\"article:modified_time\" content=\"2025-01-03T13:13:43+00:00\" \/>\n<meta property=\"og:image\" content=\"https:\/\/www.novotek.com\/no\/wp-content\/uploads\/sites\/5\/Insights\/Insights_Header_1920x800_.jpg\" \/>\n\t<meta property=\"og:image:width\" content=\"1920\" \/>\n\t<meta property=\"og:image:height\" content=\"800\" \/>\n\t<meta property=\"og:image:type\" content=\"image\/jpeg\" \/>\n<meta name=\"twitter:card\" content=\"summary_large_image\" \/>\n<meta name=\"twitter:label1\" content=\"Ansl. lesetid\" \/>\n\t<meta name=\"twitter:data1\" content=\"1 minutt\" \/>\n<script type=\"application\/ld+json\" class=\"yoast-schema-graph\">{\"@context\":\"https:\\\/\\\/schema.org\",\"@graph\":[{\"@type\":\"WebPage\",\"@id\":\"https:\\\/\\\/www.novotek.com\\\/no\\\/artikler\\\/\",\"url\":\"https:\\\/\\\/www.novotek.com\\\/no\\\/artikler\\\/\",\"name\":\"Artikler - Novotek Norge\",\"isPartOf\":{\"@id\":\"https:\\\/\\\/www.novotek.com\\\/no\\\/#website\"},\"primaryImageOfPage\":{\"@id\":\"https:\\\/\\\/www.novotek.com\\\/no\\\/artikler\\\/#primaryimage\"},\"image\":{\"@id\":\"https:\\\/\\\/www.novotek.com\\\/no\\\/artikler\\\/#primaryimage\"},\"thumbnailUrl\":\"https:\\\/\\\/www.novotek.com\\\/no\\\/wp-content\\\/uploads\\\/sites\\\/5\\\/Insights\\\/Insights_Header_1920x800_.jpg\",\"datePublished\":\"2021-04-06T12:07:46+00:00\",\"dateModified\":\"2025-01-03T13:13:43+00:00\",\"description\":\"Industri, teknologi, data og mennesker: F\u00e5 bedre innsikt i industriell digitalisering og l\u00e6r mer om ulike l\u00f8sninger via v\u00e5re insights.\",\"breadcrumb\":{\"@id\":\"https:\\\/\\\/www.novotek.com\\\/no\\\/artikler\\\/#breadcrumb\"},\"inLanguage\":\"nb-NO\",\"potentialAction\":[{\"@type\":\"ReadAction\",\"target\":[\"https:\\\/\\\/www.novotek.com\\\/no\\\/artikler\\\/\"]}]},{\"@type\":\"ImageObject\",\"inLanguage\":\"nb-NO\",\"@id\":\"https:\\\/\\\/www.novotek.com\\\/no\\\/artikler\\\/#primaryimage\",\"url\":\"https:\\\/\\\/www.novotek.com\\\/no\\\/wp-content\\\/uploads\\\/sites\\\/5\\\/Insights\\\/Insights_Header_1920x800_.jpg\",\"contentUrl\":\"https:\\\/\\\/www.novotek.com\\\/no\\\/wp-content\\\/uploads\\\/sites\\\/5\\\/Insights\\\/Insights_Header_1920x800_.jpg\",\"width\":1920,\"height\":800,\"caption\":\"Lysp\u00e6rer\"},{\"@type\":\"BreadcrumbList\",\"@id\":\"https:\\\/\\\/www.novotek.com\\\/no\\\/artikler\\\/#breadcrumb\",\"itemListElement\":[{\"@type\":\"ListItem\",\"position\":1,\"name\":\"Home\",\"item\":\"https:\\\/\\\/www.novotek.com\\\/no\\\/\"},{\"@type\":\"ListItem\",\"position\":2,\"name\":\"Artikler\"}]},{\"@type\":\"WebSite\",\"@id\":\"https:\\\/\\\/www.novotek.com\\\/no\\\/#website\",\"url\":\"https:\\\/\\\/www.novotek.com\\\/no\\\/\",\"name\":\"Novotek Norge\",\"description\":\"Automasjon, digitalisering og Analytics\",\"publisher\":{\"@id\":\"https:\\\/\\\/www.novotek.com\\\/no\\\/#organization\"},\"potentialAction\":[{\"@type\":\"SearchAction\",\"target\":{\"@type\":\"EntryPoint\",\"urlTemplate\":\"https:\\\/\\\/www.novotek.com\\\/no\\\/?s={search_term_string}\"},\"query-input\":{\"@type\":\"PropertyValueSpecification\",\"valueRequired\":true,\"valueName\":\"search_term_string\"}}],\"inLanguage\":\"nb-NO\"},{\"@type\":\"Organization\",\"@id\":\"https:\\\/\\\/www.novotek.com\\\/no\\\/#organization\",\"name\":\"Novotek AS\",\"url\":\"https:\\\/\\\/www.novotek.com\\\/no\\\/\",\"logo\":{\"@type\":\"ImageObject\",\"inLanguage\":\"nb-NO\",\"@id\":\"https:\\\/\\\/www.novotek.com\\\/no\\\/#\\\/schema\\\/logo\\\/image\\\/\",\"url\":\"https:\\\/\\\/www.novotek.com\\\/no\\\/wp-content\\\/uploads\\\/sites\\\/5\\\/Forside\\\/Novotek_logo.png\",\"contentUrl\":\"https:\\\/\\\/www.novotek.com\\\/no\\\/wp-content\\\/uploads\\\/sites\\\/5\\\/Forside\\\/Novotek_logo.png\",\"width\":1200,\"height\":348,\"caption\":\"Novotek AS\"},\"image\":{\"@id\":\"https:\\\/\\\/www.novotek.com\\\/no\\\/#\\\/schema\\\/logo\\\/image\\\/\"},\"sameAs\":[\"https:\\\/\\\/www.linkedin.com\\\/company\\\/novotek-as\"]}]}<\/script>\n<!-- \/ Yoast SEO plugin. -->","yoast_head_json":{"title":"Artikler - Novotek Norge","description":"Industri, teknologi, data og mennesker: F\u00e5 bedre innsikt i industriell digitalisering og l\u00e6r mer om ulike l\u00f8sninger via v\u00e5re insights.","robots":{"index":"index","follow":"follow","max-snippet":"max-snippet:-1","max-image-preview":"max-image-preview:large","max-video-preview":"max-video-preview:-1"},"canonical":"https:\/\/www.novotek.com\/no\/artikler\/","og_locale":"nb_NO","og_type":"article","og_title":"Artikler - Novotek Norge","og_description":"Industri, teknologi, data og mennesker: F\u00e5 bedre innsikt i industriell digitalisering og l\u00e6r mer om ulike l\u00f8sninger via v\u00e5re insights.","og_url":"https:\/\/www.novotek.com\/no\/artikler\/","og_site_name":"Novotek Norge","article_modified_time":"2025-01-03T13:13:43+00:00","og_image":[{"width":1920,"height":800,"url":"https:\/\/www.novotek.com\/no\/wp-content\/uploads\/sites\/5\/Insights\/Insights_Header_1920x800_.jpg","type":"image\/jpeg"}],"twitter_card":"summary_large_image","twitter_misc":{"Ansl. lesetid":"1 minutt"},"schema":{"@context":"https:\/\/schema.org","@graph":[{"@type":"WebPage","@id":"https:\/\/www.novotek.com\/no\/artikler\/","url":"https:\/\/www.novotek.com\/no\/artikler\/","name":"Artikler - Novotek Norge","isPartOf":{"@id":"https:\/\/www.novotek.com\/no\/#website"},"primaryImageOfPage":{"@id":"https:\/\/www.novotek.com\/no\/artikler\/#primaryimage"},"image":{"@id":"https:\/\/www.novotek.com\/no\/artikler\/#primaryimage"},"thumbnailUrl":"https:\/\/www.novotek.com\/no\/wp-content\/uploads\/sites\/5\/Insights\/Insights_Header_1920x800_.jpg","datePublished":"2021-04-06T12:07:46+00:00","dateModified":"2025-01-03T13:13:43+00:00","description":"Industri, teknologi, data og mennesker: F\u00e5 bedre innsikt i industriell digitalisering og l\u00e6r mer om ulike l\u00f8sninger via v\u00e5re insights.","breadcrumb":{"@id":"https:\/\/www.novotek.com\/no\/artikler\/#breadcrumb"},"inLanguage":"nb-NO","potentialAction":[{"@type":"ReadAction","target":["https:\/\/www.novotek.com\/no\/artikler\/"]}]},{"@type":"ImageObject","inLanguage":"nb-NO","@id":"https:\/\/www.novotek.com\/no\/artikler\/#primaryimage","url":"https:\/\/www.novotek.com\/no\/wp-content\/uploads\/sites\/5\/Insights\/Insights_Header_1920x800_.jpg","contentUrl":"https:\/\/www.novotek.com\/no\/wp-content\/uploads\/sites\/5\/Insights\/Insights_Header_1920x800_.jpg","width":1920,"height":800,"caption":"Lysp\u00e6rer"},{"@type":"BreadcrumbList","@id":"https:\/\/www.novotek.com\/no\/artikler\/#breadcrumb","itemListElement":[{"@type":"ListItem","position":1,"name":"Home","item":"https:\/\/www.novotek.com\/no\/"},{"@type":"ListItem","position":2,"name":"Artikler"}]},{"@type":"WebSite","@id":"https:\/\/www.novotek.com\/no\/#website","url":"https:\/\/www.novotek.com\/no\/","name":"Novotek Norge","description":"Automasjon, digitalisering og Analytics","publisher":{"@id":"https:\/\/www.novotek.com\/no\/#organization"},"potentialAction":[{"@type":"SearchAction","target":{"@type":"EntryPoint","urlTemplate":"https:\/\/www.novotek.com\/no\/?s={search_term_string}"},"query-input":{"@type":"PropertyValueSpecification","valueRequired":true,"valueName":"search_term_string"}}],"inLanguage":"nb-NO"},{"@type":"Organization","@id":"https:\/\/www.novotek.com\/no\/#organization","name":"Novotek AS","url":"https:\/\/www.novotek.com\/no\/","logo":{"@type":"ImageObject","inLanguage":"nb-NO","@id":"https:\/\/www.novotek.com\/no\/#\/schema\/logo\/image\/","url":"https:\/\/www.novotek.com\/no\/wp-content\/uploads\/sites\/5\/Forside\/Novotek_logo.png","contentUrl":"https:\/\/www.novotek.com\/no\/wp-content\/uploads\/sites\/5\/Forside\/Novotek_logo.png","width":1200,"height":348,"caption":"Novotek AS"},"image":{"@id":"https:\/\/www.novotek.com\/no\/#\/schema\/logo\/image\/"},"sameAs":["https:\/\/www.linkedin.com\/company\/novotek-as"]}]}},"_links":{"self":[{"href":"https:\/\/www.novotek.com\/no\/wp-json\/wp\/v2\/pages\/15","targetHints":{"allow":["GET"]}}],"collection":[{"href":"https:\/\/www.novotek.com\/no\/wp-json\/wp\/v2\/pages"}],"about":[{"href":"https:\/\/www.novotek.com\/no\/wp-json\/wp\/v2\/types\/page"}],"author":[{"embeddable":true,"href":"https:\/\/www.novotek.com\/no\/wp-json\/wp\/v2\/users\/1"}],"replies":[{"embeddable":true,"href":"https:\/\/www.novotek.com\/no\/wp-json\/wp\/v2\/comments?post=15"}],"version-history":[{"count":13,"href":"https:\/\/www.novotek.com\/no\/wp-json\/wp\/v2\/pages\/15\/revisions"}],"predecessor-version":[{"id":14270,"href":"https:\/\/www.novotek.com\/no\/wp-json\/wp\/v2\/pages\/15\/revisions\/14270"}],"wp:featuredmedia":[{"embeddable":true,"href":"https:\/\/www.novotek.com\/no\/wp-json\/wp\/v2\/media\/3660"}],"wp:attachment":[{"href":"https:\/\/www.novotek.com\/no\/wp-json\/wp\/v2\/media?parent=15"}],"curies":[{"name":"wp","href":"https:\/\/api.w.org\/{rel}","templated":true}]}}