{"id":155,"date":"2021-05-11T09:01:14","date_gmt":"2021-05-11T09:01:14","guid":{"rendered":"https:\/\/www.novotek.com\/no\/?page_id=155"},"modified":"2026-04-22T10:38:58","modified_gmt":"2026-04-22T10:38:58","slug":"proficy-workflow","status":"publish","type":"page","link":"https:\/\/www.novotek.com\/no\/digitalisering\/mes\/proficy-workflow\/","title":{"rendered":"Proficy Workflow"},"content":{"rendered":"  <div class=\"hero\">\n    <div class=\"carousel hero-slider small\" data-flickity data-flickity-options='{\"prevNextButtons\": false}'>\n              <div class=\"carousel-cell\">\n          <div class=\"container\">\n            <div class=\"hero-content\">\n                              <h1>Proficy Workflow<\/h1>\n<p>Digitaliser manuelle arbeidsoppgaver og f\u00e5 bedre konsistens og forutsigbarhet i produksjonen.<\/p>\n              \n                          <\/div>\n          <\/div>\n\n          <img decoding=\"async\" width=\"1024\" height=\"427\" src=\"https:\/\/www.novotek.com\/no\/wp-content\/uploads\/sites\/5\/Digitalisering\/MES\/Proficy_Workflow\/Novotek_Proficy_Workflow_duotone_1920x800-1024x427.jpg\" class=\"hero-bg\" alt=\"Hero Img\" fetchpriority=\"high\" srcset=\"https:\/\/www.novotek.com\/no\/wp-content\/uploads\/sites\/5\/Digitalisering\/MES\/Proficy_Workflow\/Novotek_Proficy_Workflow_duotone_1920x800-1024x427.jpg 1024w, https:\/\/www.novotek.com\/no\/wp-content\/uploads\/sites\/5\/Digitalisering\/MES\/Proficy_Workflow\/Novotek_Proficy_Workflow_duotone_1920x800-300x125.jpg 300w, https:\/\/www.novotek.com\/no\/wp-content\/uploads\/sites\/5\/Digitalisering\/MES\/Proficy_Workflow\/Novotek_Proficy_Workflow_duotone_1920x800-768x320.jpg 768w, https:\/\/www.novotek.com\/no\/wp-content\/uploads\/sites\/5\/Digitalisering\/MES\/Proficy_Workflow\/Novotek_Proficy_Workflow_duotone_1920x800-1536x640.jpg 1536w, https:\/\/www.novotek.com\/no\/wp-content\/uploads\/sites\/5\/Digitalisering\/MES\/Proficy_Workflow\/Novotek_Proficy_Workflow_duotone_1920x800.jpg 1920w\" sizes=\"(max-width: 1024px) 100vw, 1024px\" \/>                  <\/div>\n          <\/div>\n\n      <\/div>\n\n   <div class=\"floating-breadcrumb\"><div class=\"container\"><span><span><a href=\"https:\/\/www.novotek.com\/no\/\" class=\"breadcrumb-frontpage\">Home<\/a><\/span><\/span><\/div><\/div>\n\n\n<div class=\"container-md paragraph  \">\n<p>Proficy Workflow fra GE Vernova gir operat\u00f8rer interaktive, steg-for-steg-instruksjoner, for \u00e5 guide rette handlinger til riktig tid. Du f\u00e5r et verkt\u00f8y som kan digitalisere manuelle, halvmanuelle og automatiske prosesser p\u00e5 tvers av hele virksomheten, fra anleggsoperat\u00f8rer til ledere.<\/p>\n<\/div>\n\n<div class=\"container-md paragraph  \">\n<p>Proficy Workflow fungerer overens med PLS-, HMI\/SCADA- og MES-systemer. Med tydelig veiledning kan personalet respondere raskere p\u00e5 hendelser og alarmer, og unng\u00e5 at operasjoner glemmes. Resultatet er mer effektiv drift.&nbsp;<\/p>\n<\/div>\n\n<div class=\"container-md spacer  \">\n<div style=\"height:10px\" aria-hidden=\"true\" class=\"wp-block-spacer\"><\/div>\n<\/div>\n\n<div class=\"container-md heading  \">\n<h2 class=\"wp-block-heading\">F\u00e5 bedre rutiner med Proficy Workflow<\/h2>\n<\/div>\n\n<div class=\"container-md paragraph  \">\n<p>Tydelige instruksjoner for arbeidsoppgaver f\u00f8rer til bedre konsistens og forutsigbarhet i produksjonen. Det umiddelbare resultatet er f\u00e6rre feil. I tillegg reduserer like instruksjoner behovet for oppl\u00e6ring, og det blir enklere \u00e5 innf\u00f8re nye rutiner og prosesser. Se hvordan Proficy Workflow kan brukes i videoen nedenfor.<\/p>\n<\/div>\n\n<div class=\"container-md spacer  \">\n<div style=\"height:25px\" aria-hidden=\"true\" class=\"wp-block-spacer\"><\/div>\n<\/div>\n\n<div class=\"container media-text  align\">\n<div class=\"wp-block-media-text is-stacked-on-mobile\"><figure class=\"wp-block-media-text__media\"><img loading=\"lazy\" decoding=\"async\" width=\"600\" height=\"429\" src=\"https:\/\/www.novotek.com\/no\/wp-content\/uploads\/sites\/5\/Digitalisering\/MES\/Proficy_Workflow\/Proficy_Workflow_instructions.png\" alt=\"Proficy Workflow mockup work instructions\" class=\"wp-image-17344 size-full\" srcset=\"https:\/\/www.novotek.com\/no\/wp-content\/uploads\/sites\/5\/Digitalisering\/MES\/Proficy_Workflow\/Proficy_Workflow_instructions.png 600w, https:\/\/www.novotek.com\/no\/wp-content\/uploads\/sites\/5\/Digitalisering\/MES\/Proficy_Workflow\/Proficy_Workflow_instructions-300x215.png 300w, https:\/\/www.novotek.com\/no\/wp-content\/uploads\/sites\/5\/Digitalisering\/MES\/Proficy_Workflow\/Proficy_Workflow_instructions-86x61.png 86w, https:\/\/www.novotek.com\/no\/wp-content\/uploads\/sites\/5\/Digitalisering\/MES\/Proficy_Workflow\/Proficy_Workflow_instructions-306x219.png 306w\" sizes=\"auto, (max-width: 600px) 100vw, 600px\" \/><\/figure><div class=\"wp-block-media-text__content\"><div class=\"container-md heading  \">\n<h4 class=\"wp-block-heading\">Opprett workflows<\/h4>\n<\/div>\n\n<div class=\"container-md paragraph  \">\n<p>I dagens komplekse produksjoner er det viktig at riktig personell f\u00e5r rett informasjon, og kun disse kan gj\u00f8re endringer. Med Proficy Workflow kan oppgaver og hendelser enkelt delegeres. Objekter, workflows eller bilder kan styres slik at kun bestemt personell har tilgang, og du kj\u00f8re riktige operat\u00f8rhandlinger, &#8211; hver gang.&nbsp;<\/p>\n<\/div><\/div><\/div>\n<\/div>\n\n<div class=\"container media-text  align\">\n<div class=\"wp-block-media-text has-media-on-the-right is-stacked-on-mobile\"><div class=\"wp-block-media-text__content\"><div class=\"container-md heading  \">\n<h4 class=\"wp-block-heading\">H\u00e5ndter alarmer<\/h4>\n<\/div>\n\n<div class=\"container-md paragraph  \">\n<p>Proficy Workflow kan integreres med b\u00e5de HMI\/SCADA og MES, og gir deg tilgang til enkel alarmh\u00e5ndtering. Med guidet hendelsesrespons reduseres tiden brukt p\u00e5 feils\u00f8king. <\/p>\n<\/div><\/div><figure class=\"wp-block-media-text__media\"><img loading=\"lazy\" decoding=\"async\" width=\"600\" height=\"429\" src=\"https:\/\/www.novotek.com\/no\/wp-content\/uploads\/sites\/5\/Digitalisering\/MES\/Proficy_Workflow\/Proficy_Workflow_Alarm.jpg\" alt=\"Proficy Workflow alarms\" class=\"wp-image-17358 size-full\" srcset=\"https:\/\/www.novotek.com\/no\/wp-content\/uploads\/sites\/5\/Digitalisering\/MES\/Proficy_Workflow\/Proficy_Workflow_Alarm.jpg 600w, https:\/\/www.novotek.com\/no\/wp-content\/uploads\/sites\/5\/Digitalisering\/MES\/Proficy_Workflow\/Proficy_Workflow_Alarm-300x215.jpg 300w, https:\/\/www.novotek.com\/no\/wp-content\/uploads\/sites\/5\/Digitalisering\/MES\/Proficy_Workflow\/Proficy_Workflow_Alarm-86x61.jpg 86w, https:\/\/www.novotek.com\/no\/wp-content\/uploads\/sites\/5\/Digitalisering\/MES\/Proficy_Workflow\/Proficy_Workflow_Alarm-306x219.jpg 306w\" sizes=\"auto, (max-width: 600px) 100vw, 600px\" \/><\/figure><\/div>\n<\/div>\n\n<div class=\"container media-text  align\">\n<div class=\"wp-block-media-text is-stacked-on-mobile\"><figure class=\"wp-block-media-text__media\"><img loading=\"lazy\" decoding=\"async\" width=\"593\" height=\"346\" src=\"https:\/\/www.novotek.com\/no\/wp-content\/uploads\/sites\/5\/Digitalisering\/MES\/Proficy_Workflow\/GEdigital_Proficy_Workflow_documentation.png\" alt=\"\" class=\"wp-image-2057 size-full\" srcset=\"https:\/\/www.novotek.com\/no\/wp-content\/uploads\/sites\/5\/Digitalisering\/MES\/Proficy_Workflow\/GEdigital_Proficy_Workflow_documentation.png 593w, https:\/\/www.novotek.com\/no\/wp-content\/uploads\/sites\/5\/Digitalisering\/MES\/Proficy_Workflow\/GEdigital_Proficy_Workflow_documentation-300x175.png 300w\" sizes=\"auto, (max-width: 593px) 100vw, 593px\" \/><\/figure><div class=\"wp-block-media-text__content\"><div class=\"container-md heading  \">\n<h4 class=\"wp-block-heading\">Dokumenter arbeidsprosessen<\/h4>\n<\/div>\n\n<div class=\"container-md paragraph  \">\n<p>Opprett og dokumenter hundrevis av workflows for digitalisering av din bedrift. Med detaljerte workflows blir b\u00e5de sm\u00e5 og komplekse arbeidsoppgaver raskere og enklere \u00e5 gjennomf\u00f8re, &#8211; p\u00e5 riktig m\u00e5te.<\/p>\n<\/div><\/div><\/div>\n<\/div>\n\n<div class=\"container media-text  align\">\n<div class=\"wp-block-media-text has-media-on-the-right is-stacked-on-mobile\"><div class=\"wp-block-media-text__content\"><div class=\"container-md heading  \">\n<h4 class=\"wp-block-heading\">Lag rapporter<\/h4>\n<\/div>\n\n<div class=\"container-md paragraph  \">\n<p>Analyser og optimaliser ytelsen til b\u00e5de arbeidsprosesser og personell. Lagre oppgaverelatert informasjon ved hjelp av audit-trail, og benytt dataen til \u00e5 generere rapporter. Proficy Workflow inkluderer et utvalg rapportmaler, samt mulighet til \u00e5 lage dine egne.<\/p>\n<\/div><\/div><figure class=\"wp-block-media-text__media\"><img loading=\"lazy\" decoding=\"async\" width=\"600\" height=\"429\" src=\"https:\/\/www.novotek.com\/no\/wp-content\/uploads\/sites\/5\/Digitalisering\/MES\/Proficy_Workflow\/GEdigital_Proficy_Workflow_reports.png\" alt=\"Mockup: Proficy Workflow rapporter. \" class=\"wp-image-2072 size-full\" srcset=\"https:\/\/www.novotek.com\/no\/wp-content\/uploads\/sites\/5\/Digitalisering\/MES\/Proficy_Workflow\/GEdigital_Proficy_Workflow_reports.png 600w, https:\/\/www.novotek.com\/no\/wp-content\/uploads\/sites\/5\/Digitalisering\/MES\/Proficy_Workflow\/GEdigital_Proficy_Workflow_reports-300x215.png 300w\" sizes=\"auto, (max-width: 600px) 100vw, 600px\" \/><\/figure><\/div>\n<\/div>\n\n<div class=\"container-md heading  \">\n<h4 class=\"wp-block-heading\">Operat\u00f8rgrensesnitt<\/h4>\n<\/div>\n\n<div class=\"container-md paragraph  \">\n<p>Proficy Workflow kommer med grafisk brukergrensesnitt. Hver operasjon beskrives av \u00e9n eller flere workflows som kan kobles sammen, kj\u00f8res parallelt eller byttes p\u00e5. For \u00e5 enkelt kunne bygge workflows f\u00e5r man en modell av fabrikken som viser hvordan maskiner og utstyr henger sammen og p\u00e5virker hverandre. Brukere kan enkelt interagere med hverandre, samt med PLS-er og signaler fra andre systemer. Dette gj\u00f8r det mulig \u00e5 samle b\u00e5de manuell og automatisk data. Brukerne har tilgang fra PC, mobil og nettbrett.<\/p>\n<\/div>\n\n<div class=\"container-md spacer  \">\n<div style=\"height:25px\" aria-hidden=\"true\" class=\"wp-block-spacer\"><\/div>\n<\/div>\n\n<div class=\"container-md heading  \">\n<h4 class=\"wp-block-heading\">Funksjoner<\/h4>\n<\/div>\n\n<div class=\"container-md list  \">\n<ul style=\"background-color:#f8f8f8\" class=\"wp-block-list has-background\"><div class=\"container-md list-item  \">\n<li>Interaktive, steg-for-steg, arbeidsinstruksjoner.<\/li>\n<\/div>\n\n<div class=\"container-md list-item  \">\n<li>Fungerer med ditt <a href=\"https:\/\/www.novotek.com\/no\/automasjon\/pls-og-styresystemer\/\"><strong>PLS<\/strong><\/a>-, <strong><a href=\"https:\/\/www.novotek.com\/no\/automasjon\/scada\/\">HMI\/SCADA<\/a><\/strong>&#8211; og <a href=\"https:\/\/www.novotek.com\/no\/digitalisering\/mes\/\"><strong>MES-system<\/strong><\/a>.<\/li>\n<\/div>\n\n<div class=\"container-md list-item  \">\n<li>Gj\u00f8r det mulig for personell \u00e5 respondere raskere, med f\u00e6rre feil.&nbsp;<\/li>\n<\/div>\n\n<div class=\"container-md list-item  \">\n<li>Like arbeidsinstruksjoner reduserer oppl\u00e6ringskostnader.&nbsp;<\/li>\n<\/div>\n\n<div class=\"container-md list-item  \">\n<li>Deleger oppgaver og hendelser til riktig personell.<\/li>\n<\/div>\n\n<div class=\"container-md list-item  \">\n<li>Fleksible workflows: Koble sammen, kj\u00f8r parallelt eller bytt p\u00e5.&nbsp;<\/li>\n<\/div>\n\n<div class=\"container-md list-item  \">\n<li>Grafisk brukergrensesnitt med modell over fabrikk, maskiner og utstyr.&nbsp;<\/li>\n<\/div>\n\n<div class=\"container-md list-item  \">\n<li>Digitaliserer b\u00e5de manuelle, halvmanuelle og automatiske prosesser.<\/li>\n<\/div>\n\n<div class=\"container-md list-item  \">\n<li>Digitale logger: Bedre sporbarhet og ingen tapt informasjon.<\/li>\n<\/div>\n\n<div class=\"container-md list-item  \">\n<li>Standardiserte og egendefinerte rapportmaler.<\/li>\n<\/div>\n\n<div class=\"container-md list-item  \">\n<li>Tilgang via PC, mobil og nettbrett.&nbsp;<\/li>\n<\/div><\/ul>\n<\/div>\n\n<div class=\"container-md spacer  \">\n<div style=\"height:10px\" aria-hidden=\"true\" class=\"wp-block-spacer\"><\/div>\n<\/div>\n\n<div class=\"container-md heading  \">\n<h2 class=\"wp-block-heading\">Mer konsistent produksjon<\/h2>\n<\/div>\n\n<div class=\"container-md paragraph  \">\n<p>Med Proficy Workflow kan du samle og bevare kunnskapen dine eksperter innehar, og benytte denne som standard p\u00e5 tvers av bedriften. Konsistent, optimalisert produksjon gir h\u00f8yere kvalitet, f\u00e6rre feil og bedre sikkerhet.&nbsp;<\/p>\n<\/div>\n\n<div class=\"container-md paragraph  \">\n<p>L\u00f8sningen leveres av GE Vernova, verdensledende akt\u00f8r innen systemer tilpasset industriell automasjon og digitalisering. <strong><a href=\"https:\/\/www.gevernova.com\/software\/products\/hmi-scada\/proficy-workflow\">Les mer om Proficy Workflow p\u00e5 GE Vernova sine nettsider<\/a>.<\/strong><\/p>\n<\/div>\n\n<div class=\"container-md paragraph  \">\n<p>V\u00e5re konsulenter hjelper deg med \u00e5 finne rett m\u00e5te \u00e5 implementere l\u00f8sningen i din bedrift.&nbsp;<\/p>\n<\/div>\n\n<div class=\"container-md spacer  \">\n<div style=\"height:50px\" aria-hidden=\"true\" class=\"wp-block-spacer\"><\/div>\n<\/div>\n\n  <div class=\"slider-column-parent\">\n    <div class=\"container\">\n      <div class=\"slider-column-title\">Benytt Proficy Workflow med<\/div>\n\n      <div class=\"row\">\n        <div class=\"col-12 col-md-4\"><div class=\"column-box\">\n  \n      <div class=\"title\">\n      PLS og styresystemer    <\/div>\n  \n      <div class=\"text\">\n      <p>Velg mellom et bredt utvalg PLS og styresystemer.<\/p>\n    <\/div>\n  \n      <a class=\"link\"  href=\"https:\/\/www.novotek.com\/no\/automasjon\/pls-og-styresystemer\/\" target=\"\">\n      Les mer    <\/a>\n  \n  <\/div>\n\n<\/div><div class=\"col-12 col-md-4\"><div class=\"column-box\">\n  \n      <div class=\"title\">\n      HMI\/SCADA    <\/div>\n  \n      <div class=\"text\">\n      <p>F\u00e5 oversikt og kontroll over din produksjonsbedrift.<\/p>\n    <\/div>\n  \n      <a class=\"link\"  href=\"https:\/\/www.novotek.com\/no\/automasjon\/scada\/\" target=\"\">\n      Les mer    <\/a>\n  \n  <\/div>\n\n<\/div><div class=\"col-12 col-md-4\"><div class=\"column-box\">\n  \n      <div class=\"title\">\n      MES &#8211; Smart Factory    <\/div>\n  \n      <div class=\"text\">\n      <p>En samling av l\u00f8sninger for helhetlig ytelsesstyring av hele virksomheten.<\/p>\n    <\/div>\n  \n      <a class=\"link\"  href=\"https:\/\/www.novotek.com\/no\/digitalisering\/mes\/\" target=\"\">\n      Les mer    <\/a>\n  \n  <\/div>\n\n<\/div>      <\/div>\n    <\/div>\n  <\/div>\n","protected":false},"excerpt":{"rendered":"<p>Proficy Workflow fra GE Vernova gir operat\u00f8rer interaktive, steg-for-steg-instruksjoner, for \u00e5 guide rette handlinger til riktig tid. Du f\u00e5r et verkt\u00f8y som kan digitalisere manuelle, halvmanuelle og automatiske prosesser p\u00e5 tvers av hele virksomheten, fra anleggsoperat\u00f8rer til ledere. Proficy Workflow fungerer overens med PLS-, HMI\/SCADA- og MES-systemer. Med tydelig veiledning kan personalet respondere raskere p\u00e5 [&hellip;]<\/p>\n","protected":false},"author":7,"featured_media":0,"parent":89,"menu_order":0,"comment_status":"closed","ping_status":"closed","template":"","meta":{"_acf_changed":false,"_relevanssi_hide_post":"","_relevanssi_pin_for_all":"","_relevanssi_pin_keywords":"","_relevanssi_unpin_keywords":"","_relevanssi_related_keywords":"","_relevanssi_related_include_ids":"","_relevanssi_related_exclude_ids":"","_relevanssi_related_no_append":"","_relevanssi_related_not_related":"","_relevanssi_related_posts":"1","_relevanssi_noindex_reason":"","footnotes":""},"class_list":["post-155","page","type-page","status-publish","hentry"],"acf":[],"yoast_head":"<!-- This site is optimized with the Yoast SEO plugin v27.4 - https:\/\/yoast.com\/product\/yoast-seo-wordpress\/ -->\n<title>Proficy Workflow - Novotek Norge<\/title>\n<meta name=\"description\" content=\"Proficy Workflow fra GE Vernova gir operat\u00f8rer interaktive, steg-for-steg-instruksjoner, for \u00e5 guide rette handlinger til riktig tid.\" \/>\n<meta name=\"robots\" content=\"index, follow, max-snippet:-1, max-image-preview:large, max-video-preview:-1\" \/>\n<link rel=\"canonical\" href=\"https:\/\/www.novotek.com\/no\/digitalisering\/mes\/proficy-workflow\/\" \/>\n<meta property=\"og:locale\" content=\"nb_NO\" \/>\n<meta property=\"og:type\" content=\"article\" \/>\n<meta property=\"og:title\" content=\"Proficy Workflow - Novotek Norge\" \/>\n<meta property=\"og:description\" content=\"Proficy Workflow fra GE Vernova gir operat\u00f8rer interaktive, steg-for-steg-instruksjoner, for \u00e5 guide rette handlinger til riktig tid.\" \/>\n<meta property=\"og:url\" content=\"https:\/\/www.novotek.com\/no\/digitalisering\/mes\/proficy-workflow\/\" \/>\n<meta property=\"og:site_name\" content=\"Novotek Norge\" \/>\n<meta property=\"article:modified_time\" content=\"2026-04-22T10:38:58+00:00\" \/>\n<meta property=\"og:image\" content=\"https:\/\/www.novotek.com\/no\/wp-content\/uploads\/sites\/5\/Digitalisering\/MES\/Proficy_Workflow\/Proficy_Workflow_instructions.png\" \/>\n<meta name=\"twitter:card\" content=\"summary_large_image\" \/>\n<meta name=\"twitter:label1\" content=\"Ansl. lesetid\" \/>\n\t<meta name=\"twitter:data1\" content=\"4 minutter\" \/>\n<script type=\"application\/ld+json\" class=\"yoast-schema-graph\">{\"@context\":\"https:\\\/\\\/schema.org\",\"@graph\":[{\"@type\":\"WebPage\",\"@id\":\"https:\\\/\\\/www.novotek.com\\\/no\\\/digitalisering\\\/mes\\\/proficy-workflow\\\/\",\"url\":\"https:\\\/\\\/www.novotek.com\\\/no\\\/digitalisering\\\/mes\\\/proficy-workflow\\\/\",\"name\":\"Proficy Workflow - Novotek Norge\",\"isPartOf\":{\"@id\":\"https:\\\/\\\/www.novotek.com\\\/no\\\/#website\"},\"primaryImageOfPage\":{\"@id\":\"https:\\\/\\\/www.novotek.com\\\/no\\\/digitalisering\\\/mes\\\/proficy-workflow\\\/#primaryimage\"},\"image\":{\"@id\":\"https:\\\/\\\/www.novotek.com\\\/no\\\/digitalisering\\\/mes\\\/proficy-workflow\\\/#primaryimage\"},\"thumbnailUrl\":\"https:\\\/\\\/www.novotek.com\\\/no\\\/wp-content\\\/uploads\\\/sites\\\/5\\\/Digitalisering\\\/MES\\\/Proficy_Workflow\\\/Proficy_Workflow_instructions.png\",\"datePublished\":\"2021-05-11T09:01:14+00:00\",\"dateModified\":\"2026-04-22T10:38:58+00:00\",\"description\":\"Proficy Workflow fra GE Vernova gir operat\u00f8rer interaktive, steg-for-steg-instruksjoner, for \u00e5 guide rette handlinger til riktig tid.\",\"breadcrumb\":{\"@id\":\"https:\\\/\\\/www.novotek.com\\\/no\\\/digitalisering\\\/mes\\\/proficy-workflow\\\/#breadcrumb\"},\"inLanguage\":\"nb-NO\",\"potentialAction\":[{\"@type\":\"ReadAction\",\"target\":[\"https:\\\/\\\/www.novotek.com\\\/no\\\/digitalisering\\\/mes\\\/proficy-workflow\\\/\"]}]},{\"@type\":\"ImageObject\",\"inLanguage\":\"nb-NO\",\"@id\":\"https:\\\/\\\/www.novotek.com\\\/no\\\/digitalisering\\\/mes\\\/proficy-workflow\\\/#primaryimage\",\"url\":\"https:\\\/\\\/www.novotek.com\\\/no\\\/wp-content\\\/uploads\\\/sites\\\/5\\\/Digitalisering\\\/MES\\\/Proficy_Workflow\\\/Proficy_Workflow_instructions.png\",\"contentUrl\":\"https:\\\/\\\/www.novotek.com\\\/no\\\/wp-content\\\/uploads\\\/sites\\\/5\\\/Digitalisering\\\/MES\\\/Proficy_Workflow\\\/Proficy_Workflow_instructions.png\",\"width\":600,\"height\":429,\"caption\":\"Proficy Workflow mockup work instructions\"},{\"@type\":\"BreadcrumbList\",\"@id\":\"https:\\\/\\\/www.novotek.com\\\/no\\\/digitalisering\\\/mes\\\/proficy-workflow\\\/#breadcrumb\",\"itemListElement\":[{\"@type\":\"ListItem\",\"position\":1,\"name\":\"Home\",\"item\":\"https:\\\/\\\/www.novotek.com\\\/no\\\/\"},{\"@type\":\"ListItem\",\"position\":2,\"name\":\"Digitalisering\",\"item\":\"https:\\\/\\\/www.novotek.com\\\/no\\\/digitalisering\\\/\"},{\"@type\":\"ListItem\",\"position\":3,\"name\":\"MES\",\"item\":\"https:\\\/\\\/www.novotek.com\\\/no\\\/digitalisering\\\/mes\\\/\"},{\"@type\":\"ListItem\",\"position\":4,\"name\":\"Proficy Workflow\"}]},{\"@type\":\"WebSite\",\"@id\":\"https:\\\/\\\/www.novotek.com\\\/no\\\/#website\",\"url\":\"https:\\\/\\\/www.novotek.com\\\/no\\\/\",\"name\":\"Novotek Norge\",\"description\":\"Automasjon, digitalisering og Analytics\",\"publisher\":{\"@id\":\"https:\\\/\\\/www.novotek.com\\\/no\\\/#organization\"},\"potentialAction\":[{\"@type\":\"SearchAction\",\"target\":{\"@type\":\"EntryPoint\",\"urlTemplate\":\"https:\\\/\\\/www.novotek.com\\\/no\\\/?s={search_term_string}\"},\"query-input\":{\"@type\":\"PropertyValueSpecification\",\"valueRequired\":true,\"valueName\":\"search_term_string\"}}],\"inLanguage\":\"nb-NO\"},{\"@type\":\"Organization\",\"@id\":\"https:\\\/\\\/www.novotek.com\\\/no\\\/#organization\",\"name\":\"Novotek AS\",\"url\":\"https:\\\/\\\/www.novotek.com\\\/no\\\/\",\"logo\":{\"@type\":\"ImageObject\",\"inLanguage\":\"nb-NO\",\"@id\":\"https:\\\/\\\/www.novotek.com\\\/no\\\/#\\\/schema\\\/logo\\\/image\\\/\",\"url\":\"https:\\\/\\\/www.novotek.com\\\/no\\\/wp-content\\\/uploads\\\/sites\\\/5\\\/Forside\\\/Novotek_logo.png\",\"contentUrl\":\"https:\\\/\\\/www.novotek.com\\\/no\\\/wp-content\\\/uploads\\\/sites\\\/5\\\/Forside\\\/Novotek_logo.png\",\"width\":1200,\"height\":348,\"caption\":\"Novotek AS\"},\"image\":{\"@id\":\"https:\\\/\\\/www.novotek.com\\\/no\\\/#\\\/schema\\\/logo\\\/image\\\/\"},\"sameAs\":[\"https:\\\/\\\/www.linkedin.com\\\/company\\\/novotek-as\"]}]}<\/script>\n<!-- \/ Yoast SEO plugin. -->","yoast_head_json":{"title":"Proficy Workflow - Novotek Norge","description":"Proficy Workflow fra GE Vernova gir operat\u00f8rer interaktive, steg-for-steg-instruksjoner, for \u00e5 guide rette handlinger til riktig tid.","robots":{"index":"index","follow":"follow","max-snippet":"max-snippet:-1","max-image-preview":"max-image-preview:large","max-video-preview":"max-video-preview:-1"},"canonical":"https:\/\/www.novotek.com\/no\/digitalisering\/mes\/proficy-workflow\/","og_locale":"nb_NO","og_type":"article","og_title":"Proficy Workflow - Novotek Norge","og_description":"Proficy Workflow fra GE Vernova gir operat\u00f8rer interaktive, steg-for-steg-instruksjoner, for \u00e5 guide rette handlinger til riktig tid.","og_url":"https:\/\/www.novotek.com\/no\/digitalisering\/mes\/proficy-workflow\/","og_site_name":"Novotek Norge","article_modified_time":"2026-04-22T10:38:58+00:00","og_image":[{"url":"https:\/\/www.novotek.com\/no\/wp-content\/uploads\/sites\/5\/Digitalisering\/MES\/Proficy_Workflow\/Proficy_Workflow_instructions.png","type":"","width":"","height":""}],"twitter_card":"summary_large_image","twitter_misc":{"Ansl. lesetid":"4 minutter"},"schema":{"@context":"https:\/\/schema.org","@graph":[{"@type":"WebPage","@id":"https:\/\/www.novotek.com\/no\/digitalisering\/mes\/proficy-workflow\/","url":"https:\/\/www.novotek.com\/no\/digitalisering\/mes\/proficy-workflow\/","name":"Proficy Workflow - Novotek Norge","isPartOf":{"@id":"https:\/\/www.novotek.com\/no\/#website"},"primaryImageOfPage":{"@id":"https:\/\/www.novotek.com\/no\/digitalisering\/mes\/proficy-workflow\/#primaryimage"},"image":{"@id":"https:\/\/www.novotek.com\/no\/digitalisering\/mes\/proficy-workflow\/#primaryimage"},"thumbnailUrl":"https:\/\/www.novotek.com\/no\/wp-content\/uploads\/sites\/5\/Digitalisering\/MES\/Proficy_Workflow\/Proficy_Workflow_instructions.png","datePublished":"2021-05-11T09:01:14+00:00","dateModified":"2026-04-22T10:38:58+00:00","description":"Proficy Workflow fra GE Vernova gir operat\u00f8rer interaktive, steg-for-steg-instruksjoner, for \u00e5 guide rette handlinger til riktig tid.","breadcrumb":{"@id":"https:\/\/www.novotek.com\/no\/digitalisering\/mes\/proficy-workflow\/#breadcrumb"},"inLanguage":"nb-NO","potentialAction":[{"@type":"ReadAction","target":["https:\/\/www.novotek.com\/no\/digitalisering\/mes\/proficy-workflow\/"]}]},{"@type":"ImageObject","inLanguage":"nb-NO","@id":"https:\/\/www.novotek.com\/no\/digitalisering\/mes\/proficy-workflow\/#primaryimage","url":"https:\/\/www.novotek.com\/no\/wp-content\/uploads\/sites\/5\/Digitalisering\/MES\/Proficy_Workflow\/Proficy_Workflow_instructions.png","contentUrl":"https:\/\/www.novotek.com\/no\/wp-content\/uploads\/sites\/5\/Digitalisering\/MES\/Proficy_Workflow\/Proficy_Workflow_instructions.png","width":600,"height":429,"caption":"Proficy Workflow mockup work instructions"},{"@type":"BreadcrumbList","@id":"https:\/\/www.novotek.com\/no\/digitalisering\/mes\/proficy-workflow\/#breadcrumb","itemListElement":[{"@type":"ListItem","position":1,"name":"Home","item":"https:\/\/www.novotek.com\/no\/"},{"@type":"ListItem","position":2,"name":"Digitalisering","item":"https:\/\/www.novotek.com\/no\/digitalisering\/"},{"@type":"ListItem","position":3,"name":"MES","item":"https:\/\/www.novotek.com\/no\/digitalisering\/mes\/"},{"@type":"ListItem","position":4,"name":"Proficy Workflow"}]},{"@type":"WebSite","@id":"https:\/\/www.novotek.com\/no\/#website","url":"https:\/\/www.novotek.com\/no\/","name":"Novotek Norge","description":"Automasjon, digitalisering og Analytics","publisher":{"@id":"https:\/\/www.novotek.com\/no\/#organization"},"potentialAction":[{"@type":"SearchAction","target":{"@type":"EntryPoint","urlTemplate":"https:\/\/www.novotek.com\/no\/?s={search_term_string}"},"query-input":{"@type":"PropertyValueSpecification","valueRequired":true,"valueName":"search_term_string"}}],"inLanguage":"nb-NO"},{"@type":"Organization","@id":"https:\/\/www.novotek.com\/no\/#organization","name":"Novotek AS","url":"https:\/\/www.novotek.com\/no\/","logo":{"@type":"ImageObject","inLanguage":"nb-NO","@id":"https:\/\/www.novotek.com\/no\/#\/schema\/logo\/image\/","url":"https:\/\/www.novotek.com\/no\/wp-content\/uploads\/sites\/5\/Forside\/Novotek_logo.png","contentUrl":"https:\/\/www.novotek.com\/no\/wp-content\/uploads\/sites\/5\/Forside\/Novotek_logo.png","width":1200,"height":348,"caption":"Novotek AS"},"image":{"@id":"https:\/\/www.novotek.com\/no\/#\/schema\/logo\/image\/"},"sameAs":["https:\/\/www.linkedin.com\/company\/novotek-as"]}]}},"_links":{"self":[{"href":"https:\/\/www.novotek.com\/no\/wp-json\/wp\/v2\/pages\/155","targetHints":{"allow":["GET"]}}],"collection":[{"href":"https:\/\/www.novotek.com\/no\/wp-json\/wp\/v2\/pages"}],"about":[{"href":"https:\/\/www.novotek.com\/no\/wp-json\/wp\/v2\/types\/page"}],"author":[{"embeddable":true,"href":"https:\/\/www.novotek.com\/no\/wp-json\/wp\/v2\/users\/7"}],"replies":[{"embeddable":true,"href":"https:\/\/www.novotek.com\/no\/wp-json\/wp\/v2\/comments?post=155"}],"version-history":[{"count":28,"href":"https:\/\/www.novotek.com\/no\/wp-json\/wp\/v2\/pages\/155\/revisions"}],"predecessor-version":[{"id":19421,"href":"https:\/\/www.novotek.com\/no\/wp-json\/wp\/v2\/pages\/155\/revisions\/19421"}],"up":[{"embeddable":true,"href":"https:\/\/www.novotek.com\/no\/wp-json\/wp\/v2\/pages\/89"}],"wp:attachment":[{"href":"https:\/\/www.novotek.com\/no\/wp-json\/wp\/v2\/media?parent=155"}],"curies":[{"name":"wp","href":"https:\/\/api.w.org\/{rel}","templated":true}]}}